{"id":148255,"date":"2023-04-05T09:42:38","date_gmt":"2023-04-05T09:42:38","guid":{"rendered":"https:\/\/bas-ip.com\/integration-u-prox\/"},"modified":"2025-11-13T14:31:23","modified_gmt":"2025-11-13T14:31:23","slug":"integration-u-prox","status":"publish","type":"page","link":"https:\/\/bas-ip.com\/pl\/integration-u-prox\/","title":{"rendered":"U-Prox"},"content":{"rendered":"<div class=\"wp-block-image\">\n<figure class=\"aligncenter size-large is-resized\"><img loading=\"lazy\" decoding=\"async\" width=\"1024\" height=\"225\" src=\"https:\/\/bas-ip.com\/wp-content\/uploads\/2023\/04\/UPROX-2-1024x225.png\" alt=\"\" class=\"wp-image-67550\" style=\"width:768px;height:169px\" srcset=\"https:\/\/bas-ip.com\/wp-content\/uploads\/2023\/04\/UPROX-2-1024x225.png 1024w,  https:\/\/bas-ip.com\/wp-content\/uploads\/2023\/04\/UPROX-2-300x66.png 300w,  https:\/\/bas-ip.com\/wp-content\/uploads\/2023\/04\/UPROX-2-768x169.png 768w,  https:\/\/bas-ip.com\/wp-content\/uploads\/2023\/04\/UPROX-2-767x169.png 767w,  https:\/\/bas-ip.com\/wp-content\/uploads\/2023\/04\/UPROX-2.png 1200w\" sizes=\"auto, (max-width: 1024px) 100vw, 1024px\" \/><\/figure>\n<\/div>\n\n<!-- START Block Integrations Text & Image --><section id=\"block_642d403e495e8\" class=\"integrations-text-image-section\">\r\n\t\t<div class=\"image-holder\" data-aos=\"fade-left\">\r\n\t\t<img loading=\"lazy\" decoding=\"async\" width=\"900\" height=\"195\" src=\"https:\/\/bas-ip.com\/wp-content\/uploads\/2023\/04\/upro_image-1024x222.jpg\" class=\"attachment-large size-large\" alt=\"\" srcset=\"https:\/\/bas-ip.com\/wp-content\/uploads\/2023\/04\/upro_image-1024x222.jpg 1024w,  https:\/\/bas-ip.com\/wp-content\/uploads\/2023\/04\/upro_image-300x65.jpg 300w,  https:\/\/bas-ip.com\/wp-content\/uploads\/2023\/04\/upro_image-768x166.jpg 768w,  https:\/\/bas-ip.com\/wp-content\/uploads\/2023\/04\/upro_image-767x166.jpg 767w,  https:\/\/bas-ip.com\/wp-content\/uploads\/2023\/04\/upro_image.jpg 1029w\" sizes=\"auto, (max-width: 900px) 100vw, 900px\" \/>\t<\/div>\r\n\t\r\n\t<div class=\"text-holder\" data-aos=\"fade-right\">\r\n\t\t\t\t\t\t<div class=\"text-block\">\r\n\t\t\t<div class=\"wrapper container margin_t_b_80_p\">\n<div class=\"auntk_text_p\">\n<h1>Integracja Bezpiecze\u0144stwa U-Prox<\/h1>\n<p>&nbsp;<\/p>\n<p>Zastosowanie system\u00f3w interkomowych BAS-IP w kompleksie z urz\u0105dzeniami U-Prox jest interesuj\u0105ce nie tylko dla deweloper\u00f3w i firm instalacyjnych, ale tak\u017ce dla samych przedsi\u0119biorstw, biur czy centr\u00f3w handlowych.<\/p>\n<p>W obiekcie nale\u017cy zainstalowa\u0107 jedynie <b>serwer U-Prox<\/b> oraz <b>panele interkomowe BAS-IP<\/b>. Wystarczy poda\u0107 adres serwera Proxy w interkomie BAS-IP, a urz\u0105dzenia systemu interkomowego zostan\u0105 automatycznie dodane do serwera w jednym, zunifikowanym interfejsie.<\/p>\n<p>Pomo\u017ce to rozszerzy\u0107 zakres mo\u017cliwo\u015bci w realizowanych zadaniach, a tak\u017ce obni\u017cy\u0107 koszty dodatkowego sprz\u0119tu lub stanowisk pracy.<\/p>\n<p>Dzi\u0119ki po\u0142\u0105czeniu obu system\u00f3w w jeden, dost\u0119pny sta\u0142 si\u0119 nowy poziom bezpiecze\u0144stwa i u\u017cyteczno\u015bci (<i>usability<\/i>):<\/p>\n<ul>\n<li>Mo\u017cliwo\u015b\u0107 sterowania zamkami<\/li>\n<li>Odczytywanie, dodawanie i usuwanie identyfikator\u00f3w<\/li>\n<li>Statystyki przej\u015b\u0107<\/li>\n<li>Pe\u0142ne wsparcie dla paneli BAS-IP w oprogramowaniu U-Prox<\/li>\n<li>Wykorzystanie smartfona jako identyfikatora<\/li>\n<li>Zunifikowany interfejs kontroli dost\u0119pu<\/li>\n<li>Zunifikowany dziennik zdarze\u0144 z mo\u017cliwo\u015bci\u0105 dostosowania filtr\u00f3w<\/li>\n<li>Scentralizowana dystrybucja poziom\u00f3w dost\u0119pu na urz\u0105dzeniach BAS-IP i U-Prox<\/li>\n<\/ul>\n<p>Aby uzyska\u0107 bardziej szczeg\u00f3\u0142owe informacje, prosimy odwiedzi\u0107 nasze <a href=\"https:\/\/basip.atlassian.net\/wiki\/spaces\/Integrations\/pages\/5046964\/Integration+with+U-Prox+software\" target=\"_blank\" rel=\"noopener\">WIKI<\/a>.<\/p>\n<\/div>\n<\/div>\t\t<\/div>\r\n\t\t\r\n\t\t\r\n\t\t\t<\/div>\r\n<\/section>\r\n<!-- END Block Integrations Text & Image -->\n\n<!-- START Block Sign Up --><section id=\"block_642d4169495e9\" class=\"sign-up-section\">\r\n\r\n    <div class=\"form-holder js-form\" data-aos=\"fade-right\">\r\n                    <div class=\"title-block h3\">Zarejestruj si\u0119, aby nawi\u0105za\u0107 po\u0142\u0105czenie<\/div>\r\n        \r\n                    <div class=\"text-block\">\r\n                Wype\u0142niamy wszystkie potrzebne informacje, aby odpowiedzie\u0107 Ci tak szybko, jak to mo\u017cliwe            <\/div>\r\n        \r\n                    \n<div class=\"wpcf7 no-js\" id=\"wpcf7-f102-o1\" lang=\"en-US\" dir=\"ltr\">\n<div class=\"screen-reader-response\"><p role=\"status\" aria-live=\"polite\" aria-atomic=\"true\"><\/p> <ul><\/ul><\/div>\n<form action=\"\/pl\/wp-json\/wp\/v2\/pages\/148255#wpcf7-f102-o1\" method=\"post\" class=\"wpcf7-form init\" aria-label=\"Contact form\" enctype=\"multipart\/form-data\" novalidate=\"novalidate\" data-status=\"init\">\n<div style=\"display: none;\">\n<input type=\"hidden\" name=\"_wpcf7\" value=\"102\" \/>\n<input type=\"hidden\" name=\"_wpcf7_version\" value=\"5.8.3\" \/>\n<input type=\"hidden\" name=\"_wpcf7_locale\" value=\"en_US\" \/>\n<input type=\"hidden\" name=\"_wpcf7_unit_tag\" value=\"wpcf7-f102-o1\" \/>\n<input type=\"hidden\" name=\"_wpcf7_container_post\" value=\"0\" \/>\n<input type=\"hidden\" name=\"_wpcf7_posted_data_hash\" value=\"\" \/>\n<input type=\"hidden\" name=\"_wpcf7_recaptcha_response\" value=\"\" \/>\n<\/div>\n<div class=\"row\"> \n <label><span class=\"label-text\">Name<\/span> \n  <span class=\"wpcf7-form-control-wrap\" data-name=\"text-full-name\"><input size=\"40\" class=\"wpcf7-form-control wpcf7-text wpcf7-validates-as-required\" aria-required=\"true\" aria-invalid=\"false\" placeholder=\"Name\" value=\"\" type=\"text\" name=\"text-full-name\" \/><\/span><\/label> \n<\/div> \n<div class=\"row\"> \n <label><span class=\"label-text\">Phone*<\/span> \n<span class=\"wpcf7-form-control-wrap\" data-name=\"phonetext-270\"><input size=\"40\" class=\"wpcf7-form-control wpcf7-phonetext wpcf7-validates-as-required wpcf7-text wpcf7-validates-as-phonetext\" aria-required=\"true\" aria-invalid=\"false\" placeholder=\"Phone*\" value=\"\" type=\"text\" name=\"phonetext-270\" \/><input type=\"hidden\" name=\"phonetext-270-country-code\" class=\"wpcf7-phonetext-country-code\" \/><\/span><\/label> \n<\/div> \n<div class=\"row\"> \n <label><span class=\"label-text\">E-mail<\/span> \n  <span class=\"wpcf7-form-control-wrap\" data-name=\"email-e-mail\"><input size=\"40\" class=\"wpcf7-form-control wpcf7-email wpcf7-validates-as-required wpcf7-text wpcf7-validates-as-email\" aria-required=\"true\" aria-invalid=\"false\" placeholder=\"E-mail\" value=\"\" type=\"email\" name=\"email-e-mail\" \/><\/span><\/label> \n<\/div> \n<div class=\"row\"><span>Your country<\/span> \n <label><span class=\"wpcf7-form-control-wrap\" data-name=\"countrytext-126\"><input size=\"40\" class=\"wpcf7-form-control wpcf7-countrytext wpcf7-text wpcf7-validates-as-countrytext\" aria-invalid=\"false\" value=\"\" type=\"text\" name=\"countrytext-126\" \/><\/span> <\/label>\n<\/div> \n<div class=\"row\"> \n <button type=\"submit\" class=\"btn\">Send<\/button> \n<\/div> \n<div class=\"row\"> \n <span class=\"wpcf7-form-control-wrap\" data-name=\"checkbox-931\"><span class=\"wpcf7-form-control wpcf7-checkbox\"><span class=\"wpcf7-list-item first\"><label><input type=\"checkbox\" name=\"checkbox-931[]\" value=\"Integrator\" \/><span class=\"wpcf7-list-item-label\">Integrator<\/span><\/label><\/span><span class=\"wpcf7-list-item\"><label><input type=\"checkbox\" name=\"checkbox-931[]\" value=\"Builder\" \/><span class=\"wpcf7-list-item-label\">Builder<\/span><\/label><\/span><span class=\"wpcf7-list-item last\"><label><input type=\"checkbox\" name=\"checkbox-931[]\" value=\"End-User\" \/><span class=\"wpcf7-list-item-label\">End-User<\/span><\/label><\/span><\/span><\/span> \n<\/div> \n<div class=\"row row-upload-file\"> \n <label class=\"upload-file-block js-upload-file\">Attach file \n  <span class=\"wpcf7-form-control-wrap\" data-name=\"file-466\"><input size=\"40\" class=\"wpcf7-form-control wpcf7-file\" accept=\"audio\/*,video\/*,image\/*\" aria-invalid=\"false\" type=\"file\" name=\"file-466\" \/><\/span><\/label> \n<\/div><input type='hidden' class='wpcf7-pum' value='{\"closepopup\":false,\"closedelay\":0,\"openpopup\":false,\"openpopup_id\":0}' \/><div class=\"wpcf7-response-output\" aria-hidden=\"true\"><\/div>\n<\/form>\n<\/div>\n            <\/div>\r\n\r\n\t\t    <div class=\"text-holder\" data-aos=\"fade-left\">\r\n\t\t\t\t\t\t    <h3 class=\"title-block\">Jak mo\u017cemy pom\u00f3c?<\/h3>\r\n\t\t\t\r\n\t\t\t                <div class=\"text-block\">\r\n                    Wybierz poni\u017cej temat zwi\u0105zany z Twoim zapytaniem. Je\u015bli nie znajdziesz tego, czego szukasz, wype\u0142nij nasz formularz kontaktowy.                <\/div>\r\n\t\t\t\r\n\t\t\t\t\t\t    <ul class=\"link-list\">\r\n\t\t\t\t\t\t\t\t\t\t\t\t\t\t\t\t\t\t<li>\r\n\t\t\t\t\t\t\t\t\t\t\t\t\t\t\t\t    <strong>Zainspiruj si\u0119<\/strong>\r\n\t\t\t\t\t\t\t\t\t\t\t\t\t\t\t\t\t\t\t\t\t\t\t\t    <a href=\"\/features\/\">\r\n\t\t\t\t\t\t\t\t        Odkryj, co kryje si\u0119 pod naszym domofonem\t\t\t\t\t\t\t\t    <\/a>\r\n\t\t\t\t\t\t\t\t\t\t\t\t\t\t\t<\/li>\r\n\t\t\t\t\t\t\t\t\t\t\t\t\t\t\t\t\t\t\t\t\t\t\t\t<li>\r\n\t\t\t\t\t\t\t\t\t\t\t\t\t\t\t\t    <strong>Zosta\u0144 partnerem<\/strong>\r\n\t\t\t\t\t\t\t\t\t\t\t\t\t\t\t\t\t\t\t\t\t\t\t\t    <a href=\"\/distributors\/\">\r\n\t\t\t\t\t\t\t\t        Rozwi\u0144 sw\u00f3j biznes z domofonem BAS-IP\t\t\t\t\t\t\t\t    <\/a>\r\n\t\t\t\t\t\t\t\t\t\t\t\t\t\t\t<\/li>\r\n\t\t\t\t\t\t\t\t\t\t\t\t\t\t\t\t\t\t\t\t\t\t\t\t<li>\r\n\t\t\t\t\t\t\t\t\t\t\t\t\t\t\t\t    <strong>Sprawd\u017a przewodniki<\/strong>\r\n\t\t\t\t\t\t\t\t\t\t\t\t\t\t\t\t\t\t\t\t\t\t\t\t    <a href=\"\/support\/\">\r\n\t\t\t\t\t\t\t\t        Pobierz szczeg\u00f3\u0142owe instrukcje i schematy\t\t\t\t\t\t\t\t    <\/a>\r\n\t\t\t\t\t\t\t\t\t\t\t\t\t\t\t<\/li>\r\n\t\t\t\t\t\t\t\t\t\t\t\t\t\t\t<\/ul>\r\n\t\t\t\r\n\t\t\t\t\t\t    <h3 class=\"title-block\">Nasze kontakty<\/h3>\r\n\t\t\t\r\n\t\t\t\t\t\t\t<ul class=\"contact-list\">\r\n\t\t\t\t\t\t\t\t\t\t\t\t\t\t\t\t\t\t<li>\r\n\t\t\t\t\t\t\t\t\t\t\t\t\t\t\t\t\t<strong>Obroty:<\/strong>\r\n\t\t\t\t\t\t\t\t\t\t\t\t\t\t\t\t\t\t\t\t\t\t\t\t    <a href=\"mailto:sa&#108;&#101;s&#64;&#98;a&#115;-&#105;&#112;.&#99;&#111;&#109;\">sales&#64;b&#97;&#115;-i&#112;.&#99;&#111;&#109;<\/a>\r\n\t\t\t\t\t\t\t\t\t\t\t\t\t\t\t<\/li>\r\n\t\t\t\t\t\t\t\t\t\t\t\t\t\t\t\t\t\t\t\t\t\t\t\t<li>\r\n\t\t\t\t\t\t\t\t\t\t\t\t\t\t\t\t\t<strong>Wsparcie techniczne:<\/strong>\r\n\t\t\t\t\t\t\t\t\t\t\t\t\t\t\t\t\t\t\t\t\t\t\t\t    <a href=\"mailto:su&#112;&#112;&#111;r&#116;&#64;b&#97;&#115;-&#105;p.c&#111;m\">supp&#111;&#114;t&#64;bas&#45;i&#112;&#46;co&#109;<\/a>\r\n\t\t\t\t\t\t\t\t\t\t\t\t\t\t\t<\/li>\r\n\t\t\t\t\t\t\t\t\t\t\t\t\t\t\t<\/ul>\r\n\t\t\t\t\t<\/div>\r\n\t<\/section>\r\n\r\n\r\n\r\n<!-- END Block Sign Up -->","protected":false},"excerpt":{"rendered":"","protected":false},"author":1,"featured_media":0,"parent":0,"menu_order":0,"comment_status":"closed","ping_status":"closed","template":"page-custom-breadcrumbs.php","meta":{"inline_featured_image":false,"footnotes":""},"class_list":["post-148255","page","type-page","status-publish","hentry"],"acf":[],"_links":{"self":[{"href":"https:\/\/bas-ip.com\/pl\/wp-json\/wp\/v2\/pages\/148255","targetHints":{"allow":["GET"]}}],"collection":[{"href":"https:\/\/bas-ip.com\/pl\/wp-json\/wp\/v2\/pages"}],"about":[{"href":"https:\/\/bas-ip.com\/pl\/wp-json\/wp\/v2\/types\/page"}],"author":[{"embeddable":true,"href":"https:\/\/bas-ip.com\/pl\/wp-json\/wp\/v2\/users\/1"}],"replies":[{"embeddable":true,"href":"https:\/\/bas-ip.com\/pl\/wp-json\/wp\/v2\/comments?post=148255"}],"version-history":[{"count":3,"href":"https:\/\/bas-ip.com\/pl\/wp-json\/wp\/v2\/pages\/148255\/revisions"}],"predecessor-version":[{"id":148350,"href":"https:\/\/bas-ip.com\/pl\/wp-json\/wp\/v2\/pages\/148255\/revisions\/148350"}],"wp:attachment":[{"href":"https:\/\/bas-ip.com\/pl\/wp-json\/wp\/v2\/media?parent=148255"}],"curies":[{"name":"wp","href":"https:\/\/api.w.org\/{rel}","templated":true}]}}