{"id":148192,"date":"2025-02-06T12:39:32","date_gmt":"2025-02-06T12:39:32","guid":{"rendered":"https:\/\/bas-ip.com\/hikvision\/"},"modified":"2025-11-19T11:50:58","modified_gmt":"2025-11-19T11:50:58","slug":"hikvision","status":"publish","type":"page","link":"https:\/\/bas-ip.com\/pl\/hikvision\/","title":{"rendered":"Hikvision"},"content":{"rendered":"<h2 class=\"wp-block-heading\"><strong>BAS-IP i Hikvision: Integracja dla Inteligentnego Zarz\u0105dzania Dost\u0119pem<\/strong><\/h2>\n\n\n<div class=\"wp-block-image\">\n<figure class=\"aligncenter size-full\"><img loading=\"lazy\" decoding=\"async\" width=\"900\" height=\"254\" src=\"https:\/\/bas-ip.com\/wp-content\/uploads\/2025\/02\/Hikvision-logo_n.png\" alt=\"\" class=\"wp-image-130158\" srcset=\"https:\/\/bas-ip.com\/wp-content\/uploads\/2025\/02\/Hikvision-logo_n.png 900w,  https:\/\/bas-ip.com\/wp-content\/uploads\/2025\/02\/Hikvision-logo_n-300x85.png 300w,  https:\/\/bas-ip.com\/wp-content\/uploads\/2025\/02\/Hikvision-logo_n-768x217.png 768w,  https:\/\/bas-ip.com\/wp-content\/uploads\/2025\/02\/Hikvision-logo_n-767x216.png 767w\" sizes=\"auto, (max-width: 900px) 100vw, 900px\" \/><\/figure>\n<\/div>\n\n<p data-path-to-node=\"1\">Integracja <b>BAS-IP<\/b> i <b>Hikvision<\/b> oferuje nowoczesne rozwi\u0105zanie do automatycznego zarz\u0105dzania dost\u0119pem poprzez rozpoznawanie tablic rejestracyjnych. <b>Hikvision<\/b> umo\u017cliwia wykorzystanie tablic rejestracyjnych jako identyfikator\u00f3w do automatycznego otwierania szlaban\u00f3w\/bram, wykorzystuj\u0105c opcj\u0119 <b>ALPR<\/b> (Automatic License Plate Recognition \u2013 Automatyczne Rozpoznawanie Tablic Rejestracyjnych).<\/p>\n<p data-path-to-node=\"2\">Serwer <b>BAS-IP Link<\/b> jest kompatybilny nie tylko z kamerami <b>Axis<\/b>, ale tak\u017ce z kamerami innych producent\u00f3w, takich jak <b>Axxon One<\/b>. Rozszerza to mo\u017cliwo\u015bci integracji i wykorzystania <b>ALPR<\/b> do rozpoznawania i skanowania, dzi\u0119ki czemu jest to rozwi\u0105zanie odpowiednie dla nowoczesnych obiekt\u00f3w, w kt\u00f3rych automatyzacja i bezpiecze\u0144stwo s\u0105 najwa\u017cniejsze.<\/p>\n<p data-path-to-node=\"4\">\u00a0<\/p>\n<h3>Korzy\u015bci z Integracji BAS-IP i Hikvision:<\/h3>\n<p>\u00a0<\/p>\n<ul>\n<li data-path-to-node=\"5,0,0\"><b>Automatyczne Zarz\u0105dzanie Dost\u0119pem:<\/b> U\u017cycie tablic rejestracyjnych do automatycznego otwierania bram upraszcza proces wjazdu i podnosi poziom bezpiecze\u0144stwa.<\/li>\n<li data-path-to-node=\"5,0,0\"><b>Kompatybilno\u015b\u0107 z R\u00f3\u017cnymi Kamerami:<\/b> Wsparcie dla kamer <b>Axis<\/b>, <b>Axxon One<\/b> i innych producent\u00f3w zapewnia elastyczno\u015b\u0107 i wyb\u00f3r przy budowie systemu nadzoru.<\/li>\n<li data-path-to-node=\"5,0,0\"><b>\u0141atwo\u015b\u0107 Konfiguracji:<\/b> Integracja jest \u0142atwo konfigurowana za pomoc\u0105 serwera <b>BAS-IP Link<\/b>, co upraszcza proces wdro\u017cenia.<\/li>\n<li data-path-to-node=\"5,0,0\"><b>Wsparcie ALPR:<\/b> Zastosowanie zaawansowanych technologii <b>ALPR<\/b> umo\u017cliwia dok\u0142adne i szybkie rozpoznawanie tablic rejestracyjnych, zwi\u0119kszaj\u0105c efektywno\u015b\u0107 dost\u0119pu.<\/li>\n<\/ul>\n<p data-path-to-node=\"7\">\u00a0<\/p>\n<h3>Kluczowe Elementy Integracji:<\/h3>\n<p>\u00a0<\/p>\n<p data-path-to-node=\"8\">Wsp\u00f3\u0142praca mi\u0119dzy <b>BAS-IP<\/b> i <b>Hikvision<\/b> zapewnia:<\/p>\n<ul>\n<li data-path-to-node=\"9,0,0\">Mo\u017cliwo\u015b\u0107 integracji rozpoznawania tablic rejestracyjnych z technologiami <b>BAS-IP<\/b> do zarz\u0105dzania dost\u0119pem.<\/li>\n<li data-path-to-node=\"9,0,0\">Rozszerzone funkcje nadzoru dzi\u0119ki kompatybilno\u015bci z kamerami.<\/li>\n<li data-path-to-node=\"9,0,0\">Elastyczne konfiguracje do optymalizacji wydajno\u015bci systemu.<\/li>\n<\/ul>\n<p data-path-to-node=\"10\">To rozwi\u0105zanie jest przeznaczone dla nieruchomo\u015bci, kt\u00f3re chc\u0105 zoptymalizowa\u0107 zarz\u0105dzanie dost\u0119pem i zwi\u0119kszy\u0107 bezpiecze\u0144stwo za pomoc\u0105 nowoczesnych technologii. Po\u0142\u0105czone wysi\u0142ki <b>BAS-IP<\/b> i <b>Hikvision<\/b> tworz\u0105 niezawodne i skuteczne narz\u0119dzie zapewniaj\u0105ce bezpiecze\u0144stwo i wygod\u0119.<\/p>\n<p data-path-to-node=\"11\">Aby uzyska\u0107 bardziej szczeg\u00f3\u0142owe wskaz\u00f3wki dotycz\u0105ce instalacji i konfiguracji, zapoznaj si\u0119 z naszym <b><a href=\"https:\/\/basip.atlassian.net\/wiki\/spaces\/Integrations\/pages\/249856010\/Integration+with+Hikvision\" target=\"_blank\" rel=\"noopener\">Podr\u0119cznikiem Wiki<\/a><\/b>.<\/p>\n\n<!-- START Block Sign Up --><section id=\"block_629678229e935\" class=\"sign-up-section\">\r\n\r\n    <div class=\"form-holder js-form\" data-aos=\"fade-right\">\r\n                    <div class=\"title-block h3\">Sign up for connection<\/div>\r\n        \r\n                    <div class=\"text-block\">\r\n                Filling out all the information needed to answer you as quickly as possible            <\/div>\r\n        \r\n                    \n<div class=\"wpcf7 no-js\" id=\"wpcf7-f102-o1\" lang=\"en-US\" dir=\"ltr\">\n<div class=\"screen-reader-response\"><p role=\"status\" aria-live=\"polite\" aria-atomic=\"true\"><\/p> <ul><\/ul><\/div>\n<form action=\"\/pl\/wp-json\/wp\/v2\/pages\/148192#wpcf7-f102-o1\" method=\"post\" class=\"wpcf7-form init\" aria-label=\"Contact form\" enctype=\"multipart\/form-data\" novalidate=\"novalidate\" data-status=\"init\">\n<div style=\"display: none;\">\n<input type=\"hidden\" name=\"_wpcf7\" value=\"102\" \/>\n<input type=\"hidden\" name=\"_wpcf7_version\" value=\"5.8.3\" \/>\n<input type=\"hidden\" name=\"_wpcf7_locale\" value=\"en_US\" \/>\n<input type=\"hidden\" name=\"_wpcf7_unit_tag\" value=\"wpcf7-f102-o1\" \/>\n<input type=\"hidden\" name=\"_wpcf7_container_post\" value=\"0\" \/>\n<input type=\"hidden\" name=\"_wpcf7_posted_data_hash\" value=\"\" \/>\n<input type=\"hidden\" name=\"_wpcf7_recaptcha_response\" value=\"\" \/>\n<\/div>\n<div class=\"row\"> \n <label><span class=\"label-text\">Name<\/span> \n  <span class=\"wpcf7-form-control-wrap\" data-name=\"text-full-name\"><input size=\"40\" class=\"wpcf7-form-control wpcf7-text wpcf7-validates-as-required\" aria-required=\"true\" aria-invalid=\"false\" placeholder=\"Name\" value=\"\" type=\"text\" name=\"text-full-name\" \/><\/span><\/label> \n<\/div> \n<div class=\"row\"> \n <label><span class=\"label-text\">Phone*<\/span> \n<span class=\"wpcf7-form-control-wrap\" data-name=\"phonetext-270\"><input size=\"40\" class=\"wpcf7-form-control wpcf7-phonetext wpcf7-validates-as-required wpcf7-text wpcf7-validates-as-phonetext\" aria-required=\"true\" aria-invalid=\"false\" placeholder=\"Phone*\" value=\"\" type=\"text\" name=\"phonetext-270\" \/><input type=\"hidden\" name=\"phonetext-270-country-code\" class=\"wpcf7-phonetext-country-code\" \/><\/span><\/label> \n<\/div> \n<div class=\"row\"> \n <label><span class=\"label-text\">E-mail<\/span> \n  <span class=\"wpcf7-form-control-wrap\" data-name=\"email-e-mail\"><input size=\"40\" class=\"wpcf7-form-control wpcf7-email wpcf7-validates-as-required wpcf7-text wpcf7-validates-as-email\" aria-required=\"true\" aria-invalid=\"false\" placeholder=\"E-mail\" value=\"\" type=\"email\" name=\"email-e-mail\" \/><\/span><\/label> \n<\/div> \n<div class=\"row\"><span>Your country<\/span> \n <label><span class=\"wpcf7-form-control-wrap\" data-name=\"countrytext-126\"><input size=\"40\" class=\"wpcf7-form-control wpcf7-countrytext wpcf7-text wpcf7-validates-as-countrytext\" aria-invalid=\"false\" value=\"\" type=\"text\" name=\"countrytext-126\" \/><\/span> <\/label>\n<\/div> \n<div class=\"row\"> \n <button type=\"submit\" class=\"btn\">Send<\/button> \n<\/div> \n<div class=\"row\"> \n <span class=\"wpcf7-form-control-wrap\" data-name=\"checkbox-931\"><span class=\"wpcf7-form-control wpcf7-checkbox\"><span class=\"wpcf7-list-item first\"><label><input type=\"checkbox\" name=\"checkbox-931[]\" value=\"Integrator\" \/><span class=\"wpcf7-list-item-label\">Integrator<\/span><\/label><\/span><span class=\"wpcf7-list-item\"><label><input type=\"checkbox\" name=\"checkbox-931[]\" value=\"Builder\" \/><span class=\"wpcf7-list-item-label\">Builder<\/span><\/label><\/span><span class=\"wpcf7-list-item last\"><label><input type=\"checkbox\" name=\"checkbox-931[]\" value=\"End-User\" \/><span class=\"wpcf7-list-item-label\">End-User<\/span><\/label><\/span><\/span><\/span> \n<\/div> \n<div class=\"row row-upload-file\"> \n <label class=\"upload-file-block js-upload-file\">Attach file \n  <span class=\"wpcf7-form-control-wrap\" data-name=\"file-466\"><input size=\"40\" class=\"wpcf7-form-control wpcf7-file\" accept=\"audio\/*,video\/*,image\/*\" aria-invalid=\"false\" type=\"file\" name=\"file-466\" \/><\/span><\/label> \n<\/div><input type='hidden' class='wpcf7-pum' value='{\"closepopup\":false,\"closedelay\":0,\"openpopup\":false,\"openpopup_id\":0}' \/><div class=\"wpcf7-response-output\" aria-hidden=\"true\"><\/div>\n<\/form>\n<\/div>\n            <\/div>\r\n\r\n\t\t    <div class=\"text-holder\" data-aos=\"fade-left\">\r\n\t\t\t\t\t\t    <h3 class=\"title-block\">How Can We Help?<\/h3>\r\n\t\t\t\r\n\t\t\t                <div class=\"text-block\">\r\n                    Please select a topic below related to your inquiry. If you don&#8217;t find what you need, fill out our contact form.                <\/div>\r\n\t\t\t\r\n\t\t\t\t\t\t    <ul class=\"link-list\">\r\n\t\t\t\t\t\t\t\t\t\t\t\t\t\t\t\t\t\t<li>\r\n\t\t\t\t\t\t\t\t\t\t\t\t\t\t\t\t    <strong>Get Inspired<\/strong>\r\n\t\t\t\t\t\t\t\t\t\t\t\t\t\t\t\t\t\t\t\t\t\t\t\t    <a href=\"\/features\/\">\r\n\t\t\t\t\t\t\t\t        Discover what&#8217;s beneath our intercom\t\t\t\t\t\t\t\t    <\/a>\r\n\t\t\t\t\t\t\t\t\t\t\t\t\t\t\t<\/li>\r\n\t\t\t\t\t\t\t\t\t\t\t\t\t\t\t\t\t\t\t\t\t\t\t\t<li>\r\n\t\t\t\t\t\t\t\t\t\t\t\t\t\t\t\t    <strong>Become a Partner<\/strong>\r\n\t\t\t\t\t\t\t\t\t\t\t\t\t\t\t\t\t\t\t\t\t\t\t\t    <a href=\"\/distributors\/\">\r\n\t\t\t\t\t\t\t\t        Expand your business with BAS-IP intercom\t\t\t\t\t\t\t\t    <\/a>\r\n\t\t\t\t\t\t\t\t\t\t\t\t\t\t\t<\/li>\r\n\t\t\t\t\t\t\t\t\t\t\t\t\t\t\t\t\t\t\t\t\t\t\t\t<li>\r\n\t\t\t\t\t\t\t\t\t\t\t\t\t\t\t\t    <strong>Check the Guides<\/strong>\r\n\t\t\t\t\t\t\t\t\t\t\t\t\t\t\t\t\t\t\t\t\t\t\t\t    <a href=\"\/support\/\">\r\n\t\t\t\t\t\t\t\t        Download detailed manuals and schemes\t\t\t\t\t\t\t\t    <\/a>\r\n\t\t\t\t\t\t\t\t\t\t\t\t\t\t\t<\/li>\r\n\t\t\t\t\t\t\t\t\t\t\t\t\t\t\t<\/ul>\r\n\t\t\t\r\n\t\t\t\t\t\t    <h3 class=\"title-block\">Our contacts<\/h3>\r\n\t\t\t\r\n\t\t\t\t\t\t\t<ul class=\"contact-list\">\r\n\t\t\t\t\t\t\t\t\t\t\t\t\t\t\t\t\t\t<li>\r\n\t\t\t\t\t\t\t\t\t\t\t\t\t\t\t\t\t<strong>Sales:<\/strong>\r\n\t\t\t\t\t\t\t\t\t\t\t\t\t\t\t\t\t\t\t\t\t\t\t\t    <a href=\"mailto:&#115;a&#108;e&#115;&#64;b&#97;s&#45;ip&#46;&#99;&#111;&#109;\">&#115;&#97;&#108;&#101;s&#64;&#98;a&#115;-&#105;p&#46;&#99;o&#109;<\/a>\r\n\t\t\t\t\t\t\t\t\t\t\t\t\t\t\t<\/li>\r\n\t\t\t\t\t\t\t\t\t\t\t\t\t\t\t\t\t\t\t\t\t\t\t\t<li>\r\n\t\t\t\t\t\t\t\t\t\t\t\t\t\t\t\t\t<strong>Technical support:<\/strong>\r\n\t\t\t\t\t\t\t\t\t\t\t\t\t\t\t\t\t\t\t\t\t\t\t\t    <a href=\"mailto:&#115;u&#112;&#112;ort&#64;&#98;as&#45;&#105;p&#46;c&#111;&#109;\">s&#117;&#112;p&#111;&#114;t&#64;&#98;&#97;s&#45;&#105;&#112;.&#99;o&#109;<\/a>\r\n\t\t\t\t\t\t\t\t\t\t\t\t\t\t\t<\/li>\r\n\t\t\t\t\t\t\t\t\t\t\t\t\t\t\t<\/ul>\r\n\t\t\t\t\t<\/div>\r\n\t<\/section>\r\n\r\n\r\n\r\n<!-- END Block Sign Up -->\n\n\n<p><\/p>","protected":false},"excerpt":{"rendered":"<p>BAS-IP i Hikvision: Integracja dla Inteligentnego Zarz\u0105dzania Dost\u0119pem Integracja BAS-IP i Hikvision oferuje nowoczesne rozwi\u0105zanie do automatycznego zarz\u0105dzania dost\u0119pem poprzez rozpoznawanie tablic rejestracyjnych. Hikvision umo\u017cliwia wykorzystanie tablic rejestracyjnych jako identyfikator\u00f3w do automatycznego otwierania szlaban\u00f3w\/bram, wykorzystuj\u0105c opcj\u0119 ALPR (Automatic License Plate Recognition \u2013 Automatyczne Rozpoznawanie Tablic Rejestracyjnych). Serwer BAS-IP Link jest kompatybilny nie tylko z kamerami [&hellip;]<\/p>","protected":false},"author":1,"featured_media":0,"parent":0,"menu_order":0,"comment_status":"closed","ping_status":"closed","template":"page-custom-breadcrumbs.php","meta":{"inline_featured_image":false,"footnotes":""},"class_list":["post-148192","page","type-page","status-publish","hentry"],"acf":[],"_links":{"self":[{"href":"https:\/\/bas-ip.com\/pl\/wp-json\/wp\/v2\/pages\/148192","targetHints":{"allow":["GET"]}}],"collection":[{"href":"https:\/\/bas-ip.com\/pl\/wp-json\/wp\/v2\/pages"}],"about":[{"href":"https:\/\/bas-ip.com\/pl\/wp-json\/wp\/v2\/types\/page"}],"author":[{"embeddable":true,"href":"https:\/\/bas-ip.com\/pl\/wp-json\/wp\/v2\/users\/1"}],"replies":[{"embeddable":true,"href":"https:\/\/bas-ip.com\/pl\/wp-json\/wp\/v2\/comments?post=148192"}],"version-history":[{"count":2,"href":"https:\/\/bas-ip.com\/pl\/wp-json\/wp\/v2\/pages\/148192\/revisions"}],"predecessor-version":[{"id":150436,"href":"https:\/\/bas-ip.com\/pl\/wp-json\/wp\/v2\/pages\/148192\/revisions\/150436"}],"wp:attachment":[{"href":"https:\/\/bas-ip.com\/pl\/wp-json\/wp\/v2\/media?parent=148192"}],"curies":[{"name":"wp","href":"https:\/\/api.w.org\/{rel}","templated":true}]}}