{"id":146597,"date":"2025-09-24T07:37:21","date_gmt":"2025-09-24T07:37:21","guid":{"rendered":"https:\/\/bas-ip.com\/memo-on-personal-data-processing-compliance\/"},"modified":"2025-10-23T12:54:11","modified_gmt":"2025-10-23T12:54:11","slug":"memo-on-personal-data-processing-compliance","status":"publish","type":"page","link":"https:\/\/bas-ip.com\/pl\/memo-on-personal-data-processing-compliance\/","title":{"rendered":"MEMORANDUM DOTYCZ\u0104CE ZGODNO\u015aCI PRZETWARZANIA DANYCH OSOBOWYCH"},"content":{"rendered":"<p style=\"text-align: right;\"><em>Jeste\u015bmy zobowi\u0105zani do stosowania <b>silnych i innowacyjnych praktyk ochrony danych<\/b>, aby ka\u017cdy klient m\u00f3g\u0142 ufa\u0107, \u017ce jego <b>dane osobowe<\/b> s\u0105 przetwarzane bezpiecznie i poufnie.<\/em><\/p>\n<p><b>BAS-IP DISTRIBUTION LTD<\/b> (<b>Sp\u00f3\u0142ka<\/b> lub <b>BAS-IP<\/b>) przygotowa\u0142a niniejsze memorandum dla naszych klient\u00f3w w zakresie naszej zgodno\u015bci z obowi\u0105zuj\u0105cymi przepisami o ochronie danych, w tym <b>Og\u00f3lnym rozporz\u0105dzeniem o ochronie danych w Wielkiej Brytanii (UK General Data Protection Regulation \/ UK GDPR)<\/b> oraz <b>Og\u00f3lnym rozporz\u0105dzeniem o ochronie danych Unii Europejskiej (EU General Data Protection Regulation \/ RODO)<\/b>. Poni\u017cej zapoznamy Pa\u0144stwa z nasz\u0105 dzia\u0142alno\u015bci\u0105 w zakresie przestrzegania wymog\u00f3w ochrony danych osobowych.<\/p>\n<h1><strong>DEFINICJE<\/strong><\/h1>\n<ul>\n<li><b>\u201eUK GDPR\u201d<\/b> oznacza Og\u00f3lne rozporz\u0105dzenie o ochronie danych w Wielkiej Brytanii, w\u0142\u0105czone do prawa brytyjskiego na mocy Ustawy o ochronie danych z 2018 r. (Data Protection Act 2018), wraz z innymi maj\u0105cymi zastosowanie brytyjskimi przepisami dotycz\u0105cymi ochrony danych i prywatno\u015bci.<\/li>\n<li><b>\u201eRODO\u201d<\/b> (GDPR) oznacza Og\u00f3lne rozporz\u0105dzenie o ochronie danych (Rozporz\u0105dzenie (UE) 2016\/679) oraz wszelkie powi\u0105zane przepisy dotycz\u0105ce ochrony danych i prywatno\u015bci maj\u0105ce zastosowanie na terenie Unii Europejskiej i Europejskiego Obszaru Gospodarczego.<\/li>\n<li><b>Dane osobowe<\/b> (Personal data) oznaczaj\u0105 wszelkie informacje dotycz\u0105ce <b>zidentyfikowanej lub mo\u017cliwej do zidentyfikowania osoby fizycznej<\/b>.<\/li>\n<li><b>Osoba, kt\u00f3rej dane dotycz\u0105<\/b> (Data subject) oznacza mo\u017cliw\u0105 do zidentyfikowania osob\u0119 fizyczn\u0105, kt\u00f3r\u0105 mo\u017cna zidentyfikowa\u0107, bezpo\u015brednio lub po\u015brednio.<\/li>\n<li><b>Administrator<\/b> (Controller) oznacza osob\u0119 fizyczn\u0105 lub prawn\u0105, organ publiczny, agencj\u0119 lub inny podmiot, kt\u00f3ry <b>samodzielnie lub wsp\u00f3lnie z innymi ustala cele i sposoby przetwarzania<\/b> danych osobowych.<\/li>\n<li><b>Podmiot przetwarzaj\u0105cy<\/b> (Processor) oznacza osob\u0119 fizyczn\u0105 lub prawn\u0105, organ publiczny, agencj\u0119 lub inny podmiot, kt\u00f3ry <b>przetwarza dane osobowe w imieniu administratora<\/b>.<\/li>\n<li><b>Subprocesor<\/b> (Subprocessor) oznacza osob\u0119 fizyczn\u0105 lub prawn\u0105, zaanga\u017cowan\u0105 przez podmiot przetwarzaj\u0105cy, kt\u00f3ra <b>wykonuje przetwarzanie danych osobowych w imieniu administratora<\/b>.<\/li>\n<li><b>Przetwarzanie<\/b> (Processing) oznacza operacj\u0119 lub zestaw operacji wykonywanych na danych osobowych lub zestawach danych osobowych w spos\u00f3b zautomatyzowany lub niezautomatyzowany, takich jak <b>zbieranie, utrwalanie, organizowanie, porz\u0105dkowanie, przechowywanie, adaptowanie lub modyfikowanie, pobieranie, przegl\u0105danie, wykorzystywanie, ujawnianie poprzez przes\u0142anie, rozpowszechnianie lub innego rodzaju udost\u0119pnianie, dopasowywanie lub \u0142\u0105czenie, ograniczanie, usuwanie lub niszczenie<\/b>.<\/li>\n<\/ul>\n<h1><strong>O BAS-IP<\/strong><\/h1>\n<p>BAS-IP opracowuje i produkuje <b>domofony IP, systemy kontroli dost\u0119pu i systemy komunikacyjne<\/b> i jest wiod\u0105cym podmiotem w tej dziedzinie. Wi\u0119cej informacji na temat naszej dzia\u0142alno\u015bci mo\u017cna znale\u017a\u0107 na stronie internetowej: <a class=\"ng-star-inserted\" href=\"https:\/\/bas-ip.com\/\" target=\"_blank\" rel=\"noopener\" data-hveid=\"0\" data-ved=\"0CAAQ_4QMahgKEwit9P_aqrqQAxUAAAAAHQAAAAAQvwE\">https:\/\/bas-ip.com\/<\/a>.<\/p>\n<p>W trakcie swojej dzia\u0142alno\u015bci <b>Sp\u00f3\u0142ka<\/b> mo\u017ce zbiera\u0107, uzyskiwa\u0107 dost\u0119p lub w inny spos\u00f3b przetwarza\u0107 dane osobowe dotycz\u0105ce r\u00f3\u017cnych kategorii os\u00f3b, kt\u00f3rych dane dotycz\u0105: <b>klient\u00f3w i u\u017cytkownik\u00f3w, pracownik\u00f3w, wykonawc\u00f3w oraz innych os\u00f3b<\/b>. Podczas takiego przetwarzania Sp\u00f3\u0142ka zobowi\u0105zuje si\u0119 do podj\u0119cia wszelkich niezb\u0119dnych \u015brodk\u00f3w i przestrzegania odpowiednich polityk, procedur i innej dokumentacji dotycz\u0105cej ochrony danych osobowych, aby przetwarza\u0107 dane osobowe zgodnie z obowi\u0105zuj\u0105cym prawem i najlepszymi praktykami.<\/p>\n<h2><strong>Role w trakcie przetwarzania danych osobowych<\/strong><\/h2>\n<p>BAS-IP mo\u017ce pe\u0142ni\u0107 r\u00f3\u017cne role w \u015bwietle UK GDPR i RODO:<\/p>\n<ul>\n<li>Jako <b>administrator<\/b>, Sp\u00f3\u0142ka okre\u015bla cele i sposoby przetwarzania danych osobowych, na przyk\u0142ad podczas komunikacji z klientami i odwiedzaj\u0105cymi stron\u0119 internetow\u0105, dzia\u0142a\u0144 marketingowych, kt\u00f3re wi\u0105\u017c\u0105 si\u0119 z przetwarzaniem danych osobowych itp.<\/li>\n<li>Jako <b>podmiot przetwarzaj\u0105cy<\/b>, Sp\u00f3\u0142ka mo\u017ce przetwarza\u0107 dane osobowe zgodnie z instrukcjami naszego klienta, dzia\u0142aj\u0105cego jako administrator lub w imieniu odpowiedniego administratora.<\/li>\n<li>Przetwarzaj\u0105c dane osobowe jako podmiot przetwarzaj\u0105cy, mo\u017cemy anga\u017cowa\u0107 zewn\u0119trznych dostawc\u00f3w us\u0142ug, kt\u00f3rzy b\u0119d\u0105 dzia\u0142a\u0107 jako <b>subprocesorzy<\/b>.<\/li>\n<\/ul>\n<table width=\"681\">\n<tbody>\n<tr>\n<td width=\"681\"><em>Przetwarzaj\u0105c dane osobowe w trakcie \u015bwiadczenia us\u0142ug dla swoich klient\u00f3w, Sp\u00f3\u0142ka dzia\u0142a jako <b>podmiot przetwarzaj\u0105cy<\/b> i przestrzega obowi\u0105zuj\u0105cych wymog\u00f3w UK GDPR i RODO, a tak\u017ce odpowiednich zobowi\u0105za\u0144 umownych mi\u0119dzy Sp\u00f3\u0142k\u0105 a klientem.<\/em><\/td>\n<\/tr>\n<\/tbody>\n<\/table>\n<h1><strong>BAS-IP I OCHRONA DANYCH<\/strong><\/h1>\n<p>BAS-IP zobowi\u0105zuje si\u0119 do przestrzegania <b>najwy\u017cszych standard\u00f3w ochrony danych<\/b> oraz obowi\u0105zuj\u0105cych przepis\u00f3w dotycz\u0105cych ochrony danych osobowych.<\/p>\n<p>Wszelkie dzia\u0142ania zwi\u0105zane z przetwarzaniem danych osobowych prowadzone s\u0105 zgodnie z <b>wewn\u0119trzn\u0105 dokumentacj\u0105<\/b> reguluj\u0105c\u0105 przetwarzanie danych osobowych.<\/p>\n<p>Sp\u00f3\u0142ka stosuje nast\u0119puj\u0105ce \u015brodki ochrony danych osobowych:<\/p>\n<h2><strong>Regularny przegl\u0105d dokumentacji ochrony danych osobowych i wprowadzanie niezb\u0119dnych zmian do naszej dokumentacji i dzia\u0142a\u0144<\/strong><\/h2>\n<p>Regularny przegl\u0105d i aktualizacja wewn\u0119trznej dokumentacji ochrony danych osobowych jest integraln\u0105 cz\u0119\u015bci\u0105 strategii Sp\u00f3\u0142ki, maj\u0105c\u0105 na celu zapewnienie zgodno\u015bci z wymogami UK GDPR, RODO i innych akt\u00f3w regulacyjnych w dziedzinie ochrony danych osobowych.<\/p>\n<p>Odpowiednia dokumentacja wewn\u0119trzna oraz przyj\u0119te polityki i procedury, w szczeg\u00f3lno\u015bci dotycz\u0105ce <b>\u017c\u0105daniami os\u00f3b, kt\u00f3rych dane dotycz\u0105, powiadamiania o naruszeniach danych osobowych, ocen zgodno\u015bci stron trzecich<\/b> zaanga\u017cowanych w przetwarzanie danych osobowych itp., s\u0105 okresowo aktualizowane lub zmieniane w razie potrzeby, w szczeg\u00f3lno\u015bci w przypadku zmian w przepisach lub wprowadzenia nowych dzia\u0142a\u0144 w zakresie przetwarzania danych osobowych.<\/p>\n<p>Ponadto, dzia\u0142ania w zakresie przetwarzania danych osobowych s\u0105 rejestrowane, co obejmuje prowadzenie <b>rejestru czynno\u015bci przetwarzania (RoPA)<\/b>, a w razie potrzeby przeprowadzana jest <b>ocena skutk\u00f3w dla ochrony danych (DPIA)<\/b> i <b>ocena uzasadnionego interesu (LIA)<\/b>.<\/p>\n<p>W ten spos\u00f3b, utrzymuj\u0105c aktualn\u0105 dokumentacj\u0119 ochrony danych osobowych, Sp\u00f3\u0142ka zapewnia wysoki poziom ochrony danych osobowych i ci\u0105g\u0142\u0105 zgodno\u015b\u0107 z przepisami.<\/p>\n<h2><strong>Zgodno\u015b\u0107 z wymogami ochrony praw os\u00f3b, kt\u00f3rych dane dotycz\u0105<\/strong><\/h2>\n<p><b>Polityka Prywatno\u015bci<\/b> Sp\u00f3\u0142ki, kt\u00f3ra jest publicznie dost\u0119pna na jej stronie internetowej, dostarcza klientom i innym osobom, kt\u00f3rych dane dotycz\u0105, informacji o celach, w jakich dane osobowe mog\u0105 by\u0107 przetwarzane, o tym, w jaki spos\u00f3b i jakie konkretne dane osobowe mog\u0105 by\u0107 przetwarzane, a tak\u017ce informacji o <b>ich prawach<\/b> wynikaj\u0105cych z obowi\u0105zuj\u0105cych przepis\u00f3w o ochronie danych osobowych, w tym o tym, jak te prawa wykonywa\u0107.<\/p>\n<p>Ponadto, Sp\u00f3\u0142ka przyj\u0119\u0142a <b>Procedur\u0119 Obs\u0142ugi Zapyta\u0144 i Skarg<\/b>, kt\u00f3ra zawiera procedur\u0119 odpowiadania na \u017c\u0105dania os\u00f3b, kt\u00f3rych dane dotycz\u0105, oraz ich prawa zgodnie z UK GDPR i RODO.<\/p>\n<p>Sp\u00f3\u0142ka zobowi\u0105zuje si\u0119 do zapewnienia klientowi wszelkiego niezb\u0119dnego wsparcia w kontek\u015bcie odpowiadania na \u017c\u0105dania os\u00f3b, kt\u00f3rych dane s\u0105 przetwarzane przez Sp\u00f3\u0142k\u0119 jako podmiot przetwarzaj\u0105cy, zgodnie z postanowieniami UK GDPR, RODO i zobowi\u0105zaniami umownymi mi\u0119dzy Sp\u00f3\u0142k\u0105 a klientem.<\/p>\n<h2><strong>Zgodno\u015b\u0107 z najlepszymi standardami i praktykami w zakresie bezpiecze\u0144stwa technicznego i organizacyjnego<\/strong><\/h2>\n<p>Sp\u00f3\u0142ka wdro\u017cy\u0142a <b>\u015brodki techniczne i organizacyjne<\/b> w celu zapewnienia bezpiecze\u0144stwa danych osobowych. Wewn\u0119trzna dokumentacja Sp\u00f3\u0142ki wyra\u017anie okre\u015bla techniczne i organizacyjne \u015brodki stosowane podczas przetwarzania danych osobowych:<\/p>\n<ul>\n<li>opracowano i przyj\u0119to dokumentacj\u0119 reguluj\u0105c\u0105 <b>bezpiecze\u0144stwo informacji<\/b>, a tak\u017ce stale monitoruje zdarzenia zwi\u0105zane z bezpiecze\u0144stwem informacji i zapewnia terminow\u0105 reakcj\u0119 na incydenty;<\/li>\n<li>wdro\u017cono zabezpieczenia ograniczaj\u0105ce <b>dost\u0119p<\/b> do danych osobowych, takie jak kontrolowanie dost\u0119pu do danych osobowych, w szczeg\u00f3lno\u015bci poprzez u\u017cycie spersonalizowanych kont, kontrolowanie wymaga\u0144 dotycz\u0105cych d\u0142ugo\u015bci i z\u0142o\u017cono\u015bci hase\u0142 do kont oraz ochron\u0119 dost\u0119pu do sieci w celu zmniejszenia ryzyka atak\u00f3w sieciowych; weryfikacja zgodno\u015bci fizycznych centr\u00f3w danych, w kt\u00f3rych dane s\u0105 przechowywane, z wymogami bezpiecze\u0144stwa; uwierzytelnianie wielosk\u0142adnikowe i uwierzytelnianie u\u017cytkownika podczas autoryzacji, a tak\u017ce konfiguracja i stosowanie <b>uprawnie\u0144 dost\u0119pu do danych<\/b>, regularny przegl\u0105d istniej\u0105cych praw dost\u0119pu itp.;<\/li>\n<li>stosuje <b>technologie szyfrowania<\/b> podczas przechowywania i przetwarzania danych osobowych za pomoc\u0105 technologii <i>chmurowych<\/i> oraz ustala wymogi dotycz\u0105ce u\u017cywania wy\u0142\u0105cznie aktualnych i solidnych protoko\u0142\u00f3w kryptograficznych, algorytm\u00f3w, pakiet\u00f3w szyfr\u00f3w, kluczy szyfruj\u0105cych i podej\u015b\u0107 do zarz\u0105dzania kluczami;<\/li>\n<li>regularnie przegl\u0105da <b>kopie zapasowe<\/b> danych osobowych, aby ustali\u0107, czy ich przechowywanie jest zgodne z wymogami operacyjnymi i zobowi\u0105zaniami prawnymi;<\/li>\n<li>podejmuje inne <b>organizacyjne \u015brodki bezpiecze\u0144stwa<\/b>, w tym wdro\u017cenie polityki podzia\u0142u r\u00f3l i odpowiedzialno\u015bci, regularn\u0105 aktualizacj\u0119 odpowiednich polityk i procedur, monitorowanie wykonywania obowi\u0105zk\u00f3w oraz demonstrowanie gotowo\u015bci do wsp\u00f3\u0142pracy z odpowiednimi organami rz\u0105dowymi. \u015arodki bezpiecze\u0144stwa personelu wdro\u017cone przez Sp\u00f3\u0142k\u0119 obejmuj\u0105 w niekt\u00f3rych przypadkach weryfikacj\u0119 przesz\u0142o\u015bci pracownik\u00f3w, podnoszenie \u015bwiadomo\u015bci pracownik\u00f3w na temat problem\u00f3w zwi\u0105zanych z bezpiecze\u0144stwem informacji i monitorowanie tej \u015bwiadomo\u015bci, a tak\u017ce prowadzenie program\u00f3w szkoleniowych i rozwoju zawodowego;<\/li>\n<li>stale monitoruje zmiany w przepisach i wdra\u017ca <b>najlepsze praktyki<\/b> w dziedzinie ochrony danych osobowych zgodnie ze standardami cyberbezpiecze\u0144stwa, wytycznymi, zaleceniami organ\u00f3w nadzorczych ds. ochrony danych osobowych oraz <i>Information Commissioner\u2019s Office (ICO)<\/i>.<\/li>\n<\/ul>\n<p>Sp\u00f3\u0142ka przestrzega wszystkich polityk i procedur w celu zapewnienia bezpiecze\u0144stwa ochrony danych osobowych, regularnie sprawdza ich aktualno\u015b\u0107 i zapewnia terminowy przegl\u0105d.<\/p>\n<p><strong>Regularna weryfikacja stron trzecich<\/strong><\/p>\n<p>Wszystkie <b>strony trzecie<\/b> zaanga\u017cowane w przetwarzanie danych osobowych s\u0105 weryfikowane za pomoc\u0105 wewn\u0119trznie uregulowanej <b>procedury oceny zgodno\u015bci stron trzecich<\/b>. W szczeg\u00f3lno\u015bci takie kontrole oceniaj\u0105 dost\u0119pno\u015b\u0107 odpowiedniej dokumentacji zwi\u0105zanej z przetwarzaniem danych osobowych, a tak\u017ce dost\u0119pno\u015b\u0107 i skuteczno\u015b\u0107 technicznych i organizacyjnych \u015brodk\u00f3w bezpiecze\u0144stwa wdro\u017conych w celu ochrony danych osobowych przed nieautoryzowanym dost\u0119pem, utrat\u0105 lub naruszeniem integralno\u015bci.<\/p>\n<h2><strong>Bezpieczne przekazywanie danych osobowych<\/strong><\/h2>\n<p>\u015awiadcz\u0105c us\u0142ugi, Sp\u00f3\u0142ka mo\u017ce przekazywa\u0107 dane osobowe <b>poza Wielk\u0105 Brytani\u0119<\/b>, na przyk\u0142ad do Stan\u00f3w Zjednoczonych i Ukrainy.<\/p>\n<p>W celu zapewnienia bezpiecze\u0144stwa i zgodno\u015bci z wymogami prawnymi dotycz\u0105cymi przekazywania danych osobowych, wcze\u015bniej przeprowadzana jest <b>ocena<\/b>. Ponadto regularnie przeprowadzana jest wewn\u0119trzna kontrola w celu zapewnienia zgodno\u015bci wymog\u00f3w prawnych i praktyk Stan\u00f3w Zjednoczonych, Ukrainy oraz, w razie potrzeby, innych kraj\u00f3w, do kt\u00f3rych dane osobowe s\u0105 przekazywane, ze <b>standardami i praktykami ochrony danych osobowych w Wielkiej Brytanii i UE<\/b>. Dodatkowo, \u015brodki bezpiecze\u0144stwa podejmowane przez importer\u00f3w danych s\u0105 dok\u0142adnie sprawdzane, w szczeg\u00f3lno\u015bci poprzez podpisanie odpowiedniej dokumentacji reguluj\u0105cej ochron\u0119 danych osobowych.<\/p>\n<p>Gdy Sp\u00f3\u0142ka przekazuje dane osobowe podlegaj\u0105ce UK GDPR i\/lub RODO, zawiera ze swoimi kontrahentami <b>Umow\u0119 o Przetwarzaniu Danych (DPA)<\/b>. Takie umowy zawieraj\u0105 odpowiednie mechanizmy transferu, w tym <b>Standardowe Klauzule Umowne UE (SCCs)<\/b> wraz z <b>Dodatkiem UK (UK Addendum)<\/b> lub <b>Mi\u0119dzynarodow\u0105 Umow\u0105 o Przekazywaniu Danych (IDTA)<\/b>.<\/p>\n<h2><strong>Regularne szkolenia<\/strong><\/h2>\n<p>Sp\u00f3\u0142ka regularnie organizuje <b>szkolenia<\/b> dla swoich pracownik\u00f3w i kontrahent\u00f3w na temat zgodno\u015bci z wymogami UK GDPR i RODO, a tak\u017ce ochrony danych osobowych. Tematy poruszane podczas szkolenia obejmuj\u0105 mi\u0119dzy innymi og\u00f3lne wymogi UK GDPR, RODO i innych obowi\u0105zuj\u0105cych przepis\u00f3w o ochronie danych osobowych, role w przetwarzaniu, zasady przetwarzania danych osobowych, podstawy przetwarzania, zapewnienie praw os\u00f3b, kt\u00f3rych dane dotycz\u0105, oraz kwestie ochrony danych osobowych.<\/p>\n<p>Ponadto Sp\u00f3\u0142ka przyj\u0119\u0142a r\u00f3wnie\u017c niezb\u0119dn\u0105 dokumentacj\u0119 i wdro\u017cy\u0142a odpowiednie \u015brodki w celu zapewnienia szkole\u0144 i \u015bwiadomo\u015bci pracownik\u00f3w w zakresie ochrony danych.<\/p>\n<h1><strong>NASZE KONTAKTY<\/strong><\/h1>\n<p>Je\u015bli maj\u0105 Pa\u0144stwo jakiekolwiek dalsze pytania dotycz\u0105ce ochrony danych osobowych w BAS-IP, prosimy o kontakt mailowy: <a href=\"mailto:privacy@bas-ip.com\">privacy@bas-ip.com<\/a>.<\/p>\n<p>Z powa\u017caniem,<\/p>\n<p><strong>BAS-IP DISTRIBUTION LTD<\/strong><\/p>","protected":false},"excerpt":{"rendered":"<p>Jeste\u015bmy zobowi\u0105zani do stosowania silnych i innowacyjnych praktyk ochrony danych, aby ka\u017cdy klient m\u00f3g\u0142 ufa\u0107, \u017ce jego dane osobowe s\u0105 przetwarzane bezpiecznie i poufnie. BAS-IP DISTRIBUTION LTD (Sp\u00f3\u0142ka lub BAS-IP) przygotowa\u0142a niniejsze memorandum dla naszych klient\u00f3w w zakresie naszej zgodno\u015bci z obowi\u0105zuj\u0105cymi przepisami o ochronie danych, w tym Og\u00f3lnym rozporz\u0105dzeniem o ochronie danych w Wielkiej [&hellip;]<\/p>","protected":false},"author":1,"featured_media":0,"parent":0,"menu_order":0,"comment_status":"closed","ping_status":"closed","template":"","meta":{"inline_featured_image":false,"footnotes":""},"class_list":["post-146597","page","type-page","status-publish","hentry"],"acf":[],"_links":{"self":[{"href":"https:\/\/bas-ip.com\/pl\/wp-json\/wp\/v2\/pages\/146597","targetHints":{"allow":["GET"]}}],"collection":[{"href":"https:\/\/bas-ip.com\/pl\/wp-json\/wp\/v2\/pages"}],"about":[{"href":"https:\/\/bas-ip.com\/pl\/wp-json\/wp\/v2\/types\/page"}],"author":[{"embeddable":true,"href":"https:\/\/bas-ip.com\/pl\/wp-json\/wp\/v2\/users\/1"}],"replies":[{"embeddable":true,"href":"https:\/\/bas-ip.com\/pl\/wp-json\/wp\/v2\/comments?post=146597"}],"version-history":[{"count":3,"href":"https:\/\/bas-ip.com\/pl\/wp-json\/wp\/v2\/pages\/146597\/revisions"}],"predecessor-version":[{"id":146720,"href":"https:\/\/bas-ip.com\/pl\/wp-json\/wp\/v2\/pages\/146597\/revisions\/146720"}],"wp:attachment":[{"href":"https:\/\/bas-ip.com\/pl\/wp-json\/wp\/v2\/media?parent=146597"}],"curies":[{"name":"wp","href":"https:\/\/api.w.org\/{rel}","templated":true}]}}