{"id":145729,"date":"2025-09-22T13:03:10","date_gmt":"2025-09-22T13:03:10","guid":{"rendered":"https:\/\/bas-ip.com\/career\/"},"modified":"2025-10-03T11:26:01","modified_gmt":"2025-10-03T11:26:01","slug":"career","status":"publish","type":"page","link":"https:\/\/bas-ip.com\/pl\/career\/","title":{"rendered":"Kariera"},"content":{"rendered":"<!-- START Block Career Hero -->   <div class=\"careers-hero\" style=\"background-image:url(https:\/\/bas-ip.com\/wp-content\/uploads\/2025\/09\/career_top_bg_2-scaled.jpg)\">\r\n    <div class=\"careers-hero__overlay\"><\/div>\r\n    <div class=\"careers-container careers-hero__content\">\r\n      <h1 class=\"careers-hero__title\">Szukamy <span>wykwalifikowanych<\/span> os\u00f3b<\/h1>\r\n              <p class=\"careers-hero__subtitle\">Opracowujemy nowoczesne rozwi\u0105zania w dziedzinie bezpiecze\u0144stwa \u2014 od domofon\u00f3w IP po kontrol\u0119 dost\u0119pu i systemy monitoringu wideo.<br>\r\nAle najwa\u017cniejsze, co budujemy, to zesp\u00f3\u0142.<\/p>\r\n                    <a class=\"careers-btn careers-btn--primary\" href=\"https:\/\/bas-ip.com\/vacancies\/\">\r\n          pracuj z nami        <\/a>\r\n          <\/div>\r\n  <\/div>\r\n     <section class=\"careers-benefits\">\r\n    <div class=\"careers-container\">\r\n              <h2 class=\"careers-section-title\">Dlaczego warto do nas do\u0142\u0105czy\u0107<\/h2>\r\n                    <div class=\"careers-benefits__grid\">\r\n                      <div class=\"careers-benefit\">\r\n                              <div class=\"careers-benefit__icon\"><img decoding=\"async\" src=\"https:\/\/bas-ip.com\/wp-content\/uploads\/2025\/09\/hugeicons_global.svg\" alt=\"icon\"><\/div>\r\n                                            <h3>Zdalnie na pierwszym miejscu<\/h3>\r\n                                            <p>Pracuj z dowolnego miejsca na \u015bwiecie<\/p>\r\n                          <\/div>\r\n                      <div class=\"careers-benefit\">\r\n                              <div class=\"careers-benefit__icon\"><img decoding=\"async\" src=\"https:\/\/bas-ip.com\/wp-content\/uploads\/2025\/09\/iconoir_brain.svg\" alt=\"icon\"><\/div>\r\n                                            <h3>Innowacyjne produkty<\/h3>\r\n                                            <p>Najnowocze\u015bniejsza technologia na rynku zabezpiecze\u0144<\/p>\r\n                          <\/div>\r\n                      <div class=\"careers-benefit\">\r\n                              <div class=\"careers-benefit__icon\"><img decoding=\"async\" src=\"https:\/\/bas-ip.com\/wp-content\/uploads\/2025\/09\/fluent_people-team-16-regular.svg\" alt=\"icon\"><\/div>\r\n                                            <h3>Globalny zesp\u00f3\u0142<\/h3>\r\n                                            <p>Wsp\u00f3\u0142pracuj ponad granicami i strefami czasowymi<\/p>\r\n                          <\/div>\r\n                      <div class=\"careers-benefit\">\r\n                              <div class=\"careers-benefit__icon\"><img decoding=\"async\" src=\"https:\/\/bas-ip.com\/wp-content\/uploads\/2025\/09\/tabler_rocket.svg\" alt=\"icon\"><\/div>\r\n                                            <h3>Nap\u0119dzany wzrostem<\/h3>\r\n                                            <p>Wspieramy Twoj\u0105 nauk\u0119 i rozw\u00f3j zawodowy<\/p>\r\n                          <\/div>\r\n                      <div class=\"careers-benefit\">\r\n                              <div class=\"careers-benefit__icon\"><img decoding=\"async\" src=\"https:\/\/bas-ip.com\/wp-content\/uploads\/2025\/09\/octicon_goal-24.svg\" alt=\"icon\"><\/div>\r\n                                            <h3>Wyniki ponad biurokracj\u0105<\/h3>\r\n                                            <p>Cenimy dzia\u0142anie i odpowiedzialno\u015b\u0107<\/p>\r\n                          <\/div>\r\n                      <div class=\"careers-benefit\">\r\n                              <div class=\"careers-benefit__icon\"><img decoding=\"async\" src=\"https:\/\/bas-ip.com\/wp-content\/uploads\/2025\/09\/hugeicons_idea.svg\" alt=\"icon\"><\/div>\r\n                                            <h3>Tw\u00f3j g\u0142os ma znaczenie<\/h3>\r\n                                            <p>Inicjatywa jest mile widziana i nagradzana<\/p>\r\n                          <\/div>\r\n                  <\/div>\r\n          <\/div>\r\n  <\/section>\r\n    <section class=\"careers-vision\">\r\n    <div class=\"careers-container careers-vision__grid\">\r\n      <div class=\"careers-vision__media\">\r\n                  <img decoding=\"async\" src=\"https:\/\/bas-ip.com\/wp-content\/uploads\/2025\/09\/vision.jpg\" alt=\"\" class=\"careers-vision__img careers-vision__img--single\">\r\n              <\/div>\r\n      <div class=\"careers-vision__text\">\r\n                  <h2 class=\"careers-section-title careers-section-title--left\">nasza wizja<\/h2>\r\n                          <p data-start=\"349\" data-end=\"584\">W BAS-IP znajdziesz mo\u017cliwo\u015bci rozwoju, inspiruj\u0105ce projekty oraz globalny zesp\u00f3\u0142 kszta\u0142tuj\u0105cy przysz\u0142o\u015b\u0107 inteligentnego bezpiecze\u0144stwa. Jeste\u015bmy ponad 60-osobow\u0105 grup\u0105 pracuj\u0105c\u0105 z r\u00f3\u017cnych zak\u0105tk\u00f3w \u015bwiata \u2014 dla talentu nie ma granic.<\/p>\n<p data-start=\"586\" data-end=\"759\">Nasz zesp\u00f3\u0142 \u0142\u0105czy profesjonalist\u00f3w z obszar\u00f3w R&amp;D, sprzeda\u017cy, wsparcia, marketingu, zaopatrzenia i logistyki, finans\u00f3w oraz HR. Jeste\u015bmy r\u00f3\u017cnorodni \u2013 i to jest nasza si\u0142a.<\/p>\n<p data-start=\"761\" data-end=\"927\" data-is-last-node=\"\" data-is-only-node=\"\">Wspieramy nowych cz\u0142onk\u00f3w zespo\u0142u, inspirujemy si\u0119 nawzajem, podejmujemy szybkie decyzje i cenimy inicjatyw\u0119. Tutaj nie b\u0119dziesz tylko pracowa\u0107 \u2014 b\u0119dziesz mie\u0107 wp\u0142yw.<\/p>\n                          <a class=\"careers-btn careers-btn--primary\" href=\"https:\/\/bas-ip.com\/vacancies\/\">\r\n            pracuj z nami          <\/a>\r\n              <\/div>\r\n    <\/div>\r\n  <\/section>\r\n  <section class=\"careers-values\">\r\n    <div class=\"careers-container\">\r\n              <h2 class=\"careers-section-title\">Nasze warto\u015bci<\/h2>\r\n        <p>W BAS-IP nasza kultura opiera si\u0119 na czym\u015b wi\u0119cej ni\u017c tylko celach \u2013 kszta\u0142tuj\u0105 j\u0105 wsp\u00f3lne warto\u015bci, kt\u00f3rymi kierujemy si\u0119 ka\u017cdego dnia:<\/p>\r\n                    <div class=\"careers-values__grid\">\r\n                      <article class=\"careers-card\">\r\n                              <img decoding=\"async\" src=\"https:\/\/bas-ip.com\/wp-content\/uploads\/2025\/09\/honesty3.jpg\" alt=\"\">\r\n                            <div class=\"careers-card__body\">\r\n                                  <h3>Uczciwo\u015b\u0107<\/h3>\r\n                                                  <p>Otwarto\u015b\u0107 i przejrzysto\u015b\u0107 we wszystkim, co robimy<\/p>\r\n                              <\/div>\r\n            <\/article>\r\n                      <article class=\"careers-card\">\r\n                              <img decoding=\"async\" src=\"https:\/\/bas-ip.com\/wp-content\/uploads\/2025\/09\/optimism.jpg\" alt=\"\">\r\n                            <div class=\"careers-card__body\">\r\n                                  <h3>Optymizm<\/h3>\r\n                                                  <p>Wiara w siebie i sukces naszego zespo\u0142u<\/p>\r\n                              <\/div>\r\n            <\/article>\r\n                      <article class=\"careers-card\">\r\n                              <img decoding=\"async\" src=\"https:\/\/bas-ip.com\/wp-content\/uploads\/2025\/09\/support2.jpg\" alt=\"\">\r\n                            <div class=\"careers-card__body\">\r\n                                  <h3>Wsparcie<\/h3>\r\n                                                  <p>Pomaganie sobie nawzajem z \u017cyczliwo\u015bci\u0105 i trosk\u0105<\/p>\r\n                              <\/div>\r\n            <\/article>\r\n                      <article class=\"careers-card\">\r\n                              <img decoding=\"async\" src=\"https:\/\/bas-ip.com\/wp-content\/uploads\/2025\/09\/selfdev-1.jpg\" alt=\"\">\r\n                            <div class=\"careers-card__body\">\r\n                                  <h3>Samorozw\u00f3j<\/h3>\r\n                                                  <p>Zawsze d\u0105\u017c\u0119 do nauki i rozwoju<\/p>\r\n                              <\/div>\r\n            <\/article>\r\n                  <\/div>\r\n          <\/div>\r\n  <\/section>\r\n    <section class=\"careers-banner\">\r\n    <div class=\"careers-banner__bg\" style=\"background-image:url(https:\/\/bas-ip.com\/wp-content\/uploads\/2025\/09\/careerbannerbg1-scaled.jpg)\"><\/div>\r\n    <div class=\"careers-container careers-banner__content\">\r\n              <p class=\"careers-banner__title\">NIE BUDUJEMY TYLKO TECHNOLOGII \u2014 <span>BUDUJEMY<br>\r\nZESP\u00d3\u0141<\/span>, KT\u00d3RY ODWZOROWUJE TE WARTO\u015aCI NA KA\u017bDYM KROKU.<\/p>\r\n          <\/div>\r\n  <\/section>\r\n\r\n  \r\n    <section id=\"open\" class=\"careers-open\">\r\n    <div class=\"careers-container careers-open__inner\">\r\n              <h2 class=\"careers-section-title\">Otwarte stanowiska<\/h2>\r\n                    <p>Zapoznaj si\u0119 z naszymi aktualnymi ofertami pracy i aplikuj bezpo\u015brednio. Zawsze szukamy pasjonat\u00f3w i profesjonalist\u00f3w, kt\u00f3rzy do\u0142\u0105cz\u0105 do naszej podr\u00f3\u017cy.<\/p>\r\n                    <a class=\"careers-btn careers-btn--primary\" href=\"https:\/\/bas-ip.com\/vacancies\/\">\r\n          pracuj z nami        <\/a>\r\n          <\/div>\r\n  <\/section><!-- END Block Career Hero -->","protected":false},"excerpt":{"rendered":"","protected":false},"author":2,"featured_media":0,"parent":0,"menu_order":0,"comment_status":"closed","ping_status":"closed","template":"","meta":{"inline_featured_image":false,"footnotes":""},"class_list":["post-145729","page","type-page","status-publish","hentry"],"acf":[],"_links":{"self":[{"href":"https:\/\/bas-ip.com\/pl\/wp-json\/wp\/v2\/pages\/145729","targetHints":{"allow":["GET"]}}],"collection":[{"href":"https:\/\/bas-ip.com\/pl\/wp-json\/wp\/v2\/pages"}],"about":[{"href":"https:\/\/bas-ip.com\/pl\/wp-json\/wp\/v2\/types\/page"}],"author":[{"embeddable":true,"href":"https:\/\/bas-ip.com\/pl\/wp-json\/wp\/v2\/users\/2"}],"replies":[{"embeddable":true,"href":"https:\/\/bas-ip.com\/pl\/wp-json\/wp\/v2\/comments?post=145729"}],"version-history":[{"count":3,"href":"https:\/\/bas-ip.com\/pl\/wp-json\/wp\/v2\/pages\/145729\/revisions"}],"predecessor-version":[{"id":145897,"href":"https:\/\/bas-ip.com\/pl\/wp-json\/wp\/v2\/pages\/145729\/revisions\/145897"}],"wp:attachment":[{"href":"https:\/\/bas-ip.com\/pl\/wp-json\/wp\/v2\/media?parent=145729"}],"curies":[{"name":"wp","href":"https:\/\/api.w.org\/{rel}","templated":true}]}}