{"id":140961,"date":"2025-06-03T12:48:57","date_gmt":"2025-06-03T12:48:57","guid":{"rendered":"https:\/\/bas-ip.com\/condo-control\/"},"modified":"2025-08-06T09:43:53","modified_gmt":"2025-08-06T09:43:53","slug":"condo-control","status":"publish","type":"page","link":"https:\/\/bas-ip.com\/pl\/condo-control\/","title":{"rendered":"Condo Control"},"content":{"rendered":"<h2>BAS-IP i Condo Control og\u0142aszaj\u0105 integracj\u0119 w celu poprawy komfortu \u017cycia mieszka\u0144c\u00f3w<\/h2>\n\n<div class=\"wp-block-image\">\n<figure class=\"aligncenter size-large\"><img loading=\"lazy\" decoding=\"async\" width=\"1024\" height=\"235\" src=\"https:\/\/bas-ip.com\/wp-content\/uploads\/2025\/06\/Condo-Control-1024x235.png\" alt=\"\" class=\"wp-image-138764\" srcset=\"https:\/\/bas-ip.com\/wp-content\/uploads\/2025\/06\/Condo-Control-1024x235.png 1024w,  https:\/\/bas-ip.com\/wp-content\/uploads\/2025\/06\/Condo-Control-300x69.png 300w,  https:\/\/bas-ip.com\/wp-content\/uploads\/2025\/06\/Condo-Control-768x177.png 768w,  https:\/\/bas-ip.com\/wp-content\/uploads\/2025\/06\/Condo-Control-767x176.png 767w,  https:\/\/bas-ip.com\/wp-content\/uploads\/2025\/06\/Condo-Control.png 1266w\" sizes=\"auto, (max-width: 1024px) 100vw, 1024px\" \/><\/figure>\n<\/div>\n\n<p>BAS-IP, wiod\u0105cy deweloper system\u00f3w domofonowych IP, oraz Condo Control, wszechstronna platforma do digitalizacji operacji dla ponad 2 milion\u00f3w mieszka\u0144c\u00f3w, og\u0142osi\u0142y dzi\u015b strategiczn\u0105 integracj\u0119. Wsp\u00f3\u0142praca ta tworzy jedno, wiarygodne \u017ar\u00f3d\u0142o danych o mieszka\u0144cach, eliminuj\u0105c powielanie wpis\u00f3w i umo\u017cliwiaj\u0105c p\u0142ynn\u0105 synchronizacj\u0119 danych mi\u0119dzy dwoma systemami. Przek\u0142ada si\u0119 to na nowy poziom wygody i dok\u0142adno\u015bci danych dla mieszka\u0144c\u00f3w i zarz\u0105dc\u00f3w nieruchomo\u015bci w Kanadzie.<\/p>\n<p>Kluczow\u0105 cech\u0105 tej integracji jest synchronizacja listy mieszka\u0144c\u00f3w z platformy Condo Control z domofonami BAS-IP. Zamiast wpisywa\u0107 numery mieszka\u0144, odwiedzaj\u0105cy przewijaj\u0105 alfabetyczny, inteligentny katalog, dotykaj\u0105 nazwy, a panel dzwonkowy wy\u015bwietla teraz ksi\u0105\u017ck\u0119 telefoniczn\u0105 z imionami i nazwiskami mieszka\u0144c\u00f3w, co zapewnia bardziej intuicyjne i zorientowane na u\u017cytkownika podej\u015bcie.<\/p>\n<p>System Condo Control s\u0142u\u017cy jako g\u0142\u00f3wny interfejs dla administrator\u00f3w nieruchomo\u015bci, u\u0142atwiaj\u0105c dodawanie, usuwanie i aktualizowanie danych mieszka\u0144c\u00f3w. Zmiany te s\u0105 automatycznie przesy\u0142ane do inteligentnego katalogu systemu domofonowego za po\u015brednictwem platformy zarz\u0105dzania BAS-IP Link, kt\u00f3ra dzia\u0142a jako oprogramowanie po\u015brednicz\u0105ce. BAS-IP Link zarz\u0105dza r\u00f3wnie\u017c procesem dzwonienia, zapewniaj\u0105c niezawodn\u0105 komunikacj\u0119.<\/p>\n<p>To ulepszenie zosta\u0142o wdro\u017cone z my\u015bl\u0105 o preferencjach kanadyjskich mieszka\u0144c\u00f3w, kt\u00f3rzy s\u0105 przyzwyczajeni do odbierania po\u0142\u0105cze\u0144 na swoje osobiste numery telefon\u00f3w kom\u00f3rkowych, a nie na sta\u0142e urz\u0105dzenie w mieszkaniu.<\/p>\n<p>\u201eNasz\u0105 misj\u0105 jest digitalizacja i usprawnienie operacji spo\u0142eczno\u015bci\u201d \u2013 powiedzia\u0142 Brian Bosscher z Condo Control. \u201eWsp\u00f3\u0142praca z BAS-IP pozwala zarz\u0105dcom na jednorazow\u0105 aktualizacj\u0119 danych i daje mieszka\u0144com bezproblemowy, mobilny dost\u0119p, kt\u00f3rego oczekuj\u0105.\u201d<\/p>\n<p><strong><u>G\u0142\u00f3wne korzy\u015bci:<\/u><\/strong><\/p>\n<ul>\n<li><b>Zero podw\u00f3jnych wpis\u00f3w<\/b> \u2013 dane mieszka\u0144c\u00f3w s\u0105 przesy\u0142ane automatycznie.<\/li>\n<li><b>Po\u0142\u0105czenia docieraj\u0105 do w\u0142a\u015bciwej osoby za pierwszym razem<\/b> \u2013 mniej ponownych pr\u00f3b po\u0142\u0105czenia z lobby.<\/li>\n<li><b>Do\u015bwiadczenie mobile-first<\/b> \u2013 mieszka\u0144cy mog\u0105 odbiera\u0107 po\u0142\u0105czenia z dowolnego telefonu kom\u00f3rkowego.<\/li>\n<li><b>Zawsze aktualne:<\/b> numery telefon\u00f3w oraz dane dotycz\u0105ce wprowadzenia i wyprowadzenia synchronizuj\u0105 si\u0119 natychmiast.<\/li>\n<\/ul>\n<p><strong><u>Proces dzwonienia zosta\u0142 udoskonalony, aby zapewni\u0107 maksymaln\u0105 elastyczno\u015b\u0107:<\/u><\/strong><\/p>\n<ul>\n<li><b>Po\u0142\u0105czenie bezpo\u015brednio do mieszka\u0144ca:<\/b> Odwiedzaj\u0105cy mog\u0105 dzwoni\u0107 do konkretnego mieszka\u0144ca na jego osobisty numer telefonu lub w aplikacji mobilnej BAS-IP Link, wybieraj\u0105c jego imi\u0119 z inteligentnego katalogu lub wpisuj\u0105c okre\u015blony kod.<\/li>\n<li><b>Dzwonienie do mieszkania:<\/b> Tradycyjna opcja jednoczesnego dzwonienia do wszystkich mieszka\u0144c\u00f3w danego mieszkania jest nadal dost\u0119pna.<\/li>\n<li><b>Model hybrydowy:<\/b> Obie opcje mog\u0105 by\u0107 obs\u0142ugiwane jednocze\u015bnie na jednym urz\u0105dzeniu dzwonkowym.<\/li>\n<\/ul>\n<p><strong><u>Jak dzia\u0142a integracja:<\/u><\/strong><\/p>\n<ul>\n<li><b>Rejestracja:<\/b> Administrator rejestruje mieszka\u0144ca w systemie Condo Control i dodaje jego dane kontaktowe.<\/li>\n<li><b>Synchronizacja:<\/b> Serwer BAS-IP Link automatycznie wysy\u0142a dane mieszka\u0144ca do inteligentnego katalogu na panelu dzwonkowym.<\/li>\n<li><b>Po\u0142\u0105czenie:<\/b> Kurier lub go\u015b\u0107 wybiera mieszka\u0144ca po nazwisku lub wybiera jego kod.<\/li>\n<li><b>Odbi\u00f3r:<\/b> Mieszkaniec odbiera po\u0142\u0105czenie z panelu na sw\u00f3j osobisty numer telefonu kom\u00f3rkowego (za po\u015brednictwem pod\u0142\u0105czonego \u0142\u0105cza SIP Twilio) lub w aplikacji BAS-IP Link.<\/li>\n<li><b>Dost\u0119p:<\/b> Mieszkaniec mo\u017ce zdalnie otworzy\u0107 drzwi.<\/li>\n<\/ul>\n<p>Integracja zapewnia r\u00f3wnie\u017c automatyczne aktualizacje danych. Wszelkie zmiany numeru telefonu mieszka\u0144ca, usuni\u0119cie u\u017cytkownika lub sesja aplikacji mobilnej w systemie Condo Control s\u0105 natychmiast odzwierciedlane w schemacie przekierowania BAS-IP Link, co gwarantuje, \u017ce informacje kontaktowe s\u0105 zawsze aktualne.<\/p>\n<p>Integracja ta stanowi znacz\u0105cy krok naprz\u00f3d w tworzeniu inteligentniejszych i wygodniejszych przestrzeni \u017cyciowych. \u0141\u0105cz\u0105c najnowocze\u015bniejsz\u0105 technologi\u0119 domofon\u00f3w IP od BAS-IP z pot\u0119\u017cnymi mo\u017cliwo\u015bciami zarz\u0105dzania nieruchomo\u015bciami Condo Control, firmy dostarczaj\u0105 rozwi\u0105zanie, kt\u00f3re spe\u0142nia wsp\u00f3\u0142czesne potrzeby mieszka\u0144c\u00f3w i upraszcza prac\u0119 administrator\u00f3w.<\/p>\n\n<!-- START Block Sign Up --><section id=\"block_629678229e935\" class=\"sign-up-section\">\r\n\r\n    <div class=\"form-holder js-form\" data-aos=\"fade-right\">\r\n                    <div class=\"title-block h3\">Sign up for connection<\/div>\r\n        \r\n                    <div class=\"text-block\">\r\n                Filling out all the information needed to answer you as quickly as possible            <\/div>\r\n        \r\n                    \n<div class=\"wpcf7 no-js\" id=\"wpcf7-f102-o1\" lang=\"en-US\" dir=\"ltr\">\n<div class=\"screen-reader-response\"><p role=\"status\" aria-live=\"polite\" aria-atomic=\"true\"><\/p> <ul><\/ul><\/div>\n<form action=\"\/pl\/wp-json\/wp\/v2\/pages\/140961#wpcf7-f102-o1\" method=\"post\" class=\"wpcf7-form init\" aria-label=\"Contact form\" enctype=\"multipart\/form-data\" novalidate=\"novalidate\" data-status=\"init\">\n<div style=\"display: none;\">\n<input type=\"hidden\" name=\"_wpcf7\" value=\"102\" \/>\n<input type=\"hidden\" name=\"_wpcf7_version\" value=\"5.8.3\" \/>\n<input type=\"hidden\" name=\"_wpcf7_locale\" value=\"en_US\" \/>\n<input type=\"hidden\" name=\"_wpcf7_unit_tag\" value=\"wpcf7-f102-o1\" \/>\n<input type=\"hidden\" name=\"_wpcf7_container_post\" value=\"0\" \/>\n<input type=\"hidden\" name=\"_wpcf7_posted_data_hash\" value=\"\" \/>\n<input type=\"hidden\" name=\"_wpcf7_recaptcha_response\" value=\"\" \/>\n<\/div>\n<div class=\"row\"> \n <label><span class=\"label-text\">Name<\/span> \n  <span class=\"wpcf7-form-control-wrap\" data-name=\"text-full-name\"><input size=\"40\" class=\"wpcf7-form-control wpcf7-text wpcf7-validates-as-required\" aria-required=\"true\" aria-invalid=\"false\" placeholder=\"Name\" value=\"\" type=\"text\" name=\"text-full-name\" \/><\/span><\/label> \n<\/div> \n<div class=\"row\"> \n <label><span class=\"label-text\">Phone*<\/span> \n<span class=\"wpcf7-form-control-wrap\" data-name=\"phonetext-270\"><input size=\"40\" class=\"wpcf7-form-control wpcf7-phonetext wpcf7-validates-as-required wpcf7-text wpcf7-validates-as-phonetext\" aria-required=\"true\" aria-invalid=\"false\" placeholder=\"Phone*\" value=\"\" type=\"text\" name=\"phonetext-270\" \/><input type=\"hidden\" name=\"phonetext-270-country-code\" class=\"wpcf7-phonetext-country-code\" \/><\/span><\/label> \n<\/div> \n<div class=\"row\"> \n <label><span class=\"label-text\">E-mail<\/span> \n  <span class=\"wpcf7-form-control-wrap\" data-name=\"email-e-mail\"><input size=\"40\" class=\"wpcf7-form-control wpcf7-email wpcf7-validates-as-required wpcf7-text wpcf7-validates-as-email\" aria-required=\"true\" aria-invalid=\"false\" placeholder=\"E-mail\" value=\"\" type=\"email\" name=\"email-e-mail\" \/><\/span><\/label> \n<\/div> \n<div class=\"row\"><span>Your country<\/span> \n <label><span class=\"wpcf7-form-control-wrap\" data-name=\"countrytext-126\"><input size=\"40\" class=\"wpcf7-form-control wpcf7-countrytext wpcf7-text wpcf7-validates-as-countrytext\" aria-invalid=\"false\" value=\"\" type=\"text\" name=\"countrytext-126\" \/><\/span> <\/label>\n<\/div> \n<div class=\"row\"> \n <button type=\"submit\" class=\"btn\">Send<\/button> \n<\/div> \n<div class=\"row\"> \n <span class=\"wpcf7-form-control-wrap\" data-name=\"checkbox-931\"><span class=\"wpcf7-form-control wpcf7-checkbox\"><span class=\"wpcf7-list-item first\"><label><input type=\"checkbox\" name=\"checkbox-931[]\" value=\"Integrator\" \/><span class=\"wpcf7-list-item-label\">Integrator<\/span><\/label><\/span><span class=\"wpcf7-list-item\"><label><input type=\"checkbox\" name=\"checkbox-931[]\" value=\"Builder\" \/><span class=\"wpcf7-list-item-label\">Builder<\/span><\/label><\/span><span class=\"wpcf7-list-item last\"><label><input type=\"checkbox\" name=\"checkbox-931[]\" value=\"End-User\" \/><span class=\"wpcf7-list-item-label\">End-User<\/span><\/label><\/span><\/span><\/span> \n<\/div> \n<div class=\"row row-upload-file\"> \n <label class=\"upload-file-block js-upload-file\">Attach file \n  <span class=\"wpcf7-form-control-wrap\" data-name=\"file-466\"><input size=\"40\" class=\"wpcf7-form-control wpcf7-file\" accept=\"audio\/*,video\/*,image\/*\" aria-invalid=\"false\" type=\"file\" name=\"file-466\" \/><\/span><\/label> \n<\/div><input type='hidden' class='wpcf7-pum' value='{\"closepopup\":false,\"closedelay\":0,\"openpopup\":false,\"openpopup_id\":0}' \/><div class=\"wpcf7-response-output\" aria-hidden=\"true\"><\/div>\n<\/form>\n<\/div>\n            <\/div>\r\n\r\n\t\t    <div class=\"text-holder\" data-aos=\"fade-left\">\r\n\t\t\t\t\t\t    <h3 class=\"title-block\">How Can We Help?<\/h3>\r\n\t\t\t\r\n\t\t\t                <div class=\"text-block\">\r\n                    Please select a topic below related to your inquiry. If you don&#8217;t find what you need, fill out our contact form.                <\/div>\r\n\t\t\t\r\n\t\t\t\t\t\t    <ul class=\"link-list\">\r\n\t\t\t\t\t\t\t\t\t\t\t\t\t\t\t\t\t\t<li>\r\n\t\t\t\t\t\t\t\t\t\t\t\t\t\t\t\t    <strong>Get Inspired<\/strong>\r\n\t\t\t\t\t\t\t\t\t\t\t\t\t\t\t\t\t\t\t\t\t\t\t\t    <a href=\"\/features\/\">\r\n\t\t\t\t\t\t\t\t        Discover what&#8217;s beneath our intercom\t\t\t\t\t\t\t\t    <\/a>\r\n\t\t\t\t\t\t\t\t\t\t\t\t\t\t\t<\/li>\r\n\t\t\t\t\t\t\t\t\t\t\t\t\t\t\t\t\t\t\t\t\t\t\t\t<li>\r\n\t\t\t\t\t\t\t\t\t\t\t\t\t\t\t\t    <strong>Become a Partner<\/strong>\r\n\t\t\t\t\t\t\t\t\t\t\t\t\t\t\t\t\t\t\t\t\t\t\t\t    <a href=\"\/distributors\/\">\r\n\t\t\t\t\t\t\t\t        Expand your business with BAS-IP intercom\t\t\t\t\t\t\t\t    <\/a>\r\n\t\t\t\t\t\t\t\t\t\t\t\t\t\t\t<\/li>\r\n\t\t\t\t\t\t\t\t\t\t\t\t\t\t\t\t\t\t\t\t\t\t\t\t<li>\r\n\t\t\t\t\t\t\t\t\t\t\t\t\t\t\t\t    <strong>Check the Guides<\/strong>\r\n\t\t\t\t\t\t\t\t\t\t\t\t\t\t\t\t\t\t\t\t\t\t\t\t    <a href=\"\/support\/\">\r\n\t\t\t\t\t\t\t\t        Download detailed manuals and schemes\t\t\t\t\t\t\t\t    <\/a>\r\n\t\t\t\t\t\t\t\t\t\t\t\t\t\t\t<\/li>\r\n\t\t\t\t\t\t\t\t\t\t\t\t\t\t\t<\/ul>\r\n\t\t\t\r\n\t\t\t\t\t\t    <h3 class=\"title-block\">Our contacts<\/h3>\r\n\t\t\t\r\n\t\t\t\t\t\t\t<ul class=\"contact-list\">\r\n\t\t\t\t\t\t\t\t\t\t\t\t\t\t\t\t\t\t<li>\r\n\t\t\t\t\t\t\t\t\t\t\t\t\t\t\t\t\t<strong>Sales:<\/strong>\r\n\t\t\t\t\t\t\t\t\t\t\t\t\t\t\t\t\t\t\t\t\t\t\t\t    <a href=\"mailto:&#115;a&#108;&#101;&#115;&#64;b&#97;&#115;-ip.&#99;om\">s&#97;&#108;es&#64;&#98;as-i&#112;.&#99;o&#109;<\/a>\r\n\t\t\t\t\t\t\t\t\t\t\t\t\t\t\t<\/li>\r\n\t\t\t\t\t\t\t\t\t\t\t\t\t\t\t\t\t\t\t\t\t\t\t\t<li>\r\n\t\t\t\t\t\t\t\t\t\t\t\t\t\t\t\t\t<strong>Technical support:<\/strong>\r\n\t\t\t\t\t\t\t\t\t\t\t\t\t\t\t\t\t\t\t\t\t\t\t\t    <a href=\"mailto:s&#117;pp&#111;r&#116;&#64;bas&#45;&#105;&#112;&#46;&#99;&#111;m\">&#115;&#117;&#112;&#112;o&#114;t&#64;b&#97;&#115;-&#105;&#112;.co&#109;<\/a>\r\n\t\t\t\t\t\t\t\t\t\t\t\t\t\t\t<\/li>\r\n\t\t\t\t\t\t\t\t\t\t\t\t\t\t\t<\/ul>\r\n\t\t\t\t\t<\/div>\r\n\t<\/section>\r\n\r\n\r\n\r\n<!-- END Block Sign Up -->","protected":false},"excerpt":{"rendered":"<p>BAS-IP i Condo Control og\u0142aszaj\u0105 integracj\u0119 w celu poprawy komfortu \u017cycia mieszka\u0144c\u00f3w BAS-IP, wiod\u0105cy deweloper system\u00f3w domofonowych IP, oraz Condo Control, wszechstronna platforma do digitalizacji operacji dla ponad 2 milion\u00f3w mieszka\u0144c\u00f3w, og\u0142osi\u0142y dzi\u015b strategiczn\u0105 integracj\u0119. Wsp\u00f3\u0142praca ta tworzy jedno, wiarygodne \u017ar\u00f3d\u0142o danych o mieszka\u0144cach, eliminuj\u0105c powielanie wpis\u00f3w i umo\u017cliwiaj\u0105c p\u0142ynn\u0105 synchronizacj\u0119 danych mi\u0119dzy dwoma systemami. [&hellip;]<\/p>","protected":false},"author":1,"featured_media":0,"parent":0,"menu_order":0,"comment_status":"closed","ping_status":"closed","template":"page-custom-breadcrumbs.php","meta":{"inline_featured_image":false,"footnotes":""},"class_list":["post-140961","page","type-page","status-publish","hentry"],"acf":[],"_links":{"self":[{"href":"https:\/\/bas-ip.com\/pl\/wp-json\/wp\/v2\/pages\/140961","targetHints":{"allow":["GET"]}}],"collection":[{"href":"https:\/\/bas-ip.com\/pl\/wp-json\/wp\/v2\/pages"}],"about":[{"href":"https:\/\/bas-ip.com\/pl\/wp-json\/wp\/v2\/types\/page"}],"author":[{"embeddable":true,"href":"https:\/\/bas-ip.com\/pl\/wp-json\/wp\/v2\/users\/1"}],"replies":[{"embeddable":true,"href":"https:\/\/bas-ip.com\/pl\/wp-json\/wp\/v2\/comments?post=140961"}],"version-history":[{"count":3,"href":"https:\/\/bas-ip.com\/pl\/wp-json\/wp\/v2\/pages\/140961\/revisions"}],"predecessor-version":[{"id":140992,"href":"https:\/\/bas-ip.com\/pl\/wp-json\/wp\/v2\/pages\/140961\/revisions\/140992"}],"wp:attachment":[{"href":"https:\/\/bas-ip.com\/pl\/wp-json\/wp\/v2\/media?parent=140961"}],"curies":[{"name":"wp","href":"https:\/\/api.w.org\/{rel}","templated":true}]}}