{"id":133960,"date":"2023-03-27T09:32:04","date_gmt":"2023-03-27T09:32:04","guid":{"rendered":"https:\/\/bas-ip.com\/medical\/"},"modified":"2025-03-24T09:07:21","modified_gmt":"2025-03-24T09:07:21","slug":"medical","status":"publish","type":"page","link":"https:\/\/bas-ip.com\/pl\/medical\/","title":{"rendered":"Dla szpitali\/Plac\u00f3wek medycznych"},"content":{"rendered":"<h1 class=\"wp-block-heading\"><strong>System domofonowy w szpitalu firmy BAS-IP &#8211; Elevate Patient Care<\/strong><\/h1>\n\n\n\n<p>Przemys\u0142 medyczny nieustannie si\u0119 rozwija, aby zapewni\u0107 pacjentom najlepsz\u0105 mo\u017cliw\u0105 opiek\u0119. Poniewa\u017c komunikacja odgrywa kluczow\u0105 rol\u0119 w dostarczaniu efektywnych i bezpiecznych us\u0142ug medycznych, modernizacja do najnowocze\u015bniejszego szpitalnego systemu interkomowego jest konieczno\u015bci\u0105. Innowacyjne medyczne systemy interkomowe BAS-IP, zaprojektowane specjalnie dla pomieszcze\u0144 czystych i plac\u00f3wek medycznych, zapewniaj\u0105 niezr\u00f3wnan\u0105 wygod\u0119 i niezawodno\u015b\u0107 pracownikom s\u0142u\u017cby zdrowia i ich pacjentom. W tym artykule zbadamy funkcje i korzy\u015bci szpitalnego interkomu BAS-IP oraz to, jak mo\u017ce on zrewolucjonizowa\u0107 spos\u00f3b dzia\u0142ania plac\u00f3wek medycznych.<\/p>\n\n\n\n<h2 class=\"wp-block-heading\"><strong>Si\u0142a interkomu szpitalnego BAS-IP<\/strong><\/h2>\n\n\n<!-- START Block Features --><section id=\"block_64304f018b5e4\" class=\"features-section\">\r\n\t\r\n    <div class=\"features-list\">\r\n                    <div class=\"features-item\" data-aos=\"fade-up\">\r\n    <div class=\"features-box\">\r\n                    <div class=\"image-holder\">\r\n                <img loading=\"lazy\" decoding=\"async\" width=\"350\" height=\"320\" src=\"https:\/\/bas-ip.com\/wp-content\/uploads\/2023\/04\/1-2-350x320.jpg\" class=\"attachment-thumbnail_350x320 size-thumbnail_350x320\" alt=\"\" \/>            <\/div>\r\n        \r\n        <div class=\"text-holder\">\r\n                        <h3 class=\"title-block\">Bezproblemowa integracja z lokalnymi sieciami IP<\/h3>\r\n          \r\n                        <div class=\"text-block\">\r\n                <p>Jedn\u0105 z istotnych zalet medycznych system\u00f3w interkomowych BAS-IP jest ich zdolno\u015b\u0107 do bezproblemowej pracy w ramach tej samej lokalnej sieci IP. Ta kompatybilno\u015b\u0107 zapewnia p\u0142ynn\u0105 komunikacj\u0119 mi\u0119dzy r\u00f3\u017cnymi urz\u0105dzeniami interkomowymi, zmniejszaj\u0105c op\u00f3\u017anienia i poprawiaj\u0105c og\u00f3ln\u0105 wydajno\u015b\u0107.<\/p>\n              <\/div>\r\n                  <\/div>\r\n    <\/div>\r\n<\/div>\r\n                    <div class=\"features-item\" data-aos=\"fade-up\">\r\n    <div class=\"features-box\">\r\n                    <div class=\"image-holder\">\r\n                <img loading=\"lazy\" decoding=\"async\" width=\"350\" height=\"320\" src=\"https:\/\/bas-ip.com\/wp-content\/uploads\/2023\/04\/2-2-350x320.jpg\" class=\"attachment-thumbnail_350x320 size-thumbnail_350x320\" alt=\"\" \/>            <\/div>\r\n        \r\n        <div class=\"text-holder\">\r\n                        <h3 class=\"title-block\">Zaawansowane funkcje dla ulepszonej komunikacji<\/h3>\r\n          \r\n                        <div class=\"text-block\">\r\n                <p>BAS-IP oferuje szeroki zakres unikalnych funkcji dla swojego szpitalnego systemu interkomowego, co wyr\u00f3\u017cnia go na tle konkurencji. Niekt\u00f3re z tych funkcji obejmuj\u0105 po\u0142\u0105czenia wideo HD, kontrol\u0119 dost\u0119pu oraz kompatybilno\u015b\u0107 z r\u00f3\u017cnymi urz\u0105dzeniami IP, zapewniaj\u0105c usprawnion\u0105 komunikacj\u0119 i zwi\u0119kszone bezpiecze\u0144stwo w plac\u00f3wkach medycznych.<\/p>\n              <\/div>\r\n                  <\/div>\r\n    <\/div>\r\n<\/div>\r\n                    <div class=\"features-item\" data-aos=\"fade-up\">\r\n    <div class=\"features-box\">\r\n                    <div class=\"image-holder\">\r\n                <img loading=\"lazy\" decoding=\"async\" width=\"350\" height=\"320\" src=\"https:\/\/bas-ip.com\/wp-content\/uploads\/2023\/04\/3-2-350x320.jpg\" class=\"attachment-thumbnail_350x320 size-thumbnail_350x320\" alt=\"\" \/>            <\/div>\r\n        \r\n        <div class=\"text-holder\">\r\n                        <h3 class=\"title-block\">Mo\u017cliwo\u015bci interkomu w czystym pomieszczeniu<\/h3>\r\n          \r\n                        <div class=\"text-block\">\r\n                <p>Pomieszczenia czyste wymagaj\u0105 rygorystycznych standard\u00f3w higienicznych, a szpitalny system interkomowy BAS-IP zosta\u0142 zaprojektowany tak, aby spe\u0142nia\u0107 te wymagania. Interkom do pomieszcze\u0144 czystych zapewnia, \u017ce komunikacja mi\u0119dzy pracownikami s\u0142u\u017cby zdrowia pozostaje niezak\u0142\u00f3cona, bez naruszania sterylno\u015bci i bezpiecze\u0144stwa tych specjalistycznych \u015brodowisk.<\/p>\n              <\/div>\r\n                  <\/div>\r\n    <\/div>\r\n<\/div>\r\n            <\/div>\r\n<\/section>\r\n<!-- END Block Features -->\n\n\n<h2 class=\"wp-block-heading\"><strong>Wysokiej jako\u015bci komponenty sprz\u0119towe BAS-IP<\/strong><\/h2>\n\n\n<!-- START Block Features --><section id=\"block_64304f888b5e8\" class=\"features-section\">\r\n\t\r\n    <div class=\"features-list\">\r\n                    <div class=\"features-item\" data-aos=\"fade-up\">\r\n    <div class=\"features-box\">\r\n                    <div class=\"image-holder\">\r\n                <img loading=\"lazy\" decoding=\"async\" width=\"350\" height=\"320\" src=\"https:\/\/bas-ip.com\/wp-content\/uploads\/2023\/04\/4-2-350x320.jpg\" class=\"attachment-thumbnail_350x320 size-thumbnail_350x320\" alt=\"\" \/>            <\/div>\r\n        \r\n        <div class=\"text-holder\">\r\n                        <h3 class=\"title-block\">AV-04AFD \u2013 Najlepsze urz\u0105dzenie interkomowe<\/h3>\r\n          \r\n                        <div class=\"text-block\">\r\n                <p>AV-04AFD to wszechstronne urz\u0105dzenie interkomowe zaprojektowane w celu zapewnienia najwy\u017cszej jako\u015bci dzia\u0142ania w plac\u00f3wkach medycznych. Dzi\u0119ki mo\u017cliwo\u015bciom po\u0142\u0105cze\u0144 audio HD, integracji kontroli dost\u0119pu i kompatybilno\u015bci z r\u00f3\u017cnymi urz\u0105dzeniami IP, oferuje niezr\u00f3wnane funkcje komunikacyjne i bezpiecze\u0144stwa w eleganckim i nowoczesnym designie.<\/p>\n              <\/div>\r\n                  <\/div>\r\n    <\/div>\r\n<\/div>\r\n                    <div class=\"features-item\" data-aos=\"fade-up\">\r\n    <div class=\"features-box\">\r\n                    <div class=\"image-holder\">\r\n                <img loading=\"lazy\" decoding=\"async\" width=\"350\" height=\"320\" src=\"https:\/\/bas-ip.com\/wp-content\/uploads\/2023\/04\/5-3-350x320.jpg\" class=\"attachment-thumbnail_350x320 size-thumbnail_350x320\" alt=\"\" \/>            <\/div>\r\n        \r\n        <div class=\"text-holder\">\r\n                        <h3 class=\"title-block\">AM-02 \u2013 Wydajny terminal Consierge<\/h3>\r\n          \r\n                        <div class=\"text-block\">\r\n                <p>Terminal konsjer\u017ca AM-02 zapewnia wyra\u017an\u0105 i niezawodn\u0105 komunikacj\u0119 mi\u0119dzy pracownikami s\u0142u\u017cby zdrowia. To \u0142atwe w instalacji urz\u0105dzenie mo\u017cna bezproblemowo zintegrowa\u0107 ze szpitalnym systemem interkomowym, zapewniaj\u0105c wydajne i ekonomiczne rozwi\u0105zanie dla plac\u00f3wek medycznych.<\/p>\n              <\/div>\r\n                  <\/div>\r\n    <\/div>\r\n<\/div>\r\n                    <div class=\"features-item\" data-aos=\"fade-up\">\r\n    <div class=\"features-box\">\r\n                    <div class=\"image-holder\">\r\n                <img loading=\"lazy\" decoding=\"async\" width=\"350\" height=\"320\" src=\"https:\/\/bas-ip.com\/wp-content\/uploads\/2023\/04\/6-2-350x320.jpg\" class=\"attachment-thumbnail_350x320 size-thumbnail_350x320\" alt=\"\" \/>            <\/div>\r\n        \r\n        <div class=\"text-holder\">\r\n                        <h3 class=\"title-block\">SH-31TM &#8211; Modu\u0142 temperatury panelu wej\u015bciowego<\/h3>\r\n          \r\n                        <div class=\"text-block\">\r\n                <p>Modu\u0142 interkomu drzwiowego z bezdotykowym pomiarem temperatury nadgarstka jest istotn\u0105 cz\u0119\u015bci\u0105 szpitalnego systemu interkomowego. To innowacyjne urz\u0105dzenie \u0142\u0105czy kontrol\u0119 dost\u0119pu i funkcje bada\u0144 przesiewowych stanu zdrowia, aby zapewni\u0107 bezpieczne i pewne \u015brodowisko zar\u00f3wno dla pacjent\u00f3w, jak i personelu w plac\u00f3wkach opieki zdrowotnej.<\/p>\n              <\/div>\r\n                  <\/div>\r\n    <\/div>\r\n<\/div>\r\n            <\/div>\r\n<\/section>\r\n<!-- END Block Features -->\n\n<!-- START Block FAQ --><section id=\"block_642163c6f4e28\" class=\"faq-section\">\r\n\t\t    <h2 class=\"title-section\" data-aos=\"fade-right\">Cz\u0119sto zadawane pytania (FAQ)<\/h2>\r\n\t\t\t    <div class=\"faq-list js-accordion\" data-aos=\"fade-up\">\r\n\t\t\t\t\t\t\t\t\t\t\t    <div class=\"accordion-item faq-item\">\r\n                        <div class=\"accordion-opener\">\r\n                            Q: W jaki spos\u00f3b system interkomowy szpitalny BAS-IP poprawia efektywno\u015b\u0107 pracy plac\u00f3wek medycznych?                            <i class=\"fa-solid fa-chevron-down\"><\/i>\r\n                        <\/div>\r\n                        <div class=\"accordion-slide\">\r\n\t\t\t\t\t\t    <p>Szpitalny system interkomowy BAS-IP umo\u017cliwia pracownikom s\u0142u\u017cby zdrowia p\u0142ynn\u0105 i bezpieczn\u0105 komunikacj\u0119, zwi\u0119kszaj\u0105c og\u00f3ln\u0105 wydajno\u015b\u0107. Dzi\u0119ki integracji zaawansowanych funkcji, takich jak po\u0142\u0105czenia audio i wideo HD, kontrola dost\u0119pu oraz kompatybilno\u015b\u0107 z r\u00f3\u017cnymi urz\u0105dzeniami IP, system usprawnia komunikacj\u0119 i skraca czas reakcji w sytuacjach krytycznych.<\/p>\n                        <\/div>\r\n\t\t\t\t\t<\/div>\r\n\t\t\t\t\t\t\t\t\t\t\t\t\t\t\t    <div class=\"accordion-item faq-item\">\r\n                        <div class=\"accordion-opener\">\r\n                            Q: Czy system interkomu szpitalnego BAS-IP mo\u017cna dostosowa\u0107 do wymaga\u0144 konkretnej plac\u00f3wki medycznej?                            <i class=\"fa-solid fa-chevron-down\"><\/i>\r\n                        <\/div>\r\n                        <div class=\"accordion-slide\">\r\n\t\t\t\t\t\t    <p>Tak, szpitalny system interkomowy BAS-IP mo\u017ce by\u0107 dostosowany do specyficznych potrzeb plac\u00f3wki medycznej. Jego kompatybilno\u015b\u0107 z r\u00f3\u017cnymi urz\u0105dzeniami IP i bezproblemowa integracja z lokalnymi sieciami IP zapewniaj\u0105, \u017ce system mo\u017cna dostosowa\u0107, aby zapewni\u0107 najbardziej wydajne i efektywne rozwi\u0105zanie komunikacyjne dla Twojej plac\u00f3wki.<\/p>\n                        <\/div>\r\n\t\t\t\t\t<\/div>\r\n\t\t\t\t\t\t\t\t\t\t\t\t\t\t\t    <div class=\"accordion-item faq-item\">\r\n                        <div class=\"accordion-opener\">\r\n                            Q: Co sprawia, \u017ce \u200b\u200binterkom do pomieszcze\u0144 czystych BAS-IP nadaje si\u0119 do \u015brodowisk sterylnych?                            <i class=\"fa-solid fa-chevron-down\"><\/i>\r\n                        <\/div>\r\n                        <div class=\"accordion-slide\">\r\n\t\t\t\t\t\t    <p>Interkom do pomieszcze\u0144 czystych BAS-IP zosta\u0142 zaprojektowany, aby spe\u0142nia\u0107 rygorystyczne standardy higieniczne wymagane w sterylnych \u015brodowiskach. System zapewnia nieprzerwan\u0105 komunikacj\u0119 bez naruszania sterylno\u015bci i bezpiecze\u0144stwa pomieszcze\u0144 czystych, co czyni go idealnym wyborem dla plac\u00f3wek medycznych o surowych wymaganiach higienicznych.<\/p>\n                        <\/div>\r\n\t\t\t\t\t<\/div>\r\n\t\t\t\t\t\t\t\t\t\t\t\t\t\t\t    <div class=\"accordion-item faq-item\">\r\n                        <div class=\"accordion-opener\">\r\n                            Q: Jak \u0142atwa jest instalacja i konserwacja systemu interkomowego w szpitalu BAS-IP?                            <i class=\"fa-solid fa-chevron-down\"><\/i>\r\n                        <\/div>\r\n                        <div class=\"accordion-slide\">\r\n\t\t\t\t\t\t    <p>Szpitalny system interkomowy BAS-IP zosta\u0142 zaprojektowany z my\u015bl\u0105 o \u0142atwej instalacji i konserwacji. Bezproblemowa integracja systemu z lokalnymi sieciami IP upraszcza proces instalacji, podczas gdy wysokiej jako\u015bci komponenty sprz\u0119towe, takie jak AV-04AFD i AM-02, zapewniaj\u0105 niezawodno\u015b\u0107 i trwa\u0142o\u015b\u0107 do d\u0142ugotrwa\u0142ego u\u017cytkowania.<\/p>\n                        <\/div>\r\n\t\t\t\t\t<\/div>\r\n\t\t\t\t\t\t\t\t\t<\/div>\r\n\t<\/section>\r\n<!-- END Block FAQ -->\n\n\n<p>Szpitalny system interkomowy BAS-IP oferuje zaawansowane rozwi\u0105zanie komunikacyjne dla plac\u00f3wek medycznych, poprawiaj\u0105c wydajno\u015b\u0107, bezpiecze\u0144stwo i higien\u0119. Zmodernizuj sw\u00f3j system do szpitalnego interkomu BAS-IP ju\u017c dzi\u015b i do\u015bwiadcz r\u00f3\u017cnicy w komunikacji i dzia\u0142aniu Twojej plac\u00f3wki opieki zdrowotnej.<\/p>","protected":false},"excerpt":{"rendered":"<p>System domofonowy w szpitalu firmy BAS-IP &#8211; Elevate Patient Care Przemys\u0142 medyczny nieustannie si\u0119 rozwija, aby zapewni\u0107 pacjentom najlepsz\u0105 mo\u017cliw\u0105 opiek\u0119. Poniewa\u017c komunikacja odgrywa kluczow\u0105 rol\u0119 w dostarczaniu efektywnych i bezpiecznych us\u0142ug medycznych, modernizacja do najnowocze\u015bniejszego szpitalnego systemu interkomowego jest konieczno\u015bci\u0105. Innowacyjne medyczne systemy interkomowe BAS-IP, zaprojektowane specjalnie dla pomieszcze\u0144 czystych i plac\u00f3wek medycznych, zapewniaj\u0105 [&hellip;]<\/p>","protected":false},"author":1,"featured_media":0,"parent":0,"menu_order":0,"comment_status":"closed","ping_status":"closed","template":"","meta":{"inline_featured_image":false,"footnotes":""},"class_list":["post-133960","page","type-page","status-publish","hentry"],"acf":[],"_links":{"self":[{"href":"https:\/\/bas-ip.com\/pl\/wp-json\/wp\/v2\/pages\/133960","targetHints":{"allow":["GET"]}}],"collection":[{"href":"https:\/\/bas-ip.com\/pl\/wp-json\/wp\/v2\/pages"}],"about":[{"href":"https:\/\/bas-ip.com\/pl\/wp-json\/wp\/v2\/types\/page"}],"author":[{"embeddable":true,"href":"https:\/\/bas-ip.com\/pl\/wp-json\/wp\/v2\/users\/1"}],"replies":[{"embeddable":true,"href":"https:\/\/bas-ip.com\/pl\/wp-json\/wp\/v2\/comments?post=133960"}],"version-history":[{"count":4,"href":"https:\/\/bas-ip.com\/pl\/wp-json\/wp\/v2\/pages\/133960\/revisions"}],"predecessor-version":[{"id":134042,"href":"https:\/\/bas-ip.com\/pl\/wp-json\/wp\/v2\/pages\/133960\/revisions\/134042"}],"wp:attachment":[{"href":"https:\/\/bas-ip.com\/pl\/wp-json\/wp\/v2\/media?parent=133960"}],"curies":[{"name":"wp","href":"https:\/\/api.w.org\/{rel}","templated":true}]}}