{"id":133779,"date":"2023-03-27T16:07:41","date_gmt":"2023-03-27T16:07:41","guid":{"rendered":"https:\/\/bas-ip.com\/gates\/"},"modified":"2025-03-18T14:02:54","modified_gmt":"2025-03-18T14:02:54","slug":"gates","status":"publish","type":"page","link":"https:\/\/bas-ip.com\/pl\/gates\/","title":{"rendered":"Bramy"},"content":{"rendered":"<h1 class=\"wp-block-heading\"><strong>System domofonowy przy bramie: popraw swoje bezpiecze\u0144stwo<\/strong><\/h1>\n\n\n\n<p>Witamy w przysz\u0142o\u015bci zarz\u0105dzania dost\u0119pem do nieruchomo\u015bci, gdzie wygoda, bezpiecze\u0144stwo i nowoczesna technologia \u0142\u0105cz\u0105 si\u0119 w jedno. Dzi\u0119ki systemowi wideodomofonowemu BAS-IP, zyskasz niezr\u00f3wnan\u0105 kontrol\u0119 nad punktami dost\u0119pu do swojej nieruchomo\u015bci. Niezale\u017cnie od tego, czy jest to dom jednorodzinny, kompleks mieszkaniowy, czy obiekt komercyjny, nasze systemy wideodomofonowe oferuj\u0105 unikalne funkcje, kt\u00f3re spe\u0142niaj\u0105 Twoje potrzeby. Przyjrzymy si\u0119 kluczowym cechom i zaletom wideodomofonu BAS-IP do bram, dostarczaj\u0105c Ci wszystkich informacji, kt\u00f3re pozwol\u0105 podj\u0105\u0107 \u015bwiadom\u0105 decyzj\u0119.<\/p>\n\n\n\n<h2 class=\"wp-block-heading\"><strong>Dlaczego warto wybra\u0107 system bramowy BAS-IP?<\/strong><\/h2>\n\n\n\n<p>Systemy wideodomofonowe BAS-IP oferuj\u0105 szereg funkcji, kt\u00f3re wyr\u00f3\u017cniaj\u0105 je na tle tradycyjnych wideodomofon\u00f3w do bram. Oto niekt\u00f3re z g\u0142\u00f3wnych korzy\u015bci p\u0142yn\u0105cych z wyboru systemu wideodomofonu BAS-IP do bramy:<\/p>\n\n\n<!-- START Block Features --><section id=\"block_6430528dc3f3e\" class=\"features-section\">\r\n\t\r\n    <div class=\"features-list\">\r\n                    <div class=\"features-item\" data-aos=\"fade-up\">\r\n    <div class=\"features-box\">\r\n                    <div class=\"image-holder\">\r\n                <img loading=\"lazy\" decoding=\"async\" width=\"350\" height=\"320\" src=\"https:\/\/bas-ip.com\/wp-content\/uploads\/2023\/04\/1-3-350x320.jpg\" class=\"attachment-thumbnail_350x320 size-thumbnail_350x320\" alt=\"\" \/>            <\/div>\r\n        \r\n        <div class=\"text-holder\">\r\n                        <h3 class=\"title-block\">Bezproblemowa integracja z lokaln\u0105 sieci\u0105 IP<\/h3>\r\n          \r\n                        <div class=\"text-block\">\r\n                <p>Systemy wideodomofonowe BAS-IP zosta\u0142y zaprojektowane tak, aby dzia\u0142a\u0142y p\u0142ynnie w ramach tej samej lokalnej sieci IP, zapewniaj\u0105c \u0142atw\u0105 instalacj\u0119 i konfiguracj\u0119. Taka bezproblemowa integracja pozwala na beztrudne w\u0142\u0105czenie systemu wideodomofonu do istniej\u0105cej infrastruktury sieciowej, minimalizuj\u0105c problemy z kompatybilno\u015bci\u0105 i redukuj\u0105c z\u0142o\u017cono\u015b\u0107.<\/p>\n              <\/div>\r\n                  <\/div>\r\n    <\/div>\r\n<\/div>\r\n                    <div class=\"features-item\" data-aos=\"fade-up\">\r\n    <div class=\"features-box\">\r\n                    <div class=\"image-holder\">\r\n                <img loading=\"lazy\" decoding=\"async\" width=\"350\" height=\"320\" src=\"https:\/\/bas-ip.com\/wp-content\/uploads\/2023\/04\/2-3-350x320.jpg\" class=\"attachment-thumbnail_350x320 size-thumbnail_350x320\" alt=\"\" \/>            <\/div>\r\n        \r\n        <div class=\"text-holder\">\r\n                        <h3 class=\"title-block\">\u0141\u0105czno\u015b\u0107 na du\u017ce odleg\u0142o\u015bci<\/h3>\r\n          \r\n                        <div class=\"text-block\">\r\n                <p>Jedn\u0105 z wyr\u00f3\u017cniaj\u0105cych cech system\u00f3w wideodomofonowych BAS-IP do bram jest ich zdolno\u015b\u0107 do pracy na du\u017cych odleg\u0142o\u015bciach. Dzi\u0119ki temu s\u0105 one idealnym rozwi\u0105zaniem dla du\u017cych nieruchomo\u015bci, rozleg\u0142ych kompleks\u00f3w mieszkalnych czy obiekt\u00f3w komercyjnych, gdzie punkty dost\u0119pu mog\u0105 by\u0107 rozproszone. Dzi\u0119ki rozwi\u0105zaniom wideodomofonowym BAS-IP mo\u017cesz utrzyma\u0107 bezpieczn\u0105 komunikacj\u0119 i kontrol\u0119 nad ca\u0142\u0105 swoj\u0105 nieruchomo\u015bci\u0105, niezale\u017cnie od odleg\u0142o\u015bci.<\/p>\n              <\/div>\r\n                  <\/div>\r\n    <\/div>\r\n<\/div>\r\n                    <div class=\"features-item\" data-aos=\"fade-up\">\r\n    <div class=\"features-box\">\r\n                    <div class=\"image-holder\">\r\n                <img loading=\"lazy\" decoding=\"async\" width=\"350\" height=\"320\" src=\"https:\/\/bas-ip.com\/wp-content\/uploads\/2023\/04\/3-3-350x320.jpg\" class=\"attachment-thumbnail_350x320 size-thumbnail_350x320\" alt=\"\" \/>            <\/div>\r\n        \r\n        <div class=\"text-holder\">\r\n                        <h3 class=\"title-block\">Sterowanie bram\u0105 na komputerze<\/h3>\r\n          \r\n                        <div class=\"text-block\">\r\n                <p>Systemy wideodomofonowe BAS-IP do bram oferuj\u0105 elastyczno\u015b\u0107 w zarz\u0105dzaniu bramami za pomoc\u0105 komputera. Oznacza to, \u017ce mo\u017cesz zdalnie i wygodnie kontrolowa\u0107 dost\u0119p bez potrzeby posiadania dedykowanego interfejsu fizycznego. Niezale\u017cnie od tego, czy jeste\u015b w domu, czy w biurze, b\u0119dziesz mia\u0142 pe\u0142n\u0105 kontrol\u0119 nad punktami dost\u0119pu do swojej nieruchomo\u015bci, dos\u0142ownie na wyci\u0105gni\u0119cie r\u0119ki.<\/p>\n              <\/div>\r\n                  <\/div>\r\n    <\/div>\r\n<\/div>\r\n                    <div class=\"features-item\" data-aos=\"fade-up\">\r\n    <div class=\"features-box\">\r\n                    <div class=\"image-holder\">\r\n                <img loading=\"lazy\" decoding=\"async\" width=\"350\" height=\"320\" src=\"https:\/\/bas-ip.com\/wp-content\/uploads\/2023\/04\/4-3-350x320.jpg\" class=\"attachment-thumbnail_350x320 size-thumbnail_350x320\" alt=\"\" \/>            <\/div>\r\n        \r\n        <div class=\"text-holder\">\r\n                        <h3 class=\"title-block\">Modu\u0142 podw\u00f3jnej blokady do zarz\u0105dzania wieloma bramami<\/h3>\r\n          \r\n                        <div class=\"text-block\">\r\n                <p>Modu\u0142 podw\u00f3jnego zamka BAS-IP SH-42 umo\u017cliwia jednoczesne sterowanie dwoma bramami za pomoc\u0105 jednego systemu wideodomofonu. Ta funkcja jest idealna dla nieruchomo\u015bci z wieloma punktami dost\u0119pu lub oddzielnymi wej\u015bciami dla pieszych i pojazd\u00f3w, umo\u017cliwiaj\u0105c efektywne zarz\u0105dzanie wszystkimi bramami z jednego scentralizowanego systemu.<\/p>\n              <\/div>\r\n                  <\/div>\r\n    <\/div>\r\n<\/div>\r\n                    <div class=\"features-item\" data-aos=\"fade-up\">\r\n    <div class=\"features-box\">\r\n                    <div class=\"image-holder\">\r\n                <img loading=\"lazy\" decoding=\"async\" width=\"350\" height=\"320\" src=\"https:\/\/bas-ip.com\/wp-content\/uploads\/2023\/04\/5-4-350x320.jpg\" class=\"attachment-thumbnail_350x320 size-thumbnail_350x320\" alt=\"\" \/>            <\/div>\r\n        \r\n        <div class=\"text-holder\">\r\n                        <h3 class=\"title-block\">Integracja z istniej\u0105cymi systemami CCTV IP<\/h3>\r\n          \r\n                        <div class=\"text-block\">\r\n                <p>Systemy wideodomofonowe BAS-IP do bram mog\u0105 by\u0107 \u0142atwo zintegrowane z istniej\u0105c\u0105 infrastruktur\u0105 IP CCTV. Dzi\u0119ki temu mo\u017cesz monitorowa\u0107 i kontrolowa\u0107 punkty dost\u0119pu do swojej nieruchomo\u015bci za pomoc\u0105 tego samego interfejsu, co kamery bezpiecze\u0144stwa, co upraszcza zarz\u0105dzanie bezpiecze\u0144stwem i zwi\u0119ksza og\u00f3ln\u0105 efektywno\u015b\u0107.<\/p>\n              <\/div>\r\n                  <\/div>\r\n    <\/div>\r\n<\/div>\r\n                    <div class=\"features-item\" data-aos=\"fade-up\">\r\n    <div class=\"features-box\">\r\n                    <div class=\"image-holder\">\r\n                <img loading=\"lazy\" decoding=\"async\" width=\"350\" height=\"320\" src=\"https:\/\/bas-ip.com\/wp-content\/uploads\/2023\/04\/6-3-350x320.jpg\" class=\"attachment-thumbnail_350x320 size-thumbnail_350x320\" alt=\"\" \/>            <\/div>\r\n        \r\n        <div class=\"text-holder\">\r\n                        <h3 class=\"title-block\">Integracja rozpoznawania tablic rejestracyjnych<\/h3>\r\n          \r\n                        <div class=\"text-block\">\r\n                <p>Panele wej\u015bciowe BAS-IP mog\u0105 by\u0107 zintegrowane z kamerami rozpoznawania tablic rejestracyjnych, umo\u017cliwiaj\u0105c automatyczne otwieranie dost\u0119pu dla wcze\u015bniej autoryzowanych pojazd\u00f3w. Ta zaawansowana funkcja znacz\u0105co zwi\u0119ksza bezpiecze\u0144stwo i wygod\u0119, automatycznie otwieraj\u0105c bariery dla upowa\u017cnionych pojazd\u00f3w, minimalizuj\u0105c czas oczekiwania i redukuj\u0105c potrzeb\u0119 r\u0119cznego sterowania dost\u0119pem.<\/p>\n              <\/div>\r\n                  <\/div>\r\n    <\/div>\r\n<\/div>\r\n            <\/div>\r\n<\/section>\r\n<!-- END Block Features -->\n\n\n<h2 class=\"wp-block-heading\"><strong>Kompatybilny z r\u00f3\u017cnymi typami bram<\/strong><\/h2>\n\n\n\n<p>Wideodomofony BAS-IP do bram mog\u0105 by\u0107 zintegrowane z r\u00f3\u017cnymi mechanizmami bramowymi, zapewniaj\u0105c u\u017cytkownikom p\u0142ynne do\u015bwiadczenie komunikacji:<\/p>\n\n\n\n<ol class=\"wp-block-list\">\n<li><strong>Brama skrzyd\u0142owa:<\/strong> Te bramy otwieraj\u0105 si\u0119 i zamykaj\u0105 ruchem skrzyd\u0142owym, zar\u00f3wno do wewn\u0105trz, jak i na zewn\u0105trz. S\u0105 popularne w \u015brodowisku mieszkalnym i komercyjnym dzi\u0119ki klasycznemu wygl\u0105dowi i \u0142atwo\u015bci obs\u0142ugi.<\/li>\n\n\n\n<li><strong>Brama przesuwna:<\/strong> Cz\u0119sto stosowane w \u015brodowisku komercyjnym i przemys\u0142owym, bramy przesuwne poruszaj\u0105 si\u0119 poziomo wzd\u0142u\u017c toru, aby otworzy\u0107 si\u0119 i zamkn\u0105\u0107.<\/li>\n\n\n\n<li><strong>Brama z barier\u0105:<\/strong> Cz\u0119sto spotykane na parkingach i w strefach kontrolowanych dost\u0119pem, bramy z barier\u0105 u\u017cywaj\u0105 pionowego ramienia do kontrolowania wjazdu i wyjazdu.<\/li>\n\n\n\n<li><strong>Brama sk\u0142adana:<\/strong> Te bramy sk\u0142adaj\u0105 si\u0119 z dw\u00f3ch paneli, kt\u00f3re sk\u0142adaj\u0105 si\u0119 razem przy otwieraniu, oszcz\u0119dzaj\u0105c miejsce i zapewniaj\u0105c elegancki wygl\u0105d.<\/li>\n\n\n\n<li><strong>Brama pionowego podnoszenia:<\/strong> Zwykle u\u017cywane w obszarach o wysokim poziomie bezpiecze\u0144stwa, bramy pionowego podnoszenia poruszaj\u0105 si\u0119 w g\u00f3r\u0119 i w d\u00f3\u0142, aby otworzy\u0107 si\u0119 i zamkn\u0105\u0107.<\/li>\n\n\n\n<li><strong>Bramki obrotowe:<\/strong> Powszechne w w\u0119z\u0142ach transportu publicznego i niekt\u00f3rych budynkach komercyjnych, bramki obrotowe kontroluj\u0105 dost\u0119p, umo\u017cliwiaj\u0105c przej\u015bcie tylko jednej osoby naraz.<\/li>\n\n\n\n<li><strong>Brama dla pieszych:<\/strong> Te bramy zosta\u0142y zaprojektowane specjalnie dla ruchu pieszego i mo\u017cna je znale\u017a\u0107 w r\u00f3\u017cnych miejscach, takich jak osiedla mieszkaniowe, parki czy kompleksy komercyjne<\/li>\n<\/ol>\n\n\n\n<p>Elastyczno\u015b\u0107 wideodomofonu BAS-IP sprawia, \u017ce jest to idealny wyb\u00f3r dla szerokiego zakresu typ\u00f3w bram, zapewniaj\u0105c efektywne i bezpieczne zarz\u0105dzanie dost\u0119pem do nieruchomo\u015bci mieszkalnych, komercyjnych i przemys\u0142owych.<\/p>\n\n\n\n<h2 class=\"wp-block-heading\"><strong>Zrozumienie komponent\u00f3w systemu domofonowego BAS-IP dla bram<\/strong><\/h2>\n\n\n\n<p>Systemy wideodomofonowe BAS-IP do bram sk\u0142adaj\u0105 si\u0119 z trzech g\u0142\u00f3wnych komponent\u00f3w, z kt\u00f3rych ka\u017cdy odgrywa kluczow\u0105 rol\u0119 w tworzeniu kompleksowego i efektywnego systemu wideodomofonu do bram:<\/p>\n\n\n<!-- START Block Features --><section id=\"block_643053d1c3f45\" class=\"features-section\">\r\n\t\r\n    <div class=\"features-list\">\r\n                    <div class=\"features-item\" data-aos=\"fade-up\">\r\n    <div class=\"features-box\">\r\n                    <div class=\"image-holder\">\r\n                <img loading=\"lazy\" decoding=\"async\" width=\"350\" height=\"320\" src=\"https:\/\/bas-ip.com\/wp-content\/uploads\/2023\/04\/7-1-350x320.jpg\" class=\"attachment-thumbnail_350x320 size-thumbnail_350x320\" alt=\"\" \/>            <\/div>\r\n        \r\n        <div class=\"text-holder\">\r\n                        <h3 class=\"title-block\">Panele drzwiowe IP Intercom<\/h3>\r\n          \r\n                        <div class=\"text-block\">\r\n                <p>Panele wej\u015bciowe BAS-IP do drzwi stanowi\u0105 g\u0142\u00f3wny interfejs w systemie wideodomofonu do bramy. S\u0105 zaprojektowane z my\u015bl\u0105 o trwa\u0142o\u015bci, odporno\u015bci na warunki atmosferyczne i \u0142atwo\u015bci obs\u0142ugi. Dzi\u0119ki szerokiej gamie wzor\u00f3w i wyko\u0144cze\u0144, panele te mo\u017cna dostosowa\u0107 do estetyki Twojej nieruchomo\u015bci. Wyposa\u017cone w wbudowane kamery, mikrofony i g\u0142o\u015bniki, panele wej\u015bciowe BAS-IP zapewniaj\u0105 krystalicznie czyst\u0105 komunikacj\u0119 audio i wideo pomi\u0119dzy odwiedzaj\u0105cym a mieszka\u0144cem lub personelem ochrony.<\/p>\n              <\/div>\r\n                  <\/div>\r\n    <\/div>\r\n<\/div>\r\n                    <div class=\"features-item\" data-aos=\"fade-up\">\r\n    <div class=\"features-box\">\r\n                    <div class=\"image-holder\">\r\n                <img loading=\"lazy\" decoding=\"async\" width=\"350\" height=\"320\" src=\"https:\/\/bas-ip.com\/wp-content\/uploads\/2023\/04\/8-1-350x320.jpg\" class=\"attachment-thumbnail_350x320 size-thumbnail_350x320\" alt=\"\" \/>            <\/div>\r\n        \r\n        <div class=\"text-holder\">\r\n                        <h3 class=\"title-block\">Wideotelefony<\/h3>\r\n          \r\n                        <div class=\"text-block\">\r\n                <p>Wideodomofony BAS-IP pe\u0142ni\u0105 rol\u0119 wewn\u0119trznego interfejsu w systemie wideodomofonowym, umo\u017cliwiaj\u0105c Ci widzenie i rozmawianie z odwiedzaj\u0105cymi przy bramie. Te urz\u0105dzenia oferuj\u0105 wysokiej jako\u015bci komunikacj\u0119 wideo i audio, zapewniaj\u0105c, \u017ce mo\u017cesz wyra\u017anie zidentyfikowa\u0107 i porozmawia\u0107 z odwiedzaj\u0105cymi przed udzieleniem im dost\u0119pu do swojej nieruchomo\u015bci.<\/p>\n              <\/div>\r\n                  <\/div>\r\n    <\/div>\r\n<\/div>\r\n                    <div class=\"features-item\" data-aos=\"fade-up\">\r\n    <div class=\"features-box\">\r\n                    <div class=\"image-holder\">\r\n                <img loading=\"lazy\" decoding=\"async\" width=\"350\" height=\"320\" src=\"https:\/\/bas-ip.com\/wp-content\/uploads\/2023\/04\/9-1-350x320.jpg\" class=\"attachment-thumbnail_350x320 size-thumbnail_350x320\" alt=\"\" \/>            <\/div>\r\n        \r\n        <div class=\"text-holder\">\r\n                        <h3 class=\"title-block\">Prze\u0142\u0105czniki POE<\/h3>\r\n          \r\n                        <div class=\"text-block\">\r\n                <p>Prze\u0142\u0105czniki Power over Ethernet (POE) s\u0105 niezb\u0119dnym elementem systemu BAS-IP do wideodomofon\u00f3w do bram elektrycznych. Zapewniaj\u0105 one zar\u00f3wno zasilanie, jak i \u0142\u0105czno\u015b\u0107 danych dla urz\u0105dze\u0144 wideodomofonowych za pomoc\u0105 pojedynczego kabla Ethernet. To upraszcza instalacj\u0119, redukuje ba\u0142agan kablowy i zapewnia niezawodne, szybkie po\u0142\u0105czenie pomi\u0119dzy komponentami systemu wideodomofonowego do bramy.<\/p>\n              <\/div>\r\n                  <\/div>\r\n    <\/div>\r\n<\/div>\r\n            <\/div>\r\n<\/section>\r\n<!-- END Block Features -->\n\n<!-- START Block FAQ --><section id=\"block_6421c0e7ae86e\" class=\"faq-section\">\r\n\t\t    <h2 class=\"title-section\" data-aos=\"fade-right\">Cz\u0119sto zadawane pytania (FAQ)<\/h2>\r\n\t\t\t    <div class=\"faq-list js-accordion\" data-aos=\"fade-up\">\r\n\t\t\t\t\t\t\t\t\t\t\t    <div class=\"accordion-item faq-item\">\r\n                        <div class=\"accordion-opener\">\r\n                            Q: Czy mog\u0119 u\u017cywa\u0107 systemu bramowego BAS-IP z moj\u0105 istniej\u0105c\u0105 lokaln\u0105 sieci\u0105 IP?                            <i class=\"fa-solid fa-chevron-down\"><\/i>\r\n                        <\/div>\r\n                        <div class=\"accordion-slide\">\r\n\t\t\t\t\t\t    <p>Tak, systemy wideodomofonowe BAS-IP do bram zosta\u0142y zaprojektowane do p\u0142ynnej pracy w ramach istniej\u0105cej lokalnej sieci IP, co sprawia, \u017ce integracja jest \u0142atwa i bezproblemowa.<\/p>\n                        <\/div>\r\n\t\t\t\t\t<\/div>\r\n\t\t\t\t\t\t\t\t\t\t\t\t\t\t\t    <div class=\"accordion-item faq-item\">\r\n                        <div class=\"accordion-opener\">\r\n                            Q: Jak systemy domofonowe BAS-IP do bram sprawdzaj\u0105 si\u0119 na du\u017cych odleg\u0142o\u015bciach?                            <i class=\"fa-solid fa-chevron-down\"><\/i>\r\n                        <\/div>\r\n                        <div class=\"accordion-slide\">\r\n\t\t\t\t\t\t    <p>Systemy wideodomofonowe BAS-IP do bram zosta\u0142y zaprojektowane do efektywnej pracy na du\u017cych odleg\u0142o\u015bciach, co sprawia, \u017ce s\u0105 idealnym wyborem dla nieruchomo\u015bci z rozproszonymi punktami dost\u0119pu lub du\u017cymi obiektami.<\/p>\n                        <\/div>\r\n\t\t\t\t\t<\/div>\r\n\t\t\t\t\t\t\t\t\t\t\t\t\t\t\t    <div class=\"accordion-item faq-item\">\r\n                        <div class=\"accordion-opener\">\r\n                            Q: W jaki spos\u00f3b mog\u0119 zintegrowa\u0107 wideodomofon bramowy BAS-IP z istniej\u0105cym systemem CCTV IP?                            <i class=\"fa-solid fa-chevron-down\"><\/i>\r\n                        <\/div>\r\n                        <div class=\"accordion-slide\">\r\n\t\t\t\t\t\t    <p>Systemy wideodomofonowe BAS-IP do bram mog\u0105 by\u0107 \u0142atwo zintegrowane z istniej\u0105c\u0105 infrastruktur\u0105 IP CCTV, umo\u017cliwiaj\u0105c zarz\u0105dzanie i monitorowanie punkt\u00f3w dost\u0119pu do Twojej nieruchomo\u015bci za pomoc\u0105 tego samego interfejsu, co kamery bezpiecze\u0144stwa.<\/p>\n                        <\/div>\r\n\t\t\t\t\t<\/div>\r\n\t\t\t\t\t\t\t\t\t\t\t\t\t\t\t    <div class=\"accordion-item faq-item\">\r\n                        <div class=\"accordion-opener\">\r\n                            Q: Czy mo\u017cna sterowa\u0107 wieloma bramami za pomoc\u0105 jednego interkomu BAS-IP?                            <i class=\"fa-solid fa-chevron-down\"><\/i>\r\n                        <\/div>\r\n                        <div class=\"accordion-slide\">\r\n\t\t\t\t\t\t    <p>Tak, dzi\u0119ki modu\u0142owi podw\u00f3jnego zamka BAS-IP SH-42 mo\u017cesz jednocze\u015bnie kontrolowa\u0107 dwie bramy za pomoc\u0105 jednego systemu wideodomofonu do bramy. Ta funkcja jest idealna dla nieruchomo\u015bci z wieloma punktami dost\u0119pu lub oddzielnymi wej\u015bciami dla pieszych i pojazd\u00f3w.<\/p>\n                        <\/div>\r\n\t\t\t\t\t<\/div>\r\n\t\t\t\t\t\t\t\t\t<\/div>\r\n\t<\/section>\r\n<!-- END Block FAQ -->\n\n\n<p>Systemy wideodomofonowe BAS-IP do bram oferuj\u0105 doskona\u0142e po\u0142\u0105czenie wygody, bezpiecze\u0144stwa i nowoczesnej technologii, zapewniaj\u0105c niezr\u00f3wnan\u0105 kontrol\u0119 nad dost\u0119pem do Twojej nieruchomo\u015bci. Dzi\u0119ki unikalnym funkcjom, takim jak bezproblemowa integracja z lokaln\u0105 sieci\u0105 IP, \u0142\u0105czno\u015b\u0107 na du\u017c\u0105 odleg\u0142o\u015b\u0107, kontrola bramy z poziomu komputera, funkcjonalno\u015b\u0107 modu\u0142u podw\u00f3jnego zamka, integracja z systemem IP CCTV oraz kompatybilno\u015b\u0107 z kamerami rozpoznawania tablic rejestracyjnych, systemy wideodomofonowe BAS-IP do bram stanowi\u0105 wyj\u0105tkowy wyb\u00f3r dla ka\u017cdego w\u0142a\u015bciciela nieruchomo\u015bci, kt\u00f3ry pragnie usprawni\u0107 zarz\u0105dzanie dost\u0119pem.<\/p>\n\n\n\n<p>Wybieraj\u0105c system wideodomofonu BAS-IP do bramy, inwestujesz w rozwi\u0105zanie, kt\u00f3re \u0142atwo dostosuje si\u0119 do Twoich potrzeb, b\u0119dzie ros\u0142o razem z Twoj\u0105 nieruchomo\u015bci\u0105 i zapewni Ci spok\u00f3j ducha, wiedz\u0105c, \u017ce Twoja nieruchomo\u015b\u0107 jest bezpieczna i dost\u0119pna tylko dla os\u00f3b, kt\u00f3rym ufasz. Do\u015bwiadcz r\u00f3\u017cnicy, jak\u0105 mo\u017ce wprowadzi\u0107 system wideodomofonu BAS-IP do bramy w Twojej nieruchomo\u015bci ju\u017c dzi\u015b.<\/p>","protected":false},"excerpt":{"rendered":"<p>System domofonowy przy bramie: popraw swoje bezpiecze\u0144stwo Witamy w przysz\u0142o\u015bci zarz\u0105dzania dost\u0119pem do nieruchomo\u015bci, gdzie wygoda, bezpiecze\u0144stwo i nowoczesna technologia \u0142\u0105cz\u0105 si\u0119 w jedno. Dzi\u0119ki systemowi wideodomofonowemu BAS-IP, zyskasz niezr\u00f3wnan\u0105 kontrol\u0119 nad punktami dost\u0119pu do swojej nieruchomo\u015bci. Niezale\u017cnie od tego, czy jest to dom jednorodzinny, kompleks mieszkaniowy, czy obiekt komercyjny, nasze systemy wideodomofonowe oferuj\u0105 unikalne [&hellip;]<\/p>","protected":false},"author":1,"featured_media":0,"parent":0,"menu_order":0,"comment_status":"closed","ping_status":"closed","template":"","meta":{"inline_featured_image":false,"footnotes":""},"class_list":["post-133779","page","type-page","status-publish","hentry"],"acf":[],"_links":{"self":[{"href":"https:\/\/bas-ip.com\/pl\/wp-json\/wp\/v2\/pages\/133779","targetHints":{"allow":["GET"]}}],"collection":[{"href":"https:\/\/bas-ip.com\/pl\/wp-json\/wp\/v2\/pages"}],"about":[{"href":"https:\/\/bas-ip.com\/pl\/wp-json\/wp\/v2\/types\/page"}],"author":[{"embeddable":true,"href":"https:\/\/bas-ip.com\/pl\/wp-json\/wp\/v2\/users\/1"}],"replies":[{"embeddable":true,"href":"https:\/\/bas-ip.com\/pl\/wp-json\/wp\/v2\/comments?post=133779"}],"version-history":[{"count":3,"href":"https:\/\/bas-ip.com\/pl\/wp-json\/wp\/v2\/pages\/133779\/revisions"}],"predecessor-version":[{"id":133897,"href":"https:\/\/bas-ip.com\/pl\/wp-json\/wp\/v2\/pages\/133779\/revisions\/133897"}],"wp:attachment":[{"href":"https:\/\/bas-ip.com\/pl\/wp-json\/wp\/v2\/media?parent=133779"}],"curies":[{"name":"wp","href":"https:\/\/api.w.org\/{rel}","templated":true}]}}