{"id":133498,"date":"2023-03-27T12:22:38","date_gmt":"2023-03-27T12:22:38","guid":{"rendered":"https:\/\/bas-ip.com\/school\/"},"modified":"2025-03-13T10:47:41","modified_gmt":"2025-03-13T10:47:41","slug":"school","status":"publish","type":"page","link":"https:\/\/bas-ip.com\/pl\/school\/","title":{"rendered":"Szko\u0142a"},"content":{"rendered":"<h1 class=\"wp-block-heading\"><strong>Systemy domofonowe dla szk\u00f3\u0142<\/strong><\/h1>\n\n\n\n<p>W dzisiejszym \u015bwiecie p\u0142ynna komunikacja i bezpiecze\u0144stwo s\u0105 kluczowymi elementami ka\u017cdej instytucji edukacyjnej. Wydajny system domofonowy w szkole nie tylko zapewnia szybk\u0105 komunikacj\u0119, ale tak\u017ce zwi\u0119ksza bezpiecze\u0144stwo uczni\u00f3w, nauczycieli i personelu. Oto system domofonowy BAS-IP dla szk\u00f3\u0142, najlepsze rozwi\u0105zanie, kt\u00f3re \u0142\u0105czy solidn\u0105 technologi\u0119, innowacyjne funkcje i niezr\u00f3wnan\u0105 wydajno\u015b\u0107. Ten artyku\u0142 zag\u0142\u0119bia si\u0119 w kluczowe cechy i zalety system\u00f3w domofonowych BAS-IP, pokazuj\u0105c, dlaczego s\u0105 one najlepszym wyborem dla Twojej szko\u0142y.<\/p>\n\n\n\n<h2 class=\"wp-block-heading\"><strong>Si\u0142a domofon\u00f3w IP dla szk\u00f3\u0142<\/strong><\/h2>\n\n\n\n<h3 class=\"wp-block-heading\"><strong>Przewodowy system domofonowy IP: najlepszy wyb\u00f3r<\/strong><\/h3>\n\n\n\n<p>Chocia\u017c bezprzewodowe systemy domofonowe oferuj\u0105 pewien poziom wygody, przewodowe systemy domofonowe IP zapewniaj\u0105 wy\u017cszy poziom niezawodno\u015bci, bezpiecze\u0144stwa i wydajno\u015bci. Wybieraj\u0105c system domofonowy BAS-IP dla szk\u00f3\u0142, inwestujesz w bezpieczne i stabilne rozwi\u0105zanie, kt\u00f3re gwarantuje nieprzerwan\u0105 komunikacj\u0119 i kontrol\u0119.<\/p>\n\n\n\n<h3 class=\"wp-block-heading\"><strong>Kompleksowe rozwi\u0105zanie dla plac\u00f3wek edukacyjnych<\/strong><\/h3>\n\n\n\n<p>System domofonowy BAS-IP zosta\u0142 zaprojektowany z my\u015bl\u0105 o szko\u0142ach, kampusach i uczelniach. Bezproblemowo integruje panele audio, terminale concierge i prze\u0142\u0105czniki POE, tworz\u0105c ujednolicon\u0105 sie\u0107 komunikacyjn\u0105, kt\u00f3ra jest zar\u00f3wno wydajna, jak i ekonomiczna. Dzi\u0119ki unikalnym funkcjom, takim jak monitorowanie temperatury przy wej\u015bciu do szko\u0142y, ten system domofonowy zapewnia zwi\u0119kszone bezpiecze\u0144stwo i komfort dla wszystkich u\u017cytkownik\u00f3w.<\/p>\n\n\n\n<h2 class=\"wp-block-heading\"><strong>Kluczowe komponenty systemu interkomowego BAS-IP w szkole<\/strong><\/h2>\n\n\n<!-- START Block Features --><section id=\"block_6430565dc8a2b\" class=\"features-section\">\r\n\t\r\n    <div class=\"features-list\">\r\n                    <div class=\"features-item\" data-aos=\"fade-up\">\r\n    <div class=\"features-box\">\r\n                    <div class=\"image-holder\">\r\n                <img loading=\"lazy\" decoding=\"async\" width=\"350\" height=\"320\" src=\"https:\/\/bas-ip.com\/wp-content\/uploads\/2023\/04\/1-4-350x320.jpg\" class=\"attachment-thumbnail_350x320 size-thumbnail_350x320\" alt=\"\" \/>            <\/div>\r\n        \r\n        <div class=\"text-holder\">\r\n                        <h3 class=\"title-block\">Panel audio BAS-IP AV-04AFD<\/h3>\r\n          \r\n                        <div class=\"text-block\">\r\n                <p>Panel audio AV-04AFD to przyst\u0119pne cenowo i bogate w funkcje rozwi\u0105zanie domofonowe, zaprojektowane specjalnie dla instytucji edukacyjnych. Umo\u017cliwia krystalicznie czyst\u0105 komunikacj\u0119 mi\u0119dzy r\u00f3\u017cnymi obszarami szko\u0142y, zapewniaj\u0105c jednocze\u015bnie szybk\u0105 kontrol\u0119 dost\u0119pu.<\/p>\n              <\/div>\r\n                  <\/div>\r\n    <\/div>\r\n<\/div>\r\n                    <div class=\"features-item\" data-aos=\"fade-up\">\r\n    <div class=\"features-box\">\r\n                    <div class=\"image-holder\">\r\n                <img loading=\"lazy\" decoding=\"async\" width=\"350\" height=\"320\" src=\"https:\/\/bas-ip.com\/wp-content\/uploads\/2023\/04\/2-4-350x320.jpg\" class=\"attachment-thumbnail_350x320 size-thumbnail_350x320\" alt=\"\" \/>            <\/div>\r\n        \r\n        <div class=\"text-holder\">\r\n                        <h3 class=\"title-block\">Terminal Concierge BAS-IP AM-02<\/h3>\r\n          \r\n                        <div class=\"text-block\">\r\n                <p>Terminal concierge AM-02 s\u0142u\u017cy jako centralny punkt kontrolny dla ca\u0142ego systemu domofonowego, umo\u017cliwiaj\u0105c personelowi zarz\u0105dzanie po\u0142\u0105czeniami, monitorowanie wej\u015b\u0107 i \u0142atwe udzielanie dost\u0119pu. Jego przyjazny dla u\u017cytkownika interfejs czyni go idealnym wyborem do sprawnej komunikacji i administracji.<\/p>\n              <\/div>\r\n                  <\/div>\r\n    <\/div>\r\n<\/div>\r\n                    <div class=\"features-item\" data-aos=\"fade-up\">\r\n    <div class=\"features-box\">\r\n                    <div class=\"image-holder\">\r\n                <img loading=\"lazy\" decoding=\"async\" width=\"350\" height=\"320\" src=\"https:\/\/bas-ip.com\/wp-content\/uploads\/2023\/04\/3-4-350x320.jpg\" class=\"attachment-thumbnail_350x320 size-thumbnail_350x320\" alt=\"\" \/>            <\/div>\r\n        \r\n        <div class=\"text-holder\">\r\n                        <h3 class=\"title-block\">Prze\u0142\u0105cznik BAS-IP SH-20.16 16-portowy POE<\/h3>\r\n          \r\n                        <div class=\"text-block\">\r\n                <p>16-portowy prze\u0142\u0105cznik POE SH-20.16 zapewnia niezb\u0119dne zasilanie i \u0142\u0105czno\u015b\u0107 dla systemu domofonowego BAS-IP, gwarantuj\u0105c p\u0142ynne i nieprzerwane dzia\u0142anie na terenie ca\u0142ego kampusu szkolnego.<\/p>\n              <\/div>\r\n                  <\/div>\r\n    <\/div>\r\n<\/div>\r\n                    <div class=\"features-item\" data-aos=\"fade-up\">\r\n    <div class=\"features-box\">\r\n                    <div class=\"image-holder\">\r\n                <img loading=\"lazy\" decoding=\"async\" width=\"350\" height=\"320\" src=\"https:\/\/bas-ip.com\/wp-content\/uploads\/2023\/04\/4-4-350x320.jpg\" class=\"attachment-thumbnail_350x320 size-thumbnail_350x320\" alt=\"\" \/>            <\/div>\r\n        \r\n        <div class=\"text-holder\">\r\n                        <h3 class=\"title-block\">Model temperatury BAS-IP SH-31TM<\/h3>\r\n          \r\n                        <div class=\"text-block\">\r\n                <p>Model temperaturowy SH-31TM mo\u017cna zainstalowa\u0107 przy wej\u015bciu do szko\u0142y, co umo\u017cliwia monitorowanie temperatury w czasie rzeczywistym i pomaga w utrzymaniu zdrowego \u015brodowiska dla uczni\u00f3w, personelu i go\u015bci. Dodaj\u0105c t\u0119 dodatkow\u0105 warstw\u0119 bezpiecze\u0144stwa, Twoja szko\u0142a mo\u017ce proaktywnie reagowa\u0107 na potencjalne problemy zdrowotne i dba\u0107 o dobro wszystkich przebywaj\u0105cych na terenie kampusu.<\/p>\n              <\/div>\r\n                  <\/div>\r\n    <\/div>\r\n<\/div>\r\n                    <div class=\"features-item features-full-width\" data-aos=\"fade-up\">\r\n    <div class=\"features-box image-position-left\">\r\n                <div class=\"image-holder\">\r\n            <img loading=\"lazy\" decoding=\"async\" width=\"1\" height=\"1\" src=\"https:\/\/bas-ip.com\/wp-content\/uploads\/2023\/04\/school-1.svg\" class=\"attachment-thumbnail_350x320 size-thumbnail_350x320\" alt=\"\" \/>          <\/div>\r\n      \r\n      <div class=\"text-holder\">\r\n                        <h3 class=\"title-block\">Wykorzystanie sieci IP w celu bezproblemowej integracji<\/h3>\r\n          \r\n                        <div class=\"text-block\">\r\n                <p>Systemy domofonowe BAS-IP s\u0105 zaprojektowane do bezproblemowej wsp\u00f3\u0142pracy z istniej\u0105c\u0105 lokaln\u0105 sieci\u0105 IP w Twojej szkole, co umo\u017cliwia \u0142atw\u0105 instalacj\u0119 i konserwacj\u0119. Ta integracja u\u0142atwia lepsz\u0105 komunikacj\u0119, kontrol\u0119 dost\u0119pu i bezpiecze\u0144stwo w ca\u0142ej instytucji edukacyjnej.<\/p>\n              <\/div>\r\n                <\/div>\r\n    <\/div>\r\n<\/div>\r\n                    <div class=\"features-item features-full-width\" data-aos=\"fade-up\">\r\n    <div class=\"features-box image-position-right\">\r\n                <div class=\"image-holder\">\r\n            <img loading=\"lazy\" decoding=\"async\" width=\"1\" height=\"1\" src=\"https:\/\/bas-ip.com\/wp-content\/uploads\/2023\/04\/collage-1.svg\" class=\"attachment-thumbnail_350x320 size-thumbnail_350x320\" alt=\"\" \/>          <\/div>\r\n      \r\n      <div class=\"text-holder\">\r\n                        <h3 class=\"title-block\">Zdalny dost\u0119p i kontrola z Twojego komputera<\/h3>\r\n          \r\n                        <div class=\"text-block\">\r\n                <p>Dzi\u0119ki zaawansowanemu systemowi domofonowemu BAS-IP pracownicy szko\u0142y mog\u0105 z \u0142atwo\u015bci\u0105 korzysta\u0107 ze swoich komputer\u00f3w PC do komunikacji przez domofon, monitorowania wej\u015b\u0107 i kontrolowania dost\u0119pu do drzwi. Ta elastyczno\u015b\u0107 pozwala na skr\u00f3cenie czasu reakcji i zwi\u0119kszenie efektywno\u015bci w zarz\u0105dzaniu codziennymi zadaniami i sytuacjami awaryjnymi.<\/p>\n              <\/div>\r\n                <\/div>\r\n    <\/div>\r\n<\/div>\r\n            <\/div>\r\n<\/section>\r\n<!-- END Block Features -->\n\n<!-- START Block FAQ --><section id=\"block_64218de5ac119\" class=\"faq-section\">\r\n\t\t    <h2 class=\"title-section\" data-aos=\"fade-right\">Cz\u0119sto zadawane pytania<\/h2>\r\n\t\t\t    <div class=\"faq-list js-accordion\" data-aos=\"fade-up\">\r\n\t\t\t\t\t\t\t\t\t\t\t    <div class=\"accordion-item faq-item\">\r\n                        <div class=\"accordion-opener\">\r\n                            Q: Czy system interkomowy BAS-IP dla szk\u00f3\u0142 mo\u017cna \u0142atwo zintegrowa\u0107 z nasz\u0105 istniej\u0105c\u0105 infrastruktur\u0105?                            <i class=\"fa-solid fa-chevron-down\"><\/i>\r\n                        <\/div>\r\n                        <div class=\"accordion-slide\">\r\n\t\t\t\t\t\t    <p>Tak, systemy domofonowe BAS-IP mo\u017cna \u0142atwo zintegrowa\u0107 z istniej\u0105c\u0105 lokaln\u0105 sieci\u0105 IP w Twojej szkole, co umo\u017cliwia bezproblemowy i ekonomiczny proces instalacji.<\/p>\n                        <\/div>\r\n\t\t\t\t\t<\/div>\r\n\t\t\t\t\t\t\t\t\t\t\t\t\t\t\t    <div class=\"accordion-item faq-item\">\r\n                        <div class=\"accordion-opener\">\r\n                            Q: W jaki spos\u00f3b system domofonowy BAS-IP zapewnia bezpiecze\u0144stwo naszym studentom i pracownikom?                            <i class=\"fa-solid fa-chevron-down\"><\/i>\r\n                        <\/div>\r\n                        <div class=\"accordion-slide\">\r\n\t\t\t\t\t\t    <p>System domofonowy BAS-IP oferuje wiele funkcji bezpiecze\u0144stwa, takich jak monitorowanie temperatury przy wej\u015bciach, szybka kontrola dost\u0119pu oraz mo\u017cliwo\u015b\u0107 monitorowania i zarz\u0105dzania komunikacj\u0105 i dost\u0119pem do drzwi z komputera, zapewniaj\u0105c bezpieczne \u015brodowisko dla wszystkich.<\/p>\n                        <\/div>\r\n\t\t\t\t\t<\/div>\r\n\t\t\t\t\t\t\t\t\t\t\t\t\t\t\t    <div class=\"accordion-item faq-item\">\r\n                        <div class=\"accordion-opener\">\r\n                            Q: Czy system domofonowy BAS-IP jest kompatybilny z innymi urz\u0105dzeniami i systemami komunikacyjnymi?                            <i class=\"fa-solid fa-chevron-down\"><\/i>\r\n                        <\/div>\r\n                        <div class=\"accordion-slide\">\r\n\t\t\t\t\t\t    <p>Tak, system domofonowy BAS-IP zosta\u0142 zaprojektowany do bezproblemowej wsp\u00f3\u0142pracy z r\u00f3\u017cnorodnymi urz\u0105dzeniami i systemami komunikacyjnymi, zapewniaj\u0105c kompleksowe i elastyczne rozwi\u0105zanie dla potrzeb komunikacyjnych Twojej szko\u0142y.<\/p>\n                        <\/div>\r\n\t\t\t\t\t<\/div>\r\n\t\t\t\t\t\t\t\t\t\t\t\t\t\t\t    <div class=\"accordion-item faq-item\">\r\n                        <div class=\"accordion-opener\">\r\n                            Q: Jak niezawodne s\u0105 przewodowe systemy domofon\u00f3w IP w por\u00f3wnaniu z systemami bezprzewodowymi?                            <i class=\"fa-solid fa-chevron-down\"><\/i>\r\n                        <\/div>\r\n                        <div class=\"accordion-slide\">\r\n\t\t\t\t\t\t    <p>Przewodowe systemy domofonowe IP, takie jak system domofonowy BAS-IP dla szk\u00f3\u0142, oferuj\u0105 lepsz\u0105 niezawodno\u015b\u0107, bezpiecze\u0144stwo i wydajno\u015b\u0107 w por\u00f3wnaniu z bezprzewodowymi systemami domofonowymi. Zapewniaj\u0105 stabiln\u0105, nieprzerwan\u0105 komunikacj\u0119 i kontrol\u0119, co czyni je idealnym wyborem dla instytucji edukacyjnych.<\/p>\n                        <\/div>\r\n\t\t\t\t\t<\/div>\r\n\t\t\t\t\t\t\t\t\t\t\t\t\t\t\t    <div class=\"accordion-item faq-item\">\r\n                        <div class=\"accordion-opener\">\r\n                            Q: Czy mo\u017cemy dostosowa\u0107 system interkomowy BAS-IP do szczeg\u00f3lnych potrzeb naszej szko\u0142y?                            <i class=\"fa-solid fa-chevron-down\"><\/i>\r\n                        <\/div>\r\n                        <div class=\"accordion-slide\">\r\n\t\t\t\t\t\t    <p>Tak, system domofonowy BAS-IP jest wysoce konfigurowalny i mo\u017cna go dostosowa\u0107 do unikalnych wymaga\u0144 Twojej szko\u0142y. Jego modu\u0142owa konstrukcja pozwala na dodanie r\u00f3\u017cnych komponent\u00f3w, takich jak model temperaturowy, w celu zwi\u0119kszenia bezpiecze\u0144stwa i funkcjonalno\u015bci.<\/p>\n                        <\/div>\r\n\t\t\t\t\t<\/div>\r\n\t\t\t\t\t\t\t\t\t<\/div>\r\n\t<\/section>\r\n<!-- END Block FAQ -->\n\n\n<p>Inwestycja w niezawodny, bogaty w funkcje i bezpieczny system domofonowy jest kluczowa dla bezpiecze\u0144stwa i efektywno\u015bci ka\u017cdej instytucji edukacyjnej. System domofonowy BAS-IP dla szk\u00f3\u0142 oferuje niezr\u00f3wnan\u0105 wydajno\u015b\u0107, innowacyjne funkcje i bezproblemow\u0105 integracj\u0119 z istniej\u0105cymi sieciami IP. Wybieraj\u0105c BAS-IP, inwestujesz w przysz\u0142o\u015b\u0107 infrastruktury komunikacyjnej i bezpiecze\u0144stwa Twojej szko\u0142y. Do\u015bwiadcz rewolucji w komunikacji dzi\u0119ki najlepszemu szkolnemu systemowi domofonowemu \u2013 BAS-IP. Zwi\u0119ksz bezpiecze\u0144stwo, komunikacj\u0119 i og\u00f3lne \u015brodowisko swojej instytucji edukacyjnej, zapewniaj\u0105c dobro uczni\u00f3w, personelu i go\u015bci. Nie id\u017a na kompromis w kwestii jako\u015bci; zaufaj BAS-IP, kt\u00f3ry zapewni wyj\u0105tkow\u0105 wydajno\u015b\u0107 i niezawodno\u015b\u0107 dla Twojej szko\u0142y.<\/p>","protected":false},"excerpt":{"rendered":"<p>Systemy domofonowe dla szk\u00f3\u0142 W dzisiejszym \u015bwiecie p\u0142ynna komunikacja i bezpiecze\u0144stwo s\u0105 kluczowymi elementami ka\u017cdej instytucji edukacyjnej. Wydajny system domofonowy w szkole nie tylko zapewnia szybk\u0105 komunikacj\u0119, ale tak\u017ce zwi\u0119ksza bezpiecze\u0144stwo uczni\u00f3w, nauczycieli i personelu. Oto system domofonowy BAS-IP dla szk\u00f3\u0142, najlepsze rozwi\u0105zanie, kt\u00f3re \u0142\u0105czy solidn\u0105 technologi\u0119, innowacyjne funkcje i niezr\u00f3wnan\u0105 wydajno\u015b\u0107. Ten artyku\u0142 zag\u0142\u0119bia [&hellip;]<\/p>","protected":false},"author":1,"featured_media":0,"parent":0,"menu_order":0,"comment_status":"closed","ping_status":"closed","template":"","meta":{"inline_featured_image":false,"footnotes":""},"class_list":["post-133498","page","type-page","status-publish","hentry"],"acf":[],"_links":{"self":[{"href":"https:\/\/bas-ip.com\/pl\/wp-json\/wp\/v2\/pages\/133498","targetHints":{"allow":["GET"]}}],"collection":[{"href":"https:\/\/bas-ip.com\/pl\/wp-json\/wp\/v2\/pages"}],"about":[{"href":"https:\/\/bas-ip.com\/pl\/wp-json\/wp\/v2\/types\/page"}],"author":[{"embeddable":true,"href":"https:\/\/bas-ip.com\/pl\/wp-json\/wp\/v2\/users\/1"}],"replies":[{"embeddable":true,"href":"https:\/\/bas-ip.com\/pl\/wp-json\/wp\/v2\/comments?post=133498"}],"version-history":[{"count":3,"href":"https:\/\/bas-ip.com\/pl\/wp-json\/wp\/v2\/pages\/133498\/revisions"}],"predecessor-version":[{"id":133580,"href":"https:\/\/bas-ip.com\/pl\/wp-json\/wp\/v2\/pages\/133498\/revisions\/133580"}],"wp:attachment":[{"href":"https:\/\/bas-ip.com\/pl\/wp-json\/wp\/v2\/media?parent=133498"}],"curies":[{"name":"wp","href":"https:\/\/api.w.org\/{rel}","templated":true}]}}