{"id":133249,"date":"2023-03-27T09:04:54","date_gmt":"2023-03-27T09:04:54","guid":{"rendered":"https:\/\/bas-ip.com\/%d1%82%d1%8a%d1%80%d0%b3%d0%be%d0%b2%d1%81%d0%ba%d0%b8-%d0%bf%d1%80%d0%be%d0%bc%d0%b8%d1%88%d0%bb%d0%b5%d0%bd%d0%b8\/"},"modified":"2025-03-11T09:42:00","modified_gmt":"2025-03-11T09:42:00","slug":"commercial","status":"publish","type":"page","link":"https:\/\/bas-ip.com\/pl\/komercyjny\/przemyslowy\/","title":{"rendered":"Komercyjny\/przemys\u0142owy"},"content":{"rendered":"<h1 class=\"wp-block-heading\"><strong>Zmie\u0144 swoje miejsce pracy dzi\u0119ki systemom domofonowym dla firm<\/strong><\/h1>\n\n\n\n<p>W miar\u0119 jak technologia stale si\u0119 rozwija, kluczowe dla firm jest bycie na bie\u017c\u0105co z najnowszymi osi\u0105gni\u0119ciami. Jednym z takich post\u0119p\u00f3w jest integracja system\u00f3w domofonowych dla firm, zapewniaj\u0105cych zwi\u0119kszone bezpiecze\u0144stwo i efektywn\u0105 komunikacj\u0119 dla biur i obiekt\u00f3w komercyjnych. Systemy domofonowe IP firmy BAS-IP oferuj\u0105 kompleksowe rozwi\u0105zanie, szczyc\u0105c si\u0119 r\u00f3\u017cnorodno\u015bci\u0105 unikalnych funkcji, kt\u00f3re odpowiadaj\u0105 potrzebom nowoczesnego miejsca pracy. Zbadamy korzy\u015bci wynikaj\u0105ce z wdro\u017cenia systemu domofonowego dla firm i zag\u0142\u0119bimy si\u0119 w specyfik\u0119 najwy\u017cszej klasy produkt\u00f3w BAS-IP..<\/p>\n\n\n\n<h2 class=\"wp-block-heading\"><strong>Dlaczego warto wybra\u0107 system domofonowy BAS-IP dla Twojej firmy?<\/strong><\/h2>\n\n\n\n<p>&#8222;BAS-IP jest pionierem w rozwoju zaawansowanych system\u00f3w domofonowych dla firm, oferuj\u0105cym szereg innowacyjnych produkt\u00f3w zaprojektowanych w celu zaspokojenia potrzeb nowoczesnych miejsc pracy. Dzi\u0119ki integracji najnowocze\u015bniejszych funkcji i niezawodnego sprz\u0119tu, komercyjne systemy domofonowe BAS-IP zapewniaj\u0105 efektywn\u0105 komunikacj\u0119 i podwy\u017cszone bezpiecze\u0144stwo zar\u00f3wno w biurach, jak i obiektach przemys\u0142owych.<\/p>\n\n\n<!-- START Block Features --><section id=\"block_642edd596eeb4\" class=\"features-section\">\r\n\t\r\n    <div class=\"features-list\">\r\n                    <div class=\"features-item\" data-aos=\"fade-up\">\r\n    <div class=\"features-box\">\r\n                    <div class=\"image-holder\">\r\n                <img loading=\"lazy\" decoding=\"async\" width=\"350\" height=\"320\" src=\"https:\/\/bas-ip.com\/wp-content\/uploads\/2023\/04\/1-350x320.jpg\" class=\"attachment-thumbnail_350x320 size-thumbnail_350x320\" alt=\"\" \/>            <\/div>\r\n        \r\n        <div class=\"text-holder\">\r\n                        <h3 class=\"title-block\">Korzy\u015bci z domofon\u00f3w IP w miejscu pracy<\/h3>\r\n          \r\n                        <div class=\"text-block\">\r\n                <p>Systemy domofonowe IP firmy BAS-IP oferuj\u0105 szeroki wachlarz zalet, w tym bezproblemow\u0105 integracj\u0119 z istniej\u0105cymi lokalnymi sieciami IP.<\/p>\n<p>Umo\u017cliwia to pracownikom \u0142atwy dost\u0119p do systemu domofonowego i otwieranie drzwi z ich komputer\u00f3w, usprawniaj\u0105c komunikacj\u0119 i bezpiecze\u0144stwo w biurze.<\/p>\n<p>Ponadto infrastruktura oparta na protokole IP umo\u017cliwia skalowalno\u015b\u0107 i adaptacyjno\u015b\u0107, zapewniaj\u0105c, \u017ce system domofonowy Twojej firmy mo\u017ce rosn\u0105\u0107 i rozwija\u0107 si\u0119 wraz z Twoj\u0105 organizacj\u0105.<\/p>\n              <\/div>\r\n                  <\/div>\r\n    <\/div>\r\n<\/div>\r\n                    <div class=\"features-item\" data-aos=\"fade-up\">\r\n    <div class=\"features-box\">\r\n                    <div class=\"image-holder\">\r\n                <img loading=\"lazy\" decoding=\"async\" width=\"350\" height=\"320\" src=\"https:\/\/bas-ip.com\/wp-content\/uploads\/2023\/04\/2-350x320.jpg\" class=\"attachment-thumbnail_350x320 size-thumbnail_350x320\" alt=\"Business intercom systems\" \/>            <\/div>\r\n        \r\n        <div class=\"text-holder\">\r\n                        <h3 class=\"title-block\">Najwy\u017cszej klasy komponenty sprz\u0119towe<\/h3>\r\n          \r\n                        <div class=\"text-block\">\r\n                <p>Najlepszy system domofonowy dla firm od BAS-IP sk\u0142ada si\u0119 z AV-08FBL, AT-10 i BR-AT10. Te komponenty wsp\u00f3\u0142pracuj\u0105 ze sob\u0105, zapewniaj\u0105c wyj\u0105tkow\u0105 wydajno\u015b\u0107 i wra\u017cenia u\u017cytkownika, co czyni je idealnymi dla biur i obiekt\u00f3w komercyjnych.<\/p>\n<p>AV-08FBL: Ten panel zewn\u0119trzny charakteryzuje si\u0119 eleganckim designem, wbudowan\u0105 kamer\u0105 i czytnikiem RFID, zapewniaj\u0105c bezpieczn\u0105 kontrol\u0119 dost\u0119pu i wizualn\u0105 identyfikacj\u0119 go\u015bci.<\/p>\n<p>AT-10: Ten stylowy, wewn\u0119trzny panel dotykowy oferuje ekran o wysokiej rozdzielczo\u015bci, intuicyjny interfejs u\u017cytkownika oraz kompatybilno\u015b\u0107 z r\u00f3\u017cnymi urz\u0105dzeniami inteligentnego domu i systemami bezpiecze\u0144stwa.<\/p>\n<p>BR-AT10: Ten wielofunkcyjny uchwyt biurkowy u\u0142atwia prosty monta\u017c panelu AT-10 na biurku<\/p>\n              <\/div>\r\n                  <\/div>\r\n    <\/div>\r\n<\/div>\r\n                    <div class=\"features-item\" data-aos=\"fade-up\">\r\n    <div class=\"features-box\">\r\n                    <div class=\"image-holder\">\r\n                <img loading=\"lazy\" decoding=\"async\" width=\"350\" height=\"320\" src=\"https:\/\/bas-ip.com\/wp-content\/uploads\/2023\/04\/3-350x320.jpg\" class=\"attachment-thumbnail_350x320 size-thumbnail_350x320\" alt=\"\" \/>            <\/div>\r\n        \r\n        <div class=\"text-holder\">\r\n                        <h3 class=\"title-block\">Niezawodne wsparcie klienta i obs\u0142uga<\/h3>\r\n          \r\n                        <div class=\"text-block\">\r\n                <p>BAS-IP zobowi\u0105zuje si\u0119 do \u015bwiadczenia wyj\u0105tkowej obs\u0142ugi klienta, oferuj\u0105c profesjonaln\u0105 pomoc i wsparcie dla swoich produkt\u00f3w przez ca\u0142y proces instalacji i p\u00f3\u017aniej.<\/p>\n<p>Nasz kompetentny zesp\u00f3\u0142 wsparcia mo\u017ce pom\u00f3c w rozwi\u0105zywaniu wszelkich problem\u00f3w, kt\u00f3re mog\u0105 si\u0119 pojawi\u0107, zapewniaj\u0105c, \u017ce system domofonowy Twojej firmy pozostanie funkcjonalny i wydajny.<\/p>\n<p>Ponadto nasze zaanga\u017cowanie w ci\u0105g\u0142e badania i rozw\u00f3j oznacza, \u017ce produkty BAS-IP b\u0119d\u0105 si\u0119 stale doskonali\u0107, zapewniaj\u0105c Twojej firmie rozwi\u0105zanie domofonowe, kt\u00f3re wyprzedza konkurencj\u0119 pod wzgl\u0119dem technologii i wydajno\u015bci.<\/p>\n              <\/div>\r\n                  <\/div>\r\n    <\/div>\r\n<\/div>\r\n            <\/div>\r\n<\/section>\r\n<!-- END Block Features -->\n\n\n<h2 class=\"wp-block-heading\"><strong>Kluczowe funkcje system\u00f3w domofonowych BAS-IP dla firm<\/strong><\/h2>\n\n\n\n<p>Systemy domofonowe BAS-IP dla firm szczyc\u0105 si\u0119 szeregiem unikalnych funkcji, kt\u00f3re wyr\u00f3\u017cniaj\u0105 je na tle konkurencji. Wykorzystuj\u0105c te zaawansowane mo\u017cliwo\u015bci, mo\u017cesz zwi\u0119kszy\u0107 wydajno\u015b\u0107, bezpiecze\u0144stwo i og\u00f3ln\u0105 funkcjonalno\u015b\u0107 swojego miejsca pracy.<\/p>\n\n\n<!-- START Block Features --><section id=\"block_642edfc06eeba\" class=\"features-section\">\r\n\t\r\n    <div class=\"features-list\">\r\n                    <div class=\"features-item\" data-aos=\"fade-up\">\r\n    <div class=\"features-box\">\r\n                    <div class=\"image-holder\">\r\n                <img loading=\"lazy\" decoding=\"async\" width=\"350\" height=\"320\" src=\"https:\/\/bas-ip.com\/wp-content\/uploads\/2023\/04\/4-350x320.jpg\" class=\"attachment-thumbnail_350x320 size-thumbnail_350x320\" alt=\"\" \/>            <\/div>\r\n        \r\n        <div class=\"text-holder\">\r\n                        <h3 class=\"title-block\">Przewodowe systemy domofonowe dla firm<\/h3>\r\n          \r\n                        <div class=\"text-block\">\r\n                <p>Chocia\u017c technologia bezprzewodowa zyskuje na popularno\u015bci, przewodowe systemy domofonowe dla firm oferuj\u0105 szereg zalet, w tym zwi\u0119kszon\u0105 niezawodno\u015b\u0107, zmniejszone zak\u0142\u00f3cenia i podwy\u017cszone bezpiecze\u0144stwo. Przewodowe systemy domofonowe BAS-IP zosta\u0142y zaprojektowane, aby zapewni\u0107 sta\u0142\u0105 wydajno\u015b\u0107, gwarantuj\u0105c p\u0142ynn\u0105 komunikacj\u0119 i kontrol\u0119 dost\u0119pu w Twoim biurze lub obiekcie komercyjnym.<\/p>\n              <\/div>\r\n                  <\/div>\r\n    <\/div>\r\n<\/div>\r\n                    <div class=\"features-item\" data-aos=\"fade-up\">\r\n    <div class=\"features-box\">\r\n                    <div class=\"image-holder\">\r\n                <img loading=\"lazy\" decoding=\"async\" width=\"350\" height=\"320\" src=\"https:\/\/bas-ip.com\/wp-content\/uploads\/2023\/04\/5-1-350x320.jpg\" class=\"attachment-thumbnail_350x320 size-thumbnail_350x320\" alt=\"\" \/>            <\/div>\r\n        \r\n        <div class=\"text-holder\">\r\n                        <h3 class=\"title-block\">Integracja domofonu biurkowego i domofonu biurowego<\/h3>\r\n          \r\n                        <div class=\"text-block\">\r\n                <p>Systemy domofonowe BAS-IP dla firm mo\u017cna \u0142atwo zintegrowa\u0107 z telefonami biurkowymi i systemami domofonowymi biura, umo\u017cliwiaj\u0105c pracownikom bezproblemow\u0105 komunikacj\u0119 w miejscu pracy. Sprzyja to \u015brodowisku wsp\u00f3\u0142pracy i zapewnia, \u017ce wa\u017cne informacje mog\u0105 by\u0107 przekazywane szybko i dok\u0142adnie.<\/p>\n              <\/div>\r\n                  <\/div>\r\n    <\/div>\r\n<\/div>\r\n                    <div class=\"features-item\" data-aos=\"fade-up\">\r\n    <div class=\"features-box\">\r\n                    <div class=\"image-holder\">\r\n                <img loading=\"lazy\" decoding=\"async\" width=\"350\" height=\"320\" src=\"https:\/\/bas-ip.com\/wp-content\/uploads\/2023\/04\/6-350x320.jpg\" class=\"attachment-thumbnail_350x320 size-thumbnail_350x320\" alt=\"\" \/>            <\/div>\r\n        \r\n        <div class=\"text-holder\">\r\n                        <h3 class=\"title-block\">Kompatybilno\u015b\u0107 przemys\u0142owych system\u00f3w domofonowych<\/h3>\r\n          \r\n                        <div class=\"text-block\">\r\n                <p>Dla firm dzia\u0142aj\u0105cych w warunkach przemys\u0142owych systemy domofonowe BAS-IP oferuj\u0105 solidne rozwi\u0105zania komunikacyjne zaprojektowane tak, aby wytrzyma\u0107 trudne warunki. Wdra\u017caj\u0105c niezawodny przemys\u0142owy system domofonowy, mo\u017cna utrzyma\u0107 efektywn\u0105 komunikacj\u0119 i bezpieczn\u0105 kontrol\u0119 dost\u0119pu nawet w najbardziej wymagaj\u0105cych \u015brodowiskach.<\/p>\n              <\/div>\r\n                  <\/div>\r\n    <\/div>\r\n<\/div>\r\n            <\/div>\r\n<\/section>\r\n<!-- END Block Features -->\n\n<!-- START Block FAQ --><section id=\"block_64215db07ecd6\" class=\"faq-section\">\r\n\t\t    <h2 class=\"title-section\" data-aos=\"fade-right\">Najcz\u0119\u015bciej zadawane pytania dotycz\u0105ce system\u00f3w domofonowych dla firm<\/h2>\r\n\t\t\t    <div class=\"faq-list js-accordion\" data-aos=\"fade-up\">\r\n\t\t\t\t\t\t\t\t\t\t\t    <div class=\"accordion-item faq-item\">\r\n                        <div class=\"accordion-opener\">\r\n                            Q: Jak system domofonowy dla firm mo\u017ce poprawi\u0107 bezpiecze\u0144stwo biura?                            <i class=\"fa-solid fa-chevron-down\"><\/i>\r\n                        <\/div>\r\n                        <div class=\"accordion-slide\">\r\n\t\t\t\t\t\t    <p>Dzi\u0119ki w\u0142\u0105czeniu funkcji takich jak monitoring wideo, kontrola dost\u0119pu i identyfikacja go\u015bci, systemy domofonowe dla firm pomagaj\u0105 chroni\u0107 Twoje biuro lub obiekt komercyjny przed nieautoryzowanym dost\u0119pem i potencjalnymi zagro\u017ceniami.<\/p>\n                        <\/div>\r\n\t\t\t\t\t<\/div>\r\n\t\t\t\t\t\t\t\t\t\t\t\t\t\t\t    <div class=\"accordion-item faq-item\">\r\n                        <div class=\"accordion-opener\">\r\n                            Q: Czy mog\u0119 zintegrowa\u0107 system domofonowy BAS-IP z moj\u0105 istniej\u0105c\u0105 lokaln\u0105 sieci\u0105 IP?                            <i class=\"fa-solid fa-chevron-down\"><\/i>\r\n                        <\/div>\r\n                        <div class=\"accordion-slide\">\r\n\t\t\t\t\t\t    <p>Tak, systemy domofonowe BAS-IP mo\u017cna bezproblemowo zintegrowa\u0107 z istniej\u0105cymi lokalnymi sieciami IP, umo\u017cliwiaj\u0105c pracownikom dost\u0119p do systemu i otwieranie drzwi z ich komputer\u00f3w i innych pod\u0142\u0105czonych urz\u0105dze\u0144. Upraszcza to komunikacj\u0119 i kontrol\u0119 dost\u0119pu w miejscu pracy.<\/p>\n                        <\/div>\r\n\t\t\t\t\t<\/div>\r\n\t\t\t\t\t\t\t\t\t\t\t\t\t\t\t    <div class=\"accordion-item faq-item\">\r\n                        <div class=\"accordion-opener\">\r\n                            Q: Co sprawia, \u017ce przewodowe systemy domofonowe BAS-IP s\u0105 lepszym wyborem ni\u017c opcje bezprzewodowe?                            <i class=\"fa-solid fa-chevron-down\"><\/i>\r\n                        <\/div>\r\n                        <div class=\"accordion-slide\">\r\n\t\t\t\t\t\t    <p>Przewodowe systemy domofonowe oferuj\u0105 wi\u0119ksz\u0105 niezawodno\u015b\u0107, mniejsze zak\u0142\u00f3cenia i zwi\u0119kszone bezpiecze\u0144stwo w por\u00f3wnaniu z opcjami bezprzewodowymi. Przewodowe systemy domofonowe BAS-IP zosta\u0142y zaprojektowane, aby zapewni\u0107 sta\u0142\u0105 wydajno\u015b\u0107, co czyni je idealnymi dla firm poszukuj\u0105cych niezawodnych rozwi\u0105za\u0144 komunikacyjnych.<\/p>\n                        <\/div>\r\n\t\t\t\t\t<\/div>\r\n\t\t\t\t\t\t\t\t\t\t\t\t\t\t\t    <div class=\"accordion-item faq-item\">\r\n                        <div class=\"accordion-opener\">\r\n                            Q: Czy systemy domofonowe BAS-IP nadaj\u0105 si\u0119 do \u015brodowisk przemys\u0142owych?                            <i class=\"fa-solid fa-chevron-down\"><\/i>\r\n                        <\/div>\r\n                        <div class=\"accordion-slide\">\r\n\t\t\t\t\t\t    <p>Tak, systemy domofonowe BAS-IP s\u0105 zaprojektowane tak, aby by\u0142y kompatybilne z warunkami przemys\u0142owymi. Te solidne systemy wytrzymuj\u0105 trudne warunki, zapewniaj\u0105c efektywn\u0105 komunikacj\u0119 i bezpieczn\u0105 kontrol\u0119 dost\u0119pu w r\u00f3\u017cnych ga\u0142\u0119ziach przemys\u0142u.<\/p>\n                        <\/div>\r\n\t\t\t\t\t<\/div>\r\n\t\t\t\t\t\t\t\t\t\t\t\t\t\t\t    <div class=\"accordion-item faq-item\">\r\n                        <div class=\"accordion-opener\">\r\n                            Q: Czy mog\u0119 u\u017cy\u0107 systemu domofonowego BAS-IP do integracji z moimi inteligentnymi urz\u0105dzeniami biurowymi?                            <i class=\"fa-solid fa-chevron-down\"><\/i>\r\n                        <\/div>\r\n                        <div class=\"accordion-slide\">\r\n\t\t\t\t\t\t    <p>Tak, systemy domofonowe BAS-IP s\u0105 zaprojektowane tak, aby by\u0142y kompatybilne z szerok\u0105 gam\u0105 inteligentnych urz\u0105dze\u0144 biurowych, takich jak systemy o\u015bwietlenia i kontroli klimatu. Umo\u017cliwia to bezproblemow\u0105 integracj\u0119 i popraw\u0119 og\u00f3lnej funkcjonalno\u015bci w Twojej przestrzeni roboczej.<\/p>\n                        <\/div>\r\n\t\t\t\t\t<\/div>\r\n\t\t\t\t\t\t\t\t\t<\/div>\r\n\t<\/section>\r\n<!-- END Block FAQ -->\n\n\n<p>W dzisiejszym dynamicznym \u015bwiecie biznesu efektywna komunikacja i solidne \u015brodki bezpiecze\u0144stwa s\u0105 kluczowe. Systemy domofonowe BAS-IP dla firm oferuj\u0105 kompleksowe rozwi\u0105zanie, \u0142\u0105cz\u0105c najnowocze\u015bniejsze funkcje, niezawodny sprz\u0119t i bezproblemow\u0105 integracj\u0119 z istniej\u0105cymi lokalnymi sieciami IP. Wdra\u017caj\u0105c system domofonowy BAS-IP w swoim biurze lub obiekcie komercyjnym, mo\u017cesz poprawi\u0107 komunikacj\u0119, bezpiecze\u0144stwo i og\u00f3ln\u0105 funkcjonalno\u015b\u0107 miejsca pracy. Do\u015bwiadcz korzy\u015bci p\u0142yn\u0105cych ze \u015bwiatowej klasy systemu domofonowego i zrewolucjonizuj swoje miejsce pracy dzi\u0119ki innowacyjnym rozwi\u0105zaniom domofonowym BAS-IP. Odkryj mo\u017cliwo\u015bci efektywnej komunikacji, zaawansowanego bezpiecze\u0144stwa i bezproblemowej integracji, kt\u00f3re mog\u0105 umo\u017cliwi\u0107 Twojej firmie rozw\u00f3j w coraz bardziej po\u0142\u0105czonym \u015bwiecie.<\/p>","protected":false},"excerpt":{"rendered":"<p>Zmie\u0144 swoje miejsce pracy dzi\u0119ki systemom domofonowym dla firm W miar\u0119 jak technologia stale si\u0119 rozwija, kluczowe dla firm jest bycie na bie\u017c\u0105co z najnowszymi osi\u0105gni\u0119ciami. Jednym z takich post\u0119p\u00f3w jest integracja system\u00f3w domofonowych dla firm, zapewniaj\u0105cych zwi\u0119kszone bezpiecze\u0144stwo i efektywn\u0105 komunikacj\u0119 dla biur i obiekt\u00f3w komercyjnych. Systemy domofonowe IP firmy BAS-IP oferuj\u0105 kompleksowe rozwi\u0105zanie, [&hellip;]<\/p>","protected":false},"author":1,"featured_media":0,"parent":0,"menu_order":0,"comment_status":"closed","ping_status":"closed","template":"","meta":{"inline_featured_image":false,"footnotes":""},"class_list":["post-133249","page","type-page","status-publish","hentry"],"acf":[],"_links":{"self":[{"href":"https:\/\/bas-ip.com\/pl\/wp-json\/wp\/v2\/pages\/133249","targetHints":{"allow":["GET"]}}],"collection":[{"href":"https:\/\/bas-ip.com\/pl\/wp-json\/wp\/v2\/pages"}],"about":[{"href":"https:\/\/bas-ip.com\/pl\/wp-json\/wp\/v2\/types\/page"}],"author":[{"embeddable":true,"href":"https:\/\/bas-ip.com\/pl\/wp-json\/wp\/v2\/users\/1"}],"replies":[{"embeddable":true,"href":"https:\/\/bas-ip.com\/pl\/wp-json\/wp\/v2\/comments?post=133249"}],"version-history":[{"count":4,"href":"https:\/\/bas-ip.com\/pl\/wp-json\/wp\/v2\/pages\/133249\/revisions"}],"predecessor-version":[{"id":133359,"href":"https:\/\/bas-ip.com\/pl\/wp-json\/wp\/v2\/pages\/133249\/revisions\/133359"}],"wp:attachment":[{"href":"https:\/\/bas-ip.com\/pl\/wp-json\/wp\/v2\/media?parent=133249"}],"curies":[{"name":"wp","href":"https:\/\/api.w.org\/{rel}","templated":true}]}}