{"id":133089,"date":"2023-03-28T17:03:55","date_gmt":"2023-03-28T17:03:55","guid":{"rendered":"https:\/\/bas-ip.com\/case-studies\/"},"modified":"2025-03-07T08:58:55","modified_gmt":"2025-03-07T08:58:55","slug":"case-studies","status":"publish","type":"page","link":"https:\/\/bas-ip.com\/pl\/case-studies\/","title":{"rendered":"Rozwi\u0105zania"},"content":{"rendered":"<h1 class=\"wp-block-heading\"><strong>Rozwi\u0105zania domofonowe<\/strong><\/h1>\n\n\n\n<p>BAS-IP jest liderem w dostarczaniu najnowocze\u015bniejszych rozwi\u0105za\u0144 domofonowych dla r\u00f3\u017cnorodnych bran\u017c, oferuj\u0105c wyj\u0105tkowe do\u015bwiadczenia w zakresie bezpiecze\u0144stwa i komunikacji. W tym artykule przyjrzymy si\u0119 sze\u015bciu przekonuj\u0105cym studiom przypadk\u00f3w domofon\u00f3w, kt\u00f3re demonstruj\u0105 wszechstronno\u015b\u0107 i skuteczno\u015b\u0107 produkt\u00f3w BAS-IP w r\u00f3\u017cnych warunkach. Od budynk\u00f3w wielomieszkaniowych po plac\u00f3wki szpitalne, te studia przypadk\u00f3w podkre\u015blaj\u0105 transformacyjn\u0105 moc system\u00f3w domofonowych BAS-IP.<\/p>\n\n\n<!-- START Block Info 3 Columns with links --><section id=\"block_6437b6d9794a8\" class=\"info-columns-section\">\r\n   <div class=\"column-list\">\r\n                        <div class=\"column-item\" data-aos=\"fade-up\" data-aos-delay=\"100\">\r\n                  <div class=\"image-block\">\r\n            <a href=\"\/building-intercom-system\/\">\r\n               <img loading=\"lazy\" decoding=\"async\" width=\"320\" height=\"232\" src=\"https:\/\/bas-ip.com\/wp-content\/uploads\/2023\/04\/1-5.jpg\" class=\"attachment-thumbnail_345x250 size-thumbnail_345x250\" alt=\"\" srcset=\"https:\/\/bas-ip.com\/wp-content\/uploads\/2023\/04\/1-5.jpg 320w,  https:\/\/bas-ip.com\/wp-content\/uploads\/2023\/04\/1-5-300x218.jpg 300w\" sizes=\"auto, (max-width: 320px) 100vw, 320px\" \/><\/a>\r\n         <\/div>\r\n         \r\n                  <a href=\"\/building-intercom-system\/\">\r\n            <h3 class=\"title-section\">Budynek wielomieszkaniowy: Bezproblemowe do\u015bwiadczenie mieszkaniowe<\/h3>\r\n         <\/a>\r\n                           <div class=\"text-block\">\r\n            <p>Rozwi\u0105zania domofonowe BAS-IP zrewolucjonizowa\u0142y spos\u00f3b, w jaki mieszka\u0144cy wchodz\u0105 w interakcj\u0119 ze swoim \u015brodowiskiem mieszkalnym. W budynku wielomieszkaniowym wdro\u017cenie systemu domofonowego BAS-IP nie tylko zwi\u0119kszy\u0142o bezpiecze\u0144stwo, ale tak\u017ce u\u0142atwi\u0142o p\u0142ynn\u0105 komunikacj\u0119 mi\u0119dzy lokatorami, go\u015b\u0107mi i zarz\u0105dem budynku. Przyjazny dla u\u017cytkownika interfejs systemu i integracja z technologi\u0105 inteligentnego domu zapewni\u0142y mieszka\u0144com nowy poziom wygody i dost\u0119pno\u015bci, podnosz\u0105c jako\u015b\u0107 ich \u017cycia.<\/p>\n         <\/div>\r\n               <\/div>\r\n                              <div class=\"column-item\" data-aos=\"fade-up\" data-aos-delay=\"200\">\r\n                  <div class=\"image-block\">\r\n            <a href=\"\/business-intercom-systems-for-office\/\">\r\n               <img loading=\"lazy\" decoding=\"async\" width=\"320\" height=\"232\" src=\"https:\/\/bas-ip.com\/wp-content\/uploads\/2023\/04\/2-5.jpg\" class=\"attachment-thumbnail_345x250 size-thumbnail_345x250\" alt=\"\" srcset=\"https:\/\/bas-ip.com\/wp-content\/uploads\/2023\/04\/2-5.jpg 320w,  https:\/\/bas-ip.com\/wp-content\/uploads\/2023\/04\/2-5-300x218.jpg 300w\" sizes=\"auto, (max-width: 320px) 100vw, 320px\" \/><\/a>\r\n         <\/div>\r\n         \r\n                  <a href=\"\/business-intercom-systems-for-office\/\">\r\n            <h3 class=\"title-section\">Komercja: Usprawnienie operacji i bezpiecze\u0144stwa<\/h3>\r\n         <\/a>\r\n                           <div class=\"text-block\">\r\n            <p>W \u015brodowisku komercyjnym lub przemys\u0142owym efektywna komunikacja i bezpiecze\u0144stwo s\u0105 kluczowe dla sprawnego dzia\u0142ania. Rozwi\u0105zania domofonowe BAS-IP odegra\u0142y kluczow\u0105 rol\u0119 w poprawie przep\u0142ywu pracy i \u015brodk\u00f3w bezpiecze\u0144stwa w du\u017cym zak\u0142adzie produkcyjnym. Dzi\u0119ki integracji systemu domofonowego z kontrol\u0105 dost\u0119pu, monitoringiem wideo i funkcjami reagowania kryzysowego, zak\u0142ad odnotowa\u0142 znaczn\u0105 popraw\u0119 komunikacji i og\u00f3lnego bezpiecze\u0144stwa.<\/p>\n         <\/div>\r\n               <\/div>\r\n                              <div class=\"column-item\" data-aos=\"fade-up\" data-aos-delay=\"300\">\r\n                  <div class=\"image-block\">\r\n            <a href=\"\/intercom-systems-for-home-and-house\/\">\r\n               <img loading=\"lazy\" decoding=\"async\" width=\"320\" height=\"232\" src=\"https:\/\/bas-ip.com\/wp-content\/uploads\/2023\/04\/3-5.jpg\" class=\"attachment-thumbnail_345x250 size-thumbnail_345x250\" alt=\"\" srcset=\"https:\/\/bas-ip.com\/wp-content\/uploads\/2023\/04\/3-5.jpg 320w,  https:\/\/bas-ip.com\/wp-content\/uploads\/2023\/04\/3-5-300x218.jpg 300w\" sizes=\"auto, (max-width: 320px) 100vw, 320px\" \/><\/a>\r\n         <\/div>\r\n         \r\n                  <a href=\"\/intercom-systems-for-home-and-house\/\">\r\n            <h3 class=\"title-section\">Dom: Poprawa bezpiecze\u0144stwa i \u0142\u0105czno\u015bci<\/h3>\r\n         <\/a>\r\n                           <div class=\"text-block\">\r\n            <p>Poniewa\u017c w\u0142a\u015bciciele dom\u00f3w coraz bardziej priorytetowo traktuj\u0105 bezpiecze\u0144stwo i technologi\u0119 inteligentnego domu, rozwi\u0105zania domofonowe BAS-IP sta\u0142y si\u0119 popularnym wyborem. W domu na przedmie\u015bciach instalacja systemu domofonowego BAS-IP nie tylko zwi\u0119kszy\u0142a bezpiecze\u0144stwo, ale tak\u017ce poprawi\u0142a \u0142\u0105czno\u015b\u0107 z cz\u0142onkami rodziny i go\u015b\u0107mi. Intuicyjny interfejs i kompatybilno\u015b\u0107 ze smartfonami pozwoli\u0142y w\u0142a\u015bcicielom dom\u00f3w monitorowa\u0107 swoj\u0105 posesj\u0119 i bezproblemowo komunikowa\u0107 si\u0119, tworz\u0105c bezpieczne i po\u0142\u0105czone \u015brodowisko \u017cycia.<\/p>\n         <\/div>\r\n               <\/div>\r\n                              <div class=\"column-item\" data-aos=\"fade-up\" data-aos-delay=\"400\">\r\n                  <div class=\"image-block\">\r\n            <a href=\"\/medical-hospital-intercom-system\/\">\r\n               <img loading=\"lazy\" decoding=\"async\" width=\"320\" height=\"232\" src=\"https:\/\/bas-ip.com\/wp-content\/uploads\/2023\/04\/4-5.jpg\" class=\"attachment-thumbnail_345x250 size-thumbnail_345x250\" alt=\"\" srcset=\"https:\/\/bas-ip.com\/wp-content\/uploads\/2023\/04\/4-5.jpg 320w,  https:\/\/bas-ip.com\/wp-content\/uploads\/2023\/04\/4-5-300x218.jpg 300w\" sizes=\"auto, (max-width: 320px) 100vw, 320px\" \/><\/a>\r\n         <\/div>\r\n         \r\n                  <a href=\"\/medical-hospital-intercom-system\/\">\r\n            <h3 class=\"title-section\">Szpital: Wzmacnianie opieki nad pacjentem i bezpiecze\u0144stwa<\/h3>\r\n         <\/a>\r\n                           <div class=\"text-block\">\r\n            <p>Szpitale i plac\u00f3wki medyczne wymagaj\u0105 zaawansowanych system\u00f3w komunikacji, aby zapewni\u0107 efektywn\u0105 opiek\u0119 nad pacjentem i bezpiecze\u0144stwo. W najnowocze\u015bniejszym szpitalu zastosowano rozwi\u0105zania domofonowe BAS-IP w celu usprawnienia komunikacji mi\u0119dzy personelem medycznym, pacjentami i go\u015b\u0107mi. System u\u0142atwi\u0142 szybkie reagowanie na sytuacje awaryjne, zwi\u0119kszy\u0142 prywatno\u015b\u0107 pacjent\u00f3w i poprawi\u0142 og\u00f3lne bezpiecze\u0144stwo szpitala. Integracja systemu domofonowego BAS-IP okaza\u0142a si\u0119 prze\u0142omem w zapewnianiu wyj\u0105tkowej opieki nad pacjentem.<\/p>\n         <\/div>\r\n               <\/div>\r\n                              <div class=\"column-item\" data-aos=\"fade-up\" data-aos-delay=\"500\">\r\n                  <div class=\"image-block\">\r\n            <a href=\"\/intercom-systems-for-schools\/\">\r\n               <img loading=\"lazy\" decoding=\"async\" width=\"320\" height=\"232\" src=\"https:\/\/bas-ip.com\/wp-content\/uploads\/2023\/04\/5-5.jpg\" class=\"attachment-thumbnail_345x250 size-thumbnail_345x250\" alt=\"\" srcset=\"https:\/\/bas-ip.com\/wp-content\/uploads\/2023\/04\/5-5.jpg 320w,  https:\/\/bas-ip.com\/wp-content\/uploads\/2023\/04\/5-5-300x218.jpg 300w\" sizes=\"auto, (max-width: 320px) 100vw, 320px\" \/><\/a>\r\n         <\/div>\r\n         \r\n                  <a href=\"\/intercom-systems-for-schools\/\">\r\n            <h3 class=\"title-section\">Szko\u0142a: Tworzenie bezpiecznego \u015brodowiska uczenia si\u0119<\/h3>\r\n         <\/a>\r\n                           <div class=\"text-block\">\r\n            <p>Plac\u00f3wki edukacyjne potrzebuj\u0105 solidnych system\u00f3w bezpiecze\u0144stwa i komunikacji, aby chroni\u0107 uczni\u00f3w i personel. W post\u0119powej szkole rozwi\u0105zania domofonowe BAS-IP odegra\u0142y kluczow\u0105 rol\u0119 w zapewnieniu bezpiecznego \u015brodowiska uczenia si\u0119. System umo\u017cliwi\u0142 p\u0142ynn\u0105 komunikacj\u0119 mi\u0119dzy klasami, biurami administracyjnymi i go\u015b\u0107mi z zewn\u0105trz, zapewniaj\u0105c bezpiecze\u0144stwo uczni\u00f3w i personelu. Ponadto integracja systemu domofonowego z kontrol\u0105 dost\u0119pu i funkcjami monitoringu wideo znacz\u0105co poprawi\u0142a og\u00f3lne bezpiecze\u0144stwo szko\u0142y.<\/p>\n         <\/div>\r\n               <\/div>\r\n                              <div class=\"column-item\" data-aos=\"fade-up\" data-aos-delay=\"600\">\r\n                  <div class=\"image-block\">\r\n            <a href=\"\/gate-intercom-system\/\">\r\n               <img loading=\"lazy\" decoding=\"async\" width=\"320\" height=\"232\" src=\"https:\/\/bas-ip.com\/wp-content\/uploads\/2023\/04\/6-4.jpg\" class=\"attachment-thumbnail_345x250 size-thumbnail_345x250\" alt=\"\" srcset=\"https:\/\/bas-ip.com\/wp-content\/uploads\/2023\/04\/6-4.jpg 320w,  https:\/\/bas-ip.com\/wp-content\/uploads\/2023\/04\/6-4-300x218.jpg 300w\" sizes=\"auto, (max-width: 320px) 100vw, 320px\" \/><\/a>\r\n         <\/div>\r\n         \r\n                  <a href=\"\/gate-intercom-system\/\">\r\n            <h3 class=\"title-section\">Bramy: Wzmacnianie bezpiecze\u0144stwa obwodowego<\/h3>\r\n         <\/a>\r\n                           <div class=\"text-block\">\r\n            <p>Bezpiecze\u0144stwo bram jest kluczowe dla ochrony mienia i zachowania prywatno\u015bci. W ekskluzywnym osiedlu mieszkaniowym wdro\u017cono rozwi\u0105zania domofonowe BAS-IP w celu wzmocnienia bezpiecze\u0144stwa obwodowego. System umo\u017cliwi\u0142 mieszka\u0144com zdalne udzielanie lub odmawianie dost\u0119pu go\u015bciom, a integracja z monitoringiem wideo pozwoli\u0142a na p\u0142ynne monitorowanie wej\u015b\u0107 i wyj\u015b\u0107 osiedla. To zaawansowane rozwi\u0105zanie domofonowe przyczyni\u0142o si\u0119 do zwi\u0119kszenia poczucia bezpiecze\u0144stwa i spokoju mieszka\u0144c\u00f3w.<\/p>\n         <\/div>\r\n               <\/div>\r\n                     <\/div>\r\n<\/section>\r\n<!-- END Block Info 3 Columns with links -->\n\n\n<p>Te studia przypadk\u00f3w domofon\u00f3w ukazuj\u0105 niezwyk\u0142\u0105 wszechstronno\u015b\u0107 i skuteczno\u015b\u0107 rozwi\u0105za\u0144 domofonowych BAS-IP w r\u00f3\u017cnych sektorach. Od osiedli mieszkaniowych po szpitale, wdro\u017cenie system\u00f3w domofonowych BAS-IP przekszta\u0142ci\u0142o komunikacj\u0119, bezpiecze\u0144stwo i og\u00f3lne do\u015bwiadczenie u\u017cytkownika. W miar\u0119 jak technologia stale si\u0119 rozwija, BAS-IP pozostaje zaanga\u017cowany w dostarczanie innowacyjnych i doskona\u0142ych rozwi\u0105za\u0144 domofonowych, kt\u00f3re odpowiadaj\u0105 na zmieniaj\u0105ce si\u0119 potrzeby r\u00f3\u017cnorodnych bran\u017c<\/p>\n\n\n<!-- START Block FAQ --><section id=\"block_64231e53deae2\" class=\"faq-section\">\r\n\t\t    <h2 class=\"title-section\" data-aos=\"fade-right\">Najcz\u0119\u015bciej zadawane pytania<\/h2>\r\n\t\t\t    <div class=\"faq-list js-accordion\" data-aos=\"fade-up\">\r\n\t\t\t\t\t\t\t\t\t\t\t    <div class=\"accordion-item faq-item\">\r\n                        <div class=\"accordion-opener\">\r\n                            Q: Jak BAS-IP zapewnia bezpiecze\u0144stwo i niezawodno\u015b\u0107 swoich rozwi\u0105za\u0144 domofonowych?                            <i class=\"fa-solid fa-chevron-down\"><\/i>\r\n                        <\/div>\r\n                        <div class=\"accordion-slide\">\r\n\t\t\t\t\t\t    <p>BAS-IP stosuje zaawansowane protoko\u0142y szyfrowania i solidny sprz\u0119t, aby zapewni\u0107 bezpiecze\u0144stwo i niezawodno\u015b\u0107 swoich system\u00f3w domofonowych. To zaanga\u017cowanie w dostarczanie najnowocze\u015bniejszej technologii uczyni\u0142o BAS-IP zaufanym wyborem dla r\u00f3\u017cnych bran\u017c na ca\u0142ym \u015bwiecie.<\/p>\n                        <\/div>\r\n\t\t\t\t\t<\/div>\r\n\t\t\t\t\t\t\t\t\t\t\t\t\t\t\t    <div class=\"accordion-item faq-item\">\r\n                        <div class=\"accordion-opener\">\r\n                            Q: W jaki spos\u00f3b rozwi\u0105zania domofonowe BAS-IP przyczyniaj\u0105 si\u0119 do efektywno\u015bci energetycznej?                            <i class=\"fa-solid fa-chevron-down\"><\/i>\r\n                        <\/div>\r\n                        <div class=\"accordion-slide\">\r\n\t\t\t\t\t\t    <p>Systemy domofonowe BAS-IP s\u0105 projektowane z my\u015bl\u0105 o efektywno\u015bci energetycznej. Poprzez zastosowanie funkcji takich jak o\u015bwietlenie aktywowane ruchem, inteligentna kontrola klimatu i tryby czuwania oszcz\u0119dzaj\u0105ce energi\u0119, rozwi\u0105zania domofonowe BAS-IP przyczyniaj\u0105 si\u0119 do bardziej ekologicznego i zr\u00f3wnowa\u017conego \u015brodowiska.<\/p>\n                        <\/div>\r\n\t\t\t\t\t<\/div>\r\n\t\t\t\t\t\t\t\t\t\t\t\t\t\t\t    <div class=\"accordion-item faq-item\">\r\n                        <div class=\"accordion-opener\">\r\n                            Q: Jakie wsparcie oferuje BAS-IP dla swoich rozwi\u0105za\u0144 domofonowych?                            <i class=\"fa-solid fa-chevron-down\"><\/i>\r\n                        <\/div>\r\n                        <div class=\"accordion-slide\">\r\n\t\t\t\t\t\t    <p>BAS-IP jest zaanga\u017cowany w zapewnienie wyj\u0105tkowej obs\u0142ugi klienta, oferuj\u0105c kompleksow\u0105 pomoc techniczn\u0105 i zasoby, aby zapewni\u0107 p\u0142ynne wdro\u017cenie i dzia\u0142anie swoich system\u00f3w domofonowych. To oddanie satysfakcji klienta przynios\u0142o BAS-IP doskona\u0142\u0105 reputacj\u0119 w bran\u017cy.<\/p>\n                        <\/div>\r\n\t\t\t\t\t<\/div>\r\n\t\t\t\t\t\t\t\t\t<\/div>\r\n\t<\/section>\r\n<!-- END Block FAQ -->","protected":false},"excerpt":{"rendered":"<p>Rozwi\u0105zania domofonowe BAS-IP jest liderem w dostarczaniu najnowocze\u015bniejszych rozwi\u0105za\u0144 domofonowych dla r\u00f3\u017cnorodnych bran\u017c, oferuj\u0105c wyj\u0105tkowe do\u015bwiadczenia w zakresie bezpiecze\u0144stwa i komunikacji. W tym artykule przyjrzymy si\u0119 sze\u015bciu przekonuj\u0105cym studiom przypadk\u00f3w domofon\u00f3w, kt\u00f3re demonstruj\u0105 wszechstronno\u015b\u0107 i skuteczno\u015b\u0107 produkt\u00f3w BAS-IP w r\u00f3\u017cnych warunkach. Od budynk\u00f3w wielomieszkaniowych po plac\u00f3wki szpitalne, te studia przypadk\u00f3w podkre\u015blaj\u0105 transformacyjn\u0105 moc system\u00f3w domofonowych [&hellip;]<\/p>","protected":false},"author":1,"featured_media":0,"parent":0,"menu_order":0,"comment_status":"closed","ping_status":"closed","template":"","meta":{"inline_featured_image":false,"footnotes":""},"class_list":["post-133089","page","type-page","status-publish","hentry"],"acf":[],"_links":{"self":[{"href":"https:\/\/bas-ip.com\/pl\/wp-json\/wp\/v2\/pages\/133089","targetHints":{"allow":["GET"]}}],"collection":[{"href":"https:\/\/bas-ip.com\/pl\/wp-json\/wp\/v2\/pages"}],"about":[{"href":"https:\/\/bas-ip.com\/pl\/wp-json\/wp\/v2\/types\/page"}],"author":[{"embeddable":true,"href":"https:\/\/bas-ip.com\/pl\/wp-json\/wp\/v2\/users\/1"}],"replies":[{"embeddable":true,"href":"https:\/\/bas-ip.com\/pl\/wp-json\/wp\/v2\/comments?post=133089"}],"version-history":[{"count":3,"href":"https:\/\/bas-ip.com\/pl\/wp-json\/wp\/v2\/pages\/133089\/revisions"}],"predecessor-version":[{"id":133188,"href":"https:\/\/bas-ip.com\/pl\/wp-json\/wp\/v2\/pages\/133089\/revisions\/133188"}],"wp:attachment":[{"href":"https:\/\/bas-ip.com\/pl\/wp-json\/wp\/v2\/media?parent=133089"}],"curies":[{"name":"wp","href":"https:\/\/api.w.org\/{rel}","templated":true}]}}