{"id":123081,"date":"2023-03-31T12:50:05","date_gmt":"2023-03-31T12:50:05","guid":{"rendered":"https:\/\/bas-ip.com\/?page_id=123081"},"modified":"2024-11-25T19:18:32","modified_gmt":"2024-11-25T19:18:32","slug":"winda","status":"publish","type":"page","link":"https:\/\/bas-ip.com\/pl\/winda\/","title":{"rendered":"Winda"},"content":{"rendered":"<h1 class=\"wp-block-heading\"><strong>Interkom do windy oparty na technologii IP<\/strong><\/h1>\n\n\n\n<p>W stale po\u0142\u0105czonym \u015bwiecie komunikacja sta\u0142a si\u0119 najwa\u017cniejsza. Jest to szczeg\u00f3lnie prawdziwe w \u015brodowiskach, w kt\u00f3rych bezpiecze\u0144stwo i dost\u0119pno\u015b\u0107 maj\u0105 kluczowe znaczenie, takich jak windy. System interkomowy w windzie odgrywa istotn\u0105 rol\u0119 w zapewnieniu dobrego samopoczucia pasa\u017cer\u00f3w i jest coraz cz\u0119\u015bciej postrzegany jako element obowi\u0105zkowy. Przyjrzyjmy si\u0119 korzy\u015bciom p\u0142yn\u0105cym z zastosowania system\u00f3w interkomowych do wind opartych na protokole IP BAS-IP oraz temu, w jaki spos\u00f3b rewolucjonizuj\u0105 one korzystanie z wind.<\/p>\n\n\n<!-- START Block Features --><section id=\"block_6437d003aff43\" class=\"features-section\">\r\n\t\r\n    <div class=\"features-list\">\r\n                    <div class=\"features-item\" data-aos=\"fade-up\">\r\n    <div class=\"features-box\">\r\n                    <div class=\"image-holder\">\r\n                <img loading=\"lazy\" decoding=\"async\" width=\"350\" height=\"320\" src=\"https:\/\/bas-ip.com\/wp-content\/uploads\/2023\/04\/1-6-350x320.jpg\" class=\"attachment-thumbnail_350x320 size-thumbnail_350x320\" alt=\"\" \/>            <\/div>\r\n        \r\n        <div class=\"text-holder\">\r\n                        <h3 class=\"title-block\">Potrzeba domofon\u00f3w w windach<\/h3>\r\n          \r\n                        <div class=\"text-block\">\r\n                <p>Interkomy w windach s\u0142u\u017c\u0105 jako ko\u0142o ratunkowe dla pasa\u017cer\u00f3w w nag\u0142ych wypadkach lub problemach technicznych. Zapewniaj\u0105 bezpo\u015bredni kana\u0142 komunikacji z zarz\u0105dem budynku lub s\u0142u\u017cbami ratunkowymi, zapewniaj\u0105c szybk\u0105 pomoc w razie potrzeby. W zwi\u0105zku z tym posiadanie niezawodnego i wydajnego systemu interkomowego w windach ma zasadnicze znaczenie dla utrzymania standard\u00f3w bezpiecze\u0144stwa i uspokojenia pasa\u017cer\u00f3w.<\/p>\n              <\/div>\r\n                  <\/div>\r\n    <\/div>\r\n<\/div>\r\n                    <div class=\"features-item\" data-aos=\"fade-up\">\r\n    <div class=\"features-box\">\r\n                    <div class=\"image-holder\">\r\n                <img loading=\"lazy\" decoding=\"async\" width=\"350\" height=\"320\" src=\"https:\/\/bas-ip.com\/wp-content\/uploads\/2023\/04\/2-6-350x320.jpg\" class=\"attachment-thumbnail_350x320 size-thumbnail_350x320\" alt=\"\" \/>            <\/div>\r\n        \r\n        <div class=\"text-holder\">\r\n                        <h3 class=\"title-block\">Domofony oparte na IP: krok wy\u017cej od tradycyjnych system\u00f3w<\/h3>\r\n          \r\n                        <div class=\"text-block\">\r\n                <p>Tradycyjne analogowe systemy interkomowe by\u0142y standardem przez wiele lat. Jednak pojawienie si\u0119 rozwi\u0105za\u0144 opartych na protokole IP, kt\u00f3re wykorzystuj\u0105 protok\u00f3\u0142 internetowy (IP) i protok\u00f3\u0142 inicjowania sesji (SIP), przynios\u0142o zmian\u0119 paradygmatu w sposobie komunikacji w windach.<\/p>\n              <\/div>\r\n                  <\/div>\r\n    <\/div>\r\n<\/div>\r\n                    <div class=\"features-item\" data-aos=\"fade-up\">\r\n    <div class=\"features-box\">\r\n                    <div class=\"image-holder\">\r\n                <img loading=\"lazy\" decoding=\"async\" width=\"350\" height=\"320\" src=\"https:\/\/bas-ip.com\/wp-content\/uploads\/2023\/04\/3-6-350x320.jpg\" class=\"attachment-thumbnail_350x320 size-thumbnail_350x320\" alt=\"\" \/>            <\/div>\r\n        \r\n        <div class=\"text-holder\">\r\n                        <h3 class=\"title-block\">Partnerstwo z globalnymi producentami wind<\/h3>\r\n          \r\n                        <div class=\"text-block\">\r\n                <p>BAS-IP nawi\u0105za\u0142 wsp\u00f3\u0142prac\u0119 z wiod\u0105cymi producentami wind, takimi jak Kone, aby zapewni\u0107 p\u0142ynn\u0105 integracj\u0119 z ich produktami. Wsp\u00f3\u0142praca ta umo\u017cliwia pe\u0142n\u0105 kontrol\u0119 nad windami Kone z interkom\u00f3w BAS-IP zainstalowanych w mieszkaniach, tworz\u0105c sp\u00f3jne i usprawnione do\u015bwiadczenie u\u017cytkownika.<\/p>\n              <\/div>\r\n                  <\/div>\r\n    <\/div>\r\n<\/div>\r\n            <\/div>\r\n<\/section>\r\n<!-- END Block Features -->\n\n\n<h2 class=\"wp-block-heading\"><strong>Zalety interkom\u00f3w windowych BAS-IP<\/strong><\/h2>\n\n\n\n<p>W por\u00f3wnaniu z tradycyjnymi systemami analogowymi, interkomy windowe oparte na protokole IP, takie jak rozwi\u0105zanie BAS-IP, oferuj\u0105 szereg korzy\u015bci:<\/p>\n\n\n<!-- START Block Features --><section id=\"block_6437d09daff47\" class=\"features-section\">\r\n\t\r\n    <div class=\"features-list\">\r\n                    <div class=\"features-item\" data-aos=\"fade-up\">\r\n    <div class=\"features-box\">\r\n                    <div class=\"image-holder\">\r\n                <img loading=\"lazy\" decoding=\"async\" width=\"350\" height=\"320\" src=\"https:\/\/bas-ip.com\/wp-content\/uploads\/2023\/04\/4-6-350x320.jpg\" class=\"attachment-thumbnail_350x320 size-thumbnail_350x320\" alt=\"\" \/>            <\/div>\r\n        \r\n        <div class=\"text-holder\">\r\n                        <h3 class=\"title-block\">Lepsza jako\u015b\u0107 d\u017awi\u0119ku i obrazu<\/h3>\r\n          \r\n                        <div class=\"text-block\">\r\n                <p>Domofony BAS-IP s\u0105 wyposa\u017cone we wbudowane kamery, dzi\u0119ki czemu personel zarz\u0105dzaj\u0105cy budynkiem i pracownicy ochrony mog\u0105 monitorowa\u0107 aktywno\u015b\u0107 windy w czasie rzeczywistym. Funkcja ta nie tylko zwi\u0119ksza og\u00f3lne bezpiecze\u0144stwo budynku, ale tak\u017ce s\u0142u\u017cy jako \u015brodek odstraszaj\u0105cy dla potencjalnych przest\u0119pc\u00f3w.<\/p>\n              <\/div>\r\n                  <\/div>\r\n    <\/div>\r\n<\/div>\r\n                    <div class=\"features-item\" data-aos=\"fade-up\">\r\n    <div class=\"features-box\">\r\n                    <div class=\"image-holder\">\r\n                <img loading=\"lazy\" decoding=\"async\" width=\"350\" height=\"320\" src=\"https:\/\/bas-ip.com\/wp-content\/uploads\/2023\/04\/5-6-350x320.jpg\" class=\"attachment-thumbnail_350x320 size-thumbnail_350x320\" alt=\"\" \/>            <\/div>\r\n        \r\n        <div class=\"text-holder\">\r\n                        <h3 class=\"title-block\">Nieograniczona liczba urz\u0105dze\u0144 i obs\u0142uga terminali Concierge<\/h3>\r\n          \r\n                        <div class=\"text-block\">\r\n                <p>Rozwi\u0105zanie BAS-IP obs\u0142uguje nieograniczon\u0105 liczb\u0119 urz\u0105dze\u0144 w sieci, w tym integracj\u0119 terminala concierge. Ta skalowalno\u015b\u0107 zapewnia, \u017ce system mo\u017ce rozwija\u0107 si\u0119 wraz z budynkiem, dostosowuj\u0105c si\u0119 do wszelkich zmian wymaga\u0144 bez uszczerbku dla wydajno\u015bci lub niezawodno\u015bci.<\/p>\n              <\/div>\r\n                  <\/div>\r\n    <\/div>\r\n<\/div>\r\n                    <div class=\"features-item\" data-aos=\"fade-up\">\r\n    <div class=\"features-box\">\r\n                    <div class=\"image-holder\">\r\n                <img loading=\"lazy\" decoding=\"async\" width=\"350\" height=\"320\" src=\"https:\/\/bas-ip.com\/wp-content\/uploads\/2023\/04\/6-5-350x320.jpg\" class=\"attachment-thumbnail_350x320 size-thumbnail_350x320\" alt=\"\" \/>            <\/div>\r\n        \r\n        <div class=\"text-holder\">\r\n                        <h3 class=\"title-block\">\u0141atwiejsza instalacja i konserwacja<\/h3>\r\n          \r\n                        <div class=\"text-block\">\r\n                <p>Domofony IP do wind wykorzystuj\u0105 istniej\u0105c\u0105 infrastruktur\u0119 sieciow\u0105, dzi\u0119ki czemu ich instalacja i konserwacja s\u0105 prostsze i bardziej op\u0142acalne.<\/p>\n<p>W dzisiejszym, coraz bardziej po\u0142\u0105czonym \u015bwiecie, potrzeba wydajnej i niezawodnej komunikacji w windach jest nie do przecenienia. Systemy interkom\u00f3w windowych oparte na protokole IP, takie jak rozwi\u0105zanie BAS-IP, sta\u0142y si\u0119 z\u0142otym standardem w tej dziedzinie, oferuj\u0105c liczne korzy\u015bci w por\u00f3wnaniu z tradycyjnymi systemami analogowymi. Od lepszej jako\u015bci d\u017awi\u0119ku i obrazu po p\u0142ynn\u0105 integracj\u0119 z innymi systemami zarz\u0105dzania budynkiem, interkomy IP zmieniaj\u0105 do\u015bwiadczenie windy na lepsze. W rezultacie w\u0142a\u015bciciele, zarz\u0105dcy i u\u017cytkownicy budynk\u00f3w mog\u0105 cieszy\u0107 si\u0119 wi\u0119kszym bezpiecze\u0144stwem, wygod\u0105 i spokojem.<\/p>\n              <\/div>\r\n                  <\/div>\r\n    <\/div>\r\n<\/div>\r\n            <\/div>\r\n<\/section>\r\n<!-- END Block Features -->\n\n<!-- START Block FAQ --><section id=\"block_6426d69cbc4a0\" class=\"faq-section\">\r\n\t\t    <h2 class=\"title-section\" data-aos=\"fade-right\">Cz\u0119sto zadawane pytania<\/h2>\r\n\t\t\t    <div class=\"faq-list js-accordion\" data-aos=\"fade-up\">\r\n\t\t\t\t\t\t\t\t\t\t\t    <div class=\"accordion-item faq-item\">\r\n                        <div class=\"accordion-opener\">\r\n                            Q: Dlaczego domofony w windach s\u0105 uwa\u017cane za obowi\u0105zkowe?                            <i class=\"fa-solid fa-chevron-down\"><\/i>\r\n                        <\/div>\r\n                        <div class=\"accordion-slide\">\r\n\t\t\t\t\t\t    <p>Domofony w windach s\u0105 uwa\u017cane za obowi\u0105zkowe, poniewa\u017c zapewniaj\u0105 bezpo\u015bredni kana\u0142 komunikacji mi\u0119dzy pasa\u017cerami a zarz\u0105dem budynku lub s\u0142u\u017cbami ratunkowymi, zapewniaj\u0105c szybk\u0105 pomoc w sytuacjach awaryjnych lub problemach technicznych.<\/p>\n                        <\/div>\r\n\t\t\t\t\t<\/div>\r\n\t\t\t\t\t\t\t\t\t\t\t\t\t\t\t    <div class=\"accordion-item faq-item\">\r\n                        <div class=\"accordion-opener\">\r\n                            Q: Co sprawia, \u017ce \u200b\u200bdomofony windowe oparte na protokole IP s\u0105 lepsze od tradycyjnych system\u00f3w analogowych?                            <i class=\"fa-solid fa-chevron-down\"><\/i>\r\n                        <\/div>\r\n                        <div class=\"accordion-slide\">\r\n\t\t\t\t\t\t    <p>Domofony do wind oparte na protokole IP, takie jak rozwi\u0105zanie BAS-IP, oferuj\u0105 szereg zalet w por\u00f3wnaniu z tradycyjnymi systemami analogowymi, w tym lepsz\u0105 jako\u015b\u0107 d\u017awi\u0119ku i obrazu, skalowalno\u015b\u0107, \u0142atwiejsz\u0105 instalacj\u0119 i konserwacj\u0119, wbudowane funkcje kamer oraz p\u0142ynn\u0105 integracj\u0119 z innymi systemami opartymi na protokole IP.<\/p>\n                        <\/div>\r\n\t\t\t\t\t<\/div>\r\n\t\t\t\t\t\t\t\t\t\t\t\t\t\t\t    <div class=\"accordion-item faq-item\">\r\n                        <div class=\"accordion-opener\">\r\n                            Q: W jaki spos\u00f3b wbudowana kamera w domofonach IP poprawia bezpiecze\u0144stwo wind?                            <i class=\"fa-solid fa-chevron-down\"><\/i>\r\n                        <\/div>\r\n                        <div class=\"accordion-slide\">\r\n\t\t\t\t\t\t    <p>Wbudowana funkcja kamery w domofonach IP pozwala personelowi zarz\u0105dzaj\u0105cemu budynkiem i pracownikom ochrony monitorowa\u0107 aktywno\u015b\u0107 windy w czasie rzeczywistym. Ta dodatkowa warstwa bezpiecze\u0144stwa mo\u017ce dzia\u0142a\u0107 odstraszaj\u0105co na potencjalnych sprawc\u00f3w i zapewnia wizualne dowody w przypadku jakichkolwiek incydent\u00f3w.<\/p>\n                        <\/div>\r\n\t\t\t\t\t<\/div>\r\n\t\t\t\t\t\t\t\t\t\t\t\t\t\t\t    <div class=\"accordion-item faq-item\">\r\n                        <div class=\"accordion-opener\">\r\n                            Q: Czy domofony w windach oparte na protokole IP mog\u0105 wsp\u00f3\u0142pracowa\u0107 z innymi systemami zarz\u0105dzania budynkiem?                            <i class=\"fa-solid fa-chevron-down\"><\/i>\r\n                        <\/div>\r\n                        <div class=\"accordion-slide\">\r\n\t\t\t\t\t\t    <p>Tak, domofony do wind oparte na protokole IP s\u0105 zaprojektowane tak, aby p\u0142ynnie integrowa\u0107 si\u0119 z innymi systemami zarz\u0105dzania budynkiem opartymi na protokole IP. U\u0142atwia to bardziej po\u0142\u0105czony i wydajny ekosystem zarz\u0105dzania budynkiem, zwi\u0119kszaj\u0105c og\u00f3lne bezpiecze\u0144stwo i wygod\u0119.<\/p>\n                        <\/div>\r\n\t\t\t\t\t<\/div>\r\n\t\t\t\t\t\t\t\t\t\t\t\t\t\t\t    <div class=\"accordion-item faq-item\">\r\n                        <div class=\"accordion-opener\">\r\n                            Q: Jakie korzy\u015bci u\u017cytkownikom przynosi partnerstwo mi\u0119dzy BAS-IP a producentami wind, takimi jak Kone?                            <i class=\"fa-solid fa-chevron-down\"><\/i>\r\n                        <\/div>\r\n                        <div class=\"accordion-slide\">\r\n\t\t\t\t\t\t    <p>Partnerstwo pomi\u0119dzy BAS-IP i producentami wind, takimi jak Kone, umo\u017cliwia p\u0142ynn\u0105 integracj\u0119 ich produkt\u00f3w. Wsp\u00f3\u0142praca ta pozwala na pe\u0142n\u0105 kontrol\u0119 nad windami Kone z interkom\u00f3w BAS-IP zainstalowanych w mieszkaniach, zapewniaj\u0105c sp\u00f3jne i usprawnione do\u015bwiadczenie u\u017cytkownika.<\/p>\n                        <\/div>\r\n\t\t\t\t\t<\/div>\r\n\t\t\t\t\t\t\t\t\t<\/div>\r\n\t<\/section>\r\n<!-- END Block FAQ -->","protected":false},"excerpt":{"rendered":"<p>Interkom do windy oparty na technologii IP W stale po\u0142\u0105czonym \u015bwiecie komunikacja sta\u0142a si\u0119 najwa\u017cniejsza. Jest to szczeg\u00f3lnie prawdziwe w \u015brodowiskach, w kt\u00f3rych bezpiecze\u0144stwo i dost\u0119pno\u015b\u0107 maj\u0105 kluczowe znaczenie, takich jak windy. System interkomowy w windzie odgrywa istotn\u0105 rol\u0119 w zapewnieniu dobrego samopoczucia pasa\u017cer\u00f3w i jest coraz cz\u0119\u015bciej postrzegany jako element obowi\u0105zkowy. Przyjrzyjmy si\u0119 korzy\u015bciom [&hellip;]<\/p>","protected":false},"author":3,"featured_media":0,"parent":0,"menu_order":0,"comment_status":"closed","ping_status":"closed","template":"","meta":{"inline_featured_image":false,"footnotes":""},"class_list":["post-123081","page","type-page","status-publish","hentry"],"acf":[],"_links":{"self":[{"href":"https:\/\/bas-ip.com\/pl\/wp-json\/wp\/v2\/pages\/123081","targetHints":{"allow":["GET"]}}],"collection":[{"href":"https:\/\/bas-ip.com\/pl\/wp-json\/wp\/v2\/pages"}],"about":[{"href":"https:\/\/bas-ip.com\/pl\/wp-json\/wp\/v2\/types\/page"}],"author":[{"embeddable":true,"href":"https:\/\/bas-ip.com\/pl\/wp-json\/wp\/v2\/users\/3"}],"replies":[{"embeddable":true,"href":"https:\/\/bas-ip.com\/pl\/wp-json\/wp\/v2\/comments?post=123081"}],"version-history":[{"count":2,"href":"https:\/\/bas-ip.com\/pl\/wp-json\/wp\/v2\/pages\/123081\/revisions"}],"predecessor-version":[{"id":123083,"href":"https:\/\/bas-ip.com\/pl\/wp-json\/wp\/v2\/pages\/123081\/revisions\/123083"}],"wp:attachment":[{"href":"https:\/\/bas-ip.com\/pl\/wp-json\/wp\/v2\/media?parent=123081"}],"curies":[{"name":"wp","href":"https:\/\/api.w.org\/{rel}","templated":true}]}}