{"id":122475,"date":"2024-05-15T14:21:12","date_gmt":"2024-05-15T14:21:12","guid":{"rendered":"https:\/\/bas-ip.com\/?page_id=122475"},"modified":"2024-11-05T14:41:24","modified_gmt":"2024-11-05T14:41:24","slug":"polityka-wsparcia-dla-oprogramowania-ukladowego","status":"publish","type":"page","link":"https:\/\/bas-ip.com\/pl\/polityka-wsparcia-dla-oprogramowania-ukladowego\/","title":{"rendered":"Polityka wsparcia dla oprogramowania uk\u0142adowego"},"content":{"rendered":"<p><strong>Konserwacja oprogramowania sprz\u0119towego<\/strong><\/p>\n\n\n\n<p id=\"block-4370d72f-f864-468d-88e2-8166d19f64da\">BAS-IP mo\u017ce, wed\u0142ug w\u0142asnego uznania, udziela\u0107 podstawowego wsparcia w zakresie oprogramowania sprz\u0119towego w okresie obowi\u0105zywania gwarancji na sprz\u0119t. W okresie gwarancyjnym BAS-IP mo\u017ce wydawa\u0107 wersje konserwacyjne lub poprawki b\u0142\u0119d\u00f3w sprz\u0119tu.<\/p>\n\n\n\n<p id=\"block-ef6e1073-db05-43e0-9b91-2865494b521d\">Po up\u0142ywie okresu gwarancyjnego BAS-IP nie b\u0119dzie ju\u017c rozwija\u0107, utrzymywa\u0107 ani testowa\u0107 danego oprogramowania sprz\u0119towego. BAS-IP mo\u017ce jednak, wed\u0142ug w\u0142asnego uznania i na zasadzie indywidualnej dla ka\u017cdego produktu, oferowa\u0107 wsparcie po wyga\u015bni\u0119ciu okresu gwarancyjnego. Ca\u0142e oprogramowanie sprz\u0119towe BAS-IP, w tym mi\u0119dzy innymi oprogramowanie sprz\u0119towe dostarczane jako wst\u0119pnie zainstalowane na sprz\u0119cie BAS-IP oraz w przypadku, gdy sprz\u0119t podlega us\u0142udze RMA, jest dostarczane w stanie, w jakim si\u0119 znajduje.<\/p>\n\n\n\n<p>Oprogramowanie sprz\u0119towe BAS-IP nie jest obj\u0119te gwarancj\u0105 BAS-IP.<\/p>\n\n\n\n<p><\/p>\n\n\n\n<p><\/p>","protected":false},"excerpt":{"rendered":"<p>Konserwacja oprogramowania sprz\u0119towego BAS-IP mo\u017ce, wed\u0142ug w\u0142asnego uznania, udziela\u0107 podstawowego wsparcia w zakresie oprogramowania sprz\u0119towego w okresie obowi\u0105zywania gwarancji na sprz\u0119t. W okresie gwarancyjnym BAS-IP mo\u017ce wydawa\u0107 wersje konserwacyjne lub poprawki b\u0142\u0119d\u00f3w sprz\u0119tu. Po up\u0142ywie okresu gwarancyjnego BAS-IP nie b\u0119dzie ju\u017c rozwija\u0107, utrzymywa\u0107 ani testowa\u0107 danego oprogramowania sprz\u0119towego. BAS-IP mo\u017ce jednak, wed\u0142ug w\u0142asnego uznania i [&hellip;]<\/p>","protected":false},"author":3,"featured_media":0,"parent":0,"menu_order":0,"comment_status":"closed","ping_status":"closed","template":"","meta":{"inline_featured_image":false,"footnotes":""},"class_list":["post-122475","page","type-page","status-publish","hentry"],"acf":[],"_links":{"self":[{"href":"https:\/\/bas-ip.com\/pl\/wp-json\/wp\/v2\/pages\/122475","targetHints":{"allow":["GET"]}}],"collection":[{"href":"https:\/\/bas-ip.com\/pl\/wp-json\/wp\/v2\/pages"}],"about":[{"href":"https:\/\/bas-ip.com\/pl\/wp-json\/wp\/v2\/types\/page"}],"author":[{"embeddable":true,"href":"https:\/\/bas-ip.com\/pl\/wp-json\/wp\/v2\/users\/3"}],"replies":[{"embeddable":true,"href":"https:\/\/bas-ip.com\/pl\/wp-json\/wp\/v2\/comments?post=122475"}],"version-history":[{"count":1,"href":"https:\/\/bas-ip.com\/pl\/wp-json\/wp\/v2\/pages\/122475\/revisions"}],"predecessor-version":[{"id":122476,"href":"https:\/\/bas-ip.com\/pl\/wp-json\/wp\/v2\/pages\/122475\/revisions\/122476"}],"wp:attachment":[{"href":"https:\/\/bas-ip.com\/pl\/wp-json\/wp\/v2\/media?parent=122475"}],"curies":[{"name":"wp","href":"https:\/\/api.w.org\/{rel}","templated":true}]}}