{"id":121707,"date":"2024-02-14T09:43:47","date_gmt":"2024-02-14T09:43:47","guid":{"rendered":"https:\/\/bas-ip.com\/?page_id=121707"},"modified":"2024-11-04T17:47:00","modified_gmt":"2024-11-04T17:47:00","slug":"axis","status":"publish","type":"page","link":"https:\/\/bas-ip.com\/pl\/axis\/","title":{"rendered":"Axis"},"content":{"rendered":"<div class=\"wp-block-image\">\n<figure class=\"aligncenter size-medium\"><img loading=\"lazy\" decoding=\"async\" width=\"300\" height=\"108\" src=\"https:\/\/bas-ip.com\/wp-content\/uploads\/2024\/02\/Axis_Communications_logo.svg-300x108.png\" alt=\"\" class=\"wp-image-108863\" srcset=\"https:\/\/bas-ip.com\/wp-content\/uploads\/2024\/02\/Axis_Communications_logo.svg-300x108.png 300w,  https:\/\/bas-ip.com\/wp-content\/uploads\/2024\/02\/Axis_Communications_logo.svg-1024x369.png 1024w,  https:\/\/bas-ip.com\/wp-content\/uploads\/2024\/02\/Axis_Communications_logo.svg-768x277.png 768w,  https:\/\/bas-ip.com\/wp-content\/uploads\/2024\/02\/Axis_Communications_logo.svg-767x276.png 767w,  https:\/\/bas-ip.com\/wp-content\/uploads\/2024\/02\/Axis_Communications_logo.svg.png 1280w\" sizes=\"auto, (max-width: 300px) 100vw, 300px\" \/><\/figure>\n<\/div>\n\n\n<p>Integracja interkom\u00f3w BAS-IP z kamerami CCTV AXIS, w szczeg\u00f3lno\u015bci z funkcj\u0105 automatycznego rozpoznawania tablic rejestracyjnych (ALPR), obejmuje prost\u0105, ale skuteczn\u0105 konfiguracj\u0119. Integracja ta pozwala na bezproblemow\u0105 obs\u0142ug\u0119 i oszcz\u0119dno\u015b\u0107 koszt\u00f3w, eliminuj\u0105c potrzeb\u0119 stosowania profesjonalnego oprogramowania ALPR. Poni\u017cej znajduje si\u0119 szczeg\u00f3\u0142owy opis dzia\u0142ania tej integracji:<\/p>\n\n\n\n<p><strong>Przegl\u0105d integracji<\/strong><\/p>\n\n\n\n<p>Cel: Zautomatyzowanie otwierania bramy poprzez rozpoznawanie tablic rejestracyjnych przy u\u017cyciu interkom\u00f3w BAS-IP i kamer CCTV AXIS z funkcj\u0105 ALPR.<\/p>\n\n\n\n<p><strong>Sk\u0142adniki:<\/strong><\/p>\n\n\n\n<p><strong>1.<\/strong> panel interkomowy BAS-IP: Zaawansowany system interkomowy zdolny do integracji z kamerami IP.<\/p>\n\n\n\n<p id=\"block-be5bf778-eccc-497d-8b5b-423ebbb455ad\"><strong>2. <\/strong>kamera AXIS z funkcj\u0105 ALPR: Do tej integracji nadaj\u0105 si\u0119 okre\u015blone modele, takie jak AXIS P1455-LE-3, AXIS P3245-LVE-3 lub AXIS Q1700-LE.<\/p>\n\n\n\n<p><strong>3.<\/strong> Baza danych tablic rejestracyjnych: Przechowywana w pami\u0119ci panelu zewn\u0119trznego interkomu BAS-IP lub w oprogramowaniu BAS-IP Link..<\/p>\n\n\n\n<p><strong>Jak to dzia\u0142a<\/strong><\/p>\n\n\n\n<p><strong>1<\/strong> Instalacja i konfiguracja: U\u017cytkownik kupuje panel interkomowy BAS-IP i kamer\u0119 AXIS wyposa\u017con\u0105 w technologi\u0119 ALPR.<\/p>\n\n\n\n<p id=\"block-81c867bc-6742-4e12-afbe-0ff671555301\"><strong>2<\/strong> Konfiguracja sieci: Aby zapewni\u0107 skuteczn\u0105 komunikacj\u0119, kamera AXIS i panel wej\u015bciowy BAS-IP musz\u0105 znajdowa\u0107 si\u0119 w tej samej podsieci.<\/p>\n\n\n\n<p id=\"block-f0f36495-204b-4965-8fa2-31c6ccaef1d8\"><strong>3<\/strong> Rejestracja tablic rejestracyjnych: Tablice rejestracyjne pojazd\u00f3w s\u0105 rejestrowane i przechowywane. Mo\u017cna to zrobi\u0107 za pomoc\u0105 interfejsu internetowego interkomu lub oprogramowania BAS-IP Link.<\/p>\n\n\n\n<p id=\"block-6635400d-68ea-4c0a-aa3a-805ba33f3d89\"><strong>4<\/strong> Skanowanie tablic rejestracyjnych: Gdy pojazd zbli\u017ca si\u0119 do bramy, kamera AXIS skanuje tablic\u0119 rejestracyjn\u0105.<\/p>\n\n\n\n<p><strong>5.<\/strong> Rozpoznanie i dzia\u0142anie: Je\u015bli zeskanowana tablica pasuje do jednej z zapisanych w bazie danych, panel interkomu BAS-IP uruchamia automatyczne otwarcie bramy.<\/p>\n\n\n\n<p><strong>Korzy\u015bci<\/strong><\/p>\n\n\n\n<p>Op\u0142acalno\u015b\u0107: Eliminuje potrzeb\u0119 korzystania z drogiego, profesjonalnego oprogramowania ALPR.<\/p>\n\n\n\n<p id=\"block-cfe3ba16-82e3-4bb1-b321-e65d25af2abd\">\u0141atwo\u015b\u0107 obs\u0142ugi: Prosta konfiguracja i przyjazne dla u\u017cytkownika zarz\u0105dzanie tablicami rejestracyjnymi za po\u015brednictwem interfejsu internetowego lub oprogramowania BAS-IP.<\/p>\n\n\n\n<p id=\"block-3595d134-0a45-413e-9fe0-ce3bf481080f\">Zwi\u0119kszone bezpiecze\u0144stwo: Zautomatyzowana obs\u0142uga bramy na podstawie rozpoznanych tablic rejestracyjnych zwi\u0119ksza poziom bezpiecze\u0144stwa.<\/p>\n\n\n\n<p>Elastyczno\u015b\u0107: Nadaje si\u0119 do r\u00f3\u017cnych zastosowa\u0144, takich jak kompleksy mieszkalne, budynki biurowe lub zamkni\u0119te spo\u0142eczno\u015bci.<\/p>\n\n\n\n<p>\u0141\u0105cz\u0105c zaawansowan\u0105 technologi\u0119 interkom\u00f3w BAS-IP z precyzj\u0105 kamer AXIS wyposa\u017conych w ALPR, u\u017cytkownicy mog\u0105 cieszy\u0107 si\u0119 wysokim poziomem bezpiecze\u0144stwa i wygody bez konieczno\u015bci stosowania dodatkowego oprogramowania ALPR.<\/p>\n\n\n<!-- START Block Sign Up --><section id=\"block_629678229e935\" class=\"sign-up-section\">\r\n\r\n    <div class=\"form-holder js-form\" data-aos=\"fade-right\">\r\n                    <div class=\"title-block h3\">Sign up for connection<\/div>\r\n        \r\n                    <div class=\"text-block\">\r\n                Filling out all the information needed to answer you as quickly as possible            <\/div>\r\n        \r\n                    \n<div class=\"wpcf7 no-js\" id=\"wpcf7-f102-o1\" lang=\"en-US\" dir=\"ltr\">\n<div class=\"screen-reader-response\"><p role=\"status\" aria-live=\"polite\" aria-atomic=\"true\"><\/p> <ul><\/ul><\/div>\n<form action=\"\/pl\/wp-json\/wp\/v2\/pages\/121707#wpcf7-f102-o1\" method=\"post\" class=\"wpcf7-form init\" aria-label=\"Contact form\" enctype=\"multipart\/form-data\" novalidate=\"novalidate\" data-status=\"init\">\n<div style=\"display: none;\">\n<input type=\"hidden\" name=\"_wpcf7\" value=\"102\" \/>\n<input type=\"hidden\" name=\"_wpcf7_version\" value=\"5.8.3\" \/>\n<input type=\"hidden\" name=\"_wpcf7_locale\" value=\"en_US\" \/>\n<input type=\"hidden\" name=\"_wpcf7_unit_tag\" value=\"wpcf7-f102-o1\" \/>\n<input type=\"hidden\" name=\"_wpcf7_container_post\" value=\"0\" \/>\n<input type=\"hidden\" name=\"_wpcf7_posted_data_hash\" value=\"\" \/>\n<input type=\"hidden\" name=\"_wpcf7_recaptcha_response\" value=\"\" \/>\n<\/div>\n<div class=\"row\"> \n <label><span class=\"label-text\">Name<\/span> \n  <span class=\"wpcf7-form-control-wrap\" data-name=\"text-full-name\"><input size=\"40\" class=\"wpcf7-form-control wpcf7-text wpcf7-validates-as-required\" aria-required=\"true\" aria-invalid=\"false\" placeholder=\"Name\" value=\"\" type=\"text\" name=\"text-full-name\" \/><\/span><\/label> \n<\/div> \n<div class=\"row\"> \n <label><span class=\"label-text\">Phone*<\/span> \n<span class=\"wpcf7-form-control-wrap\" data-name=\"phonetext-270\"><input size=\"40\" class=\"wpcf7-form-control wpcf7-phonetext wpcf7-validates-as-required wpcf7-text wpcf7-validates-as-phonetext\" aria-required=\"true\" aria-invalid=\"false\" placeholder=\"Phone*\" value=\"\" type=\"text\" name=\"phonetext-270\" \/><input type=\"hidden\" name=\"phonetext-270-country-code\" class=\"wpcf7-phonetext-country-code\" \/><\/span><\/label> \n<\/div> \n<div class=\"row\"> \n <label><span class=\"label-text\">E-mail<\/span> \n  <span class=\"wpcf7-form-control-wrap\" data-name=\"email-e-mail\"><input size=\"40\" class=\"wpcf7-form-control wpcf7-email wpcf7-validates-as-required wpcf7-text wpcf7-validates-as-email\" aria-required=\"true\" aria-invalid=\"false\" placeholder=\"E-mail\" value=\"\" type=\"email\" name=\"email-e-mail\" \/><\/span><\/label> \n<\/div> \n<div class=\"row\"><span>Your country<\/span> \n <label><span class=\"wpcf7-form-control-wrap\" data-name=\"countrytext-126\"><input size=\"40\" class=\"wpcf7-form-control wpcf7-countrytext wpcf7-text wpcf7-validates-as-countrytext\" aria-invalid=\"false\" value=\"\" type=\"text\" name=\"countrytext-126\" \/><\/span> <\/label>\n<\/div> \n<div class=\"row\"> \n <button type=\"submit\" class=\"btn\">Send<\/button> \n<\/div> \n<div class=\"row\"> \n <span class=\"wpcf7-form-control-wrap\" data-name=\"checkbox-931\"><span class=\"wpcf7-form-control wpcf7-checkbox\"><span class=\"wpcf7-list-item first\"><label><input type=\"checkbox\" name=\"checkbox-931[]\" value=\"Integrator\" \/><span class=\"wpcf7-list-item-label\">Integrator<\/span><\/label><\/span><span class=\"wpcf7-list-item\"><label><input type=\"checkbox\" name=\"checkbox-931[]\" value=\"Builder\" \/><span class=\"wpcf7-list-item-label\">Builder<\/span><\/label><\/span><span class=\"wpcf7-list-item last\"><label><input type=\"checkbox\" name=\"checkbox-931[]\" value=\"End-User\" \/><span class=\"wpcf7-list-item-label\">End-User<\/span><\/label><\/span><\/span><\/span> \n<\/div> \n<div class=\"row row-upload-file\"> \n <label class=\"upload-file-block js-upload-file\">Attach file \n  <span class=\"wpcf7-form-control-wrap\" data-name=\"file-466\"><input size=\"40\" class=\"wpcf7-form-control wpcf7-file\" accept=\"audio\/*,video\/*,image\/*\" aria-invalid=\"false\" type=\"file\" name=\"file-466\" \/><\/span><\/label> \n<\/div><input type='hidden' class='wpcf7-pum' value='{\"closepopup\":false,\"closedelay\":0,\"openpopup\":false,\"openpopup_id\":0}' \/><div class=\"wpcf7-response-output\" aria-hidden=\"true\"><\/div>\n<\/form>\n<\/div>\n            <\/div>\r\n\r\n\t\t    <div class=\"text-holder\" data-aos=\"fade-left\">\r\n\t\t\t\t\t\t    <h3 class=\"title-block\">How Can We Help?<\/h3>\r\n\t\t\t\r\n\t\t\t                <div class=\"text-block\">\r\n                    Please select a topic below related to your inquiry. If you don&#8217;t find what you need, fill out our contact form.                <\/div>\r\n\t\t\t\r\n\t\t\t\t\t\t    <ul class=\"link-list\">\r\n\t\t\t\t\t\t\t\t\t\t\t\t\t\t\t\t\t\t<li>\r\n\t\t\t\t\t\t\t\t\t\t\t\t\t\t\t\t    <strong>Get Inspired<\/strong>\r\n\t\t\t\t\t\t\t\t\t\t\t\t\t\t\t\t\t\t\t\t\t\t\t\t    <a href=\"\/features\/\">\r\n\t\t\t\t\t\t\t\t        Discover what&#8217;s beneath our intercom\t\t\t\t\t\t\t\t    <\/a>\r\n\t\t\t\t\t\t\t\t\t\t\t\t\t\t\t<\/li>\r\n\t\t\t\t\t\t\t\t\t\t\t\t\t\t\t\t\t\t\t\t\t\t\t\t<li>\r\n\t\t\t\t\t\t\t\t\t\t\t\t\t\t\t\t    <strong>Become a Partner<\/strong>\r\n\t\t\t\t\t\t\t\t\t\t\t\t\t\t\t\t\t\t\t\t\t\t\t\t    <a href=\"\/distributors\/\">\r\n\t\t\t\t\t\t\t\t        Expand your business with BAS-IP intercom\t\t\t\t\t\t\t\t    <\/a>\r\n\t\t\t\t\t\t\t\t\t\t\t\t\t\t\t<\/li>\r\n\t\t\t\t\t\t\t\t\t\t\t\t\t\t\t\t\t\t\t\t\t\t\t\t<li>\r\n\t\t\t\t\t\t\t\t\t\t\t\t\t\t\t\t    <strong>Check the Guides<\/strong>\r\n\t\t\t\t\t\t\t\t\t\t\t\t\t\t\t\t\t\t\t\t\t\t\t\t    <a href=\"\/support\/\">\r\n\t\t\t\t\t\t\t\t        Download detailed manuals and schemes\t\t\t\t\t\t\t\t    <\/a>\r\n\t\t\t\t\t\t\t\t\t\t\t\t\t\t\t<\/li>\r\n\t\t\t\t\t\t\t\t\t\t\t\t\t\t\t<\/ul>\r\n\t\t\t\r\n\t\t\t\t\t\t    <h3 class=\"title-block\">Our contacts<\/h3>\r\n\t\t\t\r\n\t\t\t\t\t\t\t<ul class=\"contact-list\">\r\n\t\t\t\t\t\t\t\t\t\t\t\t\t\t\t\t\t\t<li>\r\n\t\t\t\t\t\t\t\t\t\t\t\t\t\t\t\t\t<strong>Sales:<\/strong>\r\n\t\t\t\t\t\t\t\t\t\t\t\t\t\t\t\t\t\t\t\t\t\t\t\t    <a href=\"mailto:s&#97;&#108;&#101;&#115;&#64;&#98;a&#115;-&#105;p&#46;&#99;&#111;m\">sa&#108;es&#64;bas&#45;&#105;p&#46;&#99;&#111;&#109;<\/a>\r\n\t\t\t\t\t\t\t\t\t\t\t\t\t\t\t<\/li>\r\n\t\t\t\t\t\t\t\t\t\t\t\t\t\t\t\t\t\t\t\t\t\t\t\t<li>\r\n\t\t\t\t\t\t\t\t\t\t\t\t\t\t\t\t\t<strong>Technical support:<\/strong>\r\n\t\t\t\t\t\t\t\t\t\t\t\t\t\t\t\t\t\t\t\t\t\t\t\t    <a href=\"mailto:&#115;&#117;&#112;p&#111;rt&#64;bas-&#105;p.&#99;om\">&#115;up&#112;&#111;&#114;t&#64;&#98;&#97;&#115;&#45;&#105;&#112;&#46;&#99;&#111;&#109;<\/a>\r\n\t\t\t\t\t\t\t\t\t\t\t\t\t\t\t<\/li>\r\n\t\t\t\t\t\t\t\t\t\t\t\t\t\t\t<\/ul>\r\n\t\t\t\t\t<\/div>\r\n\t<\/section>\r\n\r\n\r\n\r\n<!-- END Block Sign Up -->","protected":false},"excerpt":{"rendered":"<p>Integracja interkom\u00f3w BAS-IP z kamerami CCTV AXIS, w szczeg\u00f3lno\u015bci z funkcj\u0105 automatycznego rozpoznawania tablic rejestracyjnych (ALPR), obejmuje prost\u0105, ale skuteczn\u0105 konfiguracj\u0119. Integracja ta pozwala na bezproblemow\u0105 obs\u0142ug\u0119 i oszcz\u0119dno\u015b\u0107 koszt\u00f3w, eliminuj\u0105c potrzeb\u0119 stosowania profesjonalnego oprogramowania ALPR. Poni\u017cej znajduje si\u0119 szczeg\u00f3\u0142owy opis dzia\u0142ania tej integracji: Przegl\u0105d integracji Cel: Zautomatyzowanie otwierania bramy poprzez rozpoznawanie tablic rejestracyjnych przy [&hellip;]<\/p>","protected":false},"author":3,"featured_media":0,"parent":0,"menu_order":0,"comment_status":"closed","ping_status":"closed","template":"page-custom-breadcrumbs.php","meta":{"inline_featured_image":false,"footnotes":""},"class_list":["post-121707","page","type-page","status-publish","hentry"],"acf":[],"_links":{"self":[{"href":"https:\/\/bas-ip.com\/pl\/wp-json\/wp\/v2\/pages\/121707","targetHints":{"allow":["GET"]}}],"collection":[{"href":"https:\/\/bas-ip.com\/pl\/wp-json\/wp\/v2\/pages"}],"about":[{"href":"https:\/\/bas-ip.com\/pl\/wp-json\/wp\/v2\/types\/page"}],"author":[{"embeddable":true,"href":"https:\/\/bas-ip.com\/pl\/wp-json\/wp\/v2\/users\/3"}],"replies":[{"embeddable":true,"href":"https:\/\/bas-ip.com\/pl\/wp-json\/wp\/v2\/comments?post=121707"}],"version-history":[{"count":1,"href":"https:\/\/bas-ip.com\/pl\/wp-json\/wp\/v2\/pages\/121707\/revisions"}],"predecessor-version":[{"id":121708,"href":"https:\/\/bas-ip.com\/pl\/wp-json\/wp\/v2\/pages\/121707\/revisions\/121708"}],"wp:attachment":[{"href":"https:\/\/bas-ip.com\/pl\/wp-json\/wp\/v2\/media?parent=121707"}],"curies":[{"name":"wp","href":"https:\/\/api.w.org\/{rel}","templated":true}]}}