{"id":77643,"date":"2022-10-19T09:56:51","date_gmt":"2022-10-19T09:56:51","guid":{"rendered":"https:\/\/bas-ip.com\/?page_id=77643"},"modified":"2023-05-02T09:29:42","modified_gmt":"2023-05-02T09:29:42","slug":"personalisering","status":"publish","type":"page","link":"https:\/\/bas-ip.com\/no\/personalisering\/","title":{"rendered":"Personalisering"},"content":{"rendered":"<!-- START Block Home Hero Slider --><section id=\"block_63dcf9efc6125\" class=\"home-hero-slider-section js-home-hero-slider-section\">\r\n            <div class=\"home-hero-slide\">\r\n        <picture>\r\n            \r\n            \r\n                        <img decoding=\"async\" class=\"d-block w-100\" src=\"https:\/\/bas-ip.com\/wp-content\/uploads\/2023\/02\/1_main.jpg\"\r\n                alt=\"slide\">\r\n            \r\n        <\/picture>\r\n        <div class=\"container\">\r\n            <div class=\"text-holder fullsize__device\">\r\n                                <div class=\"h1 title-page\">Skreddersydde l\u00f8sninger for alle<\/div>\r\n                                                <div class=\"text-block\">\r\n                    Velg farge, st\u00f8rrelse, materiale, installasjonsmetode og gravering!                <\/div>\r\n                                            <\/div>\r\n            <div class=\"text-holder medium__device__show\">\r\n                                                            <\/div>\r\n            <div class=\"text-holder small__device__show\">\r\n                                                            <\/div>\r\n        <\/div>\r\n    <\/div>\r\n        <\/section>\r\n<!-- END Block Home Hero Slider -->\n\n<!-- START Block Product Installation --><section id=\"block_63dd0dfdc612a\" class=\"product-installation-section\">\r\n\t<div class=\"text-holder\">\r\n                            <div class=\"text-section\" data-aos=\"fade-right\">\r\n                <p>Hos BAS-IP forst\u00e5r vi at <b>hver kunde har unike behov og preferanser<\/b>. Dette er grunnen til at vi tilbyr et bredt spekter av tilpasningsmuligheter, slik at v\u00e5re intercom-systemer er perfekt skreddersydd til dine behov. <\/p>\n            <\/div>\r\n            <\/div>\r\n\r\n\t\t    <div class=\"installation-blocks-list\">\r\n\t\t\t\t\t\t\t\t\t\t\t\t<div class=\"installation-block-item image-position-left\">\r\n\t\t\t\t\t\t<div class=\"text-holder\" data-aos=\"fade-left\">\r\n                                                            <h3 class=\"h2 title-section\">Gravering<\/h3>\r\n                            \r\n                                                            <div class=\"text-section\">\r\n                                  <p>Tilpass porttelefonen din med individuelle graveringer, for eksempel firmalogo, bygningsnavn eller individuelle navn for boligomr\u00e5der.<br \/>\nGravering kan tilf\u00f8re verdi til porttelefonen p\u00e5 flere m\u00e5ter, noe som gj\u00f8r den mer attraktiv, personlig og funksjonell. Det kan forbedre inngangspanelets generelle utseende, noe som gj\u00f8r det mer attraktivt for potensielle kunder eller brukere.<br \/>\nTilpasset gravering lar deg legge til personlig tekst eller symboler, for eksempel et navn, firmalogo eller monogram. Dette niv\u00e5et av personalisering kan gj\u00f8re intercom-panelet unikt og mer verdifullt for eieren.<br \/>\nFor bedrifter kan gravering av en logo eller et firmanavn p\u00e5 et intercom-panel fungere som et subtilt merkevareverkt\u00f8y som styrker selskapets identitet.<\/p>\n                                <\/div>\r\n                                                    <\/div>\r\n\r\n                                                    <div class=\"image-holder\" data-aos=\"fade-right\">\r\n                                <div class=\"image-block\">\r\n                                    <img loading=\"lazy\" decoding=\"async\" width=\"944\" height=\"560\" src=\"https:\/\/bas-ip.com\/wp-content\/uploads\/2023\/02\/2_block_1.png\" class=\"attachment-full size-full\" alt=\"Engraving\" srcset=\"https:\/\/bas-ip.com\/wp-content\/uploads\/2023\/02\/2_block_1.png 944w,  https:\/\/bas-ip.com\/wp-content\/uploads\/2023\/02\/2_block_1-300x178.png 300w,  https:\/\/bas-ip.com\/wp-content\/uploads\/2023\/02\/2_block_1-768x456.png 768w,  https:\/\/bas-ip.com\/wp-content\/uploads\/2023\/02\/2_block_1-767x455.png 767w\" sizes=\"auto, (max-width: 944px) 100vw, 944px\" \/>                                <\/div>\r\n                            <\/div>\r\n                            \t\t\t\t\t<\/div>\r\n\t\t\t\t\t\t\t\t\t\t\t\t\t\t\t\t<div class=\"installation-block-item image-position-right\">\r\n\t\t\t\t\t\t<div class=\"text-holder\" data-aos=\"fade-right\">\r\n                                                            <h3 class=\"h2 title-section\">Materialer<\/h3>\r\n                            \r\n                                                            <div class=\"text-section\">\r\n                                  <p>Vi er stolte av \u00e5 kunne tilby v\u00e5re kunder et variert utvalg av <b>materialer av h\u00f8y kvalitet<\/b> \u00e5 velge mellom:<\/p>\n<p>1. Utstr\u00e5le luksus og glamour med v\u00e5re omhyggelig utformede <b>British messing <b>samtalepaneler<\/b>. Hvert element er mesterlig designet for \u00e5 skape en f\u00f8lelse av storhet og gi eksepsjonell holdbarhet, noe som sikrer at inngangssystemet ditt vil t\u00e5le tidens tann.<br \/>\n2. Omfavn moderne minimalisme med v\u00e5re elegante intercom-paneler i <b>aluminium<\/b>. Aluminium er kjent for sin letthet og samtidig styrke, og har utmerket korrosjonsbestandighet, noe som gj\u00f8r det til det ideelle valget for b\u00e5de boliger og kommersielle milj\u00f8er.<br \/>\n3. Sett pris p\u00e5 den tidl\u00f8se appellen til v\u00e5re intercom-systemer i <b>rustfritt st\u00e5l<\/b>. Med overlegen styrke og korrosjonsbestandighet har disse panelene en sofistikert polert finish som enkelt kombinerer stil og praktisk bruk.<br \/>\n4. Slipp kreativiteten l\u00f8s med v\u00e5re <b>intercom-paneler i lakkert metall<\/b>. Tilgjengelig i en rekke livlige farger og overflater, lar disse tilpassbare panelene deg uttrykke din unike smak og personlighet mens du nyter holdbarheten og p\u00e5liteligheten til metallkonstruksjon.<\/p>\n                                <\/div>\r\n                                                    <\/div>\r\n\r\n                                                    <div class=\"image-holder\" data-aos=\"fade-left\">\r\n                                <div class=\"image-block\">\r\n                                    <img loading=\"lazy\" decoding=\"async\" width=\"944\" height=\"560\" src=\"https:\/\/bas-ip.com\/wp-content\/uploads\/2023\/02\/2_block_2.png\" class=\"attachment-full size-full\" alt=\"FLEXIBILITY OF MATERIALS\" srcset=\"https:\/\/bas-ip.com\/wp-content\/uploads\/2023\/02\/2_block_2.png 944w,  https:\/\/bas-ip.com\/wp-content\/uploads\/2023\/02\/2_block_2-300x178.png 300w,  https:\/\/bas-ip.com\/wp-content\/uploads\/2023\/02\/2_block_2-768x456.png 768w,  https:\/\/bas-ip.com\/wp-content\/uploads\/2023\/02\/2_block_2-767x455.png 767w\" sizes=\"auto, (max-width: 944px) 100vw, 944px\" \/>                                <\/div>\r\n                            <\/div>\r\n                            \t\t\t\t\t<\/div>\r\n\t\t\t\t\t\t\t\t\t\t\t\t\t\t\t\t<div class=\"installation-block-item image-position-left\">\r\n\t\t\t\t\t\t<div class=\"text-holder\" data-aos=\"fade-left\">\r\n                                                            <h3 class=\"h2 title-section\">Farger<\/h3>\r\n                            \r\n                                                            <div class=\"text-section\">\r\n                                  <p>\u00c5pne opp en verden av grensel\u00f8s kreativitet med BAS-IP Custom Color Collection, der fantasien din blir n\u00f8kkelen til \u00e5 skape det perfekte inngangspanelet. Vi forst\u00e5r at <b>din eiendom er en forlengelse av din personlige stil<\/b>, og derfor er vi glade for \u00e5 tilby ubegrensede fargevalg for \u00e5 bringe din visjon til liv.<br \/>\nMed BAS-IP Custom Color Collection er du <b>ikke lenger begrenset til en begrenset fargepalett<\/b>. Velg fra et bredt spekter av fargetoner, toner og nyanser for \u00e5 matche eksteri\u00f8ret p\u00e5 eiendommen din perfekt, eller gj\u00f8r et dristig utsagn med en kontrastfargebeis.<br \/>\nV\u00e5re <b>malinger<\/b> er UV-bestandige og designet for \u00e5 motst\u00e5 elementene, noe som garanterer varig skj\u00f8nnhet og holdbarhet.<br \/>\nV\u00e5re oppl\u00e6rte teknikere p\u00e5f\u00f8rer forsiktig den fargen du \u00f8nsker, og sikrer en feilfri, jevn finish p\u00e5 hvert BAS-IP inngangspanel. <b>Opplev den perfekte sammensmeltingen av <b>kunst<\/b> og teknologi n\u00e5r teamet v\u00e5rt n\u00f8ye designer hvert panel etter dine n\u00f8yaktige spesifikasjoner.<\/p>\n                                <\/div>\r\n                                                    <\/div>\r\n\r\n                                                    <div class=\"image-holder\" data-aos=\"fade-right\">\r\n                                <div class=\"image-block\">\r\n                                    <img loading=\"lazy\" decoding=\"async\" width=\"1920\" height=\"960\" src=\"https:\/\/bas-ip.com\/wp-content\/uploads\/2023\/02\/Individual-Color-Solution2-1.png\" class=\"attachment-full size-full\" alt=\"\" srcset=\"https:\/\/bas-ip.com\/wp-content\/uploads\/2023\/02\/Individual-Color-Solution2-1.png 1920w,  https:\/\/bas-ip.com\/wp-content\/uploads\/2023\/02\/Individual-Color-Solution2-1-300x150.png 300w,  https:\/\/bas-ip.com\/wp-content\/uploads\/2023\/02\/Individual-Color-Solution2-1-1024x512.png 1024w,  https:\/\/bas-ip.com\/wp-content\/uploads\/2023\/02\/Individual-Color-Solution2-1-768x384.png 768w,  https:\/\/bas-ip.com\/wp-content\/uploads\/2023\/02\/Individual-Color-Solution2-1-1536x768.png 1536w,  https:\/\/bas-ip.com\/wp-content\/uploads\/2023\/02\/Individual-Color-Solution2-1-767x384.png 767w,  https:\/\/bas-ip.com\/wp-content\/uploads\/2023\/02\/Individual-Color-Solution2-1-1534x767.png 1534w\" sizes=\"auto, (max-width: 1920px) 100vw, 1920px\" \/>                                <\/div>\r\n                            <\/div>\r\n                            \t\t\t\t\t<\/div>\r\n\t\t\t\t\t\t\t\t\t<\/div>\r\n\t<\/section>\r\n<!-- END Block Product Installation -->\n\n<!-- START Block Video Banner -->    <div data-aos=\"fade-up\" class=\"video-banner-section-wrapper\">\r\n        <section id=\"block_63dcf4d0c6123\" class=\"video-banner-section\" style=\"background-image: url('https:\/\/bas-ip.com\/wp-content\/uploads\/2023\/02\/4_long-for-sait.jpg');\">\r\n            <div class=\"container\">\r\n                <div class=\"text-holder\" data-aos=\"fade-right\" data-aos-delay=\"300\">\r\n                                        <h2 class=\"title-section\">Utskifting av UKEY-leser<\/h2>\r\n                                                          <div class=\"text-section\">\r\n                        <p>Mulighet for \u00e5 bytte ut den n\u00e5v\u00e6rende UKEY-leseren i inngangspanelene med den som kreves av byggherren \/ klienten n\u00e5r det virkelig er n\u00f8dvendig. <\/p>\n                      <\/div>\r\n                                  <\/div>\r\n                                    <a href=\"https:\/\/bas-ip.com\/wp-content\/uploads\/2023\/02\/reader.mp4\" data-fancybox class=\"icon-play\" data-aos=\"fade-left\" data-aos-delay=\"300\">\r\n                        <svg width=\"74\" height=\"74\" viewBox=\"0 0 74 74\" fill=\"none\" xmlns=\"http:\/\/www.w3.org\/2000\/svg\">\r\n                            <path d=\"M47.0084 35.0371C49.685 36.5593 49.7101 40.4083 47.0535 41.9652L34.4076 49.3762C31.751 50.9331 28.4052 49.0303 28.3852 45.9512L28.29 31.2941C28.27 28.2149 31.5907 26.2688 34.2673 27.791L47.0084 35.0371Z\" fill=\"currentColor\"\/>\r\n                            <circle cx=\"37\" cy=\"37\" r=\"36.5\" stroke=\"currentColor\"\/>\r\n                        <\/svg>\r\n                        <span><\/span>\r\n                    <\/a>\r\n                            <\/div>\r\n        <\/section>\r\n    <\/div>\r\n<!-- END Block Video Banner -->\n\n<!-- START Block Info Boxes Gated Community --><section id=\"block_63dceb1ec611f\" class=\"info-boxes-gated-community-section\">\r\n\t\t    <h2 class=\"title-section\" data-aos=\"fade-right\">Ulike installasjonsalternativer<\/h2>\r\n\t\r\n\t\t    <div class=\"features-list\">\r\n            \t\t\t\t\t\t\t\t\t\t\t\t<div class=\"features-item\" data-aos=\"fade-up\" data-aos-delay=\"100\">\r\n\t\t\t\t\t\t<div class=\"features-box\">\r\n\t\t\t\t\t\t\t\t\t\t\t\t\t\t\t<div class=\"image-holder\">\r\n\t\t\t\t\t\t\t\t\t<img loading=\"lazy\" decoding=\"async\" width=\"350\" height=\"320\" src=\"https:\/\/bas-ip.com\/wp-content\/uploads\/2023\/02\/5_block_3-1-350x320.jpg\" class=\"attachment-thumbnail_350x320 size-thumbnail_350x320\" alt=\"The Pedestal\" srcset=\"https:\/\/bas-ip.com\/wp-content\/uploads\/2023\/02\/5_block_3-1.jpg 350w,  https:\/\/bas-ip.com\/wp-content\/uploads\/2023\/02\/5_block_3-1-300x274.jpg 300w\" sizes=\"auto, (max-width: 350px) 100vw, 350px\" \/>\t\t\t\t\t\t\t\t<\/div>\r\n\t\t\t\t\t\t\t\r\n\t\t\t\t\t\t\t<div class=\"text-holder\">\r\n\t\t\t\t\t\t\t\t\t\t\t\t\t\t\t\t\t<h3 class=\"title-block\">Sokkel<\/h3>\r\n\t\t\t\t\t\t\t\t\r\n\t\t\t\t\t\t\t\t\t\t\t\t\t\t\t<\/div>\r\n\t\t\t\t\t\t<\/div>\r\n\t\t\t\t\t<\/div>\r\n\t\t\t\t              \t\t\t\t\t\t\t\t\t\t\t\t<div class=\"features-item\" data-aos=\"fade-up\" data-aos-delay=\"200\">\r\n\t\t\t\t\t\t<div class=\"features-box\">\r\n\t\t\t\t\t\t\t\t\t\t\t\t\t\t\t<div class=\"image-holder\">\r\n\t\t\t\t\t\t\t\t\t<img loading=\"lazy\" decoding=\"async\" width=\"350\" height=\"320\" src=\"https:\/\/bas-ip.com\/wp-content\/uploads\/2023\/02\/5_block_2-1-350x320.jpg\" class=\"attachment-thumbnail_350x320 size-thumbnail_350x320\" alt=\"Wall Mounting\" srcset=\"https:\/\/bas-ip.com\/wp-content\/uploads\/2023\/02\/5_block_2-1.jpg 350w,  https:\/\/bas-ip.com\/wp-content\/uploads\/2023\/02\/5_block_2-1-300x274.jpg 300w\" sizes=\"auto, (max-width: 350px) 100vw, 350px\" \/>\t\t\t\t\t\t\t\t<\/div>\r\n\t\t\t\t\t\t\t\r\n\t\t\t\t\t\t\t<div class=\"text-holder\">\r\n\t\t\t\t\t\t\t\t\t\t\t\t\t\t\t\t\t<h3 class=\"title-block\">Veggfeste<\/h3>\r\n\t\t\t\t\t\t\t\t\r\n\t\t\t\t\t\t\t\t\t\t\t\t\t\t\t<\/div>\r\n\t\t\t\t\t\t<\/div>\r\n\t\t\t\t\t<\/div>\r\n\t\t\t\t              \t\t\t\t\t\t\t\t\t\t\t\t<div class=\"features-item\" data-aos=\"fade-up\" data-aos-delay=\"300\">\r\n\t\t\t\t\t\t<div class=\"features-box\">\r\n\t\t\t\t\t\t\t\t\t\t\t\t\t\t\t<div class=\"image-holder\">\r\n\t\t\t\t\t\t\t\t\t<img loading=\"lazy\" decoding=\"async\" width=\"350\" height=\"320\" src=\"https:\/\/bas-ip.com\/wp-content\/uploads\/2023\/02\/5_block_1-1-350x320.jpg\" class=\"attachment-thumbnail_350x320 size-thumbnail_350x320\" alt=\"Flush Mounting\" srcset=\"https:\/\/bas-ip.com\/wp-content\/uploads\/2023\/02\/5_block_1-1.jpg 350w,  https:\/\/bas-ip.com\/wp-content\/uploads\/2023\/02\/5_block_1-1-300x274.jpg 300w\" sizes=\"auto, (max-width: 350px) 100vw, 350px\" \/>\t\t\t\t\t\t\t\t<\/div>\r\n\t\t\t\t\t\t\t\r\n\t\t\t\t\t\t\t<div class=\"text-holder\">\r\n\t\t\t\t\t\t\t\t\t\t\t\t\t\t\t\t\t<h3 class=\"title-block\">Innfelt montering<\/h3>\r\n\t\t\t\t\t\t\t\t\r\n\t\t\t\t\t\t\t\t\t\t\t\t\t\t\t<\/div>\r\n\t\t\t\t\t\t<\/div>\r\n\t\t\t\t\t<\/div>\r\n\t\t\t\t              \t\t\t\t\t<\/div>\r\n\t<\/section>\r\n<!-- END Block Info Boxes Gated Community -->\n\n<!-- START Block Product Installation --><section id=\"block_641db96570b23\" class=\"product-installation-section\">\r\n\t<div class=\"text-holder\">\r\n                    <\/div>\r\n\r\n\t\t    <div class=\"installation-blocks-list\">\r\n\t\t\t\t\t\t\t\t\t\t\t\t<div class=\"installation-block-item image-position-left\">\r\n\t\t\t\t\t\t<div class=\"text-holder\" data-aos=\"fade-left\">\r\n                                                            <h3 class=\"h2 title-section\">Velg BAS-IP, der uovertruffen kvalitet m\u00f8ter tidl\u00f8s eleganse.<\/h3>\r\n                            \r\n                                                            <div class=\"text-section\">\r\n                                  <p>Opplev <b>uovertruffen ytelse<\/b> og <b>usl\u00e5elig stil<\/b> fra BAS-IPs sofistikerte intercom-kolleksjon. Designet med dine behov i tankene, sikrer v\u00e5rt varierte produktsortiment at du kan finne den perfekte l\u00f8sningen for din eiendom, enten du er ute etter et snev av klassisk eleganse eller moderne dekorasjon.<\/p>\n<p>Forbedre adgangskontrollsystemet ditt og gj\u00f8r et varig inntrykk med de omhyggelig designede BAS-IP-d\u00f8rkommunikasjonssystemene. V\u00e5rt engasjement for kvalitet, innovasjon og design sikrer at du kan nyte skj\u00f8nnhet og funksjonalitet i en sofistikert pakke.<\/p>\n<p>Invester i et BAS-IP porttelefonsystem i dag og oppdag forskjellen som eksepsjonelle materialer og h\u00e5ndverk kan gj\u00f8re. Gj\u00f8r inngangspartiet ditt til et fantastisk fokuspunkt som gjenspeiler din kresne smak og ditt engasjement for fremragende kvalitet.<\/p>\n                                <\/div>\r\n                                                    <\/div>\r\n\r\n                                                    <div class=\"image-holder\" data-aos=\"fade-right\">\r\n                                <div class=\"image-block\">\r\n                                    <img loading=\"lazy\" decoding=\"async\" width=\"799\" height=\"439\" src=\"https:\/\/bas-ip.com\/wp-content\/uploads\/2023\/03\/18_2.jpg\" class=\"attachment-full size-full\" alt=\"\" srcset=\"https:\/\/bas-ip.com\/wp-content\/uploads\/2023\/03\/18_2.jpg 799w,  https:\/\/bas-ip.com\/wp-content\/uploads\/2023\/03\/18_2-300x165.jpg 300w,  https:\/\/bas-ip.com\/wp-content\/uploads\/2023\/03\/18_2-768x422.jpg 768w,  https:\/\/bas-ip.com\/wp-content\/uploads\/2023\/03\/18_2-767x421.jpg 767w\" sizes=\"auto, (max-width: 799px) 100vw, 799px\" \/>                                <\/div>\r\n                            <\/div>\r\n                            \t\t\t\t\t<\/div>\r\n\t\t\t\t\t\t\t\t\t<\/div>\r\n\t<\/section>\r\n<!-- END Block Product Installation -->\n\n<!-- START Block Sign Up --><section id=\"block_629678229e935\" class=\"sign-up-section\">\r\n\r\n    <div class=\"form-holder js-form\" data-aos=\"fade-right\">\r\n                    <div class=\"title-block h3\">Sign up for connection<\/div>\r\n        \r\n                    <div class=\"text-block\">\r\n                Filling out all the information needed to answer you as quickly as possible            <\/div>\r\n        \r\n                    \n<div class=\"wpcf7 no-js\" id=\"wpcf7-f102-o1\" lang=\"en-US\" dir=\"ltr\">\n<div class=\"screen-reader-response\"><p role=\"status\" aria-live=\"polite\" aria-atomic=\"true\"><\/p> <ul><\/ul><\/div>\n<form action=\"\/no\/wp-json\/wp\/v2\/pages\/77643#wpcf7-f102-o1\" method=\"post\" class=\"wpcf7-form init\" aria-label=\"Contact form\" enctype=\"multipart\/form-data\" novalidate=\"novalidate\" data-status=\"init\">\n<div style=\"display: none;\">\n<input type=\"hidden\" name=\"_wpcf7\" value=\"102\" \/>\n<input type=\"hidden\" name=\"_wpcf7_version\" value=\"5.8.3\" \/>\n<input type=\"hidden\" name=\"_wpcf7_locale\" value=\"en_US\" \/>\n<input type=\"hidden\" name=\"_wpcf7_unit_tag\" value=\"wpcf7-f102-o1\" \/>\n<input type=\"hidden\" name=\"_wpcf7_container_post\" value=\"0\" \/>\n<input type=\"hidden\" name=\"_wpcf7_posted_data_hash\" value=\"\" \/>\n<input type=\"hidden\" name=\"_wpcf7_recaptcha_response\" value=\"\" \/>\n<\/div>\n<div class=\"row\"> \n <label><span class=\"label-text\">Name<\/span> \n  <span class=\"wpcf7-form-control-wrap\" data-name=\"text-full-name\"><input size=\"40\" class=\"wpcf7-form-control wpcf7-text wpcf7-validates-as-required\" aria-required=\"true\" aria-invalid=\"false\" placeholder=\"Name\" value=\"\" type=\"text\" name=\"text-full-name\" \/><\/span><\/label> \n<\/div> \n<div class=\"row\"> \n <label><span class=\"label-text\">Phone*<\/span> \n<span class=\"wpcf7-form-control-wrap\" data-name=\"phonetext-270\"><input size=\"40\" class=\"wpcf7-form-control wpcf7-phonetext wpcf7-validates-as-required wpcf7-text wpcf7-validates-as-phonetext\" aria-required=\"true\" aria-invalid=\"false\" placeholder=\"Phone*\" value=\"\" type=\"text\" name=\"phonetext-270\" \/><input type=\"hidden\" name=\"phonetext-270-country-code\" class=\"wpcf7-phonetext-country-code\" \/><\/span><\/label> \n<\/div> \n<div class=\"row\"> \n <label><span class=\"label-text\">E-mail<\/span> \n  <span class=\"wpcf7-form-control-wrap\" data-name=\"email-e-mail\"><input size=\"40\" class=\"wpcf7-form-control wpcf7-email wpcf7-validates-as-required wpcf7-text wpcf7-validates-as-email\" aria-required=\"true\" aria-invalid=\"false\" placeholder=\"E-mail\" value=\"\" type=\"email\" name=\"email-e-mail\" \/><\/span><\/label> \n<\/div> \n<div class=\"row\"><span>Your country<\/span> \n <label><span class=\"wpcf7-form-control-wrap\" data-name=\"countrytext-126\"><input size=\"40\" class=\"wpcf7-form-control wpcf7-countrytext wpcf7-text wpcf7-validates-as-countrytext\" aria-invalid=\"false\" value=\"\" type=\"text\" name=\"countrytext-126\" \/><\/span> <\/label>\n<\/div> \n<div class=\"row\"> \n <button type=\"submit\" class=\"btn\">Send<\/button> \n<\/div> \n<div class=\"row\"> \n <span class=\"wpcf7-form-control-wrap\" data-name=\"checkbox-931\"><span class=\"wpcf7-form-control wpcf7-checkbox\"><span class=\"wpcf7-list-item first\"><label><input type=\"checkbox\" name=\"checkbox-931[]\" value=\"Integrator\" \/><span class=\"wpcf7-list-item-label\">Integrator<\/span><\/label><\/span><span class=\"wpcf7-list-item\"><label><input type=\"checkbox\" name=\"checkbox-931[]\" value=\"Builder\" \/><span class=\"wpcf7-list-item-label\">Builder<\/span><\/label><\/span><span class=\"wpcf7-list-item last\"><label><input type=\"checkbox\" name=\"checkbox-931[]\" value=\"End-User\" \/><span class=\"wpcf7-list-item-label\">End-User<\/span><\/label><\/span><\/span><\/span> \n<\/div> \n<div class=\"row row-upload-file\"> \n <label class=\"upload-file-block js-upload-file\">Attach file \n  <span class=\"wpcf7-form-control-wrap\" data-name=\"file-466\"><input size=\"40\" class=\"wpcf7-form-control wpcf7-file\" accept=\"audio\/*,video\/*,image\/*\" aria-invalid=\"false\" type=\"file\" name=\"file-466\" \/><\/span><\/label> \n<\/div><input type='hidden' class='wpcf7-pum' value='{\"closepopup\":false,\"closedelay\":0,\"openpopup\":false,\"openpopup_id\":0}' \/><div class=\"wpcf7-response-output\" aria-hidden=\"true\"><\/div>\n<\/form>\n<\/div>\n            <\/div>\r\n\r\n\t\t    <div class=\"text-holder\" data-aos=\"fade-left\">\r\n\t\t\t\t\t\t    <h3 class=\"title-block\">How Can We Help?<\/h3>\r\n\t\t\t\r\n\t\t\t                <div class=\"text-block\">\r\n                    Please select a topic below related to your inquiry. If you don&#8217;t find what you need, fill out our contact form.                <\/div>\r\n\t\t\t\r\n\t\t\t\t\t\t    <ul class=\"link-list\">\r\n\t\t\t\t\t\t\t\t\t\t\t\t\t\t\t\t\t\t<li>\r\n\t\t\t\t\t\t\t\t\t\t\t\t\t\t\t\t    <strong>Get Inspired<\/strong>\r\n\t\t\t\t\t\t\t\t\t\t\t\t\t\t\t\t\t\t\t\t\t\t\t\t    <a href=\"\/features\/\">\r\n\t\t\t\t\t\t\t\t        Discover what&#8217;s beneath our intercom\t\t\t\t\t\t\t\t    <\/a>\r\n\t\t\t\t\t\t\t\t\t\t\t\t\t\t\t<\/li>\r\n\t\t\t\t\t\t\t\t\t\t\t\t\t\t\t\t\t\t\t\t\t\t\t\t<li>\r\n\t\t\t\t\t\t\t\t\t\t\t\t\t\t\t\t    <strong>Become a Partner<\/strong>\r\n\t\t\t\t\t\t\t\t\t\t\t\t\t\t\t\t\t\t\t\t\t\t\t\t    <a href=\"\/distributors\/\">\r\n\t\t\t\t\t\t\t\t        Expand your business with BAS-IP intercom\t\t\t\t\t\t\t\t    <\/a>\r\n\t\t\t\t\t\t\t\t\t\t\t\t\t\t\t<\/li>\r\n\t\t\t\t\t\t\t\t\t\t\t\t\t\t\t\t\t\t\t\t\t\t\t\t<li>\r\n\t\t\t\t\t\t\t\t\t\t\t\t\t\t\t\t    <strong>Check the Guides<\/strong>\r\n\t\t\t\t\t\t\t\t\t\t\t\t\t\t\t\t\t\t\t\t\t\t\t\t    <a href=\"\/support\/\">\r\n\t\t\t\t\t\t\t\t        Download detailed manuals and schemes\t\t\t\t\t\t\t\t    <\/a>\r\n\t\t\t\t\t\t\t\t\t\t\t\t\t\t\t<\/li>\r\n\t\t\t\t\t\t\t\t\t\t\t\t\t\t\t<\/ul>\r\n\t\t\t\r\n\t\t\t\t\t\t    <h3 class=\"title-block\">Our contacts<\/h3>\r\n\t\t\t\r\n\t\t\t\t\t\t\t<ul class=\"contact-list\">\r\n\t\t\t\t\t\t\t\t\t\t\t\t\t\t\t\t\t\t<li>\r\n\t\t\t\t\t\t\t\t\t\t\t\t\t\t\t\t\t<strong>Sales:<\/strong>\r\n\t\t\t\t\t\t\t\t\t\t\t\t\t\t\t\t\t\t\t\t\t\t\t\t    <a href=\"mailto:sale&#115;&#64;&#98;&#97;s&#45;i&#112;&#46;&#99;o&#109;\">s&#97;&#108;es&#64;ba&#115;&#45;&#105;&#112;&#46;&#99;om<\/a>\r\n\t\t\t\t\t\t\t\t\t\t\t\t\t\t\t<\/li>\r\n\t\t\t\t\t\t\t\t\t\t\t\t\t\t\t\t\t\t\t\t\t\t\t\t<li>\r\n\t\t\t\t\t\t\t\t\t\t\t\t\t\t\t\t\t<strong>Technical support:<\/strong>\r\n\t\t\t\t\t\t\t\t\t\t\t\t\t\t\t\t\t\t\t\t\t\t\t\t    <a href=\"mailto:su&#112;&#112;or&#116;&#64;&#98;a&#115;-i&#112;&#46;c&#111;&#109;\">&#115;&#117;&#112;p&#111;r&#116;&#64;&#98;&#97;s-&#105;p&#46;c&#111;&#109;<\/a>\r\n\t\t\t\t\t\t\t\t\t\t\t\t\t\t\t<\/li>\r\n\t\t\t\t\t\t\t\t\t\t\t\t\t\t\t<\/ul>\r\n\t\t\t\t\t<\/div>\r\n\t<\/section>\r\n\r\n\r\n\r\n<!-- END Block Sign Up -->\n\n<!-- START Block Info Boxes Gated Community --><!-- END Block Info Boxes Gated Community -->","protected":false},"excerpt":{"rendered":"","protected":false},"author":1,"featured_media":0,"parent":0,"menu_order":0,"comment_status":"closed","ping_status":"closed","template":"","meta":{"inline_featured_image":false,"footnotes":""},"class_list":["post-77643","page","type-page","status-publish","hentry"],"acf":[],"_links":{"self":[{"href":"https:\/\/bas-ip.com\/no\/wp-json\/wp\/v2\/pages\/77643","targetHints":{"allow":["GET"]}}],"collection":[{"href":"https:\/\/bas-ip.com\/no\/wp-json\/wp\/v2\/pages"}],"about":[{"href":"https:\/\/bas-ip.com\/no\/wp-json\/wp\/v2\/types\/page"}],"author":[{"embeddable":true,"href":"https:\/\/bas-ip.com\/no\/wp-json\/wp\/v2\/users\/1"}],"replies":[{"embeddable":true,"href":"https:\/\/bas-ip.com\/no\/wp-json\/wp\/v2\/comments?post=77643"}],"version-history":[{"count":2,"href":"https:\/\/bas-ip.com\/no\/wp-json\/wp\/v2\/pages\/77643\/revisions"}],"predecessor-version":[{"id":77676,"href":"https:\/\/bas-ip.com\/no\/wp-json\/wp\/v2\/pages\/77643\/revisions\/77676"}],"wp:attachment":[{"href":"https:\/\/bas-ip.com\/no\/wp-json\/wp\/v2\/media?parent=77643"}],"curies":[{"name":"wp","href":"https:\/\/api.w.org\/{rel}","templated":true}]}}