{"id":76268,"date":"2022-08-31T21:02:49","date_gmt":"2022-08-31T21:02:49","guid":{"rendered":"https:\/\/bas-ip.com\/?page_id=76268"},"modified":"2025-08-26T10:10:07","modified_gmt":"2025-08-26T10:10:07","slug":"courses","status":"publish","type":"page","link":"https:\/\/bas-ip.com\/no\/courses\/","title":{"rendered":"Kurs"},"content":{"rendered":"<!-- START Block Home Hero Slider --><section id=\"block_630fcbf3596ba\" class=\"home-hero-slider-section js-home-hero-slider-section\">\r\n            <div class=\"home-hero-slide\">\r\n        <picture>\r\n            \r\n            \r\n                        <img decoding=\"async\" class=\"d-block w-100\" src=\"https:\/\/bas-ip.com\/wp-content\/uploads\/2022\/09\/main_2-1.jpg\"\r\n                alt=\"slide\">\r\n            \r\n        <\/picture>\r\n        <div class=\"container\">\r\n            <div class=\"text-holder fullsize__device\">\r\n                                <div class=\"h1 title-page\">BLI BAS-IP-EKSPERT<\/div>\r\n                                                <div class=\"text-block\">\r\n                    Gratis oppl\u00e6ring n\u00e5r som helst, hvor som helst, p\u00e5 din b\u00e6rbare datamaskin eller smarttelefon! Motta offisiell BAS-IP-sertifisering.                <\/div>\r\n                                                <a class=\"btn\" href=\"https:\/\/courses.bas-ip.com\/registration\/2b40036d-2bf1-4f55-9171-ba0e6b1811bd\"\r\n                    >\r\n                    BLI REGISTRERT                <\/a>\r\n                            <\/div>\r\n            <div class=\"text-holder medium__device__show\">\r\n                                                            <\/div>\r\n            <div class=\"text-holder small__device__show\">\r\n                                                            <\/div>\r\n        <\/div>\r\n    <\/div>\r\n        <\/section>\r\n<!-- END Block Home Hero Slider -->\n\n<!-- START Block Course --><section id=\"block_6314eb1d699f4\" class=\"course-section\">\r\n\r\n            <div class=\"course-holder js-course-holder\">\r\n            <div class=\"course-nav-holder\">\r\n                                    <h2 class=\"title-section\" data-aos=\"fade-right\">Hva handler dette kurset om, og hvem er det for?<\/h2>\r\n                                                    <ul class=\"course-nav course-nav-js\" data-aos=\"fade-right\">\r\n                                                                    <li class=\"active\" data-id=\"0\">Innledning<\/li>\r\n                                                                      <li  data-id=\"1\">Konfigurasjon<\/li>\r\n                                                                      <li  data-id=\"2\">Feils\u00f8king og vedlikehold<\/li>\r\n                                                                      <li  data-id=\"3\">Tilpasning, integrering<\/li>\r\n                                                                  <\/ul>\r\n                            <\/div>\r\n                      <div class=\"courses-slider js-courses-slider\" data-aos=\"fade-left\">\r\n                                    <div class=\"courses-slide\">\r\n                        <div class=\"name-block\">Tilpasning, integrering<\/div>\r\n                                                    <div class=\"image-holder\">\r\n                              <img loading=\"lazy\" decoding=\"async\" width=\"192\" height=\"300\" src=\"https:\/\/bas-ip.com\/wp-content\/uploads\/2022\/09\/block_1.jpg\" class=\"attachment-medium size-medium\" alt=\"\" \/>                            <\/div>\r\n                                                                            <div class=\"text-holder\">\r\n                                                                                              <div class=\"text-block\"><p>Den f\u00f8rste delen omhandler det grunnleggende om intercom-systemer, inkludert hvilke typer intercom-systemer som er tilgjengelige, hovedkomponentene og hvordan de fungerer. Denne delen gir en oversikt over intercom-teknologi og hjelper integratorer med \u00e5 forst\u00e5 de grunnleggende prinsippene for intercom-systemer.<\/p><\/div>\r\n                                                          <\/div>\r\n                                            <\/div>\r\n                                    <div class=\"courses-slide\">\r\n                        <div class=\"name-block\">Tilpasning, integrering<\/div>\r\n                                                    <div class=\"image-holder\">\r\n                              <img loading=\"lazy\" decoding=\"async\" width=\"192\" height=\"300\" src=\"https:\/\/bas-ip.com\/wp-content\/uploads\/2023\/03\/Courses_4.jpg\" class=\"attachment-medium size-medium\" alt=\"\" \/>                            <\/div>\r\n                                                                            <div class=\"text-holder\">\r\n                                                                                              <div class=\"text-block\"><p>Den andre delen tar for seg detaljene ved integrering av intercom-systemer, og dekker kabling, nettverkskonfigurasjon og optimalisering av lydkvalitet. Denne delen vil gi integratorer den tekniske kunnskapen de trenger for \u00e5 designe og installere intercom-systemer.<\/p><\/div>\r\n                                                          <\/div>\r\n                                            <\/div>\r\n                                    <div class=\"courses-slide\">\r\n                        <div class=\"name-block\">Tilpasning, integrering<\/div>\r\n                                                    <div class=\"image-holder\">\r\n                              <img loading=\"lazy\" decoding=\"async\" width=\"192\" height=\"300\" src=\"https:\/\/bas-ip.com\/wp-content\/uploads\/2023\/03\/Courses_3.jpg\" class=\"attachment-medium size-medium\" alt=\"\" \/>                            <\/div>\r\n                                                                            <div class=\"text-holder\">\r\n                                                                                              <div class=\"text-block\"><p>Del tre omhandler feils\u00f8king og vedlikehold, og diskuterer vanlige problemer som integratorer kan st\u00f8te p\u00e5, og gir r\u00e5d om hvordan de kan diagnostiseres og l\u00f8ses. Denne delen tar ogs\u00e5 for seg de regelmessige vedlikeholdsoppgavene som integratorer m\u00e5 utf\u00f8re for at d\u00f8rkommunikasjonssystemene skal fungere optimalt.<\/p><\/div>\r\n                                                          <\/div>\r\n                                            <\/div>\r\n                                    <div class=\"courses-slide\">\r\n                        <div class=\"name-block\">Tilpasning, integrering<\/div>\r\n                                                    <div class=\"image-holder\">\r\n                              <img loading=\"lazy\" decoding=\"async\" width=\"192\" height=\"300\" src=\"https:\/\/bas-ip.com\/wp-content\/uploads\/2023\/03\/Courses_2.jpg\" class=\"attachment-medium size-medium\" alt=\"\" \/>                            <\/div>\r\n                                                                            <div class=\"text-holder\">\r\n                                                                                              <div class=\"text-block\"><p>Til slutt dekker den fjerde delen avanserte emner innen integrering av d\u00f8rkommunikasjonssystemer, for eksempel integrering av porttelefonsystemer med andre systemer, avanserte lydbehandlingsteknikker og bruk av porttelefonsystemer i spesialiserte applikasjoner. Denne delen vil gi integratorer den kunnskapen de trenger for \u00e5 takle komplekse integrasjonsprosjekter og holde seg i forkant p\u00e5 dette feltet som er i rask utvikling.<\/p><\/div>\r\n                                                          <\/div>\r\n                                            <\/div>\r\n                            <\/div>\r\n                  <\/div>\r\n    \r\n\r\n            <ul class=\"icons-list\">\r\n                                      <li data-aos=\"fade-up\" data-aos-delay=\"100\">\r\n                                            <div class=\"icon-block\"><img loading=\"lazy\" decoding=\"async\" width=\"56\" height=\"56\" src=\"https:\/\/bas-ip.com\/wp-content\/uploads\/2022\/09\/Mask-group-3.png\" class=\"attachment-medium size-medium\" alt=\"\" \/><\/div>\r\n                    \r\n                                            <div class=\"title-block\">INSTALLAT\u00d8RER<\/div>\r\n                    \r\n                                            <div class=\"text-block\">L\u00e6r om installasjon og konfigurering av BAS-IP-utstyr direkte fra produsenten.<\/div>\r\n                                    <\/li>\r\n                                          <li data-aos=\"fade-up\" data-aos-delay=\"200\">\r\n                                            <div class=\"icon-block\"><img loading=\"lazy\" decoding=\"async\" width=\"56\" height=\"56\" src=\"https:\/\/bas-ip.com\/wp-content\/uploads\/2022\/09\/Mask-group-1.png\" class=\"attachment-medium size-medium\" alt=\"\" \/><\/div>\r\n                    \r\n                                            <div class=\"title-block\">SALGSLEDERE<\/div>\r\n                    \r\n                                            <div class=\"text-block\">Dykk ned i produktet seri\u00f8st og l\u00e6r mer om funksjonene.<\/div>\r\n                                    <\/li>\r\n                                          <li data-aos=\"fade-up\" data-aos-delay=\"300\">\r\n                                            <div class=\"icon-block\"><img loading=\"lazy\" decoding=\"async\" width=\"52\" height=\"52\" src=\"https:\/\/bas-ip.com\/wp-content\/uploads\/2022\/09\/Mask-group-2.png\" class=\"attachment-medium size-medium\" alt=\"\" \/><\/div>\r\n                    \r\n                                            <div class=\"title-block\">INTEGRATORER<\/div>\r\n                    \r\n                                            <div class=\"text-block\">L\u00e6r om mulighetene for \u00e5 implementere bruksklare BAS-IP-l\u00f8sninger i ulike typer anlegg.<\/div>\r\n                                    <\/li>\r\n                                  <\/ul>\r\n    <\/section>\r\n<!-- END Block Course -->\n\n<!-- START Block Product Installation --><section id=\"block_6411dd14b579f\" class=\"product-installation-section\">\r\n\t<div class=\"text-holder\">\r\n                    <\/div>\r\n\r\n\t\t    <div class=\"installation-blocks-list\">\r\n\t\t\t\t\t\t\t\t\t\t\t\t<div class=\"installation-block-item image-position-right\">\r\n\t\t\t\t\t\t<div class=\"text-holder\" data-aos=\"fade-right\">\r\n                                                            <h3 class=\"h2 title-section\">HVORDAN ER KURSET STRUKTURERT?<\/h3>\r\n                            \r\n                                                            <div class=\"text-section\">\r\n                                  <p>Det tekniske oppl\u00e6ringskurset er modulbasert, slik at deltakerne kan l\u00e6re i sitt eget tempo og fokusere p\u00e5 de omr\u00e5dene som passer deres behov. Kurset er delt inn i moduler, som hver dekker et spesifikt tema innen intercom-systemintegrasjon. Hver modul bygger p\u00e5 teori og praktiske \u00f8velser, slik at deltakerne kan anvende det de har l\u00e6rt p\u00e5 virkelige scenarier.<\/p>\n<p>Denne tiln\u00e6rmingen sikrer at deltakerne forst\u00e5r ideen og tilegner seg de praktiske ferdighetene for effektiv utforming, installasjon og vedlikehold av d\u00f8rkommunikasjonssystemer. I tillegg er en rekke multimediemateriell, inkludert videoer, diagrammer og interaktive simuleringer, inkludert i kurset for \u00e5 forbedre l\u00e6ringsopplevelsen. Deltakerne har ogs\u00e5 tilgang til nettressurser og et st\u00f8ttenettverk, inkludert instrukt\u00f8rer og andre kursdeltakere, for \u00e5 hjelpe dem med \u00e5 holde seg p\u00e5 sporet og ta opp eventuelle sp\u00f8rsm\u00e5l eller bekymringer.<\/p>\n                                <\/div>\r\n                                                    <\/div>\r\n\r\n                                                    <div class=\"image-holder\" data-aos=\"fade-left\">\r\n                                <div class=\"image-block\">\r\n                                    <img loading=\"lazy\" decoding=\"async\" width=\"944\" height=\"560\" src=\"https:\/\/bas-ip.com\/wp-content\/uploads\/2023\/03\/337-1.jpg\" class=\"attachment-full size-full\" alt=\"\" srcset=\"https:\/\/bas-ip.com\/wp-content\/uploads\/2023\/03\/337-1.jpg 944w,  https:\/\/bas-ip.com\/wp-content\/uploads\/2023\/03\/337-1-300x178.jpg 300w,  https:\/\/bas-ip.com\/wp-content\/uploads\/2023\/03\/337-1-768x456.jpg 768w,  https:\/\/bas-ip.com\/wp-content\/uploads\/2023\/03\/337-1-767x455.jpg 767w\" sizes=\"auto, (max-width: 944px) 100vw, 944px\" \/>                                <\/div>\r\n                            <\/div>\r\n                            \t\t\t\t\t<\/div>\r\n\t\t\t\t\t\t\t\t\t<\/div>\r\n\t<\/section>\r\n<!-- END Block Product Installation -->\n\n<!-- START Block About Us Text & Image --><section id=\"block_630fd51d596c5\" class=\"about-text-image-section\">\r\n\t        <div class=\"image-holder\" data-aos=\"fade-right\">\r\n\t        <img loading=\"lazy\" decoding=\"async\" width=\"438\" height=\"798\" src=\"https:\/\/bas-ip.com\/wp-content\/uploads\/2022\/09\/phone.png\" class=\"attachment-medium_large size-medium_large\" alt=\"\" srcset=\"https:\/\/bas-ip.com\/wp-content\/uploads\/2022\/09\/phone.png 438w,  https:\/\/bas-ip.com\/wp-content\/uploads\/2022\/09\/phone-165x300.png 165w\" sizes=\"auto, (max-width: 438px) 100vw, 438px\" \/>        <\/div>\r\n\t\r\n    <div class=\"text-holder\" data-aos=\"fade-left\">\r\n                            <div class=\"text-block\">\r\n                <h4><span style=\"color: #d32d23;\">P\u00c5 NETT<\/span><\/h4>\n<p>Nettoppl\u00e6ringen best\u00e5r av videoleksjoner og er delt inn i blokker. Etter \u00e5 ha sett videoleksjonene i hver blokk, m\u00e5 du ta en midtveispr\u00f8ve. N\u00e5r du har best\u00e5tt midtveispr\u00f8ven, f\u00e5r du tilgang til neste blokk. N\u00e5r du har sett alle videoene og best\u00e5tt alle delpr\u00f8vene, er det en avsluttende pr\u00f8ve.<\/p>\n<h4><span style=\"color: #d32d23;\">FRAKJ\u00d8RT<\/span><\/h4>\n<p>Alle som har fullf\u00f8rt nettoppl\u00e6ringen og best\u00e5tt den avsluttende pr\u00f8ven, er kvalifisert for praktisk oppl\u00e6ring og sertifisering. Frakoblet oppl\u00e6ring og sertifisering avholdes med jevne mellomrom p\u00e5 kontoret til den offisielle distribut\u00f8ren i ditt land.<\/p>            <\/div>\r\n            <\/div>\r\n<\/section>\r\n<!-- END Block About Us Text & Image -->\n\n<!-- START Block About Us Text & Image --><section id=\"block_630fd575596c6\" class=\"about-text-image-section\">\r\n\t        <div class=\"image-holder\" data-aos=\"fade-right\">\r\n\t        <img loading=\"lazy\" decoding=\"async\" width=\"640\" height=\"780\" src=\"https:\/\/bas-ip.com\/wp-content\/uploads\/2022\/08\/license_img_c2-1.png\" class=\"attachment-medium_large size-medium_large\" alt=\"\" srcset=\"https:\/\/bas-ip.com\/wp-content\/uploads\/2022\/08\/license_img_c2-1.png 640w,  https:\/\/bas-ip.com\/wp-content\/uploads\/2022\/08\/license_img_c2-1-246x300.png 246w\" sizes=\"auto, (max-width: 640px) 100vw, 640px\" \/>        <\/div>\r\n\t\r\n    <div class=\"text-holder\" data-aos=\"fade-left\">\r\n                    <h2 class=\"title-section\">SPESIALISTSERTIFIKAT<\/h2>\r\n                            <div class=\"text-block\">\r\n                <p>V\u00e5rt gratis oppl\u00e6ringsprogram er utformet for \u00e5 utdanne sertifiserte fagfolk og gj\u00f8re det mulig for bedrifter \u00e5 sikre at deres ansatte er fullt oppl\u00e6rt og kompetente til \u00e5 implementere BAS-IP-produkter. Dette sertifikatet er et bevis p\u00e5 dette.<\/p>\n<p><a href=\"https:\/\/courses.bas-ip.com\/registration\/2b40036d-2bf1-4f55-9171-ba0e6b1811bd\">BLI REGISTRERT<\/a><\/p>            <\/div>\r\n            <\/div>\r\n<\/section>\r\n<!-- END Block About Us Text & Image -->\n\n<!-- START Block CTA Courses --><section data-aos=\"fade-up\" id=\"block_630fde6a1b048\" class=\"cta-courses-section\">\r\n    <div class=\"bg-block\" style=\"background-image: url('https:\/\/bas-ip.com\/wp-content\/uploads\/2022\/09\/block_install.jpg');\"><\/div>\r\n    <div class=\"text-holder\" data-aos=\"fade-right\" data-aos-delay=\"300\">\r\n                    <h2 class=\"title-section\">Har du ikke mulighet til \u00e5 studere p\u00e5 et kontor?<\/h2>\r\n        \r\n\r\n    <\/div>\r\n\r\n\t        <div class=\"link-holder\" data-aos=\"fade-left\" data-aos-delay=\"300\">\r\n                        <div class=\"text-section\">\r\n                Last ned kursene v\u00e5re og l\u00e6r fra smarttelefonen din.              <\/div>\r\n                                  <a href=\"https:\/\/apps.apple.com\/us\/app\/unicraft\/id1540267679?roistat_visit=220783\" class=\"icon-app-store\" target=\"_blank\" rel=\"noopener\">app store<\/a>\r\n          \r\n                        <a href=\"https:\/\/play.google.com\/store\/apps\/details?id=org.unicraft.app&#038;roistat_visit=220783\" class=\"icon-google-play\" target=\"_blank\" rel=\"noopener\">google play<\/a>\r\n                  <\/div>\r\n\t<\/section>\r\n<!-- END Block CTA Courses -->\n\n<!-- START Block Sign Up --><section id=\"block_630fd153596bc\" class=\"sign-up-section\">\r\n\r\n    <div class=\"form-holder js-form\" data-aos=\"fade-right\">\r\n                    <div class=\"title-block h3\">Registrer deg for tilkobling<\/div>\r\n        \r\n                    <div class=\"text-block\">\r\n                Fyll ut all n\u00f8dvendig informasjon for \u00e5 svare deg s\u00e5 raskt som mulig            <\/div>\r\n        \r\n                    \n<div class=\"wpcf7 no-js\" id=\"wpcf7-f102-o1\" lang=\"en-US\" dir=\"ltr\">\n<div class=\"screen-reader-response\"><p role=\"status\" aria-live=\"polite\" aria-atomic=\"true\"><\/p> <ul><\/ul><\/div>\n<form action=\"\/no\/wp-json\/wp\/v2\/pages\/76268#wpcf7-f102-o1\" method=\"post\" class=\"wpcf7-form init\" aria-label=\"Contact form\" enctype=\"multipart\/form-data\" novalidate=\"novalidate\" data-status=\"init\">\n<div style=\"display: none;\">\n<input type=\"hidden\" name=\"_wpcf7\" value=\"102\" \/>\n<input type=\"hidden\" name=\"_wpcf7_version\" value=\"5.8.3\" \/>\n<input type=\"hidden\" name=\"_wpcf7_locale\" value=\"en_US\" \/>\n<input type=\"hidden\" name=\"_wpcf7_unit_tag\" value=\"wpcf7-f102-o1\" \/>\n<input type=\"hidden\" name=\"_wpcf7_container_post\" value=\"0\" \/>\n<input type=\"hidden\" name=\"_wpcf7_posted_data_hash\" value=\"\" \/>\n<input type=\"hidden\" name=\"_wpcf7_recaptcha_response\" value=\"\" \/>\n<\/div>\n<div class=\"row\"> \n <label><span class=\"label-text\">Name<\/span> \n  <span class=\"wpcf7-form-control-wrap\" data-name=\"text-full-name\"><input size=\"40\" class=\"wpcf7-form-control wpcf7-text wpcf7-validates-as-required\" aria-required=\"true\" aria-invalid=\"false\" placeholder=\"Name\" value=\"\" type=\"text\" name=\"text-full-name\" \/><\/span><\/label> \n<\/div> \n<div class=\"row\"> \n <label><span class=\"label-text\">Phone*<\/span> \n<span class=\"wpcf7-form-control-wrap\" data-name=\"phonetext-270\"><input size=\"40\" class=\"wpcf7-form-control wpcf7-phonetext wpcf7-validates-as-required wpcf7-text wpcf7-validates-as-phonetext\" aria-required=\"true\" aria-invalid=\"false\" placeholder=\"Phone*\" value=\"\" type=\"text\" name=\"phonetext-270\" \/><input type=\"hidden\" name=\"phonetext-270-country-code\" class=\"wpcf7-phonetext-country-code\" \/><\/span><\/label> \n<\/div> \n<div class=\"row\"> \n <label><span class=\"label-text\">E-mail<\/span> \n  <span class=\"wpcf7-form-control-wrap\" data-name=\"email-e-mail\"><input size=\"40\" class=\"wpcf7-form-control wpcf7-email wpcf7-validates-as-required wpcf7-text wpcf7-validates-as-email\" aria-required=\"true\" aria-invalid=\"false\" placeholder=\"E-mail\" value=\"\" type=\"email\" name=\"email-e-mail\" \/><\/span><\/label> \n<\/div> \n<div class=\"row\"><span>Your country<\/span> \n <label><span class=\"wpcf7-form-control-wrap\" data-name=\"countrytext-126\"><input size=\"40\" class=\"wpcf7-form-control wpcf7-countrytext wpcf7-text wpcf7-validates-as-countrytext\" aria-invalid=\"false\" value=\"\" type=\"text\" name=\"countrytext-126\" \/><\/span> <\/label>\n<\/div> \n<div class=\"row\"> \n <button type=\"submit\" class=\"btn\">Send<\/button> \n<\/div> \n<div class=\"row\"> \n <span class=\"wpcf7-form-control-wrap\" data-name=\"checkbox-931\"><span class=\"wpcf7-form-control wpcf7-checkbox\"><span class=\"wpcf7-list-item first\"><label><input type=\"checkbox\" name=\"checkbox-931[]\" value=\"Integrator\" \/><span class=\"wpcf7-list-item-label\">Integrator<\/span><\/label><\/span><span class=\"wpcf7-list-item\"><label><input type=\"checkbox\" name=\"checkbox-931[]\" value=\"Builder\" \/><span class=\"wpcf7-list-item-label\">Builder<\/span><\/label><\/span><span class=\"wpcf7-list-item last\"><label><input type=\"checkbox\" name=\"checkbox-931[]\" value=\"End-User\" \/><span class=\"wpcf7-list-item-label\">End-User<\/span><\/label><\/span><\/span><\/span> \n<\/div> \n<div class=\"row row-upload-file\"> \n <label class=\"upload-file-block js-upload-file\">Attach file \n  <span class=\"wpcf7-form-control-wrap\" data-name=\"file-466\"><input size=\"40\" class=\"wpcf7-form-control wpcf7-file\" accept=\"audio\/*,video\/*,image\/*\" aria-invalid=\"false\" type=\"file\" name=\"file-466\" \/><\/span><\/label> \n<\/div><input type='hidden' class='wpcf7-pum' value='{\"closepopup\":false,\"closedelay\":0,\"openpopup\":false,\"openpopup_id\":0}' \/><div class=\"wpcf7-response-output\" aria-hidden=\"true\"><\/div>\n<\/form>\n<\/div>\n            <\/div>\r\n\r\n\t\t    <div class=\"text-holder\" data-aos=\"fade-left\">\r\n\t\t\t\t\t\t    <h3 class=\"title-block\">Hvordan kan vi hjelpe?<\/h3>\r\n\t\t\t\r\n\t\t\t                <div class=\"text-block\">\r\n                    Vennligst velg et emne nedenfor som er relatert til foresp\u00f8rselen din. Hvis du ikke finner det du trenger, kan du fylle ut kontaktskjemaet v\u00e5rt.                <\/div>\r\n\t\t\t\r\n\t\t\t\t\t\t    <ul class=\"link-list\">\r\n\t\t\t\t\t\t\t\t\t\t\t\t\t\t\t\t\t\t<li>\r\n\t\t\t\t\t\t\t\t\t\t\t\t\t\t\t\t    <strong>Bli inspirert<\/strong>\r\n\t\t\t\t\t\t\t\t\t\t\t\t\t\t\t\t\t\t\t\t\t\t\t\t    <a href=\"\/features\/\">\r\n\t\t\t\t\t\t\t\t        Oppdag hva som er under intercom-en v\u00e5r\t\t\t\t\t\t\t\t    <\/a>\r\n\t\t\t\t\t\t\t\t\t\t\t\t\t\t\t<\/li>\r\n\t\t\t\t\t\t\t\t\t\t\t\t\t\t\t\t\t\t\t\t\t\t\t\t<li>\r\n\t\t\t\t\t\t\t\t\t\t\t\t\t\t\t\t    <strong>Bli en partner<\/strong>\r\n\t\t\t\t\t\t\t\t\t\t\t\t\t\t\t\t\t\t\t\t\t\t\t\t    <a href=\"\/distributors\/\">\r\n\t\t\t\t\t\t\t\t        Utvid virksomheten din med BAS-IP-interkom\t\t\t\t\t\t\t\t    <\/a>\r\n\t\t\t\t\t\t\t\t\t\t\t\t\t\t\t<\/li>\r\n\t\t\t\t\t\t\t\t\t\t\t\t\t\t\t\t\t\t\t\t\t\t\t\t<li>\r\n\t\t\t\t\t\t\t\t\t\t\t\t\t\t\t\t    <strong>Sjekk guidene<\/strong>\r\n\t\t\t\t\t\t\t\t\t\t\t\t\t\t\t\t\t\t\t\t\t\t\t\t    <a href=\"\/support\/\">\r\n\t\t\t\t\t\t\t\t        Last ned detaljerte manualer og skjemaer\t\t\t\t\t\t\t\t    <\/a>\r\n\t\t\t\t\t\t\t\t\t\t\t\t\t\t\t<\/li>\r\n\t\t\t\t\t\t\t\t\t\t\t\t\t\t\t<\/ul>\r\n\t\t\t\r\n\t\t\t\t\t\t    <h3 class=\"title-block\">V\u00e5re kontakter<\/h3>\r\n\t\t\t\r\n\t\t\t\t\t\t\t<ul class=\"contact-list\">\r\n\t\t\t\t\t\t\t\t\t\t\t\t\t\t\t\t\t\t<li>\r\n\t\t\t\t\t\t\t\t\t\t\t\t\t\t\t\t\t<strong>Salg:<\/strong>\r\n\t\t\t\t\t\t\t\t\t\t\t\t\t\t\t\t\t\t\t\t\t\t\t\t    <a href=\"mailto:&#115;&#97;&#108;&#101;s&#64;&#98;as-&#105;p.&#99;o&#109;\">s&#97;&#108;es&#64;&#98;a&#115;&#45;ip.com<\/a>\r\n\t\t\t\t\t\t\t\t\t\t\t\t\t\t\t<\/li>\r\n\t\t\t\t\t\t\t\t\t\t\t\t\t\t\t\t\t\t\t\t\t\t\t\t<li>\r\n\t\t\t\t\t\t\t\t\t\t\t\t\t\t\t\t\t<strong>Technical support:<\/strong>\r\n\t\t\t\t\t\t\t\t\t\t\t\t\t\t\t\t\t\t\t\t\t\t\t\t    <a href=\"mailto:&#115;&#117;p&#112;ort&#64;b&#97;s&#45;ip&#46;&#99;&#111;m\">&#115;&#117;ppo&#114;&#116;&#64;b&#97;&#115;&#45;&#105;p&#46;&#99;&#111;&#109;<\/a>\r\n\t\t\t\t\t\t\t\t\t\t\t\t\t\t\t<\/li>\r\n\t\t\t\t\t\t\t\t\t\t\t\t\t\t\t<\/ul>\r\n\t\t\t\t\t<\/div>\r\n\t<\/section>\r\n\r\n\r\n\r\n<!-- END Block Sign Up -->","protected":false},"excerpt":{"rendered":"","protected":false},"author":1,"featured_media":0,"parent":0,"menu_order":0,"comment_status":"closed","ping_status":"closed","template":"","meta":{"inline_featured_image":false,"footnotes":""},"class_list":["post-76268","page","type-page","status-publish","hentry"],"acf":[],"_links":{"self":[{"href":"https:\/\/bas-ip.com\/no\/wp-json\/wp\/v2\/pages\/76268","targetHints":{"allow":["GET"]}}],"collection":[{"href":"https:\/\/bas-ip.com\/no\/wp-json\/wp\/v2\/pages"}],"about":[{"href":"https:\/\/bas-ip.com\/no\/wp-json\/wp\/v2\/types\/page"}],"author":[{"embeddable":true,"href":"https:\/\/bas-ip.com\/no\/wp-json\/wp\/v2\/users\/1"}],"replies":[{"embeddable":true,"href":"https:\/\/bas-ip.com\/no\/wp-json\/wp\/v2\/comments?post=76268"}],"version-history":[{"count":6,"href":"https:\/\/bas-ip.com\/no\/wp-json\/wp\/v2\/pages\/76268\/revisions"}],"predecessor-version":[{"id":142163,"href":"https:\/\/bas-ip.com\/no\/wp-json\/wp\/v2\/pages\/76268\/revisions\/142163"}],"wp:attachment":[{"href":"https:\/\/bas-ip.com\/no\/wp-json\/wp\/v2\/media?parent=76268"}],"curies":[{"name":"wp","href":"https:\/\/api.w.org\/{rel}","templated":true}]}}