{"id":150025,"date":"2025-02-06T12:58:36","date_gmt":"2025-02-06T12:58:36","guid":{"rendered":"https:\/\/bas-ip.com\/napco\/"},"modified":"2025-11-18T15:16:50","modified_gmt":"2025-11-18T15:16:50","slug":"napco","status":"publish","type":"page","link":"https:\/\/bas-ip.com\/no\/napco\/","title":{"rendered":"NAPCO"},"content":{"rendered":"<h2 class=\"wp-block-heading\"><strong>BAS-IP og NAPCO: Integrasjon for Praktisk Tilgangsadministrasjon<\/strong><\/h2>\n\n\n<div class=\"wp-block-image\">\n<figure class=\"aligncenter size-full\"><img loading=\"lazy\" decoding=\"async\" width=\"900\" height=\"183\" src=\"https:\/\/bas-ip.com\/wp-content\/uploads\/2025\/02\/napco-security-logo.png\" alt=\"\" class=\"wp-image-130197\" srcset=\"https:\/\/bas-ip.com\/wp-content\/uploads\/2025\/02\/napco-security-logo.png 900w,  https:\/\/bas-ip.com\/wp-content\/uploads\/2025\/02\/napco-security-logo-300x61.png 300w,  https:\/\/bas-ip.com\/wp-content\/uploads\/2025\/02\/napco-security-logo-768x156.png 768w,  https:\/\/bas-ip.com\/wp-content\/uploads\/2025\/02\/napco-security-logo-767x156.png 767w\" sizes=\"auto, (max-width: 900px) 100vw, 900px\" \/><\/figure>\n<\/div>\n\n<p data-path-to-node=\"2\">Integrasjonen med <b>NAPCO<\/b> drives via det <b>Android-baserte<\/b> panelet <b>AV-08FB<\/b>. Ved \u00e5 koble panelet til programvaren <b>Card Access Software v1.2.x<\/b> kan brukere administrere tilgangsopplysninger gjennom ett enkelt grensesnitt, noe som eliminerer behovet for et separat webgrensesnitt og forenkler prosessen.<\/p>\n<p data-path-to-node=\"3\">Integrasjonen dekker <b>adgangskontroll<\/b>, <b>videooverv\u00e5king<\/b> og <b>sanntidsoverv\u00e5king<\/b>, noe som gj\u00f8r systemet fleksibelt og praktisk, spesielt for boligkomplekser og kontorer der rask administrasjon og hurtig respons p\u00e5 hendelser er avgj\u00f8rende.<\/p>\n<p data-path-to-node=\"5\">\u00a0<\/p>\n<h3>Fordeler med BAS-IP og NAPCO Integrasjon:<\/h3>\n<p>\u00a0<\/p>\n<ul>\n<li data-path-to-node=\"6,0,0\"><b>Enkel Administrasjon:<\/b> Ett enkelt grensesnitt lar brukere enkelt administrere tilgangsopplysninger og tilgang, noe som forenkler administrasjonsprosessen.<\/li>\n<li data-path-to-node=\"6,0,0\"><b>Fleksibelt System:<\/b> Integrasjonen muliggj\u00f8r bruk av ulike funksjoner, inkludert adgangskontroll og videooverv\u00e5king, noe som gj\u00f8r systemet allsidig.<\/li>\n<li data-path-to-node=\"6,0,0\"><b>Sanntidsoverv\u00e5king:<\/b> Evnen til \u00e5 overv\u00e5ke hendelser i sanntid forbedrer sikkerheten og muliggj\u00f8r raskere respons p\u00e5 hendelser.<\/li>\n<li data-path-to-node=\"6,0,0\"><b>Ideelt for Bolig- og Kontorkomplekser:<\/b> L\u00f8sningen er egnet for eiendommer der rask respons og praktisk tilgangsadministrasjon er essensielt.<\/li>\n<\/ul>\n<p data-path-to-node=\"8\">\u00a0<\/p>\n<h3>N\u00f8kkelpunkter ved Integrasjonen:<\/h3>\n<p>\u00a0<\/p>\n<p data-path-to-node=\"9\">Samarbeidet mellom <b>BAS-IP<\/b> og <b>NAPCO<\/b> tilbyr:<\/p>\n<ul>\n<li data-path-to-node=\"10,0,0\">Integrasjon med <b>AV-08FB<\/b>-panelet og <b>Card Access<\/b>-programvaren, noe som gir praktisk tilgangsadministrasjon.<\/li>\n<li data-path-to-node=\"10,0,0\">Sammenkobling mellom ulike sikkerhetsaspekter, som videooverv\u00e5king og adgangskontroll.<\/li>\n<li data-path-to-node=\"10,0,0\">Fleksible konfigurasjoner for \u00e5 tilpasse seg ulike brukerbehov.<\/li>\n<\/ul>\n<p data-path-to-node=\"11\">Denne integrasjonen muliggj\u00f8r konsolidering av tilgangsadministrasjon og videooverv\u00e5king i ett system, noe som gj\u00f8r det til en ideell l\u00f8sning for moderne eiendommer. Samarbeidet mellom <b>BAS-IP<\/b> og <b>NAPCO<\/b> gir et effektivt og sikkert verkt\u00f8y for tilgangsadministrasjon og overv\u00e5king.<\/p>\n<p data-path-to-node=\"12\">For mer detaljert veiledning om installasjon og konfigurasjon, vennligst se v\u00e5r <a href=\"https:\/\/basip.atlassian.net\/wiki\/spaces\/Integrations\/pages\/248479748\/Integration+with+NAPCO\" target=\"_blank\" rel=\"noopener\"><b>Wiki-manual<\/b><\/a>.<\/p>\n\n<!-- START Block Sign Up --><section id=\"block_629678229e935\" class=\"sign-up-section\">\r\n\r\n    <div class=\"form-holder js-form\" data-aos=\"fade-right\">\r\n                    <div class=\"title-block h3\">Sign up for connection<\/div>\r\n        \r\n                    <div class=\"text-block\">\r\n                Filling out all the information needed to answer you as quickly as possible            <\/div>\r\n        \r\n                    \n<div class=\"wpcf7 no-js\" id=\"wpcf7-f102-o1\" lang=\"en-US\" dir=\"ltr\">\n<div class=\"screen-reader-response\"><p role=\"status\" aria-live=\"polite\" aria-atomic=\"true\"><\/p> <ul><\/ul><\/div>\n<form action=\"\/no\/wp-json\/wp\/v2\/pages\/150025#wpcf7-f102-o1\" method=\"post\" class=\"wpcf7-form init\" aria-label=\"Contact form\" enctype=\"multipart\/form-data\" novalidate=\"novalidate\" data-status=\"init\">\n<div style=\"display: none;\">\n<input type=\"hidden\" name=\"_wpcf7\" value=\"102\" \/>\n<input type=\"hidden\" name=\"_wpcf7_version\" value=\"5.8.3\" \/>\n<input type=\"hidden\" name=\"_wpcf7_locale\" value=\"en_US\" \/>\n<input type=\"hidden\" name=\"_wpcf7_unit_tag\" value=\"wpcf7-f102-o1\" \/>\n<input type=\"hidden\" name=\"_wpcf7_container_post\" value=\"0\" \/>\n<input type=\"hidden\" name=\"_wpcf7_posted_data_hash\" value=\"\" \/>\n<input type=\"hidden\" name=\"_wpcf7_recaptcha_response\" value=\"\" \/>\n<\/div>\n<div class=\"row\"> \n <label><span class=\"label-text\">Name<\/span> \n  <span class=\"wpcf7-form-control-wrap\" data-name=\"text-full-name\"><input size=\"40\" class=\"wpcf7-form-control wpcf7-text wpcf7-validates-as-required\" aria-required=\"true\" aria-invalid=\"false\" placeholder=\"Name\" value=\"\" type=\"text\" name=\"text-full-name\" \/><\/span><\/label> \n<\/div> \n<div class=\"row\"> \n <label><span class=\"label-text\">Phone*<\/span> \n<span class=\"wpcf7-form-control-wrap\" data-name=\"phonetext-270\"><input size=\"40\" class=\"wpcf7-form-control wpcf7-phonetext wpcf7-validates-as-required wpcf7-text wpcf7-validates-as-phonetext\" aria-required=\"true\" aria-invalid=\"false\" placeholder=\"Phone*\" value=\"\" type=\"text\" name=\"phonetext-270\" \/><input type=\"hidden\" name=\"phonetext-270-country-code\" class=\"wpcf7-phonetext-country-code\" \/><\/span><\/label> \n<\/div> \n<div class=\"row\"> \n <label><span class=\"label-text\">E-mail<\/span> \n  <span class=\"wpcf7-form-control-wrap\" data-name=\"email-e-mail\"><input size=\"40\" class=\"wpcf7-form-control wpcf7-email wpcf7-validates-as-required wpcf7-text wpcf7-validates-as-email\" aria-required=\"true\" aria-invalid=\"false\" placeholder=\"E-mail\" value=\"\" type=\"email\" name=\"email-e-mail\" \/><\/span><\/label> \n<\/div> \n<div class=\"row\"><span>Your country<\/span> \n <label><span class=\"wpcf7-form-control-wrap\" data-name=\"countrytext-126\"><input size=\"40\" class=\"wpcf7-form-control wpcf7-countrytext wpcf7-text wpcf7-validates-as-countrytext\" aria-invalid=\"false\" value=\"\" type=\"text\" name=\"countrytext-126\" \/><\/span> <\/label>\n<\/div> \n<div class=\"row\"> \n <button type=\"submit\" class=\"btn\">Send<\/button> \n<\/div> \n<div class=\"row\"> \n <span class=\"wpcf7-form-control-wrap\" data-name=\"checkbox-931\"><span class=\"wpcf7-form-control wpcf7-checkbox\"><span class=\"wpcf7-list-item first\"><label><input type=\"checkbox\" name=\"checkbox-931[]\" value=\"Integrator\" \/><span class=\"wpcf7-list-item-label\">Integrator<\/span><\/label><\/span><span class=\"wpcf7-list-item\"><label><input type=\"checkbox\" name=\"checkbox-931[]\" value=\"Builder\" \/><span class=\"wpcf7-list-item-label\">Builder<\/span><\/label><\/span><span class=\"wpcf7-list-item last\"><label><input type=\"checkbox\" name=\"checkbox-931[]\" value=\"End-User\" \/><span class=\"wpcf7-list-item-label\">End-User<\/span><\/label><\/span><\/span><\/span> \n<\/div> \n<div class=\"row row-upload-file\"> \n <label class=\"upload-file-block js-upload-file\">Attach file \n  <span class=\"wpcf7-form-control-wrap\" data-name=\"file-466\"><input size=\"40\" class=\"wpcf7-form-control wpcf7-file\" accept=\"audio\/*,video\/*,image\/*\" aria-invalid=\"false\" type=\"file\" name=\"file-466\" \/><\/span><\/label> \n<\/div><input type='hidden' class='wpcf7-pum' value='{\"closepopup\":false,\"closedelay\":0,\"openpopup\":false,\"openpopup_id\":0}' \/><div class=\"wpcf7-response-output\" aria-hidden=\"true\"><\/div>\n<\/form>\n<\/div>\n            <\/div>\r\n\r\n\t\t    <div class=\"text-holder\" data-aos=\"fade-left\">\r\n\t\t\t\t\t\t    <h3 class=\"title-block\">How Can We Help?<\/h3>\r\n\t\t\t\r\n\t\t\t                <div class=\"text-block\">\r\n                    Please select a topic below related to your inquiry. If you don&#8217;t find what you need, fill out our contact form.                <\/div>\r\n\t\t\t\r\n\t\t\t\t\t\t    <ul class=\"link-list\">\r\n\t\t\t\t\t\t\t\t\t\t\t\t\t\t\t\t\t\t<li>\r\n\t\t\t\t\t\t\t\t\t\t\t\t\t\t\t\t    <strong>Get Inspired<\/strong>\r\n\t\t\t\t\t\t\t\t\t\t\t\t\t\t\t\t\t\t\t\t\t\t\t\t    <a href=\"\/features\/\">\r\n\t\t\t\t\t\t\t\t        Discover what&#8217;s beneath our intercom\t\t\t\t\t\t\t\t    <\/a>\r\n\t\t\t\t\t\t\t\t\t\t\t\t\t\t\t<\/li>\r\n\t\t\t\t\t\t\t\t\t\t\t\t\t\t\t\t\t\t\t\t\t\t\t\t<li>\r\n\t\t\t\t\t\t\t\t\t\t\t\t\t\t\t\t    <strong>Become a Partner<\/strong>\r\n\t\t\t\t\t\t\t\t\t\t\t\t\t\t\t\t\t\t\t\t\t\t\t\t    <a href=\"\/distributors\/\">\r\n\t\t\t\t\t\t\t\t        Expand your business with BAS-IP intercom\t\t\t\t\t\t\t\t    <\/a>\r\n\t\t\t\t\t\t\t\t\t\t\t\t\t\t\t<\/li>\r\n\t\t\t\t\t\t\t\t\t\t\t\t\t\t\t\t\t\t\t\t\t\t\t\t<li>\r\n\t\t\t\t\t\t\t\t\t\t\t\t\t\t\t\t    <strong>Check the Guides<\/strong>\r\n\t\t\t\t\t\t\t\t\t\t\t\t\t\t\t\t\t\t\t\t\t\t\t\t    <a href=\"\/support\/\">\r\n\t\t\t\t\t\t\t\t        Download detailed manuals and schemes\t\t\t\t\t\t\t\t    <\/a>\r\n\t\t\t\t\t\t\t\t\t\t\t\t\t\t\t<\/li>\r\n\t\t\t\t\t\t\t\t\t\t\t\t\t\t\t<\/ul>\r\n\t\t\t\r\n\t\t\t\t\t\t    <h3 class=\"title-block\">Our contacts<\/h3>\r\n\t\t\t\r\n\t\t\t\t\t\t\t<ul class=\"contact-list\">\r\n\t\t\t\t\t\t\t\t\t\t\t\t\t\t\t\t\t\t<li>\r\n\t\t\t\t\t\t\t\t\t\t\t\t\t\t\t\t\t<strong>Sales:<\/strong>\r\n\t\t\t\t\t\t\t\t\t\t\t\t\t\t\t\t\t\t\t\t\t\t\t\t    <a href=\"mailto:sa&#108;&#101;&#115;&#64;&#98;a&#115;-i&#112;&#46;co&#109;\">s&#97;l&#101;&#115;&#64;b&#97;s&#45;ip&#46;c&#111;m<\/a>\r\n\t\t\t\t\t\t\t\t\t\t\t\t\t\t\t<\/li>\r\n\t\t\t\t\t\t\t\t\t\t\t\t\t\t\t\t\t\t\t\t\t\t\t\t<li>\r\n\t\t\t\t\t\t\t\t\t\t\t\t\t\t\t\t\t<strong>Technical support:<\/strong>\r\n\t\t\t\t\t\t\t\t\t\t\t\t\t\t\t\t\t\t\t\t\t\t\t\t    <a href=\"mailto:supp&#111;&#114;t&#64;&#98;&#97;s&#45;&#105;p.com\">&#115;&#117;&#112;p&#111;r&#116;&#64;&#98;&#97;&#115;&#45;&#105;&#112;&#46;c&#111;m<\/a>\r\n\t\t\t\t\t\t\t\t\t\t\t\t\t\t\t<\/li>\r\n\t\t\t\t\t\t\t\t\t\t\t\t\t\t\t<\/ul>\r\n\t\t\t\t\t<\/div>\r\n\t<\/section>\r\n\r\n\r\n\r\n<!-- END Block Sign Up -->","protected":false},"excerpt":{"rendered":"<p>BAS-IP og NAPCO: Integrasjon for Praktisk Tilgangsadministrasjon Integrasjonen med NAPCO drives via det Android-baserte panelet AV-08FB. Ved \u00e5 koble panelet til programvaren Card Access Software v1.2.x kan brukere administrere tilgangsopplysninger gjennom ett enkelt grensesnitt, noe som eliminerer behovet for et separat webgrensesnitt og forenkler prosessen. Integrasjonen dekker adgangskontroll, videooverv\u00e5king og sanntidsoverv\u00e5king, noe som gj\u00f8r systemet [&hellip;]<\/p>","protected":false},"author":1,"featured_media":0,"parent":0,"menu_order":0,"comment_status":"closed","ping_status":"closed","template":"page-custom-breadcrumbs.php","meta":{"inline_featured_image":false,"footnotes":""},"class_list":["post-150025","page","type-page","status-publish","hentry"],"acf":[],"_links":{"self":[{"href":"https:\/\/bas-ip.com\/no\/wp-json\/wp\/v2\/pages\/150025","targetHints":{"allow":["GET"]}}],"collection":[{"href":"https:\/\/bas-ip.com\/no\/wp-json\/wp\/v2\/pages"}],"about":[{"href":"https:\/\/bas-ip.com\/no\/wp-json\/wp\/v2\/types\/page"}],"author":[{"embeddable":true,"href":"https:\/\/bas-ip.com\/no\/wp-json\/wp\/v2\/users\/1"}],"replies":[{"embeddable":true,"href":"https:\/\/bas-ip.com\/no\/wp-json\/wp\/v2\/comments?post=150025"}],"version-history":[{"count":2,"href":"https:\/\/bas-ip.com\/no\/wp-json\/wp\/v2\/pages\/150025\/revisions"}],"predecessor-version":[{"id":150144,"href":"https:\/\/bas-ip.com\/no\/wp-json\/wp\/v2\/pages\/150025\/revisions\/150144"}],"wp:attachment":[{"href":"https:\/\/bas-ip.com\/no\/wp-json\/wp\/v2\/media?parent=150025"}],"curies":[{"name":"wp","href":"https:\/\/api.w.org\/{rel}","templated":true}]}}