{"id":148253,"date":"2023-04-05T09:42:38","date_gmt":"2023-04-05T09:42:38","guid":{"rendered":"https:\/\/bas-ip.com\/integration-u-prox\/"},"modified":"2025-11-13T14:29:16","modified_gmt":"2025-11-13T14:29:16","slug":"integration-u-prox","status":"publish","type":"page","link":"https:\/\/bas-ip.com\/no\/integration-u-prox\/","title":{"rendered":"U-Prox"},"content":{"rendered":"<div class=\"wp-block-image\">\n<figure class=\"aligncenter size-large is-resized\"><img loading=\"lazy\" decoding=\"async\" width=\"1024\" height=\"225\" src=\"https:\/\/bas-ip.com\/wp-content\/uploads\/2023\/04\/UPROX-2-1024x225.png\" alt=\"\" class=\"wp-image-67550\" style=\"width:768px;height:169px\" srcset=\"https:\/\/bas-ip.com\/wp-content\/uploads\/2023\/04\/UPROX-2-1024x225.png 1024w,  https:\/\/bas-ip.com\/wp-content\/uploads\/2023\/04\/UPROX-2-300x66.png 300w,  https:\/\/bas-ip.com\/wp-content\/uploads\/2023\/04\/UPROX-2-768x169.png 768w,  https:\/\/bas-ip.com\/wp-content\/uploads\/2023\/04\/UPROX-2-767x169.png 767w,  https:\/\/bas-ip.com\/wp-content\/uploads\/2023\/04\/UPROX-2.png 1200w\" sizes=\"auto, (max-width: 1024px) 100vw, 1024px\" \/><\/figure>\n<\/div>\n\n<!-- START Block Integrations Text & Image --><section id=\"block_642d403e495e8\" class=\"integrations-text-image-section\">\r\n\t\t<div class=\"image-holder\" data-aos=\"fade-left\">\r\n\t\t<img loading=\"lazy\" decoding=\"async\" width=\"900\" height=\"195\" src=\"https:\/\/bas-ip.com\/wp-content\/uploads\/2023\/04\/upro_image-1024x222.jpg\" class=\"attachment-large size-large\" alt=\"\" srcset=\"https:\/\/bas-ip.com\/wp-content\/uploads\/2023\/04\/upro_image-1024x222.jpg 1024w,  https:\/\/bas-ip.com\/wp-content\/uploads\/2023\/04\/upro_image-300x65.jpg 300w,  https:\/\/bas-ip.com\/wp-content\/uploads\/2023\/04\/upro_image-768x166.jpg 768w,  https:\/\/bas-ip.com\/wp-content\/uploads\/2023\/04\/upro_image-767x166.jpg 767w,  https:\/\/bas-ip.com\/wp-content\/uploads\/2023\/04\/upro_image.jpg 1029w\" sizes=\"auto, (max-width: 900px) 100vw, 900px\" \/>\t<\/div>\r\n\t\r\n\t<div class=\"text-holder\" data-aos=\"fade-right\">\r\n\t\t\t\t\t\t<div class=\"text-block\">\r\n\t\t\t<div class=\"wrapper container margin_t_b_80_p\">\n<div class=\"auntk_text_p\">\n<h1>U-Prox Sikkerhetsintegrasjon (Security Integration)<\/h1>\n<p>&nbsp;<\/p>\n<p>Bruken av BAS-IP intercom-systemer i komplekser med U-Prox-utstyr er av interesse ikke bare for utviklere og installasjonsorganisasjoner, men ogs\u00e5 for bedriftene selv, kontorer eller kj\u00f8pesentre.<\/p>\n<p>Kun <b>U-Prox-serveren<\/b> og <b>BAS-IP intercom-panelene<\/b> trenger \u00e5 installeres p\u00e5 anlegget. Det er tilstrekkelig \u00e5 spesifisere Proxy-serverens adresse i BAS-IP intercom-en, og intercom-systemets utstyr vil automatisk bli lagt til serveren i et enhetlig grensesnitt.<\/p>\n<p>Dette vil bidra til \u00e5 utvide mulighetsomr\u00e5det i oppgavene som utf\u00f8res, samt redusere kostnadene for ekstra utstyr eller arbeidsplasser.<\/p>\n<p>Takket v\u00e6re sammensl\u00e5ingen av de to systemene til ett enkelt system, har et nytt niv\u00e5 av sikkerhet og brukervennlighet (usability) blitt tilgjengelig:<\/p>\n<ul>\n<li>Mulighet for \u00e5 kontrollere l\u00e5ser<\/li>\n<li>Lesing, tillegg og sletting av identifikatorer<\/li>\n<li>Passeringsstatistikk<\/li>\n<li>Full st\u00f8tte for BAS-IP-paneler i U-Prox-programvaren<\/li>\n<li>Bruk av smarttelefon som identifikator<\/li>\n<li>Enhetlig grensesnitt for tilgangskontroll<\/li>\n<li>Enhetlig hendelseslogg med tilpassbare filtre<\/li>\n<li>Sentralisert distribusjon av tilgangsniv\u00e5er p\u00e5 BAS-IP- og U-Prox-enheter<\/li>\n<\/ul>\n<p>For mer detaljert informasjon, vennligst bes\u00f8k v\u00e5r <a href=\"https:\/\/basip.atlassian.net\/wiki\/spaces\/Integrations\/pages\/5046964\/Integration+with+U-Prox+software\" target=\"_blank\" rel=\"noopener\">WIKI<\/a>.<\/p>\n<\/div>\n<\/div>\t\t<\/div>\r\n\t\t\r\n\t\t\r\n\t\t\t<\/div>\r\n<\/section>\r\n<!-- END Block Integrations Text & Image -->\n\n<!-- START Block Sign Up --><section id=\"block_642d4169495e9\" class=\"sign-up-section\">\r\n\r\n    <div class=\"form-holder js-form\" data-aos=\"fade-right\">\r\n                    <div class=\"title-block h3\">Registrer deg for tilkobling<\/div>\r\n        \r\n                    <div class=\"text-block\">\r\n                Fyll ut all n\u00f8dvendig informasjon for \u00e5 svare deg s\u00e5 raskt som mulig            <\/div>\r\n        \r\n                    \n<div class=\"wpcf7 no-js\" id=\"wpcf7-f102-o1\" lang=\"en-US\" dir=\"ltr\">\n<div class=\"screen-reader-response\"><p role=\"status\" aria-live=\"polite\" aria-atomic=\"true\"><\/p> <ul><\/ul><\/div>\n<form action=\"\/no\/wp-json\/wp\/v2\/pages\/148253#wpcf7-f102-o1\" method=\"post\" class=\"wpcf7-form init\" aria-label=\"Contact form\" enctype=\"multipart\/form-data\" novalidate=\"novalidate\" data-status=\"init\">\n<div style=\"display: none;\">\n<input type=\"hidden\" name=\"_wpcf7\" value=\"102\" \/>\n<input type=\"hidden\" name=\"_wpcf7_version\" value=\"5.8.3\" \/>\n<input type=\"hidden\" name=\"_wpcf7_locale\" value=\"en_US\" \/>\n<input type=\"hidden\" name=\"_wpcf7_unit_tag\" value=\"wpcf7-f102-o1\" \/>\n<input type=\"hidden\" name=\"_wpcf7_container_post\" value=\"0\" \/>\n<input type=\"hidden\" name=\"_wpcf7_posted_data_hash\" value=\"\" \/>\n<input type=\"hidden\" name=\"_wpcf7_recaptcha_response\" value=\"\" \/>\n<\/div>\n<div class=\"row\"> \n <label><span class=\"label-text\">Name<\/span> \n  <span class=\"wpcf7-form-control-wrap\" data-name=\"text-full-name\"><input size=\"40\" class=\"wpcf7-form-control wpcf7-text wpcf7-validates-as-required\" aria-required=\"true\" aria-invalid=\"false\" placeholder=\"Name\" value=\"\" type=\"text\" name=\"text-full-name\" \/><\/span><\/label> \n<\/div> \n<div class=\"row\"> \n <label><span class=\"label-text\">Phone*<\/span> \n<span class=\"wpcf7-form-control-wrap\" data-name=\"phonetext-270\"><input size=\"40\" class=\"wpcf7-form-control wpcf7-phonetext wpcf7-validates-as-required wpcf7-text wpcf7-validates-as-phonetext\" aria-required=\"true\" aria-invalid=\"false\" placeholder=\"Phone*\" value=\"\" type=\"text\" name=\"phonetext-270\" \/><input type=\"hidden\" name=\"phonetext-270-country-code\" class=\"wpcf7-phonetext-country-code\" \/><\/span><\/label> \n<\/div> \n<div class=\"row\"> \n <label><span class=\"label-text\">E-mail<\/span> \n  <span class=\"wpcf7-form-control-wrap\" data-name=\"email-e-mail\"><input size=\"40\" class=\"wpcf7-form-control wpcf7-email wpcf7-validates-as-required wpcf7-text wpcf7-validates-as-email\" aria-required=\"true\" aria-invalid=\"false\" placeholder=\"E-mail\" value=\"\" type=\"email\" name=\"email-e-mail\" \/><\/span><\/label> \n<\/div> \n<div class=\"row\"><span>Your country<\/span> \n <label><span class=\"wpcf7-form-control-wrap\" data-name=\"countrytext-126\"><input size=\"40\" class=\"wpcf7-form-control wpcf7-countrytext wpcf7-text wpcf7-validates-as-countrytext\" aria-invalid=\"false\" value=\"\" type=\"text\" name=\"countrytext-126\" \/><\/span> <\/label>\n<\/div> \n<div class=\"row\"> \n <button type=\"submit\" class=\"btn\">Send<\/button> \n<\/div> \n<div class=\"row\"> \n <span class=\"wpcf7-form-control-wrap\" data-name=\"checkbox-931\"><span class=\"wpcf7-form-control wpcf7-checkbox\"><span class=\"wpcf7-list-item first\"><label><input type=\"checkbox\" name=\"checkbox-931[]\" value=\"Integrator\" \/><span class=\"wpcf7-list-item-label\">Integrator<\/span><\/label><\/span><span class=\"wpcf7-list-item\"><label><input type=\"checkbox\" name=\"checkbox-931[]\" value=\"Builder\" \/><span class=\"wpcf7-list-item-label\">Builder<\/span><\/label><\/span><span class=\"wpcf7-list-item last\"><label><input type=\"checkbox\" name=\"checkbox-931[]\" value=\"End-User\" \/><span class=\"wpcf7-list-item-label\">End-User<\/span><\/label><\/span><\/span><\/span> \n<\/div> \n<div class=\"row row-upload-file\"> \n <label class=\"upload-file-block js-upload-file\">Attach file \n  <span class=\"wpcf7-form-control-wrap\" data-name=\"file-466\"><input size=\"40\" class=\"wpcf7-form-control wpcf7-file\" accept=\"audio\/*,video\/*,image\/*\" aria-invalid=\"false\" type=\"file\" name=\"file-466\" \/><\/span><\/label> \n<\/div><input type='hidden' class='wpcf7-pum' value='{\"closepopup\":false,\"closedelay\":0,\"openpopup\":false,\"openpopup_id\":0}' \/><div class=\"wpcf7-response-output\" aria-hidden=\"true\"><\/div>\n<\/form>\n<\/div>\n            <\/div>\r\n\r\n\t\t    <div class=\"text-holder\" data-aos=\"fade-left\">\r\n\t\t\t\t\t\t    <h3 class=\"title-block\">Hvordan kan vi hjelpe?<\/h3>\r\n\t\t\t\r\n\t\t\t                <div class=\"text-block\">\r\n                    Vennligst velg et emne nedenfor som er relatert til foresp\u00f8rselen din. Hvis du ikke finner det du trenger, kan du fylle ut kontaktskjemaet v\u00e5rt.                <\/div>\r\n\t\t\t\r\n\t\t\t\t\t\t    <ul class=\"link-list\">\r\n\t\t\t\t\t\t\t\t\t\t\t\t\t\t\t\t\t\t<li>\r\n\t\t\t\t\t\t\t\t\t\t\t\t\t\t\t\t    <strong>Bli inspirert<\/strong>\r\n\t\t\t\t\t\t\t\t\t\t\t\t\t\t\t\t\t\t\t\t\t\t\t\t    <a href=\"\/features\/\">\r\n\t\t\t\t\t\t\t\t        Oppdag hva som er under intercom-en v\u00e5r\t\t\t\t\t\t\t\t    <\/a>\r\n\t\t\t\t\t\t\t\t\t\t\t\t\t\t\t<\/li>\r\n\t\t\t\t\t\t\t\t\t\t\t\t\t\t\t\t\t\t\t\t\t\t\t\t<li>\r\n\t\t\t\t\t\t\t\t\t\t\t\t\t\t\t\t    <strong>Bli en partner<\/strong>\r\n\t\t\t\t\t\t\t\t\t\t\t\t\t\t\t\t\t\t\t\t\t\t\t\t    <a href=\"\/distributors\/\">\r\n\t\t\t\t\t\t\t\t        Utvid virksomheten din med BAS-IP-interkom\t\t\t\t\t\t\t\t    <\/a>\r\n\t\t\t\t\t\t\t\t\t\t\t\t\t\t\t<\/li>\r\n\t\t\t\t\t\t\t\t\t\t\t\t\t\t\t\t\t\t\t\t\t\t\t\t<li>\r\n\t\t\t\t\t\t\t\t\t\t\t\t\t\t\t\t    <strong>Sjekk guidene<\/strong>\r\n\t\t\t\t\t\t\t\t\t\t\t\t\t\t\t\t\t\t\t\t\t\t\t\t    <a href=\"\/support\/\">\r\n\t\t\t\t\t\t\t\t        Last ned detaljerte manualer og skjemaer\t\t\t\t\t\t\t\t    <\/a>\r\n\t\t\t\t\t\t\t\t\t\t\t\t\t\t\t<\/li>\r\n\t\t\t\t\t\t\t\t\t\t\t\t\t\t\t<\/ul>\r\n\t\t\t\r\n\t\t\t\t\t\t    <h3 class=\"title-block\">V\u00e5re kontakter<\/h3>\r\n\t\t\t\r\n\t\t\t\t\t\t\t<ul class=\"contact-list\">\r\n\t\t\t\t\t\t\t\t\t\t\t\t\t\t\t\t\t\t<li>\r\n\t\t\t\t\t\t\t\t\t\t\t\t\t\t\t\t\t<strong>Salg:<\/strong>\r\n\t\t\t\t\t\t\t\t\t\t\t\t\t\t\t\t\t\t\t\t\t\t\t\t    <a href=\"mailto:sales&#64;&#98;a&#115;&#45;&#105;&#112;.&#99;om\">s&#97;&#108;&#101;s&#64;ba&#115;-i&#112;.&#99;&#111;&#109;<\/a>\r\n\t\t\t\t\t\t\t\t\t\t\t\t\t\t\t<\/li>\r\n\t\t\t\t\t\t\t\t\t\t\t\t\t\t\t\t\t\t\t\t\t\t\t\t<li>\r\n\t\t\t\t\t\t\t\t\t\t\t\t\t\t\t\t\t<strong>Teknisk st\u00f8tte:<\/strong>\r\n\t\t\t\t\t\t\t\t\t\t\t\t\t\t\t\t\t\t\t\t\t\t\t\t    <a href=\"mailto:&#115;uppor&#116;&#64;ba&#115;-&#105;&#112;&#46;c&#111;&#109;\">&#115;u&#112;port&#64;ba&#115;-i&#112;.com<\/a>\r\n\t\t\t\t\t\t\t\t\t\t\t\t\t\t\t<\/li>\r\n\t\t\t\t\t\t\t\t\t\t\t\t\t\t\t<\/ul>\r\n\t\t\t\t\t<\/div>\r\n\t<\/section>\r\n\r\n\r\n\r\n<!-- END Block Sign Up -->","protected":false},"excerpt":{"rendered":"","protected":false},"author":1,"featured_media":0,"parent":0,"menu_order":0,"comment_status":"closed","ping_status":"closed","template":"page-custom-breadcrumbs.php","meta":{"inline_featured_image":false,"footnotes":""},"class_list":["post-148253","page","type-page","status-publish","hentry"],"acf":[],"_links":{"self":[{"href":"https:\/\/bas-ip.com\/no\/wp-json\/wp\/v2\/pages\/148253","targetHints":{"allow":["GET"]}}],"collection":[{"href":"https:\/\/bas-ip.com\/no\/wp-json\/wp\/v2\/pages"}],"about":[{"href":"https:\/\/bas-ip.com\/no\/wp-json\/wp\/v2\/types\/page"}],"author":[{"embeddable":true,"href":"https:\/\/bas-ip.com\/no\/wp-json\/wp\/v2\/users\/1"}],"replies":[{"embeddable":true,"href":"https:\/\/bas-ip.com\/no\/wp-json\/wp\/v2\/comments?post=148253"}],"version-history":[{"count":3,"href":"https:\/\/bas-ip.com\/no\/wp-json\/wp\/v2\/pages\/148253\/revisions"}],"predecessor-version":[{"id":148347,"href":"https:\/\/bas-ip.com\/no\/wp-json\/wp\/v2\/pages\/148253\/revisions\/148347"}],"wp:attachment":[{"href":"https:\/\/bas-ip.com\/no\/wp-json\/wp\/v2\/media?parent=148253"}],"curies":[{"name":"wp","href":"https:\/\/api.w.org\/{rel}","templated":true}]}}