{"id":140959,"date":"2025-06-03T12:48:57","date_gmt":"2025-06-03T12:48:57","guid":{"rendered":"https:\/\/bas-ip.com\/condo-control\/"},"modified":"2025-08-06T09:37:24","modified_gmt":"2025-08-06T09:37:24","slug":"condo-control","status":"publish","type":"page","link":"https:\/\/bas-ip.com\/no\/condo-control\/","title":{"rendered":"Condo Control"},"content":{"rendered":"<h2>BAS-IP og Condo Control kunngj\u00f8r integrasjon for \u00e5 forbedre boligopplevelsen<\/h2>\n\n<div class=\"wp-block-image\">\n<figure class=\"aligncenter size-large\"><img loading=\"lazy\" decoding=\"async\" width=\"1024\" height=\"235\" src=\"https:\/\/bas-ip.com\/wp-content\/uploads\/2025\/06\/Condo-Control-1024x235.png\" alt=\"\" class=\"wp-image-138764\" srcset=\"https:\/\/bas-ip.com\/wp-content\/uploads\/2025\/06\/Condo-Control-1024x235.png 1024w,  https:\/\/bas-ip.com\/wp-content\/uploads\/2025\/06\/Condo-Control-300x69.png 300w,  https:\/\/bas-ip.com\/wp-content\/uploads\/2025\/06\/Condo-Control-768x177.png 768w,  https:\/\/bas-ip.com\/wp-content\/uploads\/2025\/06\/Condo-Control-767x176.png 767w,  https:\/\/bas-ip.com\/wp-content\/uploads\/2025\/06\/Condo-Control.png 1266w\" sizes=\"auto, (max-width: 1024px) 100vw, 1024px\" \/><\/figure>\n<\/div>\n\n<p>BAS-IP, en ledende utvikler av IP-interkomsystemer, og Condo Control, den alt-i-ett-plattformen som digitaliserer driften for mer enn 2 millioner beboere, kunngjorde i dag en strategisk integrasjon. Dette samarbeidet skaper en enkelt sannhetskilde for beboerdata, eliminerer dobbel inntasting og muliggj\u00f8r s\u00f8ml\u00f8s synkronisering av beboerdata mellom de to systemene. Dette gir et nytt niv\u00e5 av bekvemmelighet og datan\u00f8yaktighet for beboere og eiendomsforvaltere i Canada.<\/p>\n<p>Hovedfunksjonen i denne integrasjonen er synkroniseringen av beboerlisten fra Condo Control-plattformen med BAS-IP-interkom. I stedet for \u00e5 taste inn leilighetsnumre, kan bes\u00f8kende bla i en alfabetisert smartkatalog, trykke p\u00e5 et navn, og ringepanelet viser n\u00e5 en telefonbok med beboernes navn, noe som gir en mer intuitiv og brukersentrert tiln\u00e6rming.<\/p>\n<p>Condo Control-systemet fungerer som det prim\u00e6re grensesnittet for eiendomsadministratorer for enkelt \u00e5 legge til, slette og oppdatere beboerregistre. Disse endringene overf\u00f8res automatisk til interkomsystemets smartkatalog via BAS-IP Link-administrasjonsplattformen, som fungerer som mellomvare. BAS-IP Link administrerer ogs\u00e5 ringeprosessen, noe som sikrer p\u00e5litelig kommunikasjon.<\/p>\n<p>Denne forbedringen ble implementert med tanke p\u00e5 preferansene til kanadiske beboere, som er vant til \u00e5 motta samtaler p\u00e5 sine personlige mobilnumre i stedet for p\u00e5 en fast enhet i leiligheten.<\/p>\n<p>\u00abV\u00e5r misjon er \u00e5 digitalisere og str\u00f8mlinjeforme samfunnsoperasjoner\u00bb, sa Brian Bosscher fra Condo Control. \u00abPartnerskapet med BAS-IP lar forvaltere oppdatere data \u00e9n gang og gir beboerne den friksjonsfrie, mobile tilgangen de forventer.\u00bb<\/p>\n<p><strong><u>Viktigste fordeler:<\/u><\/strong><\/p>\n<ul>\n<li><b>Ingen dobbel inntasting<\/b> \u2013 beboerregistre flyter automatisk.<\/li>\n<li><b>Samtaler n\u00e5r riktig person f\u00f8rste gang<\/b> \u2013 f\u00e6rre tilbakesendinger i lobbyen.<\/li>\n<li><b>Mobil-f\u00f8rst-opplevelse<\/b> \u2013 beboere kan svare fra hvilken som helst mobiltelefon.<\/li>\n<li><b>Alltid oppdatert:<\/b> telefonnumre og inn-\/utflyttinger synkroniseres umiddelbart.<\/li>\n<\/ul>\n<p><strong><u>Ringeprosessen er forbedret for maksimal fleksibilitet:<\/u><\/strong><\/p>\n<ul>\n<li><b>Direkte oppringing til beboer:<\/b> Bes\u00f8kende kan ringe en spesifikk beboer p\u00e5 deres personlige telefonnummer eller i BAS-IP Link-mobilappen ved \u00e5 velge navnet deres fra smartkatalogen eller taste en spesifikk kode.<\/li>\n<li><b>Leilighetsoppringing:<\/b> Den tradisjonelle muligheten til \u00e5 ringe alle beboere i en leilighet samtidig er fortsatt tilgjengelig.<\/li>\n<li><b>Hybridmodell:<\/b> Begge alternativene kan st\u00f8ttes samtidig p\u00e5 en enkelt ringeenhet.<\/li>\n<\/ul>\n<p><strong><u>Slik fungerer integrasjonen:<\/u><\/strong><\/p>\n<ul>\n<li><b>Registrering:<\/b> Administratoren registrerer en beboer i Condo Control-systemet og legger til kontaktinformasjonen deres.<\/li>\n<li><b>Synkronisering:<\/b> BAS-IP Link-serveren sender automatisk beboerens data til ringepanelets smartkatalog.<\/li>\n<li><b>Oppringing:<\/b> En kur\u00e9r eller gjest velger beboeren ved navn eller taster koden deres.<\/li>\n<li><b>Svar:<\/b> Beboeren svarer p\u00e5 samtalen fra panelet p\u00e5 sitt personlige mobilnummer (via en tilkoblet Twilio SIP-trunk) eller i BAS-IP Link-appen.<\/li>\n<li><b>Adgang:<\/b> Beboeren kan fjern\u00e5pne d\u00f8ren.<\/li>\n<\/ul>\n<p>Integrasjonen sikrer ogs\u00e5 automatiske dataoppdateringer. Eventuelle endringer i en beboers telefonnummer, sletting av en bruker eller en mobilapp\u00f8kt i Condo Control-systemet reflekteres umiddelbart i BAS-IP Link-videresendelsesskjemaet, noe som garanterer at kontaktinformasjonen alltid er oppdatert.<\/p>\n<p>Denne integrasjonen representerer et betydelig skritt fremover i \u00e5 skape smartere og mer praktiske boarealer. Ved \u00e5 kombinere BAS-IPs banebrytende IP-interkomteknologi med Condo Controls kraftige eiendomsforvaltningsfunksjoner, leverer selskapene en l\u00f8sning som oppfyller beboernes moderne behov og forenkler arbeidsflyten for administratorer.<\/p>\n\n<!-- START Block Sign Up --><section id=\"block_629678229e935\" class=\"sign-up-section\">\r\n\r\n    <div class=\"form-holder js-form\" data-aos=\"fade-right\">\r\n                    <div class=\"title-block h3\">Sign up for connection<\/div>\r\n        \r\n                    <div class=\"text-block\">\r\n                Filling out all the information needed to answer you as quickly as possible            <\/div>\r\n        \r\n                    \n<div class=\"wpcf7 no-js\" id=\"wpcf7-f102-o1\" lang=\"en-US\" dir=\"ltr\">\n<div class=\"screen-reader-response\"><p role=\"status\" aria-live=\"polite\" aria-atomic=\"true\"><\/p> <ul><\/ul><\/div>\n<form action=\"\/no\/wp-json\/wp\/v2\/pages\/140959#wpcf7-f102-o1\" method=\"post\" class=\"wpcf7-form init\" aria-label=\"Contact form\" enctype=\"multipart\/form-data\" novalidate=\"novalidate\" data-status=\"init\">\n<div style=\"display: none;\">\n<input type=\"hidden\" name=\"_wpcf7\" value=\"102\" \/>\n<input type=\"hidden\" name=\"_wpcf7_version\" value=\"5.8.3\" \/>\n<input type=\"hidden\" name=\"_wpcf7_locale\" value=\"en_US\" \/>\n<input type=\"hidden\" name=\"_wpcf7_unit_tag\" value=\"wpcf7-f102-o1\" \/>\n<input type=\"hidden\" name=\"_wpcf7_container_post\" value=\"0\" \/>\n<input type=\"hidden\" name=\"_wpcf7_posted_data_hash\" value=\"\" \/>\n<input type=\"hidden\" name=\"_wpcf7_recaptcha_response\" value=\"\" \/>\n<\/div>\n<div class=\"row\"> \n <label><span class=\"label-text\">Name<\/span> \n  <span class=\"wpcf7-form-control-wrap\" data-name=\"text-full-name\"><input size=\"40\" class=\"wpcf7-form-control wpcf7-text wpcf7-validates-as-required\" aria-required=\"true\" aria-invalid=\"false\" placeholder=\"Name\" value=\"\" type=\"text\" name=\"text-full-name\" \/><\/span><\/label> \n<\/div> \n<div class=\"row\"> \n <label><span class=\"label-text\">Phone*<\/span> \n<span class=\"wpcf7-form-control-wrap\" data-name=\"phonetext-270\"><input size=\"40\" class=\"wpcf7-form-control wpcf7-phonetext wpcf7-validates-as-required wpcf7-text wpcf7-validates-as-phonetext\" aria-required=\"true\" aria-invalid=\"false\" placeholder=\"Phone*\" value=\"\" type=\"text\" name=\"phonetext-270\" \/><input type=\"hidden\" name=\"phonetext-270-country-code\" class=\"wpcf7-phonetext-country-code\" \/><\/span><\/label> \n<\/div> \n<div class=\"row\"> \n <label><span class=\"label-text\">E-mail<\/span> \n  <span class=\"wpcf7-form-control-wrap\" data-name=\"email-e-mail\"><input size=\"40\" class=\"wpcf7-form-control wpcf7-email wpcf7-validates-as-required wpcf7-text wpcf7-validates-as-email\" aria-required=\"true\" aria-invalid=\"false\" placeholder=\"E-mail\" value=\"\" type=\"email\" name=\"email-e-mail\" \/><\/span><\/label> \n<\/div> \n<div class=\"row\"><span>Your country<\/span> \n <label><span class=\"wpcf7-form-control-wrap\" data-name=\"countrytext-126\"><input size=\"40\" class=\"wpcf7-form-control wpcf7-countrytext wpcf7-text wpcf7-validates-as-countrytext\" aria-invalid=\"false\" value=\"\" type=\"text\" name=\"countrytext-126\" \/><\/span> <\/label>\n<\/div> \n<div class=\"row\"> \n <button type=\"submit\" class=\"btn\">Send<\/button> \n<\/div> \n<div class=\"row\"> \n <span class=\"wpcf7-form-control-wrap\" data-name=\"checkbox-931\"><span class=\"wpcf7-form-control wpcf7-checkbox\"><span class=\"wpcf7-list-item first\"><label><input type=\"checkbox\" name=\"checkbox-931[]\" value=\"Integrator\" \/><span class=\"wpcf7-list-item-label\">Integrator<\/span><\/label><\/span><span class=\"wpcf7-list-item\"><label><input type=\"checkbox\" name=\"checkbox-931[]\" value=\"Builder\" \/><span class=\"wpcf7-list-item-label\">Builder<\/span><\/label><\/span><span class=\"wpcf7-list-item last\"><label><input type=\"checkbox\" name=\"checkbox-931[]\" value=\"End-User\" \/><span class=\"wpcf7-list-item-label\">End-User<\/span><\/label><\/span><\/span><\/span> \n<\/div> \n<div class=\"row row-upload-file\"> \n <label class=\"upload-file-block js-upload-file\">Attach file \n  <span class=\"wpcf7-form-control-wrap\" data-name=\"file-466\"><input size=\"40\" class=\"wpcf7-form-control wpcf7-file\" accept=\"audio\/*,video\/*,image\/*\" aria-invalid=\"false\" type=\"file\" name=\"file-466\" \/><\/span><\/label> \n<\/div><input type='hidden' class='wpcf7-pum' value='{\"closepopup\":false,\"closedelay\":0,\"openpopup\":false,\"openpopup_id\":0}' \/><div class=\"wpcf7-response-output\" aria-hidden=\"true\"><\/div>\n<\/form>\n<\/div>\n            <\/div>\r\n\r\n\t\t    <div class=\"text-holder\" data-aos=\"fade-left\">\r\n\t\t\t\t\t\t    <h3 class=\"title-block\">How Can We Help?<\/h3>\r\n\t\t\t\r\n\t\t\t                <div class=\"text-block\">\r\n                    Please select a topic below related to your inquiry. If you don&#8217;t find what you need, fill out our contact form.                <\/div>\r\n\t\t\t\r\n\t\t\t\t\t\t    <ul class=\"link-list\">\r\n\t\t\t\t\t\t\t\t\t\t\t\t\t\t\t\t\t\t<li>\r\n\t\t\t\t\t\t\t\t\t\t\t\t\t\t\t\t    <strong>Get Inspired<\/strong>\r\n\t\t\t\t\t\t\t\t\t\t\t\t\t\t\t\t\t\t\t\t\t\t\t\t    <a href=\"\/features\/\">\r\n\t\t\t\t\t\t\t\t        Discover what&#8217;s beneath our intercom\t\t\t\t\t\t\t\t    <\/a>\r\n\t\t\t\t\t\t\t\t\t\t\t\t\t\t\t<\/li>\r\n\t\t\t\t\t\t\t\t\t\t\t\t\t\t\t\t\t\t\t\t\t\t\t\t<li>\r\n\t\t\t\t\t\t\t\t\t\t\t\t\t\t\t\t    <strong>Become a Partner<\/strong>\r\n\t\t\t\t\t\t\t\t\t\t\t\t\t\t\t\t\t\t\t\t\t\t\t\t    <a href=\"\/distributors\/\">\r\n\t\t\t\t\t\t\t\t        Expand your business with BAS-IP intercom\t\t\t\t\t\t\t\t    <\/a>\r\n\t\t\t\t\t\t\t\t\t\t\t\t\t\t\t<\/li>\r\n\t\t\t\t\t\t\t\t\t\t\t\t\t\t\t\t\t\t\t\t\t\t\t\t<li>\r\n\t\t\t\t\t\t\t\t\t\t\t\t\t\t\t\t    <strong>Check the Guides<\/strong>\r\n\t\t\t\t\t\t\t\t\t\t\t\t\t\t\t\t\t\t\t\t\t\t\t\t    <a href=\"\/support\/\">\r\n\t\t\t\t\t\t\t\t        Download detailed manuals and schemes\t\t\t\t\t\t\t\t    <\/a>\r\n\t\t\t\t\t\t\t\t\t\t\t\t\t\t\t<\/li>\r\n\t\t\t\t\t\t\t\t\t\t\t\t\t\t\t<\/ul>\r\n\t\t\t\r\n\t\t\t\t\t\t    <h3 class=\"title-block\">Our contacts<\/h3>\r\n\t\t\t\r\n\t\t\t\t\t\t\t<ul class=\"contact-list\">\r\n\t\t\t\t\t\t\t\t\t\t\t\t\t\t\t\t\t\t<li>\r\n\t\t\t\t\t\t\t\t\t\t\t\t\t\t\t\t\t<strong>Sales:<\/strong>\r\n\t\t\t\t\t\t\t\t\t\t\t\t\t\t\t\t\t\t\t\t\t\t\t\t    <a href=\"mailto:sales&#64;b&#97;s-i&#112;.&#99;o&#109;\">&#115;&#97;&#108;&#101;&#115;&#64;&#98;as&#45;&#105;&#112;&#46;com<\/a>\r\n\t\t\t\t\t\t\t\t\t\t\t\t\t\t\t<\/li>\r\n\t\t\t\t\t\t\t\t\t\t\t\t\t\t\t\t\t\t\t\t\t\t\t\t<li>\r\n\t\t\t\t\t\t\t\t\t\t\t\t\t\t\t\t\t<strong>Technical support:<\/strong>\r\n\t\t\t\t\t\t\t\t\t\t\t\t\t\t\t\t\t\t\t\t\t\t\t\t    <a href=\"mailto:&#115;u&#112;p&#111;rt&#64;&#98;a&#115;-&#105;p&#46;c&#111;&#109;\">&#115;u&#112;port&#64;b&#97;s&#45;&#105;&#112;.&#99;&#111;&#109;<\/a>\r\n\t\t\t\t\t\t\t\t\t\t\t\t\t\t\t<\/li>\r\n\t\t\t\t\t\t\t\t\t\t\t\t\t\t\t<\/ul>\r\n\t\t\t\t\t<\/div>\r\n\t<\/section>\r\n\r\n\r\n\r\n<!-- END Block Sign Up -->","protected":false},"excerpt":{"rendered":"<p>BAS-IP og Condo Control kunngj\u00f8r integrasjon for \u00e5 forbedre boligopplevelsen BAS-IP, en ledende utvikler av IP-interkomsystemer, og Condo Control, den alt-i-ett-plattformen som digitaliserer driften for mer enn 2 millioner beboere, kunngjorde i dag en strategisk integrasjon. Dette samarbeidet skaper en enkelt sannhetskilde for beboerdata, eliminerer dobbel inntasting og muliggj\u00f8r s\u00f8ml\u00f8s synkronisering av beboerdata mellom de [&hellip;]<\/p>","protected":false},"author":1,"featured_media":0,"parent":0,"menu_order":0,"comment_status":"closed","ping_status":"closed","template":"page-custom-breadcrumbs.php","meta":{"inline_featured_image":false,"footnotes":""},"class_list":["post-140959","page","type-page","status-publish","hentry"],"acf":[],"_links":{"self":[{"href":"https:\/\/bas-ip.com\/no\/wp-json\/wp\/v2\/pages\/140959","targetHints":{"allow":["GET"]}}],"collection":[{"href":"https:\/\/bas-ip.com\/no\/wp-json\/wp\/v2\/pages"}],"about":[{"href":"https:\/\/bas-ip.com\/no\/wp-json\/wp\/v2\/types\/page"}],"author":[{"embeddable":true,"href":"https:\/\/bas-ip.com\/no\/wp-json\/wp\/v2\/users\/1"}],"replies":[{"embeddable":true,"href":"https:\/\/bas-ip.com\/no\/wp-json\/wp\/v2\/comments?post=140959"}],"version-history":[{"count":3,"href":"https:\/\/bas-ip.com\/no\/wp-json\/wp\/v2\/pages\/140959\/revisions"}],"predecessor-version":[{"id":140989,"href":"https:\/\/bas-ip.com\/no\/wp-json\/wp\/v2\/pages\/140959\/revisions\/140989"}],"wp:attachment":[{"href":"https:\/\/bas-ip.com\/no\/wp-json\/wp\/v2\/media?parent=140959"}],"curies":[{"name":"wp","href":"https:\/\/api.w.org\/{rel}","templated":true}]}}