{"id":133958,"date":"2023-03-27T09:32:04","date_gmt":"2023-03-27T09:32:04","guid":{"rendered":"https:\/\/bas-ip.com\/medical\/"},"modified":"2025-03-24T08:54:16","modified_gmt":"2025-03-24T08:54:16","slug":"medical","status":"publish","type":"page","link":"https:\/\/bas-ip.com\/no\/medical\/","title":{"rendered":"For sykehus\/Medisinske fasiliteter"},"content":{"rendered":"<h1 class=\"wp-block-heading\"><strong>Sykehusintercomsystem fra BAS-IP &#8211; Elevate Patient Care<\/strong><\/h1>\n\n\n\n<p>Medisinsk industri er i kontinuerlig utvikling for \u00e5 gi pasienter best mulig omsorg. Siden kommunikasjon spiller en avgj\u00f8rende rolle i levering av effektive og trygge medisinske tjenester, er oppgradering til et toppmoderne sykehusintercomsystem et must. BAS-IPs innovative medisinske intercomsystemer, designet spesielt for renrom og medisinske fasiliteter, bringer enest\u00e5ende bekvemmelighet og p\u00e5litelighet til helsepersonell og deres pasienter. I denne artikkelen utforsker vi funksjonene og fordelene med BAS-IPs sykehusintercom og hvordan det kan revolusjonere m\u00e5ten medisinske fasiliteter opererer p\u00e5.<\/p>\n\n\n\n<h2 class=\"wp-block-heading\"><strong>Kraften til BAS-IPs sykehusintercom<\/strong><\/h2>\n\n\n<!-- START Block Features --><section id=\"block_64304f018b5e4\" class=\"features-section\">\r\n\t\r\n    <div class=\"features-list\">\r\n                    <div class=\"features-item\" data-aos=\"fade-up\">\r\n    <div class=\"features-box\">\r\n                    <div class=\"image-holder\">\r\n                <img loading=\"lazy\" decoding=\"async\" width=\"350\" height=\"320\" src=\"https:\/\/bas-ip.com\/wp-content\/uploads\/2023\/04\/1-2-350x320.jpg\" class=\"attachment-thumbnail_350x320 size-thumbnail_350x320\" alt=\"\" \/>            <\/div>\r\n        \r\n        <div class=\"text-holder\">\r\n                        <h3 class=\"title-block\">S\u00f8ml\u00f8s integrasjon med lokale IP-nettverk<\/h3>\r\n          \r\n                        <div class=\"text-block\">\r\n                <p>En av de betydelige fordelene med BAS-IPs medisinske intercomsystemer er deres evne til \u00e5 fungere s\u00f8ml\u00f8st innenfor det samme IP-lokalnettverket. Denne kompatibiliteten sikrer jevn kommunikasjon mellom forskjellige intercomenheter, reduserer forsinkelse og forbedrer den generelle effektiviteten.<\/p>\n              <\/div>\r\n                  <\/div>\r\n    <\/div>\r\n<\/div>\r\n                    <div class=\"features-item\" data-aos=\"fade-up\">\r\n    <div class=\"features-box\">\r\n                    <div class=\"image-holder\">\r\n                <img loading=\"lazy\" decoding=\"async\" width=\"350\" height=\"320\" src=\"https:\/\/bas-ip.com\/wp-content\/uploads\/2023\/04\/2-2-350x320.jpg\" class=\"attachment-thumbnail_350x320 size-thumbnail_350x320\" alt=\"\" \/>            <\/div>\r\n        \r\n        <div class=\"text-holder\">\r\n                        <h3 class=\"title-block\">Avanserte funksjoner for forbedret kommunikasjon<\/h3>\r\n          \r\n                        <div class=\"text-block\">\r\n                <p>BAS-IP tilbyr et bredt spekter av unike funksjoner for sitt sykehusintercomsystem, noe som skiller det fra konkurrentene. Noen av disse funksjonene inkluderer HD-videosamtaler, adgangskontroll og kompatibilitet med forskjellige IP-enheter, noe som sikrer str\u00f8mlinjeformet kommunikasjon og \u00f8kt sikkerhet for medisinske fasiliteter.<\/p>\n              <\/div>\r\n                  <\/div>\r\n    <\/div>\r\n<\/div>\r\n                    <div class=\"features-item\" data-aos=\"fade-up\">\r\n    <div class=\"features-box\">\r\n                    <div class=\"image-holder\">\r\n                <img loading=\"lazy\" decoding=\"async\" width=\"350\" height=\"320\" src=\"https:\/\/bas-ip.com\/wp-content\/uploads\/2023\/04\/3-2-350x320.jpg\" class=\"attachment-thumbnail_350x320 size-thumbnail_350x320\" alt=\"\" \/>            <\/div>\r\n        \r\n        <div class=\"text-holder\">\r\n                        <h3 class=\"title-block\">Intercom-funksjoner for rene rom<\/h3>\r\n          \r\n                        <div class=\"text-block\">\r\n                <p>Renrom krever strenge hygieniske standarder, og BAS-IPs sykehusintercomsystem er designet for \u00e5 oppfylle disse kravene. Renromsintercomen sikrer at kommunikasjonen mellom helsepersonell forblir uavbrutt uten \u00e5 kompromittere steriliteten og sikkerheten til disse spesialiserte milj\u00f8ene.<\/p>\n              <\/div>\r\n                  <\/div>\r\n    <\/div>\r\n<\/div>\r\n            <\/div>\r\n<\/section>\r\n<!-- END Block Features -->\n\n\n<h2 class=\"wp-block-heading\"><strong>BAS-IPs h\u00f8ykvalitets maskinvarekomponenter<\/strong><\/h2>\n\n\n<!-- START Block Features --><section id=\"block_64304f888b5e8\" class=\"features-section\">\r\n\t\r\n    <div class=\"features-list\">\r\n                    <div class=\"features-item\" data-aos=\"fade-up\">\r\n    <div class=\"features-box\">\r\n                    <div class=\"image-holder\">\r\n                <img loading=\"lazy\" decoding=\"async\" width=\"350\" height=\"320\" src=\"https:\/\/bas-ip.com\/wp-content\/uploads\/2023\/04\/4-2-350x320.jpg\" class=\"attachment-thumbnail_350x320 size-thumbnail_350x320\" alt=\"\" \/>            <\/div>\r\n        \r\n        <div class=\"text-holder\">\r\n                        <h3 class=\"title-block\">AV-04AFD \u2013 Den ultimate intercom-enheten<\/h3>\r\n          \r\n                        <div class=\"text-block\">\r\n                <p>AV-04AFD er en allsidig intercomenhet designet for \u00e5 levere f\u00f8rsteklasses ytelse for medisinske fasiliteter. Med sine HD-lydsamtalefunksjoner, integrasjon av adgangskontroll og kompatibilitet med forskjellige IP-enheter, tilbyr den enest\u00e5ende kommunikasjons- og sikkerhetsfunksjoner i et elegant og moderne design.<\/p>\n              <\/div>\r\n                  <\/div>\r\n    <\/div>\r\n<\/div>\r\n                    <div class=\"features-item\" data-aos=\"fade-up\">\r\n    <div class=\"features-box\">\r\n                    <div class=\"image-holder\">\r\n                <img loading=\"lazy\" decoding=\"async\" width=\"350\" height=\"320\" src=\"https:\/\/bas-ip.com\/wp-content\/uploads\/2023\/04\/5-3-350x320.jpg\" class=\"attachment-thumbnail_350x320 size-thumbnail_350x320\" alt=\"\" \/>            <\/div>\r\n        \r\n        <div class=\"text-holder\">\r\n                        <h3 class=\"title-block\">AM-02 \u2013 Effektiv consiergeterminal<\/h3>\r\n          \r\n                        <div class=\"text-block\">\r\n                <p>AM-02 concierge-terminalen sikrer klar og p\u00e5litelig kommunikasjon mellom helsepersonell. Denne lettinstallerbare enheten kan s\u00f8ml\u00f8st integreres i sykehusets intercomsystem, og gir en effektiv og kostnadseffektiv l\u00f8sning for medisinske fasiliteter.<\/p>\n              <\/div>\r\n                  <\/div>\r\n    <\/div>\r\n<\/div>\r\n                    <div class=\"features-item\" data-aos=\"fade-up\">\r\n    <div class=\"features-box\">\r\n                    <div class=\"image-holder\">\r\n                <img loading=\"lazy\" decoding=\"async\" width=\"350\" height=\"320\" src=\"https:\/\/bas-ip.com\/wp-content\/uploads\/2023\/04\/6-2-350x320.jpg\" class=\"attachment-thumbnail_350x320 size-thumbnail_350x320\" alt=\"\" \/>            <\/div>\r\n        \r\n        <div class=\"text-holder\">\r\n                        <h3 class=\"title-block\">SH-31TM &#8211; Entry Panel Temperature Module<\/h3>\r\n          \r\n                        <div class=\"text-block\">\r\n                <p>D\u00f8rintercom-temperaturmodulen med kontaktl\u00f8s h\u00e5ndleddstemperaturm\u00e5ling er en viktig del av et sykehusintercomsystem. Denne innovative enheten kombinerer adgangskontroll og helsescreeningfunksjoner for \u00e5 sikre et trygt og sikkert milj\u00f8 for b\u00e5de pasienter og ansatte i helseinstitusjoner.<\/p>\n              <\/div>\r\n                  <\/div>\r\n    <\/div>\r\n<\/div>\r\n            <\/div>\r\n<\/section>\r\n<!-- END Block Features -->\n\n<!-- START Block FAQ --><section id=\"block_642163c6f4e28\" class=\"faq-section\">\r\n\t\t    <h2 class=\"title-section\" data-aos=\"fade-right\">Ofte stilte sp\u00f8rsm\u00e5l (FAQs)<\/h2>\r\n\t\t\t    <div class=\"faq-list js-accordion\" data-aos=\"fade-up\">\r\n\t\t\t\t\t\t\t\t\t\t\t    <div class=\"accordion-item faq-item\">\r\n                        <div class=\"accordion-opener\">\r\n                            Q: Hvordan forbedrer BAS-IPs intercomsystem for sykehus effektiviteten i medisinske fasiliteter?                            <i class=\"fa-solid fa-chevron-down\"><\/i>\r\n                        <\/div>\r\n                        <div class=\"accordion-slide\">\r\n\t\t\t\t\t\t    <p>BAS-IPs sykehusintercomsystem gj\u00f8r det mulig for helsepersonell \u00e5 kommunisere s\u00f8ml\u00f8st og sikkert, noe som \u00f8ker den generelle effektiviteten. Ved \u00e5 integrere avanserte funksjoner som HD-lyd- og videosamtaler, adgangskontroll og kompatibilitet med forskjellige IP-enheter, str\u00f8mlinjeformer systemet kommunikasjonen og reduserer responstiden i kritiske situasjoner.<\/p>\n                        <\/div>\r\n\t\t\t\t\t<\/div>\r\n\t\t\t\t\t\t\t\t\t\t\t\t\t\t\t    <div class=\"accordion-item faq-item\">\r\n                        <div class=\"accordion-opener\">\r\n                            Q: Kan BAS-IP sykehusintercom-systemet tilpasses for \u00e5 passe et spesifikt medisinsk anleggs behov?                            <i class=\"fa-solid fa-chevron-down\"><\/i>\r\n                        <\/div>\r\n                        <div class=\"accordion-slide\">\r\n\t\t\t\t\t\t    <p>Ja, BAS-IPs sykehusintercomsystem kan skreddersys for \u00e5 m\u00f8te de spesifikke behovene til en medisinsk fasilitet. Dets kompatibilitet med forskjellige IP-enheter og s\u00f8ml\u00f8se integrasjon med IP-lokalnettverk sikrer at systemet kan tilpasses for \u00e5 gi den mest effektive og effektive kommunikasjonsl\u00f8sningen for din fasilitet.<\/p>\n                        <\/div>\r\n\t\t\t\t\t<\/div>\r\n\t\t\t\t\t\t\t\t\t\t\t\t\t\t\t    <div class=\"accordion-item faq-item\">\r\n                        <div class=\"accordion-opener\">\r\n                            Q: Hva gj\u00f8r BAS-IPs renromsintercom egnet for sterile milj\u00f8er?                            <i class=\"fa-solid fa-chevron-down\"><\/i>\r\n                        <\/div>\r\n                        <div class=\"accordion-slide\">\r\n\t\t\t\t\t\t    <p>BAS-IPs renromsintercom er designet for \u00e5 m\u00f8te de strenge hygieniske standardene som kreves i sterile milj\u00f8er. Systemet sikrer uavbrutt kommunikasjon uten \u00e5 kompromittere steriliteten og sikkerheten til renrom, noe som gj\u00f8r det til et ideelt valg for medisinske fasiliteter med strenge hygienekrav.<\/p>\n                        <\/div>\r\n\t\t\t\t\t<\/div>\r\n\t\t\t\t\t\t\t\t\t\t\t\t\t\t\t    <div class=\"accordion-item faq-item\">\r\n                        <div class=\"accordion-opener\">\r\n                            Q: Hvor enkelt er det \u00e5 installere og vedlikeholde BAS-IPs intercomsystem for sykehus?                            <i class=\"fa-solid fa-chevron-down\"><\/i>\r\n                        <\/div>\r\n                        <div class=\"accordion-slide\">\r\n\t\t\t\t\t\t    <p>BAS-IPs sykehusintercomsystem er designet for enkel installasjon og vedlikehold. Systemets s\u00f8ml\u00f8se integrasjon med IP-lokalnettverk forenkler installasjonsprosessen, mens de h\u00f8ykvalitets maskinvarekomponentene, som AV-04AFD og AM-02, sikrer p\u00e5litelighet og holdbarhet for langvarig bruk.<\/p>\n                        <\/div>\r\n\t\t\t\t\t<\/div>\r\n\t\t\t\t\t\t\t\t\t<\/div>\r\n\t<\/section>\r\n<!-- END Block FAQ -->\n\n\n<p>BAS-IPs sykehusintercomsystem tilbyr en avansert kommunikasjonsl\u00f8sning for medisinske fasiliteter, og forbedrer effektivitet, sikkerhet og hygiene. Oppgrader til BAS-IPs sykehusintercomsystem i dag og opplev forskjellen i helseinstitusjonens kommunikasjon og drift.<\/p>","protected":false},"excerpt":{"rendered":"<p>Sykehusintercomsystem fra BAS-IP &#8211; Elevate Patient Care Medisinsk industri er i kontinuerlig utvikling for \u00e5 gi pasienter best mulig omsorg. Siden kommunikasjon spiller en avgj\u00f8rende rolle i levering av effektive og trygge medisinske tjenester, er oppgradering til et toppmoderne sykehusintercomsystem et must. BAS-IPs innovative medisinske intercomsystemer, designet spesielt for renrom og medisinske fasiliteter, bringer enest\u00e5ende [&hellip;]<\/p>","protected":false},"author":1,"featured_media":0,"parent":0,"menu_order":0,"comment_status":"closed","ping_status":"closed","template":"","meta":{"inline_featured_image":false,"footnotes":""},"class_list":["post-133958","page","type-page","status-publish","hentry"],"acf":[],"_links":{"self":[{"href":"https:\/\/bas-ip.com\/no\/wp-json\/wp\/v2\/pages\/133958","targetHints":{"allow":["GET"]}}],"collection":[{"href":"https:\/\/bas-ip.com\/no\/wp-json\/wp\/v2\/pages"}],"about":[{"href":"https:\/\/bas-ip.com\/no\/wp-json\/wp\/v2\/types\/page"}],"author":[{"embeddable":true,"href":"https:\/\/bas-ip.com\/no\/wp-json\/wp\/v2\/users\/1"}],"replies":[{"embeddable":true,"href":"https:\/\/bas-ip.com\/no\/wp-json\/wp\/v2\/comments?post=133958"}],"version-history":[{"count":3,"href":"https:\/\/bas-ip.com\/no\/wp-json\/wp\/v2\/pages\/133958\/revisions"}],"predecessor-version":[{"id":134038,"href":"https:\/\/bas-ip.com\/no\/wp-json\/wp\/v2\/pages\/133958\/revisions\/134038"}],"wp:attachment":[{"href":"https:\/\/bas-ip.com\/no\/wp-json\/wp\/v2\/media?parent=133958"}],"curies":[{"name":"wp","href":"https:\/\/api.w.org\/{rel}","templated":true}]}}