{"id":133777,"date":"2023-03-27T16:07:41","date_gmt":"2023-03-27T16:07:41","guid":{"rendered":"https:\/\/bas-ip.com\/gates\/"},"modified":"2025-03-18T13:45:41","modified_gmt":"2025-03-18T13:45:41","slug":"gates","status":"publish","type":"page","link":"https:\/\/bas-ip.com\/no\/gates\/","title":{"rendered":"Porter"},"content":{"rendered":"<h1 class=\"wp-block-heading\"><strong>Gate Intercom System: Forbedre sikkerheten din<\/strong><\/h1>\n\n\n\n<p>Velkommen til fremtiden for eiendomstilgangsstyring, hvor bekvemmelighet, sikkerhet og banebrytende teknologi m\u00f8tes. Med et BAS-IP porttelefonanlegg kan du oppleve uovertruffen kontroll over tilgangspunktene til eiendommen din. Enten det er en bolig, en leilighetskompleks eller en kommersiell fasilitet, tilbyr v\u00e5re porttelefonanlegg unike funksjoner som dekker alle dine behov. Vi vil g\u00e5 gjennom de viktigste funksjonene og fordelene med BAS-IP porttelefonanlegget for porter, og gi deg all informasjonen du trenger for \u00e5 ta en informert beslutning.<\/p>\n\n\n\n<h2 class=\"wp-block-heading\"><strong>Hvorfor velge et BAS-IP Intercom Gate System?<\/strong><\/h2>\n\n\n\n<p>BAS-IP porttelefonanlegg for porter tilbyr en rekke funksjoner som skiller dem fra tradisjonelle porttelefoner. Her er noen av de viktigste fordelene med \u00e5 velge et BAS-IP porttelefonanlegg for inngangspartiet:<\/p>\n\n\n<!-- START Block Features --><section id=\"block_6430528dc3f3e\" class=\"features-section\">\r\n\t\r\n    <div class=\"features-list\">\r\n                    <div class=\"features-item\" data-aos=\"fade-up\">\r\n    <div class=\"features-box\">\r\n                    <div class=\"image-holder\">\r\n                <img loading=\"lazy\" decoding=\"async\" width=\"350\" height=\"320\" src=\"https:\/\/bas-ip.com\/wp-content\/uploads\/2023\/04\/1-3-350x320.jpg\" class=\"attachment-thumbnail_350x320 size-thumbnail_350x320\" alt=\"\" \/>            <\/div>\r\n        \r\n        <div class=\"text-holder\">\r\n                        <h3 class=\"title-block\">S\u00f8ml\u00f8s integrasjon i IP lokalt nettverk<\/h3>\r\n          \r\n                        <div class=\"text-block\">\r\n                <p>BAS-IP porttelefonanlegg for porter er designet for \u00e5 fungere s\u00f8ml\u00f8st innenfor samme IP-lokale nettverk, noe som sikrer enkel installasjon og konfigurasjon. Denne problemfrie integrasjonen gj\u00f8r at du enkelt kan integrere porttelefonanlegget ditt i den eksisterende nettverksinfrastrukturen, noe som minimerer kompatibilitetsproblemer og reduserer kompleksiteten.<\/p>\n              <\/div>\r\n                  <\/div>\r\n    <\/div>\r\n<\/div>\r\n                    <div class=\"features-item\" data-aos=\"fade-up\">\r\n    <div class=\"features-box\">\r\n                    <div class=\"image-holder\">\r\n                <img loading=\"lazy\" decoding=\"async\" width=\"350\" height=\"320\" src=\"https:\/\/bas-ip.com\/wp-content\/uploads\/2023\/04\/2-3-350x320.jpg\" class=\"attachment-thumbnail_350x320 size-thumbnail_350x320\" alt=\"\" \/>            <\/div>\r\n        \r\n        <div class=\"text-holder\">\r\n                        <h3 class=\"title-block\">Langdistanse tilkobling<\/h3>\r\n          \r\n                        <div class=\"text-block\">\r\n                <p>En av de mest bemerkelsesverdige funksjonene ved BAS-IP porttelefonanlegg for porter er deres evne til \u00e5 fungere over lange avstander. Dette gj\u00f8r dem til et ideelt valg for store eiendommer, omfattende boligkomplekser eller kommersielle fasiliteter hvor tilgangspunktene kan v\u00e6re spredt over et stort omr\u00e5de. Med BAS-IP porttelefonl\u00f8sninger kan du opprettholde sikker kommunikasjon og kontroll over hele eiendommen, uavhengig av avstand.<\/p>\n              <\/div>\r\n                  <\/div>\r\n    <\/div>\r\n<\/div>\r\n                    <div class=\"features-item\" data-aos=\"fade-up\">\r\n    <div class=\"features-box\">\r\n                    <div class=\"image-holder\">\r\n                <img loading=\"lazy\" decoding=\"async\" width=\"350\" height=\"320\" src=\"https:\/\/bas-ip.com\/wp-content\/uploads\/2023\/04\/3-3-350x320.jpg\" class=\"attachment-thumbnail_350x320 size-thumbnail_350x320\" alt=\"\" \/>            <\/div>\r\n        \r\n        <div class=\"text-holder\">\r\n                        <h3 class=\"title-block\">PC-basert portkontroll<\/h3>\r\n          \r\n                        <div class=\"text-block\">\r\n                <p>BAS-IP porttelefonanlegg for porter tilbyr fleksibiliteten til \u00e5 \u00e5pne og administrere portene dine fra en PC. Dette betyr at du kan kontrollere tilgangen eksternt og praktisk, uten behov for et dedikert fysisk grensesnitt. Enten du er hjemme eller p\u00e5 kontoret, vil du ha full kontroll over tilgangspunktene til eiendommen din, rett ved fingertuppene.<\/p>\n              <\/div>\r\n                  <\/div>\r\n    <\/div>\r\n<\/div>\r\n                    <div class=\"features-item\" data-aos=\"fade-up\">\r\n    <div class=\"features-box\">\r\n                    <div class=\"image-holder\">\r\n                <img loading=\"lazy\" decoding=\"async\" width=\"350\" height=\"320\" src=\"https:\/\/bas-ip.com\/wp-content\/uploads\/2023\/04\/4-3-350x320.jpg\" class=\"attachment-thumbnail_350x320 size-thumbnail_350x320\" alt=\"\" \/>            <\/div>\r\n        \r\n        <div class=\"text-holder\">\r\n                        <h3 class=\"title-block\">Dual Lock-modul for h\u00e5ndtering av flere porter<\/h3>\r\n          \r\n                        <div class=\"text-block\">\r\n                <p>BAS-IP SH-42 dual lock-modul lar deg kontrollere to porter samtidig ved hjelp av ett enkelt porttelefonanlegg. Denne funksjonen er perfekt for eiendommer med flere tilgangspunkter eller separate innganger for fotgjengere og kj\u00f8ret\u00f8y, og gj\u00f8r det mulig \u00e5 effektivt administrere alle portene dine fra ett sentralisert system.<\/p>\n              <\/div>\r\n                  <\/div>\r\n    <\/div>\r\n<\/div>\r\n                    <div class=\"features-item\" data-aos=\"fade-up\">\r\n    <div class=\"features-box\">\r\n                    <div class=\"image-holder\">\r\n                <img loading=\"lazy\" decoding=\"async\" width=\"350\" height=\"320\" src=\"https:\/\/bas-ip.com\/wp-content\/uploads\/2023\/04\/5-4-350x320.jpg\" class=\"attachment-thumbnail_350x320 size-thumbnail_350x320\" alt=\"\" \/>            <\/div>\r\n        \r\n        <div class=\"text-holder\">\r\n                        <h3 class=\"title-block\">Integrasjon med eksisterende IP CCTV-systemer<\/h3>\r\n          \r\n                        <div class=\"text-block\">\r\n                <p>BAS-IP video porttelefonanlegg for porter kan enkelt integreres med den eksisterende IP CCTV-infrastrukturen din. Dette gj\u00f8r at du kan overv\u00e5ke og kontrollere tilgangspunktene til eiendommen din ved \u00e5 bruke samme grensesnitt som for sikkerhetskameraene dine, noe som str\u00f8mlinjeformer sikkerhetsadministrasjonen og forbedrer den totale effektiviteten.<\/p>\n              <\/div>\r\n                  <\/div>\r\n    <\/div>\r\n<\/div>\r\n                    <div class=\"features-item\" data-aos=\"fade-up\">\r\n    <div class=\"features-box\">\r\n                    <div class=\"image-holder\">\r\n                <img loading=\"lazy\" decoding=\"async\" width=\"350\" height=\"320\" src=\"https:\/\/bas-ip.com\/wp-content\/uploads\/2023\/04\/6-3-350x320.jpg\" class=\"attachment-thumbnail_350x320 size-thumbnail_350x320\" alt=\"\" \/>            <\/div>\r\n        \r\n        <div class=\"text-holder\">\r\n                        <h3 class=\"title-block\">Integrasjon av registreringsskiltgjenkjenning<\/h3>\r\n          \r\n                        <div class=\"text-block\">\r\n                <p>BAS-IP inngangspaneler kan integreres med kameraer for gjenkjenning av bilskilt, noe som lar deg automatisere tilgangen for forh\u00e5ndsgodkjente kj\u00f8ret\u00f8y. Denne avanserte funksjonen forbedrer b\u00e5de sikkerhet og bekvemmelighet ved \u00e5 automatisk \u00e5pne barrierer for autoriserte kj\u00f8ret\u00f8y, minimere ventetider og redusere behovet for manuell tilgangskontroll.<\/p>\n              <\/div>\r\n                  <\/div>\r\n    <\/div>\r\n<\/div>\r\n            <\/div>\r\n<\/section>\r\n<!-- END Block Features -->\n\n\n<h2 class=\"wp-block-heading\"><strong>Kompatibel med ulike typer porter<\/strong><\/h2>\n\n\n\n<p>BAS-IP porttelefonanlegg kan integreres med forskjellige portmekanismer, og gir en s\u00f8ml\u00f8s kommunikasjonsopplevelse for brukerne:<\/p>\n\n\n\n<ol class=\"wp-block-list\">\n<li><strong>Svingporter:<\/strong> Disse portene \u00e5pnes og lukkes med en svingbevegelse, enten innover eller utover. De er popul\u00e6re i b\u00e5de bolig- og kommersielle omgivelser p\u00e5 grunn av deres klassiske utseende og brukervennlighet.<\/li>\n\n\n\n<li><strong>Skyveporter:<\/strong> Vanlig brukt i kommersielle og industrielle omgivelser, skyveporter beveger seg horisontalt langs en skinne for \u00e5 \u00e5pne og lukke.<\/li>\n\n\n\n<li><strong>Barrierer:<\/strong> Ofte funnet i parkeringsplasser og tilgangskontrollerte omr\u00e5der, bruker barrierer en vertikal arm for \u00e5 kontrollere inn- og utgang.<\/li>\n\n\n\n<li><strong>Bi-folding porter:<\/strong> Disse portene best\u00e5r av to paneler som brettes sammen n\u00e5r de \u00e5pnes, noe som sparer plass og gir et stilfullt utseende.<\/li>\n\n\n\n<li><strong>Vertikale l\u00f8fteporter:<\/strong> Vanligvis brukt i omr\u00e5der med h\u00f8y sikkerhet, beveger vertikale l\u00f8fteporter seg opp og ned for \u00e5 \u00e5pne og lukke.<\/li>\n\n\n\n<li><strong>Svingd\u00f8rer:<\/strong> Vanlige i kollektivtransportknutepunkter og noen kommersielle bygninger, kontrollerer svingd\u00f8rer tilgangen ved \u00e5 tillate at bare \u00e9n person passerer gjennom om gangen.<\/li>\n\n\n\n<li><strong>Fotgjengergater:<\/strong> Disse portene er spesialdesignet for fotgjengere og kan finnes i ulike omgivelser, som boligomr\u00e5der, parker eller kommersielle komplekser.<\/li>\n<\/ol>\n\n\n\n<p>BAS-IP porttelefonens tilpasningsdyktighet gj\u00f8r den til et ideelt valg for et bredt spekter av porttyper, og sikrer effektiv og sikker tilgangskontroll for bolig-, kommersielle og industrielle eiendommer.<\/p>\n\n\n\n<h2 class=\"wp-block-heading\"><strong>Forst\u00e5 komponentene i et BAS-IP intercomsystem for porter<\/strong><\/h2>\n\n\n\n<p>BAS-IP porttelefonanlegg best\u00e5r av tre hovedkomponenter, som hver spiller en viktig rolle i \u00e5 skape et omfattende og effektivt porttelefonanlegg for adgang:<\/p>\n\n\n<!-- START Block Features --><section id=\"block_643053d1c3f45\" class=\"features-section\">\r\n\t\r\n    <div class=\"features-list\">\r\n                    <div class=\"features-item\" data-aos=\"fade-up\">\r\n    <div class=\"features-box\">\r\n                    <div class=\"image-holder\">\r\n                <img loading=\"lazy\" decoding=\"async\" width=\"350\" height=\"320\" src=\"https:\/\/bas-ip.com\/wp-content\/uploads\/2023\/04\/7-1-350x320.jpg\" class=\"attachment-thumbnail_350x320 size-thumbnail_350x320\" alt=\"\" \/>            <\/div>\r\n        \r\n        <div class=\"text-holder\">\r\n                        <h3 class=\"title-block\">IP intercom d\u00f8rpaneler<\/h3>\r\n          \r\n                        <div class=\"text-block\">\r\n                <p>BAS-IP inngangspaneler fungerer som det prim\u00e6re grensesnittet for porttelefonanlegget ditt. De er designet for \u00e5 v\u00e6re holdbare, v\u00e6rbestandige og brukervennlige. Med et utvalg av design og overflater kan disse panelene tilpasses for \u00e5 passe eiendommens estetikk. Med innebygde kameraer, mikrofoner og h\u00f8yttalere gir BAS-IP inngangspaneler krystallklar lyd- og videokommunikasjon mellom bes\u00f8kende og beboere eller sikkerhetspersonell.<\/p>\n              <\/div>\r\n                  <\/div>\r\n    <\/div>\r\n<\/div>\r\n                    <div class=\"features-item\" data-aos=\"fade-up\">\r\n    <div class=\"features-box\">\r\n                    <div class=\"image-holder\">\r\n                <img loading=\"lazy\" decoding=\"async\" width=\"350\" height=\"320\" src=\"https:\/\/bas-ip.com\/wp-content\/uploads\/2023\/04\/8-1-350x320.jpg\" class=\"attachment-thumbnail_350x320 size-thumbnail_350x320\" alt=\"\" \/>            <\/div>\r\n        \r\n        <div class=\"text-holder\">\r\n                        <h3 class=\"title-block\">Videotelefoner<\/h3>\r\n          \r\n                        <div class=\"text-block\">\r\n                <p>BAS-IP video d\u00f8rtelefoner fungerer som det interne grensesnittet for porttelefonanlegget ditt, og lar deg se og snakke med bes\u00f8kende ved porten. Disse enhetene tilbyr h\u00f8ykvalitets video- og lydkommunikasjon, noe som sikrer at du tydelig kan identifisere og kommunisere med bes\u00f8kende f\u00f8r du gir dem tilgang til eiendommen din.<\/p>\n              <\/div>\r\n                  <\/div>\r\n    <\/div>\r\n<\/div>\r\n                    <div class=\"features-item\" data-aos=\"fade-up\">\r\n    <div class=\"features-box\">\r\n                    <div class=\"image-holder\">\r\n                <img loading=\"lazy\" decoding=\"async\" width=\"350\" height=\"320\" src=\"https:\/\/bas-ip.com\/wp-content\/uploads\/2023\/04\/9-1-350x320.jpg\" class=\"attachment-thumbnail_350x320 size-thumbnail_350x320\" alt=\"\" \/>            <\/div>\r\n        \r\n        <div class=\"text-holder\">\r\n                        <h3 class=\"title-block\">POE-brytere<\/h3>\r\n          \r\n                        <div class=\"text-block\">\r\n                <p>Power over Ethernet (POE) switches er en essensiell komponent i et BAS-IP porttelefonanlegg for elektriske porter. De gir b\u00e5de str\u00f8m og datatilkobling til porttelefonenhetene dine ved hjelp av en enkelt Ethernet-kabel. Dette forenkler installasjonen, reduserer kabelrot og sikrer en p\u00e5litelig, h\u00f8yhastighetsforbindelse mellom porttelefonkomponentene dine.<\/p>\n              <\/div>\r\n                  <\/div>\r\n    <\/div>\r\n<\/div>\r\n            <\/div>\r\n<\/section>\r\n<!-- END Block Features -->\n\n<!-- START Block FAQ --><section id=\"block_6421c0e7ae86e\" class=\"faq-section\">\r\n\t\t    <h2 class=\"title-section\" data-aos=\"fade-right\">Ofte stilte sp\u00f8rsm\u00e5l (FAQs)<\/h2>\r\n\t\t\t    <div class=\"faq-list js-accordion\" data-aos=\"fade-up\">\r\n\t\t\t\t\t\t\t\t\t\t\t    <div class=\"accordion-item faq-item\">\r\n                        <div class=\"accordion-opener\">\r\n                            Q: Kan jeg bruke et BAS-IP intercom gatesystem med mitt eksisterende IP lokale nettverk?                            <i class=\"fa-solid fa-chevron-down\"><\/i>\r\n                        <\/div>\r\n                        <div class=\"accordion-slide\">\r\n\t\t\t\t\t\t    <p>Ja, BAS-IP porttelefonanlegg for porter er designet for \u00e5 fungere s\u00f8ml\u00f8st innenfor ditt eksisterende IP-lokale nettverk, noe som gj\u00f8r integrasjonen enkel og problemfri.<\/p>\n                        <\/div>\r\n\t\t\t\t\t<\/div>\r\n\t\t\t\t\t\t\t\t\t\t\t\t\t\t\t    <div class=\"accordion-item faq-item\">\r\n                        <div class=\"accordion-opener\">\r\n                            Q: Hvordan fungerer BAS-IP intercom-systemer for porter over lange avstander?                            <i class=\"fa-solid fa-chevron-down\"><\/i>\r\n                        <\/div>\r\n                        <div class=\"accordion-slide\">\r\n\t\t\t\t\t\t    <p>BAS-IP porttelefonanlegg for porter er designet for \u00e5 fungere effektivt over lange avstander, noe som gj\u00f8r dem til et ideelt valg for eiendommer med spredte tilgangspunkter eller store fasiliteter.<\/p>\n                        <\/div>\r\n\t\t\t\t\t<\/div>\r\n\t\t\t\t\t\t\t\t\t\t\t\t\t\t\t    <div class=\"accordion-item faq-item\">\r\n                        <div class=\"accordion-opener\">\r\n                            Q: Hvordan kan jeg integrere min BAS-IP gate video intercom med mitt eksisterende IP CCTV system?                            <i class=\"fa-solid fa-chevron-down\"><\/i>\r\n                        <\/div>\r\n                        <div class=\"accordion-slide\">\r\n\t\t\t\t\t\t    <p>BAS-IP porttelefonanlegg for porter kan enkelt integreres med din eksisterende IP CCTV-infrastruktur, noe som lar deg administrere og overv\u00e5ke tilgangspunktene til eiendommen din ved \u00e5 bruke samme grensesnitt som for sikkerhetskameraene dine.<\/p>\n                        <\/div>\r\n\t\t\t\t\t<\/div>\r\n\t\t\t\t\t\t\t\t\t\t\t\t\t\t\t    <div class=\"accordion-item faq-item\">\r\n                        <div class=\"accordion-opener\">\r\n                            Q: Er det mulig \u00e5 kontrollere flere porter med en enkelt BAS-IP intercom-enhet?                            <i class=\"fa-solid fa-chevron-down\"><\/i>\r\n                        <\/div>\r\n                        <div class=\"accordion-slide\">\r\n\t\t\t\t\t\t    <p>Ja, med BAS-IP SH-42 dual lock-modulen kan du kontrollere to porter samtidig ved hjelp av ett enkelt porttelefonanlegg. Denne funksjonen er perfekt for eiendommer med flere tilgangspunkter eller separate innganger for fotgjengere og kj\u00f8ret\u00f8y.<\/p>\n                        <\/div>\r\n\t\t\t\t\t<\/div>\r\n\t\t\t\t\t\t\t\t\t<\/div>\r\n\t<\/section>\r\n<!-- END Block FAQ -->\n\n\n<p>BAS-IP porttelefonanlegg for porter tilbyr en perfekt kombinasjon av bekvemmelighet, sikkerhet og avansert teknologi for uovertruffen kontroll over tilgang til eiendommen din. Med unike funksjoner som s\u00f8ml\u00f8s IP-lokalnettverksintegrasjon, langdistanseforbindelse, PC-basert portkontroll, dual lock-modulfunksjonalitet, IP CCTV-systemintegrasjon og kompatibilitet med kameraer for bilskiltgjenkjenning, er BAS-IP porttelefonanlegg for porter et enest\u00e5ende valg for alle eiendomseiere som \u00f8nsker \u00e5 forbedre tilgangsstyringen.<\/p>\n\n\n\n<p>Ved \u00e5 velge et BAS-IP porttelefonanlegg for inngangspartiet, investerer du i en l\u00f8sning som enkelt kan tilpasses dine behov, vokse sammen med eiendommen din og gi deg den tryggheten som kommer med \u00e5 vite at eiendommen din er sikker og kun tilgjengelig for dem du stoler p\u00e5. Opplev forskjellen et BAS-IP porttelefonanlegg kan gj\u00f8re for eiendommen din i dag.<\/p>","protected":false},"excerpt":{"rendered":"<p>Gate Intercom System: Forbedre sikkerheten din Velkommen til fremtiden for eiendomstilgangsstyring, hvor bekvemmelighet, sikkerhet og banebrytende teknologi m\u00f8tes. Med et BAS-IP porttelefonanlegg kan du oppleve uovertruffen kontroll over tilgangspunktene til eiendommen din. Enten det er en bolig, en leilighetskompleks eller en kommersiell fasilitet, tilbyr v\u00e5re porttelefonanlegg unike funksjoner som dekker alle dine behov. Vi vil [&hellip;]<\/p>","protected":false},"author":1,"featured_media":0,"parent":0,"menu_order":0,"comment_status":"closed","ping_status":"closed","template":"","meta":{"inline_featured_image":false,"footnotes":""},"class_list":["post-133777","page","type-page","status-publish","hentry"],"acf":[],"_links":{"self":[{"href":"https:\/\/bas-ip.com\/no\/wp-json\/wp\/v2\/pages\/133777","targetHints":{"allow":["GET"]}}],"collection":[{"href":"https:\/\/bas-ip.com\/no\/wp-json\/wp\/v2\/pages"}],"about":[{"href":"https:\/\/bas-ip.com\/no\/wp-json\/wp\/v2\/types\/page"}],"author":[{"embeddable":true,"href":"https:\/\/bas-ip.com\/no\/wp-json\/wp\/v2\/users\/1"}],"replies":[{"embeddable":true,"href":"https:\/\/bas-ip.com\/no\/wp-json\/wp\/v2\/comments?post=133777"}],"version-history":[{"count":4,"href":"https:\/\/bas-ip.com\/no\/wp-json\/wp\/v2\/pages\/133777\/revisions"}],"predecessor-version":[{"id":133894,"href":"https:\/\/bas-ip.com\/no\/wp-json\/wp\/v2\/pages\/133777\/revisions\/133894"}],"wp:attachment":[{"href":"https:\/\/bas-ip.com\/no\/wp-json\/wp\/v2\/media?parent=133777"}],"curies":[{"name":"wp","href":"https:\/\/api.w.org\/{rel}","templated":true}]}}