{"id":133496,"date":"2023-03-27T12:22:38","date_gmt":"2023-03-27T12:22:38","guid":{"rendered":"https:\/\/bas-ip.com\/school\/"},"modified":"2025-03-13T10:38:32","modified_gmt":"2025-03-13T10:38:32","slug":"school","status":"publish","type":"page","link":"https:\/\/bas-ip.com\/no\/school\/","title":{"rendered":"Skole"},"content":{"rendered":"<h1 class=\"wp-block-heading\"><strong>Intercom-systemer for skoler<\/strong><\/h1>\n\n\n\n<p>I dagens verden er s\u00f8ml\u00f8s kommunikasjon og sikkerhet essensielle komponenter for enhver utdanningsinstitusjon. Et effektivt skolesystem for intercom sikrer ikke bare rask kommunikasjon, men forbedrer ogs\u00e5 sikkerheten for elever, l\u00e6rere og ansatte. Her kommer BAS-IP intercom-systemet for skoler, den ultimate l\u00f8sningen som kombinerer robust teknologi, innovative funksjoner og enest\u00e5ende ytelse. Denne artikkelen ser n\u00e6rmere p\u00e5 de viktigste funksjonene og fordelene ved BAS-IP intercom-systemene, og viser hvorfor de er det beste valget for din skole.<\/p>\n\n\n\n<h2 class=\"wp-block-heading\"><strong>Kraften til IP Intercom for skoler<\/strong><\/h2>\n\n\n\n<h3 class=\"wp-block-heading\"><strong>Kablet IP-intercomsystem: Det overlegne valget<\/strong><\/h3>\n\n\n\n<p>Mens tr\u00e5dl\u00f8se intercom-systemer tilbyr en viss grad av bekvemmelighet, gir kablede IP-intercom-systemer et h\u00f8yere niv\u00e5 av p\u00e5litelighet, sikkerhet og ytelse. Ved \u00e5 bruke BAS-IP intercom-systemet for skoler investerer du i en sikker og stabil l\u00f8sning som garanterer uavbrutt kommunikasjon og kontroll.<\/p>\n\n\n\n<h3 class=\"wp-block-heading\"><strong>En omfattende l\u00f8sning for utdanningsinstitusjoner<\/strong><\/h3>\n\n\n\n<p>BAS-IP intercom-systemet er designet for \u00e5 im\u00f8tekomme behovene til skoler, campuser og h\u00f8yskoler. Det integrerer s\u00f8ml\u00f8st lydpaneler, concierge-terminaler og POE-brytere, og skaper et samlet kommunikasjonsnettverk som er b\u00e5de effektivt og kostnadseffektivt. Med sine unike funksjoner, som temperaturm\u00e5ling ved skoleinngangen, sikrer dette intercom-systemet \u00f8kt sikkerhet og komfort for alle brukere.<\/p>\n\n\n\n<h2 class=\"wp-block-heading\"><strong>N\u00f8kkelkomponenter i BAS-IP skoleintercomsystem<\/strong><\/h2>\n\n\n<!-- START Block Features --><section id=\"block_6430565dc8a2b\" class=\"features-section\">\r\n\t\r\n    <div class=\"features-list\">\r\n                    <div class=\"features-item\" data-aos=\"fade-up\">\r\n    <div class=\"features-box\">\r\n                    <div class=\"image-holder\">\r\n                <img loading=\"lazy\" decoding=\"async\" width=\"350\" height=\"320\" src=\"https:\/\/bas-ip.com\/wp-content\/uploads\/2023\/04\/1-4-350x320.jpg\" class=\"attachment-thumbnail_350x320 size-thumbnail_350x320\" alt=\"\" \/>            <\/div>\r\n        \r\n        <div class=\"text-holder\">\r\n                        <h3 class=\"title-block\">BAS-IP AV-04AFD lydpanel<\/h3>\r\n          \r\n                        <div class=\"text-block\">\r\n                <p>AV-04AFD lydpanelet er en rimelig og funksjonsrik intercom-l\u00f8sning som er designet spesifikt for utdanningsinstitusjoner. Det muliggj\u00f8r krystallklar kommunikasjon mellom forskjellige omr\u00e5der av skolen, samtidig som det sikrer rask tilgangskontroll.<\/p>\n              <\/div>\r\n                  <\/div>\r\n    <\/div>\r\n<\/div>\r\n                    <div class=\"features-item\" data-aos=\"fade-up\">\r\n    <div class=\"features-box\">\r\n                    <div class=\"image-holder\">\r\n                <img loading=\"lazy\" decoding=\"async\" width=\"350\" height=\"320\" src=\"https:\/\/bas-ip.com\/wp-content\/uploads\/2023\/04\/2-4-350x320.jpg\" class=\"attachment-thumbnail_350x320 size-thumbnail_350x320\" alt=\"\" \/>            <\/div>\r\n        \r\n        <div class=\"text-holder\">\r\n                        <h3 class=\"title-block\">BAS-IP AM-02 Concierge Terminal<\/h3>\r\n          \r\n                        <div class=\"text-block\">\r\n                <p>AM-02 Concierge Terminal fungerer som et sentralt kontrollpunkt for hele intercom-systemet, og gir personalet mulighet til \u00e5 administrere samtaler, overv\u00e5ke innganger og gi tilgang med letthet. Den brukervennlige grensesnittet gj\u00f8r det til det perfekte valget for effektiv kommunikasjon og administrasjon.<\/p>\n              <\/div>\r\n                  <\/div>\r\n    <\/div>\r\n<\/div>\r\n                    <div class=\"features-item\" data-aos=\"fade-up\">\r\n    <div class=\"features-box\">\r\n                    <div class=\"image-holder\">\r\n                <img loading=\"lazy\" decoding=\"async\" width=\"350\" height=\"320\" src=\"https:\/\/bas-ip.com\/wp-content\/uploads\/2023\/04\/3-4-350x320.jpg\" class=\"attachment-thumbnail_350x320 size-thumbnail_350x320\" alt=\"\" \/>            <\/div>\r\n        \r\n        <div class=\"text-holder\">\r\n                        <h3 class=\"title-block\">BAS-IP SH-20.16 16-porters POE-svitsj<\/h3>\r\n          \r\n                        <div class=\"text-block\">\r\n                <p>SH-20.16 16-port POE-bryteren gir n\u00f8dvendig str\u00f8m og tilkobling for BAS-IP intercom-systemet, og sikrer jevn og uavbrutt ytelse over hele skoleomr\u00e5det.<\/p>\n              <\/div>\r\n                  <\/div>\r\n    <\/div>\r\n<\/div>\r\n                    <div class=\"features-item\" data-aos=\"fade-up\">\r\n    <div class=\"features-box\">\r\n                    <div class=\"image-holder\">\r\n                <img loading=\"lazy\" decoding=\"async\" width=\"350\" height=\"320\" src=\"https:\/\/bas-ip.com\/wp-content\/uploads\/2023\/04\/4-4-350x320.jpg\" class=\"attachment-thumbnail_350x320 size-thumbnail_350x320\" alt=\"\" \/>            <\/div>\r\n        \r\n        <div class=\"text-holder\">\r\n                        <h3 class=\"title-block\">BAS-IP SH-31TM temperaturmodell<\/h3>\r\n          \r\n                        <div class=\"text-block\">\r\n                <p>SH-31TM temperaturmodellen kan installeres ved skoleinngangen, og gir sanntidsoverv\u00e5kning av temperaturen, noe som bidrar til \u00e5 opprettholde et sunt milj\u00f8 for elever, ansatte og bes\u00f8kende. Ved \u00e5 legge til dette ekstra lag av sikkerhet, kan skolen proaktivt h\u00e5ndtere potensielle helseproblemer og sikre velv\u00e6re for alle p\u00e5 campus.<\/p>\n              <\/div>\r\n                  <\/div>\r\n    <\/div>\r\n<\/div>\r\n                    <div class=\"features-item features-full-width\" data-aos=\"fade-up\">\r\n    <div class=\"features-box image-position-left\">\r\n                <div class=\"image-holder\">\r\n            <img loading=\"lazy\" decoding=\"async\" width=\"1\" height=\"1\" src=\"https:\/\/bas-ip.com\/wp-content\/uploads\/2023\/04\/school-1.svg\" class=\"attachment-thumbnail_350x320 size-thumbnail_350x320\" alt=\"\" \/>          <\/div>\r\n      \r\n      <div class=\"text-holder\">\r\n                        <h3 class=\"title-block\">Utnyttelse av IP-nettverk for s\u00f8ml\u00f8s integrasjon<\/h3>\r\n          \r\n                        <div class=\"text-block\">\r\n                <p>BAS-IP intercom-systemer er designet for \u00e5 fungere s\u00f8ml\u00f8st innenfor skolens eksisterende IP-lokale nettverk, noe som muliggj\u00f8r enkel installasjon og vedlikehold. Denne integrasjonen letter kommunikasjon, tilgangskontroll og sikkerhet p\u00e5 tvers av hele utdanningsinstitusjonen.<\/p>\n              <\/div>\r\n                <\/div>\r\n    <\/div>\r\n<\/div>\r\n                    <div class=\"features-item features-full-width\" data-aos=\"fade-up\">\r\n    <div class=\"features-box image-position-right\">\r\n                <div class=\"image-holder\">\r\n            <img loading=\"lazy\" decoding=\"async\" width=\"1\" height=\"1\" src=\"https:\/\/bas-ip.com\/wp-content\/uploads\/2023\/04\/collage-1.svg\" class=\"attachment-thumbnail_350x320 size-thumbnail_350x320\" alt=\"\" \/>          <\/div>\r\n      \r\n      <div class=\"text-holder\">\r\n                        <h3 class=\"title-block\">Fjerntilgang og kontroll fra din PC<\/h3>\r\n          \r\n                        <div class=\"text-block\">\r\n                <p>Med BAS-IP&#8217;s avanserte intercom-system kan skolens personale enkelt bruke PC-ene sine til \u00e5 kommunisere gjennom intercom, overv\u00e5ke innganger og kontrollere d\u00f8rsystemer. Denne fleksibiliteten gir forbedrede responstider og \u00f8kt effektivitet i h\u00e5ndteringen av daglige oppgaver og n\u00f8dsituasjoner.<\/p>\n              <\/div>\r\n                <\/div>\r\n    <\/div>\r\n<\/div>\r\n            <\/div>\r\n<\/section>\r\n<!-- END Block Features -->\n\n<!-- START Block FAQ --><section id=\"block_64218de5ac119\" class=\"faq-section\">\r\n\t\t    <h2 class=\"title-section\" data-aos=\"fade-right\">Ofte stilte sp\u00f8rsm\u00e5l<\/h2>\r\n\t\t\t    <div class=\"faq-list js-accordion\" data-aos=\"fade-up\">\r\n\t\t\t\t\t\t\t\t\t\t\t    <div class=\"accordion-item faq-item\">\r\n                        <div class=\"accordion-opener\">\r\n                            Q: Kan BAS-IP intercom-systemet for skoler enkelt integreres i v\u00e5r eksisterende infrastruktur?                            <i class=\"fa-solid fa-chevron-down\"><\/i>\r\n                        <\/div>\r\n                        <div class=\"accordion-slide\">\r\n\t\t\t\t\t\t    <p>Ja, BAS-IP intercom-systemer kan enkelt integreres i skolens eksisterende IP-lokale nettverk, noe som gir en s\u00f8ml\u00f8s og kostnadseffektiv installasjonsprosess.<\/p>\n                        <\/div>\r\n\t\t\t\t\t<\/div>\r\n\t\t\t\t\t\t\t\t\t\t\t\t\t\t\t    <div class=\"accordion-item faq-item\">\r\n                        <div class=\"accordion-opener\">\r\n                            Q: Hvordan sikrer BAS-IP intercom-systemet sikkerheten til v\u00e5re studenter og ansatte?                            <i class=\"fa-solid fa-chevron-down\"><\/i>\r\n                        <\/div>\r\n                        <div class=\"accordion-slide\">\r\n\t\t\t\t\t\t    <p>BAS-IP intercom-systemet tilbyr flere sikkerhetsfunksjoner, som temperaturm\u00e5ling ved innganger, rask tilgangskontroll, og muligheten til \u00e5 overv\u00e5ke og administrere kommunikasjon og d\u00f8rsystemer fra PC-en, noe som sikrer et trygt milj\u00f8 for alle.<\/p>\n                        <\/div>\r\n\t\t\t\t\t<\/div>\r\n\t\t\t\t\t\t\t\t\t\t\t\t\t\t\t    <div class=\"accordion-item faq-item\">\r\n                        <div class=\"accordion-opener\">\r\n                            Q: Er BAS-IP intercom-systemet kompatibelt med andre kommunikasjonsenheter og systemer?                            <i class=\"fa-solid fa-chevron-down\"><\/i>\r\n                        <\/div>\r\n                        <div class=\"accordion-slide\">\r\n\t\t\t\t\t\t    <p>Ja, BAS-IP intercom-systemet er designet for \u00e5 fungere s\u00f8ml\u00f8st med en rekke kommunikasjonsenheter og systemer, og gir en omfattende og fleksibel l\u00f8sning for skolens kommunikasjonsbehov.<\/p>\n                        <\/div>\r\n\t\t\t\t\t<\/div>\r\n\t\t\t\t\t\t\t\t\t\t\t\t\t\t\t    <div class=\"accordion-item faq-item\">\r\n                        <div class=\"accordion-opener\">\r\n                            Q: Hvor p\u00e5litelige er kablede IP-intercom-systemer sammenlignet med tr\u00e5dl\u00f8se intercom-systemer?                            <i class=\"fa-solid fa-chevron-down\"><\/i>\r\n                        <\/div>\r\n                        <div class=\"accordion-slide\">\r\n\t\t\t\t\t\t    <p>Kablede IP-intercom-systemer, som BAS-IP intercom-systemet for skoler, tilbyr overlegen p\u00e5litelighet, sikkerhet og ytelse sammenlignet med tr\u00e5dl\u00f8se intercom-systemer. De sikrer stabil, uavbrutt kommunikasjon og kontroll, noe som gj\u00f8r dem til det ideelle valget for utdanningsinstitusjoner.<\/p>\n                        <\/div>\r\n\t\t\t\t\t<\/div>\r\n\t\t\t\t\t\t\t\t\t\t\t\t\t\t\t    <div class=\"accordion-item faq-item\">\r\n                        <div class=\"accordion-opener\">\r\n                            Q: Kan vi tilpasse BAS-IP intercom-systemet for \u00e5 m\u00f8te de spesifikke behovene til skolen v\u00e5r?                            <i class=\"fa-solid fa-chevron-down\"><\/i>\r\n                        <\/div>\r\n                        <div class=\"accordion-slide\">\r\n\t\t\t\t\t\t    <p>Ja, BAS-IP intercom-systemet er sv\u00e6rt tilpassbart og kan skreddersys for \u00e5 m\u00f8te de unike behovene til din skole. Den modul\u00e6re designen gj\u00f8r det mulig \u00e5 legge til ulike komponenter, som temperaturmodellen, for \u00e5 forbedre sikkerhet og funksjonalitet.<\/p>\n                        <\/div>\r\n\t\t\t\t\t<\/div>\r\n\t\t\t\t\t\t\t\t\t<\/div>\r\n\t<\/section>\r\n<!-- END Block FAQ -->\n\n\n<p>\u00c5 investere i et p\u00e5litelig, funksjonsrikt og sikkert intercom-system er avgj\u00f8rende for sikkerheten og effektiviteten til enhver utdanningsinstitusjon. BAS-IP intercom-systemet for skoler tilbyr uovertruffen ytelse, innovative funksjoner og s\u00f8ml\u00f8s integrasjon med eksisterende IP-nettverk. Ved \u00e5 velge BAS-IP investerer du i fremtiden for skolens kommunikasjons- og sikkerhetsinfrastruktur. Opplev revolusjonen i kommunikasjon med det beste intercom-systemet for skoler \u2013 BAS-IP. Forbedre sikkerheten, kommunikasjonen og det generelle milj\u00f8et ved din utdanningsinstitusjon, og sikre velv\u00e6re for elever, ansatte og bes\u00f8kende. Ikke g\u00e5 p\u00e5 kompromiss med kvalitet \u2013 stol p\u00e5 BAS-IP for \u00e5 levere enest\u00e5ende ytelse og p\u00e5litelighet for skolen din.<\/p>","protected":false},"excerpt":{"rendered":"<p>Intercom-systemer for skoler I dagens verden er s\u00f8ml\u00f8s kommunikasjon og sikkerhet essensielle komponenter for enhver utdanningsinstitusjon. Et effektivt skolesystem for intercom sikrer ikke bare rask kommunikasjon, men forbedrer ogs\u00e5 sikkerheten for elever, l\u00e6rere og ansatte. Her kommer BAS-IP intercom-systemet for skoler, den ultimate l\u00f8sningen som kombinerer robust teknologi, innovative funksjoner og enest\u00e5ende ytelse. Denne artikkelen [&hellip;]<\/p>","protected":false},"author":1,"featured_media":0,"parent":0,"menu_order":0,"comment_status":"closed","ping_status":"closed","template":"","meta":{"inline_featured_image":false,"footnotes":""},"class_list":["post-133496","page","type-page","status-publish","hentry"],"acf":[],"_links":{"self":[{"href":"https:\/\/bas-ip.com\/no\/wp-json\/wp\/v2\/pages\/133496","targetHints":{"allow":["GET"]}}],"collection":[{"href":"https:\/\/bas-ip.com\/no\/wp-json\/wp\/v2\/pages"}],"about":[{"href":"https:\/\/bas-ip.com\/no\/wp-json\/wp\/v2\/types\/page"}],"author":[{"embeddable":true,"href":"https:\/\/bas-ip.com\/no\/wp-json\/wp\/v2\/users\/1"}],"replies":[{"embeddable":true,"href":"https:\/\/bas-ip.com\/no\/wp-json\/wp\/v2\/comments?post=133496"}],"version-history":[{"count":3,"href":"https:\/\/bas-ip.com\/no\/wp-json\/wp\/v2\/pages\/133496\/revisions"}],"predecessor-version":[{"id":133576,"href":"https:\/\/bas-ip.com\/no\/wp-json\/wp\/v2\/pages\/133496\/revisions\/133576"}],"wp:attachment":[{"href":"https:\/\/bas-ip.com\/no\/wp-json\/wp\/v2\/media?parent=133496"}],"curies":[{"name":"wp","href":"https:\/\/api.w.org\/{rel}","templated":true}]}}