{"id":133247,"date":"2023-03-27T09:04:54","date_gmt":"2023-03-27T09:04:54","guid":{"rendered":"https:\/\/bas-ip.com\/%d1%82%d1%8a%d1%80%d0%b3%d0%be%d0%b2%d1%81%d0%ba%d0%b8-%d0%bf%d1%80%d0%be%d0%bc%d0%b8%d1%88%d0%bb%d0%b5%d0%bd%d0%b8\/"},"modified":"2025-03-11T08:59:02","modified_gmt":"2025-03-11T08:59:02","slug":"commercial","status":"publish","type":"page","link":"https:\/\/bas-ip.com\/no\/kommersiell-industriell\/","title":{"rendered":"Kommersiell\/industriell"},"content":{"rendered":"<h1 class=\"wp-block-heading\"><strong>Revolutioner din arbeidsplass med bedriftsintercomsystemer<\/strong><\/h1>\n\n\n\n<p>Etter hvert som teknologien fortsetter \u00e5 utvikle seg, er det avgj\u00f8rende for bedrifter \u00e5 holde seg oppdatert med de nyeste fremskrittene. En slik utvikling er integreringen av bedriftsintercomsystemer, som gir forbedret sikkerhet og effektiv kommunikasjon for kontorer og n\u00e6ringseiendommer. BAS-IPs IP-intercomsystemer tilbyr en omfattende l\u00f8sning, med et mangfold av unike funksjoner som im\u00f8tekommer den moderne arbeidsplassen. Vi vil utforske fordelene ved \u00e5 ta i bruk et bedriftsintercomsystem og fordype oss i spesifikasjonene til BAS-IPs toppmoderne produkter.<\/p>\n\n\n\n<h2 class=\"wp-block-heading\"><strong>Hvorfor burde du velge BAS-IP for bedriftens intercomsystem?<\/strong><\/h2>\n\n\n\n<p>BAS-IP har v\u00e6rt en pioner innen utviklingen av avanserte intercomsystemer for bedrifter, og tilbyr et utvalg av innovative produkter designet for \u00e5 m\u00f8te kravene til moderne arbeidsplasser. Ved \u00e5 integrere banebrytende funksjoner og p\u00e5litelig maskinvare, sikrer BAS-IPs kommersielle intercomsystemer effektiv kommunikasjon og \u00f8kt sikkerhet for b\u00e5de kontorer og industrianlegg<\/p>\n\n\n<!-- START Block Features --><section id=\"block_642edd596eeb4\" class=\"features-section\">\r\n\t\r\n    <div class=\"features-list\">\r\n                    <div class=\"features-item\" data-aos=\"fade-up\">\r\n    <div class=\"features-box\">\r\n                    <div class=\"image-holder\">\r\n                <img loading=\"lazy\" decoding=\"async\" width=\"350\" height=\"320\" src=\"https:\/\/bas-ip.com\/wp-content\/uploads\/2023\/04\/1-350x320.jpg\" class=\"attachment-thumbnail_350x320 size-thumbnail_350x320\" alt=\"\" \/>            <\/div>\r\n        \r\n        <div class=\"text-holder\">\r\n                        <h3 class=\"title-block\">Fordelene med IP-intercomsystemer p\u00e5 arbeidsplassen.<\/h3>\r\n          \r\n                        <div class=\"text-block\">\r\n                <p>BAS-IPs IP-intercomsystemer tilbyr et bredt spekter av fordeler, inkludert s\u00f8ml\u00f8s integrasjon i eksisterende IP-lokalnettverk.<\/p>\n<p>Dette gj\u00f8r at ansatte enkelt kan f\u00e5 tilgang til intercomsystemet og \u00e5pne d\u00f8rer fra sine PC-er, noe som effektiviserer kommunikasjon og sikkerhet p\u00e5 kontoret.<\/p>\n<p>Videre gir den IP-baserte infrastrukturen mulighet for skalerbarhet og tilpasningsevne, noe som sikrer at bedriftens intercomsystem kan vokse og utvikle seg sammen med organisasjonen din.<\/p>\n              <\/div>\r\n                  <\/div>\r\n    <\/div>\r\n<\/div>\r\n                    <div class=\"features-item\" data-aos=\"fade-up\">\r\n    <div class=\"features-box\">\r\n                    <div class=\"image-holder\">\r\n                <img loading=\"lazy\" decoding=\"async\" width=\"350\" height=\"320\" src=\"https:\/\/bas-ip.com\/wp-content\/uploads\/2023\/04\/2-350x320.jpg\" class=\"attachment-thumbnail_350x320 size-thumbnail_350x320\" alt=\"Business intercom systems\" \/>            <\/div>\r\n        \r\n        <div class=\"text-holder\">\r\n                        <h3 class=\"title-block\">Maskinvarekomponenter av h\u00f8yeste kvalitet.<\/h3>\r\n          \r\n                        <div class=\"text-block\">\r\n                <p>Det beste bedriftsintercomsystemet fra BAS-IP best\u00e5r av AV-08FBL, AT-10 og BR-AT10. Disse komponentene samarbeider for \u00e5 levere enest\u00e5ende ytelse og brukeropplevelse, noe som gj\u00f8r dem ideelle for kontorer og n\u00e6ringseiendommer.<\/p>\n<p>AV-08FBL: Dette utend\u00f8rspanelet har et elegant design, innebygd kamera og RFID-leser, noe som sikrer sikker adgangskontroll og visuell identifikasjon av bes\u00f8kende.<\/p>\n<p>AT-10: Dette stilige innend\u00f8rs ber\u00f8ringspanelet tilbyr en h\u00f8yoppl\u00f8selig skjerm, intuitivt brukergrensesnitt og kompatibilitet med ulike smarthjem- og sikkerhetsenheter.<\/p>\n<p>BR-AT10: Denne multifunksjonelle skrivebordsbraketten forenkler enkel installasjon av AT-10-panelet p\u00e5 skrivebordet.<\/p>\n              <\/div>\r\n                  <\/div>\r\n    <\/div>\r\n<\/div>\r\n                    <div class=\"features-item\" data-aos=\"fade-up\">\r\n    <div class=\"features-box\">\r\n                    <div class=\"image-holder\">\r\n                <img loading=\"lazy\" decoding=\"async\" width=\"350\" height=\"320\" src=\"https:\/\/bas-ip.com\/wp-content\/uploads\/2023\/04\/3-350x320.jpg\" class=\"attachment-thumbnail_350x320 size-thumbnail_350x320\" alt=\"\" \/>            <\/div>\r\n        \r\n        <div class=\"text-holder\">\r\n                        <h3 class=\"title-block\">Solid kundest\u00f8tte og service<\/h3>\r\n          \r\n                        <div class=\"text-block\">\r\n                <p>BAS-IP er forpliktet til \u00e5 tilby eksepsjonell kundeservice, og tilbyr profesjonell assistanse og st\u00f8tte for sine produkter gjennom hele installasjonsprosessen og videre.<\/p>\n<p>V\u00e5rt kunnskapsrike supportteam kan hjelpe med feils\u00f8king av eventuelle problemer som m\u00e5tte oppst\u00e5, og sikre at bedriftens intercomsystem forblir funksjonelt og effektivt.<\/p>\n<p>Videre betyr v\u00e5r dedikasjon til kontinuerlig forskning og utvikling at BAS-IP-produkter vil fortsette \u00e5 forbedre seg, og gi din bedrift en intercoml\u00f8sning som holder seg i forkant n\u00e5r det gjelder teknologi og ytelse<\/p>\n              <\/div>\r\n                  <\/div>\r\n    <\/div>\r\n<\/div>\r\n            <\/div>\r\n<\/section>\r\n<!-- END Block Features -->\n\n\n<h2 class=\"wp-block-heading\"><strong>N\u00f8kkelfunksjoner for BAS-IPs bedriftsintercomsystemer<\/strong><\/h2>\n\n\n\n<p>BAS-IPs intercomsystemer for bedrifter kan skilte med en rekke unike funksjoner som skiller dem fra konkurrentene. Ved \u00e5 utnytte disse avanserte egenskapene, kan du forbedre effektiviteten, sikkerheten og den generelle funksjonaliteten p\u00e5 arbeidsplassen din<\/p>\n\n\n<!-- START Block Features --><section id=\"block_642edfc06eeba\" class=\"features-section\">\r\n\t\r\n    <div class=\"features-list\">\r\n                    <div class=\"features-item\" data-aos=\"fade-up\">\r\n    <div class=\"features-box\">\r\n                    <div class=\"image-holder\">\r\n                <img loading=\"lazy\" decoding=\"async\" width=\"350\" height=\"320\" src=\"https:\/\/bas-ip.com\/wp-content\/uploads\/2023\/04\/4-350x320.jpg\" class=\"attachment-thumbnail_350x320 size-thumbnail_350x320\" alt=\"\" \/>            <\/div>\r\n        \r\n        <div class=\"text-holder\">\r\n                        <h3 class=\"title-block\">Tr\u00e5dbundne intercomsystemer for bedrifter<\/h3>\r\n          \r\n                        <div class=\"text-block\">\r\n                <p>Selv om tr\u00e5dl\u00f8s teknologi fortsetter \u00e5 \u00f8ke i popularitet, tilbyr kablede intercomsystemer for bedrifter flere fordeler, inkludert \u00f8kt p\u00e5litelighet, redusert interferens og forbedret sikkerhet. BAS-IPs kablede intercomsystemer er designet for \u00e5 levere jevn ytelse, og sikrer s\u00f8ml\u00f8s kommunikasjon og adgangskontroll i ditt kontor eller din n\u00e6ringseiendom.<\/p>\n              <\/div>\r\n                  <\/div>\r\n    <\/div>\r\n<\/div>\r\n                    <div class=\"features-item\" data-aos=\"fade-up\">\r\n    <div class=\"features-box\">\r\n                    <div class=\"image-holder\">\r\n                <img loading=\"lazy\" decoding=\"async\" width=\"350\" height=\"320\" src=\"https:\/\/bas-ip.com\/wp-content\/uploads\/2023\/04\/5-1-350x320.jpg\" class=\"attachment-thumbnail_350x320 size-thumbnail_350x320\" alt=\"\" \/>            <\/div>\r\n        \r\n        <div class=\"text-holder\">\r\n                        <h3 class=\"title-block\">Integrasjon av skrivebordsintercom og kontorintercomsystemer<\/h3>\r\n          \r\n                        <div class=\"text-block\">\r\n                <p>BAS-IPs bedriftsintercomsystemer kan enkelt integreres i bordtelefoner og kontorintercomoppsett, noe som gj\u00f8r at ansatte kan kommunisere uanstrengt i arbeidsomr\u00e5det. Dette fremmer et samarbeidsmilj\u00f8 og sikrer at viktig informasjon kan formidles raskt og n\u00f8yaktig<\/p>\n              <\/div>\r\n                  <\/div>\r\n    <\/div>\r\n<\/div>\r\n                    <div class=\"features-item\" data-aos=\"fade-up\">\r\n    <div class=\"features-box\">\r\n                    <div class=\"image-holder\">\r\n                <img loading=\"lazy\" decoding=\"async\" width=\"350\" height=\"320\" src=\"https:\/\/bas-ip.com\/wp-content\/uploads\/2023\/04\/6-350x320.jpg\" class=\"attachment-thumbnail_350x320 size-thumbnail_350x320\" alt=\"\" \/>            <\/div>\r\n        \r\n        <div class=\"text-holder\">\r\n                        <h3 class=\"title-block\">Sammenkoblingsmuligheter for industrielle intercomsystemer<\/h3>\r\n          \r\n                        <div class=\"text-block\">\r\n                <p>For bedrifter som opererer i industrielle omgivelser, tilbyr BAS-IPs intercomsystemer robuste kommunikasjonsl\u00f8sninger designet for \u00e5 t\u00e5le t\u00f8ffe forhold. Ved \u00e5 implementere et p\u00e5litelig industrielt intercomsystem, kan du opprettholde effektiv kommunikasjon og sikker adgangskontroll selv i de mest utfordrende milj\u00f8ene.<\/p>\n              <\/div>\r\n                  <\/div>\r\n    <\/div>\r\n<\/div>\r\n            <\/div>\r\n<\/section>\r\n<!-- END Block Features -->\n\n<!-- START Block FAQ --><section id=\"block_64215db07ecd6\" class=\"faq-section\">\r\n\t\t    <h2 class=\"title-section\" data-aos=\"fade-right\">Sp\u00f8rsm\u00e5l og svar om intercomsystemer for bedrifter<\/h2>\r\n\t\t\t    <div class=\"faq-list js-accordion\" data-aos=\"fade-up\">\r\n\t\t\t\t\t\t\t\t\t\t\t    <div class=\"accordion-item faq-item\">\r\n                        <div class=\"accordion-opener\">\r\n                            Q: Hvordan kan et bedriftsintercomsystem forbedre kontorsikkerheten?                            <i class=\"fa-solid fa-chevron-down\"><\/i>\r\n                        <\/div>\r\n                        <div class=\"accordion-slide\">\r\n\t\t\t\t\t\t    <p>Ved \u00e5 inkludere funksjoner som videooverv\u00e5king, adgangskontroll og bes\u00f8ksidentifikasjon, bidrar bedriftsintercomsystemer til \u00e5 beskytte kontoret eller n\u00e6ringseiendommen din mot uautorisert adgang og potensielle trusler.<\/p>\n                        <\/div>\r\n\t\t\t\t\t<\/div>\r\n\t\t\t\t\t\t\t\t\t\t\t\t\t\t\t    <div class=\"accordion-item faq-item\">\r\n                        <div class=\"accordion-opener\">\r\n                            Q: Kan jeg integrere BAS-IPs intercomsystem i mitt eksisterende IP-lokalnettverk?                            <i class=\"fa-solid fa-chevron-down\"><\/i>\r\n                        <\/div>\r\n                        <div class=\"accordion-slide\">\r\n\t\t\t\t\t\t    <p>Ja, BAS-IPs intercomsystemer kan s\u00f8ml\u00f8st integreres i eksisterende IP-lokalnettverk, noe som gj\u00f8r at ansatte kan f\u00e5 tilgang til systemet og \u00e5pne d\u00f8rer fra sine PC-er og andre tilkoblede enheter. Dette forenkler kommunikasjon og adgangskontroll p\u00e5 arbeidsplassen din.<\/p>\n                        <\/div>\r\n\t\t\t\t\t<\/div>\r\n\t\t\t\t\t\t\t\t\t\t\t\t\t\t\t    <div class=\"accordion-item faq-item\">\r\n                        <div class=\"accordion-opener\">\r\n                            Q: Hva gj\u00f8r BAS-IPs kablede intercomsystemer til et bedre valg enn tr\u00e5dl\u00f8se alternativer?                            <i class=\"fa-solid fa-chevron-down\"><\/i>\r\n                        <\/div>\r\n                        <div class=\"accordion-slide\">\r\n\t\t\t\t\t\t    <p>Kablede intercomsystemer tilbyr \u00f8kt p\u00e5litelighet, redusert interferens og forbedret sikkerhet sammenlignet med tr\u00e5dl\u00f8se alternativer. BAS-IPs kablede intercomsystemer er designet for \u00e5 levere jevn ytelse, noe som gj\u00f8r dem ideelle for bedrifter som s\u00f8ker p\u00e5litelige kommunikasjonsl\u00f8sninger.<\/p>\n                        <\/div>\r\n\t\t\t\t\t<\/div>\r\n\t\t\t\t\t\t\t\t\t\t\t\t\t\t\t    <div class=\"accordion-item faq-item\">\r\n                        <div class=\"accordion-opener\">\r\n                            Q: Er BAS-IPs intercomsystemer egnet for industrielle milj\u00f8er?                            <i class=\"fa-solid fa-chevron-down\"><\/i>\r\n                        <\/div>\r\n                        <div class=\"accordion-slide\">\r\n\t\t\t\t\t\t    <p>Ja, BAS-IPs intercomsystemer er designet for \u00e5 v\u00e6re kompatible med industrielle omgivelser. Disse robuste systemene t\u00e5ler t\u00f8ffe forhold, og sikrer effektiv kommunikasjon og sikker adgangskontroll i ulike bransjer..<\/p>\n                        <\/div>\r\n\t\t\t\t\t<\/div>\r\n\t\t\t\t\t\t\t\t\t\t\t\t\t\t\t    <div class=\"accordion-item faq-item\">\r\n                        <div class=\"accordion-opener\">\r\n                            Q: Kan jeg bruke BAS-IPs intercomsystem til \u00e5 integrere med mine smarte kontorenheter?                            <i class=\"fa-solid fa-chevron-down\"><\/i>\r\n                        <\/div>\r\n                        <div class=\"accordion-slide\">\r\n\t\t\t\t\t\t    <p>Ja, BAS-IPs intercomsystemer er designet for \u00e5 v\u00e6re kompatible med en rekke smarte kontorenheter, som lys- og klimakontrollsystemer. Dette muliggj\u00f8r s\u00f8ml\u00f8s integrasjon og forbedret total funksjonalitet p\u00e5 arbeidsplassen din.<\/p>\n                        <\/div>\r\n\t\t\t\t\t<\/div>\r\n\t\t\t\t\t\t\t\t\t<\/div>\r\n\t<\/section>\r\n<!-- END Block FAQ -->\n\n\n<p>I dagens fartsfylte forretningsverden er effektiv kommunikasjon og robuste sikkerhetstiltak avgj\u00f8rende. BAS-IPs bedriftsintercomsystemer tilbyr en omfattende l\u00f8sning som kombinerer banebrytende funksjoner, p\u00e5litelig maskinvare og s\u00f8ml\u00f8s integrasjon med eksisterende IP-lokalnettverk. Ved \u00e5 implementere et BAS-IP intercomsystem for ditt kontor eller din n\u00e6ringseiendom, kan du forbedre kommunikasjon, sikkerhet og den generelle funksjonaliteten p\u00e5 arbeidsplassen. Opplev fordelene med et intercomsystem i verdensklasse og revolusjoner arbeidsplassen din med BAS-IPs innovative intercoml\u00f8sninger. Utforsk mulighetene for effektiv kommunikasjon, avansert sikkerhet og s\u00f8ml\u00f8s integrasjon som kan styrke bedriften din til \u00e5 trives i en stadig mer sammenkoblet verden.<\/p>","protected":false},"excerpt":{"rendered":"<p>Revolutioner din arbeidsplass med bedriftsintercomsystemer Etter hvert som teknologien fortsetter \u00e5 utvikle seg, er det avgj\u00f8rende for bedrifter \u00e5 holde seg oppdatert med de nyeste fremskrittene. En slik utvikling er integreringen av bedriftsintercomsystemer, som gir forbedret sikkerhet og effektiv kommunikasjon for kontorer og n\u00e6ringseiendommer. BAS-IPs IP-intercomsystemer tilbyr en omfattende l\u00f8sning, med et mangfold av unike [&hellip;]<\/p>","protected":false},"author":1,"featured_media":0,"parent":0,"menu_order":0,"comment_status":"closed","ping_status":"closed","template":"","meta":{"inline_featured_image":false,"footnotes":""},"class_list":["post-133247","page","type-page","status-publish","hentry"],"acf":[],"_links":{"self":[{"href":"https:\/\/bas-ip.com\/no\/wp-json\/wp\/v2\/pages\/133247","targetHints":{"allow":["GET"]}}],"collection":[{"href":"https:\/\/bas-ip.com\/no\/wp-json\/wp\/v2\/pages"}],"about":[{"href":"https:\/\/bas-ip.com\/no\/wp-json\/wp\/v2\/types\/page"}],"author":[{"embeddable":true,"href":"https:\/\/bas-ip.com\/no\/wp-json\/wp\/v2\/users\/1"}],"replies":[{"embeddable":true,"href":"https:\/\/bas-ip.com\/no\/wp-json\/wp\/v2\/comments?post=133247"}],"version-history":[{"count":6,"href":"https:\/\/bas-ip.com\/no\/wp-json\/wp\/v2\/pages\/133247\/revisions"}],"predecessor-version":[{"id":133355,"href":"https:\/\/bas-ip.com\/no\/wp-json\/wp\/v2\/pages\/133247\/revisions\/133355"}],"wp:attachment":[{"href":"https:\/\/bas-ip.com\/no\/wp-json\/wp\/v2\/media?parent=133247"}],"curies":[{"name":"wp","href":"https:\/\/api.w.org\/{rel}","templated":true}]}}