{"id":133087,"date":"2023-03-28T17:03:55","date_gmt":"2023-03-28T17:03:55","guid":{"rendered":"https:\/\/bas-ip.com\/case-studies\/"},"modified":"2025-03-07T08:52:43","modified_gmt":"2025-03-07T08:52:43","slug":"case-studies","status":"publish","type":"page","link":"https:\/\/bas-ip.com\/no\/case-studies\/","title":{"rendered":"L\u00f8sninger"},"content":{"rendered":"<h1 class=\"wp-block-heading\"><strong>Intercoml\u00f8sninger<\/strong><\/h1>\n\n\n\n<p>BAS-IP er ledende innen levering av toppmoderne intercoml\u00f8sninger til forskjellige bransjer, og tilbyr eksepsjonelle sikkerhets- og kommunikasjonsopplevelser. I denne artikkelen utforsker vi seks overbevisende intercom-casestudier som demonstrerer allsidigheten og effektiviteten til BAS-IPs produkter i forskjellige milj\u00f8er. Fra flerboligbygg til sykehusfasiliteter, belyser disse casestudiene den transformative kraften til BAS-IPs intercomsystemer.<\/p>\n\n\n<!-- START Block Info 3 Columns with links --><section id=\"block_6437b6d9794a8\" class=\"info-columns-section\">\r\n   <div class=\"column-list\">\r\n                        <div class=\"column-item\" data-aos=\"fade-up\" data-aos-delay=\"100\">\r\n                  <div class=\"image-block\">\r\n            <a href=\"\/building-intercom-system\/\">\r\n               <img loading=\"lazy\" decoding=\"async\" width=\"320\" height=\"232\" src=\"https:\/\/bas-ip.com\/wp-content\/uploads\/2023\/04\/1-5.jpg\" class=\"attachment-thumbnail_345x250 size-thumbnail_345x250\" alt=\"\" srcset=\"https:\/\/bas-ip.com\/wp-content\/uploads\/2023\/04\/1-5.jpg 320w,  https:\/\/bas-ip.com\/wp-content\/uploads\/2023\/04\/1-5-300x218.jpg 300w\" sizes=\"auto, (max-width: 320px) 100vw, 320px\" \/><\/a>\r\n         <\/div>\r\n         \r\n                  <a href=\"\/building-intercom-system\/\">\r\n            <h3 class=\"title-section\">Flerboligbygg: En s\u00f8ml\u00f8s boopplevelse<\/h3>\r\n         <\/a>\r\n                           <div class=\"text-block\">\r\n            <p>BAS-IPs intercoml\u00f8sninger har revolusjonert m\u00e5ten beboere samhandler med sitt bomilj\u00f8. I et flerboligbygg har implementeringen av BAS-IP intercomsystemet ikke bare forbedret sikkerheten, men ogs\u00e5 lagt til rette for s\u00f8ml\u00f8s kommunikasjon mellom leietakere, bes\u00f8kende og bygningsadministrasjonen. Systemets brukervennlige grensesnitt og integrasjon med smarthusteknologi ga beboerne et nytt niv\u00e5 av bekvemmelighet og tilgjengelighet, og hevet deres boopplevelse.<\/p>\n         <\/div>\r\n               <\/div>\r\n                              <div class=\"column-item\" data-aos=\"fade-up\" data-aos-delay=\"200\">\r\n                  <div class=\"image-block\">\r\n            <a href=\"\/business-intercom-systems-for-office\/\">\r\n               <img loading=\"lazy\" decoding=\"async\" width=\"320\" height=\"232\" src=\"https:\/\/bas-ip.com\/wp-content\/uploads\/2023\/04\/2-5.jpg\" class=\"attachment-thumbnail_345x250 size-thumbnail_345x250\" alt=\"\" srcset=\"https:\/\/bas-ip.com\/wp-content\/uploads\/2023\/04\/2-5.jpg 320w,  https:\/\/bas-ip.com\/wp-content\/uploads\/2023\/04\/2-5-300x218.jpg 300w\" sizes=\"auto, (max-width: 320px) 100vw, 320px\" \/><\/a>\r\n         <\/div>\r\n         \r\n                  <a href=\"\/business-intercom-systems-for-office\/\">\r\n            <h3 class=\"title-section\">Kommersielt: Str\u00f8mlinjeforming av drift og sikkerhet<\/h3>\r\n         <\/a>\r\n                           <div class=\"text-block\">\r\n            <p>I et kommersielt eller industrielt milj\u00f8 er effektiv kommunikasjon og sikkerhet avgj\u00f8rende for en smidig drift. BAS-IPs intercoml\u00f8sninger spilte en sentral rolle i \u00e5 forbedre arbeidsflyten og sikkerhetstiltakene i et stort produksjonsanlegg. Ved \u00e5 integrere intercomsystemet med adgangskontroll, videooverv\u00e5king og funksjoner for n\u00f8dhjelp, opplevde anlegget en betydelig forbedring i kommunikasjon og generell sikkerhet.<\/p>\n         <\/div>\r\n               <\/div>\r\n                              <div class=\"column-item\" data-aos=\"fade-up\" data-aos-delay=\"300\">\r\n                  <div class=\"image-block\">\r\n            <a href=\"\/intercom-systems-for-home-and-house\/\">\r\n               <img loading=\"lazy\" decoding=\"async\" width=\"320\" height=\"232\" src=\"https:\/\/bas-ip.com\/wp-content\/uploads\/2023\/04\/3-5.jpg\" class=\"attachment-thumbnail_345x250 size-thumbnail_345x250\" alt=\"\" srcset=\"https:\/\/bas-ip.com\/wp-content\/uploads\/2023\/04\/3-5.jpg 320w,  https:\/\/bas-ip.com\/wp-content\/uploads\/2023\/04\/3-5-300x218.jpg 300w\" sizes=\"auto, (max-width: 320px) 100vw, 320px\" \/><\/a>\r\n         <\/div>\r\n         \r\n                  <a href=\"\/intercom-systems-for-home-and-house\/\">\r\n            <h3 class=\"title-section\">Hjem: Forbedring av sikkerhet og tilkobling<\/h3>\r\n         <\/a>\r\n                           <div class=\"text-block\">\r\n            <p>Ettersom huseiere i \u00f8kende grad prioriterer sikkerhet og smarthusteknologi, har BAS-IPs intercoml\u00f8sninger blitt et popul\u00e6rt valg. I et forstadshjem \u00f8kte installasjonen av et BAS-IP intercomsystem ikke bare sikkerheten, men forbedret ogs\u00e5 tilkoblingen med familiemedlemmer og gjester. Det intuitive grensesnittet og kompatibiliteten med smarttelefoner tillot huseierne \u00e5 overv\u00e5ke eiendommen sin og kommunisere uanstrengt, noe som skapte et trygt og tilkoblet bomilj\u00f8.<\/p>\n         <\/div>\r\n               <\/div>\r\n                              <div class=\"column-item\" data-aos=\"fade-up\" data-aos-delay=\"400\">\r\n                  <div class=\"image-block\">\r\n            <a href=\"\/medical-hospital-intercom-system\/\">\r\n               <img loading=\"lazy\" decoding=\"async\" width=\"320\" height=\"232\" src=\"https:\/\/bas-ip.com\/wp-content\/uploads\/2023\/04\/4-5.jpg\" class=\"attachment-thumbnail_345x250 size-thumbnail_345x250\" alt=\"\" srcset=\"https:\/\/bas-ip.com\/wp-content\/uploads\/2023\/04\/4-5.jpg 320w,  https:\/\/bas-ip.com\/wp-content\/uploads\/2023\/04\/4-5-300x218.jpg 300w\" sizes=\"auto, (max-width: 320px) 100vw, 320px\" \/><\/a>\r\n         <\/div>\r\n         \r\n                  <a href=\"\/medical-hospital-intercom-system\/\">\r\n            <h3 class=\"title-section\">Sykehus: Forsterkning av pasientomsorg og sikkerhet<\/h3>\r\n         <\/a>\r\n                           <div class=\"text-block\">\r\n            <p>Sykehus og medisinske fasiliteter krever avanserte kommunikasjonssystemer for \u00e5 sikre effektiv pasientomsorg og sikkerhet. P\u00e5 et toppmoderne sykehus ble BAS-IPs intercoml\u00f8sninger tatt i bruk for \u00e5 str\u00f8mlinjeforme kommunikasjonen mellom medisinsk personell, pasienter og bes\u00f8kende. Systemet la til rette for rask respons p\u00e5 n\u00f8dsituasjoner, forbedret pasientpersonvern og \u00f8kte den generelle sykehussikkerheten. Integrasjonen av BAS-IP intercomsystemet viste seg \u00e5 v\u00e6re en banebrytende l\u00f8sning for \u00e5 levere eksepsjonell pasientomsorg.<\/p>\n         <\/div>\r\n               <\/div>\r\n                              <div class=\"column-item\" data-aos=\"fade-up\" data-aos-delay=\"500\">\r\n                  <div class=\"image-block\">\r\n            <a href=\"\/intercom-systems-for-schools\/\">\r\n               <img loading=\"lazy\" decoding=\"async\" width=\"320\" height=\"232\" src=\"https:\/\/bas-ip.com\/wp-content\/uploads\/2023\/04\/5-5.jpg\" class=\"attachment-thumbnail_345x250 size-thumbnail_345x250\" alt=\"\" srcset=\"https:\/\/bas-ip.com\/wp-content\/uploads\/2023\/04\/5-5.jpg 320w,  https:\/\/bas-ip.com\/wp-content\/uploads\/2023\/04\/5-5-300x218.jpg 300w\" sizes=\"auto, (max-width: 320px) 100vw, 320px\" \/><\/a>\r\n         <\/div>\r\n         \r\n                  <a href=\"\/intercom-systems-for-schools\/\">\r\n            <h3 class=\"title-section\">Skole: Fremme et trygt l\u00e6ringsmilj\u00f8<\/h3>\r\n         <\/a>\r\n                           <div class=\"text-block\">\r\n            <p>Utdanningsinstitusjoner trenger robuste sikkerhets- og kommunikasjonssystemer for \u00e5 beskytte elever og ansatte. I en progressiv skole var BAS-IPs intercoml\u00f8sninger avgj\u00f8rende for \u00e5 skape et trygt l\u00e6ringsmilj\u00f8. Systemet muliggjorde s\u00f8ml\u00f8s kommunikasjon mellom klasserom, administrative kontorer og eksterne bes\u00f8kende, og sikret sikkerheten til elever og ansatte. I tillegg forbedret integrasjonen av intercomsystemet med adgangskontroll og videooverv\u00e5kingsfunksjoner skolens generelle sikkerhet betydelig.<\/p>\n         <\/div>\r\n               <\/div>\r\n                              <div class=\"column-item\" data-aos=\"fade-up\" data-aos-delay=\"600\">\r\n                  <div class=\"image-block\">\r\n            <a href=\"\/gate-intercom-system\/\">\r\n               <img loading=\"lazy\" decoding=\"async\" width=\"320\" height=\"232\" src=\"https:\/\/bas-ip.com\/wp-content\/uploads\/2023\/04\/6-4.jpg\" class=\"attachment-thumbnail_345x250 size-thumbnail_345x250\" alt=\"\" srcset=\"https:\/\/bas-ip.com\/wp-content\/uploads\/2023\/04\/6-4.jpg 320w,  https:\/\/bas-ip.com\/wp-content\/uploads\/2023\/04\/6-4-300x218.jpg 300w\" sizes=\"auto, (max-width: 320px) 100vw, 320px\" \/><\/a>\r\n         <\/div>\r\n         \r\n                  <a href=\"\/gate-intercom-system\/\">\r\n            <h3 class=\"title-section\">Porter: Forsterkning av perimetersikkerhet<\/h3>\r\n         <\/a>\r\n                           <div class=\"text-block\">\r\n            <p>Portsikkerhet er avgj\u00f8rende for \u00e5 beskytte eiendom og opprettholde personvern. I et eksklusivt boligomr\u00e5de ble BAS-IP intercoml\u00f8sninger implementert for \u00e5 styrke perimetersikkerheten. Systemet gjorde det mulig for beboerne \u00e5 fjernstyre tilgang for bes\u00f8kende, og integrasjonen med videooverv\u00e5king muliggjorde s\u00f8ml\u00f8s overv\u00e5king av omr\u00e5dets inn- og utganger. Denne avanserte intercoml\u00f8sningen bidro til en \u00f8kt f\u00f8lelse av sikkerhet og trygghet for beboerne.<\/p>\n         <\/div>\r\n               <\/div>\r\n                     <\/div>\r\n<\/section>\r\n<!-- END Block Info 3 Columns with links -->\n\n\n<p>Disse intercom-casestudiene viser den bemerkelsesverdige allsidigheten og effektiviteten til BAS-IPs intercoml\u00f8sninger i ulike sektorer. Fra boligomr\u00e5der til sykehus har implementeringen av BAS-IP intercomsystemer transformert kommunikasjon, sikkerhet og den generelle brukeropplevelsen. Ettersom teknologien fortsetter \u00e5 utvikle seg, er BAS-IP fortsatt forpliktet til \u00e5 tilby innovative og overlegne intercoml\u00f8sninger som im\u00f8tekommer de stadig skiftende behovene til ulike bransjer.<\/p>\n\n\n<!-- START Block FAQ --><section id=\"block_64231e53deae2\" class=\"faq-section\">\r\n\t\t    <h2 class=\"title-section\" data-aos=\"fade-right\">Ofte stilte sp\u00f8rsm\u00e5l<\/h2>\r\n\t\t\t    <div class=\"faq-list js-accordion\" data-aos=\"fade-up\">\r\n\t\t\t\t\t\t\t\t\t\t\t    <div class=\"accordion-item faq-item\">\r\n                        <div class=\"accordion-opener\">\r\n                            Q: Hvordan sikrer BAS-IP sikkerheten og p\u00e5liteligheten til sine intercoml\u00f8sninger?                            <i class=\"fa-solid fa-chevron-down\"><\/i>\r\n                        <\/div>\r\n                        <div class=\"accordion-slide\">\r\n\t\t\t\t\t\t    <p>BAS-IP bruker avanserte krypteringsprotokoller og robust maskinvare for \u00e5 sikre sikkerheten og p\u00e5liteligheten til sine intercomsystemer. Denne forpliktelsen til \u00e5 levere toppmoderne teknologi har gjort BAS-IP til et p\u00e5litelig valg for ulike bransjer over hele verden.<\/p>\n                        <\/div>\r\n\t\t\t\t\t<\/div>\r\n\t\t\t\t\t\t\t\t\t\t\t\t\t\t\t    <div class=\"accordion-item faq-item\">\r\n                        <div class=\"accordion-opener\">\r\n                            Q: Hvordan bidrar BAS-IP intercoml\u00f8sninger til energieffektivitet?                            <i class=\"fa-solid fa-chevron-down\"><\/i>\r\n                        <\/div>\r\n                        <div class=\"accordion-slide\">\r\n\t\t\t\t\t\t    <p>BAS-IP intercomsystemer er konstruert med energieffektivitet i tankene. Ved \u00e5 integrere funksjoner som bevegelsesaktivert belysning, smart klimakontroll og str\u00f8msparende standby-moduser, bidrar BAS-IP intercoml\u00f8sninger til et gr\u00f8nnere og mer b\u00e6rekraftig milj\u00f8.<\/p>\n                        <\/div>\r\n\t\t\t\t\t<\/div>\r\n\t\t\t\t\t\t\t\t\t\t\t\t\t\t\t    <div class=\"accordion-item faq-item\">\r\n                        <div class=\"accordion-opener\">\r\n                            Q: Hva slags st\u00f8tte tilbyr BAS-IP for sine intercoml\u00f8sninger?                            <i class=\"fa-solid fa-chevron-down\"><\/i>\r\n                        <\/div>\r\n                        <div class=\"accordion-slide\">\r\n\t\t\t\t\t\t    <p>BAS-IP er forpliktet til \u00e5 yte eksepsjonell kundest\u00f8tte, og tilbyr omfattende teknisk assistanse og ressurser for \u00e5 sikre en smidig implementering og drift av sine intercomsystemer. Dette engasjementet for kundetilfredshet har gitt BAS-IP et str\u00e5lende rykte i bransjen.<\/p>\n                        <\/div>\r\n\t\t\t\t\t<\/div>\r\n\t\t\t\t\t\t\t\t\t<\/div>\r\n\t<\/section>\r\n<!-- END Block FAQ -->","protected":false},"excerpt":{"rendered":"<p>Intercoml\u00f8sninger BAS-IP er ledende innen levering av toppmoderne intercoml\u00f8sninger til forskjellige bransjer, og tilbyr eksepsjonelle sikkerhets- og kommunikasjonsopplevelser. I denne artikkelen utforsker vi seks overbevisende intercom-casestudier som demonstrerer allsidigheten og effektiviteten til BAS-IPs produkter i forskjellige milj\u00f8er. Fra flerboligbygg til sykehusfasiliteter, belyser disse casestudiene den transformative kraften til BAS-IPs intercomsystemer. Disse intercom-casestudiene viser den bemerkelsesverdige [&hellip;]<\/p>","protected":false},"author":1,"featured_media":0,"parent":0,"menu_order":0,"comment_status":"closed","ping_status":"closed","template":"","meta":{"inline_featured_image":false,"footnotes":""},"class_list":["post-133087","page","type-page","status-publish","hentry"],"acf":[],"_links":{"self":[{"href":"https:\/\/bas-ip.com\/no\/wp-json\/wp\/v2\/pages\/133087","targetHints":{"allow":["GET"]}}],"collection":[{"href":"https:\/\/bas-ip.com\/no\/wp-json\/wp\/v2\/pages"}],"about":[{"href":"https:\/\/bas-ip.com\/no\/wp-json\/wp\/v2\/types\/page"}],"author":[{"embeddable":true,"href":"https:\/\/bas-ip.com\/no\/wp-json\/wp\/v2\/users\/1"}],"replies":[{"embeddable":true,"href":"https:\/\/bas-ip.com\/no\/wp-json\/wp\/v2\/comments?post=133087"}],"version-history":[{"count":3,"href":"https:\/\/bas-ip.com\/no\/wp-json\/wp\/v2\/pages\/133087\/revisions"}],"predecessor-version":[{"id":133185,"href":"https:\/\/bas-ip.com\/no\/wp-json\/wp\/v2\/pages\/133087\/revisions\/133185"}],"wp:attachment":[{"href":"https:\/\/bas-ip.com\/no\/wp-json\/wp\/v2\/media?parent=133087"}],"curies":[{"name":"wp","href":"https:\/\/api.w.org\/{rel}","templated":true}]}}