{"id":131233,"date":"2025-02-19T15:47:09","date_gmt":"2025-02-19T15:47:09","guid":{"rendered":"https:\/\/bas-ip.com\/intercom-migration-to-link\/"},"modified":"2025-02-25T11:06:38","modified_gmt":"2025-02-25T11:06:38","slug":"intercom-migration-to-link","status":"publish","type":"page","link":"https:\/\/bas-ip.com\/no\/intercom-migration-to-link\/","title":{"rendered":"Interkom-migrasjon til Link"},"content":{"rendered":"<h2 data-sourcepos=\"1:1-1:54\">Intercom flytter til Link: Hva betyr dette for deg?<\/h2>\n<p data-sourcepos=\"3:1-3:294\">Fra 4. mars 2025 vil ikke Intercom-appen for Android lenger v\u00e6re tilgjengelig i Google Play Store. Nettversjonen og iOS-appen vil imidlertid fortsette \u00e5 fungere uten endringer, og Intercom-servere vil forbli aktive for \u00e5 sikre stabilitet og tilgang til dataene dine til serverst\u00f8tten avsluttes.<\/p>\n<p data-sourcepos=\"5:1-5:218\">Vi inviterer deg til \u00e5 g\u00e5 over til Link \u2013 en kraftig l\u00f8sning designet for din bekvemmelighet. Plattformen tilbyr avanserte administrasjonsmuligheter, h\u00f8y stabilitet og sikkerhet som m\u00f8ter de nyeste industristandardene.<\/p>\n<p data-sourcepos=\"7:1-7:169\">Vi forst\u00e5r at denne endringen kan reise sp\u00f8rsm\u00e5l, s\u00e5 vi har utarbeidet detaljerte instruksjoner og omfattende st\u00f8tte for \u00e5 gj\u00f8re overgangen s\u00e5 smidig og enkel som mulig.<\/p>\n<h2 data-sourcepos=\"9:1-9:35\">Hvorfor gj\u00f8r vi denne endringen?<\/h2>\n<p data-sourcepos=\"11:1-11:378\">V\u00e5r beslutning om \u00e5 g\u00e5 over til Link er drevet av behovet for \u00e5 gi deg bedre servicekvalitet og moderne verkt\u00f8y for enhetsadministrasjon. Intercom-appen for Android er utdatert og oppfyller ikke lenger dagens krav. I stedet for \u00e5 oppdatere den gamle plattformen, valgte vi \u00e5 utvikle en kraftigere og mer brukervennlig l\u00f8sning som vil sette en ny standard for din bekvemmelighet.<\/p>\n<h2 data-sourcepos=\"13:1-13:15\">Hva er Link?<\/h2>\n<p data-sourcepos=\"15:1-15:213\">Link er en plattform designet for de som verdsetter bekvemmelighet og p\u00e5litelighet. Den erstatter Intercom og tilbyr flere funksjoner, et forbedret design og langsiktig st\u00f8tte. Her er hva du kan forvente fra Link:<\/p>\n<ul data-sourcepos=\"17:1-21:0\">\n<li data-sourcepos=\"17:1-17:95\"><strong>Redesignet grensesnitt:<\/strong> En enkel og intuitiv design laget for en s\u00f8ml\u00f8s brukeropplevelse.<\/li>\n<li data-sourcepos=\"18:1-18:119\"><strong>St\u00f8tte for moderne enheter:<\/strong> Link er kompatibel med de nyeste operativsystemene og integreres med nye teknologier.<\/li>\n<li data-sourcepos=\"19:1-19:130\"><strong>Avanserte funksjoner:<\/strong> Tilgangsstyring, sikkerhet og fleksibel enhetskonfigurasjon \u2013 alt tilgjengelig p\u00e5 den nye plattformen.<\/li>\n<li data-sourcepos=\"20:1-21:0\"><strong>Stabilitet og p\u00e5litelighet:<\/strong> Bygget for \u00e5 h\u00e5ndtere h\u00f8y belastning, og sikrer uavbrutt ytelse.<\/li>\n<\/ul>\n<h2 data-sourcepos=\"22:1-22:33\">Hvordan vil overgangen foreg\u00e5?<\/h2>\n<p data-sourcepos=\"24:1-24:345\">Vi har gjort overgangsprosessen s\u00e5 s\u00f8ml\u00f8s som mulig. Aktive Intercom-kontoer vil automatisk bli migrert til Link-plattformen, og brukere vil motta Basic-versjonslisenser som tilsvarer antall SIP-numre p\u00e5 kontoen sin. Prosessen er utformet for \u00e5 minimere potensielle problemer og samtidig sikre tilgang til alle tilgjengelige plattformfunksjoner.<\/p>\n<p data-sourcepos=\"26:1-26:44\">For eiendomseiere vil overgangen v\u00e6re enkel:<\/p>\n<ol data-sourcepos=\"28:1-30:0\">\n<li data-sourcepos=\"28:1-28:63\">Sett opp kontoen din og koble intercom-enheter til serveren.<\/li>\n<li data-sourcepos=\"29:1-30:0\">Fyll ut en tabell med beboerinformasjon og last den opp til systemet.<\/li>\n<\/ol>\n<p data-sourcepos=\"31:1-31:144\">Systemet vil h\u00e5ndtere resten: det vil opprette brukerkontoer, sende ut invitasjoner, konfigurere intercom-enheter og gi tilgang til plattformen.<\/p>\n<p data-sourcepos=\"33:1-33:121\">Beboere trenger bare \u00e5 fullf\u00f8re registreringen via invitasjonen \u2013 og de kan begynne \u00e5 bruke det nye systemet med en gang.<\/p>\n<h2 data-sourcepos=\"35:1-35:29\">Hva plattformen vil gj\u00f8re:<\/h2>\n<ul data-sourcepos=\"37:1-40:0\">\n<li data-sourcepos=\"37:1-37:80\">Automatisk koble brukerkontoer til enhetene deres og gi tilgang til tjenesten.<\/li>\n<li data-sourcepos=\"38:1-38:88\">Konfigurere intercom-integrasjon, inkludert synkronisering av telefonbok om n\u00f8dvendig.<\/li>\n<li data-sourcepos=\"39:1-40:0\">Behandle data og utstede Basic-versjonslisenser for Link.<\/li>\n<\/ul>\n<p data-sourcepos=\"41:1-41:177\">For mer komplekse tilfeller, for eksempel arbeid med eldre enheter eller manuell overf\u00f8ring av data, har vi utviklet verkt\u00f8y for \u00e5 hjelpe partnere med \u00e5 effektivisere prosessen.<\/p>\n<h2 data-sourcepos=\"43:1-43:28\">Hva er fordelene for deg?<\/h2>\n<p data-sourcepos=\"45:1-45:104\">For \u00e5 gj\u00f8re overgangen s\u00e5 gunstig som mulig, tilbyr Link-plattformen et bredt spekter av nye funksjoner:<\/p>\n<p data-sourcepos=\"47:1-47:20\"><strong>Tilgangsstyring:<\/strong><\/p>\n<ul data-sourcepos=\"49:1-50:0\">\n<li data-sourcepos=\"49:1-50:0\">Full kontroll over bygningstilgang via mobilappen, inkludert fjern\u00e5pning av d\u00f8rer og administrasjon av gjestetilgang.<\/li>\n<\/ul>\n<p data-sourcepos=\"51:1-51:38\"><strong>Forbedrede interaksjonsmuligheter:<\/strong><\/p>\n<ul data-sourcepos=\"53:1-54:0\">\n<li data-sourcepos=\"53:1-54:0\">Integrasjon med moderne enheter som Apple Watch og Siri, administrasjon av familiearrangementer og rombooking gjennom plattformen.<\/li>\n<\/ul>\n<p data-sourcepos=\"55:1-55:26\"><strong>Logging og overv\u00e5king:<\/strong><\/p>\n<ul data-sourcepos=\"57:1-58:0\">\n<li data-sourcepos=\"57:1-58:0\">Se samtalehistorikk, tilgangslogger og administrer tidsplaner og begrensninger.<\/li>\n<\/ul>\n<p data-sourcepos=\"59:1-59:30\"><strong>Modularitet og tilpasning:<\/strong><\/p>\n<ul data-sourcepos=\"61:1-62:0\">\n<li data-sourcepos=\"61:1-62:0\">Opprett omr\u00e5der for bolig- og n\u00e6ringseiendommer, konfigurer fleksible viderekoblingsregler og administrer telefonkataloger.<\/li>\n<\/ul>\n<p data-sourcepos=\"63:1-63:33\"><strong>Avanserte telefonifunksjoner:<\/strong><\/p>\n<ul data-sourcepos=\"65:1-66:0\">\n<li data-sourcepos=\"65:1-66:0\">St\u00f8tte for SIP-trunker, virtuelle numre og softphone-funksjonalitet for s\u00f8ml\u00f8s kommunikasjon.<\/li>\n<\/ul>\n<p data-sourcepos=\"67:1-67:22\"><strong>Sikkerhetsverkt\u00f8y:<\/strong><\/p>\n<ul data-sourcepos=\"69:1-70:0\">\n<li data-sourcepos=\"69:1-70:0\">Integrasjon med n\u00f8danropsenheter, heistilgangsstyring og kontroll over begrensede omr\u00e5der.<\/li>\n<\/ul>\n<h2 data-sourcepos=\"71:1-71:30\">Hvordan varsler vi brukere?<\/h2>\n<p data-sourcepos=\"73:1-73:85\">Vi har forberedt en rekke varsler for \u00e5 veilede deg gjennom hvert trinn i overgangen:<\/p>\n<ul data-sourcepos=\"75:1-79:0\">\n<li data-sourcepos=\"75:1-75:149\"><strong>Informasjons-e-poster:<\/strong> Du vil motta e-poster som beskriver endringene, overgangstidsplanen, Link-fordeler og trinnvise migreringsinstruksjoner.<\/li>\n<li data-sourcepos=\"76:1-76:137\"><strong>Registreringsinvitasjoner:<\/strong> Etter datamigrering vil du motta en invitasjon til \u00e5 fullf\u00f8re registreringen din p\u00e5 den nye plattformen.<\/li>\n<li data-sourcepos=\"77:1-77:135\"><strong>P\u00e5minnelser:<\/strong> Om n\u00f8dvendig sender vi p\u00e5minnelser for \u00e5 sikre at du fullf\u00f8rer oppsettet og begynner \u00e5 bruke Link uten forsinkelser.<\/li>\n<li data-sourcepos=\"78:1-79:0\"><strong>Brukerst\u00f8tte:<\/strong> V\u00e5rt team vil v\u00e6re tilgjengelig for \u00e5 svare p\u00e5 sp\u00f8rsm\u00e5lene dine via e-post og andre supportkanaler.<\/li>\n<\/ul>\n<h2 data-sourcepos=\"80:1-80:58\">Migrering fra Intercom til Link: En trinnvis veiledning<\/h2>\n<p data-sourcepos=\"82:1-82:285\">For \u00e5 sikre en smidig overgang, vil du motta en invitasjon til \u00e5 bli med p\u00e5 den nye Link-serveren mellom 20. og 25. februar. Denne invitasjonen vil bli sendt til e-postadressen du brukte til \u00e5 registrere deg hos Intercom. Sjekk innboksen din (og spam-mappen) i l\u00f8pet av denne perioden.<\/p>\n<h2 data-sourcepos=\"84:1-84:22\">Kom i gang med Link<\/h2>\n<ol data-sourcepos=\"86:1-90:0\">\n<li data-sourcepos=\"86:1-86:101\"><strong>Godta invitasjonen:<\/strong> Klikk p\u00e5 lenken i invitasjons-e-posten for \u00e5 f\u00e5 tilgang til Link-serveren.<\/li>\n<li data-sourcepos=\"87:1-87:91\"><strong>Opprett et passord:<\/strong> Du blir bedt om \u00e5 opprette et nytt passord for Link-kontoen din.<\/li>\n<li data-sourcepos=\"88:1-88:150\"><strong>Logg inn:<\/strong> N\u00e5r du har opprettet passordet ditt, kan du logge inn p\u00e5 Link-serveren ved \u00e5 bruke din registrerte e-postadresse og ditt nye passord.<\/li>\n<li data-sourcepos=\"89:1-90:0\"><strong>F\u00f8lg installasjonsinstruksjonene:<\/strong> Etter at du har logget inn, blir du veiledet gjennom installasjonsprosessen. Instruksjonene vil variere avhengig av brukertype og utstyr.<\/li>\n<\/ol>\n<h2 data-sourcepos=\"91:1-91:33\">Brukerspesifikke instruksjoner<\/h2>\n<p data-sourcepos=\"93:1-93:120\">For \u00e5 gj\u00f8re migreringsprosessen s\u00e5 enkel som mulig, har vi gitt detaljerte instruksjoner for forskjellige brukergrupper:<\/p>\n<p data-sourcepos=\"95:1-95:13\"><strong>Partnere<\/strong><strong style=\"font-size: revert; color: initial;\">:<\/strong><\/p>\n<div id=\"model-response-message-contentr_7cc64dd4d44cdcb4\" class=\"markdown markdown-main-panel\" dir=\"ltr\">\n<ul>\n<li><a href=\"https:\/\/basip.atlassian.net\/wiki\/spaces\/migrationtothelink\/pages\/354812908\" target=\"_blank\" rel=\"noopener\">Eiere av nytt utstyr eller de som er ansvarlige for installasjonen<\/a><\/li>\n<li><a href=\"https:\/\/basip.atlassian.net\/wiki\/spaces\/migrationtothelink\/pages\/354713882\" target=\"_blank\" rel=\"noopener\">Eiere av gammelt utstyr (eller de som er ansvarlige for installasjonen) som ikke kan kobles til den nye Link-serveren<\/a><\/li>\n<li><a style=\"font-size: revert;\" href=\"https:\/\/basip.atlassian.net\/wiki\/spaces\/migrationtothelink\/pages\/354877460\" target=\"_blank\" rel=\"noopener\">Eiere av gammelt utstyr (eller de som er ansvarlige for installasjonen) som <em>kan<\/em> kobles til den nye Link-serveren<\/a><\/li>\n<\/ul>\n<p><strong>Beboere i boligkomplekser eller private kunder:<\/strong><\/p>\n<ul>\n<li><a href=\"https:\/\/basip.atlassian.net\/wiki\/spaces\/migrationtothelink\/pages\/354713902\" target=\"_blank\" rel=\"noopener\">Intercom-brukere som ikke har et intercom, men har en mobilapp<\/a><\/li>\n<li><a href=\"https:\/\/basip.atlassian.net\/wiki\/spaces\/migrationtothelink\/pages\/354713892\" target=\"_blank\" rel=\"noopener\">Intercom-brukere som har b\u00e5de et intercom og en mobilapp<\/a><\/li>\n<\/ul>\n<p data-sourcepos=\"5:3-5:215\">Vi oppfordrer deg til \u00e5 g\u00e5 gjennom instruksjonene som er relevante for din brukertype og utstyr. Hvis du har sp\u00f8rsm\u00e5l eller trenger hjelp under migreringsprosessen, m\u00e5 du ikke n\u00f8le med \u00e5 kontakte v\u00e5rt supportteam.<\/p>\n<p data-sourcepos=\"7:3-7:126\">Vi er sikre p\u00e5 at du vil sette pris p\u00e5 den forbedrede kommunikasjonsopplevelsen som Link gir. Takk for din fortsatte st\u00f8tte!<\/p>\n<p data-sourcepos=\"9:3-9:21\">Velkommen til Link!<\/p>\n<\/div>\n\n<!-- START Block Sign Up --><section id=\"block_629678229e935\" class=\"sign-up-section\">\r\n\r\n    <div class=\"form-holder js-form\" data-aos=\"fade-right\">\r\n                    <div class=\"title-block h3\">Sign up for connection<\/div>\r\n        \r\n                    <div class=\"text-block\">\r\n                Filling out all the information needed to answer you as quickly as possible            <\/div>\r\n        \r\n                    \n<div class=\"wpcf7 no-js\" id=\"wpcf7-f102-o1\" lang=\"en-US\" dir=\"ltr\">\n<div class=\"screen-reader-response\"><p role=\"status\" aria-live=\"polite\" aria-atomic=\"true\"><\/p> <ul><\/ul><\/div>\n<form action=\"\/no\/wp-json\/wp\/v2\/pages\/131233#wpcf7-f102-o1\" method=\"post\" class=\"wpcf7-form init\" aria-label=\"Contact form\" enctype=\"multipart\/form-data\" novalidate=\"novalidate\" data-status=\"init\">\n<div style=\"display: none;\">\n<input type=\"hidden\" name=\"_wpcf7\" value=\"102\" \/>\n<input type=\"hidden\" name=\"_wpcf7_version\" value=\"5.8.3\" \/>\n<input type=\"hidden\" name=\"_wpcf7_locale\" value=\"en_US\" \/>\n<input type=\"hidden\" name=\"_wpcf7_unit_tag\" value=\"wpcf7-f102-o1\" \/>\n<input type=\"hidden\" name=\"_wpcf7_container_post\" value=\"0\" \/>\n<input type=\"hidden\" name=\"_wpcf7_posted_data_hash\" value=\"\" \/>\n<input type=\"hidden\" name=\"_wpcf7_recaptcha_response\" value=\"\" \/>\n<\/div>\n<div class=\"row\"> \n <label><span class=\"label-text\">Name<\/span> \n  <span class=\"wpcf7-form-control-wrap\" data-name=\"text-full-name\"><input size=\"40\" class=\"wpcf7-form-control wpcf7-text wpcf7-validates-as-required\" aria-required=\"true\" aria-invalid=\"false\" placeholder=\"Name\" value=\"\" type=\"text\" name=\"text-full-name\" \/><\/span><\/label> \n<\/div> \n<div class=\"row\"> \n <label><span class=\"label-text\">Phone*<\/span> \n<span class=\"wpcf7-form-control-wrap\" data-name=\"phonetext-270\"><input size=\"40\" class=\"wpcf7-form-control wpcf7-phonetext wpcf7-validates-as-required wpcf7-text wpcf7-validates-as-phonetext\" aria-required=\"true\" aria-invalid=\"false\" placeholder=\"Phone*\" value=\"\" type=\"text\" name=\"phonetext-270\" \/><input type=\"hidden\" name=\"phonetext-270-country-code\" class=\"wpcf7-phonetext-country-code\" \/><\/span><\/label> \n<\/div> \n<div class=\"row\"> \n <label><span class=\"label-text\">E-mail<\/span> \n  <span class=\"wpcf7-form-control-wrap\" data-name=\"email-e-mail\"><input size=\"40\" class=\"wpcf7-form-control wpcf7-email wpcf7-validates-as-required wpcf7-text wpcf7-validates-as-email\" aria-required=\"true\" aria-invalid=\"false\" placeholder=\"E-mail\" value=\"\" type=\"email\" name=\"email-e-mail\" \/><\/span><\/label> \n<\/div> \n<div class=\"row\"><span>Your country<\/span> \n <label><span class=\"wpcf7-form-control-wrap\" data-name=\"countrytext-126\"><input size=\"40\" class=\"wpcf7-form-control wpcf7-countrytext wpcf7-text wpcf7-validates-as-countrytext\" aria-invalid=\"false\" value=\"\" type=\"text\" name=\"countrytext-126\" \/><\/span> <\/label>\n<\/div> \n<div class=\"row\"> \n <button type=\"submit\" class=\"btn\">Send<\/button> \n<\/div> \n<div class=\"row\"> \n <span class=\"wpcf7-form-control-wrap\" data-name=\"checkbox-931\"><span class=\"wpcf7-form-control wpcf7-checkbox\"><span class=\"wpcf7-list-item first\"><label><input type=\"checkbox\" name=\"checkbox-931[]\" value=\"Integrator\" \/><span class=\"wpcf7-list-item-label\">Integrator<\/span><\/label><\/span><span class=\"wpcf7-list-item\"><label><input type=\"checkbox\" name=\"checkbox-931[]\" value=\"Builder\" \/><span class=\"wpcf7-list-item-label\">Builder<\/span><\/label><\/span><span class=\"wpcf7-list-item last\"><label><input type=\"checkbox\" name=\"checkbox-931[]\" value=\"End-User\" \/><span class=\"wpcf7-list-item-label\">End-User<\/span><\/label><\/span><\/span><\/span> \n<\/div> \n<div class=\"row row-upload-file\"> \n <label class=\"upload-file-block js-upload-file\">Attach file \n  <span class=\"wpcf7-form-control-wrap\" data-name=\"file-466\"><input size=\"40\" class=\"wpcf7-form-control wpcf7-file\" accept=\"audio\/*,video\/*,image\/*\" aria-invalid=\"false\" type=\"file\" name=\"file-466\" \/><\/span><\/label> \n<\/div><input type='hidden' class='wpcf7-pum' value='{\"closepopup\":false,\"closedelay\":0,\"openpopup\":false,\"openpopup_id\":0}' \/><div class=\"wpcf7-response-output\" aria-hidden=\"true\"><\/div>\n<\/form>\n<\/div>\n            <\/div>\r\n\r\n\t\t    <div class=\"text-holder\" data-aos=\"fade-left\">\r\n\t\t\t\t\t\t    <h3 class=\"title-block\">How Can We Help?<\/h3>\r\n\t\t\t\r\n\t\t\t                <div class=\"text-block\">\r\n                    Please select a topic below related to your inquiry. If you don&#8217;t find what you need, fill out our contact form.                <\/div>\r\n\t\t\t\r\n\t\t\t\t\t\t    <ul class=\"link-list\">\r\n\t\t\t\t\t\t\t\t\t\t\t\t\t\t\t\t\t\t<li>\r\n\t\t\t\t\t\t\t\t\t\t\t\t\t\t\t\t    <strong>Get Inspired<\/strong>\r\n\t\t\t\t\t\t\t\t\t\t\t\t\t\t\t\t\t\t\t\t\t\t\t\t    <a href=\"\/features\/\">\r\n\t\t\t\t\t\t\t\t        Discover what&#8217;s beneath our intercom\t\t\t\t\t\t\t\t    <\/a>\r\n\t\t\t\t\t\t\t\t\t\t\t\t\t\t\t<\/li>\r\n\t\t\t\t\t\t\t\t\t\t\t\t\t\t\t\t\t\t\t\t\t\t\t\t<li>\r\n\t\t\t\t\t\t\t\t\t\t\t\t\t\t\t\t    <strong>Become a Partner<\/strong>\r\n\t\t\t\t\t\t\t\t\t\t\t\t\t\t\t\t\t\t\t\t\t\t\t\t    <a href=\"\/distributors\/\">\r\n\t\t\t\t\t\t\t\t        Expand your business with BAS-IP intercom\t\t\t\t\t\t\t\t    <\/a>\r\n\t\t\t\t\t\t\t\t\t\t\t\t\t\t\t<\/li>\r\n\t\t\t\t\t\t\t\t\t\t\t\t\t\t\t\t\t\t\t\t\t\t\t\t<li>\r\n\t\t\t\t\t\t\t\t\t\t\t\t\t\t\t\t    <strong>Check the Guides<\/strong>\r\n\t\t\t\t\t\t\t\t\t\t\t\t\t\t\t\t\t\t\t\t\t\t\t\t    <a href=\"\/support\/\">\r\n\t\t\t\t\t\t\t\t        Download detailed manuals and schemes\t\t\t\t\t\t\t\t    <\/a>\r\n\t\t\t\t\t\t\t\t\t\t\t\t\t\t\t<\/li>\r\n\t\t\t\t\t\t\t\t\t\t\t\t\t\t\t<\/ul>\r\n\t\t\t\r\n\t\t\t\t\t\t    <h3 class=\"title-block\">Our contacts<\/h3>\r\n\t\t\t\r\n\t\t\t\t\t\t\t<ul class=\"contact-list\">\r\n\t\t\t\t\t\t\t\t\t\t\t\t\t\t\t\t\t\t<li>\r\n\t\t\t\t\t\t\t\t\t\t\t\t\t\t\t\t\t<strong>Sales:<\/strong>\r\n\t\t\t\t\t\t\t\t\t\t\t\t\t\t\t\t\t\t\t\t\t\t\t\t    <a href=\"mailto:s&#97;&#108;&#101;&#115;&#64;&#98;as&#45;&#105;&#112;.co&#109;\">sa&#108;&#101;s&#64;&#98;&#97;&#115;-&#105;p&#46;&#99;&#111;&#109;<\/a>\r\n\t\t\t\t\t\t\t\t\t\t\t\t\t\t\t<\/li>\r\n\t\t\t\t\t\t\t\t\t\t\t\t\t\t\t\t\t\t\t\t\t\t\t\t<li>\r\n\t\t\t\t\t\t\t\t\t\t\t\t\t\t\t\t\t<strong>Technical support:<\/strong>\r\n\t\t\t\t\t\t\t\t\t\t\t\t\t\t\t\t\t\t\t\t\t\t\t\t    <a href=\"mailto:s&#117;p&#112;&#111;rt&#64;&#98;a&#115;&#45;i&#112;.&#99;o&#109;\">&#115;&#117;&#112;p&#111;r&#116;&#64;&#98;&#97;&#115;&#45;&#105;&#112;.co&#109;<\/a>\r\n\t\t\t\t\t\t\t\t\t\t\t\t\t\t\t<\/li>\r\n\t\t\t\t\t\t\t\t\t\t\t\t\t\t\t<\/ul>\r\n\t\t\t\t\t<\/div>\r\n\t<\/section>\r\n\r\n\r\n\r\n<!-- END Block Sign Up -->","protected":false},"excerpt":{"rendered":"<p>Intercom flytter til Link: Hva betyr dette for deg? Fra 4. mars 2025 vil ikke Intercom-appen for Android lenger v\u00e6re tilgjengelig i Google Play Store. Nettversjonen og iOS-appen vil imidlertid fortsette \u00e5 fungere uten endringer, og Intercom-servere vil forbli aktive for \u00e5 sikre stabilitet og tilgang til dataene dine til serverst\u00f8tten avsluttes. Vi inviterer deg [&hellip;]<\/p>","protected":false},"author":1,"featured_media":0,"parent":0,"menu_order":0,"comment_status":"closed","ping_status":"closed","template":"","meta":{"inline_featured_image":false,"footnotes":""},"class_list":["post-131233","page","type-page","status-publish","hentry"],"acf":[],"_links":{"self":[{"href":"https:\/\/bas-ip.com\/no\/wp-json\/wp\/v2\/pages\/131233","targetHints":{"allow":["GET"]}}],"collection":[{"href":"https:\/\/bas-ip.com\/no\/wp-json\/wp\/v2\/pages"}],"about":[{"href":"https:\/\/bas-ip.com\/no\/wp-json\/wp\/v2\/types\/page"}],"author":[{"embeddable":true,"href":"https:\/\/bas-ip.com\/no\/wp-json\/wp\/v2\/users\/1"}],"replies":[{"embeddable":true,"href":"https:\/\/bas-ip.com\/no\/wp-json\/wp\/v2\/comments?post=131233"}],"version-history":[{"count":3,"href":"https:\/\/bas-ip.com\/no\/wp-json\/wp\/v2\/pages\/131233\/revisions"}],"predecessor-version":[{"id":131530,"href":"https:\/\/bas-ip.com\/no\/wp-json\/wp\/v2\/pages\/131233\/revisions\/131530"}],"wp:attachment":[{"href":"https:\/\/bas-ip.com\/no\/wp-json\/wp\/v2\/media?parent=131233"}],"curies":[{"name":"wp","href":"https:\/\/api.w.org\/{rel}","templated":true}]}}