{"id":123075,"date":"2023-03-31T12:50:05","date_gmt":"2023-03-31T12:50:05","guid":{"rendered":"https:\/\/bas-ip.com\/?page_id=123075"},"modified":"2025-03-14T10:07:32","modified_gmt":"2025-03-14T10:07:32","slug":"heis-lift","status":"publish","type":"page","link":"https:\/\/bas-ip.com\/no\/heis\/","title":{"rendered":"Heis"},"content":{"rendered":"<h1 class=\"wp-block-heading\"><strong>Heisintercom basert p\u00e5 IP-teknologi<\/strong><\/h1>\n\n\n\n<p>I en stadig mer oppkoblet verden har kommunikasjon blitt avgj\u00f8rende. Dette gjelder spesielt i milj\u00f8er der sikkerhet og tilgjengelighet er avgj\u00f8rende, som for eksempel i heiser. Heisintercomsystemet spiller en viktig rolle i \u00e5 sikre passasjerenes trivsel og blir i \u00f8kende grad sett p\u00e5 som en obligatorisk funksjon. La oss se n\u00e6rmere p\u00e5 fordelene ved \u00e5 bruke BAS-IP IP-baserte heissvarslingssystemer, og hvordan de revolusjonerer heisopplevelsen.<\/p>\n\n\n<!-- START Block Features --><section id=\"block_6437d003aff43\" class=\"features-section\">\r\n\t\r\n    <div class=\"features-list\">\r\n                    <div class=\"features-item\" data-aos=\"fade-up\">\r\n    <div class=\"features-box\">\r\n                    <div class=\"image-holder\">\r\n                <img loading=\"lazy\" decoding=\"async\" width=\"350\" height=\"320\" src=\"https:\/\/bas-ip.com\/wp-content\/uploads\/2023\/04\/1-6-350x320.jpg\" class=\"attachment-thumbnail_350x320 size-thumbnail_350x320\" alt=\"\" \/>            <\/div>\r\n        \r\n        <div class=\"text-holder\">\r\n                        <h3 class=\"title-block\">Behovet for intercoms i heiser<\/h3>\r\n          \r\n                        <div class=\"text-block\">\r\n                <p>Heisintercom fungerer som en livline for passasjerene i n\u00f8dsituasjoner eller ved tekniske problemer. De gir en direkte kommunikasjonskanal til bygningsledelsen eller n\u00f8detatene, noe som sikrer rask hjelp n\u00e5r det trengs. Et p\u00e5litelig og effektivt intercom-system i heiser er derfor avgj\u00f8rende for \u00e5 opprettholde sikkerhetsstandardene og skape trygghet for passasjerene.<\/p>\n              <\/div>\r\n                  <\/div>\r\n    <\/div>\r\n<\/div>\r\n                    <div class=\"features-item\" data-aos=\"fade-up\">\r\n    <div class=\"features-box\">\r\n                    <div class=\"image-holder\">\r\n                <img loading=\"lazy\" decoding=\"async\" width=\"350\" height=\"320\" src=\"https:\/\/bas-ip.com\/wp-content\/uploads\/2023\/04\/2-6-350x320.jpg\" class=\"attachment-thumbnail_350x320 size-thumbnail_350x320\" alt=\"\" \/>            <\/div>\r\n        \r\n        <div class=\"text-holder\">\r\n                        <h3 class=\"title-block\">IP-baserte intercoms: Et steg over tradisjonelle systemer<\/h3>\r\n          \r\n                        <div class=\"text-block\">\r\n                <p>Tradisjonelle analoge intercom-systemer har v\u00e6rt standarden i mange \u00e5r. Men med fremveksten av IP-baserte l\u00f8sninger, som utnytter internettprotokollen (IP) og Session Initiation Protocol (SIP), har det skjedd et paradigmeskifte i m\u00e5ten vi kommuniserer p\u00e5 i heiser.<\/p>\n              <\/div>\r\n                  <\/div>\r\n    <\/div>\r\n<\/div>\r\n                    <div class=\"features-item\" data-aos=\"fade-up\">\r\n    <div class=\"features-box\">\r\n                    <div class=\"image-holder\">\r\n                <img loading=\"lazy\" decoding=\"async\" width=\"350\" height=\"320\" src=\"https:\/\/bas-ip.com\/wp-content\/uploads\/2023\/04\/3-6-350x320.jpg\" class=\"attachment-thumbnail_350x320 size-thumbnail_350x320\" alt=\"\" \/>            <\/div>\r\n        \r\n        <div class=\"text-holder\">\r\n                        <h3 class=\"title-block\">Partnerskap med globale heisprodusenter<\/h3>\r\n          \r\n                        <div class=\"text-block\">\r\n                <p>BAS-IP har etablert partnerskap med ledende heisprodusenter, som Kone, for \u00e5 kunne tilby s\u00f8ml\u00f8s integrasjon med deres produkter. Dette samarbeidet muliggj\u00f8r full kontroll over Kone-heiser fra BAS-IP-intercoms installert i leiligheter, noe som skaper en sammenhengende og str\u00f8mlinjeformet brukeropplevelse.<\/p>\n              <\/div>\r\n                  <\/div>\r\n    <\/div>\r\n<\/div>\r\n            <\/div>\r\n<\/section>\r\n<!-- END Block Features -->\n\n\n<h2 class=\"wp-block-heading\"><strong>Fordeler med BAS-IP heisintercom<\/strong><\/h2>\n\n\n\n<p>Sammenlignet med tradisjonelle analoge systemer har IP-baserte heiscentraler, som BAS-IP-l\u00f8sningen, flere fordeler:<\/p>\n\n\n<!-- START Block Features --><section id=\"block_6437d09daff47\" class=\"features-section\">\r\n\t\r\n    <div class=\"features-list\">\r\n                    <div class=\"features-item\" data-aos=\"fade-up\">\r\n    <div class=\"features-box\">\r\n                    <div class=\"image-holder\">\r\n                <img loading=\"lazy\" decoding=\"async\" width=\"350\" height=\"320\" src=\"https:\/\/bas-ip.com\/wp-content\/uploads\/2023\/04\/4-6-350x320.jpg\" class=\"attachment-thumbnail_350x320 size-thumbnail_350x320\" alt=\"\" \/>            <\/div>\r\n        \r\n        <div class=\"text-holder\">\r\n                        <h3 class=\"title-block\">Forbedret lyd- og videokvalitet<\/h3>\r\n          \r\n                        <div class=\"text-block\">\r\n                <p>BAS-IP-porttelefoner leveres med innebygde kameraer, noe som sikrer at bygningsledelsen og sikkerhetspersonalet kan overv\u00e5ke heisaktiviteten i sanntid. Denne funksjonen forbedrer ikke bare den generelle sikkerheten i bygningen, men virker ogs\u00e5 avskrekkende p\u00e5 potensielle lovbrytere.<\/p>\n              <\/div>\r\n                  <\/div>\r\n    <\/div>\r\n<\/div>\r\n                    <div class=\"features-item\" data-aos=\"fade-up\">\r\n    <div class=\"features-box\">\r\n                    <div class=\"image-holder\">\r\n                <img loading=\"lazy\" decoding=\"async\" width=\"350\" height=\"320\" src=\"https:\/\/bas-ip.com\/wp-content\/uploads\/2023\/04\/5-6-350x320.jpg\" class=\"attachment-thumbnail_350x320 size-thumbnail_350x320\" alt=\"\" \/>            <\/div>\r\n        \r\n        <div class=\"text-holder\">\r\n                        <h3 class=\"title-block\">Ubegrenset antall enheter og st\u00f8tte for portnerterminaler<\/h3>\r\n          \r\n                        <div class=\"text-block\">\r\n                <p>BAS-IP-l\u00f8sningen st\u00f8tter et ubegrenset antall enheter i et nettverk, inkludert integrering av en portvaktterminal. Denne skalerbarheten sikrer at systemet kan vokse i takt med bygningen, og at det kan tilpasses eventuelle endringer i kravene uten at det g\u00e5r p\u00e5 bekostning av ytelse eller p\u00e5litelighet.<\/p>\n              <\/div>\r\n                  <\/div>\r\n    <\/div>\r\n<\/div>\r\n                    <div class=\"features-item\" data-aos=\"fade-up\">\r\n    <div class=\"features-box\">\r\n                    <div class=\"image-holder\">\r\n                <img loading=\"lazy\" decoding=\"async\" width=\"350\" height=\"320\" src=\"https:\/\/bas-ip.com\/wp-content\/uploads\/2023\/04\/6-5-350x320.jpg\" class=\"attachment-thumbnail_350x320 size-thumbnail_350x320\" alt=\"\" \/>            <\/div>\r\n        \r\n        <div class=\"text-holder\">\r\n                        <h3 class=\"title-block\">Enklere installasjon og vedlikehold<\/h3>\r\n          \r\n                        <div class=\"text-block\">\r\n                <p>IP-heisintercom utnytter eksisterende nettverksinfrastruktur, noe som gj\u00f8r dem enklere og mer kostnadseffektive \u00e5 installere og vedlikeholde.<\/p>\n<p>I dagens stadig mer oppkoblede verden kan behovet for effektiv og p\u00e5litelig kommunikasjon i heiser ikke overvurderes. IP-baserte heissvarslingssystemer, som BAS-IP-l\u00f8sningen, har utviklet seg til \u00e5 bli gullstandarden p\u00e5 dette omr\u00e5det, og tilbyr en rekke fordeler sammenlignet med tradisjonelle analoge systemer. Fra forbedret lyd- og videokvalitet til s\u00f8ml\u00f8s integrering med andre bygningsadministrasjonssystemer &#8211; IP-intercoms er i ferd med \u00e5 forandre heisopplevelsen til det bedre. Resultatet er at bygningseiere, forvaltere og beboere kan glede seg over st\u00f8rre sikkerhet, bekvemmelighet og trygghet.<\/p>\n              <\/div>\r\n                  <\/div>\r\n    <\/div>\r\n<\/div>\r\n            <\/div>\r\n<\/section>\r\n<!-- END Block Features -->\n\n<!-- START Block FAQ --><section id=\"block_6426d69cbc4a0\" class=\"faq-section\">\r\n\t\t    <h2 class=\"title-section\" data-aos=\"fade-right\">Ofte stilte sp\u00f8rsm\u00e5l<\/h2>\r\n\t\t\t    <div class=\"faq-list js-accordion\" data-aos=\"fade-up\">\r\n\t\t\t\t\t\t\t\t\t\t\t    <div class=\"accordion-item faq-item\">\r\n                        <div class=\"accordion-opener\">\r\n                            Q: Hvorfor anses heisintercom som obligatorisk?                            <i class=\"fa-solid fa-chevron-down\"><\/i>\r\n                        <\/div>\r\n                        <div class=\"accordion-slide\">\r\n\t\t\t\t\t\t    <p>Heisintercom anses som obligatorisk fordi det gir en direkte kommunikasjonskanal mellom passasjerene og bygningsledelsen eller n\u00f8detatene, noe som sikrer rask hjelp i n\u00f8dsituasjoner eller ved tekniske problemer.<\/p>\n                        <\/div>\r\n\t\t\t\t\t<\/div>\r\n\t\t\t\t\t\t\t\t\t\t\t\t\t\t\t    <div class=\"accordion-item faq-item\">\r\n                        <div class=\"accordion-opener\">\r\n                            Q: Hva gj\u00f8r IP-baserte heisintercom bedre enn tradisjonelle analoge systemer?                            <i class=\"fa-solid fa-chevron-down\"><\/i>\r\n                        <\/div>\r\n                        <div class=\"accordion-slide\">\r\n\t\t\t\t\t\t    <p>IP-baserte heiscentraler, som BAS-IP-l\u00f8sningen, har flere fordeler sammenlignet med tradisjonelle analoge systemer, blant annet bedre lyd- og bildekvalitet, skalerbarhet, enklere installasjon og vedlikehold, innebygde kamerafunksjoner og s\u00f8ml\u00f8s integrering med andre IP-baserte systemer.<\/p>\n                        <\/div>\r\n\t\t\t\t\t<\/div>\r\n\t\t\t\t\t\t\t\t\t\t\t\t\t\t\t    <div class=\"accordion-item faq-item\">\r\n                        <div class=\"accordion-opener\">\r\n                            Q: Hvordan forbedrer den innebygde kamerafunksjonen i IP-intercom heissikkerheten?                            <i class=\"fa-solid fa-chevron-down\"><\/i>\r\n                        <\/div>\r\n                        <div class=\"accordion-slide\">\r\n\t\t\t\t\t\t    <p>Den innebygde kamerafunksjonen i IP-intercomene gj\u00f8r det mulig for bygningsledelse og sikkerhetspersonell \u00e5 overv\u00e5ke heisaktiviteten i sanntid. Dette ekstra sikkerhetslaget kan virke avskrekkende p\u00e5 potensielle lovbrytere og gir visuelle bevis i tilfelle hendelser.<\/p>\n                        <\/div>\r\n\t\t\t\t\t<\/div>\r\n\t\t\t\t\t\t\t\t\t\t\t\t\t\t\t    <div class=\"accordion-item faq-item\">\r\n                        <div class=\"accordion-opener\">\r\n                            Q: Kan IP-baserte heisintercom fungere med andre bygningsstyringssystemer?                            <i class=\"fa-solid fa-chevron-down\"><\/i>\r\n                        <\/div>\r\n                        <div class=\"accordion-slide\">\r\n\t\t\t\t\t\t    <p>Ja, IP-baserte heiscentraler er utformet for \u00e5 kunne integreres s\u00f8ml\u00f8st med andre IP-baserte bygningsstyringssystemer. Dette legger til rette for et mer sammenkoblet og effektivt \u00f8kosystem for bygningsadministrasjon, noe som \u00f8ker den generelle sikkerheten og komforten.<\/p>\n                        <\/div>\r\n\t\t\t\t\t<\/div>\r\n\t\t\t\t\t\t\t\t\t\t\t\t\t\t\t    <div class=\"accordion-item faq-item\">\r\n                        <div class=\"accordion-opener\">\r\n                            Q: Hvordan gagner partnerskapet mellom BAS-IP og heisprodusenter som Kone brukerne?                            <i class=\"fa-solid fa-chevron-down\"><\/i>\r\n                        <\/div>\r\n                        <div class=\"accordion-slide\">\r\n\t\t\t\t\t\t    <p>Samarbeidet mellom BAS-IP og heisprodusenter som Kone muliggj\u00f8r s\u00f8ml\u00f8s integrering av deres respektive produkter. Samarbeidet gj\u00f8r det mulig \u00e5 styre Kone-heisene fra BAS-IP-intercomene som er installert i leilighetene, noe som gir en sammenhengende og str\u00f8mlinjeformet brukeropplevelse.<\/p>\n                        <\/div>\r\n\t\t\t\t\t<\/div>\r\n\t\t\t\t\t\t\t\t\t<\/div>\r\n\t<\/section>\r\n<!-- END Block FAQ -->","protected":false},"excerpt":{"rendered":"<p>Heisintercom basert p\u00e5 IP-teknologi I en stadig mer oppkoblet verden har kommunikasjon blitt avgj\u00f8rende. Dette gjelder spesielt i milj\u00f8er der sikkerhet og tilgjengelighet er avgj\u00f8rende, som for eksempel i heiser. Heisintercomsystemet spiller en viktig rolle i \u00e5 sikre passasjerenes trivsel og blir i \u00f8kende grad sett p\u00e5 som en obligatorisk funksjon. La oss se n\u00e6rmere [&hellip;]<\/p>","protected":false},"author":3,"featured_media":0,"parent":0,"menu_order":0,"comment_status":"closed","ping_status":"closed","template":"","meta":{"inline_featured_image":false,"footnotes":""},"class_list":["post-123075","page","type-page","status-publish","hentry"],"acf":[],"_links":{"self":[{"href":"https:\/\/bas-ip.com\/no\/wp-json\/wp\/v2\/pages\/123075","targetHints":{"allow":["GET"]}}],"collection":[{"href":"https:\/\/bas-ip.com\/no\/wp-json\/wp\/v2\/pages"}],"about":[{"href":"https:\/\/bas-ip.com\/no\/wp-json\/wp\/v2\/types\/page"}],"author":[{"embeddable":true,"href":"https:\/\/bas-ip.com\/no\/wp-json\/wp\/v2\/users\/3"}],"replies":[{"embeddable":true,"href":"https:\/\/bas-ip.com\/no\/wp-json\/wp\/v2\/comments?post=123075"}],"version-history":[{"count":3,"href":"https:\/\/bas-ip.com\/no\/wp-json\/wp\/v2\/pages\/123075\/revisions"}],"predecessor-version":[{"id":133683,"href":"https:\/\/bas-ip.com\/no\/wp-json\/wp\/v2\/pages\/123075\/revisions\/133683"}],"wp:attachment":[{"href":"https:\/\/bas-ip.com\/no\/wp-json\/wp\/v2\/media?parent=123075"}],"curies":[{"name":"wp","href":"https:\/\/api.w.org\/{rel}","templated":true}]}}