{"id":122625,"date":"2024-03-06T15:43:22","date_gmt":"2024-03-06T15:43:22","guid":{"rendered":"https:\/\/bas-ip.com\/?page_id=122625"},"modified":"2024-11-07T19:30:11","modified_gmt":"2024-11-07T19:30:11","slug":"galaxy-2","status":"publish","type":"page","link":"https:\/\/bas-ip.com\/no\/galaxy-2\/","title":{"rendered":"Galaxy"},"content":{"rendered":"<div class=\"wp-block-image\">\n<figure class=\"aligncenter size-full is-resized\"><img loading=\"lazy\" decoding=\"async\" width=\"924\" height=\"229\" src=\"https:\/\/bas-ip.com\/wp-content\/uploads\/2022\/11\/galaxy-control-systems.png\" alt=\"\" class=\"wp-image-23711\" style=\"width:450px\" srcset=\"https:\/\/bas-ip.com\/wp-content\/uploads\/2022\/11\/galaxy-control-systems.png 924w,  https:\/\/bas-ip.com\/wp-content\/uploads\/2022\/11\/galaxy-control-systems-300x74.png 300w,  https:\/\/bas-ip.com\/wp-content\/uploads\/2022\/11\/galaxy-control-systems-768x190.png 768w,  https:\/\/bas-ip.com\/wp-content\/uploads\/2022\/11\/galaxy-control-systems-767x190.png 767w\" sizes=\"auto, (max-width: 924px) 100vw, 924px\" \/><\/figure>\n<\/div>\n\n<!-- START Block Integrations Text & Image --><section id=\"block_65e88d1111f30\" class=\"integrations-text-image-section\">\r\n\t\t<div class=\"image-holder\" data-aos=\"fade-left\">\r\n\t\t<img loading=\"lazy\" decoding=\"async\" width=\"900\" height=\"598\" src=\"https:\/\/bas-ip.com\/wp-content\/uploads\/2024\/03\/Galaxy-1024x680.png\" class=\"attachment-large size-large\" alt=\"\" srcset=\"https:\/\/bas-ip.com\/wp-content\/uploads\/2024\/03\/Galaxy-1024x680.png 1024w,  https:\/\/bas-ip.com\/wp-content\/uploads\/2024\/03\/Galaxy-300x199.png 300w,  https:\/\/bas-ip.com\/wp-content\/uploads\/2024\/03\/Galaxy-768x510.png 768w,  https:\/\/bas-ip.com\/wp-content\/uploads\/2024\/03\/Galaxy-767x510.png 767w,  https:\/\/bas-ip.com\/wp-content\/uploads\/2024\/03\/Galaxy.png 1055w\" sizes=\"auto, (max-width: 900px) 100vw, 900px\" \/>\t<\/div>\r\n\t\r\n\t<div class=\"text-holder\" data-aos=\"fade-right\">\r\n\t\t\t\t\t\t<div class=\"text-block\">\r\n\t\t\t<p data-renderer-start-pos=\"1\">Galaxy Access Control Systems er integrert med BAS-IP for \u00e5 sikre at adgangskontroll\u00f8sningene fungerer s\u00f8ml\u00f8st.<\/p>\n<p data-renderer-start-pos=\"131\">N\u00e5r en kunde kj\u00f8per BAS-IP-utstyr fra Galaxy, f\u00e5r de f\u00f8lgende muligheter:<\/p>\n<ul class=\"ak-ul\" data-indent-level=\"1\">\n<li>\n<p data-renderer-start-pos=\"230\"><strong data-renderer-mark=\"true\">Ingen integrasjon: <\/strong>Enhetene fungerer og kommuniserer kun innenfor et lokalt nettverk. Ingen ekstra plattformer brukes, og enhetene konfigureres kun via webgrensesnittet.<\/p>\n<\/li>\n<li>\n<p data-renderer-start-pos=\"401\"><strong data-renderer-mark=\"true\">SIP-integrasjon<\/strong>: Enhetene fungerer og kommuniserer kun innenfor et lokalt nettverk, men enhetene kan bruke Galaxy SIP-trunk-tjenesten (mot en ekstra kostnad). Brukere kan bruke SIP-trunks til \u00e5 kontakte mobilnumre med leietakere for \u00e5 snakke og be om \u00e5 f\u00e5 \u00e5pnet l\u00e5sen. V\u00e6r oppmerksom p\u00e5 at det kreves en Internett-tilkobling for SIP-tjenesten. Ingen andre tjenester brukes, og konfigurasjon av enheten skjer kun via webgrensesnittet.<\/p>\n<\/li>\n<li>\n<p data-renderer-start-pos=\"805\"><strong data-renderer-mark=\"true\">Full<\/strong> <strong data-renderer-mark=\"true\">-integrasjon: <\/strong>enheter og brukere har tilgang til <strong data-renderer-mark=\"true\">Galaxys Cloud Concierge-plattform<\/strong>. Denne plattformen brukes til \u00e5 sende adgangskontrolloppf\u00f8ringer fra Galaxys sikkerhetssystem via Cloud LaunchPoint-nettgrensesnittet til enheter. Plattformen tillater ogs\u00e5 automatisk programmering av BAS-IP-panelet for adgangsoppf\u00f8ring og leietakeroppringingsinformasjon som f.eks:<\/p>\n<\/li>\n<\/ul>\n<p style=\"padding-left: 40px;\" data-renderer-start-pos=\"1152\">&#8211; Fornavn og etternavn<br \/>\n&#8211; Telefonnummer (leietakeroppringing)<br \/>\n&#8211; SIP-ID (oppringing via BAS-IP-mobilapp)<br \/>\n&#8211; 26-biters Wiegand prox-kort (for kortinntasting)<br \/>\n&#8211; QR-kode (for QR-kodeinntasting)<br \/>\n&#8211; Tilgangsgruppe og tidsplan (tilgangstillatelse fra panelet)<br \/>\n&#8211; Antall sveip (grense for antall kortoppf\u00f8ringssveip eller QR-kodebruk for panelet)<br \/>\n&#8211; Aktiv\/utl\u00f8psdato for prox-kort eller QR-koder<\/p>\n<p data-renderer-start-pos=\"1152\">Mer informasjon p\u00e5 <a href=\"https:\/\/basip.atlassian.net\/wiki\/spaces\/Integrations\/pages\/73826355\/Integration+with+Galaxy+Access+Control+Systems\" target=\"_blank\" rel=\"noopener\"><strong>v\u00e5r wiki<\/strong><\/a>.<\/p>\t\t<\/div>\r\n\t\t\r\n\t\t\r\n\t\t\t<\/div>\r\n<\/section>\r\n<!-- END Block Integrations Text & Image -->\n\n<!-- START Block Sign Up --><section id=\"block_629678229e935\" class=\"sign-up-section\">\r\n\r\n    <div class=\"form-holder js-form\" data-aos=\"fade-right\">\r\n                    <div class=\"title-block h3\">Sign up for connection<\/div>\r\n        \r\n                    <div class=\"text-block\">\r\n                Filling out all the information needed to answer you as quickly as possible            <\/div>\r\n        \r\n                    \n<div class=\"wpcf7 no-js\" id=\"wpcf7-f102-o1\" lang=\"en-US\" dir=\"ltr\">\n<div class=\"screen-reader-response\"><p role=\"status\" aria-live=\"polite\" aria-atomic=\"true\"><\/p> <ul><\/ul><\/div>\n<form action=\"\/no\/wp-json\/wp\/v2\/pages\/122625#wpcf7-f102-o1\" method=\"post\" class=\"wpcf7-form init\" aria-label=\"Contact form\" enctype=\"multipart\/form-data\" novalidate=\"novalidate\" data-status=\"init\">\n<div style=\"display: none;\">\n<input type=\"hidden\" name=\"_wpcf7\" value=\"102\" \/>\n<input type=\"hidden\" name=\"_wpcf7_version\" value=\"5.8.3\" \/>\n<input type=\"hidden\" name=\"_wpcf7_locale\" value=\"en_US\" \/>\n<input type=\"hidden\" name=\"_wpcf7_unit_tag\" value=\"wpcf7-f102-o1\" \/>\n<input type=\"hidden\" name=\"_wpcf7_container_post\" value=\"0\" \/>\n<input type=\"hidden\" name=\"_wpcf7_posted_data_hash\" value=\"\" \/>\n<input type=\"hidden\" name=\"_wpcf7_recaptcha_response\" value=\"\" \/>\n<\/div>\n<div class=\"row\"> \n <label><span class=\"label-text\">Name<\/span> \n  <span class=\"wpcf7-form-control-wrap\" data-name=\"text-full-name\"><input size=\"40\" class=\"wpcf7-form-control wpcf7-text wpcf7-validates-as-required\" aria-required=\"true\" aria-invalid=\"false\" placeholder=\"Name\" value=\"\" type=\"text\" name=\"text-full-name\" \/><\/span><\/label> \n<\/div> \n<div class=\"row\"> \n <label><span class=\"label-text\">Phone*<\/span> \n<span class=\"wpcf7-form-control-wrap\" data-name=\"phonetext-270\"><input size=\"40\" class=\"wpcf7-form-control wpcf7-phonetext wpcf7-validates-as-required wpcf7-text wpcf7-validates-as-phonetext\" aria-required=\"true\" aria-invalid=\"false\" placeholder=\"Phone*\" value=\"\" type=\"text\" name=\"phonetext-270\" \/><input type=\"hidden\" name=\"phonetext-270-country-code\" class=\"wpcf7-phonetext-country-code\" \/><\/span><\/label> \n<\/div> \n<div class=\"row\"> \n <label><span class=\"label-text\">E-mail<\/span> \n  <span class=\"wpcf7-form-control-wrap\" data-name=\"email-e-mail\"><input size=\"40\" class=\"wpcf7-form-control wpcf7-email wpcf7-validates-as-required wpcf7-text wpcf7-validates-as-email\" aria-required=\"true\" aria-invalid=\"false\" placeholder=\"E-mail\" value=\"\" type=\"email\" name=\"email-e-mail\" \/><\/span><\/label> \n<\/div> \n<div class=\"row\"><span>Your country<\/span> \n <label><span class=\"wpcf7-form-control-wrap\" data-name=\"countrytext-126\"><input size=\"40\" class=\"wpcf7-form-control wpcf7-countrytext wpcf7-text wpcf7-validates-as-countrytext\" aria-invalid=\"false\" value=\"\" type=\"text\" name=\"countrytext-126\" \/><\/span> <\/label>\n<\/div> \n<div class=\"row\"> \n <button type=\"submit\" class=\"btn\">Send<\/button> \n<\/div> \n<div class=\"row\"> \n <span class=\"wpcf7-form-control-wrap\" data-name=\"checkbox-931\"><span class=\"wpcf7-form-control wpcf7-checkbox\"><span class=\"wpcf7-list-item first\"><label><input type=\"checkbox\" name=\"checkbox-931[]\" value=\"Integrator\" \/><span class=\"wpcf7-list-item-label\">Integrator<\/span><\/label><\/span><span class=\"wpcf7-list-item\"><label><input type=\"checkbox\" name=\"checkbox-931[]\" value=\"Builder\" \/><span class=\"wpcf7-list-item-label\">Builder<\/span><\/label><\/span><span class=\"wpcf7-list-item last\"><label><input type=\"checkbox\" name=\"checkbox-931[]\" value=\"End-User\" \/><span class=\"wpcf7-list-item-label\">End-User<\/span><\/label><\/span><\/span><\/span> \n<\/div> \n<div class=\"row row-upload-file\"> \n <label class=\"upload-file-block js-upload-file\">Attach file \n  <span class=\"wpcf7-form-control-wrap\" data-name=\"file-466\"><input size=\"40\" class=\"wpcf7-form-control wpcf7-file\" accept=\"audio\/*,video\/*,image\/*\" aria-invalid=\"false\" type=\"file\" name=\"file-466\" \/><\/span><\/label> \n<\/div><input type='hidden' class='wpcf7-pum' value='{\"closepopup\":false,\"closedelay\":0,\"openpopup\":false,\"openpopup_id\":0}' \/><div class=\"wpcf7-response-output\" aria-hidden=\"true\"><\/div>\n<\/form>\n<\/div>\n            <\/div>\r\n\r\n\t\t    <div class=\"text-holder\" data-aos=\"fade-left\">\r\n\t\t\t\t\t\t    <h3 class=\"title-block\">How Can We Help?<\/h3>\r\n\t\t\t\r\n\t\t\t                <div class=\"text-block\">\r\n                    Please select a topic below related to your inquiry. If you don&#8217;t find what you need, fill out our contact form.                <\/div>\r\n\t\t\t\r\n\t\t\t\t\t\t    <ul class=\"link-list\">\r\n\t\t\t\t\t\t\t\t\t\t\t\t\t\t\t\t\t\t<li>\r\n\t\t\t\t\t\t\t\t\t\t\t\t\t\t\t\t    <strong>Get Inspired<\/strong>\r\n\t\t\t\t\t\t\t\t\t\t\t\t\t\t\t\t\t\t\t\t\t\t\t\t    <a href=\"\/features\/\">\r\n\t\t\t\t\t\t\t\t        Discover what&#8217;s beneath our intercom\t\t\t\t\t\t\t\t    <\/a>\r\n\t\t\t\t\t\t\t\t\t\t\t\t\t\t\t<\/li>\r\n\t\t\t\t\t\t\t\t\t\t\t\t\t\t\t\t\t\t\t\t\t\t\t\t<li>\r\n\t\t\t\t\t\t\t\t\t\t\t\t\t\t\t\t    <strong>Become a Partner<\/strong>\r\n\t\t\t\t\t\t\t\t\t\t\t\t\t\t\t\t\t\t\t\t\t\t\t\t    <a href=\"\/distributors\/\">\r\n\t\t\t\t\t\t\t\t        Expand your business with BAS-IP intercom\t\t\t\t\t\t\t\t    <\/a>\r\n\t\t\t\t\t\t\t\t\t\t\t\t\t\t\t<\/li>\r\n\t\t\t\t\t\t\t\t\t\t\t\t\t\t\t\t\t\t\t\t\t\t\t\t<li>\r\n\t\t\t\t\t\t\t\t\t\t\t\t\t\t\t\t    <strong>Check the Guides<\/strong>\r\n\t\t\t\t\t\t\t\t\t\t\t\t\t\t\t\t\t\t\t\t\t\t\t\t    <a href=\"\/support\/\">\r\n\t\t\t\t\t\t\t\t        Download detailed manuals and schemes\t\t\t\t\t\t\t\t    <\/a>\r\n\t\t\t\t\t\t\t\t\t\t\t\t\t\t\t<\/li>\r\n\t\t\t\t\t\t\t\t\t\t\t\t\t\t\t<\/ul>\r\n\t\t\t\r\n\t\t\t\t\t\t    <h3 class=\"title-block\">Our contacts<\/h3>\r\n\t\t\t\r\n\t\t\t\t\t\t\t<ul class=\"contact-list\">\r\n\t\t\t\t\t\t\t\t\t\t\t\t\t\t\t\t\t\t<li>\r\n\t\t\t\t\t\t\t\t\t\t\t\t\t\t\t\t\t<strong>Sales:<\/strong>\r\n\t\t\t\t\t\t\t\t\t\t\t\t\t\t\t\t\t\t\t\t\t\t\t\t    <a href=\"mailto:sale&#115;&#64;bas-&#105;p.&#99;&#111;&#109;\">&#115;al&#101;s&#64;b&#97;&#115;&#45;i&#112;&#46;&#99;&#111;m<\/a>\r\n\t\t\t\t\t\t\t\t\t\t\t\t\t\t\t<\/li>\r\n\t\t\t\t\t\t\t\t\t\t\t\t\t\t\t\t\t\t\t\t\t\t\t\t<li>\r\n\t\t\t\t\t\t\t\t\t\t\t\t\t\t\t\t\t<strong>Technical support:<\/strong>\r\n\t\t\t\t\t\t\t\t\t\t\t\t\t\t\t\t\t\t\t\t\t\t\t\t    <a href=\"mailto:&#115;&#117;pp&#111;&#114;&#116;&#64;&#98;as-&#105;&#112;.c&#111;m\">suppo&#114;t&#64;ba&#115;-ip&#46;c&#111;&#109;<\/a>\r\n\t\t\t\t\t\t\t\t\t\t\t\t\t\t\t<\/li>\r\n\t\t\t\t\t\t\t\t\t\t\t\t\t\t\t<\/ul>\r\n\t\t\t\t\t<\/div>\r\n\t<\/section>\r\n\r\n\r\n\r\n<!-- END Block Sign Up -->","protected":false},"excerpt":{"rendered":"","protected":false},"author":3,"featured_media":0,"parent":0,"menu_order":0,"comment_status":"closed","ping_status":"closed","template":"page-custom-breadcrumbs.php","meta":{"inline_featured_image":false,"footnotes":""},"class_list":["post-122625","page","type-page","status-publish","hentry"],"acf":[],"_links":{"self":[{"href":"https:\/\/bas-ip.com\/no\/wp-json\/wp\/v2\/pages\/122625","targetHints":{"allow":["GET"]}}],"collection":[{"href":"https:\/\/bas-ip.com\/no\/wp-json\/wp\/v2\/pages"}],"about":[{"href":"https:\/\/bas-ip.com\/no\/wp-json\/wp\/v2\/types\/page"}],"author":[{"embeddable":true,"href":"https:\/\/bas-ip.com\/no\/wp-json\/wp\/v2\/users\/3"}],"replies":[{"embeddable":true,"href":"https:\/\/bas-ip.com\/no\/wp-json\/wp\/v2\/comments?post=122625"}],"version-history":[{"count":2,"href":"https:\/\/bas-ip.com\/no\/wp-json\/wp\/v2\/pages\/122625\/revisions"}],"predecessor-version":[{"id":122627,"href":"https:\/\/bas-ip.com\/no\/wp-json\/wp\/v2\/pages\/122625\/revisions\/122627"}],"wp:attachment":[{"href":"https:\/\/bas-ip.com\/no\/wp-json\/wp\/v2\/media?parent=122625"}],"curies":[{"name":"wp","href":"https:\/\/api.w.org\/{rel}","templated":true}]}}