{"id":122473,"date":"2024-05-15T14:21:12","date_gmt":"2024-05-15T14:21:12","guid":{"rendered":"https:\/\/bas-ip.com\/?page_id=122473"},"modified":"2024-11-05T14:39:56","modified_gmt":"2024-11-05T14:39:56","slug":"retningslinjer-for-stotte-for-fastvare","status":"publish","type":"page","link":"https:\/\/bas-ip.com\/no\/retningslinjer-for-stotte-for-fastvare\/","title":{"rendered":"Retningslinjer for st\u00f8tte for fastvare"},"content":{"rendered":"<p><strong>Vedlikehold av fastvare<\/strong><\/p>\n\n\n\n<p id=\"block-44b44354-5c59-49cb-8ddb-d4cc93a32d20\">BAS-IP kan, etter eget skj\u00f8nn, gi grunnleggende st\u00f8tte for fastvare i l\u00f8pet av den gjeldende garantiperioden for maskinvaren. I l\u00f8pet av garantiperioden kan BAS-IP utgi vedlikeholdsversjoner eller feilrettinger til maskinvaren.<\/p>\n\n\n\n<p id=\"block-29eab1a5-51ee-465e-940c-ed72e01d7690\">N\u00e5r garantiperioden er utl\u00f8pt, vil BAS-IP ikke lenger utvikle, vedlikeholde eller teste den aktuelle fastvaren. BAS-IP kan imidlertid, etter eget valg og p\u00e5 produktbasis, tilby support etter utl\u00f8pet av garantiperioden. All BAS-IP-fastvare, inkludert, men ikke begrenset til, fastvare som leveres forh\u00e5ndsinstallert p\u00e5 BAS-IP-maskinvare og hvor maskinvaren er underlagt RMA-service, leveres &laquo;som den er&raquo;.<\/p>\n\n\n\n<p>BAS-IP-fastvare dekkes ikke av BAS-IP-garantien.<\/p>\n\n\n\n<p><\/p>\n\n\n\n<p><\/p>","protected":false},"excerpt":{"rendered":"<p>Vedlikehold av fastvare BAS-IP kan, etter eget skj\u00f8nn, gi grunnleggende st\u00f8tte for fastvare i l\u00f8pet av den gjeldende garantiperioden for maskinvaren. I l\u00f8pet av garantiperioden kan BAS-IP utgi vedlikeholdsversjoner eller feilrettinger til maskinvaren. N\u00e5r garantiperioden er utl\u00f8pt, vil BAS-IP ikke lenger utvikle, vedlikeholde eller teste den aktuelle fastvaren. BAS-IP kan imidlertid, etter eget valg og [&hellip;]<\/p>","protected":false},"author":3,"featured_media":0,"parent":0,"menu_order":0,"comment_status":"closed","ping_status":"closed","template":"","meta":{"inline_featured_image":false,"footnotes":""},"class_list":["post-122473","page","type-page","status-publish","hentry"],"acf":[],"_links":{"self":[{"href":"https:\/\/bas-ip.com\/no\/wp-json\/wp\/v2\/pages\/122473","targetHints":{"allow":["GET"]}}],"collection":[{"href":"https:\/\/bas-ip.com\/no\/wp-json\/wp\/v2\/pages"}],"about":[{"href":"https:\/\/bas-ip.com\/no\/wp-json\/wp\/v2\/types\/page"}],"author":[{"embeddable":true,"href":"https:\/\/bas-ip.com\/no\/wp-json\/wp\/v2\/users\/3"}],"replies":[{"embeddable":true,"href":"https:\/\/bas-ip.com\/no\/wp-json\/wp\/v2\/comments?post=122473"}],"version-history":[{"count":1,"href":"https:\/\/bas-ip.com\/no\/wp-json\/wp\/v2\/pages\/122473\/revisions"}],"predecessor-version":[{"id":122474,"href":"https:\/\/bas-ip.com\/no\/wp-json\/wp\/v2\/pages\/122473\/revisions\/122474"}],"wp:attachment":[{"href":"https:\/\/bas-ip.com\/no\/wp-json\/wp\/v2\/media?parent=122473"}],"curies":[{"name":"wp","href":"https:\/\/api.w.org\/{rel}","templated":true}]}}