{"id":121705,"date":"2024-02-14T09:43:47","date_gmt":"2024-02-14T09:43:47","guid":{"rendered":"https:\/\/bas-ip.com\/?page_id=121705"},"modified":"2024-11-04T17:44:41","modified_gmt":"2024-11-04T17:44:41","slug":"axis","status":"publish","type":"page","link":"https:\/\/bas-ip.com\/no\/axis\/","title":{"rendered":"Axis"},"content":{"rendered":"<div class=\"wp-block-image\">\n<figure class=\"aligncenter size-medium\"><img loading=\"lazy\" decoding=\"async\" width=\"300\" height=\"108\" src=\"https:\/\/bas-ip.com\/wp-content\/uploads\/2024\/02\/Axis_Communications_logo.svg-300x108.png\" alt=\"\" class=\"wp-image-108863\" srcset=\"https:\/\/bas-ip.com\/wp-content\/uploads\/2024\/02\/Axis_Communications_logo.svg-300x108.png 300w,  https:\/\/bas-ip.com\/wp-content\/uploads\/2024\/02\/Axis_Communications_logo.svg-1024x369.png 1024w,  https:\/\/bas-ip.com\/wp-content\/uploads\/2024\/02\/Axis_Communications_logo.svg-768x277.png 768w,  https:\/\/bas-ip.com\/wp-content\/uploads\/2024\/02\/Axis_Communications_logo.svg-767x276.png 767w,  https:\/\/bas-ip.com\/wp-content\/uploads\/2024\/02\/Axis_Communications_logo.svg.png 1280w\" sizes=\"auto, (max-width: 300px) 100vw, 300px\" \/><\/figure>\n<\/div>\n\n\n<p>Integreringen av BAS-IP intercoms med AXIS CCTV-kameraer, spesielt for funksjonen automatisk nummerskiltgjenkjenning (ALPR), inneb\u00e6rer et enkelt, men effektivt oppsett. Denne integrasjonen muliggj\u00f8r s\u00f8ml\u00f8s drift og kostnadseffektivitet ved \u00e5 eliminere behovet for profesjonell ALPR-programvare. Her er en detaljert beskrivelse av hvordan denne integrasjonen fungerer:<\/p>\n\n\n\n<p><strong>Oversikt over integrasjon<\/strong><\/p>\n\n\n\n<p>M\u00e5lsetting: \u00c5 automatisere port\u00e5pning ved hjelp av nummerskiltgjenkjenning ved hjelp av BAS-IP-intercom og AXIS CCTV-kameraer med ALPR-funksjon.<\/p>\n\n\n\n<p><strong>Komponenter:<\/strong><\/p>\n\n\n\n<p><strong>1.<\/strong> BAS-IP Intercom Panel: Et sofistikert intercom-system som kan integreres med IP-kameraer.<\/p>\n\n\n\n<p id=\"block-89a3036f-f4cb-488f-91a3-6d42e6540153\"><strong>2. <\/strong>AXIS-kamera med ALPR-funksjonalitet: Spesifikke modeller som AXIS P1455-LE-3, AXIS P3245-LVE-3 eller AXIS Q1700-LE er egnet for denne integrasjonen.<\/p>\n\n\n\n<p><strong>3.<\/strong> Nummerskiltdatabase: Lagres enten i utend\u00f8rspanelets minne p\u00e5 BAS-IP intercom eller i programvaren BAS-IP Link.<\/p>\n\n\n\n<p><strong>Slik fungerer det<\/strong><\/p>\n\n\n\n<p><strong>1.<\/strong> Installasjon og oppsett: Brukeren kj\u00f8per et BAS-IP intercom-panel og et AXIS-kamera utstyrt med ALPR-teknologi.<\/p>\n\n\n\n<p id=\"block-41d97254-e327-425e-8b57-363df11e0b2e\"><strong>2.<\/strong> nettverkskonfigurasjon: AXIS-kameraet og BAS-IP-inngangspanelet m\u00e5 v\u00e6re p\u00e5 samme subnett for \u00e5 kunne kommunisere effektivt.<\/p>\n\n\n\n<p id=\"block-5921be5d-625f-413b-8fb2-8d8e834128a1\"><strong>3.<\/strong> Registrering av bilskilt: Kj\u00f8ret\u00f8yets nummerskilt registreres og lagres. Dette kan gj\u00f8res via intercomens webgrensesnitt eller programvaren BAS-IP Link.<\/p>\n\n\n\n<p id=\"block-2bfdcb0b-0c27-46e8-bfde-9d1a890aafe5\"><strong>4.<\/strong> Skanning av bilskilt: N\u00e5r et kj\u00f8ret\u00f8y n\u00e6rmer seg porten, skanner AXIS-kameraet bilskiltet.<\/p>\n\n\n\n<p><strong>5.<\/strong> Gjenkjenning og handling: Hvis det skannede skiltet samsvarer med et skilt i den lagrede databasen, utl\u00f8ser BAS-IP intercom-panelet automatisk \u00e5pning av porten.<\/p>\n\n\n\n<p><strong>Fordeler<\/strong><\/p>\n\n\n\n<p>Kostnadseffektivt: Eliminerer behovet for kostbar, profesjonell ALPR-programvare.<\/p>\n\n\n\n<p id=\"block-46cf32bb-cd64-4ad5-bba0-f64cce9649c7\">Brukervennlighet: Enkelt oppsett og brukervennlig administrasjon av nummerskiltene via webgrensesnittet eller BAS-IP-programvaren.<\/p>\n\n\n\n<p id=\"block-85e29796-ee50-4c24-9456-6be4aaecb03b\">Forbedret sikkerhet: Automatisert port\u00e5pning basert p\u00e5 gjenkjente bilskilt gir et ekstra sikkerhetslag.<\/p>\n\n\n\n<p>Fleksibilitet: Passer til ulike bruksomr\u00e5der som boligkomplekser, kontorbygninger eller inngjerdede omr\u00e5der.<\/p>\n\n\n\n<p>Ved \u00e5 kombinere den avanserte teknologien i BAS-IP intercoms med presisjonen til AXIS-kameraer utstyrt med ALPR, kan brukerne nyte godt av et h\u00f8yt niv\u00e5 av sikkerhet og bekvemmelighet uten behov for ekstra ALPR-programvare.<\/p>\n\n\n<!-- START Block Sign Up --><section id=\"block_629678229e935\" class=\"sign-up-section\">\r\n\r\n    <div class=\"form-holder js-form\" data-aos=\"fade-right\">\r\n                    <div class=\"title-block h3\">Sign up for connection<\/div>\r\n        \r\n                    <div class=\"text-block\">\r\n                Filling out all the information needed to answer you as quickly as possible            <\/div>\r\n        \r\n                    \n<div class=\"wpcf7 no-js\" id=\"wpcf7-f102-o1\" lang=\"en-US\" dir=\"ltr\">\n<div class=\"screen-reader-response\"><p role=\"status\" aria-live=\"polite\" aria-atomic=\"true\"><\/p> <ul><\/ul><\/div>\n<form action=\"\/no\/wp-json\/wp\/v2\/pages\/121705#wpcf7-f102-o1\" method=\"post\" class=\"wpcf7-form init\" aria-label=\"Contact form\" enctype=\"multipart\/form-data\" novalidate=\"novalidate\" data-status=\"init\">\n<div style=\"display: none;\">\n<input type=\"hidden\" name=\"_wpcf7\" value=\"102\" \/>\n<input type=\"hidden\" name=\"_wpcf7_version\" value=\"5.8.3\" \/>\n<input type=\"hidden\" name=\"_wpcf7_locale\" value=\"en_US\" \/>\n<input type=\"hidden\" name=\"_wpcf7_unit_tag\" value=\"wpcf7-f102-o1\" \/>\n<input type=\"hidden\" name=\"_wpcf7_container_post\" value=\"0\" \/>\n<input type=\"hidden\" name=\"_wpcf7_posted_data_hash\" value=\"\" \/>\n<input type=\"hidden\" name=\"_wpcf7_recaptcha_response\" value=\"\" \/>\n<\/div>\n<div class=\"row\"> \n <label><span class=\"label-text\">Name<\/span> \n  <span class=\"wpcf7-form-control-wrap\" data-name=\"text-full-name\"><input size=\"40\" class=\"wpcf7-form-control wpcf7-text wpcf7-validates-as-required\" aria-required=\"true\" aria-invalid=\"false\" placeholder=\"Name\" value=\"\" type=\"text\" name=\"text-full-name\" \/><\/span><\/label> \n<\/div> \n<div class=\"row\"> \n <label><span class=\"label-text\">Phone*<\/span> \n<span class=\"wpcf7-form-control-wrap\" data-name=\"phonetext-270\"><input size=\"40\" class=\"wpcf7-form-control wpcf7-phonetext wpcf7-validates-as-required wpcf7-text wpcf7-validates-as-phonetext\" aria-required=\"true\" aria-invalid=\"false\" placeholder=\"Phone*\" value=\"\" type=\"text\" name=\"phonetext-270\" \/><input type=\"hidden\" name=\"phonetext-270-country-code\" class=\"wpcf7-phonetext-country-code\" \/><\/span><\/label> \n<\/div> \n<div class=\"row\"> \n <label><span class=\"label-text\">E-mail<\/span> \n  <span class=\"wpcf7-form-control-wrap\" data-name=\"email-e-mail\"><input size=\"40\" class=\"wpcf7-form-control wpcf7-email wpcf7-validates-as-required wpcf7-text wpcf7-validates-as-email\" aria-required=\"true\" aria-invalid=\"false\" placeholder=\"E-mail\" value=\"\" type=\"email\" name=\"email-e-mail\" \/><\/span><\/label> \n<\/div> \n<div class=\"row\"><span>Your country<\/span> \n <label><span class=\"wpcf7-form-control-wrap\" data-name=\"countrytext-126\"><input size=\"40\" class=\"wpcf7-form-control wpcf7-countrytext wpcf7-text wpcf7-validates-as-countrytext\" aria-invalid=\"false\" value=\"\" type=\"text\" name=\"countrytext-126\" \/><\/span> <\/label>\n<\/div> \n<div class=\"row\"> \n <button type=\"submit\" class=\"btn\">Send<\/button> \n<\/div> \n<div class=\"row\"> \n <span class=\"wpcf7-form-control-wrap\" data-name=\"checkbox-931\"><span class=\"wpcf7-form-control wpcf7-checkbox\"><span class=\"wpcf7-list-item first\"><label><input type=\"checkbox\" name=\"checkbox-931[]\" value=\"Integrator\" \/><span class=\"wpcf7-list-item-label\">Integrator<\/span><\/label><\/span><span class=\"wpcf7-list-item\"><label><input type=\"checkbox\" name=\"checkbox-931[]\" value=\"Builder\" \/><span class=\"wpcf7-list-item-label\">Builder<\/span><\/label><\/span><span class=\"wpcf7-list-item last\"><label><input type=\"checkbox\" name=\"checkbox-931[]\" value=\"End-User\" \/><span class=\"wpcf7-list-item-label\">End-User<\/span><\/label><\/span><\/span><\/span> \n<\/div> \n<div class=\"row row-upload-file\"> \n <label class=\"upload-file-block js-upload-file\">Attach file \n  <span class=\"wpcf7-form-control-wrap\" data-name=\"file-466\"><input size=\"40\" class=\"wpcf7-form-control wpcf7-file\" accept=\"audio\/*,video\/*,image\/*\" aria-invalid=\"false\" type=\"file\" name=\"file-466\" \/><\/span><\/label> \n<\/div><input type='hidden' class='wpcf7-pum' value='{\"closepopup\":false,\"closedelay\":0,\"openpopup\":false,\"openpopup_id\":0}' \/><div class=\"wpcf7-response-output\" aria-hidden=\"true\"><\/div>\n<\/form>\n<\/div>\n            <\/div>\r\n\r\n\t\t    <div class=\"text-holder\" data-aos=\"fade-left\">\r\n\t\t\t\t\t\t    <h3 class=\"title-block\">How Can We Help?<\/h3>\r\n\t\t\t\r\n\t\t\t                <div class=\"text-block\">\r\n                    Please select a topic below related to your inquiry. If you don&#8217;t find what you need, fill out our contact form.                <\/div>\r\n\t\t\t\r\n\t\t\t\t\t\t    <ul class=\"link-list\">\r\n\t\t\t\t\t\t\t\t\t\t\t\t\t\t\t\t\t\t<li>\r\n\t\t\t\t\t\t\t\t\t\t\t\t\t\t\t\t    <strong>Get Inspired<\/strong>\r\n\t\t\t\t\t\t\t\t\t\t\t\t\t\t\t\t\t\t\t\t\t\t\t\t    <a href=\"\/features\/\">\r\n\t\t\t\t\t\t\t\t        Discover what&#8217;s beneath our intercom\t\t\t\t\t\t\t\t    <\/a>\r\n\t\t\t\t\t\t\t\t\t\t\t\t\t\t\t<\/li>\r\n\t\t\t\t\t\t\t\t\t\t\t\t\t\t\t\t\t\t\t\t\t\t\t\t<li>\r\n\t\t\t\t\t\t\t\t\t\t\t\t\t\t\t\t    <strong>Become a Partner<\/strong>\r\n\t\t\t\t\t\t\t\t\t\t\t\t\t\t\t\t\t\t\t\t\t\t\t\t    <a href=\"\/distributors\/\">\r\n\t\t\t\t\t\t\t\t        Expand your business with BAS-IP intercom\t\t\t\t\t\t\t\t    <\/a>\r\n\t\t\t\t\t\t\t\t\t\t\t\t\t\t\t<\/li>\r\n\t\t\t\t\t\t\t\t\t\t\t\t\t\t\t\t\t\t\t\t\t\t\t\t<li>\r\n\t\t\t\t\t\t\t\t\t\t\t\t\t\t\t\t    <strong>Check the Guides<\/strong>\r\n\t\t\t\t\t\t\t\t\t\t\t\t\t\t\t\t\t\t\t\t\t\t\t\t    <a href=\"\/support\/\">\r\n\t\t\t\t\t\t\t\t        Download detailed manuals and schemes\t\t\t\t\t\t\t\t    <\/a>\r\n\t\t\t\t\t\t\t\t\t\t\t\t\t\t\t<\/li>\r\n\t\t\t\t\t\t\t\t\t\t\t\t\t\t\t<\/ul>\r\n\t\t\t\r\n\t\t\t\t\t\t    <h3 class=\"title-block\">Our contacts<\/h3>\r\n\t\t\t\r\n\t\t\t\t\t\t\t<ul class=\"contact-list\">\r\n\t\t\t\t\t\t\t\t\t\t\t\t\t\t\t\t\t\t<li>\r\n\t\t\t\t\t\t\t\t\t\t\t\t\t\t\t\t\t<strong>Sales:<\/strong>\r\n\t\t\t\t\t\t\t\t\t\t\t\t\t\t\t\t\t\t\t\t\t\t\t\t    <a href=\"mailto:sale&#115;&#64;&#98;as&#45;ip.co&#109;\">sa&#108;e&#115;&#64;bas&#45;i&#112;.c&#111;m<\/a>\r\n\t\t\t\t\t\t\t\t\t\t\t\t\t\t\t<\/li>\r\n\t\t\t\t\t\t\t\t\t\t\t\t\t\t\t\t\t\t\t\t\t\t\t\t<li>\r\n\t\t\t\t\t\t\t\t\t\t\t\t\t\t\t\t\t<strong>Technical support:<\/strong>\r\n\t\t\t\t\t\t\t\t\t\t\t\t\t\t\t\t\t\t\t\t\t\t\t\t    <a href=\"mailto:sup&#112;or&#116;&#64;&#98;a&#115;&#45;ip&#46;&#99;om\">&#115;&#117;&#112;&#112;or&#116;&#64;bas&#45;&#105;&#112;&#46;&#99;om<\/a>\r\n\t\t\t\t\t\t\t\t\t\t\t\t\t\t\t<\/li>\r\n\t\t\t\t\t\t\t\t\t\t\t\t\t\t\t<\/ul>\r\n\t\t\t\t\t<\/div>\r\n\t<\/section>\r\n\r\n\r\n\r\n<!-- END Block Sign Up -->","protected":false},"excerpt":{"rendered":"<p>Integreringen av BAS-IP intercoms med AXIS CCTV-kameraer, spesielt for funksjonen automatisk nummerskiltgjenkjenning (ALPR), inneb\u00e6rer et enkelt, men effektivt oppsett. Denne integrasjonen muliggj\u00f8r s\u00f8ml\u00f8s drift og kostnadseffektivitet ved \u00e5 eliminere behovet for profesjonell ALPR-programvare. Her er en detaljert beskrivelse av hvordan denne integrasjonen fungerer: Oversikt over integrasjon M\u00e5lsetting: \u00c5 automatisere port\u00e5pning ved hjelp av nummerskiltgjenkjenning ved [&hellip;]<\/p>","protected":false},"author":3,"featured_media":0,"parent":0,"menu_order":0,"comment_status":"closed","ping_status":"closed","template":"page-custom-breadcrumbs.php","meta":{"inline_featured_image":false,"footnotes":""},"class_list":["post-121705","page","type-page","status-publish","hentry"],"acf":[],"_links":{"self":[{"href":"https:\/\/bas-ip.com\/no\/wp-json\/wp\/v2\/pages\/121705","targetHints":{"allow":["GET"]}}],"collection":[{"href":"https:\/\/bas-ip.com\/no\/wp-json\/wp\/v2\/pages"}],"about":[{"href":"https:\/\/bas-ip.com\/no\/wp-json\/wp\/v2\/types\/page"}],"author":[{"embeddable":true,"href":"https:\/\/bas-ip.com\/no\/wp-json\/wp\/v2\/users\/3"}],"replies":[{"embeddable":true,"href":"https:\/\/bas-ip.com\/no\/wp-json\/wp\/v2\/comments?post=121705"}],"version-history":[{"count":1,"href":"https:\/\/bas-ip.com\/no\/wp-json\/wp\/v2\/pages\/121705\/revisions"}],"predecessor-version":[{"id":121706,"href":"https:\/\/bas-ip.com\/no\/wp-json\/wp\/v2\/pages\/121705\/revisions\/121706"}],"wp:attachment":[{"href":"https:\/\/bas-ip.com\/no\/wp-json\/wp\/v2\/media?parent=121705"}],"curies":[{"name":"wp","href":"https:\/\/api.w.org\/{rel}","templated":true}]}}