{"id":77513,"date":"2023-04-05T10:35:01","date_gmt":"2023-04-05T10:35:01","guid":{"rendered":"https:\/\/bas-ip.com\/?page_id=77513"},"modified":"2023-05-02T06:33:15","modified_gmt":"2023-05-02T06:33:15","slug":"crestron","status":"publish","type":"page","link":"https:\/\/bas-ip.com\/nl\/crestron\/","title":{"rendered":"Crestron"},"content":{"rendered":"<div class=\"wp-block-image\">\n<figure class=\"aligncenter size-full is-resized\"><img loading=\"lazy\" decoding=\"async\" src=\"https:\/\/bas-ip.com\/wp-content\/uploads\/2023\/04\/crestron_logo.png\" alt=\"\" class=\"wp-image-67973\" width=\"501\" height=\"284\" srcset=\"https:\/\/bas-ip.com\/wp-content\/uploads\/2023\/04\/crestron_logo.png 668w,  https:\/\/bas-ip.com\/wp-content\/uploads\/2023\/04\/crestron_logo-300x170.png 300w\" sizes=\"auto, (max-width: 501px) 100vw, 501px\" \/><\/figure>\n<\/div>\n\n<!-- START Block Integrations Text & Image --><section id=\"block_642d4e5e447ff\" class=\"integrations-text-image-section\">\r\n\t\t<div class=\"image-holder\" data-aos=\"fade-left\">\r\n\t\t<img loading=\"lazy\" decoding=\"async\" width=\"810\" height=\"579\" src=\"https:\/\/bas-ip.com\/wp-content\/uploads\/2023\/04\/crestron_pic2.jpg\" class=\"attachment-large size-large\" alt=\"\" srcset=\"https:\/\/bas-ip.com\/wp-content\/uploads\/2023\/04\/crestron_pic2.jpg 810w,  https:\/\/bas-ip.com\/wp-content\/uploads\/2023\/04\/crestron_pic2-300x214.jpg 300w,  https:\/\/bas-ip.com\/wp-content\/uploads\/2023\/04\/crestron_pic2-768x549.jpg 768w,  https:\/\/bas-ip.com\/wp-content\/uploads\/2023\/04\/crestron_pic2-767x548.jpg 767w\" sizes=\"auto, (max-width: 810px) 100vw, 810px\" \/>\t<\/div>\r\n\t\r\n\t<div class=\"text-holder\" data-aos=\"fade-right\">\r\n\t\t\t\t\t\t<div class=\"text-block\">\r\n\t\t\t<div class=\"wrapper container margin_t_b_80_p\">\n<div class=\"auntk_text_p\">\n<h1>BAS-IP SIP intercoms voldoen aan de Crestron Smart Home Automation eisen<\/h1>\n<p>De toekomst van slim wonen is al gearriveerd, want we hebben de robuuste mogelijkheden van BAS-IP SIP-intercoms gecombineerd met de onge\u00ebvenaarde intelligentie van Crestron domoticasystemen. Laat u verrassen door een symfonie van geavanceerde technologie die uw levensstijl naar nieuwe hoogten zal tillen.<\/p>\n<h2>De perfecte sfeer cre\u00ebren<\/h2>\n<p>Stelt u zich een huis voor dat naar uw pijpen danst, een huis waar u de perfecte sfeer kunt cre\u00ebren zonder de BAS-IP intercom monitor te verlaten. Enter de Crestron app, een maestro die een brug slaat tussen uw intercom en de apparaten die op uw Crestron server zijn aangesloten. Dankzij de integratieoptie kunt u nu eenvoudig gordijnen, jaloezie\u00ebn, verlichting en muziek rechtstreeks vanaf de intercommonitor bedienen, waardoor een harmonieuze mix van eenvoud en verfijning ontstaat.<\/p>\n<h2>Naadloze integratie voor een uniforme ervaring<\/h2>\n<p>Het proces is zo eenvoudig als het maar kan. Onze naadloze integratie wordt direct op de BAS-IP binnenmonitoren uitgevoerd door simpelweg de Crestron app te installeren en een geregistreerd account te gebruiken. Met deze innovatieve oplossing kunt u genieten van \u00e9\u00e9n enkele ervaring die communicatie, beveiliging en smart home management combineert in \u00e9\u00e9n stijlvol en effici\u00ebnt pakket.<\/p>\n<h2>Verhoog het IQ van uw huis<\/h2>\n<p>Het partnerschap tussen BAS-IP SIP-intercoms en Crestron verbetert het IQ van uw huis, waardoor uw dagelijks leven niet alleen comfortabeler en veiliger wordt, maar ook een vleugje zwier toevoegt aan uw levensstijl. Van het ontvangen van gasten tot het cre\u00ebren van de perfecte ambiance voor een romantisch diner, deze integratie verandert uw huis in een slimme haven die aan al uw wensen voldoet.<\/p>\n<h2>Beleef een betoverende fusie<\/h2>\n<p>Ervaar de betoverende fusie van BAS-IP SIP-intercoms en Crestron intelligente domoticasystemen en maak van uw huis een intelligent meesterwerk dat in alle opzichten verblindt en verrukt. Klaar om uw huis te laten zingen van mogelijkheden? Sluit u vandaag nog aan bij de symfonie van innovatie!<\/p>\n<h2>Omarm de toekomst<\/h2>\n<p>Ervaar de magie. Laat BAS-IP en Crestron uw levensstijl verhogen.<\/p>\n<\/div>\n<\/div>\t\t<\/div>\r\n\t\t\r\n\t\t\r\n\t\t\t<\/div>\r\n<\/section>\r\n<!-- END Block Integrations Text & Image -->\n\n<!-- START Block Sign Up --><section id=\"block_629678229e935\" class=\"sign-up-section\">\r\n\r\n    <div class=\"form-holder js-form\" data-aos=\"fade-right\">\r\n                    <div class=\"title-block h3\">Sign up for connection<\/div>\r\n        \r\n                    <div class=\"text-block\">\r\n                Filling out all the information needed to answer you as quickly as possible            <\/div>\r\n        \r\n                    \n<div class=\"wpcf7 no-js\" id=\"wpcf7-f102-o1\" lang=\"en-US\" dir=\"ltr\">\n<div class=\"screen-reader-response\"><p role=\"status\" aria-live=\"polite\" aria-atomic=\"true\"><\/p> <ul><\/ul><\/div>\n<form action=\"\/nl\/wp-json\/wp\/v2\/pages\/77513#wpcf7-f102-o1\" method=\"post\" class=\"wpcf7-form init\" aria-label=\"Contact form\" enctype=\"multipart\/form-data\" novalidate=\"novalidate\" data-status=\"init\">\n<div style=\"display: none;\">\n<input type=\"hidden\" name=\"_wpcf7\" value=\"102\" \/>\n<input type=\"hidden\" name=\"_wpcf7_version\" value=\"5.8.3\" \/>\n<input type=\"hidden\" name=\"_wpcf7_locale\" value=\"en_US\" \/>\n<input type=\"hidden\" name=\"_wpcf7_unit_tag\" value=\"wpcf7-f102-o1\" \/>\n<input type=\"hidden\" name=\"_wpcf7_container_post\" value=\"0\" \/>\n<input type=\"hidden\" name=\"_wpcf7_posted_data_hash\" value=\"\" \/>\n<input type=\"hidden\" name=\"_wpcf7_recaptcha_response\" value=\"\" \/>\n<\/div>\n<div class=\"row\"> \n <label><span class=\"label-text\">Name<\/span> \n  <span class=\"wpcf7-form-control-wrap\" data-name=\"text-full-name\"><input size=\"40\" class=\"wpcf7-form-control wpcf7-text wpcf7-validates-as-required\" aria-required=\"true\" aria-invalid=\"false\" placeholder=\"Name\" value=\"\" type=\"text\" name=\"text-full-name\" \/><\/span><\/label> \n<\/div> \n<div class=\"row\"> \n <label><span class=\"label-text\">Phone*<\/span> \n<span class=\"wpcf7-form-control-wrap\" data-name=\"phonetext-270\"><input size=\"40\" class=\"wpcf7-form-control wpcf7-phonetext wpcf7-validates-as-required wpcf7-text wpcf7-validates-as-phonetext\" aria-required=\"true\" aria-invalid=\"false\" placeholder=\"Phone*\" value=\"\" type=\"text\" name=\"phonetext-270\" \/><input type=\"hidden\" name=\"phonetext-270-country-code\" class=\"wpcf7-phonetext-country-code\" \/><\/span><\/label> \n<\/div> \n<div class=\"row\"> \n <label><span class=\"label-text\">E-mail<\/span> \n  <span class=\"wpcf7-form-control-wrap\" data-name=\"email-e-mail\"><input size=\"40\" class=\"wpcf7-form-control wpcf7-email wpcf7-validates-as-required wpcf7-text wpcf7-validates-as-email\" aria-required=\"true\" aria-invalid=\"false\" placeholder=\"E-mail\" value=\"\" type=\"email\" name=\"email-e-mail\" \/><\/span><\/label> \n<\/div> \n<div class=\"row\"><span>Your country<\/span> \n <label><span class=\"wpcf7-form-control-wrap\" data-name=\"countrytext-126\"><input size=\"40\" class=\"wpcf7-form-control wpcf7-countrytext wpcf7-text wpcf7-validates-as-countrytext\" aria-invalid=\"false\" value=\"\" type=\"text\" name=\"countrytext-126\" \/><\/span> <\/label>\n<\/div> \n<div class=\"row\"> \n <button type=\"submit\" class=\"btn\">Send<\/button> \n<\/div> \n<div class=\"row\"> \n <span class=\"wpcf7-form-control-wrap\" data-name=\"checkbox-931\"><span class=\"wpcf7-form-control wpcf7-checkbox\"><span class=\"wpcf7-list-item first\"><label><input type=\"checkbox\" name=\"checkbox-931[]\" value=\"Integrator\" \/><span class=\"wpcf7-list-item-label\">Integrator<\/span><\/label><\/span><span class=\"wpcf7-list-item\"><label><input type=\"checkbox\" name=\"checkbox-931[]\" value=\"Builder\" \/><span class=\"wpcf7-list-item-label\">Builder<\/span><\/label><\/span><span class=\"wpcf7-list-item last\"><label><input type=\"checkbox\" name=\"checkbox-931[]\" value=\"End-User\" \/><span class=\"wpcf7-list-item-label\">End-User<\/span><\/label><\/span><\/span><\/span> \n<\/div> \n<div class=\"row row-upload-file\"> \n <label class=\"upload-file-block js-upload-file\">Attach file \n  <span class=\"wpcf7-form-control-wrap\" data-name=\"file-466\"><input size=\"40\" class=\"wpcf7-form-control wpcf7-file\" accept=\"audio\/*,video\/*,image\/*\" aria-invalid=\"false\" type=\"file\" name=\"file-466\" \/><\/span><\/label> \n<\/div><input type='hidden' class='wpcf7-pum' value='{\"closepopup\":false,\"closedelay\":0,\"openpopup\":false,\"openpopup_id\":0}' \/><div class=\"wpcf7-response-output\" aria-hidden=\"true\"><\/div>\n<\/form>\n<\/div>\n            <\/div>\r\n\r\n\t\t    <div class=\"text-holder\" data-aos=\"fade-left\">\r\n\t\t\t\t\t\t    <h3 class=\"title-block\">How Can We Help?<\/h3>\r\n\t\t\t\r\n\t\t\t                <div class=\"text-block\">\r\n                    Please select a topic below related to your inquiry. If you don&#8217;t find what you need, fill out our contact form.                <\/div>\r\n\t\t\t\r\n\t\t\t\t\t\t    <ul class=\"link-list\">\r\n\t\t\t\t\t\t\t\t\t\t\t\t\t\t\t\t\t\t<li>\r\n\t\t\t\t\t\t\t\t\t\t\t\t\t\t\t\t    <strong>Get Inspired<\/strong>\r\n\t\t\t\t\t\t\t\t\t\t\t\t\t\t\t\t\t\t\t\t\t\t\t\t    <a href=\"\/features\/\">\r\n\t\t\t\t\t\t\t\t        Discover what&#8217;s beneath our intercom\t\t\t\t\t\t\t\t    <\/a>\r\n\t\t\t\t\t\t\t\t\t\t\t\t\t\t\t<\/li>\r\n\t\t\t\t\t\t\t\t\t\t\t\t\t\t\t\t\t\t\t\t\t\t\t\t<li>\r\n\t\t\t\t\t\t\t\t\t\t\t\t\t\t\t\t    <strong>Become a Partner<\/strong>\r\n\t\t\t\t\t\t\t\t\t\t\t\t\t\t\t\t\t\t\t\t\t\t\t\t    <a href=\"\/distributors\/\">\r\n\t\t\t\t\t\t\t\t        Expand your business with BAS-IP intercom\t\t\t\t\t\t\t\t    <\/a>\r\n\t\t\t\t\t\t\t\t\t\t\t\t\t\t\t<\/li>\r\n\t\t\t\t\t\t\t\t\t\t\t\t\t\t\t\t\t\t\t\t\t\t\t\t<li>\r\n\t\t\t\t\t\t\t\t\t\t\t\t\t\t\t\t    <strong>Check the Guides<\/strong>\r\n\t\t\t\t\t\t\t\t\t\t\t\t\t\t\t\t\t\t\t\t\t\t\t\t    <a href=\"\/support\/\">\r\n\t\t\t\t\t\t\t\t        Download detailed manuals and schemes\t\t\t\t\t\t\t\t    <\/a>\r\n\t\t\t\t\t\t\t\t\t\t\t\t\t\t\t<\/li>\r\n\t\t\t\t\t\t\t\t\t\t\t\t\t\t\t<\/ul>\r\n\t\t\t\r\n\t\t\t\t\t\t    <h3 class=\"title-block\">Our contacts<\/h3>\r\n\t\t\t\r\n\t\t\t\t\t\t\t<ul class=\"contact-list\">\r\n\t\t\t\t\t\t\t\t\t\t\t\t\t\t\t\t\t\t<li>\r\n\t\t\t\t\t\t\t\t\t\t\t\t\t\t\t\t\t<strong>Sales:<\/strong>\r\n\t\t\t\t\t\t\t\t\t\t\t\t\t\t\t\t\t\t\t\t\t\t\t\t    <a href=\"mailto:s&#97;l&#101;&#115;&#64;&#98;&#97;&#115;-i&#112;&#46;&#99;o&#109;\">&#115;a&#108;&#101;&#115;&#64;b&#97;s-&#105;p&#46;&#99;&#111;m<\/a>\r\n\t\t\t\t\t\t\t\t\t\t\t\t\t\t\t<\/li>\r\n\t\t\t\t\t\t\t\t\t\t\t\t\t\t\t\t\t\t\t\t\t\t\t\t<li>\r\n\t\t\t\t\t\t\t\t\t\t\t\t\t\t\t\t\t<strong>Technical support:<\/strong>\r\n\t\t\t\t\t\t\t\t\t\t\t\t\t\t\t\t\t\t\t\t\t\t\t\t    <a href=\"mailto:&#115;u&#112;port&#64;b&#97;&#115;-&#105;&#112;.c&#111;&#109;\">sup&#112;or&#116;&#64;&#98;as-ip.&#99;&#111;&#109;<\/a>\r\n\t\t\t\t\t\t\t\t\t\t\t\t\t\t\t<\/li>\r\n\t\t\t\t\t\t\t\t\t\t\t\t\t\t\t<\/ul>\r\n\t\t\t\t\t<\/div>\r\n\t<\/section>\r\n\r\n\r\n\r\n<!-- END Block Sign Up -->","protected":false},"excerpt":{"rendered":"","protected":false},"author":1,"featured_media":0,"parent":0,"menu_order":0,"comment_status":"closed","ping_status":"closed","template":"page-custom-breadcrumbs.php","meta":{"inline_featured_image":false,"footnotes":""},"class_list":["post-77513","page","type-page","status-publish","hentry"],"acf":[],"_links":{"self":[{"href":"https:\/\/bas-ip.com\/nl\/wp-json\/wp\/v2\/pages\/77513","targetHints":{"allow":["GET"]}}],"collection":[{"href":"https:\/\/bas-ip.com\/nl\/wp-json\/wp\/v2\/pages"}],"about":[{"href":"https:\/\/bas-ip.com\/nl\/wp-json\/wp\/v2\/types\/page"}],"author":[{"embeddable":true,"href":"https:\/\/bas-ip.com\/nl\/wp-json\/wp\/v2\/users\/1"}],"replies":[{"embeddable":true,"href":"https:\/\/bas-ip.com\/nl\/wp-json\/wp\/v2\/comments?post=77513"}],"version-history":[{"count":2,"href":"https:\/\/bas-ip.com\/nl\/wp-json\/wp\/v2\/pages\/77513\/revisions"}],"predecessor-version":[{"id":77546,"href":"https:\/\/bas-ip.com\/nl\/wp-json\/wp\/v2\/pages\/77513\/revisions\/77546"}],"wp:attachment":[{"href":"https:\/\/bas-ip.com\/nl\/wp-json\/wp\/v2\/media?parent=77513"}],"curies":[{"name":"wp","href":"https:\/\/api.w.org\/{rel}","templated":true}]}}