{"id":140852,"date":"2025-06-03T12:48:57","date_gmt":"2025-06-03T12:48:57","guid":{"rendered":"https:\/\/bas-ip.com\/condo-control\/"},"modified":"2025-08-05T09:50:52","modified_gmt":"2025-08-05T09:50:52","slug":"condo-control","status":"publish","type":"page","link":"https:\/\/bas-ip.com\/nl\/condo-control\/","title":{"rendered":"Condo Control"},"content":{"rendered":"<h2>BAS-IP en Condo Control kondigen integratie aan om de woonervaring te verbeteren<\/h2>\n\n<div class=\"wp-block-image\">\n<figure class=\"aligncenter size-large\"><img loading=\"lazy\" decoding=\"async\" width=\"1024\" height=\"235\" src=\"https:\/\/bas-ip.com\/wp-content\/uploads\/2025\/06\/Condo-Control-1024x235.png\" alt=\"\" class=\"wp-image-138764\" srcset=\"https:\/\/bas-ip.com\/wp-content\/uploads\/2025\/06\/Condo-Control-1024x235.png 1024w,  https:\/\/bas-ip.com\/wp-content\/uploads\/2025\/06\/Condo-Control-300x69.png 300w,  https:\/\/bas-ip.com\/wp-content\/uploads\/2025\/06\/Condo-Control-768x177.png 768w,  https:\/\/bas-ip.com\/wp-content\/uploads\/2025\/06\/Condo-Control-767x176.png 767w,  https:\/\/bas-ip.com\/wp-content\/uploads\/2025\/06\/Condo-Control.png 1266w\" sizes=\"auto, (max-width: 1024px) 100vw, 1024px\" \/><\/figure>\n<\/div>\n\n<p>BAS-IP, een toonaangevende ontwikkelaar van IP-intercomsystemen, en Condo Control, het alles-in-\u00e9\u00e9n-platform dat de bedrijfsvoering voor meer dan 2 miljoen bewoners digitaliseert, hebben vandaag een strategische integratie aangekondigd. Deze samenwerking cre\u00ebert \u00e9\u00e9n enkele bron van waarheid voor bewonersgegevens, elimineert dubbele invoer en maakt naadloze synchronisatie van bewonersgegevens tussen de twee systemen mogelijk. Dit zorgt voor een nieuw niveau van gemak en nauwkeurigheid van gegevens voor bewoners en vastgoedbeheerders in Canada.<\/p>\n<p>Het belangrijkste kenmerk van deze integratie is de synchronisatie van de bewonerslijst van het Condo Control-platform met BAS-IP-intercoms. In plaats van appartementnummers te bellen, scrollen bezoekers door een alfabetische smart directory, tikken ze op een naam en het belpaneel toont nu een telefoonboek met de namen van de bewoners, wat een intu\u00eftievere en gebruikersgerichtere aanpak biedt.<\/p>\n<p>Het Condo Control-systeem fungeert als de primaire interface voor vastgoedbeheerders om eenvoudig bewonersgegevens toe te voegen, te verwijderen en bij te werken. Deze wijzigingen worden automatisch overgebracht naar de smart directory van het intercomsysteem via het BAS-IP Link-beheerplatform, dat fungeert als middleware. BAS-IP Link beheert ook het belproces, wat een betrouwbare communicatie garandeert.<\/p>\n<p>Deze verbetering werd ge\u00efmplementeerd met de voorkeuren van Canadese bewoners in gedachten, die gewend zijn om oproepen te ontvangen op hun persoonlijke mobiele nummers in plaats van op een vast apparaat in het appartement.<\/p>\n<p>&#8220;Onze missie is om de gemeenschapsactiviteiten te digitaliseren en te stroomlijnen,&#8221; aldus Brian Bosscher van Condo Control. &#8220;Door samen te werken met BAS-IP kunnen beheerders gegevens slechts \u00e9\u00e9n keer bijwerken en krijgen bewoners de wrijvingsloze, mobiele toegang die ze verwachten.&#8221;<\/p>\n<p><strong><u>Belangrijkste voordelen:<\/u><\/strong><\/p>\n<ul>\n<li><b>Geen dubbele invoer<\/b> \u2013 bewonersgegevens stromen automatisch door.<\/li>\n<li><b>Oproepen bereiken de juiste persoon de eerste keer<\/b> \u2013 minder terugbellen vanuit de lobby.<\/li>\n<li><b>Mobiel-eerst-ervaring<\/b> \u2013 bewoners kunnen opnemen vanaf elke mobiele telefoon.<\/li>\n<li><b>Altijd actueel:<\/b> telefoonnummers en verhuizingen worden direct gesynchroniseerd.<\/li>\n<\/ul>\n<p><strong><u>Het belproces is verbeterd voor maximale flexibiliteit:<\/u><\/strong><\/p>\n<ul>\n<li><b>Directe oproep naar bewoner:<\/b> Bezoekers kunnen een specifieke bewoner bellen op hun persoonlijke telefoonnummer of in de mobiele BAS-IP Link-app door hun naam te selecteren uit de smart directory of een specifieke code in te voeren.<\/li>\n<li><b>Appartementoproep:<\/b> De traditionele optie om alle bewoners van een appartement tegelijkertijd te bellen, is nog steeds beschikbaar.<\/li>\n<li><b>Hybride model:<\/b> Beide opties kunnen gelijktijdig op \u00e9\u00e9n belapparaat worden ondersteund.<\/li>\n<\/ul>\n<p><strong><u>Hoe de integratie werkt:<\/u><\/strong><\/p>\n<ul>\n<li><b>Registratie:<\/b> De beheerder registreert een bewoner in het Condo Control-systeem en voegt hun contactinformatie toe.<\/li>\n<li><b>Synchronisatie:<\/b> De BAS-IP Link-server stuurt de gegevens van de bewoner automatisch naar de Smart directory van het belpaneel.<\/li>\n<li><b>Oproep:<\/b> Een koerier of gast selecteert de bewoner op naam of voert hun code in.<\/li>\n<li><b>Antwoord:<\/b> De bewoner beantwoordt de oproep vanaf het paneel op hun persoonlijke mobiele nummer (via een aangesloten Twilio SIP-trunk) of in de BAS-IP Link-app.<\/li>\n<li><b>Toegang:<\/b> De bewoner kan de deur op afstand openen.<\/li>\n<\/ul>\n<p>De integratie zorgt ook voor automatische data-updates. Eventuele wijzigingen in het telefoonnummer van een bewoner, het verwijderen van een gebruiker of een mobiele app-sessie in het Condo Control-systeem worden onmiddellijk weerspiegeld in het BAS-IP Link-doorschakelschema, wat garandeert dat de contactinformatie altijd actueel is.<\/p>\n<p>Deze integratie vertegenwoordigt een belangrijke stap voorwaarts in het cre\u00ebren van slimmere, handigere woonruimtes. Door de geavanceerde IP-intercomtechnologie van BAS-IP te combineren met de krachtige vastgoedbeheermogelijkheden van Condo Control, leveren de bedrijven een oplossing die voldoet aan de moderne behoeften van bewoners en de workflow voor beheerders vereenvoudigt.<\/p>\n\n<!-- START Block Sign Up --><section id=\"block_629678229e935\" class=\"sign-up-section\">\r\n\r\n    <div class=\"form-holder js-form\" data-aos=\"fade-right\">\r\n                    <div class=\"title-block h3\">Sign up for connection<\/div>\r\n        \r\n                    <div class=\"text-block\">\r\n                Filling out all the information needed to answer you as quickly as possible            <\/div>\r\n        \r\n                    \n<div class=\"wpcf7 no-js\" id=\"wpcf7-f102-o1\" lang=\"en-US\" dir=\"ltr\">\n<div class=\"screen-reader-response\"><p role=\"status\" aria-live=\"polite\" aria-atomic=\"true\"><\/p> <ul><\/ul><\/div>\n<form action=\"\/nl\/wp-json\/wp\/v2\/pages\/140852#wpcf7-f102-o1\" method=\"post\" class=\"wpcf7-form init\" aria-label=\"Contact form\" enctype=\"multipart\/form-data\" novalidate=\"novalidate\" data-status=\"init\">\n<div style=\"display: none;\">\n<input type=\"hidden\" name=\"_wpcf7\" value=\"102\" \/>\n<input type=\"hidden\" name=\"_wpcf7_version\" value=\"5.8.3\" \/>\n<input type=\"hidden\" name=\"_wpcf7_locale\" value=\"en_US\" \/>\n<input type=\"hidden\" name=\"_wpcf7_unit_tag\" value=\"wpcf7-f102-o1\" \/>\n<input type=\"hidden\" name=\"_wpcf7_container_post\" value=\"0\" \/>\n<input type=\"hidden\" name=\"_wpcf7_posted_data_hash\" value=\"\" \/>\n<input type=\"hidden\" name=\"_wpcf7_recaptcha_response\" value=\"\" \/>\n<\/div>\n<div class=\"row\"> \n <label><span class=\"label-text\">Name<\/span> \n  <span class=\"wpcf7-form-control-wrap\" data-name=\"text-full-name\"><input size=\"40\" class=\"wpcf7-form-control wpcf7-text wpcf7-validates-as-required\" aria-required=\"true\" aria-invalid=\"false\" placeholder=\"Name\" value=\"\" type=\"text\" name=\"text-full-name\" \/><\/span><\/label> \n<\/div> \n<div class=\"row\"> \n <label><span class=\"label-text\">Phone*<\/span> \n<span class=\"wpcf7-form-control-wrap\" data-name=\"phonetext-270\"><input size=\"40\" class=\"wpcf7-form-control wpcf7-phonetext wpcf7-validates-as-required wpcf7-text wpcf7-validates-as-phonetext\" aria-required=\"true\" aria-invalid=\"false\" placeholder=\"Phone*\" value=\"\" type=\"text\" name=\"phonetext-270\" \/><input type=\"hidden\" name=\"phonetext-270-country-code\" class=\"wpcf7-phonetext-country-code\" \/><\/span><\/label> \n<\/div> \n<div class=\"row\"> \n <label><span class=\"label-text\">E-mail<\/span> \n  <span class=\"wpcf7-form-control-wrap\" data-name=\"email-e-mail\"><input size=\"40\" class=\"wpcf7-form-control wpcf7-email wpcf7-validates-as-required wpcf7-text wpcf7-validates-as-email\" aria-required=\"true\" aria-invalid=\"false\" placeholder=\"E-mail\" value=\"\" type=\"email\" name=\"email-e-mail\" \/><\/span><\/label> \n<\/div> \n<div class=\"row\"><span>Your country<\/span> \n <label><span class=\"wpcf7-form-control-wrap\" data-name=\"countrytext-126\"><input size=\"40\" class=\"wpcf7-form-control wpcf7-countrytext wpcf7-text wpcf7-validates-as-countrytext\" aria-invalid=\"false\" value=\"\" type=\"text\" name=\"countrytext-126\" \/><\/span> <\/label>\n<\/div> \n<div class=\"row\"> \n <button type=\"submit\" class=\"btn\">Send<\/button> \n<\/div> \n<div class=\"row\"> \n <span class=\"wpcf7-form-control-wrap\" data-name=\"checkbox-931\"><span class=\"wpcf7-form-control wpcf7-checkbox\"><span class=\"wpcf7-list-item first\"><label><input type=\"checkbox\" name=\"checkbox-931[]\" value=\"Integrator\" \/><span class=\"wpcf7-list-item-label\">Integrator<\/span><\/label><\/span><span class=\"wpcf7-list-item\"><label><input type=\"checkbox\" name=\"checkbox-931[]\" value=\"Builder\" \/><span class=\"wpcf7-list-item-label\">Builder<\/span><\/label><\/span><span class=\"wpcf7-list-item last\"><label><input type=\"checkbox\" name=\"checkbox-931[]\" value=\"End-User\" \/><span class=\"wpcf7-list-item-label\">End-User<\/span><\/label><\/span><\/span><\/span> \n<\/div> \n<div class=\"row row-upload-file\"> \n <label class=\"upload-file-block js-upload-file\">Attach file \n  <span class=\"wpcf7-form-control-wrap\" data-name=\"file-466\"><input size=\"40\" class=\"wpcf7-form-control wpcf7-file\" accept=\"audio\/*,video\/*,image\/*\" aria-invalid=\"false\" type=\"file\" name=\"file-466\" \/><\/span><\/label> \n<\/div><input type='hidden' class='wpcf7-pum' value='{\"closepopup\":false,\"closedelay\":0,\"openpopup\":false,\"openpopup_id\":0}' \/><div class=\"wpcf7-response-output\" aria-hidden=\"true\"><\/div>\n<\/form>\n<\/div>\n            <\/div>\r\n\r\n\t\t    <div class=\"text-holder\" data-aos=\"fade-left\">\r\n\t\t\t\t\t\t    <h3 class=\"title-block\">How Can We Help?<\/h3>\r\n\t\t\t\r\n\t\t\t                <div class=\"text-block\">\r\n                    Please select a topic below related to your inquiry. If you don&#8217;t find what you need, fill out our contact form.                <\/div>\r\n\t\t\t\r\n\t\t\t\t\t\t    <ul class=\"link-list\">\r\n\t\t\t\t\t\t\t\t\t\t\t\t\t\t\t\t\t\t<li>\r\n\t\t\t\t\t\t\t\t\t\t\t\t\t\t\t\t    <strong>Get Inspired<\/strong>\r\n\t\t\t\t\t\t\t\t\t\t\t\t\t\t\t\t\t\t\t\t\t\t\t\t    <a href=\"\/features\/\">\r\n\t\t\t\t\t\t\t\t        Discover what&#8217;s beneath our intercom\t\t\t\t\t\t\t\t    <\/a>\r\n\t\t\t\t\t\t\t\t\t\t\t\t\t\t\t<\/li>\r\n\t\t\t\t\t\t\t\t\t\t\t\t\t\t\t\t\t\t\t\t\t\t\t\t<li>\r\n\t\t\t\t\t\t\t\t\t\t\t\t\t\t\t\t    <strong>Become a Partner<\/strong>\r\n\t\t\t\t\t\t\t\t\t\t\t\t\t\t\t\t\t\t\t\t\t\t\t\t    <a href=\"\/distributors\/\">\r\n\t\t\t\t\t\t\t\t        Expand your business with BAS-IP intercom\t\t\t\t\t\t\t\t    <\/a>\r\n\t\t\t\t\t\t\t\t\t\t\t\t\t\t\t<\/li>\r\n\t\t\t\t\t\t\t\t\t\t\t\t\t\t\t\t\t\t\t\t\t\t\t\t<li>\r\n\t\t\t\t\t\t\t\t\t\t\t\t\t\t\t\t    <strong>Check the Guides<\/strong>\r\n\t\t\t\t\t\t\t\t\t\t\t\t\t\t\t\t\t\t\t\t\t\t\t\t    <a href=\"\/support\/\">\r\n\t\t\t\t\t\t\t\t        Download detailed manuals and schemes\t\t\t\t\t\t\t\t    <\/a>\r\n\t\t\t\t\t\t\t\t\t\t\t\t\t\t\t<\/li>\r\n\t\t\t\t\t\t\t\t\t\t\t\t\t\t\t<\/ul>\r\n\t\t\t\r\n\t\t\t\t\t\t    <h3 class=\"title-block\">Our contacts<\/h3>\r\n\t\t\t\r\n\t\t\t\t\t\t\t<ul class=\"contact-list\">\r\n\t\t\t\t\t\t\t\t\t\t\t\t\t\t\t\t\t\t<li>\r\n\t\t\t\t\t\t\t\t\t\t\t\t\t\t\t\t\t<strong>Sales:<\/strong>\r\n\t\t\t\t\t\t\t\t\t\t\t\t\t\t\t\t\t\t\t\t\t\t\t\t    <a href=\"mailto:s&#97;&#108;&#101;s&#64;ba&#115;-&#105;p.c&#111;m\">sal&#101;&#115;&#64;b&#97;s&#45;ip.com<\/a>\r\n\t\t\t\t\t\t\t\t\t\t\t\t\t\t\t<\/li>\r\n\t\t\t\t\t\t\t\t\t\t\t\t\t\t\t\t\t\t\t\t\t\t\t\t<li>\r\n\t\t\t\t\t\t\t\t\t\t\t\t\t\t\t\t\t<strong>Technical support:<\/strong>\r\n\t\t\t\t\t\t\t\t\t\t\t\t\t\t\t\t\t\t\t\t\t\t\t\t    <a href=\"mailto:s&#117;&#112;&#112;ort&#64;bas&#45;&#105;p.co&#109;\">&#115;u&#112;por&#116;&#64;b&#97;s&#45;&#105;&#112;.&#99;&#111;m<\/a>\r\n\t\t\t\t\t\t\t\t\t\t\t\t\t\t\t<\/li>\r\n\t\t\t\t\t\t\t\t\t\t\t\t\t\t\t<\/ul>\r\n\t\t\t\t\t<\/div>\r\n\t<\/section>\r\n\r\n\r\n\r\n<!-- END Block Sign Up -->","protected":false},"excerpt":{"rendered":"<p>BAS-IP en Condo Control kondigen integratie aan om de woonervaring te verbeteren BAS-IP, een toonaangevende ontwikkelaar van IP-intercomsystemen, en Condo Control, het alles-in-\u00e9\u00e9n-platform dat de bedrijfsvoering voor meer dan 2 miljoen bewoners digitaliseert, hebben vandaag een strategische integratie aangekondigd. Deze samenwerking cre\u00ebert \u00e9\u00e9n enkele bron van waarheid voor bewonersgegevens, elimineert dubbele invoer en maakt naadloze [&hellip;]<\/p>","protected":false},"author":1,"featured_media":0,"parent":0,"menu_order":0,"comment_status":"closed","ping_status":"closed","template":"page-custom-breadcrumbs.php","meta":{"inline_featured_image":false,"footnotes":""},"class_list":["post-140852","page","type-page","status-publish","hentry"],"acf":[],"_links":{"self":[{"href":"https:\/\/bas-ip.com\/nl\/wp-json\/wp\/v2\/pages\/140852","targetHints":{"allow":["GET"]}}],"collection":[{"href":"https:\/\/bas-ip.com\/nl\/wp-json\/wp\/v2\/pages"}],"about":[{"href":"https:\/\/bas-ip.com\/nl\/wp-json\/wp\/v2\/types\/page"}],"author":[{"embeddable":true,"href":"https:\/\/bas-ip.com\/nl\/wp-json\/wp\/v2\/users\/1"}],"replies":[{"embeddable":true,"href":"https:\/\/bas-ip.com\/nl\/wp-json\/wp\/v2\/comments?post=140852"}],"version-history":[{"count":3,"href":"https:\/\/bas-ip.com\/nl\/wp-json\/wp\/v2\/pages\/140852\/revisions"}],"predecessor-version":[{"id":140926,"href":"https:\/\/bas-ip.com\/nl\/wp-json\/wp\/v2\/pages\/140852\/revisions\/140926"}],"wp:attachment":[{"href":"https:\/\/bas-ip.com\/nl\/wp-json\/wp\/v2\/media?parent=140852"}],"curies":[{"name":"wp","href":"https:\/\/api.w.org\/{rel}","templated":true}]}}