{"id":133936,"date":"2023-03-27T09:32:04","date_gmt":"2023-03-27T09:32:04","guid":{"rendered":"https:\/\/bas-ip.com\/medical\/"},"modified":"2025-03-20T11:23:42","modified_gmt":"2025-03-20T11:23:42","slug":"medical","status":"publish","type":"page","link":"https:\/\/bas-ip.com\/nl\/medical\/","title":{"rendered":"Voor ziekenhuizen\/Medische instellingen"},"content":{"rendered":"<h1 class=\"wp-block-heading\"><strong>Ziekenhuisintercomsysteem van BAS-IP &#8211; Verbeter de pati\u00ebntenzorg<\/strong><\/h1>\n\n\n\n<p>De medische sector evolueert voortdurend om pati\u00ebnten de best mogelijke zorg te bieden. Aangezien communicatie een cruciale rol speelt in het leveren van effici\u00ebnte en veilige medische diensten, is het upgraden naar een geavanceerd ziekenhuisintercomsysteem een must. De innovatieve medische intercomsystemen van BAS-IP, speciaal ontworpen voor schone kamers en medische faciliteiten, bieden onge\u00ebvenaard gemak en betrouwbaarheid voor zorgprofessionals en hun pati\u00ebnten. In dit artikel verkennen we de kenmerken en voordelen van de BAS-IP ziekenhuisintercom en hoe het de manier waarop medische faciliteiten opereren kan revolutioneren.<\/p>\n\n\n\n<h2 class=\"wp-block-heading\"><strong>De kracht van de ziekenhuisintercom van BAS-IP<\/strong><\/h2>\n\n\n<!-- START Block Features --><section id=\"block_64304f018b5e4\" class=\"features-section\">\r\n\t\r\n    <div class=\"features-list\">\r\n                    <div class=\"features-item\" data-aos=\"fade-up\">\r\n    <div class=\"features-box\">\r\n                    <div class=\"image-holder\">\r\n                <img loading=\"lazy\" decoding=\"async\" width=\"350\" height=\"320\" src=\"https:\/\/bas-ip.com\/wp-content\/uploads\/2023\/04\/1-2-350x320.jpg\" class=\"attachment-thumbnail_350x320 size-thumbnail_350x320\" alt=\"\" \/>            <\/div>\r\n        \r\n        <div class=\"text-holder\">\r\n                        <h3 class=\"title-block\">Naadloze integratie met IP-lokale netwerken<\/h3>\r\n          \r\n                        <div class=\"text-block\">\r\n                <p>Een van de belangrijkste voordelen van de medische intercomsystemen van BAS-IP is hun vermogen om naadloos te functioneren binnen hetzelfde IP-lokale netwerk. Deze compatibiliteit zorgt voor een soepele communicatie tussen verschillende intercomapparaten, waardoor de latentie wordt verminderd en de algehele effici\u00ebntie wordt verbeterd.<\/p>\n              <\/div>\r\n                  <\/div>\r\n    <\/div>\r\n<\/div>\r\n                    <div class=\"features-item\" data-aos=\"fade-up\">\r\n    <div class=\"features-box\">\r\n                    <div class=\"image-holder\">\r\n                <img loading=\"lazy\" decoding=\"async\" width=\"350\" height=\"320\" src=\"https:\/\/bas-ip.com\/wp-content\/uploads\/2023\/04\/2-2-350x320.jpg\" class=\"attachment-thumbnail_350x320 size-thumbnail_350x320\" alt=\"\" \/>            <\/div>\r\n        \r\n        <div class=\"text-holder\">\r\n                        <h3 class=\"title-block\">Geavanceerde functies voor verbeterde communicatie<\/h3>\r\n          \r\n                        <div class=\"text-block\">\r\n                <p>BAS-IP biedt een breed scala aan unieke functies voor hun ziekenhuisintercomsysteem, waardoor het zich onderscheidt van concurrenten. Enkele van deze functies zijn HD-videobellen, toegangscontrole en compatibiliteit met verschillende IP-apparaten, wat zorgt voor gestroomlijnde communicatie en verhoogde beveiliging voor medische faciliteiten.<\/p>\n              <\/div>\r\n                  <\/div>\r\n    <\/div>\r\n<\/div>\r\n                    <div class=\"features-item\" data-aos=\"fade-up\">\r\n    <div class=\"features-box\">\r\n                    <div class=\"image-holder\">\r\n                <img loading=\"lazy\" decoding=\"async\" width=\"350\" height=\"320\" src=\"https:\/\/bas-ip.com\/wp-content\/uploads\/2023\/04\/3-2-350x320.jpg\" class=\"attachment-thumbnail_350x320 size-thumbnail_350x320\" alt=\"\" \/>            <\/div>\r\n        \r\n        <div class=\"text-holder\">\r\n                        <h3 class=\"title-block\">Intercommogelijkheden voor cleanrooms<\/h3>\r\n          \r\n                        <div class=\"text-block\">\r\n                <p>Schone kamers vereisen strikte hygi\u00ebne-eisen, en het ziekenhuisintercomsysteem van BAS-IP is ontworpen om aan deze eisen te voldoen. De intercom voor schone kamers zorgt ervoor dat de communicatie tussen zorgprofessionals ononderbroken blijft, zonder concessies te doen aan de sterilisatie en veiligheid van deze gespecialiseerde omgevingen.<\/p>\n              <\/div>\r\n                  <\/div>\r\n    <\/div>\r\n<\/div>\r\n            <\/div>\r\n<\/section>\r\n<!-- END Block Features -->\n\n\n<h2 class=\"wp-block-heading\"><strong>Hoogwaardige hardwarecomponenten van BAS-IP<\/strong><\/h2>\n\n\n<!-- START Block Features --><section id=\"block_64304f888b5e8\" class=\"features-section\">\r\n\t\r\n    <div class=\"features-list\">\r\n                    <div class=\"features-item\" data-aos=\"fade-up\">\r\n    <div class=\"features-box\">\r\n                    <div class=\"image-holder\">\r\n                <img loading=\"lazy\" decoding=\"async\" width=\"350\" height=\"320\" src=\"https:\/\/bas-ip.com\/wp-content\/uploads\/2023\/04\/4-2-350x320.jpg\" class=\"attachment-thumbnail_350x320 size-thumbnail_350x320\" alt=\"\" \/>            <\/div>\r\n        \r\n        <div class=\"text-holder\">\r\n                        <h3 class=\"title-block\">AV-04AFD \u2013 Het ultieme intercomapparaat<\/h3>\r\n          \r\n                        <div class=\"text-block\">\r\n                <p>De AV-04AFD is een veelzijdig intercomapparaat, ontworpen om top-prestaties te leveren voor medische faciliteiten. Met zijn HD-audiobelcapaciteiten, integratie van toegangscontrole en compatibiliteit met verschillende IP-apparaten, biedt het onge\u00ebvenaarde communicatie- en beveiligingsfuncties in een strak en modern ontwerp.<\/p>\n              <\/div>\r\n                  <\/div>\r\n    <\/div>\r\n<\/div>\r\n                    <div class=\"features-item\" data-aos=\"fade-up\">\r\n    <div class=\"features-box\">\r\n                    <div class=\"image-holder\">\r\n                <img loading=\"lazy\" decoding=\"async\" width=\"350\" height=\"320\" src=\"https:\/\/bas-ip.com\/wp-content\/uploads\/2023\/04\/5-3-350x320.jpg\" class=\"attachment-thumbnail_350x320 size-thumbnail_350x320\" alt=\"\" \/>            <\/div>\r\n        \r\n        <div class=\"text-holder\">\r\n                        <h3 class=\"title-block\">AM-02 \u2013 Effici\u00ebnte conci\u00ebrgeterminal<\/h3>\r\n          \r\n                        <div class=\"text-block\">\r\n                <p>Het AM-02 conci\u00ebrge terminal zorgt voor duidelijke en betrouwbare communicatie tussen zorgprofessionals. Dit eenvoudig te installeren apparaat kan naadloos worden ge\u00efntegreerd in het ziekenhuisintercomsysteem en biedt een effici\u00ebnte en kosteneffectieve oplossing voor medische faciliteiten.<\/p>\n              <\/div>\r\n                  <\/div>\r\n    <\/div>\r\n<\/div>\r\n                    <div class=\"features-item\" data-aos=\"fade-up\">\r\n    <div class=\"features-box\">\r\n                    <div class=\"image-holder\">\r\n                <img loading=\"lazy\" decoding=\"async\" width=\"350\" height=\"320\" src=\"https:\/\/bas-ip.com\/wp-content\/uploads\/2023\/04\/6-2-350x320.jpg\" class=\"attachment-thumbnail_350x320 size-thumbnail_350x320\" alt=\"\" \/>            <\/div>\r\n        \r\n        <div class=\"text-holder\">\r\n                        <h3 class=\"title-block\">SH-31TM &#8211; Temperatuurmodule voor invoerpaneel<\/h3>\r\n          \r\n                        <div class=\"text-block\">\r\n                <p>De deurintercom met temperatuurmeter voor polsmeting zonder contact is een essentieel onderdeel van een ziekenhuisintercomsysteem. Dit innovatieve apparaat combineert toegangscontrole en gezondheidscreening om een veilige en beveiligde omgeving voor zowel pati\u00ebnten als personeel in zorginstellingen te garanderen.<\/p>\n              <\/div>\r\n                  <\/div>\r\n    <\/div>\r\n<\/div>\r\n            <\/div>\r\n<\/section>\r\n<!-- END Block Features -->\n\n<!-- START Block FAQ --><section id=\"block_642163c6f4e28\" class=\"faq-section\">\r\n\t\t    <h2 class=\"title-section\" data-aos=\"fade-right\">Veelgestelde vragen (FAQ&#8217;s)<\/h2>\r\n\t\t\t    <div class=\"faq-list js-accordion\" data-aos=\"fade-up\">\r\n\t\t\t\t\t\t\t\t\t\t\t    <div class=\"accordion-item faq-item\">\r\n                        <div class=\"accordion-opener\">\r\n                            Q: Hoe verbetert het ziekenhuisintercomsysteem van BAS-IP de effici\u00ebntie in medische instellingen?                            <i class=\"fa-solid fa-chevron-down\"><\/i>\r\n                        <\/div>\r\n                        <div class=\"accordion-slide\">\r\n\t\t\t\t\t\t    <p>Het ziekenhuisintercomsysteem van BAS-IP stelt zorgprofessionals in staat om naadloos en veilig te communiceren, wat de algehele effici\u00ebntie verhoogt. Door geavanceerde functies zoals HD-audio- en videocalls, toegangscontrole en compatibiliteit met verschillende IP-apparaten te integreren, stroomlijnt het systeem de communicatie en verkort het de responstijd in kritieke situaties.<\/p>\n                        <\/div>\r\n\t\t\t\t\t<\/div>\r\n\t\t\t\t\t\t\t\t\t\t\t\t\t\t\t    <div class=\"accordion-item faq-item\">\r\n                        <div class=\"accordion-opener\">\r\n                            Q: Kan het BAS-IP ziekenhuisintercomsysteem worden aangepast aan de vereisten van een specifieke medische instelling?                            <i class=\"fa-solid fa-chevron-down\"><\/i>\r\n                        <\/div>\r\n                        <div class=\"accordion-slide\">\r\n\t\t\t\t\t\t    <p>Ja, het ziekenhuisintercomsysteem van BAS-IP kan worden aangepast aan de specifieke behoeften van een zorginstelling. De compatibiliteit met verschillende IP-apparaten en de naadloze integratie met IP-lokale netwerken zorgen ervoor dat het systeem kan worden gepersonaliseerd om de meest effici\u00ebnte en effectieve communicatiesoplossing voor uw faciliteit te bieden.<\/p>\n                        <\/div>\r\n\t\t\t\t\t<\/div>\r\n\t\t\t\t\t\t\t\t\t\t\t\t\t\t\t    <div class=\"accordion-item faq-item\">\r\n                        <div class=\"accordion-opener\">\r\n                            Q: Waarom is de cleanroom-intercom van BAS-IP geschikt voor steriele omgevingen?                            <i class=\"fa-solid fa-chevron-down\"><\/i>\r\n                        <\/div>\r\n                        <div class=\"accordion-slide\">\r\n\t\t\t\t\t\t    <p>De intercom voor schone kamers van BAS-IP is ontworpen om te voldoen aan de strikte hygi\u00ebne-eisen die nodig zijn in steriele omgevingen. Het systeem zorgt voor ononderbroken communicatie zonder concessies te doen aan de sterilisatie en veiligheid van schone kamers, waardoor het een ideale keuze is voor zorginstellingen met strikte hygi\u00ebne-eisen.<\/p>\n                        <\/div>\r\n\t\t\t\t\t<\/div>\r\n\t\t\t\t\t\t\t\t\t\t\t\t\t\t\t    <div class=\"accordion-item faq-item\">\r\n                        <div class=\"accordion-opener\">\r\n                            Q: Hoe eenvoudig is het om het ziekenhuisintercomsysteem van BAS-IP te installeren en onderhouden?                            <i class=\"fa-solid fa-chevron-down\"><\/i>\r\n                        <\/div>\r\n                        <div class=\"accordion-slide\">\r\n\t\t\t\t\t\t    <p>Het ziekenhuisintercomsysteem van BAS-IP is ontworpen voor eenvoudige installatie en onderhoud. De naadloze integratie van het systeem met IP-lokale netwerken vereenvoudigt het installatieproces, terwijl de hardwarecomponenten van hoge kwaliteit, zoals de AV-04AFD en AM-02, zorgen voor betrouwbaarheid en duurzaamheid voor langdurig gebruik.<\/p>\n                        <\/div>\r\n\t\t\t\t\t<\/div>\r\n\t\t\t\t\t\t\t\t\t<\/div>\r\n\t<\/section>\r\n<!-- END Block FAQ -->\n\n\n<p>Het ziekenhuisintercomsysteem van BAS-IP biedt een geavanceerde communicatieoplossing voor medische faciliteiten, waardoor effici\u00ebntie, beveiliging en hygi\u00ebne verbeteren. Upgrade vandaag nog naar het ziekenhuisintercomsysteem van BAS-IP en ervaar het verschil in de communicatie en werking van uw zorginstelling.<\/p>","protected":false},"excerpt":{"rendered":"<p>Ziekenhuisintercomsysteem van BAS-IP &#8211; Verbeter de pati\u00ebntenzorg De medische sector evolueert voortdurend om pati\u00ebnten de best mogelijke zorg te bieden. Aangezien communicatie een cruciale rol speelt in het leveren van effici\u00ebnte en veilige medische diensten, is het upgraden naar een geavanceerd ziekenhuisintercomsysteem een must. De innovatieve medische intercomsystemen van BAS-IP, speciaal ontworpen voor schone kamers [&hellip;]<\/p>","protected":false},"author":1,"featured_media":0,"parent":0,"menu_order":0,"comment_status":"closed","ping_status":"closed","template":"","meta":{"inline_featured_image":false,"footnotes":""},"class_list":["post-133936","page","type-page","status-publish","hentry"],"acf":[],"_links":{"self":[{"href":"https:\/\/bas-ip.com\/nl\/wp-json\/wp\/v2\/pages\/133936","targetHints":{"allow":["GET"]}}],"collection":[{"href":"https:\/\/bas-ip.com\/nl\/wp-json\/wp\/v2\/pages"}],"about":[{"href":"https:\/\/bas-ip.com\/nl\/wp-json\/wp\/v2\/types\/page"}],"author":[{"embeddable":true,"href":"https:\/\/bas-ip.com\/nl\/wp-json\/wp\/v2\/users\/1"}],"replies":[{"embeddable":true,"href":"https:\/\/bas-ip.com\/nl\/wp-json\/wp\/v2\/comments?post=133936"}],"version-history":[{"count":3,"href":"https:\/\/bas-ip.com\/nl\/wp-json\/wp\/v2\/pages\/133936\/revisions"}],"predecessor-version":[{"id":134000,"href":"https:\/\/bas-ip.com\/nl\/wp-json\/wp\/v2\/pages\/133936\/revisions\/134000"}],"wp:attachment":[{"href":"https:\/\/bas-ip.com\/nl\/wp-json\/wp\/v2\/media?parent=133936"}],"curies":[{"name":"wp","href":"https:\/\/api.w.org\/{rel}","templated":true}]}}