{"id":133221,"date":"2023-03-27T09:04:54","date_gmt":"2023-03-27T09:04:54","guid":{"rendered":"https:\/\/bas-ip.com\/%d1%82%d1%8a%d1%80%d0%b3%d0%be%d0%b2%d1%81%d0%ba%d0%b8-%d0%bf%d1%80%d0%be%d0%bc%d0%b8%d1%88%d0%bb%d0%b5%d0%bd%d0%b8\/"},"modified":"2025-03-07T12:03:37","modified_gmt":"2025-03-07T12:03:37","slug":"commercial","status":"publish","type":"page","link":"https:\/\/bas-ip.com\/nl\/commercieel-industrieel\/","title":{"rendered":"Commercieel \/ Industrieel"},"content":{"rendered":"<h1 class=\"wp-block-heading\"><strong>Revolutioneer uw werkplek met zakelijke intercomsystemen<\/strong><\/h1>\n\n\n\n<p>Naarmate de technologie blijft vorderen, is het essentieel voor bedrijven om op de hoogte te blijven van de laatste ontwikkelingen. Een dergelijke ontwikkeling is de integratie van zakelijke intercomsystemen, die verbeterde beveiliging en effici\u00ebnte communicatie bieden voor kantoren en commerci\u00eble panden. De IP-intercoms van BAS-IP bieden een uitgebreide oplossing en beschikken over een breed scala aan unieke functies die voldoen aan de eisen van de moderne werkplek. We zullen de voordelen van het implementeren van een zakelijk intercomsysteem verkennen en de specificaties van BAS-IP&#8217;s topproducten nader bekijken.<\/p>\n\n\n\n<h2 class=\"wp-block-heading\"><strong>Waarom kiezen voor BAS-IP voor uw zakelijke intercomsysteem?<\/strong><\/h2>\n\n\n\n<p>BAS-IP is een pionier op het gebied van de ontwikkeling van geavanceerde intercomsystemen voor bedrijven en biedt een reeks innovatieve producten die zijn ontworpen om te voldoen aan de eisen van moderne werkplekken. Door het integreren van baanbrekende functies en betrouwbare hardware, zorgen de commerci\u00eble intercomsystemen van BAS-IP voor effici\u00ebnte communicatie en verhoogde beveiliging voor zowel kantoren als industri\u00eble faciliteiten.<\/p>\n\n\n<!-- START Block Features --><section id=\"block_642edd596eeb4\" class=\"features-section\">\r\n\t\r\n    <div class=\"features-list\">\r\n                    <div class=\"features-item\" data-aos=\"fade-up\">\r\n    <div class=\"features-box\">\r\n                    <div class=\"image-holder\">\r\n                <img loading=\"lazy\" decoding=\"async\" width=\"350\" height=\"320\" src=\"https:\/\/bas-ip.com\/wp-content\/uploads\/2023\/04\/1-350x320.jpg\" class=\"attachment-thumbnail_350x320 size-thumbnail_350x320\" alt=\"\" \/>            <\/div>\r\n        \r\n        <div class=\"text-holder\">\r\n                        <h3 class=\"title-block\">De kracht van IP-intercoms op de werkplek<\/h3>\r\n          \r\n                        <div class=\"text-block\">\r\n                <p>De IP-intercomsystemen van BAS-IP bieden een breed scala aan voordelen, waaronder naadloze integratie in bestaande IP-lokalnetwerken.<\/p>\n<p>Dit stelt medewerkers in staat om eenvoudig toegang te krijgen tot het intercomsysteem en deuren te openen vanaf hun pc&#8217;s, waardoor communicatie en beveiliging binnen het kantoor worden gestroomlijnd.<\/p>\n<p>Bovendien maakt de IP-gebaseerde infrastructuur schaalbaarheid en aanpasbaarheid mogelijk, waardoor uw zakelijke intercomsysteem kan groeien en evolueren samen met uw organisatie.<\/p>\n              <\/div>\r\n                  <\/div>\r\n    <\/div>\r\n<\/div>\r\n                    <div class=\"features-item\" data-aos=\"fade-up\">\r\n    <div class=\"features-box\">\r\n                    <div class=\"image-holder\">\r\n                <img loading=\"lazy\" decoding=\"async\" width=\"350\" height=\"320\" src=\"https:\/\/bas-ip.com\/wp-content\/uploads\/2023\/04\/2-350x320.jpg\" class=\"attachment-thumbnail_350x320 size-thumbnail_350x320\" alt=\"Business intercom systems\" \/>            <\/div>\r\n        \r\n        <div class=\"text-holder\">\r\n                        <h3 class=\"title-block\">Topkwaliteit hardwarecomponenten<\/h3>\r\n          \r\n                        <div class=\"text-block\">\r\n                <p>Het beste zakelijke intercomsysteem van BAS-IP bestaat uit de AV-08FBL, AT-10 en BR-AT10. Deze componenten werken samen om uitzonderlijke prestaties en gebruikerservaring te leveren, waardoor ze ideaal zijn voor kantoren en commerci\u00eble panden.<\/p>\n<p>AV-08FBL: Dit buitenscherm heeft een strak ontwerp, een ingebouwde camera en een RFID-lezer, wat zorgt voor veilige toegang en visuele identificatie van bezoekers.<\/p>\n<p>AT-10: Dit stijlvolle binnen touchscreen biedt een hoog-resolutie scherm, een intu\u00eftieve gebruikersinterface en compatibiliteit met verschillende smart home- en beveiligingsapparaten.<\/p>\n<p>BR-AT10: Deze multifunctionele bureaubeugel maakt een gemakkelijke installatie van het AT-10 scherm op het bureau mogelijk.<\/p>\n              <\/div>\r\n                  <\/div>\r\n    <\/div>\r\n<\/div>\r\n                    <div class=\"features-item\" data-aos=\"fade-up\">\r\n    <div class=\"features-box\">\r\n                    <div class=\"image-holder\">\r\n                <img loading=\"lazy\" decoding=\"async\" width=\"350\" height=\"320\" src=\"https:\/\/bas-ip.com\/wp-content\/uploads\/2023\/04\/3-350x320.jpg\" class=\"attachment-thumbnail_350x320 size-thumbnail_350x320\" alt=\"\" \/>            <\/div>\r\n        \r\n        <div class=\"text-holder\">\r\n                        <h3 class=\"title-block\">Betrouwbare klantenservice en ondersteuning<\/h3>\r\n          \r\n                        <div class=\"text-block\">\r\n                <p>BAS-IP zet zich in voor het bieden van uitzonderlijke klantenservice en biedt professionele hulp en ondersteuning voor hun producten gedurende het gehele installatieproces en daarna.<\/p>\n<p>Ons deskundige ondersteuningsteam kan helpen bij het oplossen van eventuele problemen die zich voordoen, zodat uw zakelijke intercomsysteem functioneel en effici\u00ebnt blijft.<\/p>\n<p>Bovendien betekent onze toewijding aan voortdurende onderzoek en ontwikkeling dat BAS-IP-producten zich blijven verbeteren, waardoor uw bedrijf een intercomoplossing krijgt die voorop blijft lopen op het gebied van technologie en prestaties.<\/p>\n              <\/div>\r\n                  <\/div>\r\n    <\/div>\r\n<\/div>\r\n            <\/div>\r\n<\/section>\r\n<!-- END Block Features -->\n\n\n<h2 class=\"wp-block-heading\"><strong>Belangrijke kenmerken van BAS-IP zakelijke intercomsystemen<\/strong><\/h2>\n\n\n\n<p>De intercomsystemen van BAS-IP voor bedrijven beschikken over een reeks unieke functies die hen onderscheiden van concurrenten. Door gebruik te maken van deze geavanceerde mogelijkheden kunt u de effici\u00ebntie, beveiliging en algehele functionaliteit van uw werkplek verbeteren.<\/p>\n\n\n<!-- START Block Features --><section id=\"block_642edfc06eeba\" class=\"features-section\">\r\n\t\r\n    <div class=\"features-list\">\r\n                    <div class=\"features-item\" data-aos=\"fade-up\">\r\n    <div class=\"features-box\">\r\n                    <div class=\"image-holder\">\r\n                <img loading=\"lazy\" decoding=\"async\" width=\"350\" height=\"320\" src=\"https:\/\/bas-ip.com\/wp-content\/uploads\/2023\/04\/4-350x320.jpg\" class=\"attachment-thumbnail_350x320 size-thumbnail_350x320\" alt=\"\" \/>            <\/div>\r\n        \r\n        <div class=\"text-holder\">\r\n                        <h3 class=\"title-block\">Kabelgebonden intercomsystemen voor bedrijven<\/h3>\r\n          \r\n                        <div class=\"text-block\">\r\n                <p>Hoewel draadloze technologie steeds populairder wordt, bieden kabelgebonden intercomsystemen voor bedrijven verschillende voordelen, zoals verhoogde betrouwbaarheid, minder interferentie en verbeterde beveiliging. De kabelgebonden intercomsystemen van BAS-IP zijn ontworpen om consistente prestaties te leveren, wat zorgt voor naadloze communicatie en toegangcontrole in uw kantoor of commercieel pand.<\/p>\n              <\/div>\r\n                  <\/div>\r\n    <\/div>\r\n<\/div>\r\n                    <div class=\"features-item\" data-aos=\"fade-up\">\r\n    <div class=\"features-box\">\r\n                    <div class=\"image-holder\">\r\n                <img loading=\"lazy\" decoding=\"async\" width=\"350\" height=\"320\" src=\"https:\/\/bas-ip.com\/wp-content\/uploads\/2023\/04\/5-1-350x320.jpg\" class=\"attachment-thumbnail_350x320 size-thumbnail_350x320\" alt=\"\" \/>            <\/div>\r\n        \r\n        <div class=\"text-holder\">\r\n                        <h3 class=\"title-block\">Integratie van bureautelefoon en kantoorintercom<\/h3>\r\n          \r\n                        <div class=\"text-block\">\r\n                <p>De zakelijke intercomsystemen van BAS-IP kunnen eenvoudig worden ge\u00efntegreerd in bureautelefoons en kantoorintercomopstellingen, zodat medewerkers moeiteloos kunnen communiceren binnen de werkruimte. Dit bevordert een samenwerkende omgeving en zorgt ervoor dat belangrijke informatie snel en nauwkeurig kan worden doorgegeven.<\/p>\n              <\/div>\r\n                  <\/div>\r\n    <\/div>\r\n<\/div>\r\n                    <div class=\"features-item\" data-aos=\"fade-up\">\r\n    <div class=\"features-box\">\r\n                    <div class=\"image-holder\">\r\n                <img loading=\"lazy\" decoding=\"async\" width=\"350\" height=\"320\" src=\"https:\/\/bas-ip.com\/wp-content\/uploads\/2023\/04\/6-350x320.jpg\" class=\"attachment-thumbnail_350x320 size-thumbnail_350x320\" alt=\"\" \/>            <\/div>\r\n        \r\n        <div class=\"text-holder\">\r\n                        <h3 class=\"title-block\">Compatibiliteit van industri\u00eble intercomsystemen<\/h3>\r\n          \r\n                        <div class=\"text-block\">\r\n                <p>Voor bedrijven die opereren in industri\u00eble omgevingen, biedt BAS-IP robuuste communicatiesystemen die zijn ontworpen om extreme omstandigheden te weerstaan. Door een betrouwbaar industrieel intercomsysteem te implementeren, kunt u effici\u00ebnte communicatie en veilige toegangcontrole behouden, zelfs in de meest uitdagende omgevingen.<\/p>\n              <\/div>\r\n                  <\/div>\r\n    <\/div>\r\n<\/div>\r\n            <\/div>\r\n<\/section>\r\n<!-- END Block Features -->\n\n<!-- START Block FAQ --><section id=\"block_64215db07ecd6\" class=\"faq-section\">\r\n\t\t    <h2 class=\"title-section\" data-aos=\"fade-right\">Veelgestelde vragen over zakelijke intercomsystemen<\/h2>\r\n\t\t\t    <div class=\"faq-list js-accordion\" data-aos=\"fade-up\">\r\n\t\t\t\t\t\t\t\t\t\t\t    <div class=\"accordion-item faq-item\">\r\n                        <div class=\"accordion-opener\">\r\n                            Q: Hoe kan een zakelijk intercomsysteem de kantoorgbeveiliging verbeteren?                            <i class=\"fa-solid fa-chevron-down\"><\/i>\r\n                        <\/div>\r\n                        <div class=\"accordion-slide\">\r\n\t\t\t\t\t\t    <p>Door functies zoals videobewaking, toegangcontrole en bezoekersidentificatie op te nemen, helpen zakelijke intercomsystemen uw kantoor of commercieel pand te beschermen tegen ongeautoriseerde toegang en potenti\u00eble bedreigingen.<\/p>\n                        <\/div>\r\n\t\t\t\t\t<\/div>\r\n\t\t\t\t\t\t\t\t\t\t\t\t\t\t\t    <div class=\"accordion-item faq-item\">\r\n                        <div class=\"accordion-opener\">\r\n                            Q: Kan ik het intercomsysteem van BAS-IP integreren in mijn bestaande IP-lokalnetwerk?                            <i class=\"fa-solid fa-chevron-down\"><\/i>\r\n                        <\/div>\r\n                        <div class=\"accordion-slide\">\r\n\t\t\t\t\t\t    <p>Ja, de intercomsystemen van BAS-IP kunnen naadloos worden ge\u00efntegreerd in bestaande IP-lokalnetwerken, zodat medewerkers toegang krijgen tot het systeem en deuren kunnen openen vanaf hun pc&#8217;s en andere verbonden apparaten. Dit vereenvoudigt de communicatie en toegangcontrole binnen uw werkplek.<\/p>\n                        <\/div>\r\n\t\t\t\t\t<\/div>\r\n\t\t\t\t\t\t\t\t\t\t\t\t\t\t\t    <div class=\"accordion-item faq-item\">\r\n                        <div class=\"accordion-opener\">\r\n                            Q: Wat maakt de kabelgebonden intercomsystemen van BAS-IP een betere keuze dan draadloze opties?                            <i class=\"fa-solid fa-chevron-down\"><\/i>\r\n                        <\/div>\r\n                        <div class=\"accordion-slide\">\r\n\t\t\t\t\t\t    <p>Kabelgebonden intercomsystemen bieden meer betrouwbaarheid, minder interferentie en verbeterde beveiliging in vergelijking met draadloze opties. De kabelgebonden intercomsystemen van BAS-IP zijn ontworpen om consistente prestaties te leveren, waardoor ze ideaal zijn voor bedrijven die op zoek zijn naar betrouwbare communicatieoplossingen.<\/p>\n                        <\/div>\r\n\t\t\t\t\t<\/div>\r\n\t\t\t\t\t\t\t\t\t\t\t\t\t\t\t    <div class=\"accordion-item faq-item\">\r\n                        <div class=\"accordion-opener\">\r\n                            Q: Zijn de intercomsystemen van BAS-IP geschikt voor industri\u00eble omgevingen?                            <i class=\"fa-solid fa-chevron-down\"><\/i>\r\n                        <\/div>\r\n                        <div class=\"accordion-slide\">\r\n\t\t\t\t\t\t    <p>Ja, de intercomsystemen van BAS-IP zijn ontworpen om compatibel te zijn met industri\u00eble omgevingen. Deze robuuste systemen kunnen extreme omstandigheden weerstaan, waardoor effici\u00ebnte communicatie en veilige toegangcontrole in verschillende industrie\u00ebn gegarandeerd zijn.<\/p>\n                        <\/div>\r\n\t\t\t\t\t<\/div>\r\n\t\t\t\t\t\t\t\t\t\t\t\t\t\t\t    <div class=\"accordion-item faq-item\">\r\n                        <div class=\"accordion-opener\">\r\n                            Q: Kan ik het BAS-IP intercomsysteem integreren met mijn slimme kantoortoestellen?                            <i class=\"fa-solid fa-chevron-down\"><\/i>\r\n                        <\/div>\r\n                        <div class=\"accordion-slide\">\r\n\t\t\t\t\t\t    <p>Ja, de intercomsystemen van BAS-IP zijn ontworpen om compatibel te zijn met verschillende slimme kantoortoestellen, zoals verlichting en klimaatbeheersingssystemen. Dit zorgt voor naadloze integratie en verbeterde algehele functionaliteit in uw werkruimte.<\/p>\n                        <\/div>\r\n\t\t\t\t\t<\/div>\r\n\t\t\t\t\t\t\t\t\t<\/div>\r\n\t<\/section>\r\n<!-- END Block FAQ -->\n\n\n<p>In de snelle zakenwereld van vandaag zijn effectieve communicatie en robuuste beveiligingsmaatregelen essentieel. De zakelijke intercomsystemen van BAS-IP bieden een uitgebreide oplossing, waarbij geavanceerde functies, betrouwbare hardware en naadloze integratie met bestaande IP-lokalnetwerken worden gecombineerd. Door een BAS-IP intercomsysteem in uw kantoor of commercieel pand te implementeren, kunt u de communicatie, beveiliging en algehele functionaliteit van uw werkplek verbeteren. Ervaar de voordelen van een wereldklasse intercomsysteem en revolutioneer uw werkplek met de innovatieve intercomoplossingen van BAS-IP. Ontdek de mogelijkheden van effici\u00ebnte communicatie, geavanceerde beveiliging en naadloze integratie die uw bedrijf in staat stellen om te bloeien in een steeds meer verbonden wereld.<\/p>","protected":false},"excerpt":{"rendered":"<p>Revolutioneer uw werkplek met zakelijke intercomsystemen Naarmate de technologie blijft vorderen, is het essentieel voor bedrijven om op de hoogte te blijven van de laatste ontwikkelingen. Een dergelijke ontwikkeling is de integratie van zakelijke intercomsystemen, die verbeterde beveiliging en effici\u00ebnte communicatie bieden voor kantoren en commerci\u00eble panden. De IP-intercoms van BAS-IP bieden een uitgebreide oplossing [&hellip;]<\/p>","protected":false},"author":1,"featured_media":0,"parent":0,"menu_order":0,"comment_status":"closed","ping_status":"closed","template":"","meta":{"inline_featured_image":false,"footnotes":""},"class_list":["post-133221","page","type-page","status-publish","hentry"],"acf":[],"_links":{"self":[{"href":"https:\/\/bas-ip.com\/nl\/wp-json\/wp\/v2\/pages\/133221","targetHints":{"allow":["GET"]}}],"collection":[{"href":"https:\/\/bas-ip.com\/nl\/wp-json\/wp\/v2\/pages"}],"about":[{"href":"https:\/\/bas-ip.com\/nl\/wp-json\/wp\/v2\/types\/page"}],"author":[{"embeddable":true,"href":"https:\/\/bas-ip.com\/nl\/wp-json\/wp\/v2\/users\/1"}],"replies":[{"embeddable":true,"href":"https:\/\/bas-ip.com\/nl\/wp-json\/wp\/v2\/comments?post=133221"}],"version-history":[{"count":4,"href":"https:\/\/bas-ip.com\/nl\/wp-json\/wp\/v2\/pages\/133221\/revisions"}],"predecessor-version":[{"id":133285,"href":"https:\/\/bas-ip.com\/nl\/wp-json\/wp\/v2\/pages\/133221\/revisions\/133285"}],"wp:attachment":[{"href":"https:\/\/bas-ip.com\/nl\/wp-json\/wp\/v2\/media?parent=133221"}],"curies":[{"name":"wp","href":"https:\/\/api.w.org\/{rel}","templated":true}]}}