{"id":133061,"date":"2023-03-28T17:03:55","date_gmt":"2023-03-28T17:03:55","guid":{"rendered":"https:\/\/bas-ip.com\/case-studies\/"},"modified":"2025-03-05T12:10:06","modified_gmt":"2025-03-05T12:10:06","slug":"case-studies","status":"publish","type":"page","link":"https:\/\/bas-ip.com\/nl\/case-studies\/","title":{"rendered":"Oplossingen"},"content":{"rendered":"<h1 class=\"wp-block-heading\"><strong>Intercom Oplossingen<\/strong><\/h1>\n\n\n\n<p>BAS-IP is een leider in het leveren van geavanceerde intercomoplossingen aan diverse industrie\u00ebn, die uitzonderlijke beveiligings- en communicatie-ervaringen bieden. In dit artikel verkennen we zes overtuigende intercom-casestudies die de veelzijdigheid en effectiviteit van de producten van BAS-IP in verschillende omgevingen aantonen. Van meergezinsgebouwen tot ziekenhuisvoorzieningen, deze casestudies benadrukken de transformerende kracht van BAS-IP intercomsystemen.<\/p>\n\n\n<!-- START Block Info 3 Columns with links --><section id=\"block_6437b6d9794a8\" class=\"info-columns-section\">\r\n   <div class=\"column-list\">\r\n                        <div class=\"column-item\" data-aos=\"fade-up\" data-aos-delay=\"100\">\r\n                  <div class=\"image-block\">\r\n            <a href=\"\/building-intercom-system\/\">\r\n               <img loading=\"lazy\" decoding=\"async\" width=\"320\" height=\"232\" src=\"https:\/\/bas-ip.com\/wp-content\/uploads\/2023\/04\/1-5.jpg\" class=\"attachment-thumbnail_345x250 size-thumbnail_345x250\" alt=\"\" srcset=\"https:\/\/bas-ip.com\/wp-content\/uploads\/2023\/04\/1-5.jpg 320w,  https:\/\/bas-ip.com\/wp-content\/uploads\/2023\/04\/1-5-300x218.jpg 300w\" sizes=\"auto, (max-width: 320px) 100vw, 320px\" \/><\/a>\r\n         <\/div>\r\n         \r\n                  <a href=\"\/building-intercom-system\/\">\r\n            <h3 class=\"title-section\">Meergezinsgebouw: Een naadloze woonervaring<\/h3>\r\n         <\/a>\r\n                           <div class=\"text-block\">\r\n            <p>De intercomoplossingen van BAS-IP hebben een revolutie teweeggebracht in de manier waarop bewoners met hun woonomgeving omgaan. In een meergezinsgebouw heeft de implementatie van het BAS-IP intercomsysteem niet alleen de beveiliging verbeterd, maar ook de naadloze communicatie tussen huurders, bezoekers en gebouwbeheer gefaciliteerd. De gebruiksvriendelijke interface van het systeem en de integratie met smart home-technologie boden de bewoners een nieuw niveau van gemak en toegankelijkheid, waardoor hun woonervaring werd verbeterd.<\/p>\n         <\/div>\r\n               <\/div>\r\n                              <div class=\"column-item\" data-aos=\"fade-up\" data-aos-delay=\"200\">\r\n                  <div class=\"image-block\">\r\n            <a href=\"\/business-intercom-systems-for-office\/\">\r\n               <img loading=\"lazy\" decoding=\"async\" width=\"320\" height=\"232\" src=\"https:\/\/bas-ip.com\/wp-content\/uploads\/2023\/04\/2-5.jpg\" class=\"attachment-thumbnail_345x250 size-thumbnail_345x250\" alt=\"\" srcset=\"https:\/\/bas-ip.com\/wp-content\/uploads\/2023\/04\/2-5.jpg 320w,  https:\/\/bas-ip.com\/wp-content\/uploads\/2023\/04\/2-5-300x218.jpg 300w\" sizes=\"auto, (max-width: 320px) 100vw, 320px\" \/><\/a>\r\n         <\/div>\r\n         \r\n                  <a href=\"\/business-intercom-systems-for-office\/\">\r\n            <h3 class=\"title-section\">Commercieel: Stroomlijnen van operaties en beveiliging<\/h3>\r\n         <\/a>\r\n                           <div class=\"text-block\">\r\n            <p>In een commerci\u00eble of industri\u00eble omgeving zijn effici\u00ebnte communicatie en beveiliging cruciaal voor een soepele bedrijfsvoering. De intercomoplossingen van BAS-IP speelden een cruciale rol bij het verbeteren van de workflow en veiligheidsmaatregelen in een grote productiefaciliteit. Door het intercomsysteem te integreren met toegangscontrole, videobewaking en noodresponsfuncties, ervoer de faciliteit een aanzienlijke verbetering in communicatie en algehele beveiliging.<\/p>\n         <\/div>\r\n               <\/div>\r\n                              <div class=\"column-item\" data-aos=\"fade-up\" data-aos-delay=\"300\">\r\n                  <div class=\"image-block\">\r\n            <a href=\"\/intercom-systems-for-home-and-house\/\">\r\n               <img loading=\"lazy\" decoding=\"async\" width=\"320\" height=\"232\" src=\"https:\/\/bas-ip.com\/wp-content\/uploads\/2023\/04\/3-5.jpg\" class=\"attachment-thumbnail_345x250 size-thumbnail_345x250\" alt=\"\" srcset=\"https:\/\/bas-ip.com\/wp-content\/uploads\/2023\/04\/3-5.jpg 320w,  https:\/\/bas-ip.com\/wp-content\/uploads\/2023\/04\/3-5-300x218.jpg 300w\" sizes=\"auto, (max-width: 320px) 100vw, 320px\" \/><\/a>\r\n         <\/div>\r\n         \r\n                  <a href=\"\/intercom-systems-for-home-and-house\/\">\r\n            <h3 class=\"title-section\">Thuis: Verbetering van veiligheid en connectiviteit<\/h3>\r\n         <\/a>\r\n                           <div class=\"text-block\">\r\n            <p>Omdat huiseigenaren steeds meer prioriteit geven aan beveiliging en smart home-technologie, zijn de intercomoplossingen van BAS-IP een populaire keuze geworden. In een voorstadswoning verhoogde de installatie van een BAS-IP intercomsysteem niet alleen de beveiliging, maar verbeterde ook de connectiviteit met familieleden en gasten. De intu\u00eftieve interface en compatibiliteit met smartphones stelden de huiseigenaren in staat hun eigendom te bewaken en moeiteloos te communiceren, waardoor een veilige en verbonden woonomgeving ontstond.<\/p>\n         <\/div>\r\n               <\/div>\r\n                              <div class=\"column-item\" data-aos=\"fade-up\" data-aos-delay=\"400\">\r\n                  <div class=\"image-block\">\r\n            <a href=\"\/medical-hospital-intercom-system\/\">\r\n               <img loading=\"lazy\" decoding=\"async\" width=\"320\" height=\"232\" src=\"https:\/\/bas-ip.com\/wp-content\/uploads\/2023\/04\/4-5.jpg\" class=\"attachment-thumbnail_345x250 size-thumbnail_345x250\" alt=\"\" srcset=\"https:\/\/bas-ip.com\/wp-content\/uploads\/2023\/04\/4-5.jpg 320w,  https:\/\/bas-ip.com\/wp-content\/uploads\/2023\/04\/4-5-300x218.jpg 300w\" sizes=\"auto, (max-width: 320px) 100vw, 320px\" \/><\/a>\r\n         <\/div>\r\n         \r\n                  <a href=\"\/medical-hospital-intercom-system\/\">\r\n            <h3 class=\"title-section\">Ziekenhuis: Versterking van pati\u00ebntenzorg en veiligheid<\/h3>\r\n         <\/a>\r\n                           <div class=\"text-block\">\r\n            <p>Ziekenhuizen en medische faciliteiten vereisen geavanceerde communicatiesystemen om effici\u00ebnte pati\u00ebntenzorg en veiligheid te garanderen. In een ultramodern ziekenhuis werden de intercomoplossingen van BAS-IP gebruikt om de communicatie tussen medisch personeel, pati\u00ebnten en bezoekers te stroomlijnen. Het systeem maakte een snelle reactie op noodsituaties mogelijk, verbeterde de privacy van pati\u00ebnten en verhoogde de algehele ziekenhuisveiligheid. De integratie van het BAS-IP intercomsysteem bleek een game-changer te zijn in het leveren van uitzonderlijke pati\u00ebntenzorg.<\/p>\n         <\/div>\r\n               <\/div>\r\n                              <div class=\"column-item\" data-aos=\"fade-up\" data-aos-delay=\"500\">\r\n                  <div class=\"image-block\">\r\n            <a href=\"\/intercom-systems-for-schools\/\">\r\n               <img loading=\"lazy\" decoding=\"async\" width=\"320\" height=\"232\" src=\"https:\/\/bas-ip.com\/wp-content\/uploads\/2023\/04\/5-5.jpg\" class=\"attachment-thumbnail_345x250 size-thumbnail_345x250\" alt=\"\" srcset=\"https:\/\/bas-ip.com\/wp-content\/uploads\/2023\/04\/5-5.jpg 320w,  https:\/\/bas-ip.com\/wp-content\/uploads\/2023\/04\/5-5-300x218.jpg 300w\" sizes=\"auto, (max-width: 320px) 100vw, 320px\" \/><\/a>\r\n         <\/div>\r\n         \r\n                  <a href=\"\/intercom-systems-for-schools\/\">\r\n            <h3 class=\"title-section\">School: Bevordering van een veilige leeromgeving<\/h3>\r\n         <\/a>\r\n                           <div class=\"text-block\">\r\n            <p>Onderwijsinstellingen hebben robuuste beveiligings- en communicatiesystemen nodig om leerlingen en personeel te beschermen. In een progressieve school waren de intercomoplossingen van BAS-IP van cruciaal belang bij het bieden van een veilige leeromgeving. Het systeem maakte naadloze communicatie mogelijk tussen klaslokalen, administratieve kantoren en externe bezoekers, waardoor de veiligheid van leerlingen en personeel werd gewaarborgd. Bovendien verbeterde de integratie van het intercomsysteem met toegangscontrole- en videobewakingsfuncties de algehele beveiliging van de school aanzienlijk<\/p>\n         <\/div>\r\n               <\/div>\r\n                              <div class=\"column-item\" data-aos=\"fade-up\" data-aos-delay=\"600\">\r\n                  <div class=\"image-block\">\r\n            <a href=\"\/gate-intercom-system\/\">\r\n               <img loading=\"lazy\" decoding=\"async\" width=\"320\" height=\"232\" src=\"https:\/\/bas-ip.com\/wp-content\/uploads\/2023\/04\/6-4.jpg\" class=\"attachment-thumbnail_345x250 size-thumbnail_345x250\" alt=\"\" srcset=\"https:\/\/bas-ip.com\/wp-content\/uploads\/2023\/04\/6-4.jpg 320w,  https:\/\/bas-ip.com\/wp-content\/uploads\/2023\/04\/6-4-300x218.jpg 300w\" sizes=\"auto, (max-width: 320px) 100vw, 320px\" \/><\/a>\r\n         <\/div>\r\n         \r\n                  <a href=\"\/gate-intercom-system\/\">\r\n            <h3 class=\"title-section\">Poorten: Versterking van Perimeterbeveiliging<\/h3>\r\n         <\/a>\r\n                           <div class=\"text-block\">\r\n            <p>Poortbeveiliging is cruciaal voor het beschermen van eigendommen en het handhaven van privacy. In een luxe woonwijk werden BAS-IP intercomoplossingen ge\u00efmplementeerd om de perimeterbeveiliging te versterken. Het systeem stelde bewoners in staat om op afstand toegang te verlenen of te weigeren aan bezoekers, en de integratie met videobewaking zorgde voor naadloze monitoring van de in- en uitgangen van de gemeenschap. Deze geavanceerde intercomoplossing droeg bij aan een verhoogd gevoel van veiligheid en gemoedsrust voor de bewoners.<\/p>\n         <\/div>\r\n               <\/div>\r\n                     <\/div>\r\n<\/section>\r\n<!-- END Block Info 3 Columns with links -->\n\n\n<p>Deze intercom-casestudies tonen de opmerkelijke veelzijdigheid en effectiviteit van BAS-IP intercomoplossingen in verschillende sectoren. Van woonwijken tot ziekenhuizen, de implementatie van BAS-IP intercomsystemen heeft communicatie, beveiliging en de algehele gebruikerservaring getransformeerd. Naarmate de technologie blijft voortschrijden, blijft BAS-IP zich inzetten voor het leveren van innovatieve en superieure intercomoplossingen die voldoen aan de veranderende behoeften van diverse industrie\u00ebn.<\/p>\n\n\n<!-- START Block FAQ --><section id=\"block_64231e53deae2\" class=\"faq-section\">\r\n\t\t    <h2 class=\"title-section\" data-aos=\"fade-right\">Veelgestelde vragen<\/h2>\r\n\t\t\t    <div class=\"faq-list js-accordion\" data-aos=\"fade-up\">\r\n\t\t\t\t\t\t\t\t\t\t\t    <div class=\"accordion-item faq-item\">\r\n                        <div class=\"accordion-opener\">\r\n                            Q: Hoe zorgt BAS-IP voor de veiligheid en betrouwbaarheid van zijn intercomoplossingen?                            <i class=\"fa-solid fa-chevron-down\"><\/i>\r\n                        <\/div>\r\n                        <div class=\"accordion-slide\">\r\n\t\t\t\t\t\t    <p>BAS-IP maakt gebruik van geavanceerde versleutelingsprotocollen en robuuste hardware om de veiligheid en betrouwbaarheid van zijn intercomsystemen te waarborgen. Deze toewijding aan het leveren van geavanceerde technologie heeft BAS-IP tot een vertrouwde keuze gemaakt voor diverse industrie\u00ebn wereldwijd.<\/p>\n                        <\/div>\r\n\t\t\t\t\t<\/div>\r\n\t\t\t\t\t\t\t\t\t\t\t\t\t\t\t    <div class=\"accordion-item faq-item\">\r\n                        <div class=\"accordion-opener\">\r\n                            Q: Hoe dragen BAS-IP intercomoplossingen bij aan energie-effici\u00ebntie?                            <i class=\"fa-solid fa-chevron-down\"><\/i>\r\n                        <\/div>\r\n                        <div class=\"accordion-slide\">\r\n\t\t\t\t\t\t    <p>BAS-IP intercomsystemen zijn ontworpen met energie-effici\u00ebntie in gedachten. Door functies zoals bewegingsgeactiveerde verlichting, slimme klimaatregeling en energiebesparende stand-by modi te integreren, dragen BAS-IP intercomoplossingen bij aan een groenere en duurzamere omgeving.<\/p>\n                        <\/div>\r\n\t\t\t\t\t<\/div>\r\n\t\t\t\t\t\t\t\t\t\t\t\t\t\t\t    <div class=\"accordion-item faq-item\">\r\n                        <div class=\"accordion-opener\">\r\n                            Q: Welke ondersteuning biedt BAS-IP voor zijn intercomoplossingen?                            <i class=\"fa-solid fa-chevron-down\"><\/i>\r\n                        <\/div>\r\n                        <div class=\"accordion-slide\">\r\n\t\t\t\t\t\t    <p>BAS-IP zet zich in voor het bieden van uitzonderlijke klantenservice, met uitgebreide technische assistentie en middelen om een soepele implementatie en werking van zijn intercomsystemen te garanderen. Deze toewijding aan klanttevredenheid heeft BAS-IP een uitstekende reputatie in de branche opgeleverd.<\/p>\n                        <\/div>\r\n\t\t\t\t\t<\/div>\r\n\t\t\t\t\t\t\t\t\t<\/div>\r\n\t<\/section>\r\n<!-- END Block FAQ -->","protected":false},"excerpt":{"rendered":"<p>Intercom Oplossingen BAS-IP is een leider in het leveren van geavanceerde intercomoplossingen aan diverse industrie\u00ebn, die uitzonderlijke beveiligings- en communicatie-ervaringen bieden. In dit artikel verkennen we zes overtuigende intercom-casestudies die de veelzijdigheid en effectiviteit van de producten van BAS-IP in verschillende omgevingen aantonen. Van meergezinsgebouwen tot ziekenhuisvoorzieningen, deze casestudies benadrukken de transformerende kracht van BAS-IP [&hellip;]<\/p>","protected":false},"author":1,"featured_media":0,"parent":0,"menu_order":0,"comment_status":"closed","ping_status":"closed","template":"","meta":{"inline_featured_image":false,"footnotes":""},"class_list":["post-133061","page","type-page","status-publish","hentry"],"acf":[],"_links":{"self":[{"href":"https:\/\/bas-ip.com\/nl\/wp-json\/wp\/v2\/pages\/133061","targetHints":{"allow":["GET"]}}],"collection":[{"href":"https:\/\/bas-ip.com\/nl\/wp-json\/wp\/v2\/pages"}],"about":[{"href":"https:\/\/bas-ip.com\/nl\/wp-json\/wp\/v2\/types\/page"}],"author":[{"embeddable":true,"href":"https:\/\/bas-ip.com\/nl\/wp-json\/wp\/v2\/users\/1"}],"replies":[{"embeddable":true,"href":"https:\/\/bas-ip.com\/nl\/wp-json\/wp\/v2\/comments?post=133061"}],"version-history":[{"count":3,"href":"https:\/\/bas-ip.com\/nl\/wp-json\/wp\/v2\/pages\/133061\/revisions"}],"predecessor-version":[{"id":133126,"href":"https:\/\/bas-ip.com\/nl\/wp-json\/wp\/v2\/pages\/133061\/revisions\/133126"}],"wp:attachment":[{"href":"https:\/\/bas-ip.com\/nl\/wp-json\/wp\/v2\/media?parent=133061"}],"curies":[{"name":"wp","href":"https:\/\/api.w.org\/{rel}","templated":true}]}}