{"id":76266,"date":"2022-08-31T21:02:49","date_gmt":"2022-08-31T21:02:49","guid":{"rendered":"https:\/\/bas-ip.com\/?page_id=76266"},"modified":"2025-08-26T09:57:31","modified_gmt":"2025-08-26T09:57:31","slug":"courses","status":"publish","type":"page","link":"https:\/\/bas-ip.com\/lv\/courses\/","title":{"rendered":"Kursi"},"content":{"rendered":"<!-- START Block Home Hero Slider --><section id=\"block_630fcbf3596ba\" class=\"home-hero-slider-section js-home-hero-slider-section\">\r\n            <div class=\"home-hero-slide\">\r\n        <picture>\r\n            \r\n            \r\n                        <img decoding=\"async\" class=\"d-block w-100\" src=\"https:\/\/bas-ip.com\/wp-content\/uploads\/2022\/09\/main_2-1.jpg\"\r\n                alt=\"slide\">\r\n            \r\n        <\/picture>\r\n        <div class=\"container\">\r\n            <div class=\"text-holder fullsize__device\">\r\n                                <div class=\"h1 title-page\">K\u013b\u016aT PAR BAS-IP EKSPERTU<\/div>\r\n                                                <div class=\"text-block\">\r\n                    Bezmaksas apm\u0101c\u012bba jebkur\u0101 laik\u0101, jebkur\u0101 viet\u0101, j\u016bsu kl\u0113pjdator\u0101 vai viedt\u0101lrun\u012b! Sa\u0146emiet ofici\u0101lu BAS-IP sertifik\u0101tu.                <\/div>\r\n                                                <a class=\"btn\" href=\"https:\/\/courses.bas-ip.com\/registration\/2b40036d-2bf1-4f55-9171-ba0e6b1811bd\"\r\n                    >\r\n                    RE\u0122ISTR\u0112TIES                <\/a>\r\n                            <\/div>\r\n            <div class=\"text-holder medium__device__show\">\r\n                                                            <\/div>\r\n            <div class=\"text-holder small__device__show\">\r\n                                                            <\/div>\r\n        <\/div>\r\n    <\/div>\r\n        <\/section>\r\n<!-- END Block Home Hero Slider -->\n\n<!-- START Block Course --><section id=\"block_6314eb1d699f4\" class=\"course-section\">\r\n\r\n            <div class=\"course-holder js-course-holder\">\r\n            <div class=\"course-nav-holder\">\r\n                                    <h2 class=\"title-section\" data-aos=\"fade-right\">Par ko ir \u0161is kurss un kam tas ir paredz\u0113ts?<\/h2>\r\n                                                    <ul class=\"course-nav course-nav-js\" data-aos=\"fade-right\">\r\n                                                                    <li class=\"active\" data-id=\"0\">Ievads<\/li>\r\n                                                                      <li  data-id=\"1\">Konfigur\u0101cija<\/li>\r\n                                                                      <li  data-id=\"2\">Probl\u0113mu nov\u0113r\u0161ana un apkope<\/li>\r\n                                                                      <li  data-id=\"3\">Piel\u0101go\u0161ana, integr\u0101cija<\/li>\r\n                                                                  <\/ul>\r\n                            <\/div>\r\n                      <div class=\"courses-slider js-courses-slider\" data-aos=\"fade-left\">\r\n                                    <div class=\"courses-slide\">\r\n                        <div class=\"name-block\">Piel\u0101go\u0161ana, integr\u0101cija<\/div>\r\n                                                    <div class=\"image-holder\">\r\n                              <img loading=\"lazy\" decoding=\"async\" width=\"192\" height=\"300\" src=\"https:\/\/bas-ip.com\/wp-content\/uploads\/2022\/09\/block_1.jpg\" class=\"attachment-medium size-medium\" alt=\"\" \/>                            <\/div>\r\n                                                                            <div class=\"text-holder\">\r\n                                                                                              <div class=\"text-block\"><p>Pirmaj\u0101 da\u013c\u0101 apl\u016bkoti interkomu sist\u0113mu pamati, tostarp pieejamo interkomu sist\u0113mu veidi, to galven\u0101s sast\u0101vda\u013cas un darb\u012bbas principi. \u0160aj\u0101 sada\u013c\u0101 sniegts p\u0101rskats par interkomu tehnolo\u0123iju un pal\u012bdz integr\u0113t\u0101jiem izprast interkomu sist\u0113mu pamatprincipus.<\/p><\/div>\r\n                                                          <\/div>\r\n                                            <\/div>\r\n                                    <div class=\"courses-slide\">\r\n                        <div class=\"name-block\">Piel\u0101go\u0161ana, integr\u0101cija<\/div>\r\n                                                    <div class=\"image-holder\">\r\n                              <img loading=\"lazy\" decoding=\"async\" width=\"192\" height=\"300\" src=\"https:\/\/bas-ip.com\/wp-content\/uploads\/2023\/03\/Courses_4.jpg\" class=\"attachment-medium size-medium\" alt=\"\" \/>                            <\/div>\r\n                                                                            <div class=\"text-holder\">\r\n                                                                                              <div class=\"text-block\"><p>Otraj\u0101 da\u013c\u0101 apl\u016bkota interkomu sist\u0113mu integr\u0113\u0161anas specifika, ietverot vadu ier\u012bko\u0161anu, t\u012bkla konfigur\u0101ciju un ska\u0146as kvalit\u0101tes optimiz\u0113\u0161anu. \u0160aj\u0101 sada\u013c\u0101 integratoriem tiks sniegtas tehnisk\u0101s zin\u0101\u0161anas interkomu sist\u0113mu projekt\u0113\u0161anai un uzst\u0101d\u012b\u0161anai.<\/p><\/div>\r\n                                                          <\/div>\r\n                                            <\/div>\r\n                                    <div class=\"courses-slide\">\r\n                        <div class=\"name-block\">Piel\u0101go\u0161ana, integr\u0101cija<\/div>\r\n                                                    <div class=\"image-holder\">\r\n                              <img loading=\"lazy\" decoding=\"async\" width=\"192\" height=\"300\" src=\"https:\/\/bas-ip.com\/wp-content\/uploads\/2023\/03\/Courses_3.jpg\" class=\"attachment-medium size-medium\" alt=\"\" \/>                            <\/div>\r\n                                                                            <div class=\"text-holder\">\r\n                                                                                              <div class=\"text-block\"><p>Tre\u0161aj\u0101 da\u013c\u0101 apl\u016bkota probl\u0113mu nov\u0113r\u0161ana un apkope, apsprie\u017eot bie\u017e\u0101k sastopam\u0101s probl\u0113mas, ar kur\u0101m integratori var saskarties, un sniedzot padomus, k\u0101 t\u0101s diagnostic\u0113t un nov\u0113rst. \u0160aj\u0101 sada\u013c\u0101 apl\u016bkoti ar\u012b regul\u0101rie tehnisk\u0101s apkopes uzdevumi, kas integratoriem j\u0101veic, lai nodro\u0161in\u0101tu optim\u0101lu durvju sakaru sist\u0113mu darb\u012bbu.<\/p><\/div>\r\n                                                          <\/div>\r\n                                            <\/div>\r\n                                    <div class=\"courses-slide\">\r\n                        <div class=\"name-block\">Piel\u0101go\u0161ana, integr\u0101cija<\/div>\r\n                                                    <div class=\"image-holder\">\r\n                              <img loading=\"lazy\" decoding=\"async\" width=\"192\" height=\"300\" src=\"https:\/\/bas-ip.com\/wp-content\/uploads\/2023\/03\/Courses_2.jpg\" class=\"attachment-medium size-medium\" alt=\"\" \/>                            <\/div>\r\n                                                                            <div class=\"text-holder\">\r\n                                                                                              <div class=\"text-block\"><p>Visbeidzot, ceturtaj\u0101 da\u013c\u0101 apl\u016bkotas progres\u012bvas durvju sakaru sist\u0113mu integr\u0101cijas t\u0113mas, piem\u0113ram, interkomu sist\u0113mu integr\u0101cija ar cit\u0101m sist\u0113m\u0101m, progres\u012bvas ska\u0146as apstr\u0101des metodes un interkomu sist\u0113mu izmanto\u0161ana specializ\u0113tos lietojumos. \u0160\u012b sada\u013ca sniegs integratoriem zin\u0101\u0161anas, kas nepiecie\u0161amas, lai risin\u0101tu sare\u017e\u0123\u012btus integr\u0101cijas projektus un nezaud\u0113tu progresu \u0161aj\u0101 strauji augo\u0161aj\u0101 jom\u0101.<\/p><\/div>\r\n                                                          <\/div>\r\n                                            <\/div>\r\n                            <\/div>\r\n                  <\/div>\r\n    \r\n\r\n            <ul class=\"icons-list\">\r\n                                      <li data-aos=\"fade-up\" data-aos-delay=\"100\">\r\n                                            <div class=\"icon-block\"><img loading=\"lazy\" decoding=\"async\" width=\"56\" height=\"56\" src=\"https:\/\/bas-ip.com\/wp-content\/uploads\/2022\/09\/Mask-group-3.png\" class=\"attachment-medium size-medium\" alt=\"\" \/><\/div>\r\n                    \r\n                                            <div class=\"title-block\">INSTALLERS<\/div>\r\n                    \r\n                                            <div class=\"text-block\">Uzziniet vair\u0101k par BAS-IP iek\u0101rtu uzst\u0101d\u012b\u0161anu un konfigur\u0113\u0161anu tie\u0161i no ra\u017eot\u0101ja.<\/div>\r\n                                    <\/li>\r\n                                          <li data-aos=\"fade-up\" data-aos-delay=\"200\">\r\n                                            <div class=\"icon-block\"><img loading=\"lazy\" decoding=\"async\" width=\"56\" height=\"56\" src=\"https:\/\/bas-ip.com\/wp-content\/uploads\/2022\/09\/Mask-group-1.png\" class=\"attachment-medium size-medium\" alt=\"\" \/><\/div>\r\n                    \r\n                                            <div class=\"title-block\">P\u0100RDO\u0160ANAS MENED\u017dERI<\/div>\r\n                    \r\n                                            <div class=\"text-block\">Izp\u0113tiet produktu nopietni un uzziniet vair\u0101k par t\u0101 funkcij\u0101m.<\/div>\r\n                                    <\/li>\r\n                                          <li data-aos=\"fade-up\" data-aos-delay=\"300\">\r\n                                            <div class=\"icon-block\"><img loading=\"lazy\" decoding=\"async\" width=\"52\" height=\"52\" src=\"https:\/\/bas-ip.com\/wp-content\/uploads\/2022\/09\/Mask-group-2.png\" class=\"attachment-medium size-medium\" alt=\"\" \/><\/div>\r\n                    \r\n                                            <div class=\"title-block\">INTEGRATORI<\/div>\r\n                    \r\n                                            <div class=\"text-block\">Uzziniet vair\u0101k par iesp\u0113j\u0101m ieviest lieto\u0161anai gatavus BAS-IP risin\u0101jumus da\u017e\u0101da veida objektos.<\/div>\r\n                                    <\/li>\r\n                                  <\/ul>\r\n    <\/section>\r\n<!-- END Block Course -->\n\n<!-- START Block Product Installation --><section id=\"block_6411dd14b579f\" class=\"product-installation-section\">\r\n\t<div class=\"text-holder\">\r\n                    <\/div>\r\n\r\n\t\t    <div class=\"installation-blocks-list\">\r\n\t\t\t\t\t\t\t\t\t\t\t\t<div class=\"installation-block-item image-position-right\">\r\n\t\t\t\t\t\t<div class=\"text-holder\" data-aos=\"fade-right\">\r\n                                                            <h3 class=\"h2 title-section\">K\u0100DA IR KURSA STRUKT\u016aRA?<\/h3>\r\n                            \r\n                                                            <div class=\"text-section\">\r\n                                  <p>Tehnisk\u0101s apm\u0101c\u012bbas kurss ir veidots p\u0113c modu\u013cu principa, lai dal\u012bbnieki var\u0113tu m\u0101c\u012bties sav\u0101 temp\u0101 un piev\u0113rsties jom\u0101m, kas atbilst vi\u0146u vajadz\u012bb\u0101m. Kurss ir sadal\u012bts modu\u013cos, no kuriem katrs aptver konkr\u0113tu interkomu sist\u0113mas integr\u0101cijas t\u0113mu. Katra modu\u013ca pamat\u0101 ir teorija un praktiski vingrin\u0101jumi, kas \u013cauj dal\u012bbniekiem apg\u016bto pielietot re\u0101los scen\u0101rijos.<\/p>\n<p>\u0160\u0101da pieeja nodro\u0161ina, ka dal\u012bbnieki izprot ideju un apg\u016bst praktisk\u0101s iema\u0146as efekt\u012bvai durvju sakaru sist\u0113mu projekt\u0113\u0161anai, uzst\u0101d\u012b\u0161anai un uztur\u0113\u0161anai. Turkl\u0101t, lai uzlabotu m\u0101c\u012bbu pieredzi, kurs\u0101 ir iek\u013cauti da\u017e\u0101di multivides materi\u0101li, tostarp videomateri\u0101li, diagrammas un interakt\u012bvas simul\u0101cijas. Dal\u012bbniekiem ir pieejami ar\u012b tie\u0161saistes resursi un atbalsta t\u012bkls, tostarp instruktori un kursa kol\u0113\u0123i, lai pal\u012bdz\u0113tu vi\u0146iem sekot l\u012bdzi un risin\u0101t visus jaut\u0101jumus vai probl\u0113mas.<\/p>\n                                <\/div>\r\n                                                    <\/div>\r\n\r\n                                                    <div class=\"image-holder\" data-aos=\"fade-left\">\r\n                                <div class=\"image-block\">\r\n                                    <img loading=\"lazy\" decoding=\"async\" width=\"944\" height=\"560\" src=\"https:\/\/bas-ip.com\/wp-content\/uploads\/2023\/03\/337-1.jpg\" class=\"attachment-full size-full\" alt=\"\" srcset=\"https:\/\/bas-ip.com\/wp-content\/uploads\/2023\/03\/337-1.jpg 944w,  https:\/\/bas-ip.com\/wp-content\/uploads\/2023\/03\/337-1-300x178.jpg 300w,  https:\/\/bas-ip.com\/wp-content\/uploads\/2023\/03\/337-1-768x456.jpg 768w,  https:\/\/bas-ip.com\/wp-content\/uploads\/2023\/03\/337-1-767x455.jpg 767w\" sizes=\"auto, (max-width: 944px) 100vw, 944px\" \/>                                <\/div>\r\n                            <\/div>\r\n                            \t\t\t\t\t<\/div>\r\n\t\t\t\t\t\t\t\t\t<\/div>\r\n\t<\/section>\r\n<!-- END Block Product Installation -->\n\n<!-- START Block About Us Text & Image --><section id=\"block_630fd51d596c5\" class=\"about-text-image-section\">\r\n\t        <div class=\"image-holder\" data-aos=\"fade-right\">\r\n\t        <img loading=\"lazy\" decoding=\"async\" width=\"438\" height=\"798\" src=\"https:\/\/bas-ip.com\/wp-content\/uploads\/2022\/09\/phone.png\" class=\"attachment-medium_large size-medium_large\" alt=\"\" srcset=\"https:\/\/bas-ip.com\/wp-content\/uploads\/2022\/09\/phone.png 438w,  https:\/\/bas-ip.com\/wp-content\/uploads\/2022\/09\/phone-165x300.png 165w\" sizes=\"auto, (max-width: 438px) 100vw, 438px\" \/>        <\/div>\r\n\t\r\n    <div class=\"text-holder\" data-aos=\"fade-left\">\r\n                            <div class=\"text-block\">\r\n                <h4><span style=\"color: #d32d23;\">TIE\u0160SAIST\u0112<\/span><\/h4>\n<p>Tie\u0161saistes apm\u0101c\u012bba sast\u0101v no video nodarb\u012bb\u0101m un ir sadal\u012bta blokos. P\u0113c katra bloka video nodarb\u012bbu noskat\u012b\u0161an\u0101s ir j\u0101nok\u0101rto starpposma tests. Kad esat nok\u0101rtojis starpposma testu, varat piek\u013c\u016bt n\u0101kamajam blokam. Kad esat noskat\u012bjies visus videoklipus un nok\u0101rtojis visus starpposma testus, tiek k\u0101rtots nosl\u0113guma tests.<\/p>\n<h4><span style=\"color: #d32d23;\">BEZSAIST\u0112<\/span><\/h4>\n<p>Visi, kas pabeigu\u0161i tie\u0161saistes apm\u0101c\u012bbu un nok\u0101rtoju\u0161i gala testu, var piedal\u012bties praktiskaj\u0101 apm\u0101c\u012bb\u0101 un sa\u0146emt sertifik\u0101tu. Apm\u0101c\u012bba un sertifik\u0101cija bezsaistes re\u017e\u012bm\u0101 notiek periodiski ofici\u0101l\u0101 izplat\u012bt\u0101ja biroj\u0101 j\u016bsu valst\u012b.<\/p>            <\/div>\r\n            <\/div>\r\n<\/section>\r\n<!-- END Block About Us Text & Image -->\n\n<!-- START Block About Us Text & Image --><section id=\"block_630fd575596c6\" class=\"about-text-image-section\">\r\n\t        <div class=\"image-holder\" data-aos=\"fade-right\">\r\n\t        <img loading=\"lazy\" decoding=\"async\" width=\"640\" height=\"780\" src=\"https:\/\/bas-ip.com\/wp-content\/uploads\/2022\/08\/license_img_c2-1.png\" class=\"attachment-medium_large size-medium_large\" alt=\"\" srcset=\"https:\/\/bas-ip.com\/wp-content\/uploads\/2022\/08\/license_img_c2-1.png 640w,  https:\/\/bas-ip.com\/wp-content\/uploads\/2022\/08\/license_img_c2-1-246x300.png 246w\" sizes=\"auto, (max-width: 640px) 100vw, 640px\" \/>        <\/div>\r\n\t\r\n    <div class=\"text-holder\" data-aos=\"fade-left\">\r\n                    <h2 class=\"title-section\">SPECI\u0100LISTA SERTIFIK\u0100TS<\/h2>\r\n                            <div class=\"text-block\">\r\n                <p>M\u016bsu bezmaksas apm\u0101c\u012bbu programma ir izstr\u0101d\u0101ta, lai apm\u0101c\u012btu sertific\u0113tus speci\u0101listus un \u013cautu uz\u0146\u0113mumiem nodro\u0161in\u0101t, ka to darbinieki ir piln\u012bb\u0101 apm\u0101c\u012bti un kompetenti BAS-IP produktu ievie\u0161an\u0101. \u0160is sertifik\u0101ts ir apliecin\u0101jums tam.<\/p>\n<p><a href=\"https:\/\/courses.bas-ip.com\/registration\/2b40036d-2bf1-4f55-9171-ba0e6b1811bd\">RE\u0122ISTR\u0112TIES<\/a><\/p>            <\/div>\r\n            <\/div>\r\n<\/section>\r\n<!-- END Block About Us Text & Image -->\n\n<!-- START Block CTA Courses --><section data-aos=\"fade-up\" id=\"block_630fde6a1b048\" class=\"cta-courses-section\">\r\n    <div class=\"bg-block\" style=\"background-image: url('https:\/\/bas-ip.com\/wp-content\/uploads\/2022\/09\/block_install.jpg');\"><\/div>\r\n    <div class=\"text-holder\" data-aos=\"fade-right\" data-aos-delay=\"300\">\r\n                    <h2 class=\"title-section\">Jums nav iesp\u0113jas m\u0101c\u012bties biroj\u0101?<\/h2>\r\n        \r\n\r\n    <\/div>\r\n\r\n\t        <div class=\"link-holder\" data-aos=\"fade-left\" data-aos-delay=\"300\">\r\n                        <div class=\"text-section\">\r\n                Lejupiel\u0101d\u0113jiet m\u016bsu kursus un m\u0101cieties no viedt\u0101lru\u0146a.              <\/div>\r\n                                  <a href=\"https:\/\/apps.apple.com\/us\/app\/unicraft\/id1540267679?roistat_visit=220783\" class=\"icon-app-store\" target=\"_blank\" rel=\"noopener\">app store<\/a>\r\n          \r\n                        <a href=\"https:\/\/play.google.com\/store\/apps\/details?id=org.unicraft.app&#038;roistat_visit=220783\" class=\"icon-google-play\" target=\"_blank\" rel=\"noopener\">google play<\/a>\r\n                  <\/div>\r\n\t<\/section>\r\n<!-- END Block CTA Courses -->\n\n<!-- START Block Sign Up --><section id=\"block_630fd153596bc\" class=\"sign-up-section\">\r\n\r\n    <div class=\"form-holder js-form\" data-aos=\"fade-right\">\r\n                    <div class=\"title-block h3\">Re\u0123istr\u0113jieties savienojumam<\/div>\r\n        \r\n                    <div class=\"text-block\">\r\n                Aizpildot visu nepiecie\u0161amo inform\u0101ciju, lai var\u0113tu jums atbild\u0113t p\u0113c iesp\u0113jas \u0101tr\u0101k            <\/div>\r\n        \r\n                    \n<div class=\"wpcf7 no-js\" id=\"wpcf7-f102-o1\" lang=\"en-US\" dir=\"ltr\">\n<div class=\"screen-reader-response\"><p role=\"status\" aria-live=\"polite\" aria-atomic=\"true\"><\/p> <ul><\/ul><\/div>\n<form action=\"\/lv\/wp-json\/wp\/v2\/pages\/76266#wpcf7-f102-o1\" method=\"post\" class=\"wpcf7-form init\" aria-label=\"Contact form\" enctype=\"multipart\/form-data\" novalidate=\"novalidate\" data-status=\"init\">\n<div style=\"display: none;\">\n<input type=\"hidden\" name=\"_wpcf7\" value=\"102\" \/>\n<input type=\"hidden\" name=\"_wpcf7_version\" value=\"5.8.3\" \/>\n<input type=\"hidden\" name=\"_wpcf7_locale\" value=\"en_US\" \/>\n<input type=\"hidden\" name=\"_wpcf7_unit_tag\" value=\"wpcf7-f102-o1\" \/>\n<input type=\"hidden\" name=\"_wpcf7_container_post\" value=\"0\" \/>\n<input type=\"hidden\" name=\"_wpcf7_posted_data_hash\" value=\"\" \/>\n<input type=\"hidden\" name=\"_wpcf7_recaptcha_response\" value=\"\" \/>\n<\/div>\n<div class=\"row\"> \n <label><span class=\"label-text\">Name<\/span> \n  <span class=\"wpcf7-form-control-wrap\" data-name=\"text-full-name\"><input size=\"40\" class=\"wpcf7-form-control wpcf7-text wpcf7-validates-as-required\" aria-required=\"true\" aria-invalid=\"false\" placeholder=\"Name\" value=\"\" type=\"text\" name=\"text-full-name\" \/><\/span><\/label> \n<\/div> \n<div class=\"row\"> \n <label><span class=\"label-text\">Phone*<\/span> \n<span class=\"wpcf7-form-control-wrap\" data-name=\"phonetext-270\"><input size=\"40\" class=\"wpcf7-form-control wpcf7-phonetext wpcf7-validates-as-required wpcf7-text wpcf7-validates-as-phonetext\" aria-required=\"true\" aria-invalid=\"false\" placeholder=\"Phone*\" value=\"\" type=\"text\" name=\"phonetext-270\" \/><input type=\"hidden\" name=\"phonetext-270-country-code\" class=\"wpcf7-phonetext-country-code\" \/><\/span><\/label> \n<\/div> \n<div class=\"row\"> \n <label><span class=\"label-text\">E-mail<\/span> \n  <span class=\"wpcf7-form-control-wrap\" data-name=\"email-e-mail\"><input size=\"40\" class=\"wpcf7-form-control wpcf7-email wpcf7-validates-as-required wpcf7-text wpcf7-validates-as-email\" aria-required=\"true\" aria-invalid=\"false\" placeholder=\"E-mail\" value=\"\" type=\"email\" name=\"email-e-mail\" \/><\/span><\/label> \n<\/div> \n<div class=\"row\"><span>Your country<\/span> \n <label><span class=\"wpcf7-form-control-wrap\" data-name=\"countrytext-126\"><input size=\"40\" class=\"wpcf7-form-control wpcf7-countrytext wpcf7-text wpcf7-validates-as-countrytext\" aria-invalid=\"false\" value=\"\" type=\"text\" name=\"countrytext-126\" \/><\/span> <\/label>\n<\/div> \n<div class=\"row\"> \n <button type=\"submit\" class=\"btn\">Send<\/button> \n<\/div> \n<div class=\"row\"> \n <span class=\"wpcf7-form-control-wrap\" data-name=\"checkbox-931\"><span class=\"wpcf7-form-control wpcf7-checkbox\"><span class=\"wpcf7-list-item first\"><label><input type=\"checkbox\" name=\"checkbox-931[]\" value=\"Integrator\" \/><span class=\"wpcf7-list-item-label\">Integrator<\/span><\/label><\/span><span class=\"wpcf7-list-item\"><label><input type=\"checkbox\" name=\"checkbox-931[]\" value=\"Builder\" \/><span class=\"wpcf7-list-item-label\">Builder<\/span><\/label><\/span><span class=\"wpcf7-list-item last\"><label><input type=\"checkbox\" name=\"checkbox-931[]\" value=\"End-User\" \/><span class=\"wpcf7-list-item-label\">End-User<\/span><\/label><\/span><\/span><\/span> \n<\/div> \n<div class=\"row row-upload-file\"> \n <label class=\"upload-file-block js-upload-file\">Attach file \n  <span class=\"wpcf7-form-control-wrap\" data-name=\"file-466\"><input size=\"40\" class=\"wpcf7-form-control wpcf7-file\" accept=\"audio\/*,video\/*,image\/*\" aria-invalid=\"false\" type=\"file\" name=\"file-466\" \/><\/span><\/label> \n<\/div><input type='hidden' class='wpcf7-pum' value='{\"closepopup\":false,\"closedelay\":0,\"openpopup\":false,\"openpopup_id\":0}' \/><div class=\"wpcf7-response-output\" aria-hidden=\"true\"><\/div>\n<\/form>\n<\/div>\n            <\/div>\r\n\r\n\t\t    <div class=\"text-holder\" data-aos=\"fade-left\">\r\n\t\t\t\t\t\t    <h3 class=\"title-block\">K\u0101 m\u0113s varam pal\u012bdz\u0113t?<\/h3>\r\n\t\t\t\r\n\t\t\t                <div class=\"text-block\">\r\n                    L\u016bdzu, izv\u0113lieties t\u0113mu, kas saist\u012bta ar j\u016bsu piepras\u012bjumu. Ja neatrodat nepiecie\u0161amo, aizpildiet m\u016bsu kontaktformu.                <\/div>\r\n\t\t\t\r\n\t\t\t\t\t\t    <ul class=\"link-list\">\r\n\t\t\t\t\t\t\t\t\t\t\t\t\t\t\t\t\t\t<li>\r\n\t\t\t\t\t\t\t\t\t\t\t\t\t\t\t\t    <strong>Ieg\u016bstiet iedvesmu<\/strong>\r\n\t\t\t\t\t\t\t\t\t\t\t\t\t\t\t\t\t\t\t\t\t\t\t\t    <a href=\"\/features\/\">\r\n\t\t\t\t\t\t\t\t        Atkl\u0101jiet, kas atrodas zem m\u016bsu domofona\t\t\t\t\t\t\t\t    <\/a>\r\n\t\t\t\t\t\t\t\t\t\t\t\t\t\t\t<\/li>\r\n\t\t\t\t\t\t\t\t\t\t\t\t\t\t\t\t\t\t\t\t\t\t\t\t<li>\r\n\t\t\t\t\t\t\t\t\t\t\t\t\t\t\t\t    <strong>K\u013c\u016bsti par partneri<\/strong>\r\n\t\t\t\t\t\t\t\t\t\t\t\t\t\t\t\t\t\t\t\t\t\t\t\t    <a href=\"\/distributors\/\">\r\n\t\t\t\t\t\t\t\t        Papla\u0161iniet savu biznesu ar BAS-IP domofonu\t\t\t\t\t\t\t\t    <\/a>\r\n\t\t\t\t\t\t\t\t\t\t\t\t\t\t\t<\/li>\r\n\t\t\t\t\t\t\t\t\t\t\t\t\t\t\t\t\t\t\t\t\t\t\t\t<li>\r\n\t\t\t\t\t\t\t\t\t\t\t\t\t\t\t\t    <strong>P\u0101rbaudiet ce\u013cve\u017eus<\/strong>\r\n\t\t\t\t\t\t\t\t\t\t\t\t\t\t\t\t\t\t\t\t\t\t\t\t    <a href=\"\/support\/\">\r\n\t\t\t\t\t\t\t\t        Lejupiel\u0101d\u0113jiet detaliz\u0113tas rokasgr\u0101matas un sh\u0113mas\t\t\t\t\t\t\t\t    <\/a>\r\n\t\t\t\t\t\t\t\t\t\t\t\t\t\t\t<\/li>\r\n\t\t\t\t\t\t\t\t\t\t\t\t\t\t\t<\/ul>\r\n\t\t\t\r\n\t\t\t\t\t\t    <h3 class=\"title-block\">M\u016bsu kontakti<\/h3>\r\n\t\t\t\r\n\t\t\t\t\t\t\t<ul class=\"contact-list\">\r\n\t\t\t\t\t\t\t\t\t\t\t\t\t\t\t\t\t\t<li>\r\n\t\t\t\t\t\t\t\t\t\t\t\t\t\t\t\t\t<strong>P\u0101rdo\u0161ana:<\/strong>\r\n\t\t\t\t\t\t\t\t\t\t\t\t\t\t\t\t\t\t\t\t\t\t\t\t    <a href=\"mailto:sales&#64;&#98;&#97;s-&#105;&#112;.co&#109;\">s&#97;&#108;&#101;s&#64;ba&#115;-&#105;&#112;.&#99;&#111;m<\/a>\r\n\t\t\t\t\t\t\t\t\t\t\t\t\t\t\t<\/li>\r\n\t\t\t\t\t\t\t\t\t\t\t\t\t\t\t\t\t\t\t\t\t\t\t\t<li>\r\n\t\t\t\t\t\t\t\t\t\t\t\t\t\t\t\t\t<strong>Tehniskais atbalsts:<\/strong>\r\n\t\t\t\t\t\t\t\t\t\t\t\t\t\t\t\t\t\t\t\t\t\t\t\t    <a href=\"mailto:&#115;uppor&#116;&#64;&#98;a&#115;-&#105;p.com\">&#115;u&#112;p&#111;&#114;t&#64;ba&#115;&#45;ip.&#99;o&#109;<\/a>\r\n\t\t\t\t\t\t\t\t\t\t\t\t\t\t\t<\/li>\r\n\t\t\t\t\t\t\t\t\t\t\t\t\t\t\t<\/ul>\r\n\t\t\t\t\t<\/div>\r\n\t<\/section>\r\n\r\n\r\n\r\n<!-- END Block Sign Up -->","protected":false},"excerpt":{"rendered":"","protected":false},"author":1,"featured_media":0,"parent":0,"menu_order":0,"comment_status":"closed","ping_status":"closed","template":"","meta":{"inline_featured_image":false,"footnotes":""},"class_list":["post-76266","page","type-page","status-publish","hentry"],"acf":[],"_links":{"self":[{"href":"https:\/\/bas-ip.com\/lv\/wp-json\/wp\/v2\/pages\/76266","targetHints":{"allow":["GET"]}}],"collection":[{"href":"https:\/\/bas-ip.com\/lv\/wp-json\/wp\/v2\/pages"}],"about":[{"href":"https:\/\/bas-ip.com\/lv\/wp-json\/wp\/v2\/types\/page"}],"author":[{"embeddable":true,"href":"https:\/\/bas-ip.com\/lv\/wp-json\/wp\/v2\/users\/1"}],"replies":[{"embeddable":true,"href":"https:\/\/bas-ip.com\/lv\/wp-json\/wp\/v2\/comments?post=76266"}],"version-history":[{"count":6,"href":"https:\/\/bas-ip.com\/lv\/wp-json\/wp\/v2\/pages\/76266\/revisions"}],"predecessor-version":[{"id":142153,"href":"https:\/\/bas-ip.com\/lv\/wp-json\/wp\/v2\/pages\/76266\/revisions\/142153"}],"wp:attachment":[{"href":"https:\/\/bas-ip.com\/lv\/wp-json\/wp\/v2\/media?parent=76266"}],"curies":[{"name":"wp","href":"https:\/\/api.w.org\/{rel}","templated":true}]}}