{"id":160273,"date":"2026-02-02T03:51:00","date_gmt":"2026-02-02T03:51:00","guid":{"rendered":"https:\/\/bas-ip.com\/hartman\/"},"modified":"2026-03-25T12:03:46","modified_gmt":"2026-03-25T12:03:46","slug":"hartman","status":"publish","type":"page","link":"https:\/\/bas-ip.com\/lv\/hartman\/","title":{"rendered":"Hartman"},"content":{"rendered":"<h2>BAS-IP un Hartman Controls pazi\u0146o par integr\u0101ciju, lai no jauna defin\u0113tu \u0113ku piek\u013cuves p\u0101rvald\u012bbu<\/h2>\n<p><img loading=\"lazy\" decoding=\"async\" class=\"aligncenter size-large wp-image-155099\" src=\"https:\/\/bas-ip.com\/wp-content\/uploads\/2026\/02\/Hartman_logo_n-1024x296.png\" alt=\"\" width=\"900\" height=\"260\" srcset=\"https:\/\/bas-ip.com\/wp-content\/uploads\/2026\/02\/Hartman_logo_n-1024x296.png 1024w,  https:\/\/bas-ip.com\/wp-content\/uploads\/2026\/02\/Hartman_logo_n-300x87.png 300w,  https:\/\/bas-ip.com\/wp-content\/uploads\/2026\/02\/Hartman_logo_n-768x222.png 768w,  https:\/\/bas-ip.com\/wp-content\/uploads\/2026\/02\/Hartman_logo_n-1536x444.png 1536w,  https:\/\/bas-ip.com\/wp-content\/uploads\/2026\/02\/Hartman_logo_n-2048x592.png 2048w,  https:\/\/bas-ip.com\/wp-content\/uploads\/2026\/02\/Hartman_logo_n-1920x555.png 1920w,  https:\/\/bas-ip.com\/wp-content\/uploads\/2026\/02\/Hartman_logo_n-767x222.png 767w,  https:\/\/bas-ip.com\/wp-content\/uploads\/2026\/02\/Hartman_logo_n-1534x443.png 1534w\" sizes=\"auto, (max-width: 900px) 100vw, 900px\" \/><\/p>\n<p data-path-to-node=\"1\"><strong>BAS-IP, vado\u0161ais IP domofonu sist\u0113mu izstr\u0101d\u0101t\u0101js, un Hartman Controls, integr\u0113to piek\u013cuves kontroles platformu l\u012bderis, ir pazi\u0146oju\u0161i par strat\u0113\u0123isku integr\u0101ciju. \u0160\u012b partner\u012bba apvieno BAS-IP progres\u012bvos izsaukuma pane\u013cus ar Odyssey ekosist\u0113mu, nodro\u0161inot vienotu, m\u0113rogojamu risin\u0101jumu m\u016bsdien\u012bg\u0101m dz\u012bvojam\u0101m un komerci\u0101l\u0101m \u0113k\u0101m.<\/strong><\/p>\n<p data-path-to-node=\"2\">\u0160\u012bs integr\u0101cijas pamat\u0101 ir nevainojama koordin\u0101cija starp BAS-IP aparat\u016bru un <strong>Odyssey platformu<\/strong>. Izmantojot SIP b\u0101z\u0113tu sazi\u0146u un BAS-IP Open API, sist\u0113mas darbojas saska\u0146oti, lai p\u0101rvald\u012btu akredit\u0101cijas datus, sazi\u0146u un dro\u0161\u012bbu no viena centraliz\u0113ta interfeisa.<\/p>\n<p data-path-to-node=\"3\">Odyssey sist\u0113ma kalpo k\u0101 galvenais p\u0101rvald\u012bbas mezgls. Dro\u0161\u012bbas operatori var p\u0101rvald\u012bt iedz\u012bvot\u0101jus, durvis un piek\u013cuves at\u013caujas, savuk\u0101rt BAS-IP Link platforma nodro\u0161ina, ka visi konfigur\u0101cijas dati \u2014 ieskaitot SIP parametrus un kontaktu direktorijus \u2014 tiek autom\u0101tiski sinhroniz\u0113ti vis\u0101 domofonu infrastrukt\u016br\u0101.<\/p>\n<h3 data-path-to-node=\"4\">Galvenie ieguvumi:<\/h3>\n<ul>\n<li data-path-to-node=\"5,0,0\"><b data-path-to-node=\"5,0,0\" data-index-in-node=\"0\">Centraliz\u0113ta p\u0101rvald\u012bba<\/b> \u2013 vienota piek\u013cuves, domofonu un video kontrole Odyssey ekosist\u0113m\u0101.<\/li>\n<li data-path-to-node=\"5,1,0\"><b data-path-to-node=\"5,1,0\" data-index-in-node=\"0\">Uzlabota mobilit\u0101te<\/b> \u2013 iedz\u012bvot\u0101ji un darbinieki var sa\u0146emt domofona zvanus, izmantojot HC-Key un HC-Admin mobil\u0101s lietotnes.<\/li>\n<li data-path-to-node=\"5,2,0\"><b data-path-to-node=\"5,2,0\" data-index-in-node=\"0\">Automatiz\u0113ta sinhroniz\u0101cija<\/b> \u2013 kontaktu gr\u0101matu un SIP iestat\u012bjumu sinhroniz\u0101cija re\u0101llaik\u0101, izmantojot BAS-IP Open API.<\/li>\n<li data-path-to-node=\"5,3,0\"><b data-path-to-node=\"5,3,0\" data-index-in-node=\"0\">M\u0113rogojama arhitekt\u016bra<\/b> \u2013 n\u0101kotnes pras\u012bb\u0101m atbilsto\u0161s risin\u0101jums, kas piem\u0113rots daudzdz\u012bvok\u013cu, komerci\u0101liem un jauktas izmanto\u0161anas projektiem.<\/li>\n<\/ul>\n<h3 data-path-to-node=\"6\">K\u0101 darbojas integr\u0101cija:<\/h3>\n<ol>\n<li data-path-to-node=\"7,0,0\"><b data-path-to-node=\"7,0,0\" data-index-in-node=\"0\">Re\u0123istr\u0101cija:<\/b> administrators p\u0101rvalda akredit\u0101cijas datus un iedz\u012bvot\u0101ju datus Hartman Odyssey platform\u0101.<\/li>\n<li data-path-to-node=\"7,1,0\"><b data-path-to-node=\"7,1,0\" data-index-in-node=\"0\">Sinhroniz\u0101cija:<\/b> izmantojot BAS-IP Open API, Odyssey sinhroniz\u0113 SIP kontus un kontaktu direktorijus tie\u0161i ar izsaukuma pane\u013ciem.<\/li>\n<li data-path-to-node=\"7,2,0\"><b data-path-to-node=\"7,2,0\" data-index-in-node=\"0\">Zvan\u012b\u0161ana:<\/b> apmekl\u0113t\u0101js izv\u0113las v\u0101rdu no BAS-IP pane\u013ca direktorija. Zvans tiek mar\u0161rut\u0113ts caur Odyssey SIP infrastrukt\u016bru.<\/li>\n<li data-path-to-node=\"7,3,0\"><b data-path-to-node=\"7,3,0\" data-index-in-node=\"0\">Sazi\u0146a:<\/b> iedz\u012bvot\u0101ji vai operatori sa\u0146em zvanu mobilaj\u0101 lietotn\u0113 HC-Key, Odyssey datorprogramm\u0101 vai stacion\u0101raj\u0101s darbstacij\u0101s.<\/li>\n<li data-path-to-node=\"7,4,0\"><b data-path-to-node=\"7,4,0\" data-index-in-node=\"0\">Piek\u013cuve:<\/b> durvis tiek atsl\u0113gtas att\u0101lin\u0101ti, izmantojot integr\u0113to Odyssey saskarni, saglab\u0101jot dro\u0161u notikumu v\u0113stures ierakstu sist\u0113mu.<\/li>\n<\/ol>\n<p data-path-to-node=\"8\">\u0160\u012b integr\u0101cija nov\u0113r\u0161 &#8220;fragment\u0113tas sist\u0113mas&#8221; probl\u0113mu, aizst\u0101jot atsevi\u0161\u0137us komponentus ar vienotu vidi, kas samazina nodo\u0161anas ekspluat\u0101cij\u0101 laiku integratoriem un uzlabo ikdienas pieredzi \u0113kas iem\u012btniekiem.<\/p>\n\n<!-- START Block Sign Up --><section id=\"block_629678229e935\" class=\"sign-up-section\">\r\n\r\n    <div class=\"form-holder js-form\" data-aos=\"fade-right\">\r\n                    <div class=\"title-block h3\">Sign up for connection<\/div>\r\n        \r\n                    <div class=\"text-block\">\r\n                Filling out all the information needed to answer you as quickly as possible            <\/div>\r\n        \r\n                    \n<div class=\"wpcf7 no-js\" id=\"wpcf7-f102-o1\" lang=\"en-US\" dir=\"ltr\">\n<div class=\"screen-reader-response\"><p role=\"status\" aria-live=\"polite\" aria-atomic=\"true\"><\/p> <ul><\/ul><\/div>\n<form action=\"\/lv\/wp-json\/wp\/v2\/pages\/160273#wpcf7-f102-o1\" method=\"post\" class=\"wpcf7-form init\" aria-label=\"Contact form\" enctype=\"multipart\/form-data\" novalidate=\"novalidate\" data-status=\"init\">\n<div style=\"display: none;\">\n<input type=\"hidden\" name=\"_wpcf7\" value=\"102\" \/>\n<input type=\"hidden\" name=\"_wpcf7_version\" value=\"5.8.3\" \/>\n<input type=\"hidden\" name=\"_wpcf7_locale\" value=\"en_US\" \/>\n<input type=\"hidden\" name=\"_wpcf7_unit_tag\" value=\"wpcf7-f102-o1\" \/>\n<input type=\"hidden\" name=\"_wpcf7_container_post\" value=\"0\" \/>\n<input type=\"hidden\" name=\"_wpcf7_posted_data_hash\" value=\"\" \/>\n<input type=\"hidden\" name=\"_wpcf7_recaptcha_response\" value=\"\" \/>\n<\/div>\n<div class=\"row\"> \n <label><span class=\"label-text\">Name<\/span> \n  <span class=\"wpcf7-form-control-wrap\" data-name=\"text-full-name\"><input size=\"40\" class=\"wpcf7-form-control wpcf7-text wpcf7-validates-as-required\" aria-required=\"true\" aria-invalid=\"false\" placeholder=\"Name\" value=\"\" type=\"text\" name=\"text-full-name\" \/><\/span><\/label> \n<\/div> \n<div class=\"row\"> \n <label><span class=\"label-text\">Phone*<\/span> \n<span class=\"wpcf7-form-control-wrap\" data-name=\"phonetext-270\"><input size=\"40\" class=\"wpcf7-form-control wpcf7-phonetext wpcf7-validates-as-required wpcf7-text wpcf7-validates-as-phonetext\" aria-required=\"true\" aria-invalid=\"false\" placeholder=\"Phone*\" value=\"\" type=\"text\" name=\"phonetext-270\" \/><input type=\"hidden\" name=\"phonetext-270-country-code\" class=\"wpcf7-phonetext-country-code\" \/><\/span><\/label> \n<\/div> \n<div class=\"row\"> \n <label><span class=\"label-text\">E-mail<\/span> \n  <span class=\"wpcf7-form-control-wrap\" data-name=\"email-e-mail\"><input size=\"40\" class=\"wpcf7-form-control wpcf7-email wpcf7-validates-as-required wpcf7-text wpcf7-validates-as-email\" aria-required=\"true\" aria-invalid=\"false\" placeholder=\"E-mail\" value=\"\" type=\"email\" name=\"email-e-mail\" \/><\/span><\/label> \n<\/div> \n<div class=\"row\"><span>Your country<\/span> \n <label><span class=\"wpcf7-form-control-wrap\" data-name=\"countrytext-126\"><input size=\"40\" class=\"wpcf7-form-control wpcf7-countrytext wpcf7-text wpcf7-validates-as-countrytext\" aria-invalid=\"false\" value=\"\" type=\"text\" name=\"countrytext-126\" \/><\/span> <\/label>\n<\/div> \n<div class=\"row\"> \n <button type=\"submit\" class=\"btn\">Send<\/button> \n<\/div> \n<div class=\"row\"> \n <span class=\"wpcf7-form-control-wrap\" data-name=\"checkbox-931\"><span class=\"wpcf7-form-control wpcf7-checkbox\"><span class=\"wpcf7-list-item first\"><label><input type=\"checkbox\" name=\"checkbox-931[]\" value=\"Integrator\" \/><span class=\"wpcf7-list-item-label\">Integrator<\/span><\/label><\/span><span class=\"wpcf7-list-item\"><label><input type=\"checkbox\" name=\"checkbox-931[]\" value=\"Builder\" \/><span class=\"wpcf7-list-item-label\">Builder<\/span><\/label><\/span><span class=\"wpcf7-list-item last\"><label><input type=\"checkbox\" name=\"checkbox-931[]\" value=\"End-User\" \/><span class=\"wpcf7-list-item-label\">End-User<\/span><\/label><\/span><\/span><\/span> \n<\/div> \n<div class=\"row row-upload-file\"> \n <label class=\"upload-file-block js-upload-file\">Attach file \n  <span class=\"wpcf7-form-control-wrap\" data-name=\"file-466\"><input size=\"40\" class=\"wpcf7-form-control wpcf7-file\" accept=\"audio\/*,video\/*,image\/*\" aria-invalid=\"false\" type=\"file\" name=\"file-466\" \/><\/span><\/label> \n<\/div><input type='hidden' class='wpcf7-pum' value='{\"closepopup\":false,\"closedelay\":0,\"openpopup\":false,\"openpopup_id\":0}' \/><div class=\"wpcf7-response-output\" aria-hidden=\"true\"><\/div>\n<\/form>\n<\/div>\n            <\/div>\r\n\r\n\t\t    <div class=\"text-holder\" data-aos=\"fade-left\">\r\n\t\t\t\t\t\t    <h3 class=\"title-block\">How Can We Help?<\/h3>\r\n\t\t\t\r\n\t\t\t                <div class=\"text-block\">\r\n                    Please select a topic below related to your inquiry. If you don&#8217;t find what you need, fill out our contact form.                <\/div>\r\n\t\t\t\r\n\t\t\t\t\t\t    <ul class=\"link-list\">\r\n\t\t\t\t\t\t\t\t\t\t\t\t\t\t\t\t\t\t<li>\r\n\t\t\t\t\t\t\t\t\t\t\t\t\t\t\t\t    <strong>Get Inspired<\/strong>\r\n\t\t\t\t\t\t\t\t\t\t\t\t\t\t\t\t\t\t\t\t\t\t\t\t    <a href=\"\/features\/\">\r\n\t\t\t\t\t\t\t\t        Discover what&#8217;s beneath our intercom\t\t\t\t\t\t\t\t    <\/a>\r\n\t\t\t\t\t\t\t\t\t\t\t\t\t\t\t<\/li>\r\n\t\t\t\t\t\t\t\t\t\t\t\t\t\t\t\t\t\t\t\t\t\t\t\t<li>\r\n\t\t\t\t\t\t\t\t\t\t\t\t\t\t\t\t    <strong>Become a Partner<\/strong>\r\n\t\t\t\t\t\t\t\t\t\t\t\t\t\t\t\t\t\t\t\t\t\t\t\t    <a href=\"\/distributors\/\">\r\n\t\t\t\t\t\t\t\t        Expand your business with BAS-IP intercom\t\t\t\t\t\t\t\t    <\/a>\r\n\t\t\t\t\t\t\t\t\t\t\t\t\t\t\t<\/li>\r\n\t\t\t\t\t\t\t\t\t\t\t\t\t\t\t\t\t\t\t\t\t\t\t\t<li>\r\n\t\t\t\t\t\t\t\t\t\t\t\t\t\t\t\t    <strong>Check the Guides<\/strong>\r\n\t\t\t\t\t\t\t\t\t\t\t\t\t\t\t\t\t\t\t\t\t\t\t\t    <a href=\"\/support\/\">\r\n\t\t\t\t\t\t\t\t        Download detailed manuals and schemes\t\t\t\t\t\t\t\t    <\/a>\r\n\t\t\t\t\t\t\t\t\t\t\t\t\t\t\t<\/li>\r\n\t\t\t\t\t\t\t\t\t\t\t\t\t\t\t<\/ul>\r\n\t\t\t\r\n\t\t\t\t\t\t    <h3 class=\"title-block\">Our contacts<\/h3>\r\n\t\t\t\r\n\t\t\t\t\t\t\t<ul class=\"contact-list\">\r\n\t\t\t\t\t\t\t\t\t\t\t\t\t\t\t\t\t\t<li>\r\n\t\t\t\t\t\t\t\t\t\t\t\t\t\t\t\t\t<strong>Sales:<\/strong>\r\n\t\t\t\t\t\t\t\t\t\t\t\t\t\t\t\t\t\t\t\t\t\t\t\t    <a href=\"mailto:sale&#115;&#64;ba&#115;&#45;&#105;p.&#99;o&#109;\">&#115;&#97;l&#101;s&#64;bas&#45;&#105;p.&#99;&#111;m<\/a>\r\n\t\t\t\t\t\t\t\t\t\t\t\t\t\t\t<\/li>\r\n\t\t\t\t\t\t\t\t\t\t\t\t\t\t\t\t\t\t\t\t\t\t\t\t<li>\r\n\t\t\t\t\t\t\t\t\t\t\t\t\t\t\t\t\t<strong>Technical support:<\/strong>\r\n\t\t\t\t\t\t\t\t\t\t\t\t\t\t\t\t\t\t\t\t\t\t\t\t    <a href=\"mailto:&#115;u&#112;&#112;or&#116;&#64;ba&#115;&#45;&#105;p&#46;&#99;&#111;m\">s&#117;p&#112;o&#114;t&#64;bas-ip.com<\/a>\r\n\t\t\t\t\t\t\t\t\t\t\t\t\t\t\t<\/li>\r\n\t\t\t\t\t\t\t\t\t\t\t\t\t\t\t<\/ul>\r\n\t\t\t\t\t<\/div>\r\n\t<\/section>\r\n\r\n\r\n\r\n<!-- END Block Sign Up -->\n\n\n<p><\/p>","protected":false},"excerpt":{"rendered":"<p>BAS-IP un Hartman Controls pazi\u0146o par integr\u0101ciju, lai no jauna defin\u0113tu \u0113ku piek\u013cuves p\u0101rvald\u012bbu BAS-IP, vado\u0161ais IP domofonu sist\u0113mu izstr\u0101d\u0101t\u0101js, un Hartman Controls, integr\u0113to piek\u013cuves kontroles platformu l\u012bderis, ir pazi\u0146oju\u0161i par strat\u0113\u0123isku integr\u0101ciju. \u0160\u012b partner\u012bba apvieno BAS-IP progres\u012bvos izsaukuma pane\u013cus ar Odyssey ekosist\u0113mu, nodro\u0161inot vienotu, m\u0113rogojamu risin\u0101jumu m\u016bsdien\u012bg\u0101m dz\u012bvojam\u0101m un komerci\u0101l\u0101m \u0113k\u0101m. \u0160\u012bs integr\u0101cijas pamat\u0101 [&hellip;]<\/p>","protected":false},"author":1,"featured_media":0,"parent":0,"menu_order":0,"comment_status":"closed","ping_status":"closed","template":"page-custom-breadcrumbs.php","meta":{"inline_featured_image":false,"footnotes":""},"class_list":["post-160273","page","type-page","status-publish","hentry"],"acf":[],"_links":{"self":[{"href":"https:\/\/bas-ip.com\/lv\/wp-json\/wp\/v2\/pages\/160273","targetHints":{"allow":["GET"]}}],"collection":[{"href":"https:\/\/bas-ip.com\/lv\/wp-json\/wp\/v2\/pages"}],"about":[{"href":"https:\/\/bas-ip.com\/lv\/wp-json\/wp\/v2\/types\/page"}],"author":[{"embeddable":true,"href":"https:\/\/bas-ip.com\/lv\/wp-json\/wp\/v2\/users\/1"}],"replies":[{"embeddable":true,"href":"https:\/\/bas-ip.com\/lv\/wp-json\/wp\/v2\/comments?post=160273"}],"version-history":[{"count":2,"href":"https:\/\/bas-ip.com\/lv\/wp-json\/wp\/v2\/pages\/160273\/revisions"}],"predecessor-version":[{"id":160332,"href":"https:\/\/bas-ip.com\/lv\/wp-json\/wp\/v2\/pages\/160273\/revisions\/160332"}],"wp:attachment":[{"href":"https:\/\/bas-ip.com\/lv\/wp-json\/wp\/v2\/media?parent=160273"}],"curies":[{"name":"wp","href":"https:\/\/api.w.org\/{rel}","templated":true}]}}