{"id":151753,"date":"2025-09-24T10:20:27","date_gmt":"2025-09-24T10:20:27","guid":{"rendered":"https:\/\/bas-ip.com\/warranty-policy-global-south\/"},"modified":"2025-12-03T14:11:45","modified_gmt":"2025-12-03T14:11:45","slug":"warranty-policy-global-south","status":"publish","type":"page","link":"https:\/\/bas-ip.com\/lv\/warranty-policy-global-south\/","title":{"rendered":"Garantijas politika (Glob\u0101lie Dienvidi)"},"content":{"rendered":"<p data-path-to-node=\"2\">Ir sp\u0113k\u0101 politika, kas paredz ier\u012b\u010du garantijas da\u013cu aizst\u0101\u0161anu ar <b>piln\u012bb\u0101 samont\u0113tiem modu\u013ciem<\/b>.<\/p>\n<p data-path-to-node=\"3\">Saska\u0146\u0101 ar statistikas datiem par servisa piepras\u012bjumiem, liel\u0101ko da\u013cu probl\u0113mu var atrisin\u0101t att\u0101lin\u0101ti, izmantojot programmaparat\u016bras (firmware) atjaunin\u0101jumus vai ier\u012bces p\u0101rkonfigur\u0113\u0161anu. Lai m\u0113\u0123in\u0101tu atrisin\u0101t j\u016bsu probl\u0113mu att\u0101lin\u0101ti, l\u016bdzu, sazinieties ar mums, izmantojot \u0161\u0101dus sazi\u0146as kan\u0101lus:<\/p>\n<p data-path-to-node=\"4,0,0\"><b>WhatsApp:<\/b> <a class=\"ng-star-inserted\" href=\"https:\/\/wa.me\/message\/TQPHTSMDUD6UE1\" target=\"_blank\" rel=\"noopener\" data-hveid=\"0\" data-ved=\"0CAAQ_4QMahcKEwiI69i1yqGRAxUAAAAAHQAAAAAQbg\">https:\/\/wa.me\/message\/TQPHTSMDUD6UE1<\/a><\/p>\n<p data-path-to-node=\"4,1,0\"><b>Telegram:<\/b> <a class=\"ng-star-inserted\" href=\"https:\/\/t.me\/bas_ip_international_support_bot\" target=\"_blank\" rel=\"noopener\" data-hveid=\"0\" data-ved=\"0CAAQ_4QMahcKEwiI69i1yqGRAxUAAAAAHQAAAAAQbw\">https:\/\/t.me\/bas_ip_international_support_bot<\/a><\/p>\n<p data-path-to-node=\"4,2,0\"><b>E-pasts:<\/b> <a href=\"mailto:support@bas-ip.com\">support@bas-ip.com<\/a><\/p>\n<p data-path-to-node=\"4,3,0\"><b>Darba laiks:<\/b> No pirmdienas l\u012bdz piektdienai, 06:00\u201322:00 (GMT)<\/p>\n<p data-path-to-node=\"6\">Ja j\u016bsu probl\u0113mu nav iesp\u0113jams atrisin\u0101t att\u0101lin\u0101ti, l\u016bdzu, sekojiet zem\u0101k izkl\u0101st\u012btajai proced\u016brai:<\/p>\n<p data-path-to-node=\"7\">L\u016bdzu, iepriek\u0161 sagatavojiet inform\u0101ciju par <b>pirkuma datumu<\/b> un <b>partneruz\u0146\u0113mumu<\/b>, no kura produkts tika ieg\u0101d\u0101ts.<\/p>\n<p data-path-to-node=\"8,0,0\">&#8211; P\u0113c j\u016bsu piepras\u012bjuma m\u016bsu speci\u0101listi pras\u012bs <b>visu nepiecie\u0161amo inform\u0101ciju<\/b> (ier\u012bces modeli, s\u0113rijas numuru, pretenzijas iemeslu, pirkuma datumu, iesp\u0113jam\u0101s s\u016bdz\u012bbas, fotogr\u0101fijas), lai uzs\u0101ktu piln\u012bb\u0101 samont\u0113tu modu\u013cu nos\u016bt\u012b\u0161anas proced\u016bru.<\/p>\n<p data-path-to-node=\"8,1,0\">&#8211; Tikl\u012bdz visa sniegt\u0101 inform\u0101cija b\u016bs analiz\u0113ta, ar jums sazin\u0101sies, izmantojot j\u016bsu nor\u0101d\u012btos kontaktinform\u0101cijas datus, un <b>inform\u0113s par pie\u0146emto l\u0113mumu un turpm\u0101kajiem so\u013ciem<\/b>, kas j\u0101veic piln\u012bb\u0101 samont\u0113tu modu\u013cu nos\u016bt\u012b\u0161anai.<\/p>\n<p data-path-to-node=\"8,2,0\">&#8211; Gad\u012bjum\u0101, ja tiek nos\u016bt\u012bti piln\u012bb\u0101 samont\u0113ti modu\u013ci, <b>s\u016bt\u012bjums tiks veikts no partneruz\u0146\u0113muma<\/b>, no kura j\u016bs ieg\u0101d\u0101j\u0101ties ier\u012bci.<\/p>\n<p data-path-to-node=\"10\"><strong>Produkta garantijas periods ir tr\u012bsdesmit se\u0161i (36) m\u0113ne\u0161i no p\u0101rdo\u0161anas datuma.<\/strong><\/p>\n<p data-path-to-node=\"11,0,0\">&#8211; Ier\u012b\u010du p\u0101rvad\u0101\u0161ana j\u0101veic p\u0101rdev\u0113ja pieg\u0101d\u0101taj\u0101 <b>ori\u0123in\u0101laj\u0101 iepakojum\u0101<\/b> vai iepakojum\u0101 ar <b>l\u012bdzv\u0113rt\u012bg\u0101m aizsardz\u012bbas un ekspluat\u0101cijas \u012bpa\u0161\u012bb\u0101m<\/b>.<\/p>\n<p data-path-to-node=\"11,1,0\"><b>&#8211; Ierobe\u017eota garantija divpadsmit (12) m\u0113ne\u0161u<\/b> apm\u0113r\u0101 no p\u0101rdo\u0161anas datuma attiecas uz da\u017e\u0101da veida mont\u0101\u017eas kron\u0161teiniem, ieskaitot iestr\u0101d\u0101jamos, virsmas mont\u0101\u017eas, galda stiprin\u0101jumus, lietus un saules aizsargus, groz\u0101mos st\u016brus.<\/p>\n<p data-path-to-node=\"11,2,0\">&#8211; \u0160ie garantijas nosac\u012bjumi ir <b>papildino\u0161i<\/b> pat\u0113r\u0113t\u0101ja dz\u012bvesvietas valst\u012b piem\u0113rojamaj\u0101m konstitucion\u0101laj\u0101m un cit\u0101m pat\u0113r\u0113t\u0101ju ties\u012bb\u0101m, un tie <b>nek\u0101d\u0101 veid\u0101 neierobe\u017eo<\/b> \u0161\u012bs ties\u012bbas.<\/p>\n<h2 data-path-to-node=\"13\">Garantijas Nosac\u012bjumi<\/h2>\n<ol>\n<li data-path-to-node=\"14\">Iesniedzot RMA (atgrie\u0161anas at\u013caujas) pretenziju BAS-IP, ir nepiecie\u0161ams sniegt detaliz\u0113tu inform\u0101ciju par prec\u012bzu ier\u012bces modeli, ieskaitot t\u0101s kr\u0101su, ier\u012bces s\u0113rijas numuru, pirkuma datumu un pretenziju ar piln\u012bgu un prec\u012bzu probl\u0113mas aprakstu, kas rada pamatu RMA.<\/li>\n<li data-path-to-node=\"15\">Pieg\u0101de uz BAS-IP vai t\u0101s Servisa centru ir pirc\u0113ja atbild\u012bba un uz pirc\u0113ja r\u0113\u0137ina.<\/li>\n<li data-path-to-node=\"16\">Garantijas serviss tiek nodro\u0161in\u0101ts tikai \u0161aj\u0101 garantijas politik\u0101 nor\u0101d\u012btaj\u0101 garantijas period\u0101.<\/li>\n<li data-path-to-node=\"17\">Laiks, kas pavad\u012bts ier\u012bces darb\u012bbas atjauno\u0161anai, tiks pieskait\u012bts \u0161aj\u0101 garantijas politik\u0101 noteiktajam garantijas periodam.<\/li>\n<\/ol>\n<h2 data-path-to-node=\"19\">Garantijas Nosac\u012bjumu P\u0101rk\u0101p\u0161ana<\/h2>\n<ol>\n<li data-path-to-node=\"20\">\u0160ie garantijas nosac\u012bjumi ir sp\u0113k\u0101 neeso\u0161i, ja produkta standarta vai s\u0113rijas numuri ir main\u012bti, dz\u0113sti, no\u0146emti vai padar\u012bti nesalas\u0101mi.<\/li>\n<li data-path-to-node=\"21\">Garantijas noteikumi tiks anul\u0113ti jebk\u0101du modifik\u0101ciju, adapt\u0101ciju vai izmai\u0146u gad\u012bjum\u0101, kas veiktas produktam ar m\u0113r\u0137i uzlabot vai papla\u0161in\u0101t norm\u0101lu lieto\u0161anas jomu, k\u0101 tas ir nor\u0101d\u012bts lietot\u0101ja rokasgr\u0101mat\u0101.<\/li>\n<li data-path-to-node=\"22\">Garantija ir sp\u0113k\u0101 neeso\u0161a, ja produkts tiek lietots pret\u0113ji t\u0101 paredz\u0113tajam m\u0113r\u0137im vai t\u0101d\u0101 veid\u0101, kas neatbilst lietot\u0101ja un apkopes instrukcij\u0101m.<\/li>\n<li data-path-to-node=\"23\">Garantijas segums tiks zaud\u0113ts, ja sve\u0161\u0137erme\u0146i, vielas, \u0161\u0137idrumi, tvaiki, kod\u012bgas g\u0101zes vai kukai\u0146i iek\u013c\u016bst produkta iek\u0161\u0113j\u0101s vai \u0101r\u0113j\u0101s da\u013c\u0101s, neatkar\u012bgi no t\u0101, vai tas noticis nejau\u0161i vai t\u012b\u0161i.<\/li>\n<li data-path-to-node=\"24\">Garantija ir sp\u0113k\u0101 neeso\u0161a produkta nepareizas piesl\u0113g\u0161anas cit\u0101m sist\u0113m\u0101m vai nepareizas uzst\u0101d\u012b\u0161anas un mont\u0101\u017eas gad\u012bjumos.<\/li>\n<li data-path-to-node=\"25\">\u0160\u012b garantija neattiecas uz defektiem vai boj\u0101jumiem, kas radu\u0161ies jebkur\u0101 sist\u0113m\u0101, kur\u0101 produkts ir ticis integr\u0113ts vai izmantots kop\u0101.<\/li>\n<li data-path-to-node=\"26\">Garantija tiek uzskat\u012bta par neder\u012bgu un sp\u0113k\u0101 neeso\u0161u, ja produktam ir meh\u0101niski boj\u0101jumi, \u0161\u0137embas, iespiedumi, plaisas, vilto\u0161anas paz\u012bmes vai l\u012bdz\u012bgi defekti.<\/li>\n<li data-path-to-node=\"27\">Garantija neattiecas uz produktiem, kas boj\u0101ti ekspluat\u0101cijas valst\u012b piem\u0113rojamo standartu neiev\u0113ro\u0161anas d\u0113\u013c, ieskaitot jaut\u0101jumus, kas saist\u012bti ar baro\u0161anas avota parametriem, telekomunik\u0101cij\u0101m, kabe\u013cu t\u012bkliem vai citiem \u0101r\u0113jiem faktoriem.<\/li>\n<li data-path-to-node=\"28\">Garantijas segums izsl\u0113dz boj\u0101jumus, kas radu\u0161ies \u0101r\u0113ju faktoru d\u0113\u013c, piem\u0113ram, dabas katastrofas, kar\u0161, ugunsgr\u0113ks, pl\u016bdi, zibens, v\u0113tras, sprieguma sv\u0101rst\u012bbas vai citi iemesli, kas nav ra\u017eot\u0101ja kontrol\u0113.<\/li>\n<li data-path-to-node=\"29\">Garantija ir sp\u0113k\u0101 neeso\u0161a, ja remontu vai modifik\u0101cijas m\u0113\u0123ina veikt neautoriz\u0113ti servisa centri vai personas\/organiz\u0101cijas, kur\u0101m nav likum\u012bgas pilnvaras veikt \u0161\u0101dus remontdarbus vai modifik\u0101cijas.<\/li>\n<li data-path-to-node=\"30\">\u0160ie garantijas nosac\u012bjumi neattiecas uz piederumiem (ieskaitot, bet ne tikai, baterijas, \u0101r\u0113jos baro\u0161anas avotus, savienojuma kabe\u013cus, atsl\u0113gu piekari\u0146us, kartes, identifikatorus) vai produkta da\u013c\u0101m, kuras pak\u013cautas norm\u0101lam nolietojumam.<\/li>\n<\/ol>","protected":false},"excerpt":{"rendered":"<p>Ir sp\u0113k\u0101 politika, kas paredz ier\u012b\u010du garantijas da\u013cu aizst\u0101\u0161anu ar piln\u012bb\u0101 samont\u0113tiem modu\u013ciem. Saska\u0146\u0101 ar statistikas datiem par servisa piepras\u012bjumiem, liel\u0101ko da\u013cu probl\u0113mu var atrisin\u0101t att\u0101lin\u0101ti, izmantojot programmaparat\u016bras (firmware) atjaunin\u0101jumus vai ier\u012bces p\u0101rkonfigur\u0113\u0161anu. Lai m\u0113\u0123in\u0101tu atrisin\u0101t j\u016bsu probl\u0113mu att\u0101lin\u0101ti, l\u016bdzu, sazinieties ar mums, izmantojot \u0161\u0101dus sazi\u0146as kan\u0101lus: WhatsApp: https:\/\/wa.me\/message\/TQPHTSMDUD6UE1 Telegram: https:\/\/t.me\/bas_ip_international_support_bot E-pasts: support@bas-ip.com Darba laiks: [&hellip;]<\/p>","protected":false},"author":1,"featured_media":0,"parent":0,"menu_order":0,"comment_status":"closed","ping_status":"closed","template":"","meta":{"inline_featured_image":false,"footnotes":""},"class_list":["post-151753","page","type-page","status-publish","hentry"],"acf":[],"_links":{"self":[{"href":"https:\/\/bas-ip.com\/lv\/wp-json\/wp\/v2\/pages\/151753","targetHints":{"allow":["GET"]}}],"collection":[{"href":"https:\/\/bas-ip.com\/lv\/wp-json\/wp\/v2\/pages"}],"about":[{"href":"https:\/\/bas-ip.com\/lv\/wp-json\/wp\/v2\/types\/page"}],"author":[{"embeddable":true,"href":"https:\/\/bas-ip.com\/lv\/wp-json\/wp\/v2\/users\/1"}],"replies":[{"embeddable":true,"href":"https:\/\/bas-ip.com\/lv\/wp-json\/wp\/v2\/comments?post=151753"}],"version-history":[{"count":2,"href":"https:\/\/bas-ip.com\/lv\/wp-json\/wp\/v2\/pages\/151753\/revisions"}],"predecessor-version":[{"id":151821,"href":"https:\/\/bas-ip.com\/lv\/wp-json\/wp\/v2\/pages\/151753\/revisions\/151821"}],"wp:attachment":[{"href":"https:\/\/bas-ip.com\/lv\/wp-json\/wp\/v2\/media?parent=151753"}],"curies":[{"name":"wp","href":"https:\/\/api.w.org\/{rel}","templated":true}]}}