{"id":150927,"date":"2025-09-24T10:16:00","date_gmt":"2025-09-24T10:16:00","guid":{"rendered":"https:\/\/bas-ip.com\/warranty-policy-europe\/"},"modified":"2025-11-25T11:22:19","modified_gmt":"2025-11-25T11:22:19","slug":"warranty-policy-europe","status":"publish","type":"page","link":"https:\/\/bas-ip.com\/lv\/warranty-policy-europe\/","title":{"rendered":"Garantijas Politika (Eiropa)"},"content":{"rendered":"<p data-path-to-node=\"2\">Sp\u0113k\u0101 eso\u0161\u0101 politika ietver ier\u012b\u010du apkopi BAS-IP uz\u0146\u0113muma servisa centr\u0101 un ier\u012b\u010du da\u013cu nos\u016bt\u012b\u0161anu klientiem k\u0101 piln\u012bb\u0101 samont\u0113tus modu\u013cus.<\/p>\n<p data-path-to-node=\"3\">Saska\u0146\u0101 ar statistikas datiem par servisa piepras\u012bjumiem, liel\u0101ko da\u013cu probl\u0113mu var atrisin\u0101t att\u0101lin\u0101ti, veicot programmaparat\u016bras atjaunin\u0101jumus vai ier\u012bces p\u0101rkonfigur\u0113\u0161anu. Lai m\u0113\u0123in\u0101tu atrisin\u0101t j\u016bsu probl\u0113mu att\u0101lin\u0101ti, l\u016bdzu, sazinieties ar mums, izmantojot \u0161\u0101dus sazi\u0146as kan\u0101lus:<\/p>\n<p data-path-to-node=\"4,0,0\"><strong>WhatsApp<\/strong>: <a class=\"ng-star-inserted\" href=\"https:\/\/wa.me\/message\/TQPHTSMDUD6UE1\" target=\"_blank\" rel=\"noopener\" data-hveid=\"0\" data-ved=\"0CAAQ_4QMahcKEwiDqenYlY2RAxUAAAAAHQAAAAAQXA\">https:\/\/wa.me\/message\/TQPHTSMDUD6UE1<\/a><\/p>\n<p data-path-to-node=\"4,1,0\"><strong>Telegram<\/strong>: <a class=\"ng-star-inserted\" href=\"https:\/\/t.me\/bas_ip_international_support_bot\" target=\"_blank\" rel=\"noopener\" data-hveid=\"0\" data-ved=\"0CAAQ_4QMahcKEwiDqenYlY2RAxUAAAAAHQAAAAAQXQ\">https:\/\/t.me\/bas_ip_international_support_bot<\/a><\/p>\n<p data-path-to-node=\"4,2,0\"><strong>E-pasts<\/strong>: <a href=\"mailto:support@bas-ip.com\">support@bas-ip.com<\/a><\/p>\n<p data-path-to-node=\"4,3,0\"><strong>Darba laiks<\/strong>: No pirmdienas l\u012bdz piektdienai, 06:00\u201322:00 (GMT)<\/p>\n<p data-path-to-node=\"5\">Ja j\u016bsu probl\u0113mu nevar atrisin\u0101t att\u0101lin\u0101ti, l\u016bdzu, sekojiet zem\u0101k aprakst\u012btajai proced\u016brai:<\/p>\n<p data-path-to-node=\"6,0,0\">&#8211; L\u016bdzu, sagatavojiet iepriek\u0161 \u0161\u0101du inform\u0101ciju, jo m\u016bsu speci\u0101listi to piepras\u012bs, kad sazin\u0101sieties: <b>ier\u012bces modelis, s\u0113rijas numurs, pretenzijas iemesls, pirkuma datums, visas iesp\u0113jam\u0101s s\u016bdz\u012bbas un fotogr\u0101fijas<\/b>. \u0160\u012b inform\u0101cija ir nepiecie\u0161ama, lai uzs\u0101ktu proced\u016bru ier\u012bces nos\u016bt\u012b\u0161anai uz BAS-IP servisa centru vai piln\u012bb\u0101 samont\u0113tu modu\u013cu nos\u016bt\u012b\u0161anai jums.<\/p>\n<p data-path-to-node=\"6,1,0\">&#8211; P\u0113c visu iesniegto inform\u0101cijas anal\u012bzes ar jums sazin\u0101sies, izmantojot j\u016bsu nor\u0101d\u012btos datus, un inform\u0113s par pie\u0146emto l\u0113mumu un turpm\u0101kajiem veicamajiem pas\u0101kumiem, piem\u0113ram, ier\u012bces nos\u016bt\u012b\u0161anu uz BAS-IP servisa centru vai piln\u012bb\u0101 samont\u0113tu modu\u013cu nos\u016bt\u012b\u0161anu jums.<\/p>\n<p data-path-to-node=\"6,2,0\">&#8211; Gad\u012bjum\u0101, ja tiek nos\u016bt\u012bti piln\u012bb\u0101 samont\u0113ti modu\u013ci, \u0161ie modu\u013ci jums tiks pieg\u0101d\u0101ti no partneruz\u0146\u0113muma, no kura ier\u012bce s\u0101kotn\u0113ji tika ieg\u0101d\u0101ta.<\/p>\n<p data-path-to-node=\"6,3,0\">&#8211; Ja nepiecie\u0161ams nos\u016bt\u012bt j\u016bsu ier\u012bci uz BAS-IP servisa centru, l\u016bdzu, izmantojiet \u0161\u0101du adresi un kontaktinform\u0101ciju:<\/p>\n<ul>\n<li>Suchovr\u0161ice 110, 54232, \u00dapice, Czech Republic \/ \u010d.p. 110, 542 32 Suchovr\u0161ice, \u010cesk\u00e1 republika<\/li>\n<li>+420234715332<\/li>\n<li>E-pasts: <a href=\"mailto:service@bas-ip.com\">service@bas-ip.com<\/a><\/li>\n<li>Darba laiks: No pirmdienas l\u012bdz piektdienai, 6:00 AM l\u012bdz 2:00 PM (GMT+0)<\/li>\n<\/ul>\n<p data-path-to-node=\"7\">J\u016bsu ier\u012bce j\u0101nos\u016bta uz BAS-IP servisa centru <b>uz klienta r\u0113\u0137ina<\/b>. Alternat\u012bvi ier\u012bci var nos\u016bt\u012bt uz BAS-IP servisa centru ar partneruz\u0146\u0113muma starpniec\u012bbu, no kura ieg\u0101d\u0101j\u0101ties ier\u012bci.<\/p>\n<p data-path-to-node=\"8\">Gad\u012bjum\u0101, ja ier\u012bce tiek nos\u016bt\u012bta jums no BAS-IP servisa centra, pieg\u0101de tiks veikta vai nu ar partneruz\u0146\u0113muma starpniec\u012bbu, no kura ier\u012bce s\u0101kotn\u0113ji tika ieg\u0101d\u0101ta, vai tie\u0161i no BAS-IP servisa centra.<\/p>\n<p data-path-to-node=\"9\"><strong>Produkta garantijas periods ir tr\u012bsdesmit se\u0161i (36) m\u0113ne\u0161i no p\u0101rdo\u0161anas datuma.<\/strong><\/p>\n<p data-path-to-node=\"10,0,0\">&#8211; Ier\u012b\u010du transport\u0113\u0161ana j\u0101veic p\u0101rdev\u0113ja pieg\u0101d\u0101taj\u0101 <b>ori\u0123in\u0101laj\u0101 iepakojum\u0101<\/b> vai iepakojum\u0101 ar l\u012bdzv\u0113rt\u012bgiem aizsardz\u012bbas un ekspluat\u0101cijas raksturlielumiem.<\/p>\n<p data-path-to-node=\"10,1,0\">&#8211; Ierobe\u017eota garantija <b>divpadsmit (12) m\u0113ne\u0161u<\/b> apm\u0113r\u0101 no p\u0101rdo\u0161anas datuma attiecas uz da\u017e\u0101da veida mont\u0101\u017eas kron\u0161teiniem, ieskaitot iegremd\u0113tos, virsmas mont\u0101\u017eas, galda stiprin\u0101jumus, lietus un saules aizsargus, groz\u0101mos st\u016brus.<\/p>\n<p data-path-to-node=\"10,2,0\">&#8211; \u0160ie garantijas nosac\u012bjumi ir <b>papildino\u0161i<\/b> konstitucion\u0101laj\u0101m un cit\u0101m pat\u0113r\u0113t\u0101ju ties\u012bb\u0101m, kas piem\u0113rojamas pat\u0113r\u0113t\u0101ja dz\u012bvesvietas valst\u012b, un nek\u0101d\u0101 veid\u0101 neierobe\u017eo \u0161\u0101das ties\u012bbas.<\/p>\n<h3>Garantijas Nosac\u012bjumi<\/h3>\n<ol>\n<li data-path-to-node=\"13\">Iesniedzot RMA pretenziju BAS-IP, ir nepiecie\u0161ams sniegt detaliz\u0113tu inform\u0101ciju par prec\u012bzu ier\u012bces modeli, ieskaitot t\u0101 kr\u0101su, ier\u012bces s\u0113rijas numuru, pirkuma datumu un pretenziju ar pilnu un prec\u012bzu aprakstu par probl\u0113mu, kas rad\u012bjusi RMA.<\/li>\n<li data-path-to-node=\"13\">Pieg\u0101de BAS-IP vai t\u0101s servisa centram ir <span style=\"font-size: revert; color: initial;\">pirc\u0113ja atbild\u012bba un uz pirc\u0113ja r\u0113\u0137ina<\/span><span style=\"font-size: revert; color: initial;\">.<\/span><\/li>\n<li data-path-to-node=\"13\">Garantijas serviss tiek nodro\u0161in\u0101ts tikai \u0161aj\u0101 garantijas politik\u0101 nor\u0101d\u012btaj\u0101 garantijas period\u0101.<\/li>\n<li data-path-to-node=\"13\">Laiks, kas pavad\u012bts ier\u012bces darbsp\u0113jas atjauno\u0161anai, tiks <span style=\"font-size: revert; color: initial;\">pieskait\u012bts<\/span><span style=\"font-size: revert; color: initial;\"> \u0161aj\u0101 garantijas politik\u0101 noteiktajam garantijas periodam.<\/span><\/li>\n<\/ol>\n<h3>Garantijas Nosac\u012bjumu P\u0101rk\u0101p\u0161ana<\/h3>\n<ol>\n<li data-path-to-node=\"19\">\u0160ie garantijas nosac\u012bjumi k\u013c\u016bst sp\u0113k\u0101 neeso\u0161i, ja produkta standarta vai s\u0113rijas numuri tiek main\u012bti, izdz\u0113sti, no\u0146emti vai padar\u012bti nesalas\u0101mi.<\/li>\n<li data-path-to-node=\"19\">Garantijas noteikumi tiks <span style=\"font-size: revert; color: initial;\">anul\u0113ti<\/span><span style=\"font-size: revert; color: initial;\"> gad\u012bjum\u0101, ja tiks veiktas jebk\u0101das modifik\u0101cijas, adapt\u0101cijas vai izmai\u0146as produkt\u0101, kas paredz\u0113tas, lai uzlabotu vai papla\u0161in\u0101tu norm\u0101lu lieto\u0161anas jomu, k\u0101 nor\u0101d\u012bts lietot\u0101ja rokasgr\u0101mat\u0101.<\/span><\/li>\n<li data-path-to-node=\"19\">Garantija <span style=\"font-size: revert; color: initial;\">b\u016bs sp\u0113k\u0101 neeso\u0161a<\/span><span style=\"font-size: revert; color: initial;\">, ja produkts tiek izmantots pretrun\u0101 ar t\u0101 paredz\u0113to m\u0113r\u0137i vai veid\u0101, kas neatbilst lietot\u0101ja un apkopes instrukcij\u0101m.<\/span><\/li>\n<li data-path-to-node=\"19\">Garantijas segums <span style=\"font-size: revert; color: initial;\">tiks zaud\u0113ts<\/span><span style=\"font-size: revert; color: initial;\">, ja sve\u0161\u0137erme\u0146i, vielas, \u0161\u0137idrumi, tvaiki, kod\u012bgas g\u0101zes vai kukai\u0146i iek\u013c\u016bst produkta iek\u0161\u0113j\u0101s vai \u0101r\u0113j\u0101s da\u013c\u0101s, neatkar\u012bgi no t\u0101, vai tas noticis nejau\u0161i vai t\u012b\u0161i.<\/span><\/li>\n<li data-path-to-node=\"19\">Garantija <span style=\"font-size: revert; color: initial;\">b\u016bs sp\u0113k\u0101 neeso\u0161a<\/span><span style=\"font-size: revert; color: initial;\"> gad\u012bjumos, ja produkts tiek nepareizi pievienots cit\u0101m sist\u0113m\u0101m vai tiek veikta nepareiza uzst\u0101d\u012b\u0161ana un mont\u0101\u017ea.<\/span><\/li>\n<li data-path-to-node=\"19\">\u0160\u012b garantija <span style=\"font-size: revert; color: initial;\">neattiecas<\/span><span style=\"font-size: revert; color: initial;\"> uz defektiem vai boj\u0101jumiem, kas radu\u0161ies jebkur\u0101 sist\u0113m\u0101, kur\u0101 produkts ir ticis integr\u0113ts vai izmantots kop\u0101 ar to.<\/span><\/li>\n<li data-path-to-node=\"19\">Garantija tiks uzskat\u012bta par <span style=\"font-size: revert; color: initial;\">neder\u012bgu un sp\u0113k\u0101 neeso\u0161u<\/span><span style=\"font-size: revert; color: initial;\">, ja produktam ir meh\u0101niski boj\u0101jumi, \u0161\u0137embas, iespiedumi, plaisas, manipul\u0101cijas paz\u012bmes vai l\u012bdz\u012bgi defekti.<\/span><\/li>\n<li data-path-to-node=\"19\">Garantija <span style=\"font-size: revert; color: initial;\">neattiecas<\/span><span style=\"font-size: revert; color: initial;\"> uz produktiem, kas boj\u0101ti valst\u012b, kur\u0101 tie tiek ekspluat\u0113ti, sp\u0113k\u0101 eso\u0161o standartu neiev\u0113ro\u0161anas d\u0113\u013c, ieskaitot jaut\u0101jumus, kas saist\u012bti ar baro\u0161anas avota parametriem, telekomunik\u0101cij\u0101m, kabe\u013cu t\u012bkliem vai citiem \u0101r\u0113jiem faktoriem.<\/span><\/li>\n<li data-path-to-node=\"19\">Garantijas segums <span style=\"font-size: revert; color: initial;\">izsl\u0113dz<\/span><span style=\"font-size: revert; color: initial;\"> boj\u0101jumus, kas radu\u0161ies \u0101r\u0113ju faktoru, piem\u0113ram, dabas katastrofu, kara, ugunsgr\u0113ka, pl\u016bdu, zibens, v\u0113tru, sprieguma sv\u0101rst\u012bbu vai citu iemeslu d\u0113\u013c, kas nav ra\u017eot\u0101ja kontrol\u0113.<\/span><\/li>\n<li data-path-to-node=\"19\">Garantija <span style=\"font-size: revert; color: initial;\">b\u016bs sp\u0113k\u0101 neeso\u0161a<\/span><span style=\"font-size: revert; color: initial;\">, ja remontu vai modifik\u0101cijas m\u0113\u0123ina veikt neat\u013cauti servisa centri vai personas\/organiz\u0101cijas, kur\u0101m nav likum\u012bgu pilnvaru veikt \u0161\u0101dus remontus vai modifik\u0101cijas.<\/span><\/li>\n<li data-path-to-node=\"19\">\u0160ie garantijas nosac\u012bjumi <span style=\"font-size: revert; color: initial;\">neattiecas<\/span><span style=\"font-size: revert; color: initial;\"> uz piederumiem (tostarp, bet neaprobe\u017eojoties ar akumulatoriem, \u0101r\u0113jiem baro\u0161anas avotiem, savienojo\u0161ajiem kabe\u013ciem, atsl\u0113gu piekari\u0146iem, kart\u0113m, identifikatoriem) vai produkta da\u013c\u0101m, kas pak\u013cautas norm\u0101lam nolietojumam.<\/span><\/li>\n<\/ol>","protected":false},"excerpt":{"rendered":"<p>Sp\u0113k\u0101 eso\u0161\u0101 politika ietver ier\u012b\u010du apkopi BAS-IP uz\u0146\u0113muma servisa centr\u0101 un ier\u012b\u010du da\u013cu nos\u016bt\u012b\u0161anu klientiem k\u0101 piln\u012bb\u0101 samont\u0113tus modu\u013cus. Saska\u0146\u0101 ar statistikas datiem par servisa piepras\u012bjumiem, liel\u0101ko da\u013cu probl\u0113mu var atrisin\u0101t att\u0101lin\u0101ti, veicot programmaparat\u016bras atjaunin\u0101jumus vai ier\u012bces p\u0101rkonfigur\u0113\u0161anu. Lai m\u0113\u0123in\u0101tu atrisin\u0101t j\u016bsu probl\u0113mu att\u0101lin\u0101ti, l\u016bdzu, sazinieties ar mums, izmantojot \u0161\u0101dus sazi\u0146as kan\u0101lus: WhatsApp: https:\/\/wa.me\/message\/TQPHTSMDUD6UE1 Telegram: [&hellip;]<\/p>","protected":false},"author":1,"featured_media":0,"parent":0,"menu_order":0,"comment_status":"closed","ping_status":"closed","template":"","meta":{"inline_featured_image":false,"footnotes":""},"class_list":["post-150927","page","type-page","status-publish","hentry"],"acf":[],"_links":{"self":[{"href":"https:\/\/bas-ip.com\/lv\/wp-json\/wp\/v2\/pages\/150927","targetHints":{"allow":["GET"]}}],"collection":[{"href":"https:\/\/bas-ip.com\/lv\/wp-json\/wp\/v2\/pages"}],"about":[{"href":"https:\/\/bas-ip.com\/lv\/wp-json\/wp\/v2\/types\/page"}],"author":[{"embeddable":true,"href":"https:\/\/bas-ip.com\/lv\/wp-json\/wp\/v2\/users\/1"}],"replies":[{"embeddable":true,"href":"https:\/\/bas-ip.com\/lv\/wp-json\/wp\/v2\/comments?post=150927"}],"version-history":[{"count":2,"href":"https:\/\/bas-ip.com\/lv\/wp-json\/wp\/v2\/pages\/150927\/revisions"}],"predecessor-version":[{"id":151060,"href":"https:\/\/bas-ip.com\/lv\/wp-json\/wp\/v2\/pages\/150927\/revisions\/151060"}],"wp:attachment":[{"href":"https:\/\/bas-ip.com\/lv\/wp-json\/wp\/v2\/media?parent=150927"}],"curies":[{"name":"wp","href":"https:\/\/api.w.org\/{rel}","templated":true}]}}