{"id":150021,"date":"2025-02-06T12:58:36","date_gmt":"2025-02-06T12:58:36","guid":{"rendered":"https:\/\/bas-ip.com\/napco\/"},"modified":"2025-11-18T15:13:30","modified_gmt":"2025-11-18T15:13:30","slug":"napco","status":"publish","type":"page","link":"https:\/\/bas-ip.com\/lv\/napco\/","title":{"rendered":"NAPCO"},"content":{"rendered":"<h2 class=\"wp-block-heading\"><strong>BAS-IP un NAPCO: Integr\u0101cija \u0113rtai piek\u013cuves p\u0101rvald\u012bbai<\/strong><\/h2>\n\n\n<div class=\"wp-block-image\">\n<figure class=\"aligncenter size-full\"><img loading=\"lazy\" decoding=\"async\" width=\"900\" height=\"183\" src=\"https:\/\/bas-ip.com\/wp-content\/uploads\/2025\/02\/napco-security-logo.png\" alt=\"\" class=\"wp-image-130197\" srcset=\"https:\/\/bas-ip.com\/wp-content\/uploads\/2025\/02\/napco-security-logo.png 900w,  https:\/\/bas-ip.com\/wp-content\/uploads\/2025\/02\/napco-security-logo-300x61.png 300w,  https:\/\/bas-ip.com\/wp-content\/uploads\/2025\/02\/napco-security-logo-768x156.png 768w,  https:\/\/bas-ip.com\/wp-content\/uploads\/2025\/02\/napco-security-logo-767x156.png 767w\" sizes=\"auto, (max-width: 900px) 100vw, 900px\" \/><\/figure>\n<\/div>\n\n<p data-path-to-node=\"2\">Integr\u0101cija ar <b>NAPCO<\/b> darbojas caur <b>Android<\/b> b\u0101z\u0113tu paneli <b>AV-08FB<\/b>. Savienojot paneli ar programmat\u016bru <b>Card Access Software v1.2.x<\/b>, lietot\u0101ji var p\u0101rvald\u012bt piek\u013cuves datus, izmantojot vienotu saskarni, t\u0101d\u0113j\u0101di nov\u0113r\u0161ot nepiecie\u0161am\u012bbu p\u0113c atsevi\u0161\u0137as t\u012bmek\u013ca saskarnes, kas vienk\u0101r\u0161o procesu.<\/p>\n<p data-path-to-node=\"3\">Integr\u0101cija aptver <b>piek\u013cuves kontroli<\/b>, <b>videonov\u0113ro\u0161anu<\/b> un <b>re\u0101llaika monitoringu<\/b>, padarot sist\u0113mu elast\u012bgu un \u0113rtu, \u012bpa\u0161i dz\u012bvojamo kompleksu un biroju vajadz\u012bb\u0101m, kur \u0101tra p\u0101rvald\u012bba un t\u016bl\u012bt\u0113ja rea\u0123\u0113\u0161ana uz notikumiem ir iz\u0161\u0137iro\u0161a.<\/p>\n<p data-path-to-node=\"5\">\u00a0<\/p>\n<h3>BAS-IP un NAPCO Integr\u0101cijas Priek\u0161roc\u012bbas:<\/h3>\n<p>\u00a0<\/p>\n<ul>\n<li data-path-to-node=\"6,0,0\"><b>Vienk\u0101r\u0161a P\u0101rvald\u012bba:<\/b> Viena saskarne \u013cauj lietot\u0101jiem viegli p\u0101rvald\u012bt piek\u013cuves datus un piek\u013cuvi, vienk\u0101r\u0161ojot administr\u0113\u0161anas procesu.<\/li>\n<li data-path-to-node=\"6,0,0\"><b>Elast\u012bga Sist\u0113ma:<\/b> Integr\u0101cija nodro\u0161ina da\u017e\u0101du funkciju izmanto\u0161anu, tostarp piek\u013cuves kontroli un videonov\u0113ro\u0161anu, padarot sist\u0113mu daudzpus\u012bgu.<\/li>\n<li data-path-to-node=\"6,0,0\"><b>Re\u0101llaika Monitorings:<\/b> Sp\u0113ja uzraudz\u012bt notikumus re\u0101llaik\u0101 uzlabo dro\u0161\u012bbu un nodro\u0161ina \u0101tr\u0101ku rea\u0123\u0113\u0161anu uz incidentiem.<\/li>\n<li data-path-to-node=\"6,0,0\"><b>Ide\u0101li Piem\u0113rota Dz\u012bvojamiem un Biroju Kompleksiem:<\/b> Risin\u0101jums ir piem\u0113rots \u012bpa\u0161umiem, kur ir b\u016btiska \u0101tra reakcija un \u0113rta piek\u013cuves p\u0101rvald\u012bba.<\/li>\n<\/ul>\n<p data-path-to-node=\"8\">\u00a0<\/p>\n<h3>Integr\u0101cijas Galvenie Akcenti:<\/h3>\n<p>\u00a0<\/p>\n<p data-path-to-node=\"9\">BAS-IP un NAPCO sadarb\u012bba pied\u0101v\u0101:<\/p>\n<ul>\n<li data-path-to-node=\"10,0,0\">Integr\u0101ciju ar <b>AV-08FB<\/b> paneli un <b>Card Access<\/b> programmat\u016bru, nodro\u0161inot \u0113rtu piek\u013cuves p\u0101rvald\u012bbu.<\/li>\n<li data-path-to-node=\"10,0,0\">Savstarp\u0113ju savienojam\u012bbu starp da\u017e\u0101diem dro\u0161\u012bbas aspektiem, piem\u0113ram, videonov\u0113ro\u0161anu un piek\u013cuves kontroli.<\/li>\n<li data-path-to-node=\"10,0,0\">Elast\u012bgas konfigur\u0101cijas, lai piel\u0101gotos da\u017e\u0101d\u0101m lietot\u0101ju vajadz\u012bb\u0101m.<\/li>\n<\/ul>\n<p data-path-to-node=\"11\">\u0160\u012b integr\u0101cija \u013cauj apvienot piek\u013cuves p\u0101rvald\u012bbu un videonov\u0113ro\u0161anu vien\u0101 sist\u0113m\u0101, padarot to par ide\u0101lu risin\u0101jumu moderniem \u012bpa\u0161umiem. BAS-IP un NAPCO sadarb\u012bba nodro\u0161ina efekt\u012bvu un dro\u0161u r\u012bku piek\u013cuves p\u0101rvald\u012bbai un monitoringam.<\/p>\n<p>Lai ieg\u016btu s\u012bk\u0101kus nor\u0101d\u012bjumus par uzst\u0101d\u012b\u0161anu un konfigur\u0113\u0161anu, l\u016bdzu, skatiet m\u016bsu <a href=\"_wp_link_placeholder\" data-wplink-edit=\"true\"><b>Wiki Rokasgr\u0101matu<\/b><\/a>.<\/p>\n\n<!-- START Block Sign Up --><section id=\"block_629678229e935\" class=\"sign-up-section\">\r\n\r\n    <div class=\"form-holder js-form\" data-aos=\"fade-right\">\r\n                    <div class=\"title-block h3\">Sign up for connection<\/div>\r\n        \r\n                    <div class=\"text-block\">\r\n                Filling out all the information needed to answer you as quickly as possible            <\/div>\r\n        \r\n                    \n<div class=\"wpcf7 no-js\" id=\"wpcf7-f102-o1\" lang=\"en-US\" dir=\"ltr\">\n<div class=\"screen-reader-response\"><p role=\"status\" aria-live=\"polite\" aria-atomic=\"true\"><\/p> <ul><\/ul><\/div>\n<form action=\"\/lv\/wp-json\/wp\/v2\/pages\/150021#wpcf7-f102-o1\" method=\"post\" class=\"wpcf7-form init\" aria-label=\"Contact form\" enctype=\"multipart\/form-data\" novalidate=\"novalidate\" data-status=\"init\">\n<div style=\"display: none;\">\n<input type=\"hidden\" name=\"_wpcf7\" value=\"102\" \/>\n<input type=\"hidden\" name=\"_wpcf7_version\" value=\"5.8.3\" \/>\n<input type=\"hidden\" name=\"_wpcf7_locale\" value=\"en_US\" \/>\n<input type=\"hidden\" name=\"_wpcf7_unit_tag\" value=\"wpcf7-f102-o1\" \/>\n<input type=\"hidden\" name=\"_wpcf7_container_post\" value=\"0\" \/>\n<input type=\"hidden\" name=\"_wpcf7_posted_data_hash\" value=\"\" \/>\n<input type=\"hidden\" name=\"_wpcf7_recaptcha_response\" value=\"\" \/>\n<\/div>\n<div class=\"row\"> \n <label><span class=\"label-text\">Name<\/span> \n  <span class=\"wpcf7-form-control-wrap\" data-name=\"text-full-name\"><input size=\"40\" class=\"wpcf7-form-control wpcf7-text wpcf7-validates-as-required\" aria-required=\"true\" aria-invalid=\"false\" placeholder=\"Name\" value=\"\" type=\"text\" name=\"text-full-name\" \/><\/span><\/label> \n<\/div> \n<div class=\"row\"> \n <label><span class=\"label-text\">Phone*<\/span> \n<span class=\"wpcf7-form-control-wrap\" data-name=\"phonetext-270\"><input size=\"40\" class=\"wpcf7-form-control wpcf7-phonetext wpcf7-validates-as-required wpcf7-text wpcf7-validates-as-phonetext\" aria-required=\"true\" aria-invalid=\"false\" placeholder=\"Phone*\" value=\"\" type=\"text\" name=\"phonetext-270\" \/><input type=\"hidden\" name=\"phonetext-270-country-code\" class=\"wpcf7-phonetext-country-code\" \/><\/span><\/label> \n<\/div> \n<div class=\"row\"> \n <label><span class=\"label-text\">E-mail<\/span> \n  <span class=\"wpcf7-form-control-wrap\" data-name=\"email-e-mail\"><input size=\"40\" class=\"wpcf7-form-control wpcf7-email wpcf7-validates-as-required wpcf7-text wpcf7-validates-as-email\" aria-required=\"true\" aria-invalid=\"false\" placeholder=\"E-mail\" value=\"\" type=\"email\" name=\"email-e-mail\" \/><\/span><\/label> \n<\/div> \n<div class=\"row\"><span>Your country<\/span> \n <label><span class=\"wpcf7-form-control-wrap\" data-name=\"countrytext-126\"><input size=\"40\" class=\"wpcf7-form-control wpcf7-countrytext wpcf7-text wpcf7-validates-as-countrytext\" aria-invalid=\"false\" value=\"\" type=\"text\" name=\"countrytext-126\" \/><\/span> <\/label>\n<\/div> \n<div class=\"row\"> \n <button type=\"submit\" class=\"btn\">Send<\/button> \n<\/div> \n<div class=\"row\"> \n <span class=\"wpcf7-form-control-wrap\" data-name=\"checkbox-931\"><span class=\"wpcf7-form-control wpcf7-checkbox\"><span class=\"wpcf7-list-item first\"><label><input type=\"checkbox\" name=\"checkbox-931[]\" value=\"Integrator\" \/><span class=\"wpcf7-list-item-label\">Integrator<\/span><\/label><\/span><span class=\"wpcf7-list-item\"><label><input type=\"checkbox\" name=\"checkbox-931[]\" value=\"Builder\" \/><span class=\"wpcf7-list-item-label\">Builder<\/span><\/label><\/span><span class=\"wpcf7-list-item last\"><label><input type=\"checkbox\" name=\"checkbox-931[]\" value=\"End-User\" \/><span class=\"wpcf7-list-item-label\">End-User<\/span><\/label><\/span><\/span><\/span> \n<\/div> \n<div class=\"row row-upload-file\"> \n <label class=\"upload-file-block js-upload-file\">Attach file \n  <span class=\"wpcf7-form-control-wrap\" data-name=\"file-466\"><input size=\"40\" class=\"wpcf7-form-control wpcf7-file\" accept=\"audio\/*,video\/*,image\/*\" aria-invalid=\"false\" type=\"file\" name=\"file-466\" \/><\/span><\/label> \n<\/div><input type='hidden' class='wpcf7-pum' value='{\"closepopup\":false,\"closedelay\":0,\"openpopup\":false,\"openpopup_id\":0}' \/><div class=\"wpcf7-response-output\" aria-hidden=\"true\"><\/div>\n<\/form>\n<\/div>\n            <\/div>\r\n\r\n\t\t    <div class=\"text-holder\" data-aos=\"fade-left\">\r\n\t\t\t\t\t\t    <h3 class=\"title-block\">How Can We Help?<\/h3>\r\n\t\t\t\r\n\t\t\t                <div class=\"text-block\">\r\n                    Please select a topic below related to your inquiry. If you don&#8217;t find what you need, fill out our contact form.                <\/div>\r\n\t\t\t\r\n\t\t\t\t\t\t    <ul class=\"link-list\">\r\n\t\t\t\t\t\t\t\t\t\t\t\t\t\t\t\t\t\t<li>\r\n\t\t\t\t\t\t\t\t\t\t\t\t\t\t\t\t    <strong>Get Inspired<\/strong>\r\n\t\t\t\t\t\t\t\t\t\t\t\t\t\t\t\t\t\t\t\t\t\t\t\t    <a href=\"\/features\/\">\r\n\t\t\t\t\t\t\t\t        Discover what&#8217;s beneath our intercom\t\t\t\t\t\t\t\t    <\/a>\r\n\t\t\t\t\t\t\t\t\t\t\t\t\t\t\t<\/li>\r\n\t\t\t\t\t\t\t\t\t\t\t\t\t\t\t\t\t\t\t\t\t\t\t\t<li>\r\n\t\t\t\t\t\t\t\t\t\t\t\t\t\t\t\t    <strong>Become a Partner<\/strong>\r\n\t\t\t\t\t\t\t\t\t\t\t\t\t\t\t\t\t\t\t\t\t\t\t\t    <a href=\"\/distributors\/\">\r\n\t\t\t\t\t\t\t\t        Expand your business with BAS-IP intercom\t\t\t\t\t\t\t\t    <\/a>\r\n\t\t\t\t\t\t\t\t\t\t\t\t\t\t\t<\/li>\r\n\t\t\t\t\t\t\t\t\t\t\t\t\t\t\t\t\t\t\t\t\t\t\t\t<li>\r\n\t\t\t\t\t\t\t\t\t\t\t\t\t\t\t\t    <strong>Check the Guides<\/strong>\r\n\t\t\t\t\t\t\t\t\t\t\t\t\t\t\t\t\t\t\t\t\t\t\t\t    <a href=\"\/support\/\">\r\n\t\t\t\t\t\t\t\t        Download detailed manuals and schemes\t\t\t\t\t\t\t\t    <\/a>\r\n\t\t\t\t\t\t\t\t\t\t\t\t\t\t\t<\/li>\r\n\t\t\t\t\t\t\t\t\t\t\t\t\t\t\t<\/ul>\r\n\t\t\t\r\n\t\t\t\t\t\t    <h3 class=\"title-block\">Our contacts<\/h3>\r\n\t\t\t\r\n\t\t\t\t\t\t\t<ul class=\"contact-list\">\r\n\t\t\t\t\t\t\t\t\t\t\t\t\t\t\t\t\t\t<li>\r\n\t\t\t\t\t\t\t\t\t\t\t\t\t\t\t\t\t<strong>Sales:<\/strong>\r\n\t\t\t\t\t\t\t\t\t\t\t\t\t\t\t\t\t\t\t\t\t\t\t\t    <a href=\"mailto:&#115;ale&#115;&#64;&#98;as&#45;&#105;p.c&#111;m\">sale&#115;&#64;&#98;a&#115;-&#105;p.co&#109;<\/a>\r\n\t\t\t\t\t\t\t\t\t\t\t\t\t\t\t<\/li>\r\n\t\t\t\t\t\t\t\t\t\t\t\t\t\t\t\t\t\t\t\t\t\t\t\t<li>\r\n\t\t\t\t\t\t\t\t\t\t\t\t\t\t\t\t\t<strong>Technical support:<\/strong>\r\n\t\t\t\t\t\t\t\t\t\t\t\t\t\t\t\t\t\t\t\t\t\t\t\t    <a href=\"mailto:su&#112;&#112;or&#116;&#64;b&#97;s-&#105;p.&#99;om\">s&#117;&#112;po&#114;&#116;&#64;bas&#45;&#105;&#112;&#46;c&#111;m<\/a>\r\n\t\t\t\t\t\t\t\t\t\t\t\t\t\t\t<\/li>\r\n\t\t\t\t\t\t\t\t\t\t\t\t\t\t\t<\/ul>\r\n\t\t\t\t\t<\/div>\r\n\t<\/section>\r\n\r\n\r\n\r\n<!-- END Block Sign Up -->","protected":false},"excerpt":{"rendered":"<p>BAS-IP un NAPCO: Integr\u0101cija \u0113rtai piek\u013cuves p\u0101rvald\u012bbai Integr\u0101cija ar NAPCO darbojas caur Android b\u0101z\u0113tu paneli AV-08FB. Savienojot paneli ar programmat\u016bru Card Access Software v1.2.x, lietot\u0101ji var p\u0101rvald\u012bt piek\u013cuves datus, izmantojot vienotu saskarni, t\u0101d\u0113j\u0101di nov\u0113r\u0161ot nepiecie\u0161am\u012bbu p\u0113c atsevi\u0161\u0137as t\u012bmek\u013ca saskarnes, kas vienk\u0101r\u0161o procesu. Integr\u0101cija aptver piek\u013cuves kontroli, videonov\u0113ro\u0161anu un re\u0101llaika monitoringu, padarot sist\u0113mu elast\u012bgu un \u0113rtu, [&hellip;]<\/p>","protected":false},"author":1,"featured_media":0,"parent":0,"menu_order":0,"comment_status":"closed","ping_status":"closed","template":"page-custom-breadcrumbs.php","meta":{"inline_featured_image":false,"footnotes":""},"class_list":["post-150021","page","type-page","status-publish","hentry"],"acf":[],"_links":{"self":[{"href":"https:\/\/bas-ip.com\/lv\/wp-json\/wp\/v2\/pages\/150021","targetHints":{"allow":["GET"]}}],"collection":[{"href":"https:\/\/bas-ip.com\/lv\/wp-json\/wp\/v2\/pages"}],"about":[{"href":"https:\/\/bas-ip.com\/lv\/wp-json\/wp\/v2\/types\/page"}],"author":[{"embeddable":true,"href":"https:\/\/bas-ip.com\/lv\/wp-json\/wp\/v2\/users\/1"}],"replies":[{"embeddable":true,"href":"https:\/\/bas-ip.com\/lv\/wp-json\/wp\/v2\/comments?post=150021"}],"version-history":[{"count":2,"href":"https:\/\/bas-ip.com\/lv\/wp-json\/wp\/v2\/pages\/150021\/revisions"}],"predecessor-version":[{"id":150140,"href":"https:\/\/bas-ip.com\/lv\/wp-json\/wp\/v2\/pages\/150021\/revisions\/150140"}],"wp:attachment":[{"href":"https:\/\/bas-ip.com\/lv\/wp-json\/wp\/v2\/media?parent=150021"}],"curies":[{"name":"wp","href":"https:\/\/api.w.org\/{rel}","templated":true}]}}