{"id":149393,"date":"2025-02-06T13:42:37","date_gmt":"2025-02-06T13:42:37","guid":{"rendered":"https:\/\/bas-ip.com\/rosslare\/"},"modified":"2025-11-18T10:48:35","modified_gmt":"2025-11-18T10:48:35","slug":"rosslare","status":"publish","type":"page","link":"https:\/\/bas-ip.com\/lv\/rosslare\/","title":{"rendered":"Rosslare"},"content":{"rendered":"<h2 class=\"wp-block-heading\">BAS-IP un Rosslare: Uzlabota piek\u013cuves kontroles un domofonu integr\u0101cija<\/h2>\n\n\n<div class=\"wp-block-image\">\n<figure class=\"aligncenter size-large is-resized\"><img loading=\"lazy\" decoding=\"async\" width=\"1024\" height=\"166\" src=\"https:\/\/bas-ip.com\/wp-content\/uploads\/2025\/02\/Rosslare_logo_new-1024x166.png\" alt=\"\" class=\"wp-image-130233\" style=\"width:900px\" srcset=\"https:\/\/bas-ip.com\/wp-content\/uploads\/2025\/02\/Rosslare_logo_new-1024x166.png 1024w,  https:\/\/bas-ip.com\/wp-content\/uploads\/2025\/02\/Rosslare_logo_new-300x48.png 300w,  https:\/\/bas-ip.com\/wp-content\/uploads\/2025\/02\/Rosslare_logo_new-768x124.png 768w,  https:\/\/bas-ip.com\/wp-content\/uploads\/2025\/02\/Rosslare_logo_new-767x124.png 767w,  https:\/\/bas-ip.com\/wp-content\/uploads\/2025\/02\/Rosslare_logo_new.png 1064w\" sizes=\"auto, (max-width: 1024px) 100vw, 1024px\" \/><\/figure>\n<\/div>\n\n<p data-path-to-node=\"2\">BAS-IP domofonu sist\u0113mu integr\u0101cija ar Rosslare AxTraxPro\u2122 platformu apvieno divus jaud\u012bgus risin\u0101jumus nevainojamai dro\u0161\u012bbas un komunik\u0101cijas p\u0101rvald\u012bbai. Rosslare AxTraxPro\u2122 izce\u013cas ar piek\u013cuves punktu kontroli, lietot\u0101ju at\u013cauj\u0101m un dro\u0161\u012bbas notikumu uzraudz\u012bbu, savuk\u0101rt BAS-IP Link Cloud Server centraliz\u0113 domofonu p\u0101rvald\u012bbu un tre\u0161o pu\u0161u integr\u0101ciju. Kop\u0101 \u0161\u012bs sist\u0113mas nodro\u0161ina racionaliz\u0113tas darb\u012bbas un uzlabotu dro\u0161\u012bbu gan dz\u012bvojamiem, gan komerci\u0101liem \u012bpa\u0161umiem.<\/p>\n<p data-path-to-node=\"3\">\u0160\u012b vienot\u0101 pieeja \u013cauj operatoriem veikt piek\u013cuves un komunik\u0101cijas funkcijas, izmantojot vienu saskarni. AxTraxPro\u2122 p\u0101rvalda re\u0101llaika uzraudz\u012bbu un at\u013caujas, savuk\u0101rt BAS-IP Link Cloud Server nodro\u0161ina efekt\u012bvu domofona funkcionalit\u0101ti. Integr\u0113jot \u0161\u012bs tehnolo\u0123ijas, risin\u0101jums vienk\u0101r\u0161o administr\u0113\u0161anu, uzlabo dro\u0161\u012bbu un uzlabo pieredzi visiem lietot\u0101jiem.<\/p>\n<p data-path-to-node=\"4\">\u0160\u012bs integr\u0101cijas m\u0113r\u0137is ir risin\u0101t operatoru bie\u017ei sastopam\u0101s probl\u0113mas, piem\u0113ram, nepiecie\u0161am\u012bbu p\u0101rsl\u0113gties starp vair\u0101k\u0101m sist\u0113m\u0101m piek\u013cuves kontroles un domofona p\u0101rvald\u012bbai. Konsolid\u0113jot \u0161\u012bs funkcijas, lietot\u0101ji g\u016bst labumu no uzlabotas p\u0101rraudz\u012bbas, \u0101tr\u0101ka rea\u0123\u0113\u0161anas laika uz dro\u0161\u012bbas incidentiem un lietot\u0101jam draudz\u012bg\u0101kas pieredzes gan administratoriem, gan galalietot\u0101jiem.<\/p>\n<p data-path-to-node=\"6\">\u00a0<\/p>\n<h3>Integr\u0101cijas galvenie ieguvumi<\/h3>\n<p>\u00a0<\/p>\n<ul>\n<li data-path-to-node=\"7,0,0\"><b>Vienota kontrole:<\/b> P\u0101rvaldiet piek\u013cuves punktus un domofonus no vienas platformas, vienk\u0101r\u0161ojot administr\u0113\u0161anu.<\/li>\n<li data-path-to-node=\"7,0,0\"><b>Uzlabota dro\u0161\u012bba:<\/b> Re\u0101llaika notikumu uzraudz\u012bba nodro\u0161ina \u0101tr\u0101ku rea\u0123\u0113\u0161anu uz incidentiem.<\/li>\n<li data-path-to-node=\"7,0,0\"><b>Uzlabota lietot\u0101ja pieredze:<\/b> Nevainojama integr\u0101cija pied\u0101v\u0101 saska\u0146otu pieredzi operatoriem un galalietot\u0101jiem.<\/li>\n<li data-path-to-node=\"7,0,0\"><b>Elast\u012bgums:<\/b> Atbalsta vair\u0101kas valodas un re\u0123ionus pla\u0161ai sader\u012bbai.<\/li>\n<li data-path-to-node=\"7,0,0\"><b>M\u0113rogojam\u012bba:<\/b> Piem\u0113rots jebkura izm\u0113ra \u012bpa\u0161umiem, s\u0101kot no maziem birojiem l\u012bdz lieliem dz\u012bvojamiem kompleksiem.<\/li>\n<\/ul>\n<p data-path-to-node=\"8\">Lai sasniegtu pilnu \u0161\u012bs integr\u0101cijas potenci\u0101lu, abas sist\u0113mas pa\u013caujas uz Rosslare AxTraxPro\u2122 GraphQL API un t\u0101m j\u0101b\u016bt savienot\u0101m ar vienu un to pa\u0161u t\u012bklu. Risin\u0101jums atbalsta vair\u0101kas valodas, tostarp ang\u013cu, ukrai\u0146u, krievu, po\u013cu, sp\u0101\u0146u un turku valodu, un ir pieejams vis\u0101 \u0100zij\u0101, Eirop\u0101 un ASV.<\/p>\n\n<div class=\"wp-block-image\">\n<figure class=\"aligncenter size-large\"><img loading=\"lazy\" decoding=\"async\" width=\"1024\" height=\"662\" src=\"https:\/\/bas-ip.com\/wp-content\/uploads\/2025\/02\/AxTraxPro-BasIP-Diagram2-1024x662.png\" alt=\"\" class=\"wp-image-130297\" srcset=\"https:\/\/bas-ip.com\/wp-content\/uploads\/2025\/02\/AxTraxPro-BasIP-Diagram2-1024x662.png 1024w,  https:\/\/bas-ip.com\/wp-content\/uploads\/2025\/02\/AxTraxPro-BasIP-Diagram2-300x194.png 300w,  https:\/\/bas-ip.com\/wp-content\/uploads\/2025\/02\/AxTraxPro-BasIP-Diagram2-768x497.png 768w,  https:\/\/bas-ip.com\/wp-content\/uploads\/2025\/02\/AxTraxPro-BasIP-Diagram2-767x496.png 767w,  https:\/\/bas-ip.com\/wp-content\/uploads\/2025\/02\/AxTraxPro-BasIP-Diagram2-1534x992.png 1534w,  https:\/\/bas-ip.com\/wp-content\/uploads\/2025\/02\/AxTraxPro-BasIP-Diagram2.png 1536w\" sizes=\"auto, (max-width: 1024px) 100vw, 1024px\" \/><\/figure>\n<\/div>\n\n<!-- START Block Sign Up --><section id=\"block_629678229e935\" class=\"sign-up-section\">\r\n\r\n    <div class=\"form-holder js-form\" data-aos=\"fade-right\">\r\n                    <div class=\"title-block h3\">Sign up for connection<\/div>\r\n        \r\n                    <div class=\"text-block\">\r\n                Filling out all the information needed to answer you as quickly as possible            <\/div>\r\n        \r\n                    \n<div class=\"wpcf7 no-js\" id=\"wpcf7-f102-o1\" lang=\"en-US\" dir=\"ltr\">\n<div class=\"screen-reader-response\"><p role=\"status\" aria-live=\"polite\" aria-atomic=\"true\"><\/p> <ul><\/ul><\/div>\n<form action=\"\/lv\/wp-json\/wp\/v2\/pages\/149393#wpcf7-f102-o1\" method=\"post\" class=\"wpcf7-form init\" aria-label=\"Contact form\" enctype=\"multipart\/form-data\" novalidate=\"novalidate\" data-status=\"init\">\n<div style=\"display: none;\">\n<input type=\"hidden\" name=\"_wpcf7\" value=\"102\" \/>\n<input type=\"hidden\" name=\"_wpcf7_version\" value=\"5.8.3\" \/>\n<input type=\"hidden\" name=\"_wpcf7_locale\" value=\"en_US\" \/>\n<input type=\"hidden\" name=\"_wpcf7_unit_tag\" value=\"wpcf7-f102-o1\" \/>\n<input type=\"hidden\" name=\"_wpcf7_container_post\" value=\"0\" \/>\n<input type=\"hidden\" name=\"_wpcf7_posted_data_hash\" value=\"\" \/>\n<input type=\"hidden\" name=\"_wpcf7_recaptcha_response\" value=\"\" \/>\n<\/div>\n<div class=\"row\"> \n <label><span class=\"label-text\">Name<\/span> \n  <span class=\"wpcf7-form-control-wrap\" data-name=\"text-full-name\"><input size=\"40\" class=\"wpcf7-form-control wpcf7-text wpcf7-validates-as-required\" aria-required=\"true\" aria-invalid=\"false\" placeholder=\"Name\" value=\"\" type=\"text\" name=\"text-full-name\" \/><\/span><\/label> \n<\/div> \n<div class=\"row\"> \n <label><span class=\"label-text\">Phone*<\/span> \n<span class=\"wpcf7-form-control-wrap\" data-name=\"phonetext-270\"><input size=\"40\" class=\"wpcf7-form-control wpcf7-phonetext wpcf7-validates-as-required wpcf7-text wpcf7-validates-as-phonetext\" aria-required=\"true\" aria-invalid=\"false\" placeholder=\"Phone*\" value=\"\" type=\"text\" name=\"phonetext-270\" \/><input type=\"hidden\" name=\"phonetext-270-country-code\" class=\"wpcf7-phonetext-country-code\" \/><\/span><\/label> \n<\/div> \n<div class=\"row\"> \n <label><span class=\"label-text\">E-mail<\/span> \n  <span class=\"wpcf7-form-control-wrap\" data-name=\"email-e-mail\"><input size=\"40\" class=\"wpcf7-form-control wpcf7-email wpcf7-validates-as-required wpcf7-text wpcf7-validates-as-email\" aria-required=\"true\" aria-invalid=\"false\" placeholder=\"E-mail\" value=\"\" type=\"email\" name=\"email-e-mail\" \/><\/span><\/label> \n<\/div> \n<div class=\"row\"><span>Your country<\/span> \n <label><span class=\"wpcf7-form-control-wrap\" data-name=\"countrytext-126\"><input size=\"40\" class=\"wpcf7-form-control wpcf7-countrytext wpcf7-text wpcf7-validates-as-countrytext\" aria-invalid=\"false\" value=\"\" type=\"text\" name=\"countrytext-126\" \/><\/span> <\/label>\n<\/div> \n<div class=\"row\"> \n <button type=\"submit\" class=\"btn\">Send<\/button> \n<\/div> \n<div class=\"row\"> \n <span class=\"wpcf7-form-control-wrap\" data-name=\"checkbox-931\"><span class=\"wpcf7-form-control wpcf7-checkbox\"><span class=\"wpcf7-list-item first\"><label><input type=\"checkbox\" name=\"checkbox-931[]\" value=\"Integrator\" \/><span class=\"wpcf7-list-item-label\">Integrator<\/span><\/label><\/span><span class=\"wpcf7-list-item\"><label><input type=\"checkbox\" name=\"checkbox-931[]\" value=\"Builder\" \/><span class=\"wpcf7-list-item-label\">Builder<\/span><\/label><\/span><span class=\"wpcf7-list-item last\"><label><input type=\"checkbox\" name=\"checkbox-931[]\" value=\"End-User\" \/><span class=\"wpcf7-list-item-label\">End-User<\/span><\/label><\/span><\/span><\/span> \n<\/div> \n<div class=\"row row-upload-file\"> \n <label class=\"upload-file-block js-upload-file\">Attach file \n  <span class=\"wpcf7-form-control-wrap\" data-name=\"file-466\"><input size=\"40\" class=\"wpcf7-form-control wpcf7-file\" accept=\"audio\/*,video\/*,image\/*\" aria-invalid=\"false\" type=\"file\" name=\"file-466\" \/><\/span><\/label> \n<\/div><input type='hidden' class='wpcf7-pum' value='{\"closepopup\":false,\"closedelay\":0,\"openpopup\":false,\"openpopup_id\":0}' \/><div class=\"wpcf7-response-output\" aria-hidden=\"true\"><\/div>\n<\/form>\n<\/div>\n            <\/div>\r\n\r\n\t\t    <div class=\"text-holder\" data-aos=\"fade-left\">\r\n\t\t\t\t\t\t    <h3 class=\"title-block\">How Can We Help?<\/h3>\r\n\t\t\t\r\n\t\t\t                <div class=\"text-block\">\r\n                    Please select a topic below related to your inquiry. If you don&#8217;t find what you need, fill out our contact form.                <\/div>\r\n\t\t\t\r\n\t\t\t\t\t\t    <ul class=\"link-list\">\r\n\t\t\t\t\t\t\t\t\t\t\t\t\t\t\t\t\t\t<li>\r\n\t\t\t\t\t\t\t\t\t\t\t\t\t\t\t\t    <strong>Get Inspired<\/strong>\r\n\t\t\t\t\t\t\t\t\t\t\t\t\t\t\t\t\t\t\t\t\t\t\t\t    <a href=\"\/features\/\">\r\n\t\t\t\t\t\t\t\t        Discover what&#8217;s beneath our intercom\t\t\t\t\t\t\t\t    <\/a>\r\n\t\t\t\t\t\t\t\t\t\t\t\t\t\t\t<\/li>\r\n\t\t\t\t\t\t\t\t\t\t\t\t\t\t\t\t\t\t\t\t\t\t\t\t<li>\r\n\t\t\t\t\t\t\t\t\t\t\t\t\t\t\t\t    <strong>Become a Partner<\/strong>\r\n\t\t\t\t\t\t\t\t\t\t\t\t\t\t\t\t\t\t\t\t\t\t\t\t    <a href=\"\/distributors\/\">\r\n\t\t\t\t\t\t\t\t        Expand your business with BAS-IP intercom\t\t\t\t\t\t\t\t    <\/a>\r\n\t\t\t\t\t\t\t\t\t\t\t\t\t\t\t<\/li>\r\n\t\t\t\t\t\t\t\t\t\t\t\t\t\t\t\t\t\t\t\t\t\t\t\t<li>\r\n\t\t\t\t\t\t\t\t\t\t\t\t\t\t\t\t    <strong>Check the Guides<\/strong>\r\n\t\t\t\t\t\t\t\t\t\t\t\t\t\t\t\t\t\t\t\t\t\t\t\t    <a href=\"\/support\/\">\r\n\t\t\t\t\t\t\t\t        Download detailed manuals and schemes\t\t\t\t\t\t\t\t    <\/a>\r\n\t\t\t\t\t\t\t\t\t\t\t\t\t\t\t<\/li>\r\n\t\t\t\t\t\t\t\t\t\t\t\t\t\t\t<\/ul>\r\n\t\t\t\r\n\t\t\t\t\t\t    <h3 class=\"title-block\">Our contacts<\/h3>\r\n\t\t\t\r\n\t\t\t\t\t\t\t<ul class=\"contact-list\">\r\n\t\t\t\t\t\t\t\t\t\t\t\t\t\t\t\t\t\t<li>\r\n\t\t\t\t\t\t\t\t\t\t\t\t\t\t\t\t\t<strong>Sales:<\/strong>\r\n\t\t\t\t\t\t\t\t\t\t\t\t\t\t\t\t\t\t\t\t\t\t\t\t    <a href=\"mailto:s&#97;&#108;es&#64;&#98;&#97;&#115;&#45;ip.&#99;om\">s&#97;les&#64;bas-ip.&#99;o&#109;<\/a>\r\n\t\t\t\t\t\t\t\t\t\t\t\t\t\t\t<\/li>\r\n\t\t\t\t\t\t\t\t\t\t\t\t\t\t\t\t\t\t\t\t\t\t\t\t<li>\r\n\t\t\t\t\t\t\t\t\t\t\t\t\t\t\t\t\t<strong>Technical support:<\/strong>\r\n\t\t\t\t\t\t\t\t\t\t\t\t\t\t\t\t\t\t\t\t\t\t\t\t    <a href=\"mailto:s&#117;&#112;&#112;o&#114;&#116;&#64;&#98;as-ip.com\">s&#117;p&#112;&#111;&#114;t&#64;ba&#115;&#45;&#105;&#112;&#46;&#99;&#111;&#109;<\/a>\r\n\t\t\t\t\t\t\t\t\t\t\t\t\t\t\t<\/li>\r\n\t\t\t\t\t\t\t\t\t\t\t\t\t\t\t<\/ul>\r\n\t\t\t\t\t<\/div>\r\n\t<\/section>\r\n\r\n\r\n\r\n<!-- END Block Sign Up -->","protected":false},"excerpt":{"rendered":"<p>BAS-IP un Rosslare: Uzlabota piek\u013cuves kontroles un domofonu integr\u0101cija BAS-IP domofonu sist\u0113mu integr\u0101cija ar Rosslare AxTraxPro\u2122 platformu apvieno divus jaud\u012bgus risin\u0101jumus nevainojamai dro\u0161\u012bbas un komunik\u0101cijas p\u0101rvald\u012bbai. Rosslare AxTraxPro\u2122 izce\u013cas ar piek\u013cuves punktu kontroli, lietot\u0101ju at\u013cauj\u0101m un dro\u0161\u012bbas notikumu uzraudz\u012bbu, savuk\u0101rt BAS-IP Link Cloud Server centraliz\u0113 domofonu p\u0101rvald\u012bbu un tre\u0161o pu\u0161u integr\u0101ciju. Kop\u0101 \u0161\u012bs sist\u0113mas nodro\u0161ina [&hellip;]<\/p>","protected":false},"author":1,"featured_media":0,"parent":0,"menu_order":0,"comment_status":"closed","ping_status":"closed","template":"page-custom-breadcrumbs.php","meta":{"inline_featured_image":false,"footnotes":""},"class_list":["post-149393","page","type-page","status-publish","hentry"],"acf":[],"_links":{"self":[{"href":"https:\/\/bas-ip.com\/lv\/wp-json\/wp\/v2\/pages\/149393","targetHints":{"allow":["GET"]}}],"collection":[{"href":"https:\/\/bas-ip.com\/lv\/wp-json\/wp\/v2\/pages"}],"about":[{"href":"https:\/\/bas-ip.com\/lv\/wp-json\/wp\/v2\/types\/page"}],"author":[{"embeddable":true,"href":"https:\/\/bas-ip.com\/lv\/wp-json\/wp\/v2\/users\/1"}],"replies":[{"embeddable":true,"href":"https:\/\/bas-ip.com\/lv\/wp-json\/wp\/v2\/comments?post=149393"}],"version-history":[{"count":2,"href":"https:\/\/bas-ip.com\/lv\/wp-json\/wp\/v2\/pages\/149393\/revisions"}],"predecessor-version":[{"id":149976,"href":"https:\/\/bas-ip.com\/lv\/wp-json\/wp\/v2\/pages\/149393\/revisions\/149976"}],"wp:attachment":[{"href":"https:\/\/bas-ip.com\/lv\/wp-json\/wp\/v2\/media?parent=149393"}],"curies":[{"name":"wp","href":"https:\/\/api.w.org\/{rel}","templated":true}]}}