{"id":148186,"date":"2025-02-06T12:39:32","date_gmt":"2025-02-06T12:39:32","guid":{"rendered":"https:\/\/bas-ip.com\/hikvision\/"},"modified":"2025-11-19T11:12:21","modified_gmt":"2025-11-19T11:12:21","slug":"hikvision","status":"publish","type":"page","link":"https:\/\/bas-ip.com\/lv\/hikvision\/","title":{"rendered":"Hikvision"},"content":{"rendered":"<h2 class=\"wp-block-heading\"><strong>BAS-IP un Hikvision: Integr\u0101cija Viedai Piek\u013cuves P\u0101rvald\u012bbai<\/strong><\/h2>\n\n\n<div class=\"wp-block-image\">\n<figure class=\"aligncenter size-full\"><img loading=\"lazy\" decoding=\"async\" width=\"900\" height=\"254\" src=\"https:\/\/bas-ip.com\/wp-content\/uploads\/2025\/02\/Hikvision-logo_n.png\" alt=\"\" class=\"wp-image-130158\" srcset=\"https:\/\/bas-ip.com\/wp-content\/uploads\/2025\/02\/Hikvision-logo_n.png 900w,  https:\/\/bas-ip.com\/wp-content\/uploads\/2025\/02\/Hikvision-logo_n-300x85.png 300w,  https:\/\/bas-ip.com\/wp-content\/uploads\/2025\/02\/Hikvision-logo_n-768x217.png 768w,  https:\/\/bas-ip.com\/wp-content\/uploads\/2025\/02\/Hikvision-logo_n-767x216.png 767w\" sizes=\"auto, (max-width: 900px) 100vw, 900px\" \/><\/figure>\n<\/div>\n\n<p data-path-to-node=\"1\"><b>BAS-IP<\/b> un <b>Hikvision<\/b> integr\u0101cija pied\u0101v\u0101 modernu risin\u0101jumu autom\u0101tiskai piek\u013cuves p\u0101rvald\u012bbai, izmantojot numura z\u012bmju atpaz\u012b\u0161anu. <b>Hikvision<\/b> nodro\u0161ina iesp\u0113ju izmantot numura z\u012bmes k\u0101 identifikatorus autom\u0101tiskai barjeru\/v\u0101rtu atv\u0113r\u0161anai, izmantojot <b>ALPR<\/b> (Automatic License Plate Recognition \u2013 Autom\u0101tisk\u0101 Numura Z\u012bmes Atpaz\u012b\u0161ana) opciju.<\/p>\n<p data-path-to-node=\"2\"><b>BAS-IP Link<\/b> serveris ir sader\u012bgs ne tikai ar <b>Axis<\/b> kamer\u0101m, bet ar\u012b ar citu ra\u017eot\u0101ju kamer\u0101m, piem\u0113ram, <b>Axxon One<\/b>. Tas papla\u0161ina integr\u0101cijas iesp\u0113jas un <b>ALPR<\/b> izmanto\u0161anu atpaz\u012b\u0161anai un sken\u0113\u0161anai, padarot to piem\u0113rotu modern\u0101m telp\u0101m, kur automatiz\u0101cija un dro\u0161\u012bba ir vissvar\u012bg\u0101k\u0101.<\/p>\n<p data-path-to-node=\"4\">\u00a0<\/p>\n<h3>BAS-IP un Hikvision Integr\u0101cijas Ieguvumi:<\/h3>\n<p>\u00a0<\/p>\n<ul>\n<li data-path-to-node=\"5,0,0\"><b>Autom\u0101tiska Piek\u013cuves P\u0101rvald\u012bba:<\/b> Numura z\u012bmju izmanto\u0161ana autom\u0101tiskai v\u0101rtu atv\u0113r\u0161anai vienk\u0101r\u0161o iebrauk\u0161anas procesu un palielina dro\u0161\u012bbas l\u012bmeni.<\/li>\n<li data-path-to-node=\"5,0,0\"><b>Sader\u012bba ar Da\u017e\u0101d\u0101m Kamer\u0101m:<\/b> <b>Axis<\/b>, <b>Axxon One<\/b> un citu ra\u017eot\u0101ju kameru atbalsts nodro\u0161ina elast\u012bbu un izv\u0113les iesp\u0113jas videonov\u0113ro\u0161anas sist\u0113mas izveid\u0113.<\/li>\n<li data-path-to-node=\"5,0,0\"><b>Vienk\u0101r\u0161a Konfigur\u0101cija:<\/b> Integr\u0101cija ir viegli konfigur\u0113jama, izmantojot <b>BAS-IP Link<\/b> serveri, kas vienk\u0101r\u0161o ievie\u0161anas procesu.<\/li>\n<li data-path-to-node=\"5,0,0\"><b>ALPR Atbalsts:<\/b> Uzlaboto <b>ALPR<\/b> tehnolo\u0123iju izmanto\u0161ana nodro\u0161ina prec\u012bzu un \u0101tru numura z\u012bmju atpaz\u012b\u0161anu, uzlabojot piek\u013cuves efektivit\u0101ti.<\/li>\n<\/ul>\n<p data-path-to-node=\"7\">\u00a0<\/p>\n<h3>Integr\u0101cijas Galvenie Akcenti:<\/h3>\n<p>\u00a0<\/p>\n<p data-path-to-node=\"8\"><b>BAS-IP<\/b> un <b>Hikvision<\/b> sadarb\u012bba nodro\u0161ina:<\/p>\n<ul>\n<li data-path-to-node=\"9,0,0\">Iesp\u0113ju integr\u0113t numura z\u012bmju atpaz\u012b\u0161anu ar <b>BAS-IP<\/b> tehnolo\u0123ij\u0101m piek\u013cuves p\u0101rvald\u012bbai.<\/li>\n<li data-path-to-node=\"9,0,0\">Uzlabotas videonov\u0113ro\u0161anas funkcijas, pateicoties kameru sader\u012bbai.<\/li>\n<li data-path-to-node=\"9,0,0\">Elast\u012bgas konfigur\u0101cijas sist\u0113mas veiktsp\u0113jas optimiz\u0113\u0161anai.<\/li>\n<\/ul>\n<p data-path-to-node=\"10\">\u0160is risin\u0101jums ir paredz\u0113ts \u012bpa\u0161umiem, kas v\u0113las optimiz\u0113t piek\u013cuves p\u0101rvald\u012bbu un uzlabot dro\u0161\u012bbu, izmantojot modernas tehnolo\u0123ijas. <b>BAS-IP<\/b> un <b>Hikvision<\/b> kop\u012bgie centieni rada uzticamu un efekt\u012bvu r\u012bku dro\u0161\u012bbas un \u0113rt\u012bbas nodro\u0161in\u0101\u0161anai.<\/p>\n<p data-path-to-node=\"11\">Lai ieg\u016btu detaliz\u0113t\u0101kus nor\u0101d\u012bjumus par uzst\u0101d\u012b\u0161anu un konfigur\u0101ciju, l\u016bdzu, skatiet m\u016bsu <b><a href=\"_wp_link_placeholder\" data-wplink-edit=\"true\">Wiki Rokasgr\u0101matu<\/a><\/b>.<\/p>\n\n<!-- START Block Sign Up --><section id=\"block_629678229e935\" class=\"sign-up-section\">\r\n\r\n    <div class=\"form-holder js-form\" data-aos=\"fade-right\">\r\n                    <div class=\"title-block h3\">Sign up for connection<\/div>\r\n        \r\n                    <div class=\"text-block\">\r\n                Filling out all the information needed to answer you as quickly as possible            <\/div>\r\n        \r\n                    \n<div class=\"wpcf7 no-js\" id=\"wpcf7-f102-o1\" lang=\"en-US\" dir=\"ltr\">\n<div class=\"screen-reader-response\"><p role=\"status\" aria-live=\"polite\" aria-atomic=\"true\"><\/p> <ul><\/ul><\/div>\n<form action=\"\/lv\/wp-json\/wp\/v2\/pages\/148186#wpcf7-f102-o1\" method=\"post\" class=\"wpcf7-form init\" aria-label=\"Contact form\" enctype=\"multipart\/form-data\" novalidate=\"novalidate\" data-status=\"init\">\n<div style=\"display: none;\">\n<input type=\"hidden\" name=\"_wpcf7\" value=\"102\" \/>\n<input type=\"hidden\" name=\"_wpcf7_version\" value=\"5.8.3\" \/>\n<input type=\"hidden\" name=\"_wpcf7_locale\" value=\"en_US\" \/>\n<input type=\"hidden\" name=\"_wpcf7_unit_tag\" value=\"wpcf7-f102-o1\" \/>\n<input type=\"hidden\" name=\"_wpcf7_container_post\" value=\"0\" \/>\n<input type=\"hidden\" name=\"_wpcf7_posted_data_hash\" value=\"\" \/>\n<input type=\"hidden\" name=\"_wpcf7_recaptcha_response\" value=\"\" \/>\n<\/div>\n<div class=\"row\"> \n <label><span class=\"label-text\">Name<\/span> \n  <span class=\"wpcf7-form-control-wrap\" data-name=\"text-full-name\"><input size=\"40\" class=\"wpcf7-form-control wpcf7-text wpcf7-validates-as-required\" aria-required=\"true\" aria-invalid=\"false\" placeholder=\"Name\" value=\"\" type=\"text\" name=\"text-full-name\" \/><\/span><\/label> \n<\/div> \n<div class=\"row\"> \n <label><span class=\"label-text\">Phone*<\/span> \n<span class=\"wpcf7-form-control-wrap\" data-name=\"phonetext-270\"><input size=\"40\" class=\"wpcf7-form-control wpcf7-phonetext wpcf7-validates-as-required wpcf7-text wpcf7-validates-as-phonetext\" aria-required=\"true\" aria-invalid=\"false\" placeholder=\"Phone*\" value=\"\" type=\"text\" name=\"phonetext-270\" \/><input type=\"hidden\" name=\"phonetext-270-country-code\" class=\"wpcf7-phonetext-country-code\" \/><\/span><\/label> \n<\/div> \n<div class=\"row\"> \n <label><span class=\"label-text\">E-mail<\/span> \n  <span class=\"wpcf7-form-control-wrap\" data-name=\"email-e-mail\"><input size=\"40\" class=\"wpcf7-form-control wpcf7-email wpcf7-validates-as-required wpcf7-text wpcf7-validates-as-email\" aria-required=\"true\" aria-invalid=\"false\" placeholder=\"E-mail\" value=\"\" type=\"email\" name=\"email-e-mail\" \/><\/span><\/label> \n<\/div> \n<div class=\"row\"><span>Your country<\/span> \n <label><span class=\"wpcf7-form-control-wrap\" data-name=\"countrytext-126\"><input size=\"40\" class=\"wpcf7-form-control wpcf7-countrytext wpcf7-text wpcf7-validates-as-countrytext\" aria-invalid=\"false\" value=\"\" type=\"text\" name=\"countrytext-126\" \/><\/span> <\/label>\n<\/div> \n<div class=\"row\"> \n <button type=\"submit\" class=\"btn\">Send<\/button> \n<\/div> \n<div class=\"row\"> \n <span class=\"wpcf7-form-control-wrap\" data-name=\"checkbox-931\"><span class=\"wpcf7-form-control wpcf7-checkbox\"><span class=\"wpcf7-list-item first\"><label><input type=\"checkbox\" name=\"checkbox-931[]\" value=\"Integrator\" \/><span class=\"wpcf7-list-item-label\">Integrator<\/span><\/label><\/span><span class=\"wpcf7-list-item\"><label><input type=\"checkbox\" name=\"checkbox-931[]\" value=\"Builder\" \/><span class=\"wpcf7-list-item-label\">Builder<\/span><\/label><\/span><span class=\"wpcf7-list-item last\"><label><input type=\"checkbox\" name=\"checkbox-931[]\" value=\"End-User\" \/><span class=\"wpcf7-list-item-label\">End-User<\/span><\/label><\/span><\/span><\/span> \n<\/div> \n<div class=\"row row-upload-file\"> \n <label class=\"upload-file-block js-upload-file\">Attach file \n  <span class=\"wpcf7-form-control-wrap\" data-name=\"file-466\"><input size=\"40\" class=\"wpcf7-form-control wpcf7-file\" accept=\"audio\/*,video\/*,image\/*\" aria-invalid=\"false\" type=\"file\" name=\"file-466\" \/><\/span><\/label> \n<\/div><input type='hidden' class='wpcf7-pum' value='{\"closepopup\":false,\"closedelay\":0,\"openpopup\":false,\"openpopup_id\":0}' \/><div class=\"wpcf7-response-output\" aria-hidden=\"true\"><\/div>\n<\/form>\n<\/div>\n            <\/div>\r\n\r\n\t\t    <div class=\"text-holder\" data-aos=\"fade-left\">\r\n\t\t\t\t\t\t    <h3 class=\"title-block\">How Can We Help?<\/h3>\r\n\t\t\t\r\n\t\t\t                <div class=\"text-block\">\r\n                    Please select a topic below related to your inquiry. If you don&#8217;t find what you need, fill out our contact form.                <\/div>\r\n\t\t\t\r\n\t\t\t\t\t\t    <ul class=\"link-list\">\r\n\t\t\t\t\t\t\t\t\t\t\t\t\t\t\t\t\t\t<li>\r\n\t\t\t\t\t\t\t\t\t\t\t\t\t\t\t\t    <strong>Get Inspired<\/strong>\r\n\t\t\t\t\t\t\t\t\t\t\t\t\t\t\t\t\t\t\t\t\t\t\t\t    <a href=\"\/features\/\">\r\n\t\t\t\t\t\t\t\t        Discover what&#8217;s beneath our intercom\t\t\t\t\t\t\t\t    <\/a>\r\n\t\t\t\t\t\t\t\t\t\t\t\t\t\t\t<\/li>\r\n\t\t\t\t\t\t\t\t\t\t\t\t\t\t\t\t\t\t\t\t\t\t\t\t<li>\r\n\t\t\t\t\t\t\t\t\t\t\t\t\t\t\t\t    <strong>Become a Partner<\/strong>\r\n\t\t\t\t\t\t\t\t\t\t\t\t\t\t\t\t\t\t\t\t\t\t\t\t    <a href=\"\/distributors\/\">\r\n\t\t\t\t\t\t\t\t        Expand your business with BAS-IP intercom\t\t\t\t\t\t\t\t    <\/a>\r\n\t\t\t\t\t\t\t\t\t\t\t\t\t\t\t<\/li>\r\n\t\t\t\t\t\t\t\t\t\t\t\t\t\t\t\t\t\t\t\t\t\t\t\t<li>\r\n\t\t\t\t\t\t\t\t\t\t\t\t\t\t\t\t    <strong>Check the Guides<\/strong>\r\n\t\t\t\t\t\t\t\t\t\t\t\t\t\t\t\t\t\t\t\t\t\t\t\t    <a href=\"\/support\/\">\r\n\t\t\t\t\t\t\t\t        Download detailed manuals and schemes\t\t\t\t\t\t\t\t    <\/a>\r\n\t\t\t\t\t\t\t\t\t\t\t\t\t\t\t<\/li>\r\n\t\t\t\t\t\t\t\t\t\t\t\t\t\t\t<\/ul>\r\n\t\t\t\r\n\t\t\t\t\t\t    <h3 class=\"title-block\">Our contacts<\/h3>\r\n\t\t\t\r\n\t\t\t\t\t\t\t<ul class=\"contact-list\">\r\n\t\t\t\t\t\t\t\t\t\t\t\t\t\t\t\t\t\t<li>\r\n\t\t\t\t\t\t\t\t\t\t\t\t\t\t\t\t\t<strong>Sales:<\/strong>\r\n\t\t\t\t\t\t\t\t\t\t\t\t\t\t\t\t\t\t\t\t\t\t\t\t    <a href=\"mailto:sa&#108;es&#64;ba&#115;-&#105;p&#46;co&#109;\">sal&#101;&#115;&#64;&#98;a&#115;-&#105;&#112;.&#99;&#111;m<\/a>\r\n\t\t\t\t\t\t\t\t\t\t\t\t\t\t\t<\/li>\r\n\t\t\t\t\t\t\t\t\t\t\t\t\t\t\t\t\t\t\t\t\t\t\t\t<li>\r\n\t\t\t\t\t\t\t\t\t\t\t\t\t\t\t\t\t<strong>Technical support:<\/strong>\r\n\t\t\t\t\t\t\t\t\t\t\t\t\t\t\t\t\t\t\t\t\t\t\t\t    <a href=\"mailto:s&#117;&#112;port&#64;&#98;&#97;&#115;&#45;&#105;p&#46;&#99;o&#109;\">&#115;u&#112;&#112;ort&#64;&#98;a&#115;-ip.com<\/a>\r\n\t\t\t\t\t\t\t\t\t\t\t\t\t\t\t<\/li>\r\n\t\t\t\t\t\t\t\t\t\t\t\t\t\t\t<\/ul>\r\n\t\t\t\t\t<\/div>\r\n\t<\/section>\r\n\r\n\r\n\r\n<!-- END Block Sign Up -->\n\n\n<p><\/p>","protected":false},"excerpt":{"rendered":"<p>BAS-IP un Hikvision: Integr\u0101cija Viedai Piek\u013cuves P\u0101rvald\u012bbai BAS-IP un Hikvision integr\u0101cija pied\u0101v\u0101 modernu risin\u0101jumu autom\u0101tiskai piek\u013cuves p\u0101rvald\u012bbai, izmantojot numura z\u012bmju atpaz\u012b\u0161anu. Hikvision nodro\u0161ina iesp\u0113ju izmantot numura z\u012bmes k\u0101 identifikatorus autom\u0101tiskai barjeru\/v\u0101rtu atv\u0113r\u0161anai, izmantojot ALPR (Automatic License Plate Recognition \u2013 Autom\u0101tisk\u0101 Numura Z\u012bmes Atpaz\u012b\u0161ana) opciju. BAS-IP Link serveris ir sader\u012bgs ne tikai ar Axis kamer\u0101m, bet [&hellip;]<\/p>","protected":false},"author":1,"featured_media":0,"parent":0,"menu_order":0,"comment_status":"closed","ping_status":"closed","template":"page-custom-breadcrumbs.php","meta":{"inline_featured_image":false,"footnotes":""},"class_list":["post-148186","page","type-page","status-publish","hentry"],"acf":[],"_links":{"self":[{"href":"https:\/\/bas-ip.com\/lv\/wp-json\/wp\/v2\/pages\/148186","targetHints":{"allow":["GET"]}}],"collection":[{"href":"https:\/\/bas-ip.com\/lv\/wp-json\/wp\/v2\/pages"}],"about":[{"href":"https:\/\/bas-ip.com\/lv\/wp-json\/wp\/v2\/types\/page"}],"author":[{"embeddable":true,"href":"https:\/\/bas-ip.com\/lv\/wp-json\/wp\/v2\/users\/1"}],"replies":[{"embeddable":true,"href":"https:\/\/bas-ip.com\/lv\/wp-json\/wp\/v2\/comments?post=148186"}],"version-history":[{"count":2,"href":"https:\/\/bas-ip.com\/lv\/wp-json\/wp\/v2\/pages\/148186\/revisions"}],"predecessor-version":[{"id":150432,"href":"https:\/\/bas-ip.com\/lv\/wp-json\/wp\/v2\/pages\/148186\/revisions\/150432"}],"wp:attachment":[{"href":"https:\/\/bas-ip.com\/lv\/wp-json\/wp\/v2\/media?parent=148186"}],"curies":[{"name":"wp","href":"https:\/\/api.w.org\/{rel}","templated":true}]}}