{"id":147953,"date":"2025-02-06T14:14:40","date_gmt":"2025-02-06T14:14:40","guid":{"rendered":"https:\/\/bas-ip.com\/actentry-vanderbilt\/"},"modified":"2025-11-12T13:45:25","modified_gmt":"2025-11-12T13:45:25","slug":"actentry-vanderbilt","status":"publish","type":"page","link":"https:\/\/bas-ip.com\/lv\/actentry-vanderbilt\/","title":{"rendered":"ACTentry (Vanderbilt)"},"content":{"rendered":"<h2 class=\"wp-block-heading\">BAS-IP un ACTentry: Piek\u013cuves kontroles p\u0101rdefin\u0113\u0161ana ar viedo integr\u0101ciju<\/h2>\n\n\n<div class=\"wp-block-image\">\n<figure class=\"aligncenter size-full\"><img loading=\"lazy\" decoding=\"async\" width=\"594\" height=\"321\" src=\"https:\/\/bas-ip.com\/wp-content\/uploads\/2025\/02\/ACTpro.png\" alt=\"\" class=\"wp-image-130372\" srcset=\"https:\/\/bas-ip.com\/wp-content\/uploads\/2025\/02\/ACTpro.png 594w,  https:\/\/bas-ip.com\/wp-content\/uploads\/2025\/02\/ACTpro-300x162.png 300w\" sizes=\"auto, (max-width: 594px) 100vw, 594px\" \/><\/figure>\n<\/div>\n\n<p data-start=\"82\" data-end=\"413\"><strong data-start=\"82\" data-end=\"94\">ACTentry<\/strong> p\u0101rveido tradicion\u0101lo piek\u013cuves kontroli, aizst\u0101jot fiziskos ieejas telefonus ar programmat\u016bras risin\u0101jumu. Apvienojot ar <strong data-start=\"217\" data-end=\"227\">BAS-IP<\/strong> interkomu pane\u013ciem, \u0161\u012b integr\u0101cija nodro\u0161ina uzlabotu apmekl\u0113t\u0101ju p\u0101rvald\u012bbu, apvienojot video un audio mijiedarb\u012bbu ar nevainojamu piek\u013cuves kontroli tie\u0161i caur <strong data-start=\"390\" data-end=\"400\">ACTpro<\/strong> platformu.<\/p>\n<p data-start=\"415\" data-end=\"692\">Atbalst\u012btie mode\u013ci, piem\u0113ram, <strong data-start=\"445\" data-end=\"458\">AA-12FB2M<\/strong> un <strong data-start=\"462\" data-end=\"473\">AV-03BD<\/strong>, viegli savienojas ar ACTentry, \u013caujot operatoriem uzraudz\u012bt apmekl\u0113t\u0101ju ieeju, p\u0101rvald\u012bt durvis un re\u0101llaik\u0101 monitor\u0113t aktivit\u0101tes. \u0160\u012b siner\u0123ija uzlabo dro\u0161\u012bbas procesus un vienk\u0101r\u0161o darb\u012bbu jebkur\u0101 m\u016bsdien\u012bg\u0101 vid\u0113.<\/p>\n<h4 dir=\"auto\"><span class=\"heading-content\">K\u0101p\u0113c izv\u0113l\u0113ties \u0161o integr\u0101ciju?<\/span><\/h4>\n<ul>\n<li dir=\"auto\"><strong data-start=\"739\" data-end=\"778\">Vienk\u0101r\u0161ota apmekl\u0113t\u0101ju p\u0101rvald\u012bba:<\/strong><br data-start=\"778\" data-end=\"781\" \/>Darbiniet durvis un sazinieties ar apmekl\u0113t\u0101jiem, izmantojot tie\u0161raides video un audio no sava datora.<\/li>\n<li dir=\"auto\"><strong data-start=\"887\" data-end=\"909\">Efekt\u012bva kontrole:<\/strong><br data-start=\"909\" data-end=\"912\" \/>Centraliz\u0113ta interkomu un piek\u013cuves punktu p\u0101rvald\u012bba ACTentry saskarn\u0113.<\/li>\n<li dir=\"auto\"><strong data-start=\"988\" data-end=\"1012\">Vieda konfigur\u0101cija:<\/strong><br data-start=\"1012\" data-end=\"1015\" \/>Piel\u0101gojiet interkomu iestat\u012bjumus ar dro\u0161\u0101m piek\u013cuves akredit\u0101cij\u0101m, re\u0101llaika uzraudz\u012bbu un elast\u012bg\u0101m lietot\u0101ja opcij\u0101m.<\/li>\n<li dir=\"auto\"><strong data-start=\"1141\" data-end=\"1165\">Izdev\u012bga p\u0101rvald\u012bba:<\/strong><br data-start=\"1165\" data-end=\"1168\" \/>Samaziniet atkar\u012bbu no aparat\u016bras, izmantojot programmat\u016bru durvju atv\u0113r\u0161anas oper\u0101cij\u0101m.<\/li>\n<li dir=\"auto\"><strong data-start=\"1261\" data-end=\"1286\">Nevainojama sader\u012bba:<\/strong><br data-start=\"1286\" data-end=\"1289\" \/>Izstr\u0101d\u0101ts, lai darbotos vienm\u0113r\u012bgi ar ACTpro un BAS-IP uzlaboto interkomu tehnolo\u0123iju.<\/li>\n<\/ul>\n<h4 dir=\"auto\"><span class=\"heading-content\">Integr\u0101cijas galven\u0101s iez\u012bmes<\/span><\/h4>\n<p dir=\"auto\">BAS-IP un ACTentry sadarb\u012bba pied\u0101v\u0101:<\/p>\n<ul>\n<li dir=\"auto\">Dro\u0161u un intuit\u012bvu <strong data-start=\"1484\" data-end=\"1513\">SIP balst\u012btu komunik\u0101ciju<\/strong> starp interkomiem un ACTentry programmat\u016bru.<\/li>\n<li dir=\"auto\">Centraliz\u0113tu licences sinhroniz\u0101ciju un vienk\u0101r\u0161u iestat\u012b\u0161anu caur ACTentry serveri.<\/li>\n<li dir=\"auto\">Konfigur\u0113jamas piek\u013cuves ties\u012bbas un re\u0101llaika uzraudz\u012bbu, piel\u0101gotu dinamisk\u0101m lietot\u0101ju vajadz\u012bb\u0101m.<\/li>\n<li dir=\"auto\">Daudzvalodu saskarni un dro\u0161u paro\u013cu p\u0101rvald\u012bbu glob\u0101lai lieto\u0161anai.<\/li>\n<\/ul>\n<p data-start=\"1830\" data-end=\"2173\">\u0160is risin\u0101jums ir piel\u0101gots \u012bpa\u0161umiem, kas priorit\u0101ti pie\u0161\u0137ir optimiz\u0113tai piek\u013cuves p\u0101rvald\u012bbai, pied\u0101v\u0101jot elast\u012bgu un uzticamu alternat\u012bvu novecoju\u0161\u0101m aparat\u016bras sist\u0113m\u0101m. Apvienojot <strong data-start=\"2015\" data-end=\"2025\">BAS-IP<\/strong> interkomu ekspert\u012bzi ar <strong data-start=\"2050\" data-end=\"2062\">ACTentry<\/strong> viedo tehnolo\u0123iju, operatori ieg\u016bst praktisku un m\u0113rogojamu r\u012bku ikdienas dro\u0161\u012bbas un \u0113rt\u012bbu nodro\u0161in\u0101\u0161anai.<\/p>\n<p data-start=\"2175\" data-end=\"2268\" data-is-last-node=\"\" data-is-only-node=\"\">S\u012bk\u0101kai instal\u0101cijas un konfigur\u0101cijas vadl\u012bnijai, l\u016bdzu, skatiet m\u016bsu <a href=\"https:\/\/basip.atlassian.net\/wiki\/spaces\/Integrations\/pages\/250019867\/Integration+with+ACRE+Vanderbilt\" target=\"_blank\" rel=\"noopener\"><strong data-start=\"2246\" data-end=\"2267\">Wiki rokasgr\u0101matu<\/strong><\/a>.<\/p>\n\n<!-- START Block Sign Up --><section id=\"block_629678229e935\" class=\"sign-up-section\">\r\n\r\n    <div class=\"form-holder js-form\" data-aos=\"fade-right\">\r\n                    <div class=\"title-block h3\">Sign up for connection<\/div>\r\n        \r\n                    <div class=\"text-block\">\r\n                Filling out all the information needed to answer you as quickly as possible            <\/div>\r\n        \r\n                    \n<div class=\"wpcf7 no-js\" id=\"wpcf7-f102-o1\" lang=\"en-US\" dir=\"ltr\">\n<div class=\"screen-reader-response\"><p role=\"status\" aria-live=\"polite\" aria-atomic=\"true\"><\/p> <ul><\/ul><\/div>\n<form action=\"\/lv\/wp-json\/wp\/v2\/pages\/147953#wpcf7-f102-o1\" method=\"post\" class=\"wpcf7-form init\" aria-label=\"Contact form\" enctype=\"multipart\/form-data\" novalidate=\"novalidate\" data-status=\"init\">\n<div style=\"display: none;\">\n<input type=\"hidden\" name=\"_wpcf7\" value=\"102\" \/>\n<input type=\"hidden\" name=\"_wpcf7_version\" value=\"5.8.3\" \/>\n<input type=\"hidden\" name=\"_wpcf7_locale\" value=\"en_US\" \/>\n<input type=\"hidden\" name=\"_wpcf7_unit_tag\" value=\"wpcf7-f102-o1\" \/>\n<input type=\"hidden\" name=\"_wpcf7_container_post\" value=\"0\" \/>\n<input type=\"hidden\" name=\"_wpcf7_posted_data_hash\" value=\"\" \/>\n<input type=\"hidden\" name=\"_wpcf7_recaptcha_response\" value=\"\" \/>\n<\/div>\n<div class=\"row\"> \n <label><span class=\"label-text\">Name<\/span> \n  <span class=\"wpcf7-form-control-wrap\" data-name=\"text-full-name\"><input size=\"40\" class=\"wpcf7-form-control wpcf7-text wpcf7-validates-as-required\" aria-required=\"true\" aria-invalid=\"false\" placeholder=\"Name\" value=\"\" type=\"text\" name=\"text-full-name\" \/><\/span><\/label> \n<\/div> \n<div class=\"row\"> \n <label><span class=\"label-text\">Phone*<\/span> \n<span class=\"wpcf7-form-control-wrap\" data-name=\"phonetext-270\"><input size=\"40\" class=\"wpcf7-form-control wpcf7-phonetext wpcf7-validates-as-required wpcf7-text wpcf7-validates-as-phonetext\" aria-required=\"true\" aria-invalid=\"false\" placeholder=\"Phone*\" value=\"\" type=\"text\" name=\"phonetext-270\" \/><input type=\"hidden\" name=\"phonetext-270-country-code\" class=\"wpcf7-phonetext-country-code\" \/><\/span><\/label> \n<\/div> \n<div class=\"row\"> \n <label><span class=\"label-text\">E-mail<\/span> \n  <span class=\"wpcf7-form-control-wrap\" data-name=\"email-e-mail\"><input size=\"40\" class=\"wpcf7-form-control wpcf7-email wpcf7-validates-as-required wpcf7-text wpcf7-validates-as-email\" aria-required=\"true\" aria-invalid=\"false\" placeholder=\"E-mail\" value=\"\" type=\"email\" name=\"email-e-mail\" \/><\/span><\/label> \n<\/div> \n<div class=\"row\"><span>Your country<\/span> \n <label><span class=\"wpcf7-form-control-wrap\" data-name=\"countrytext-126\"><input size=\"40\" class=\"wpcf7-form-control wpcf7-countrytext wpcf7-text wpcf7-validates-as-countrytext\" aria-invalid=\"false\" value=\"\" type=\"text\" name=\"countrytext-126\" \/><\/span> <\/label>\n<\/div> \n<div class=\"row\"> \n <button type=\"submit\" class=\"btn\">Send<\/button> \n<\/div> \n<div class=\"row\"> \n <span class=\"wpcf7-form-control-wrap\" data-name=\"checkbox-931\"><span class=\"wpcf7-form-control wpcf7-checkbox\"><span class=\"wpcf7-list-item first\"><label><input type=\"checkbox\" name=\"checkbox-931[]\" value=\"Integrator\" \/><span class=\"wpcf7-list-item-label\">Integrator<\/span><\/label><\/span><span class=\"wpcf7-list-item\"><label><input type=\"checkbox\" name=\"checkbox-931[]\" value=\"Builder\" \/><span class=\"wpcf7-list-item-label\">Builder<\/span><\/label><\/span><span class=\"wpcf7-list-item last\"><label><input type=\"checkbox\" name=\"checkbox-931[]\" value=\"End-User\" \/><span class=\"wpcf7-list-item-label\">End-User<\/span><\/label><\/span><\/span><\/span> \n<\/div> \n<div class=\"row row-upload-file\"> \n <label class=\"upload-file-block js-upload-file\">Attach file \n  <span class=\"wpcf7-form-control-wrap\" data-name=\"file-466\"><input size=\"40\" class=\"wpcf7-form-control wpcf7-file\" accept=\"audio\/*,video\/*,image\/*\" aria-invalid=\"false\" type=\"file\" name=\"file-466\" \/><\/span><\/label> \n<\/div><input type='hidden' class='wpcf7-pum' value='{\"closepopup\":false,\"closedelay\":0,\"openpopup\":false,\"openpopup_id\":0}' \/><div class=\"wpcf7-response-output\" aria-hidden=\"true\"><\/div>\n<\/form>\n<\/div>\n            <\/div>\r\n\r\n\t\t    <div class=\"text-holder\" data-aos=\"fade-left\">\r\n\t\t\t\t\t\t    <h3 class=\"title-block\">How Can We Help?<\/h3>\r\n\t\t\t\r\n\t\t\t                <div class=\"text-block\">\r\n                    Please select a topic below related to your inquiry. If you don&#8217;t find what you need, fill out our contact form.                <\/div>\r\n\t\t\t\r\n\t\t\t\t\t\t    <ul class=\"link-list\">\r\n\t\t\t\t\t\t\t\t\t\t\t\t\t\t\t\t\t\t<li>\r\n\t\t\t\t\t\t\t\t\t\t\t\t\t\t\t\t    <strong>Get Inspired<\/strong>\r\n\t\t\t\t\t\t\t\t\t\t\t\t\t\t\t\t\t\t\t\t\t\t\t\t    <a href=\"\/features\/\">\r\n\t\t\t\t\t\t\t\t        Discover what&#8217;s beneath our intercom\t\t\t\t\t\t\t\t    <\/a>\r\n\t\t\t\t\t\t\t\t\t\t\t\t\t\t\t<\/li>\r\n\t\t\t\t\t\t\t\t\t\t\t\t\t\t\t\t\t\t\t\t\t\t\t\t<li>\r\n\t\t\t\t\t\t\t\t\t\t\t\t\t\t\t\t    <strong>Become a Partner<\/strong>\r\n\t\t\t\t\t\t\t\t\t\t\t\t\t\t\t\t\t\t\t\t\t\t\t\t    <a href=\"\/distributors\/\">\r\n\t\t\t\t\t\t\t\t        Expand your business with BAS-IP intercom\t\t\t\t\t\t\t\t    <\/a>\r\n\t\t\t\t\t\t\t\t\t\t\t\t\t\t\t<\/li>\r\n\t\t\t\t\t\t\t\t\t\t\t\t\t\t\t\t\t\t\t\t\t\t\t\t<li>\r\n\t\t\t\t\t\t\t\t\t\t\t\t\t\t\t\t    <strong>Check the Guides<\/strong>\r\n\t\t\t\t\t\t\t\t\t\t\t\t\t\t\t\t\t\t\t\t\t\t\t\t    <a href=\"\/support\/\">\r\n\t\t\t\t\t\t\t\t        Download detailed manuals and schemes\t\t\t\t\t\t\t\t    <\/a>\r\n\t\t\t\t\t\t\t\t\t\t\t\t\t\t\t<\/li>\r\n\t\t\t\t\t\t\t\t\t\t\t\t\t\t\t<\/ul>\r\n\t\t\t\r\n\t\t\t\t\t\t    <h3 class=\"title-block\">Our contacts<\/h3>\r\n\t\t\t\r\n\t\t\t\t\t\t\t<ul class=\"contact-list\">\r\n\t\t\t\t\t\t\t\t\t\t\t\t\t\t\t\t\t\t<li>\r\n\t\t\t\t\t\t\t\t\t\t\t\t\t\t\t\t\t<strong>Sales:<\/strong>\r\n\t\t\t\t\t\t\t\t\t\t\t\t\t\t\t\t\t\t\t\t\t\t\t\t    <a href=\"mailto:&#115;a&#108;es&#64;&#98;as-&#105;&#112;.&#99;o&#109;\">&#115;a&#108;&#101;s&#64;&#98;as-i&#112;.c&#111;m<\/a>\r\n\t\t\t\t\t\t\t\t\t\t\t\t\t\t\t<\/li>\r\n\t\t\t\t\t\t\t\t\t\t\t\t\t\t\t\t\t\t\t\t\t\t\t\t<li>\r\n\t\t\t\t\t\t\t\t\t\t\t\t\t\t\t\t\t<strong>Technical support:<\/strong>\r\n\t\t\t\t\t\t\t\t\t\t\t\t\t\t\t\t\t\t\t\t\t\t\t\t    <a href=\"mailto:s&#117;&#112;p&#111;r&#116;&#64;&#98;a&#115;&#45;&#105;&#112;.c&#111;m\">&#115;up&#112;o&#114;t&#64;b&#97;&#115;-&#105;&#112;.&#99;o&#109;<\/a>\r\n\t\t\t\t\t\t\t\t\t\t\t\t\t\t\t<\/li>\r\n\t\t\t\t\t\t\t\t\t\t\t\t\t\t\t<\/ul>\r\n\t\t\t\t\t<\/div>\r\n\t<\/section>\r\n\r\n\r\n\r\n<!-- END Block Sign Up -->","protected":false},"excerpt":{"rendered":"<p>BAS-IP un ACTentry: Piek\u013cuves kontroles p\u0101rdefin\u0113\u0161ana ar viedo integr\u0101ciju ACTentry p\u0101rveido tradicion\u0101lo piek\u013cuves kontroli, aizst\u0101jot fiziskos ieejas telefonus ar programmat\u016bras risin\u0101jumu. Apvienojot ar BAS-IP interkomu pane\u013ciem, \u0161\u012b integr\u0101cija nodro\u0161ina uzlabotu apmekl\u0113t\u0101ju p\u0101rvald\u012bbu, apvienojot video un audio mijiedarb\u012bbu ar nevainojamu piek\u013cuves kontroli tie\u0161i caur ACTpro platformu. Atbalst\u012btie mode\u013ci, piem\u0113ram, AA-12FB2M un AV-03BD, viegli savienojas ar ACTentry, [&hellip;]<\/p>","protected":false},"author":1,"featured_media":0,"parent":0,"menu_order":0,"comment_status":"closed","ping_status":"closed","template":"page-custom-breadcrumbs.php","meta":{"inline_featured_image":false,"footnotes":""},"class_list":["post-147953","page","type-page","status-publish","hentry"],"acf":[],"_links":{"self":[{"href":"https:\/\/bas-ip.com\/lv\/wp-json\/wp\/v2\/pages\/147953","targetHints":{"allow":["GET"]}}],"collection":[{"href":"https:\/\/bas-ip.com\/lv\/wp-json\/wp\/v2\/pages"}],"about":[{"href":"https:\/\/bas-ip.com\/lv\/wp-json\/wp\/v2\/types\/page"}],"author":[{"embeddable":true,"href":"https:\/\/bas-ip.com\/lv\/wp-json\/wp\/v2\/users\/1"}],"replies":[{"embeddable":true,"href":"https:\/\/bas-ip.com\/lv\/wp-json\/wp\/v2\/comments?post=147953"}],"version-history":[{"count":2,"href":"https:\/\/bas-ip.com\/lv\/wp-json\/wp\/v2\/pages\/147953\/revisions"}],"predecessor-version":[{"id":148123,"href":"https:\/\/bas-ip.com\/lv\/wp-json\/wp\/v2\/pages\/147953\/revisions\/148123"}],"wp:attachment":[{"href":"https:\/\/bas-ip.com\/lv\/wp-json\/wp\/v2\/media?parent=147953"}],"curies":[{"name":"wp","href":"https:\/\/api.w.org\/{rel}","templated":true}]}}