{"id":146591,"date":"2025-09-24T07:37:21","date_gmt":"2025-09-24T07:37:21","guid":{"rendered":"https:\/\/bas-ip.com\/memo-on-personal-data-processing-compliance\/"},"modified":"2025-10-23T10:57:49","modified_gmt":"2025-10-23T10:57:49","slug":"memo-on-personal-data-processing-compliance","status":"publish","type":"page","link":"https:\/\/bas-ip.com\/lv\/memo-on-personal-data-processing-compliance\/","title":{"rendered":"MEMORANDS PAR PERSONAS DATU APSTR\u0100DES ATBILST\u012aBU"},"content":{"rendered":"<p style=\"text-align: right;\"><em>M\u0113s esam ap\u0146\u0113mu\u0161ies iev\u0113rot <b>sp\u0113c\u012bgas un inovat\u012bvas datu aizsardz\u012bbas prakses<\/b>, lai katrs klients var\u0113tu uztic\u0113ties, ka vi\u0146a <b>personas dati<\/b> tiek apstr\u0101d\u0101ti dro\u0161i un aizsarg\u0101ti.<\/em><\/p>\n<p><b>BAS-IP DISTRIBUTION LTD<\/b> (<b>Uz\u0146\u0113mums<\/b> vai <b>BAS-IP<\/b>) ir sagatavojis \u0161o memorandu m\u016bsu klientiem par m\u016bsu atbilst\u012bbu piem\u0113rojamajiem datu aizsardz\u012bbas ties\u012bbu aktiem, tostarp <b>Apvienot\u0101s Karalistes Visp\u0101r\u012bgajai datu aizsardz\u012bbas regulai (UK General Data Protection Regulation \/ UK GDPR)<\/b> un <b>ES Visp\u0101r\u012bgajai datu aizsardz\u012bbas regulai (EU General Data Protection Regulation \/ GDPR)<\/b>. Turpm\u0101k m\u0113s iepaz\u012bstin\u0101sim j\u016bs ar m\u016bsu darb\u012bb\u0101m attiec\u012bb\u0101 uz atbilst\u012bbu personas datu aizsardz\u012bbas pras\u012bb\u0101m.<\/p>\n<h1><strong>DEFIN\u012aCIJAS<\/strong><\/h1>\n<ul>\n<li><b>\u201cUK GDPR\u201d<\/b> (Apvienot\u0101s Karalistes Visp\u0101r\u012bg\u0101 datu aizsardz\u012bbas regula) noz\u012bm\u0113 Apvienot\u0101s Karalistes Visp\u0101r\u012bgo datu aizsardz\u012bbas regulu, kas saska\u0146\u0101 ar Datu aizsardz\u012bbas likumu (Data Protection Act 2018) ir iek\u013cauta Apvienot\u0101s Karalistes ties\u012bbu aktos, k\u0101 ar\u012b citus piem\u0113rojamos Apvienot\u0101s Karalistes datu aizsardz\u012bbas un priv\u0101tuma ties\u012bbu aktus.<\/li>\n<li><b>\u201cGDPR\u201d<\/b> (Visp\u0101r\u012bg\u0101 datu aizsardz\u012bbas regula) noz\u012bm\u0113 Visp\u0101r\u012bgo datu aizsardz\u012bbas regulu ((ES) 2016\/679) un visus saist\u012btos datu aizsardz\u012bbas un priv\u0101tuma ties\u012bbu aktus, kas piem\u0113rojami Eiropas Savien\u012bb\u0101 un Eiropas Ekonomikas zon\u0101.<\/li>\n<li><b>Personas dati<\/b> (Personal data) noz\u012bm\u0113 jebkuru inform\u0101ciju, kas attiecas uz <b>identific\u0113tu vai identific\u0113jamu fizisku personu<\/b>.<\/li>\n<li><b>Datu subjekts<\/b> (Data subject) noz\u012bm\u0113 identific\u0113jamu fizisku personu, kuru var tie\u0161i vai netie\u0161i identific\u0113t.<\/li>\n<li><b>P\u0101rzinis<\/b> (Controller) noz\u012bm\u0113 fizisku vai juridisku personu, sabiedrisku iest\u0101di, a\u0123ent\u016bru vai citu strukt\u016bru, kas viena pati vai kop\u0101 ar citiem <b>nosaka personas datu apstr\u0101des m\u0113r\u0137us un l\u012bdzek\u013cus<\/b>.<\/li>\n<li><b>Apstr\u0101d\u0101t\u0101js<\/b> (Processor) noz\u012bm\u0113 fizisku vai juridisku personu, sabiedrisku iest\u0101di, a\u0123ent\u016bru vai citu strukt\u016bru, kas <b>apstr\u0101d\u0101 personas datus p\u0101rzi\u0146a v\u0101rd\u0101<\/b>.<\/li>\n<li><b>Apak\u0161apstr\u0101d\u0101t\u0101js<\/b> (Subprocessor) noz\u012bm\u0113 fizisku vai juridisku personu, ko piesaist\u012bjis apstr\u0101d\u0101t\u0101js un kas <b>veic personas datu apstr\u0101di p\u0101rzi\u0146a v\u0101rd\u0101<\/b>.<\/li>\n<li><b>Apstr\u0101de<\/b> (Processing) noz\u012bm\u0113 jebkuru darb\u012bbu vai darb\u012bbu kopumu, ko veic ar personas datiem vai personas datu kopumiem, neatkar\u012bgi no t\u0101, vai t\u0101 ir automatiz\u0113ta, piem\u0113ram, <b>v\u0101k\u0161ana, re\u0123istr\u0113\u0161ana, organiz\u0113\u0161ana, struktur\u0113\u0161ana, glab\u0101\u0161ana, piel\u0101go\u0161ana vai main\u012b\u0161ana, izg\u016b\u0161ana, apl\u016bko\u0161ana, izmanto\u0161ana, izpau\u0161ana, nos\u016btot, izplatot vai cit\u0101di padarot tos pieejamus, saska\u0146o\u0161ana vai kombin\u0113\u0161ana, ierobe\u017eo\u0161ana, dz\u0113\u0161ana vai izn\u012bcin\u0101\u0161ana<\/b>.<\/li>\n<\/ul>\n<h1><strong>PAR BAS-IP<\/strong><\/h1>\n<p>BAS-IP izstr\u0101d\u0101 un ra\u017eo <b>IP-domofonus, piek\u013cuves kontroles sist\u0113mas un komunik\u0101ciju sist\u0113mas<\/b>, un ir vado\u0161ais dal\u012bbnieks \u0161aj\u0101 jom\u0101. Pla\u0161\u0101ku inform\u0101ciju par m\u016bsu darb\u012bbu varat atrast t\u012bmek\u013ca vietn\u0113: <a class=\"ng-star-inserted\" href=\"https:\/\/bas-ip.com\/\" target=\"_blank\" rel=\"noopener\" data-hveid=\"0\" data-ved=\"0CAAQ_4QMahgKEwjZuIui9LmQAxUAAAAAHQAAAAAQugE\">https:\/\/bas-ip.com\/<\/a>.<\/p>\n<p>Sav\u0101 darb\u012bb\u0101 <b>Uz\u0146\u0113mums<\/b> var v\u0101kt, piek\u013c\u016bt vai cit\u0101di apstr\u0101d\u0101t personas datus, kas attiecas uz da\u017e\u0101d\u0101m datu subjektu kategorij\u0101m: <b>klientiem un lietot\u0101jiem, darbiniekiem, l\u012bgumsl\u0113dz\u0113jiem un citiem datu subjektiem<\/b>. \u0160\u0101das apstr\u0101des laik\u0101 Uz\u0146\u0113mums ap\u0146emas veikt visus nepiecie\u0161amos pas\u0101kumus un iev\u0113rot attiec\u012bg\u0101s politikas, proced\u016bras un citu dokument\u0101ciju par personas datu aizsardz\u012bbu, lai apstr\u0101d\u0101tu personas datus saska\u0146\u0101 ar piem\u0113rojamiem ties\u012bbu aktiem un lab\u0101ko praksi.<\/p>\n<h2><strong>Lomas personas datu apstr\u0101des laik\u0101<\/strong><\/h2>\n<p>BAS-IP var b\u016bt da\u017e\u0101das lomas saska\u0146\u0101 ar UK GDPR un GDPR:<\/p>\n<ul>\n<li>K\u0101 <b>p\u0101rzinis<\/b>, Uz\u0146\u0113mums nosaka personas datu apstr\u0101des m\u0113r\u0137us un l\u012bdzek\u013cus, piem\u0113ram, sazinoties ar klientiem un t\u012bmek\u013ca vietnes apmekl\u0113t\u0101jiem, veicot m\u0101rketinga darb\u012bbas, kas ietver personas datu apstr\u0101di, utt.<\/li>\n<li>K\u0101 <b>apstr\u0101d\u0101t\u0101js<\/b>, Uz\u0146\u0113mums var apstr\u0101d\u0101t personas datus saska\u0146\u0101 ar m\u016bsu klienta nor\u0101d\u012bjumiem, kur\u0161 darbojas k\u0101 p\u0101rzinis vai attiec\u012bg\u0101 p\u0101rzi\u0146a v\u0101rd\u0101.<\/li>\n<li>Apstr\u0101d\u0101jot personas datus k\u0101 apstr\u0101d\u0101t\u0101js, m\u0113s varam piesaist\u012bt tre\u0161o pu\u0161u pakalpojumu sniedz\u0113jus, kas darbosies k\u0101 <b>apak\u0161apstr\u0101d\u0101t\u0101ji<\/b>.<\/li>\n<\/ul>\n<table width=\"681\">\n<tbody>\n<tr>\n<td width=\"681\"><em>Apstr\u0101d\u0101jot personas datus, sniedzot pakalpojumus saviem klientiem, Uz\u0146\u0113mums darbojas k\u0101 <b>apstr\u0101d\u0101t\u0101js<\/b> un iev\u0113ro piem\u0113rojam\u0101s UK GDPR un GDPR pras\u012bbas, k\u0101 ar\u012b attiec\u012bg\u0101s l\u012bgumsaist\u012bbas starp Uz\u0146\u0113mumu un klientu. <\/em><\/td>\n<\/tr>\n<\/tbody>\n<\/table>\n<h1><strong>BAS-IP UN DATU AIZSARDZ\u012aBA<\/strong><\/h1>\n<p>BAS-IP ir ap\u0146\u0113mies iev\u0113rot <b>augst\u0101kos datu aizsardz\u012bbas standartus<\/b> un piem\u0113rojamos personas datu aizsardz\u012bbas ties\u012bbu aktus.<\/p>\n<p>Visas darb\u012bbas, kas saist\u012btas ar personas datu apstr\u0101di, tiek veiktas saska\u0146\u0101 ar <b>iek\u0161\u0113jo dokument\u0101ciju<\/b> par personas datu apstr\u0101des regul\u0113\u0161anu.<\/p>\n<p>Uz\u0146\u0113mums piem\u0113ro \u0161\u0101dus personas datu aizsardz\u012bbas pas\u0101kumus:<\/p>\n<h2><strong>Regul\u0101ra personas datu aizsardz\u012bbas dokument\u0101cijas p\u0101rskat\u012b\u0161ana un nepiecie\u0161amo izmai\u0146u veik\u0161ana m\u016bsu dokument\u0101cij\u0101 un darb\u012bb\u0101<\/strong><\/h2>\n<p>Iek\u0161\u0113j\u0101s personas datu aizsardz\u012bbas dokument\u0101cijas regul\u0101ra p\u0101rskat\u012b\u0161ana un atjaunin\u0101\u0161ana ir Uz\u0146\u0113muma strat\u0113\u0123ijas neat\u0146emama sast\u0101vda\u013ca, lai nodro\u0161in\u0101tu atbilst\u012bbu UK GDPR, GDPR un citu normat\u012bvo aktu pras\u012bb\u0101m personas datu aizsardz\u012bbas jom\u0101.<\/p>\n<p>Attiec\u012bg\u0101 iek\u0161\u0113j\u0101 dokument\u0101cija un pie\u0146emt\u0101s politikas un proced\u016bras, jo \u012bpa\u0161i attiec\u012bb\u0101 uz <b>datu subjektu piepras\u012bjumiem, pazi\u0146o\u0161anu par personas datu aizsardz\u012bbas p\u0101rk\u0101pumiem, personas datu apstr\u0101d\u0113 iesaist\u012bto tre\u0161o pu\u0161u atbilst\u012bbas nov\u0113rt\u0113jumiem<\/b> utt., tiek periodiski atjaunin\u0101tas vai groz\u012btas, ja nepiecie\u0161ams, jo \u012bpa\u0161i ties\u012bbu aktu izmai\u0146u vai jaunu personas datu apstr\u0101des darb\u012bbu ievie\u0161anas gad\u012bjum\u0101.<\/p>\n<p>Turkl\u0101t personas datu apstr\u0101des darb\u012bbas tiek re\u0123istr\u0113tas, kas ietver <b>personas datu apstr\u0101des darb\u012bbu uzskaites (RoPA)<\/b> uztur\u0113\u0161anu, un, ja nepiecie\u0161ams, tiek veikts <b>datu aizsardz\u012bbas ietekmes nov\u0113rt\u0113jums (DPIA)<\/b> un <b>likum\u012bgo intere\u0161u nov\u0113rt\u0113jums (LIA)<\/b>.<\/p>\n<p>T\u0101d\u0113j\u0101di, uzturot savu personas datu aizsardz\u012bbas dokument\u0101ciju atjaunin\u0101tu, Uz\u0146\u0113mums nodro\u0161ina augstu personas datu aizsardz\u012bbas l\u012bmeni un nep\u0101rtrauktu atbilst\u012bbu ties\u012bbu aktiem.<\/p>\n<h2><strong>Atbilst\u012bba datu subjektu ties\u012bbu aizsardz\u012bbas pras\u012bb\u0101m<\/strong><\/h2>\n<p>Uz\u0146\u0113muma <b>Priv\u0101tuma politika<\/b>, kas ir publiski pieejama t\u0101 t\u012bmek\u013ca vietn\u0113, sniedz klientiem un citiem datu subjektiem inform\u0101ciju par m\u0113r\u0137iem, k\u0101diem personas dati var tikt apstr\u0101d\u0101ti, k\u0101 un k\u0101di konkr\u0113ti personas dati var tikt apstr\u0101d\u0101ti, k\u0101 ar\u012b inform\u0101ciju par vi\u0146u <b>ties\u012bb\u0101m<\/b> saska\u0146\u0101 ar piem\u0113rojamajiem personas datu aizsardz\u012bbas ties\u012bbu aktiem, tostarp to, k\u0101 \u0161\u012bs ties\u012bbas \u012bstenot.<\/p>\n<p>Turkl\u0101t Uz\u0146\u0113mums ir pie\u0146\u0113mis <b>Piepras\u012bjumu un s\u016bdz\u012bbu proced\u016bru<\/b>, kas satur proced\u016bru, k\u0101 atbild\u0113t uz datu subjektu piepras\u012bjumiem un vi\u0146u ties\u012bb\u0101m saska\u0146\u0101 ar UK GDPR un GDPR.<\/p>\n<p>Uz\u0146\u0113mums ap\u0146emas sniegt visu nepiecie\u0161amo atbalstu klientam, atbildot uz to datu subjektu piepras\u012bjumiem, kuru datus Uz\u0146\u0113mums apstr\u0101d\u0101 k\u0101 apstr\u0101d\u0101t\u0101js saska\u0146\u0101 ar UK GDPR, GDPR noteikumiem un l\u012bgumsaist\u012bb\u0101m starp Uz\u0146\u0113mumu un klientu.<\/p>\n<h2><strong>Atbilst\u012bba lab\u0101kajiem tehnisk\u0101s un organizatorisk\u0101s dro\u0161\u012bbas standartiem un praksei<\/strong><\/h2>\n<p>Uz\u0146\u0113mums ir ieviesis <b>tehniskus un organizatoriskus pas\u0101kumus<\/b>, lai nodro\u0161in\u0101tu personas datu dro\u0161\u012bbu. Uz\u0146\u0113muma iek\u0161\u0113j\u0101 dokument\u0101cija skaidri defin\u0113 tehniskos un organizatoriskos pas\u0101kumus, ko izmanto personas datu apstr\u0101des laik\u0101:<\/p>\n<ul>\n<li>ir izstr\u0101d\u0101ta un pie\u0146emta dokument\u0101cija, kas regul\u0113 <b>inform\u0101cijas dro\u0161\u012bbu<\/b>, un t\u0101 nep\u0101rtraukti uzrauga inform\u0101cijas dro\u0161\u012bbas notikumus un nodro\u0161ina savlaic\u012bgu rea\u0123\u0113\u0161anu uz incidentiem;<\/li>\n<li>ir ieviesti aizsardz\u012bbas pas\u0101kumi, lai <b>ierobe\u017eotu piek\u013cuvi<\/b> personas datiem, piem\u0113ram, piek\u013cuves kontrole personas datiem, jo \u012bpa\u0161i, izmantojot personaliz\u0113tus kontus, kontrole p\u0101r konta paro\u013cu garumu un sare\u017e\u0123\u012bt\u012bbu, un t\u012bkla piek\u013cuves aizsardz\u012bba, lai mazin\u0101tu t\u012bkla uzbrukumu risku; fizisko datu centru atbilst\u012bbas dro\u0161\u012bbas pras\u012bb\u0101m p\u0101rbaude, kur dati tiek glab\u0101ti; daudzfaktoru autentifik\u0101cija un lietot\u0101ja autentifik\u0101cija autoriz\u0101cijas laik\u0101, k\u0101 ar\u012b <b>datu piek\u013cuves at\u013cauju<\/b> konfigur\u0113\u0161ana un piem\u0113ro\u0161ana, eso\u0161o piek\u013cuves ties\u012bbu regul\u0101ra p\u0101rskat\u012b\u0161ana utt.;<\/li>\n<li>izmanto <b>\u0161ifr\u0113\u0161anas tehnolo\u0123ijas<\/b>, uzglab\u0101jot un apstr\u0101d\u0101jot personas datus, izmantojot m\u0101ko\u0146tehnolo\u0123ijas, un nosaka pras\u012bbas izmantot tikai atjaunin\u0101tus un robustus kriptogr\u0101fiskos protokolus, algoritmus, \u0161ifru komplektus, \u0161ifr\u0113\u0161anas atsl\u0113gas un atsl\u0113gu p\u0101rvald\u012bbas pieejas;<\/li>\n<li>regul\u0101ri p\u0101rskata personas datu <b>dubl\u0113jumkopijas<\/b>, lai noteiktu, vai to glab\u0101\u0161ana atbilst darb\u012bbas pras\u012bb\u0101m un juridiskaj\u0101m saist\u012bb\u0101m;<\/li>\n<li>veic citus <b>organizatorisk\u0101s dro\u0161\u012bbas pas\u0101kumus<\/b>, tostarp lomu un pien\u0101kumu nodal\u012b\u0161anas politikas ievie\u0161anu, attiec\u012bgo politiku un proced\u016bru regul\u0101ru atjaunin\u0101\u0161anu, pien\u0101kumu izpildes uzraudz\u012bbu un sadarb\u012bbas gatav\u012bbas demonstr\u0113\u0161anu ar attiec\u012bgaj\u0101m valsts iest\u0101d\u0113m. Uz\u0146\u0113muma \u012bstenotie person\u0101la dro\u0161\u012bbas pas\u0101kumi ietver darbinieku iepriek\u0161\u0113j\u0101s darb\u012bbas p\u0101rbaudes da\u017eos gad\u012bjumos, darbinieku inform\u0113t\u012bbas paaugstin\u0101\u0161anu par inform\u0101cijas dro\u0161\u012bbas jaut\u0101jumiem un \u0161\u0101das inform\u0113t\u012bbas uzraudz\u012bbu, k\u0101 ar\u012b m\u0101c\u012bbu un profesion\u0101l\u0101s pilnveides programmu r\u012bko\u0161anu;<\/li>\n<li>nep\u0101rtraukti uzrauga izmai\u0146as ties\u012bbu aktos un ievie\u0161 <b>lab\u0101ko praksi<\/b> personas datu aizsardz\u012bbas jom\u0101 saska\u0146\u0101 ar kiberdro\u0161\u012bbas standartiem, vadl\u012bnij\u0101m, personas datu aizsardz\u012bbas uzraudz\u012bbas iest\u0101\u017eu un Inform\u0101cijas komis\u0101ra biroja (ICO) ieteikumiem.<\/li>\n<\/ul>\n<p>Uz\u0146\u0113mums iev\u0113ro visas politikas un proced\u016bras, lai nodro\u0161in\u0101tu personas datu aizsardz\u012bbas dro\u0161\u012bbu, regul\u0101ri p\u0101rbauda to atbilst\u012bbu un nodro\u0161ina savlaic\u012bgu p\u0101rskat\u012b\u0161anu.<\/p>\n<p><strong>Regul\u0101ra tre\u0161o pu\u0161u p\u0101rbaude<\/strong><\/p>\n<p>Visas <b>tre\u0161\u0101s puses<\/b>, kas iesaist\u012btas personas datu apstr\u0101d\u0113, tiek p\u0101rbaud\u012btas, izmantojot iek\u0161\u0113ju regul\u0113tu <b>tre\u0161o pu\u0161u atbilst\u012bbas nov\u0113rt\u0113\u0161anas proced\u016bru<\/b>. Jo \u012bpa\u0161i \u0161\u0101d\u0101s p\u0101rbaud\u0113s nov\u0113rt\u0113 atbilsto\u0161\u0101s dokument\u0101cijas pieejam\u012bbu, kas attiecas uz personas datu apstr\u0101di, k\u0101 ar\u012b tehnisko un organizatorisko dro\u0161\u012bbas pas\u0101kumu pieejam\u012bbu un efektivit\u0101ti, kas ieviesti, lai aizsarg\u0101tu personas datus no neat\u013cautas piek\u013cuves, zaud\u0113\u0161anas vai integrit\u0101tes p\u0101rk\u0101pumiem.<\/p>\n<h2><strong>Dro\u0161a personas datu p\u0101rs\u016bt\u012b\u0161ana<\/strong><\/h2>\n<p>Sniedzot pakalpojumus, Uz\u0146\u0113mums var p\u0101rs\u016bt\u012bt personas datus <b>\u0101rpus Apvienot\u0101s Karalistes<\/b>, piem\u0113ram, uz Amerikas Savienotaj\u0101m Valst\u012bm un Ukrainu.<\/p>\n<p>Lai nodro\u0161in\u0101tu dro\u0161\u012bbu un atbilst\u012bbu juridiskaj\u0101m pras\u012bb\u0101m par personas datu p\u0101rs\u016bt\u012b\u0161anu, iepriek\u0161 tiek veikts <b>nov\u0113rt\u0113jums<\/b>. Turkl\u0101t tiek regul\u0101ri veikta iek\u0161\u0113j\u0101 uzraudz\u012bba, lai nodro\u0161in\u0101tu Amerikas Savienoto Valstu, Ukrainas un, ja nepiecie\u0161ams, citu valstu, uz kur\u0101m tiek p\u0101rs\u016bt\u012bti personas dati, juridisko pras\u012bbu un prakses atbilst\u012bbu <b>Apvienot\u0101s Karalistes un ES personas datu aizsardz\u012bbas standartiem un praksei<\/b>. Papildus tam tiek r\u016bp\u012bgi p\u0101rbaud\u012bti datu import\u0113t\u0101ju veiktie dro\u0161\u012bbas pas\u0101kumi, jo \u012bpa\u0161i, parakstot attiec\u012bgo dokument\u0101ciju, kas regul\u0113 personas datu aizsardz\u012bbu.<\/p>\n<p>Kad Uz\u0146\u0113mums p\u0101rs\u016bta personas datus, uz kuriem attiecas UK GDPR un\/vai GDPR, tas ar saviem l\u012bgumsl\u0113dz\u0113jiem nosl\u0113dz <b>Datu apstr\u0101des l\u012bgumu (DPA)<\/b>. \u0160\u0101di l\u012bgumi ietver atbilsto\u0161us p\u0101rs\u016bt\u012b\u0161anas meh\u0101nismus, tostarp <b>ES standarta l\u012bguma klauzulas (SCCs)<\/b> kop\u0101 ar <b>Apvienot\u0101s Karalistes papildin\u0101jumu (UK Addendum)<\/b> vai <b>Starptautisko datu p\u0101rs\u016bt\u012b\u0161anas l\u012bgumu (IDTA)<\/b>.<\/p>\n<h2><strong>Regul\u0101ras apm\u0101c\u012bbas<\/strong><\/h2>\n<p>Uz\u0146\u0113mums regul\u0101ri organiz\u0113 <b>apm\u0101c\u012bbas<\/b> saviem darbiniekiem un l\u012bgumsl\u0113dz\u0113jiem par atbilst\u012bbu UK GDPR un GDPR pras\u012bb\u0101m, k\u0101 ar\u012b par personas datu aizsardz\u012bbu. Apm\u0101c\u012bb\u0101s apl\u016bkot\u0101s t\u0113mas ietver, cita starp\u0101, UK GDPR, GDPR un citu piem\u0113rojamo personas datu aizsardz\u012bbas ties\u012bbu aktu visp\u0101r\u012bg\u0101s pras\u012bbas, lomas apstr\u0101d\u0113, personas datu apstr\u0101des principus, apstr\u0101des pamatojumu, datu subjektu ties\u012bbu nodro\u0161in\u0101\u0161anu un personas datu aizsardz\u012bbas jaut\u0101jumus.<\/p>\n<p>Turkl\u0101t Uz\u0146\u0113mums ir pie\u0146\u0113mis ar\u012b nepiecie\u0161amo dokument\u0101ciju un ieviesis atbilsto\u0161us pas\u0101kumus, lai nodro\u0161in\u0101tu darbinieku apm\u0101c\u012bbu un inform\u0113t\u012bbu datu aizsardz\u012bbas jom\u0101.<\/p>\n<h1><strong>M\u016aSU KONTAKTI<\/strong><\/h1>\n<p>Ja jums ir k\u0101di papildu jaut\u0101jumi par personas datu aizsardz\u012bbu BAS-IP, l\u016bdzu, sazinieties ar mums pa e-pastu: <a href=\"mailto:privacy@bas-ip.com\">privacy@bas-ip.com<\/a>.<\/p>\n<p>Ar cie\u0146u,<\/p>\n<p><strong>BAS-IP DISTRIBUTION LTD<\/strong><\/p>","protected":false},"excerpt":{"rendered":"<p>M\u0113s esam ap\u0146\u0113mu\u0161ies iev\u0113rot sp\u0113c\u012bgas un inovat\u012bvas datu aizsardz\u012bbas prakses, lai katrs klients var\u0113tu uztic\u0113ties, ka vi\u0146a personas dati tiek apstr\u0101d\u0101ti dro\u0161i un aizsarg\u0101ti. BAS-IP DISTRIBUTION LTD (Uz\u0146\u0113mums vai BAS-IP) ir sagatavojis \u0161o memorandu m\u016bsu klientiem par m\u016bsu atbilst\u012bbu piem\u0113rojamajiem datu aizsardz\u012bbas ties\u012bbu aktiem, tostarp Apvienot\u0101s Karalistes Visp\u0101r\u012bgajai datu aizsardz\u012bbas regulai (UK General Data Protection [&hellip;]<\/p>","protected":false},"author":1,"featured_media":0,"parent":0,"menu_order":0,"comment_status":"closed","ping_status":"closed","template":"","meta":{"inline_featured_image":false,"footnotes":""},"class_list":["post-146591","page","type-page","status-publish","hentry"],"acf":[],"_links":{"self":[{"href":"https:\/\/bas-ip.com\/lv\/wp-json\/wp\/v2\/pages\/146591","targetHints":{"allow":["GET"]}}],"collection":[{"href":"https:\/\/bas-ip.com\/lv\/wp-json\/wp\/v2\/pages"}],"about":[{"href":"https:\/\/bas-ip.com\/lv\/wp-json\/wp\/v2\/types\/page"}],"author":[{"embeddable":true,"href":"https:\/\/bas-ip.com\/lv\/wp-json\/wp\/v2\/users\/1"}],"replies":[{"embeddable":true,"href":"https:\/\/bas-ip.com\/lv\/wp-json\/wp\/v2\/comments?post=146591"}],"version-history":[{"count":3,"href":"https:\/\/bas-ip.com\/lv\/wp-json\/wp\/v2\/pages\/146591\/revisions"}],"predecessor-version":[{"id":146711,"href":"https:\/\/bas-ip.com\/lv\/wp-json\/wp\/v2\/pages\/146591\/revisions\/146711"}],"wp:attachment":[{"href":"https:\/\/bas-ip.com\/lv\/wp-json\/wp\/v2\/media?parent=146591"}],"curies":[{"name":"wp","href":"https:\/\/api.w.org\/{rel}","templated":true}]}}