{"id":145723,"date":"2025-09-22T13:03:10","date_gmt":"2025-09-22T13:03:10","guid":{"rendered":"https:\/\/bas-ip.com\/career\/"},"modified":"2025-10-03T11:10:03","modified_gmt":"2025-10-03T11:10:03","slug":"career","status":"publish","type":"page","link":"https:\/\/bas-ip.com\/lv\/career\/","title":{"rendered":"Karjera"},"content":{"rendered":"<!-- START Block Career Hero -->   <div class=\"careers-hero\" style=\"background-image:url(https:\/\/bas-ip.com\/wp-content\/uploads\/2025\/09\/career_top_bg_2-scaled.jpg)\">\r\n    <div class=\"careers-hero__overlay\"><\/div>\r\n    <div class=\"careers-container careers-hero__content\">\r\n      <h1 class=\"careers-hero__title\">M\u0113s <span>mekl\u0113jam<\/span> prasm\u012bgus cilv\u0113kus<\/h1>\r\n              <p class=\"careers-hero__subtitle\">M\u0113s izstr\u0101d\u0101jam progres\u012bvus risin\u0101jumus dro\u0161\u012bbas jom\u0101 \u2014 no IP domofoniem l\u012bdz piek\u013cuves kontrolei un videonov\u0113ro\u0161anas sist\u0113m\u0101m.<br>\r\nTa\u010du pats svar\u012bg\u0101kais, ko m\u0113s veidojam, ir komanda.<\/p>\r\n                    <a class=\"careers-btn careers-btn--primary\" href=\"https:\/\/bas-ip.com\/vacancies\/\">\r\n          str\u0101d\u0101jiet ar mums        <\/a>\r\n          <\/div>\r\n  <\/div>\r\n     <section class=\"careers-benefits\">\r\n    <div class=\"careers-container\">\r\n              <h2 class=\"careers-section-title\">K\u0101p\u0113c pievienoties mums<\/h2>\r\n                    <div class=\"careers-benefits__grid\">\r\n                      <div class=\"careers-benefit\">\r\n                              <div class=\"careers-benefit__icon\"><img decoding=\"async\" src=\"https:\/\/bas-ip.com\/wp-content\/uploads\/2025\/09\/hugeicons_global.svg\" alt=\"icon\"><\/div>\r\n                                            <h3>Att\u0101lin\u0101tais darbs pirmaj\u0101 viet\u0101<\/h3>\r\n                                            <p>Str\u0101d\u0101jiet no jebkuras vietas pasaul\u0113<\/p>\r\n                          <\/div>\r\n                      <div class=\"careers-benefit\">\r\n                              <div class=\"careers-benefit__icon\"><img decoding=\"async\" src=\"https:\/\/bas-ip.com\/wp-content\/uploads\/2025\/09\/iconoir_brain.svg\" alt=\"icon\"><\/div>\r\n                                            <h3>Inovat\u012bvi produkti<\/h3>\r\n                                            <p>Jaun\u0101k\u0101s tehnolo\u0123ijas dro\u0161\u012bbas tirg\u016b<\/p>\r\n                          <\/div>\r\n                      <div class=\"careers-benefit\">\r\n                              <div class=\"careers-benefit__icon\"><img decoding=\"async\" src=\"https:\/\/bas-ip.com\/wp-content\/uploads\/2025\/09\/fluent_people-team-16-regular.svg\" alt=\"icon\"><\/div>\r\n                                            <h3>Glob\u0101la komanda<\/h3>\r\n                                            <p>Sadarb\u012bba p\u0101ri robe\u017e\u0101m un laika josl\u0101m<\/p>\r\n                          <\/div>\r\n                      <div class=\"careers-benefit\">\r\n                              <div class=\"careers-benefit__icon\"><img decoding=\"async\" src=\"https:\/\/bas-ip.com\/wp-content\/uploads\/2025\/09\/tabler_rocket.svg\" alt=\"icon\"><\/div>\r\n                                            <h3>Izaugsmes virz\u012bts<\/h3>\r\n                                            <p>M\u0113s atbalst\u0101m j\u016bsu m\u0101c\u012bbas un karjeras izaugsmi<\/p>\r\n                          <\/div>\r\n                      <div class=\"careers-benefit\">\r\n                              <div class=\"careers-benefit__icon\"><img decoding=\"async\" src=\"https:\/\/bas-ip.com\/wp-content\/uploads\/2025\/09\/octicon_goal-24.svg\" alt=\"icon\"><\/div>\r\n                                            <h3>Rezult\u0101ti p\u0101r birokr\u0101tiju<\/h3>\r\n                                            <p>M\u0113s augstu v\u0113rt\u0113jam r\u012bc\u012bbu un atbild\u012bbu<\/p>\r\n                          <\/div>\r\n                      <div class=\"careers-benefit\">\r\n                              <div class=\"careers-benefit__icon\"><img decoding=\"async\" src=\"https:\/\/bas-ip.com\/wp-content\/uploads\/2025\/09\/hugeicons_idea.svg\" alt=\"icon\"><\/div>\r\n                                            <h3>Tava balss ir svar\u012bga<\/h3>\r\n                                            <p>Iniciat\u012bva ir apsveicama un atalgota<\/p>\r\n                          <\/div>\r\n                  <\/div>\r\n          <\/div>\r\n  <\/section>\r\n    <section class=\"careers-vision\">\r\n    <div class=\"careers-container careers-vision__grid\">\r\n      <div class=\"careers-vision__media\">\r\n                  <img decoding=\"async\" src=\"https:\/\/bas-ip.com\/wp-content\/uploads\/2025\/09\/vision.jpg\" alt=\"\" class=\"careers-vision__img careers-vision__img--single\">\r\n              <\/div>\r\n      <div class=\"careers-vision__text\">\r\n                  <h2 class=\"careers-section-title careers-section-title--left\">m\u016bsu v\u012bzija<\/h2>\r\n                          <p data-start=\"359\" data-end=\"579\">BAS-IP j\u016bs atrad\u012bsiet izaugsmes iesp\u0113jas, iedvesmojo\u0161us projektus un glob\u0101lu komandu, kas veido gudr\u0101s dro\u0161\u012bbas n\u0101kotni. M\u0113s esam vair\u0101k nek\u0101 60 cilv\u0113ki, kas str\u0101d\u0101 no da\u017e\u0101diem pasaules nost\u016briem \u2014 talantam nav robe\u017eu.<\/p>\n<p data-start=\"581\" data-end=\"780\">M\u016bsu komand\u0101 apvienojas profesion\u0101\u013ci p\u0113tniec\u012bb\u0101 un izstr\u0101d\u0113, p\u0101rdo\u0161an\u0101, atbalst\u0101, m\u0101rketing\u0101, iepirkumos un lo\u0123istik\u0101, finans\u0113s un person\u0101lvad\u012bb\u0101. M\u0113s esam daudzveid\u012bgi \u2013 un t\u0101 ir m\u016bsu stipr\u0101 puse.<\/p>\n<p data-start=\"782\" data-end=\"945\" data-is-last-node=\"\" data-is-only-node=\"\">M\u0113s atbalst\u0101m jaunos kol\u0113\u0123us, iedvesmojam viens otru, pie\u0146emam \u0101trus l\u0113mumus un augstu v\u0113rt\u0113jam iniciat\u012bvu. \u0160eit j\u016bs ne tikai str\u0101d\u0101siet \u2014 j\u016bs atst\u0101siet ietekmi.<\/p>\n                          <a class=\"careers-btn careers-btn--primary\" href=\"https:\/\/bas-ip.com\/vacancies\/\">\r\n            str\u0101d\u0101jiet ar mums          <\/a>\r\n              <\/div>\r\n    <\/div>\r\n  <\/section>\r\n  <section class=\"careers-values\">\r\n    <div class=\"careers-container\">\r\n              <h2 class=\"careers-section-title\">M\u016bsu v\u0113rt\u012bbas<\/h2>\r\n        <p>BAS-IP kult\u016bra balst\u0101s ne tikai uz m\u0113r\u0137iem \u2014 to veido kop\u012bgas v\u0113rt\u012bbas, kas vada m\u016bsu ikdienas darbu:<\/p>\r\n                    <div class=\"careers-values__grid\">\r\n                      <article class=\"careers-card\">\r\n                              <img decoding=\"async\" src=\"https:\/\/bas-ip.com\/wp-content\/uploads\/2025\/09\/honesty3.jpg\" alt=\"\">\r\n                            <div class=\"careers-card__body\">\r\n                                  <h3>God\u012bgums<\/h3>\r\n                                                  <p>Atkl\u0101t\u012bba un caursp\u012bd\u012bgums vis\u0101, ko dar\u0101m<\/p>\r\n                              <\/div>\r\n            <\/article>\r\n                      <article class=\"careers-card\">\r\n                              <img decoding=\"async\" src=\"https:\/\/bas-ip.com\/wp-content\/uploads\/2025\/09\/optimism.jpg\" alt=\"\">\r\n                            <div class=\"careers-card__body\">\r\n                                  <h3>Optimisms<\/h3>\r\n                                                  <p>Tic\u012bba sev un m\u016bsu komandas pan\u0101kumiem<\/p>\r\n                              <\/div>\r\n            <\/article>\r\n                      <article class=\"careers-card\">\r\n                              <img decoding=\"async\" src=\"https:\/\/bas-ip.com\/wp-content\/uploads\/2025\/09\/support2.jpg\" alt=\"\">\r\n                            <div class=\"careers-card__body\">\r\n                                  <h3>Atbalsts<\/h3>\r\n                                                  <p>Pal\u012bdzot viens otram ar laipn\u012bbu un r\u016bp\u0113m<\/p>\r\n                              <\/div>\r\n            <\/article>\r\n                      <article class=\"careers-card\">\r\n                              <img decoding=\"async\" src=\"https:\/\/bas-ip.com\/wp-content\/uploads\/2025\/09\/selfdev-1.jpg\" alt=\"\">\r\n                            <div class=\"careers-card__body\">\r\n                                  <h3>Pa\u0161att\u012bst\u012bba<\/h3>\r\n                                                  <p>Vienm\u0113r censties m\u0101c\u012bties un augt<\/p>\r\n                              <\/div>\r\n            <\/article>\r\n                  <\/div>\r\n          <\/div>\r\n  <\/section>\r\n    <section class=\"careers-banner\">\r\n    <div class=\"careers-banner__bg\" style=\"background-image:url(https:\/\/bas-ip.com\/wp-content\/uploads\/2025\/09\/careerbannerbg1-scaled.jpg)\"><\/div>\r\n    <div class=\"careers-container careers-banner__content\">\r\n              <p class=\"careers-banner__title\">M\u0112S NEVIEN TIKAI VEIDOJAM TEHNOLO\u0122IJU \u2014 <span>M\u0112S VEIDOJAM<br>\r\nKOMANDU<\/span>, KAS ATSP\u0112RTO \u0160\u012aS V\u0112RT\u012aBAS KATR\u0100 SOL\u012a.<\/p>\r\n          <\/div>\r\n  <\/section>\r\n\r\n  \r\n    <section id=\"open\" class=\"careers-open\">\r\n    <div class=\"careers-container careers-open__inner\">\r\n              <h2 class=\"careers-section-title\">Atv\u0113rt\u0101s poz\u012bcijas<\/h2>\r\n                    <p>Iepaz\u012bstieties ar m\u016bsu pa\u0161reiz\u0113j\u0101m vakanc\u0113m un piesakieties tie\u0161i. M\u0113s vienm\u0113r mekl\u0113jam aizraut\u012bgus profesion\u0101\u013cus, kas pievienotos m\u016bsu ce\u013cojumam.<\/p>\r\n                    <a class=\"careers-btn careers-btn--primary\" href=\"https:\/\/bas-ip.com\/vacancies\/\">\r\n          str\u0101d\u0101jiet ar mums        <\/a>\r\n          <\/div>\r\n  <\/section><!-- END Block Career Hero -->","protected":false},"excerpt":{"rendered":"","protected":false},"author":2,"featured_media":0,"parent":0,"menu_order":0,"comment_status":"closed","ping_status":"closed","template":"","meta":{"inline_featured_image":false,"footnotes":""},"class_list":["post-145723","page","type-page","status-publish","hentry"],"acf":[],"_links":{"self":[{"href":"https:\/\/bas-ip.com\/lv\/wp-json\/wp\/v2\/pages\/145723","targetHints":{"allow":["GET"]}}],"collection":[{"href":"https:\/\/bas-ip.com\/lv\/wp-json\/wp\/v2\/pages"}],"about":[{"href":"https:\/\/bas-ip.com\/lv\/wp-json\/wp\/v2\/types\/page"}],"author":[{"embeddable":true,"href":"https:\/\/bas-ip.com\/lv\/wp-json\/wp\/v2\/users\/2"}],"replies":[{"embeddable":true,"href":"https:\/\/bas-ip.com\/lv\/wp-json\/wp\/v2\/comments?post=145723"}],"version-history":[{"count":3,"href":"https:\/\/bas-ip.com\/lv\/wp-json\/wp\/v2\/pages\/145723\/revisions"}],"predecessor-version":[{"id":145886,"href":"https:\/\/bas-ip.com\/lv\/wp-json\/wp\/v2\/pages\/145723\/revisions\/145886"}],"wp:attachment":[{"href":"https:\/\/bas-ip.com\/lv\/wp-json\/wp\/v2\/media?parent=145723"}],"curies":[{"name":"wp","href":"https:\/\/api.w.org\/{rel}","templated":true}]}}