{"id":140955,"date":"2025-06-03T12:48:57","date_gmt":"2025-06-03T12:48:57","guid":{"rendered":"https:\/\/bas-ip.com\/condo-control\/"},"modified":"2025-08-06T09:27:28","modified_gmt":"2025-08-06T09:27:28","slug":"condo-control","status":"publish","type":"page","link":"https:\/\/bas-ip.com\/lv\/condo-control\/","title":{"rendered":"Condo Control"},"content":{"rendered":"<h2>BAS-IP un Condo Control pazi\u0146o par integr\u0101ciju, lai uzlabotu dz\u012bvo\u0161anas pieredzi<\/h2>\n\n<div class=\"wp-block-image\">\n<figure class=\"aligncenter size-large\"><img loading=\"lazy\" decoding=\"async\" width=\"1024\" height=\"235\" src=\"https:\/\/bas-ip.com\/wp-content\/uploads\/2025\/06\/Condo-Control-1024x235.png\" alt=\"\" class=\"wp-image-138764\" srcset=\"https:\/\/bas-ip.com\/wp-content\/uploads\/2025\/06\/Condo-Control-1024x235.png 1024w,  https:\/\/bas-ip.com\/wp-content\/uploads\/2025\/06\/Condo-Control-300x69.png 300w,  https:\/\/bas-ip.com\/wp-content\/uploads\/2025\/06\/Condo-Control-768x177.png 768w,  https:\/\/bas-ip.com\/wp-content\/uploads\/2025\/06\/Condo-Control-767x176.png 767w,  https:\/\/bas-ip.com\/wp-content\/uploads\/2025\/06\/Condo-Control.png 1266w\" sizes=\"auto, (max-width: 1024px) 100vw, 1024px\" \/><\/figure>\n<\/div>\n\n<p>BAS-IP, vado\u0161ais IP domofonu sist\u0113mu izstr\u0101d\u0101t\u0101js, un Condo Control, viss vien\u0101 platforma, kas digitaliz\u0113 oper\u0101cijas vair\u0101k nek\u0101 2 miljoniem iedz\u012bvot\u0101ju, \u0161odien pazi\u0146oja par strat\u0113\u0123isku integr\u0101ciju. \u0160\u012b sadarb\u012bba rada vienotu patiesu avotu iedz\u012bvot\u0101ju datiem, nov\u0113r\u0161 dubl\u0113tu ievadi un nodro\u0161ina nevainojamu iedz\u012bvot\u0101ju datu sinhroniz\u0101ciju starp ab\u0101m sist\u0113m\u0101m, nodro\u0161inot jaunu \u0113rt\u012bbas un datu precizit\u0101tes l\u012bmeni iedz\u012bvot\u0101jiem un \u012bpa\u0161umu p\u0101rvaldniekiem Kan\u0101d\u0101.<\/p>\n<p>\u0160\u012bs integr\u0101cijas galven\u0101 iez\u012bme ir iedz\u012bvot\u0101ju saraksta sinhroniz\u0101cija no Condo Control platformas ar BAS-IP domofoniem. T\u0101 viet\u0101, lai zvan\u012btu uz dz\u012bvok\u013cu numuriem, apmekl\u0113t\u0101ji ritina alfab\u0113tiski sak\u0101rtotu viedo direktoriju, pieskaras v\u0101rdam, un zvanu panelis tagad par\u0101da t\u0101lru\u0146u gr\u0101matu ar iedz\u012bvot\u0101ju v\u0101rdiem, nodro\u0161inot intuit\u012bv\u0101ku un uz lietot\u0101ju v\u0113rstu pieeju.<\/p>\n<p>Condo Control sist\u0113ma kalpo k\u0101 prim\u0101rais interfeiss \u012bpa\u0161umu administratoriem, lai viegli pievienotu, dz\u0113stu un atjaunin\u0101tu iedz\u012bvot\u0101ju ierakstus. \u0160\u012bs izmai\u0146as tiek autom\u0101tiski p\u0101rs\u016bt\u012btas uz domofonu sist\u0113mas viedo direktoriju, izmantojot BAS-IP Link p\u0101rvald\u012bbas platformu, kas darbojas k\u0101 starpprogrammat\u016bra. BAS-IP Link p\u0101rvalda ar\u012b zvan\u012b\u0161anas procesu, nodro\u0161inot uzticamu sazi\u0146u.<\/p>\n<p>\u0160is uzlabojums tika ieviests, \u0146emot v\u0113r\u0101 Kan\u0101das iedz\u012bvot\u0101ju v\u0113lmes, kuri ir pieradu\u0161i sa\u0146emt zvanus uz saviem person\u012bgajiem mobilajiem t\u0101lru\u0146u numuriem, nevis uz fiks\u0113tu ier\u012bci dz\u012bvokl\u012b.<\/p>\n<p>\u201cM\u016bsu misija ir digitaliz\u0113t un racionaliz\u0113t kopienas darb\u012bbu,\u201d teica Braiens Bos\u010ders (Brian Bosscher) no Condo Control. \u201cPartner\u012bba ar BAS-IP \u013cauj p\u0101rvaldniekiem atjaunin\u0101t datus vienreiz un sniedz iedz\u012bvot\u0101jiem netrauc\u0113tu mobilo piek\u013cuvi, ko vi\u0146i sagaida.\u201d<\/p>\n<p><strong><u>Galvenie ieguvumi:<\/u><\/strong><\/p>\n<ul>\n<li><b>Nulles dubult\u0101 ievade<\/b> \u2013 iedz\u012bvot\u0101ju ieraksti pl\u016bst autom\u0101tiski.<\/li>\n<li><b>Zvani sasniedz pareizo personu pirmaj\u0101 reiz\u0113<\/b> \u2013 maz\u0101k atk\u0101rtotu zvanu no foaj\u0113.<\/li>\n<li><b>Mobilais-pirmk\u0101rt pieredze<\/b> \u2013 iedz\u012bvot\u0101ji var atbild\u0113t no jebkura mobil\u0101 t\u0101lru\u0146a.<\/li>\n<li><b>Vienm\u0113r aktu\u0101ls:<\/b> t\u0101lru\u0146u numuri un p\u0101rcel\u0161an\u0101s uz\/no dz\u012bvok\u013ca tiek sinhroniz\u0113ti acumirkl\u012b.<\/li>\n<\/ul>\n<p><strong><u>Zvan\u012b\u0161anas process ir uzlabots maksim\u0101lai elast\u012bbai:<\/u><\/strong><\/p>\n<ul>\n<li><b>Tie\u0161s zvans iedz\u012bvot\u0101jam:<\/b> Apmekl\u0113t\u0101ji var zvan\u012bt konkr\u0113tam iedz\u012bvot\u0101jam uz vi\u0146a person\u012bgo t\u0101lru\u0146a numuru vai BAS-IP Link mobilaj\u0101 lietotn\u0113, izv\u0113loties vi\u0146a v\u0101rdu no vied\u0101 direktorija vai iezvanot konkr\u0113tu kodu.<\/li>\n<li><b>Dz\u012bvok\u013ca zvans:<\/b> Tradicion\u0101l\u0101 iesp\u0113ja zvan\u012bt visiem dz\u012bvok\u013ca iedz\u012bvot\u0101jiem vienlaikus joproj\u0101m ir pieejama.<\/li>\n<li><b>Hibr\u012bda modelis:<\/b> Abas iesp\u0113jas var atbalst\u012bt vienlaikus vien\u0101 zvanu ier\u012bc\u0113.<\/li>\n<\/ul>\n<p><strong><u>K\u0101 integr\u0101cija darbojas:<\/u><\/strong><\/p>\n<ul>\n<li><b>Re\u0123istr\u0101cija:<\/b> Administrators re\u0123istr\u0113 iedz\u012bvot\u0101ju Condo Control sist\u0113m\u0101 un pievieno vi\u0146a kontaktinform\u0101ciju.<\/li>\n<li><b>Sinhroniz\u0101cija:<\/b> BAS-IP Link serveris autom\u0101tiski nos\u016bta iedz\u012bvot\u0101ja datus uz zvanu pane\u013ca viedo direktoriju.<\/li>\n<li><b>Zvans:<\/b> Kurjers vai viesis izv\u0113las iedz\u012bvot\u0101ju p\u0113c v\u0101rda vai iezvana vi\u0146a kodu.<\/li>\n<li><b>Atbilde:<\/b> Iedz\u012bvot\u0101js atbild uz zvanu no pane\u013ca uz savu person\u012bgo mobil\u0101 t\u0101lru\u0146a numuru (izmantojot pievienotu Twilio SIP tranku) vai BAS-IP Link lietotn\u0113..<\/li>\n<li><b>Piek\u013cuve:<\/b> Iedz\u012bvot\u0101js var att\u0101lin\u0101ti atv\u0113rt durvis.<\/li>\n<\/ul>\n<p>Integr\u0101cija nodro\u0161ina ar\u012b autom\u0101tiskus datu atjaunin\u0101jumus. Jebkuras izmai\u0146as iedz\u012bvot\u0101ja t\u0101lru\u0146a numur\u0101, lietot\u0101ja dz\u0113\u0161ana vai mobil\u0101s lietotnes sesija Condo Control sist\u0113m\u0101 tiek nekav\u0113joties atspogu\u013cota BAS-IP Link p\u0101radres\u0101cijas sh\u0113m\u0101, garant\u0113jot, ka kontaktinform\u0101cija vienm\u0113r ir aktu\u0101la.<\/p>\n<p>\u0160\u012b integr\u0101cija ir noz\u012bm\u012bgs solis uz priek\u0161u, veidojot vied\u0101kas, \u0113rt\u0101kas dz\u012bvojam\u0101s telpas. Apvienojot BAS-IP moderno IP domofonu tehnolo\u0123iju ar Condo Control jaud\u012bgaj\u0101m \u012bpa\u0161umu p\u0101rvald\u012bbas iesp\u0113j\u0101m, uz\u0146\u0113mumi pied\u0101v\u0101 risin\u0101jumu, kas atbilst iedz\u012bvot\u0101ju m\u016bsdienu vajadz\u012bb\u0101m un vienk\u0101r\u0161o administratoru darba pl\u016bsmu.<\/p>\n\n<!-- START Block Sign Up --><section id=\"block_629678229e935\" class=\"sign-up-section\">\r\n\r\n    <div class=\"form-holder js-form\" data-aos=\"fade-right\">\r\n                    <div class=\"title-block h3\">Sign up for connection<\/div>\r\n        \r\n                    <div class=\"text-block\">\r\n                Filling out all the information needed to answer you as quickly as possible            <\/div>\r\n        \r\n                    \n<div class=\"wpcf7 no-js\" id=\"wpcf7-f102-o1\" lang=\"en-US\" dir=\"ltr\">\n<div class=\"screen-reader-response\"><p role=\"status\" aria-live=\"polite\" aria-atomic=\"true\"><\/p> <ul><\/ul><\/div>\n<form action=\"\/lv\/wp-json\/wp\/v2\/pages\/140955#wpcf7-f102-o1\" method=\"post\" class=\"wpcf7-form init\" aria-label=\"Contact form\" enctype=\"multipart\/form-data\" novalidate=\"novalidate\" data-status=\"init\">\n<div style=\"display: none;\">\n<input type=\"hidden\" name=\"_wpcf7\" value=\"102\" \/>\n<input type=\"hidden\" name=\"_wpcf7_version\" value=\"5.8.3\" \/>\n<input type=\"hidden\" name=\"_wpcf7_locale\" value=\"en_US\" \/>\n<input type=\"hidden\" name=\"_wpcf7_unit_tag\" value=\"wpcf7-f102-o1\" \/>\n<input type=\"hidden\" name=\"_wpcf7_container_post\" value=\"0\" \/>\n<input type=\"hidden\" name=\"_wpcf7_posted_data_hash\" value=\"\" \/>\n<input type=\"hidden\" name=\"_wpcf7_recaptcha_response\" value=\"\" \/>\n<\/div>\n<div class=\"row\"> \n <label><span class=\"label-text\">Name<\/span> \n  <span class=\"wpcf7-form-control-wrap\" data-name=\"text-full-name\"><input size=\"40\" class=\"wpcf7-form-control wpcf7-text wpcf7-validates-as-required\" aria-required=\"true\" aria-invalid=\"false\" placeholder=\"Name\" value=\"\" type=\"text\" name=\"text-full-name\" \/><\/span><\/label> \n<\/div> \n<div class=\"row\"> \n <label><span class=\"label-text\">Phone*<\/span> \n<span class=\"wpcf7-form-control-wrap\" data-name=\"phonetext-270\"><input size=\"40\" class=\"wpcf7-form-control wpcf7-phonetext wpcf7-validates-as-required wpcf7-text wpcf7-validates-as-phonetext\" aria-required=\"true\" aria-invalid=\"false\" placeholder=\"Phone*\" value=\"\" type=\"text\" name=\"phonetext-270\" \/><input type=\"hidden\" name=\"phonetext-270-country-code\" class=\"wpcf7-phonetext-country-code\" \/><\/span><\/label> \n<\/div> \n<div class=\"row\"> \n <label><span class=\"label-text\">E-mail<\/span> \n  <span class=\"wpcf7-form-control-wrap\" data-name=\"email-e-mail\"><input size=\"40\" class=\"wpcf7-form-control wpcf7-email wpcf7-validates-as-required wpcf7-text wpcf7-validates-as-email\" aria-required=\"true\" aria-invalid=\"false\" placeholder=\"E-mail\" value=\"\" type=\"email\" name=\"email-e-mail\" \/><\/span><\/label> \n<\/div> \n<div class=\"row\"><span>Your country<\/span> \n <label><span class=\"wpcf7-form-control-wrap\" data-name=\"countrytext-126\"><input size=\"40\" class=\"wpcf7-form-control wpcf7-countrytext wpcf7-text wpcf7-validates-as-countrytext\" aria-invalid=\"false\" value=\"\" type=\"text\" name=\"countrytext-126\" \/><\/span> <\/label>\n<\/div> \n<div class=\"row\"> \n <button type=\"submit\" class=\"btn\">Send<\/button> \n<\/div> \n<div class=\"row\"> \n <span class=\"wpcf7-form-control-wrap\" data-name=\"checkbox-931\"><span class=\"wpcf7-form-control wpcf7-checkbox\"><span class=\"wpcf7-list-item first\"><label><input type=\"checkbox\" name=\"checkbox-931[]\" value=\"Integrator\" \/><span class=\"wpcf7-list-item-label\">Integrator<\/span><\/label><\/span><span class=\"wpcf7-list-item\"><label><input type=\"checkbox\" name=\"checkbox-931[]\" value=\"Builder\" \/><span class=\"wpcf7-list-item-label\">Builder<\/span><\/label><\/span><span class=\"wpcf7-list-item last\"><label><input type=\"checkbox\" name=\"checkbox-931[]\" value=\"End-User\" \/><span class=\"wpcf7-list-item-label\">End-User<\/span><\/label><\/span><\/span><\/span> \n<\/div> \n<div class=\"row row-upload-file\"> \n <label class=\"upload-file-block js-upload-file\">Attach file \n  <span class=\"wpcf7-form-control-wrap\" data-name=\"file-466\"><input size=\"40\" class=\"wpcf7-form-control wpcf7-file\" accept=\"audio\/*,video\/*,image\/*\" aria-invalid=\"false\" type=\"file\" name=\"file-466\" \/><\/span><\/label> \n<\/div><input type='hidden' class='wpcf7-pum' value='{\"closepopup\":false,\"closedelay\":0,\"openpopup\":false,\"openpopup_id\":0}' \/><div class=\"wpcf7-response-output\" aria-hidden=\"true\"><\/div>\n<\/form>\n<\/div>\n            <\/div>\r\n\r\n\t\t    <div class=\"text-holder\" data-aos=\"fade-left\">\r\n\t\t\t\t\t\t    <h3 class=\"title-block\">How Can We Help?<\/h3>\r\n\t\t\t\r\n\t\t\t                <div class=\"text-block\">\r\n                    Please select a topic below related to your inquiry. If you don&#8217;t find what you need, fill out our contact form.                <\/div>\r\n\t\t\t\r\n\t\t\t\t\t\t    <ul class=\"link-list\">\r\n\t\t\t\t\t\t\t\t\t\t\t\t\t\t\t\t\t\t<li>\r\n\t\t\t\t\t\t\t\t\t\t\t\t\t\t\t\t    <strong>Get Inspired<\/strong>\r\n\t\t\t\t\t\t\t\t\t\t\t\t\t\t\t\t\t\t\t\t\t\t\t\t    <a href=\"\/features\/\">\r\n\t\t\t\t\t\t\t\t        Discover what&#8217;s beneath our intercom\t\t\t\t\t\t\t\t    <\/a>\r\n\t\t\t\t\t\t\t\t\t\t\t\t\t\t\t<\/li>\r\n\t\t\t\t\t\t\t\t\t\t\t\t\t\t\t\t\t\t\t\t\t\t\t\t<li>\r\n\t\t\t\t\t\t\t\t\t\t\t\t\t\t\t\t    <strong>Become a Partner<\/strong>\r\n\t\t\t\t\t\t\t\t\t\t\t\t\t\t\t\t\t\t\t\t\t\t\t\t    <a href=\"\/distributors\/\">\r\n\t\t\t\t\t\t\t\t        Expand your business with BAS-IP intercom\t\t\t\t\t\t\t\t    <\/a>\r\n\t\t\t\t\t\t\t\t\t\t\t\t\t\t\t<\/li>\r\n\t\t\t\t\t\t\t\t\t\t\t\t\t\t\t\t\t\t\t\t\t\t\t\t<li>\r\n\t\t\t\t\t\t\t\t\t\t\t\t\t\t\t\t    <strong>Check the Guides<\/strong>\r\n\t\t\t\t\t\t\t\t\t\t\t\t\t\t\t\t\t\t\t\t\t\t\t\t    <a href=\"\/support\/\">\r\n\t\t\t\t\t\t\t\t        Download detailed manuals and schemes\t\t\t\t\t\t\t\t    <\/a>\r\n\t\t\t\t\t\t\t\t\t\t\t\t\t\t\t<\/li>\r\n\t\t\t\t\t\t\t\t\t\t\t\t\t\t\t<\/ul>\r\n\t\t\t\r\n\t\t\t\t\t\t    <h3 class=\"title-block\">Our contacts<\/h3>\r\n\t\t\t\r\n\t\t\t\t\t\t\t<ul class=\"contact-list\">\r\n\t\t\t\t\t\t\t\t\t\t\t\t\t\t\t\t\t\t<li>\r\n\t\t\t\t\t\t\t\t\t\t\t\t\t\t\t\t\t<strong>Sales:<\/strong>\r\n\t\t\t\t\t\t\t\t\t\t\t\t\t\t\t\t\t\t\t\t\t\t\t\t    <a href=\"mailto:sales&#64;&#98;a&#115;&#45;&#105;p&#46;&#99;o&#109;\">s&#97;le&#115;&#64;b&#97;s&#45;&#105;p.c&#111;&#109;<\/a>\r\n\t\t\t\t\t\t\t\t\t\t\t\t\t\t\t<\/li>\r\n\t\t\t\t\t\t\t\t\t\t\t\t\t\t\t\t\t\t\t\t\t\t\t\t<li>\r\n\t\t\t\t\t\t\t\t\t\t\t\t\t\t\t\t\t<strong>Technical support:<\/strong>\r\n\t\t\t\t\t\t\t\t\t\t\t\t\t\t\t\t\t\t\t\t\t\t\t\t    <a href=\"mailto:sup&#112;&#111;&#114;&#116;&#64;b&#97;&#115;-&#105;&#112;&#46;&#99;&#111;&#109;\">su&#112;po&#114;t&#64;&#98;&#97;&#115;-ip&#46;&#99;om<\/a>\r\n\t\t\t\t\t\t\t\t\t\t\t\t\t\t\t<\/li>\r\n\t\t\t\t\t\t\t\t\t\t\t\t\t\t\t<\/ul>\r\n\t\t\t\t\t<\/div>\r\n\t<\/section>\r\n\r\n\r\n\r\n<!-- END Block Sign Up -->","protected":false},"excerpt":{"rendered":"<p>BAS-IP un Condo Control pazi\u0146o par integr\u0101ciju, lai uzlabotu dz\u012bvo\u0161anas pieredzi BAS-IP, vado\u0161ais IP domofonu sist\u0113mu izstr\u0101d\u0101t\u0101js, un Condo Control, viss vien\u0101 platforma, kas digitaliz\u0113 oper\u0101cijas vair\u0101k nek\u0101 2 miljoniem iedz\u012bvot\u0101ju, \u0161odien pazi\u0146oja par strat\u0113\u0123isku integr\u0101ciju. \u0160\u012b sadarb\u012bba rada vienotu patiesu avotu iedz\u012bvot\u0101ju datiem, nov\u0113r\u0161 dubl\u0113tu ievadi un nodro\u0161ina nevainojamu iedz\u012bvot\u0101ju datu sinhroniz\u0101ciju starp ab\u0101m [&hellip;]<\/p>","protected":false},"author":1,"featured_media":0,"parent":0,"menu_order":0,"comment_status":"closed","ping_status":"closed","template":"page-custom-breadcrumbs.php","meta":{"inline_featured_image":false,"footnotes":""},"class_list":["post-140955","page","type-page","status-publish","hentry"],"acf":[],"_links":{"self":[{"href":"https:\/\/bas-ip.com\/lv\/wp-json\/wp\/v2\/pages\/140955","targetHints":{"allow":["GET"]}}],"collection":[{"href":"https:\/\/bas-ip.com\/lv\/wp-json\/wp\/v2\/pages"}],"about":[{"href":"https:\/\/bas-ip.com\/lv\/wp-json\/wp\/v2\/types\/page"}],"author":[{"embeddable":true,"href":"https:\/\/bas-ip.com\/lv\/wp-json\/wp\/v2\/users\/1"}],"replies":[{"embeddable":true,"href":"https:\/\/bas-ip.com\/lv\/wp-json\/wp\/v2\/comments?post=140955"}],"version-history":[{"count":3,"href":"https:\/\/bas-ip.com\/lv\/wp-json\/wp\/v2\/pages\/140955\/revisions"}],"predecessor-version":[{"id":140983,"href":"https:\/\/bas-ip.com\/lv\/wp-json\/wp\/v2\/pages\/140955\/revisions\/140983"}],"wp:attachment":[{"href":"https:\/\/bas-ip.com\/lv\/wp-json\/wp\/v2\/media?parent=140955"}],"curies":[{"name":"wp","href":"https:\/\/api.w.org\/{rel}","templated":true}]}}