{"id":133980,"date":"2023-03-27T09:32:04","date_gmt":"2023-03-27T09:32:04","guid":{"rendered":"https:\/\/bas-ip.com\/medical\/"},"modified":"2025-03-24T08:42:20","modified_gmt":"2025-03-24T08:42:20","slug":"medical","status":"publish","type":"page","link":"https:\/\/bas-ip.com\/lv\/medical\/","title":{"rendered":"Slimn\u012bc\u0101m\/Medic\u012bnas iest\u0101d\u0113m"},"content":{"rendered":"<h1 class=\"wp-block-heading\"><strong>Slimn\u012bcu domofonu sist\u0113ma, ko pied\u0101v\u0101 BAS-IP\u00a0\u2014 paaugstin\u0101t pacientu apr\u016bpi<\/strong><\/h1>\n\n\n\n<p>Medic\u012bnas nozare nep\u0101rtraukti att\u012bst\u0101s, lai nodro\u0161in\u0101tu pacientiem vislab\u0101ko iesp\u0113jamo apr\u016bpi. T\u0101 k\u0101 komunik\u0101cijai ir iz\u0161\u0137iro\u0161a loma efekt\u012bvas un dro\u0161as medic\u012bnisk\u0101s pal\u012bdz\u012bbas snieg\u0161an\u0101, moderniz\u0101cija uz modernu slimn\u012bcas interkomu sist\u0113mu ir nepiecie\u0161ama. BAS-IP inov\u0101ciju medic\u012bnas interkomu sist\u0113mas, kas izstr\u0101d\u0101tas \u012bpa\u0161i t\u012braj\u0101m telp\u0101m un medic\u012bnas iest\u0101d\u0113m, pied\u0101v\u0101 nep\u0101rsp\u0113jamu \u0113rt\u012bbu un uzticam\u012bbu vesel\u012bbas apr\u016bpes profesion\u0101\u013ciem un vi\u0146u pacientiem. \u0160aj\u0101 rakst\u0101 m\u0113s izp\u0113t\u012bsim BAS-IP slimn\u012bcas interkoma funkcijas un priek\u0161roc\u012bbas, k\u0101 ar\u012b to, k\u0101 \u0161\u012b sist\u0113ma var revol\u016bciju veikt medic\u012bnas iest\u0101\u017eu darb\u012bb\u0101.<\/p>\n\n\n\n<h2 class=\"wp-block-heading\"><strong>BAS-IP slimn\u012bcas domofona jauda<\/strong><\/h2>\n\n\n<!-- START Block Features --><section id=\"block_64304f018b5e4\" class=\"features-section\">\r\n\t\r\n    <div class=\"features-list\">\r\n                    <div class=\"features-item\" data-aos=\"fade-up\">\r\n    <div class=\"features-box\">\r\n                    <div class=\"image-holder\">\r\n                <img loading=\"lazy\" decoding=\"async\" width=\"350\" height=\"320\" src=\"https:\/\/bas-ip.com\/wp-content\/uploads\/2023\/04\/1-2-350x320.jpg\" class=\"attachment-thumbnail_350x320 size-thumbnail_350x320\" alt=\"\" \/>            <\/div>\r\n        \r\n        <div class=\"text-holder\">\r\n                        <h3 class=\"title-block\">Nevainojama integr\u0101cija ar IP lok\u0101lajiem t\u012bkliem<\/h3>\r\n          \r\n                        <div class=\"text-block\">\r\n                <p>Viens no b\u016btiskajiem BAS-IP medic\u012bnas interkomu sist\u0113mu priek\u0161roc\u012bb\u0101m ir to sp\u0113ja darboties bez trauc\u0113jumiem vien\u0101 un taj\u0101 pa\u0161\u0101 IP viet\u0113j\u0101 t\u012bkl\u0101. \u0160\u012b sader\u012bba nodro\u0161ina vienm\u0113r\u012bgu sazi\u0146u starp da\u017e\u0101d\u0101m interkomu ier\u012bc\u0113m, samazinot aizkavi un uzlabojot kop\u0113jo efektivit\u0101ti.<\/p>\n              <\/div>\r\n                  <\/div>\r\n    <\/div>\r\n<\/div>\r\n                    <div class=\"features-item\" data-aos=\"fade-up\">\r\n    <div class=\"features-box\">\r\n                    <div class=\"image-holder\">\r\n                <img loading=\"lazy\" decoding=\"async\" width=\"350\" height=\"320\" src=\"https:\/\/bas-ip.com\/wp-content\/uploads\/2023\/04\/2-2-350x320.jpg\" class=\"attachment-thumbnail_350x320 size-thumbnail_350x320\" alt=\"\" \/>            <\/div>\r\n        \r\n        <div class=\"text-holder\">\r\n                        <h3 class=\"title-block\">Papildu funkcijas uzlabotai komunik\u0101cijai<\/h3>\r\n          \r\n                        <div class=\"text-block\">\r\n                <p>BAS-IP pied\u0101v\u0101 pla\u0161u unik\u0101lu funkciju kl\u0101stu sav\u0101m slimn\u012bcas interkomu sist\u0113m\u0101m, kas at\u0161\u0137ir t\u0101s no konkurentiem. Da\u017eas no \u0161\u012bm funkcij\u0101m ietver HD videozvanu iesp\u0113jas, piek\u013cuves kontroli un sader\u012bbu ar da\u017e\u0101d\u0101m IP ier\u012bc\u0113m, nodro\u0161inot vienk\u0101r\u0161otu komunik\u0101ciju un paaugstin\u0101tu dro\u0161\u012bbu medic\u012bnas iest\u0101d\u0113m.<\/p>\n              <\/div>\r\n                  <\/div>\r\n    <\/div>\r\n<\/div>\r\n                    <div class=\"features-item\" data-aos=\"fade-up\">\r\n    <div class=\"features-box\">\r\n                    <div class=\"image-holder\">\r\n                <img loading=\"lazy\" decoding=\"async\" width=\"350\" height=\"320\" src=\"https:\/\/bas-ip.com\/wp-content\/uploads\/2023\/04\/3-2-350x320.jpg\" class=\"attachment-thumbnail_350x320 size-thumbnail_350x320\" alt=\"\" \/>            <\/div>\r\n        \r\n        <div class=\"text-holder\">\r\n                        <h3 class=\"title-block\">T\u012bras telpas domofona iesp\u0113jas<\/h3>\r\n          \r\n                        <div class=\"text-block\">\r\n                <p>T\u012br\u0101s telpas prasa stingras higi\u0113nas pras\u012bbas, un BAS-IP slimn\u012bcas interkomu sist\u0113ma ir izstr\u0101d\u0101ta, lai atbilstu \u0161\u012bm pras\u012bb\u0101m. T\u012br\u0101s telpas interkoms nodro\u0161ina nep\u0101rtrauktu sazi\u0146u starp vesel\u012bbas apr\u016bpes profesion\u0101\u013ciem, nezaud\u0113jot \u0161o specializ\u0113to vidi sterilit\u0101ti un dro\u0161\u012bbu.<\/p>\n              <\/div>\r\n                  <\/div>\r\n    <\/div>\r\n<\/div>\r\n            <\/div>\r\n<\/section>\r\n<!-- END Block Features -->\n\n\n<h2 class=\"wp-block-heading\"><strong>BAS-IP augstas kvalit\u0101tes aparat\u016bras komponenti<\/strong><\/h2>\n\n\n<!-- START Block Features --><section id=\"block_64304f888b5e8\" class=\"features-section\">\r\n\t\r\n    <div class=\"features-list\">\r\n                    <div class=\"features-item\" data-aos=\"fade-up\">\r\n    <div class=\"features-box\">\r\n                    <div class=\"image-holder\">\r\n                <img loading=\"lazy\" decoding=\"async\" width=\"350\" height=\"320\" src=\"https:\/\/bas-ip.com\/wp-content\/uploads\/2023\/04\/4-2-350x320.jpg\" class=\"attachment-thumbnail_350x320 size-thumbnail_350x320\" alt=\"\" \/>            <\/div>\r\n        \r\n        <div class=\"text-holder\">\r\n                        <h3 class=\"title-block\">AV-04AFD\u00a0\u2014 lab\u0101k\u0101 domofona ier\u012bce<\/h3>\r\n          \r\n                        <div class=\"text-block\">\r\n                <p>AV-04AFD ir daudzfunkcion\u0101la interkomu ier\u012bce, kas izstr\u0101d\u0101ta, lai nodro\u0161in\u0101tu augst\u0101k\u0101s kvalit\u0101tes veiktsp\u0113ju medic\u012bnas iest\u0101d\u0113m. Ar HD audiozvanu iesp\u0113j\u0101m, piek\u013cuves kontroles integr\u0101ciju un sader\u012bbu ar da\u017e\u0101d\u0101m IP ier\u012bc\u0113m, t\u0101 pied\u0101v\u0101 nep\u0101rsp\u0113jamu komunik\u0101cijas un dro\u0161\u012bbas funkcionalit\u0101ti eleganti modern\u0101 dizain\u0101.<\/p>\n              <\/div>\r\n                  <\/div>\r\n    <\/div>\r\n<\/div>\r\n                    <div class=\"features-item\" data-aos=\"fade-up\">\r\n    <div class=\"features-box\">\r\n                    <div class=\"image-holder\">\r\n                <img loading=\"lazy\" decoding=\"async\" width=\"350\" height=\"320\" src=\"https:\/\/bas-ip.com\/wp-content\/uploads\/2023\/04\/5-3-350x320.jpg\" class=\"attachment-thumbnail_350x320 size-thumbnail_350x320\" alt=\"\" \/>            <\/div>\r\n        \r\n        <div class=\"text-holder\">\r\n                        <h3 class=\"title-block\">AM-02\u00a0\u2014 efekt\u012bvs konsjer\u017ea termin\u0101lis<\/h3>\r\n          \r\n                        <div class=\"text-block\">\r\n                <p>AM-02 konsjer\u017ea termin\u0101lis nodro\u0161ina skaidru un uzticamu komunik\u0101ciju starp vesel\u012bbas apr\u016bpes profesion\u0101\u013ciem. \u0160\u012b viegli uzst\u0101d\u0101m\u0101 ier\u012bce var tikt nevainojami integr\u0113ta slimn\u012bcas interkomu sist\u0113m\u0101, pied\u0101v\u0101jot efekt\u012bvu un izmaksu zi\u0146\u0101 izdev\u012bgu risin\u0101jumu medic\u012bnas iest\u0101d\u0113m.<\/p>\n              <\/div>\r\n                  <\/div>\r\n    <\/div>\r\n<\/div>\r\n                    <div class=\"features-item\" data-aos=\"fade-up\">\r\n    <div class=\"features-box\">\r\n                    <div class=\"image-holder\">\r\n                <img loading=\"lazy\" decoding=\"async\" width=\"350\" height=\"320\" src=\"https:\/\/bas-ip.com\/wp-content\/uploads\/2023\/04\/6-2-350x320.jpg\" class=\"attachment-thumbnail_350x320 size-thumbnail_350x320\" alt=\"\" \/>            <\/div>\r\n        \r\n        <div class=\"text-holder\">\r\n                        <h3 class=\"title-block\">SH-31TM \u2014 ievades pane\u013ca temperat\u016bras modulis<\/h3>\r\n          \r\n                        <div class=\"text-block\">\r\n                <p>Durvju interkoma temperat\u016bras modulis ar bezkontakta plaukstas temperat\u016bras m\u0113r\u012bjumu ir svar\u012bga slimn\u012bcas interkomu sist\u0113mas sast\u0101vda\u013ca. \u0160\u012b inovat\u012bv\u0101 ier\u012bce apvieno piek\u013cuves kontroli un vesel\u012bbas p\u0101rbaudes funkcijas, nodro\u0161inot dro\u0161u un aizsarg\u0101tu vidi gan pacientiem, gan person\u0101lam vesel\u012bbas apr\u016bpes iest\u0101d\u0113s.<\/p>\n              <\/div>\r\n                  <\/div>\r\n    <\/div>\r\n<\/div>\r\n            <\/div>\r\n<\/section>\r\n<!-- END Block Features -->\n\n<!-- START Block FAQ --><section id=\"block_642163c6f4e28\" class=\"faq-section\">\r\n\t\t    <h2 class=\"title-section\" data-aos=\"fade-right\">Bie\u017ei uzdotie jaut\u0101jumi (FAQ)<\/h2>\r\n\t\t\t    <div class=\"faq-list js-accordion\" data-aos=\"fade-up\">\r\n\t\t\t\t\t\t\t\t\t\t\t    <div class=\"accordion-item faq-item\">\r\n                        <div class=\"accordion-opener\">\r\n                            Q: K\u0101 BAS-IP slimn\u012bcas domofonu sist\u0113ma uzlabo medic\u012bnas iest\u0101\u017eu efektivit\u0101ti?                            <i class=\"fa-solid fa-chevron-down\"><\/i>\r\n                        <\/div>\r\n                        <div class=\"accordion-slide\">\r\n\t\t\t\t\t\t    <p>BAS-IP slimn\u012bcas interkomu sist\u0113ma \u013cauj vesel\u012bbas apr\u016bpes profesion\u0101\u013ciem sazin\u0101ties nevainojami un dro\u0161i, palielinot kop\u0113jo efektivit\u0101ti. Integr\u0113jot progres\u012bvas funkcijas, piem\u0113ram, HD audio un videozvanu iesp\u0113jas, piek\u013cuves kontroli un sader\u012bbu ar da\u017e\u0101d\u0101m IP ier\u012bc\u0113m, sist\u0113ma vienk\u0101r\u0161o komunik\u0101ciju un samazina atbildes laiku kritisk\u0101s situ\u0101cij\u0101s.<\/p>\n                        <\/div>\r\n\t\t\t\t\t<\/div>\r\n\t\t\t\t\t\t\t\t\t\t\t\t\t\t\t    <div class=\"accordion-item faq-item\">\r\n                        <div class=\"accordion-opener\">\r\n                            Q: Vai BAS-IP slimn\u012bcas domofonu sist\u0113mu var piel\u0101got konkr\u0113tas medic\u012bnas iest\u0101des pras\u012bb\u0101m?                            <i class=\"fa-solid fa-chevron-down\"><\/i>\r\n                        <\/div>\r\n                        <div class=\"accordion-slide\">\r\n\t\t\t\t\t\t    <p>J\u0101, BAS-IP slimn\u012bcas interkomu sist\u0113mu var piel\u0101got, lai atbilstu konkr\u0113t\u0101m medic\u012bnas iest\u0101des vajadz\u012bb\u0101m. T\u0101 sader\u012bba ar da\u017e\u0101d\u0101m IP ier\u012bc\u0113m un nevainojam\u0101 integr\u0101cija ar IP viet\u0113jiem t\u012bkliem nodro\u0161ina, ka sist\u0113ma var tikt piel\u0101gota, lai nodro\u0161in\u0101tu visefekt\u012bv\u0101ko un visefekt\u012bv\u0101ko komunik\u0101cijas risin\u0101jumu j\u016bsu iest\u0101dei.<\/p>\n                        <\/div>\r\n\t\t\t\t\t<\/div>\r\n\t\t\t\t\t\t\t\t\t\t\t\t\t\t\t    <div class=\"accordion-item faq-item\">\r\n                        <div class=\"accordion-opener\">\r\n                            Q: Kas padara BAS-IP t\u012br\u0101s telpas domofonu piem\u0113rotu sterilai videi?                            <i class=\"fa-solid fa-chevron-down\"><\/i>\r\n                        <\/div>\r\n                        <div class=\"accordion-slide\">\r\n\t\t\t\t\t\t    <p>BAS-IP t\u012br\u0101s telpas interkoms ir izstr\u0101d\u0101ts, lai atbilstu stingraj\u0101m higi\u0113nas pras\u012bb\u0101m, kas nepiecie\u0161amas sterilos apst\u0101k\u013cos. Sist\u0113ma nodro\u0161ina nep\u0101rtrauktu komunik\u0101ciju, nezaud\u0113jot t\u012br\u012bbas un dro\u0161\u012bbas pras\u012bbas t\u012braj\u0101s telp\u0101s, padarot to par ide\u0101lu izv\u0113li medic\u012bnas iest\u0101d\u0113m ar stingr\u0101m higi\u0113nas pras\u012bb\u0101m.<\/p>\n                        <\/div>\r\n\t\t\t\t\t<\/div>\r\n\t\t\t\t\t\t\t\t\t\t\t\t\t\t\t    <div class=\"accordion-item faq-item\">\r\n                        <div class=\"accordion-opener\">\r\n                            Q: Cik viegli ir uzst\u0101d\u012bt un uztur\u0113t BAS-IP slimn\u012bcas domofonu sist\u0113mu?                            <i class=\"fa-solid fa-chevron-down\"><\/i>\r\n                        <\/div>\r\n                        <div class=\"accordion-slide\">\r\n\t\t\t\t\t\t    <p>BAS-IP slimn\u012bcas interkomu sist\u0113ma ir izstr\u0101d\u0101ta, lai nodro\u0161in\u0101tu vieglu uzst\u0101d\u012b\u0161anu un apkopi. Sist\u0113mas nevainojam\u0101 integr\u0101cija ar IP viet\u0113jiem t\u012bkliem vienk\u0101r\u0161o uzst\u0101d\u012b\u0161anas procesu, kam\u0113r t\u0101s augstas kvalit\u0101tes aparat\u016bras komponenti, piem\u0113ram, AV-04AFD un AM-02, nodro\u0161ina uzticam\u012bbu un iztur\u012bbu ilgtermi\u0146a lieto\u0161anai.<\/p>\n                        <\/div>\r\n\t\t\t\t\t<\/div>\r\n\t\t\t\t\t\t\t\t\t<\/div>\r\n\t<\/section>\r\n<!-- END Block FAQ -->\n\n\n<p>BAS-IP slimn\u012bcas interkomu sist\u0113ma pied\u0101v\u0101 progres\u012bvu komunik\u0101cijas risin\u0101jumu medic\u012bnas iest\u0101d\u0113m, uzlabojot efektivit\u0101ti, dro\u0161\u012bbu un higi\u0113nu. Veiciet jaunin\u0101jumu uz BAS-IP slimn\u012bcas interkomu sist\u0113mu jau \u0161odien un izbaudiet at\u0161\u0137ir\u012bbu j\u016bsu vesel\u012bbas apr\u016bpes iest\u0101des komunik\u0101cij\u0101 un darb\u012bb\u0101.<\/p>","protected":false},"excerpt":{"rendered":"<p>Slimn\u012bcu domofonu sist\u0113ma, ko pied\u0101v\u0101 BAS-IP\u00a0\u2014 paaugstin\u0101t pacientu apr\u016bpi Medic\u012bnas nozare nep\u0101rtraukti att\u012bst\u0101s, lai nodro\u0161in\u0101tu pacientiem vislab\u0101ko iesp\u0113jamo apr\u016bpi. T\u0101 k\u0101 komunik\u0101cijai ir iz\u0161\u0137iro\u0161a loma efekt\u012bvas un dro\u0161as medic\u012bnisk\u0101s pal\u012bdz\u012bbas snieg\u0161an\u0101, moderniz\u0101cija uz modernu slimn\u012bcas interkomu sist\u0113mu ir nepiecie\u0161ama. BAS-IP inov\u0101ciju medic\u012bnas interkomu sist\u0113mas, kas izstr\u0101d\u0101tas \u012bpa\u0161i t\u012braj\u0101m telp\u0101m un medic\u012bnas iest\u0101d\u0113m, pied\u0101v\u0101 nep\u0101rsp\u0113jamu \u0113rt\u012bbu [&hellip;]<\/p>","protected":false},"author":1,"featured_media":0,"parent":0,"menu_order":0,"comment_status":"closed","ping_status":"closed","template":"","meta":{"inline_featured_image":false,"footnotes":""},"class_list":["post-133980","page","type-page","status-publish","hentry"],"acf":[],"_links":{"self":[{"href":"https:\/\/bas-ip.com\/lv\/wp-json\/wp\/v2\/pages\/133980","targetHints":{"allow":["GET"]}}],"collection":[{"href":"https:\/\/bas-ip.com\/lv\/wp-json\/wp\/v2\/pages"}],"about":[{"href":"https:\/\/bas-ip.com\/lv\/wp-json\/wp\/v2\/types\/page"}],"author":[{"embeddable":true,"href":"https:\/\/bas-ip.com\/lv\/wp-json\/wp\/v2\/users\/1"}],"replies":[{"embeddable":true,"href":"https:\/\/bas-ip.com\/lv\/wp-json\/wp\/v2\/comments?post=133980"}],"version-history":[{"count":4,"href":"https:\/\/bas-ip.com\/lv\/wp-json\/wp\/v2\/pages\/133980\/revisions"}],"predecessor-version":[{"id":134031,"href":"https:\/\/bas-ip.com\/lv\/wp-json\/wp\/v2\/pages\/133980\/revisions\/134031"}],"wp:attachment":[{"href":"https:\/\/bas-ip.com\/lv\/wp-json\/wp\/v2\/media?parent=133980"}],"curies":[{"name":"wp","href":"https:\/\/api.w.org\/{rel}","templated":true}]}}