{"id":133773,"date":"2023-03-27T16:07:41","date_gmt":"2023-03-27T16:07:41","guid":{"rendered":"https:\/\/bas-ip.com\/gates\/"},"modified":"2025-03-18T11:47:47","modified_gmt":"2025-03-18T11:47:47","slug":"gates","status":"publish","type":"page","link":"https:\/\/bas-ip.com\/lv\/gates\/","title":{"rendered":"V\u0101rti"},"content":{"rendered":"<h1 class=\"wp-block-heading\"><strong>V\u0101rtu domofonu sist\u0113ma: uzlabojiet savu dro\u0161\u012bbu<\/strong><\/h1>\n\n\n\n<p>Laipni l\u016bdzam \u012bpa\u0161umu piek\u013cuves vad\u012bbas n\u0101kotn\u0113, kur \u0113rt\u012bbas, dro\u0161\u012bba un modern\u0101k\u0101s tehnolo\u0123ijas apvienojas. Ar BAS-IP v\u0101rtu domofonu sist\u0113mu j\u016bs varat izbaud\u012bt nep\u0101rsp\u0113jamu kontroli p\u0101r j\u016bsu \u012bpa\u0161uma piek\u013cuves punktiem. Neatkar\u012bgi no t\u0101, vai tas ir dz\u012bvojamais nams, daudzdz\u012bvok\u013cu komplekss vai komerci\u0101la \u0113ka, m\u016bsu domofonu v\u0101rtu sist\u0113mas pied\u0101v\u0101 unik\u0101las funkcijas, kas atbilst j\u016bsu katr\u0101m vajadz\u012bb\u0101m. M\u0113s iedzi\u013cin\u0101simies BAS-IP v\u0101rtu domofona galvenaj\u0101s funkcij\u0101s un priek\u0161roc\u012bb\u0101s, sniedzot jums visu nepiecie\u0161amo inform\u0101ciju, lai pie\u0146emtu apzin\u0101tu l\u0113mumu.<\/p>\n\n\n\n<h2 class=\"wp-block-heading\"><strong>K\u0101p\u0113c izv\u0113l\u0113ties BAS-IP domofonu v\u0101rtu sist\u0113mu?<\/strong><\/h2>\n\n\n\n<p>BAS-IP v\u0101rtu domofonu sist\u0113mas pied\u0101v\u0101 daudz funkciju, kas t\u0101s at\u0161\u0137ir no tradicion\u0101lajiem v\u0101rtu domofoniem. \u0160eit ir da\u017ei no galvenajiem ieguvumiem, izv\u0113loties BAS-IP priek\u0161\u0113jo v\u0101rtu domofonu sist\u0113mu:<\/p>\n\n\n<!-- START Block Features --><section id=\"block_6430528dc3f3e\" class=\"features-section\">\r\n\t\r\n    <div class=\"features-list\">\r\n                    <div class=\"features-item\" data-aos=\"fade-up\">\r\n    <div class=\"features-box\">\r\n                    <div class=\"image-holder\">\r\n                <img loading=\"lazy\" decoding=\"async\" width=\"350\" height=\"320\" src=\"https:\/\/bas-ip.com\/wp-content\/uploads\/2023\/04\/1-3-350x320.jpg\" class=\"attachment-thumbnail_350x320 size-thumbnail_350x320\" alt=\"\" \/>            <\/div>\r\n        \r\n        <div class=\"text-holder\">\r\n                        <h3 class=\"title-block\">Nevainojama integr\u0101cija IP lok\u0101laj\u0101 t\u012bkl\u0101<\/h3>\r\n          \r\n                        <div class=\"text-block\">\r\n                <p>BAS-IP v\u0101rtu domofonu sist\u0113mas ir izstr\u0101d\u0101tas, lai vienm\u0113r\u012bgi darbotos vien\u0101 IP lok\u0101laj\u0101 t\u012bkl\u0101, nodro\u0161inot vienk\u0101r\u0161u uzst\u0101d\u012b\u0161anu un konfigur\u0113\u0161anu. \u0160\u012b nevainojam\u0101 integr\u0101cija \u013cauj jums bez piep\u016bles iek\u013caut j\u016bsu domofonu sist\u0113mu eso\u0161aj\u0101 t\u012bkla infrastrukt\u016br\u0101, samazinot sader\u012bbas probl\u0113mas un sare\u017e\u0123\u012bt\u012bbu.<\/p>\n              <\/div>\r\n                  <\/div>\r\n    <\/div>\r\n<\/div>\r\n                    <div class=\"features-item\" data-aos=\"fade-up\">\r\n    <div class=\"features-box\">\r\n                    <div class=\"image-holder\">\r\n                <img loading=\"lazy\" decoding=\"async\" width=\"350\" height=\"320\" src=\"https:\/\/bas-ip.com\/wp-content\/uploads\/2023\/04\/2-3-350x320.jpg\" class=\"attachment-thumbnail_350x320 size-thumbnail_350x320\" alt=\"\" \/>            <\/div>\r\n        \r\n        <div class=\"text-holder\">\r\n                        <h3 class=\"title-block\">T\u0101lsatiksmes savienojums<\/h3>\r\n          \r\n                        <div class=\"text-block\">\r\n                <p>Viena no BAS-IP v\u0101rtu domofonu sist\u0113mu iev\u0113rojam\u0101kaj\u0101m \u012bpa\u0161\u012bb\u0101m ir to sp\u0113ja darboties lielos att\u0101lumos. \u0160\u012b funkcija padara t\u0101s par ide\u0101lu risin\u0101jumu pla\u0161iem \u012bpa\u0161umiem, lieliem dz\u012bvojamo m\u0101ju kompleksiem vai komerci\u0101liem objektiem, kur piek\u013cuves punkti ir izvietoti t\u0101lu viens no otra. Izmantojot BAS-IP v\u0101rtu domofonu risin\u0101jumus, j\u016bs varat nodro\u0161in\u0101t dro\u0161u sazi\u0146u un kontroli vis\u0101 sav\u0101 teritorij\u0101, neatkar\u012bgi no att\u0101luma.<\/p>\n              <\/div>\r\n                  <\/div>\r\n    <\/div>\r\n<\/div>\r\n                    <div class=\"features-item\" data-aos=\"fade-up\">\r\n    <div class=\"features-box\">\r\n                    <div class=\"image-holder\">\r\n                <img loading=\"lazy\" decoding=\"async\" width=\"350\" height=\"320\" src=\"https:\/\/bas-ip.com\/wp-content\/uploads\/2023\/04\/3-3-350x320.jpg\" class=\"attachment-thumbnail_350x320 size-thumbnail_350x320\" alt=\"\" \/>            <\/div>\r\n        \r\n        <div class=\"text-holder\">\r\n                        <h3 class=\"title-block\">Uz datoru balst\u012bta v\u0101rtu vad\u012bba<\/h3>\r\n          \r\n                        <div class=\"text-block\">\r\n                <p>BAS-IP v\u0101rtu domofonu sist\u0113mas pied\u0101v\u0101 elast\u012bbu atv\u0113rt un p\u0101rvald\u012bt j\u016bsu v\u0101rtus no datora. Tas noz\u012bm\u0113, ka j\u016bs varat kontrol\u0113t piek\u013cuvi att\u0101lin\u0101ti un \u0113rti, bez nepiecie\u0161am\u012bbas p\u0113c \u012bpa\u0161a fiziska interfeisa. Neatkar\u012bgi no t\u0101, vai atrodaties m\u0101j\u0101s vai biroj\u0101, jums b\u016bs piln\u012bga kontrole p\u0101r j\u016bsu \u012bpa\u0161uma piek\u013cuves punktiem tie\u0161i j\u016bsu rok\u0101s.<\/p>\n              <\/div>\r\n                  <\/div>\r\n    <\/div>\r\n<\/div>\r\n                    <div class=\"features-item\" data-aos=\"fade-up\">\r\n    <div class=\"features-box\">\r\n                    <div class=\"image-holder\">\r\n                <img loading=\"lazy\" decoding=\"async\" width=\"350\" height=\"320\" src=\"https:\/\/bas-ip.com\/wp-content\/uploads\/2023\/04\/4-3-350x320.jpg\" class=\"attachment-thumbnail_350x320 size-thumbnail_350x320\" alt=\"\" \/>            <\/div>\r\n        \r\n        <div class=\"text-holder\">\r\n                        <h3 class=\"title-block\">Divk\u0101r\u0161\u0101s blo\u0137\u0113\u0161anas modulis vair\u0101ku v\u0101rtu p\u0101rvald\u012bbai<\/h3>\r\n          \r\n                        <div class=\"text-block\">\r\n                <p>BAS-IP SH-42 divk\u0101r\u0161\u0101s sl\u0113dzenes modulis \u013cauj vienlaikus kontrol\u0113t divus v\u0101rtus, izmantojot vienu v\u0101rtu domofonu sist\u0113mu. \u0160\u012b funkcija ir lieliski piem\u0113rota \u012bpa\u0161umiem ar vair\u0101kiem piek\u013cuves punktiem vai atsevi\u0161\u0137\u0101m g\u0101j\u0113ju un transportl\u012bdzek\u013cu ieej\u0101m, nodro\u0161inot efekt\u012bvu visu j\u016bsu v\u0101rtu p\u0101rvald\u012bbu no vienas centraliz\u0113tas sist\u0113mas.<\/p>\n              <\/div>\r\n                  <\/div>\r\n    <\/div>\r\n<\/div>\r\n                    <div class=\"features-item\" data-aos=\"fade-up\">\r\n    <div class=\"features-box\">\r\n                    <div class=\"image-holder\">\r\n                <img loading=\"lazy\" decoding=\"async\" width=\"350\" height=\"320\" src=\"https:\/\/bas-ip.com\/wp-content\/uploads\/2023\/04\/5-4-350x320.jpg\" class=\"attachment-thumbnail_350x320 size-thumbnail_350x320\" alt=\"\" \/>            <\/div>\r\n        \r\n        <div class=\"text-holder\">\r\n                        <h3 class=\"title-block\">Integr\u0101cija ar eso\u0161aj\u0101m IP videonov\u0113ro\u0161anas sist\u0113m\u0101m<\/h3>\r\n          \r\n                        <div class=\"text-block\">\r\n                <p>BAS-IP v\u0101rtu video domofonu sist\u0113mas var viegli integr\u0113t ar j\u016bsu eso\u0161o IP videonov\u0113ro\u0161anas infrastrukt\u016bru. Tas \u013cauj jums uzraudz\u012bt un kontrol\u0113t j\u016bsu \u012bpa\u0161uma piek\u013cuves punktus, izmantojot to pa\u0161u saskarni, ko izmanto j\u016bsu dro\u0161\u012bbas kameras, t\u0101d\u0113j\u0101di racionaliz\u0113jot j\u016bsu dro\u0161\u012bbas p\u0101rvald\u012bbu un uzlabojot kop\u0113jo efektivit\u0101ti.<\/p>\n              <\/div>\r\n                  <\/div>\r\n    <\/div>\r\n<\/div>\r\n                    <div class=\"features-item\" data-aos=\"fade-up\">\r\n    <div class=\"features-box\">\r\n                    <div class=\"image-holder\">\r\n                <img loading=\"lazy\" decoding=\"async\" width=\"350\" height=\"320\" src=\"https:\/\/bas-ip.com\/wp-content\/uploads\/2023\/04\/6-3-350x320.jpg\" class=\"attachment-thumbnail_350x320 size-thumbnail_350x320\" alt=\"\" \/>            <\/div>\r\n        \r\n        <div class=\"text-holder\">\r\n                        <h3 class=\"title-block\">Numura z\u012bmju atpaz\u012b\u0161anas integr\u0101cija<\/h3>\r\n          \r\n                        <div class=\"text-block\">\r\n                <p>BAS-IP ieejas pane\u013cus var integr\u0113t ar numura z\u012bmju atpaz\u012b\u0161anas kamer\u0101m, \u013caujot automatiz\u0113t piek\u013cuvi iepriek\u0161 autoriz\u0113tiem transportl\u012bdzek\u013ciem. \u0160\u012b uzlabot\u0101 funkcija iev\u0113rojami palielina dro\u0161\u012bbu un \u0113rt\u012bbas, autom\u0101tiski atverot barjeras autoriz\u0113tiem transportl\u012bdzek\u013ciem, samazinot gaid\u012b\u0161anas laiku un samazinot nepiecie\u0161am\u012bbu p\u0113c manu\u0101las piek\u013cuves kontroles.<\/p>\n              <\/div>\r\n                  <\/div>\r\n    <\/div>\r\n<\/div>\r\n            <\/div>\r\n<\/section>\r\n<!-- END Block Features -->\n\n\n<h2 class=\"wp-block-heading\"><strong>Savietojams ar da\u017e\u0101da veida v\u0101rtiem<\/strong><\/h2>\n\n\n\n<p>BAS-IP v\u0101rtu domofonus var integr\u0113t ar da\u017e\u0101diem v\u0101rtu meh\u0101nismiem, nodro\u0161inot lietot\u0101jiem vienm\u0113r\u012bgu sazi\u0146as pieredzi:<\/p>\n\n\n\n<ol class=\"wp-block-list\">\n<li><strong>V\u0113rt\u0146u v\u0101rti:<\/strong> \u0160ie v\u0101rti atveras un aizveras ar \u0161\u016bpo\u0161an\u0101s kust\u012bbu, uz iek\u0161u vai \u0101ru. Tie ir popul\u0101ri dz\u012bvojam\u0101s un komerci\u0101l\u0101s zon\u0101s, pateicoties to klasiskajam izskatam un lieto\u0161anas vienk\u0101r\u0161\u012bbai.<\/li>\n\n\n\n<li><strong>B\u012bd\u0101mie v\u0101rti:<\/strong> Parasti izmanto komerci\u0101los un r\u016bpnieciskos apst\u0101k\u013cos, b\u012bd\u0101mie v\u0101rti p\u0101rvietojas horizont\u0101li pa sliedi, lai atv\u0113rtos un aizv\u0113rtos.<\/li>\n\n\n\n<li><strong>Barjeras v\u0101rti (\u0161lagbaumi):<\/strong> Bie\u017ei sastopami autost\u0101vviet\u0101s un piek\u013cuves kontrol\u0113t\u0101s zon\u0101s, barjeras v\u0101rti izmanto vertik\u0101lu sviru, lai kontrol\u0113tu iebrauk\u0161anu un izbrauk\u0161anu.<\/li>\n\n\n\n<li><strong>Salok\u0101mie v\u0101rti:<\/strong> \u0160ie v\u0101rti sast\u0101v no diviem pane\u013ciem, kas salok\u0101s kop\u0101, atveroties, ietaupot vietu un nodro\u0161inot stil\u012bgu izskatu.<\/li>\n\n\n\n<li><strong>Vertik\u0101lie pacel\u0161anas v\u0101rti:<\/strong> Parasti izmanto augstas dro\u0161\u012bbas zon\u0101s, vertik\u0101lie pacel\u0161anas v\u0101rti p\u0101rvietojas uz aug\u0161u un uz leju, lai atv\u0113rtos un aizv\u0113rtos.<\/li>\n\n\n\n<li><strong>Turniketi:<\/strong> Izplat\u012bti sabiedrisk\u0101 transporta mezglos un da\u017e\u0101s komerci\u0101l\u0101s \u0113k\u0101s, turniketi kontrol\u0113 piek\u013cuvi, \u013caujot iziet tikai vienai personai vienlaikus.<\/li>\n\n\n\n<li><strong>G\u0101j\u0113ju v\u0101rti:<\/strong> \u0160ie v\u0101rti ir paredz\u0113ti \u012bpa\u0161i g\u0101j\u0113ju kust\u012bbai un ir sastopami da\u017e\u0101d\u0101s viet\u0101s, piem\u0113ram, dz\u012bvojamos rajonos, parkos vai komerci\u0101los kompleksos.<\/li>\n<\/ol>\n\n\n\n<p>BAS-IP domofona piel\u0101gojam\u012bba padara to par ide\u0101lu izv\u0113li pla\u0161am v\u0101rtu veidu kl\u0101stam, nodro\u0161inot efekt\u012bvu un dro\u0161u piek\u013cuves kontroli dz\u012bvojamiem, komerci\u0101liem un r\u016bpnieciskiem \u012bpa\u0161umiem.<\/p>\n\n\n\n<h2 class=\"wp-block-heading\"><strong>Izpratne par v\u0101rtu BAS-IP domofonu sist\u0113mas komponentiem<\/strong><\/h2>\n\n\n\n<p>BAS-IP v\u0101rtu domofonu sist\u0113mas sast\u0101v no trim galvenajiem komponentiem, katram no tiem ir iz\u0161\u0137iro\u0161a loma visaptvero\u0161as un efekt\u012bvas v\u0101rtu ieejas domofonu sist\u0113mas izveid\u0113:<\/p>\n\n\n<!-- START Block Features --><section id=\"block_643053d1c3f45\" class=\"features-section\">\r\n\t\r\n    <div class=\"features-list\">\r\n                    <div class=\"features-item\" data-aos=\"fade-up\">\r\n    <div class=\"features-box\">\r\n                    <div class=\"image-holder\">\r\n                <img loading=\"lazy\" decoding=\"async\" width=\"350\" height=\"320\" src=\"https:\/\/bas-ip.com\/wp-content\/uploads\/2023\/04\/7-1-350x320.jpg\" class=\"attachment-thumbnail_350x320 size-thumbnail_350x320\" alt=\"\" \/>            <\/div>\r\n        \r\n        <div class=\"text-holder\">\r\n                        <h3 class=\"title-block\">IP domofonu durvju pane\u013ci<\/h3>\r\n          \r\n                        <div class=\"text-block\">\r\n                <p>BAS-IP durvju ieejas pane\u013ci kalpo k\u0101 galvenais interfeiss j\u016bsu v\u0101rtu domofonu sist\u0113mai. Tie ir izstr\u0101d\u0101ti t\u0101, lai b\u016btu iztur\u012bgi, iztur\u012bgi pret laikapst\u0101k\u013ciem un viegli lietojami. Ar da\u017e\u0101diem dizainiem un apdares veidiem \u0161os pane\u013cus var piel\u0101got j\u016bsu \u012bpa\u0161uma est\u0113tikai. Apr\u012bkoti ar ieb\u016bv\u0113t\u0101m kamer\u0101m, mikrofoniem un ska\u013cru\u0146iem, BAS-IP durvju pane\u013ci nodro\u0161ina krist\u0101ldzidru audio un video sazi\u0146u starp apmekl\u0113t\u0101ju un iedz\u012bvot\u0101ju vai apsardzes person\u0101lu.<\/p>\n              <\/div>\r\n                  <\/div>\r\n    <\/div>\r\n<\/div>\r\n                    <div class=\"features-item\" data-aos=\"fade-up\">\r\n    <div class=\"features-box\">\r\n                    <div class=\"image-holder\">\r\n                <img loading=\"lazy\" decoding=\"async\" width=\"350\" height=\"320\" src=\"https:\/\/bas-ip.com\/wp-content\/uploads\/2023\/04\/8-1-350x320.jpg\" class=\"attachment-thumbnail_350x320 size-thumbnail_350x320\" alt=\"\" \/>            <\/div>\r\n        \r\n        <div class=\"text-holder\">\r\n                        <h3 class=\"title-block\">Video t\u0101lru\u0146i<\/h3>\r\n          \r\n                        <div class=\"text-block\">\r\n                <p>BAS-IP video durvju telefoni kalpo k\u0101 iek\u0161\u0113jais interfeiss j\u016bsu domofonu sist\u0113mai, \u013caujot jums redz\u0113t un run\u0101t ar apmekl\u0113t\u0101jiem pie j\u016bsu v\u0101rtiem. \u0160\u012bs ier\u012bces pied\u0101v\u0101 augstas kvalit\u0101tes video un audio sazi\u0146u, nodro\u0161inot, ka j\u016bs varat skaidri identific\u0113t un sazin\u0101ties ar saviem apmekl\u0113t\u0101jiem, pirms pie\u0161\u0137irat vi\u0146iem piek\u013cuvi j\u016bsu \u012bpa\u0161umam.<\/p>\n              <\/div>\r\n                  <\/div>\r\n    <\/div>\r\n<\/div>\r\n                    <div class=\"features-item\" data-aos=\"fade-up\">\r\n    <div class=\"features-box\">\r\n                    <div class=\"image-holder\">\r\n                <img loading=\"lazy\" decoding=\"async\" width=\"350\" height=\"320\" src=\"https:\/\/bas-ip.com\/wp-content\/uploads\/2023\/04\/9-1-350x320.jpg\" class=\"attachment-thumbnail_350x320 size-thumbnail_350x320\" alt=\"\" \/>            <\/div>\r\n        \r\n        <div class=\"text-holder\">\r\n                        <h3 class=\"title-block\">POE sl\u0113d\u017ei<\/h3>\r\n          \r\n                        <div class=\"text-block\">\r\n                <p>Power over Ethernet (POE) komutatori ir b\u016btisks BAS-IP domofona komponents elektriskiem v\u0101rtiem. Tie nodro\u0161ina gan baro\u0161anu, gan datu savienojumu j\u016bsu domofonu ier\u012bc\u0113m, izmantojot vienu Ethernet kabeli. Tas vienk\u0101r\u0161o uzst\u0101d\u012b\u0161anu, samazina kabe\u013cu jucekli un nodro\u0161ina uzticamu, \u0101trgaitas savienojumu starp j\u016bsu v\u0101rtu domofonu komponentiem.<\/p>\n              <\/div>\r\n                  <\/div>\r\n    <\/div>\r\n<\/div>\r\n            <\/div>\r\n<\/section>\r\n<!-- END Block Features -->\n\n<!-- START Block FAQ --><section id=\"block_6421c0e7ae86e\" class=\"faq-section\">\r\n\t\t    <h2 class=\"title-section\" data-aos=\"fade-right\">Bie\u017ei uzdotie jaut\u0101jumi (FAQ)<\/h2>\r\n\t\t\t    <div class=\"faq-list js-accordion\" data-aos=\"fade-up\">\r\n\t\t\t\t\t\t\t\t\t\t\t    <div class=\"accordion-item faq-item\">\r\n                        <div class=\"accordion-opener\">\r\n                            Q: Vai es varu izmantot BAS-IP domofonu v\u0101rtu sist\u0113mu ar savu eso\u0161o IP lok\u0101lo t\u012bklu?                            <i class=\"fa-solid fa-chevron-down\"><\/i>\r\n                        <\/div>\r\n                        <div class=\"accordion-slide\">\r\n\t\t\t\t\t\t    <p>J\u0101, BAS-IP v\u0101rtu domofonu sist\u0113mas ir izstr\u0101d\u0101tas, lai nevainojami darbotos j\u016bsu eso\u0161aj\u0101 IP lok\u0101laj\u0101 t\u012bkl\u0101, padarot integr\u0101ciju vienk\u0101r\u0161u un bez probl\u0113m\u0101m.<\/p>\n                        <\/div>\r\n\t\t\t\t\t<\/div>\r\n\t\t\t\t\t\t\t\t\t\t\t\t\t\t\t    <div class=\"accordion-item faq-item\">\r\n                        <div class=\"accordion-opener\">\r\n                            Q: K\u0101 v\u0101rtu BAS-IP domofonu sist\u0113mas darbojas lielos att\u0101lumos?                            <i class=\"fa-solid fa-chevron-down\"><\/i>\r\n                        <\/div>\r\n                        <div class=\"accordion-slide\">\r\n\t\t\t\t\t\t    <p>BAS-IP v\u0101rtu domofonu sist\u0113mas ir izstr\u0101d\u0101tas, lai efekt\u012bvi darbotos lielos att\u0101lumos, padarot t\u0101s par ide\u0101lu izv\u0113li \u012bpa\u0161umiem ar izklied\u0113tiem piek\u013cuves punktiem vai liel\u0101m telp\u0101m.<\/p>\n                        <\/div>\r\n\t\t\t\t\t<\/div>\r\n\t\t\t\t\t\t\t\t\t\t\t\t\t\t\t    <div class=\"accordion-item faq-item\">\r\n                        <div class=\"accordion-opener\">\r\n                            Q: K\u0101 es varu integr\u0113t savu BAS-IP v\u0101rtu video domofonu ar eso\u0161o IP CCTV sist\u0113mu?                            <i class=\"fa-solid fa-chevron-down\"><\/i>\r\n                        <\/div>\r\n                        <div class=\"accordion-slide\">\r\n\t\t\t\t\t\t    <p>BAS-IP v\u0101rtu domofonu sist\u0113mas var viegli integr\u0113t ar j\u016bsu eso\u0161o IP videonov\u0113ro\u0161anas infrastrukt\u016bru, \u013caujot jums p\u0101rvald\u012bt un uzraudz\u012bt j\u016bsu \u012bpa\u0161uma piek\u013cuves punktus, izmantojot to pa\u0161u saskarni, ko izmanto j\u016bsu dro\u0161\u012bbas kameras.<\/p>\n                        <\/div>\r\n\t\t\t\t\t<\/div>\r\n\t\t\t\t\t\t\t\t\t\t\t\t\t\t\t    <div class=\"accordion-item faq-item\">\r\n                        <div class=\"accordion-opener\">\r\n                            Q: Vai ir iesp\u0113jams vad\u012bt vair\u0101kus v\u0101rtus, izmantojot vienu BAS-IP domofona ier\u012bci?Vai ir iesp\u0113jams vad\u012bt vair\u0101kus v\u0101rtus, izmantojot vienu BAS-IP domofona ier\u012bci?                            <i class=\"fa-solid fa-chevron-down\"><\/i>\r\n                        <\/div>\r\n                        <div class=\"accordion-slide\">\r\n\t\t\t\t\t\t    <p>J\u0101, ar BAS-IP SH-42 divk\u0101r\u0161\u0101s sl\u0113dzenes moduli j\u016bs varat vienlaikus kontrol\u0113t divus v\u0101rtus, izmantojot vienu v\u0101rtu domofonu sist\u0113mu. \u0160\u012b funkcija ir lieliski piem\u0113rota \u012bpa\u0161umiem ar vair\u0101kiem piek\u013cuves punktiem vai atsevi\u0161\u0137\u0101m g\u0101j\u0113ju un transportl\u012bdzek\u013cu ieej\u0101m.<\/p>\n                        <\/div>\r\n\t\t\t\t\t<\/div>\r\n\t\t\t\t\t\t\t\t\t<\/div>\r\n\t<\/section>\r\n<!-- END Block FAQ -->\n\n\n<p>BAS-IP v\u0101rtu domofonu sist\u0113mas pied\u0101v\u0101 perfektu \u0113rt\u012bbu, dro\u0161\u012bbas un progres\u012bvu tehnolo\u0123iju apvienojumu, lai nodro\u0161in\u0101tu nep\u0101rsp\u0113jamu kontroli p\u0101r j\u016bsu \u012bpa\u0161uma piek\u013cuvi. Ar t\u0101d\u0101m unik\u0101l\u0101m funkcij\u0101m k\u0101 vienm\u0113r\u012bga IP lok\u0101l\u0101 t\u012bkla integr\u0101cija, t\u0101lsatiksmes savienojam\u012bba, v\u0101rtu vad\u012bba no datora, divk\u0101r\u0161\u0101s sl\u0113dzenes modu\u013ca funkcionalit\u0101te, IP videonov\u0113ro\u0161anas sist\u0113mas integr\u0101cija un numura z\u012bmju atpaz\u012b\u0161anas kameras sader\u012bba, BAS-IP domofonu sist\u0113mas v\u0101rtiem ir izcila izv\u0113le jebkuram \u012bpa\u0161niekam, kur\u0161 v\u0113las uzlabot savu piek\u013cuves p\u0101rvald\u012bbu.<\/p>\n\n\n\n<p>Izv\u0113loties BAS-IP priek\u0161\u0113jo v\u0101rtu domofonu sist\u0113mu, j\u016bs ieguld\u0101t risin\u0101jum\u0101, kas var viegli piel\u0101goties j\u016bsu vajadz\u012bb\u0101m, augt kop\u0101 ar j\u016bsu \u012bpa\u0161umu un sniegt jums mieru, kas rodas, zinot, ka j\u016bsu \u012bpa\u0161ums ir dro\u0161s un pieejams tikai tiem, kuriem uzticaties. Izbaudiet at\u0161\u0137ir\u012bbu, ko BAS-IP v\u0101rtu domofonu sist\u0113ma var sniegt j\u016bsu \u012bpa\u0161umam jau \u0161odien.<\/p>","protected":false},"excerpt":{"rendered":"<p>V\u0101rtu domofonu sist\u0113ma: uzlabojiet savu dro\u0161\u012bbu Laipni l\u016bdzam \u012bpa\u0161umu piek\u013cuves vad\u012bbas n\u0101kotn\u0113, kur \u0113rt\u012bbas, dro\u0161\u012bba un modern\u0101k\u0101s tehnolo\u0123ijas apvienojas. Ar BAS-IP v\u0101rtu domofonu sist\u0113mu j\u016bs varat izbaud\u012bt nep\u0101rsp\u0113jamu kontroli p\u0101r j\u016bsu \u012bpa\u0161uma piek\u013cuves punktiem. Neatkar\u012bgi no t\u0101, vai tas ir dz\u012bvojamais nams, daudzdz\u012bvok\u013cu komplekss vai komerci\u0101la \u0113ka, m\u016bsu domofonu v\u0101rtu sist\u0113mas pied\u0101v\u0101 unik\u0101las funkcijas, kas [&hellip;]<\/p>","protected":false},"author":1,"featured_media":0,"parent":0,"menu_order":0,"comment_status":"closed","ping_status":"closed","template":"","meta":{"inline_featured_image":false,"footnotes":""},"class_list":["post-133773","page","type-page","status-publish","hentry"],"acf":[],"_links":{"self":[{"href":"https:\/\/bas-ip.com\/lv\/wp-json\/wp\/v2\/pages\/133773","targetHints":{"allow":["GET"]}}],"collection":[{"href":"https:\/\/bas-ip.com\/lv\/wp-json\/wp\/v2\/pages"}],"about":[{"href":"https:\/\/bas-ip.com\/lv\/wp-json\/wp\/v2\/types\/page"}],"author":[{"embeddable":true,"href":"https:\/\/bas-ip.com\/lv\/wp-json\/wp\/v2\/users\/1"}],"replies":[{"embeddable":true,"href":"https:\/\/bas-ip.com\/lv\/wp-json\/wp\/v2\/comments?post=133773"}],"version-history":[{"count":3,"href":"https:\/\/bas-ip.com\/lv\/wp-json\/wp\/v2\/pages\/133773\/revisions"}],"predecessor-version":[{"id":133884,"href":"https:\/\/bas-ip.com\/lv\/wp-json\/wp\/v2\/pages\/133773\/revisions\/133884"}],"wp:attachment":[{"href":"https:\/\/bas-ip.com\/lv\/wp-json\/wp\/v2\/media?parent=133773"}],"curies":[{"name":"wp","href":"https:\/\/api.w.org\/{rel}","templated":true}]}}