{"id":133492,"date":"2023-03-27T12:22:38","date_gmt":"2023-03-27T12:22:38","guid":{"rendered":"https:\/\/bas-ip.com\/school\/"},"modified":"2025-03-13T10:19:14","modified_gmt":"2025-03-13T10:19:14","slug":"school","status":"publish","type":"page","link":"https:\/\/bas-ip.com\/lv\/school\/","title":{"rendered":"Skola"},"content":{"rendered":"<h1 class=\"wp-block-heading\"><strong>Skolu domofonu sist\u0113mas skol\u0101m<\/strong><\/h1>\n\n\n\n<p>M\u016bsdienu pasaul\u0113 bezvadu komunik\u0101cija un dro\u0161\u012bba ir b\u016btiski jebkuras izgl\u012bt\u012bbas iest\u0101des elementi. Efekt\u012bvs skolas interfonu sist\u0113ma ne tikai nodro\u0161ina \u0101tru komunik\u0101ciju, bet ar\u012b uzlabo studentu, m\u0101c\u012bbsp\u0113ku un darbinieku dro\u0161\u012bbu. Ieviesiet BAS-IP interfonu sist\u0113mu skol\u0101m \u2013 gal\u012bgo risin\u0101jumu, kas apvieno sp\u0113c\u012bgu tehnolo\u0123iju, inovat\u012bvas funkcijas un nep\u0101rsp\u0113jamu veiktsp\u0113ju. \u0160aj\u0101 rakst\u0101 tiek izskat\u012btas galven\u0101s BAS-IP interfonu sist\u0113mu \u012bpa\u0161\u012bbas un priek\u0161roc\u012bbas, par\u0101dot, k\u0101p\u0113c t\u0101s ir lab\u0101k\u0101 izv\u0113le j\u016bsu skolai.<\/p>\n\n\n\n<h2 class=\"wp-block-heading\"><strong>IP domofona sp\u0113ks skol\u0101m<\/strong><\/h2>\n\n\n\n<h3 class=\"wp-block-heading\"><strong>Vadu IP domofonu sist\u0113ma: lab\u0101k\u0101 izv\u0113le<\/strong><\/h3>\n\n\n\n<p>Kam\u0113r bezvadu interfonu sist\u0113mas pied\u0101v\u0101 zin\u0101mu \u0113rt\u012bbu l\u012bmeni, vadu IP interfonu sist\u0113mas nodro\u0161ina augst\u0101ku uzticam\u012bbas, dro\u0161\u012bbas un veiktsp\u0113jas l\u012bmeni. Izmantojot BAS-IP interfonu sist\u0113mu skol\u0101m, j\u016bs ieguld\u0101t dro\u0161\u0101 un stabil\u0101 risin\u0101jum\u0101, kas garant\u0113 nep\u0101rtrauktu komunik\u0101ciju un kontroli.<\/p>\n\n\n\n<h3 class=\"wp-block-heading\"><strong>Visaptvero\u0161s risin\u0101jums izgl\u012bt\u012bbas iest\u0101d\u0113m<\/strong><\/h3>\n\n\n\n<p>BAS-IP interfonu sist\u0113ma ir izstr\u0101d\u0101ta, lai apmierin\u0101tu skolu, universit\u0101\u0161u un koled\u017eu vajadz\u012bbas. T\u0101 bez piep\u016bles integr\u0113 audio pane\u013cus, konsjer\u017ea termin\u0101\u013cus un PoE sl\u0113d\u017eus, veidojot vienotu komunik\u0101cijas t\u012bklu, kas ir gan efekt\u012bvs, gan izmaksu zi\u0146\u0101 izdev\u012bgs. Ar sav\u0101m unik\u0101laj\u0101m funkcij\u0101m, piem\u0113ram, temperat\u016bras uzraudz\u012bbu skolas ieej\u0101, \u0161\u012b interfonu sist\u0113ma nodro\u0161ina uzlabotu dro\u0161\u012bbu un komfortu visiem lietot\u0101jiem.<\/p>\n\n\n\n<h2 class=\"wp-block-heading\"><strong>Galven\u0101s BAS-IP skolas domofonu sist\u0113mas sast\u0101vda\u013cas<\/strong><\/h2>\n\n\n<!-- START Block Features --><section id=\"block_6430565dc8a2b\" class=\"features-section\">\r\n\t\r\n    <div class=\"features-list\">\r\n                    <div class=\"features-item\" data-aos=\"fade-up\">\r\n    <div class=\"features-box\">\r\n                    <div class=\"image-holder\">\r\n                <img loading=\"lazy\" decoding=\"async\" width=\"350\" height=\"320\" src=\"https:\/\/bas-ip.com\/wp-content\/uploads\/2023\/04\/1-4-350x320.jpg\" class=\"attachment-thumbnail_350x320 size-thumbnail_350x320\" alt=\"\" \/>            <\/div>\r\n        \r\n        <div class=\"text-holder\">\r\n                        <h3 class=\"title-block\">BAS-IP AV-04AFD Audio Panelis<\/h3>\r\n          \r\n                        <div class=\"text-block\">\r\n                <p>AV-04AFD audio panelis ir pieejama un funkcij\u0101m bag\u0101ta interfonu risin\u0101jums, kas izstr\u0101d\u0101ts tie\u0161i izgl\u012bt\u012bbas iest\u0101d\u0113m. Tas nodro\u0161ina krist\u0101ldzidru komunik\u0101ciju starp da\u017e\u0101d\u0101m skolas zon\u0101m, vienlaikus nodro\u0161inot \u0101tru piek\u013cuves kontroli.<\/p>\n              <\/div>\r\n                  <\/div>\r\n    <\/div>\r\n<\/div>\r\n                    <div class=\"features-item\" data-aos=\"fade-up\">\r\n    <div class=\"features-box\">\r\n                    <div class=\"image-holder\">\r\n                <img loading=\"lazy\" decoding=\"async\" width=\"350\" height=\"320\" src=\"https:\/\/bas-ip.com\/wp-content\/uploads\/2023\/04\/2-4-350x320.jpg\" class=\"attachment-thumbnail_350x320 size-thumbnail_350x320\" alt=\"\" \/>            <\/div>\r\n        \r\n        <div class=\"text-holder\">\r\n                        <h3 class=\"title-block\">BAS-IP AM-02 Konsjer\u017ea Termin\u0101lis<\/h3>\r\n          \r\n                        <div class=\"text-block\">\r\n                <p>AM-02 konsjer\u017ea termin\u0101lis kalpo k\u0101 centr\u0101lais kontroles punkts visai interfonu sist\u0113mai, \u013caujot person\u0101lam viegli p\u0101rvald\u012bt zvanus, uzraudz\u012bt ieejas un pie\u0161\u0137irt piek\u013cuvi. T\u0101 lietot\u0101jam draudz\u012bg\u0101 saskarne padara to par ide\u0101lu izv\u0113li efekt\u012bvai komunik\u0101cijai un administr\u0101cijai.<\/p>\n              <\/div>\r\n                  <\/div>\r\n    <\/div>\r\n<\/div>\r\n                    <div class=\"features-item\" data-aos=\"fade-up\">\r\n    <div class=\"features-box\">\r\n                    <div class=\"image-holder\">\r\n                <img loading=\"lazy\" decoding=\"async\" width=\"350\" height=\"320\" src=\"https:\/\/bas-ip.com\/wp-content\/uploads\/2023\/04\/3-4-350x320.jpg\" class=\"attachment-thumbnail_350x320 size-thumbnail_350x320\" alt=\"\" \/>            <\/div>\r\n        \r\n        <div class=\"text-holder\">\r\n                        <h3 class=\"title-block\">BAS-IP SH-20.16 16 portu POE sl\u0113dzis<\/h3>\r\n          \r\n                        <div class=\"text-block\">\r\n                <p>SH-20.16 16-portu PoE sl\u0113dzis nodro\u0161ina nepiecie\u0161amo jaudu un savienojam\u012bbu BAS-IP interfonu sist\u0113mai, garant\u0113jot vienm\u0113r\u012bgu un nep\u0101rtrauktu darb\u012bbu vis\u0101 skolas kampus\u0101.<\/p>\n              <\/div>\r\n                  <\/div>\r\n    <\/div>\r\n<\/div>\r\n                    <div class=\"features-item\" data-aos=\"fade-up\">\r\n    <div class=\"features-box\">\r\n                    <div class=\"image-holder\">\r\n                <img loading=\"lazy\" decoding=\"async\" width=\"350\" height=\"320\" src=\"https:\/\/bas-ip.com\/wp-content\/uploads\/2023\/04\/4-4-350x320.jpg\" class=\"attachment-thumbnail_350x320 size-thumbnail_350x320\" alt=\"\" \/>            <\/div>\r\n        \r\n        <div class=\"text-holder\">\r\n                        <h3 class=\"title-block\">BAS-IP SH-31TM Temperat\u016bras Modelis<\/h3>\r\n          \r\n                        <div class=\"text-block\">\r\n                <p>SH-31TM temperat\u016bras modelis var tikt uzst\u0101d\u012bts pie skolas ieejas, \u013caujot re\u0101llaik\u0101 uzraudz\u012bt temperat\u016bru un pal\u012bdzot saglab\u0101t vesel\u012bgu vidi skol\u0113niem, person\u0101lam un apmekl\u0113t\u0101jiem. Pievienojot \u0161o papildu dro\u0161\u012bbas sl\u0101ni, j\u016bsu skola var proakt\u012bvi risin\u0101t potenci\u0101los vesel\u012bbas jaut\u0101jumus un nodro\u0161in\u0101t visiem kampus\u0101 eso\u0161ajiem cilv\u0113kiem labkl\u0101j\u012bbu.<\/p>\n              <\/div>\r\n                  <\/div>\r\n    <\/div>\r\n<\/div>\r\n                    <div class=\"features-item features-full-width\" data-aos=\"fade-up\">\r\n    <div class=\"features-box image-position-left\">\r\n                <div class=\"image-holder\">\r\n            <img loading=\"lazy\" decoding=\"async\" width=\"1\" height=\"1\" src=\"https:\/\/bas-ip.com\/wp-content\/uploads\/2023\/04\/school-1.svg\" class=\"attachment-thumbnail_350x320 size-thumbnail_350x320\" alt=\"\" \/>          <\/div>\r\n      \r\n      <div class=\"text-holder\">\r\n                        <h3 class=\"title-block\">IP t\u012bklu izmanto\u0161ana netrauc\u0113tai integr\u0101cijai<\/h3>\r\n          \r\n                        <div class=\"text-block\">\r\n                <p>BAS-IP interfonu sist\u0113mas ir izstr\u0101d\u0101tas, lai bez piep\u016bles str\u0101d\u0101tu j\u016bsu skolas eso\u0161aj\u0101 IP lok\u0101laj\u0101 t\u012bkl\u0101, nodro\u0161inot vieglu uzst\u0101d\u012b\u0161anu un uztur\u0113\u0161anu. \u0160\u012b integr\u0101cija veicina lab\u0101ku komunik\u0101ciju, piek\u013cuves kontroli un dro\u0161\u012bbu vis\u0101 izgl\u012bt\u012bbas iest\u0101d\u0113.<\/p>\n              <\/div>\r\n                <\/div>\r\n    <\/div>\r\n<\/div>\r\n                    <div class=\"features-item features-full-width\" data-aos=\"fade-up\">\r\n    <div class=\"features-box image-position-right\">\r\n                <div class=\"image-holder\">\r\n            <img loading=\"lazy\" decoding=\"async\" width=\"1\" height=\"1\" src=\"https:\/\/bas-ip.com\/wp-content\/uploads\/2023\/04\/collage-1.svg\" class=\"attachment-thumbnail_350x320 size-thumbnail_350x320\" alt=\"\" \/>          <\/div>\r\n      \r\n      <div class=\"text-holder\">\r\n                        <h3 class=\"title-block\">Att\u0101l\u0101 piek\u013cuve un vad\u012bba no datora<\/h3>\r\n          \r\n                        <div class=\"text-block\">\r\n                <p>Ar BAS-IP moderniz\u0113to interfonu sist\u0113mu skolas person\u0101ls var viegli izmantot savus datorus, lai sazin\u0101tos caur interfonu, uzraudz\u012btu ieejas un kontrol\u0113tu durvju piek\u013cuvi. \u0160\u012b elast\u012bba uzlabo rea\u0123\u0113\u0161anas laiku un palielina efektivit\u0101ti ikdienas uzdevumu un \u0101rk\u0101rtas situ\u0101ciju p\u0101rvald\u012bb\u0101.<\/p>\n              <\/div>\r\n                <\/div>\r\n    <\/div>\r\n<\/div>\r\n            <\/div>\r\n<\/section>\r\n<!-- END Block Features -->\n\n<!-- START Block FAQ --><section id=\"block_64218de5ac119\" class=\"faq-section\">\r\n\t\t    <h2 class=\"title-section\" data-aos=\"fade-right\">Bie\u017ei uzdotie jaut\u0101jumi<\/h2>\r\n\t\t\t    <div class=\"faq-list js-accordion\" data-aos=\"fade-up\">\r\n\t\t\t\t\t\t\t\t\t\t\t    <div class=\"accordion-item faq-item\">\r\n                        <div class=\"accordion-opener\">\r\n                            Q: Vai BAS-IP domofonu sist\u0113mu skol\u0101m var viegli integr\u0113t m\u016bsu eso\u0161aj\u0101 infrastrukt\u016br\u0101?                            <i class=\"fa-solid fa-chevron-down\"><\/i>\r\n                        <\/div>\r\n                        <div class=\"accordion-slide\">\r\n\t\t\t\t\t\t    <p>J\u0101, BAS-IP interfonu sist\u0113mas var viegli integr\u0113t j\u016bsu skolas eso\u0161aj\u0101 IP lok\u0101laj\u0101 t\u012bkl\u0101, \u013caujot veikt vienk\u0101r\u0161u un izmaksu zi\u0146\u0101 efekt\u012bvu uzst\u0101d\u012b\u0161anas procesu.<\/p>\n                        <\/div>\r\n\t\t\t\t\t<\/div>\r\n\t\t\t\t\t\t\t\t\t\t\t\t\t\t\t    <div class=\"accordion-item faq-item\">\r\n                        <div class=\"accordion-opener\">\r\n                            Q: K\u0101 BAS-IP domofonu sist\u0113ma nodro\u0161ina m\u016bsu studentu un darbinieku dro\u0161\u012bbu?                            <i class=\"fa-solid fa-chevron-down\"><\/i>\r\n                        <\/div>\r\n                        <div class=\"accordion-slide\">\r\n\t\t\t\t\t\t    <p>BAS-IP interfonu sist\u0113ma pied\u0101v\u0101 vair\u0101kas dro\u0161\u012bbas funkcijas, piem\u0113ram, temperat\u016bras uzraudz\u012bbu pie ieej\u0101m, \u0101tru piek\u013cuves kontroli un iesp\u0113ju uzraudz\u012bt un p\u0101rvald\u012bt komunik\u0101ciju un durvju piek\u013cuvi no j\u016bsu datora, nodro\u0161inot dro\u0161u vidi visiem.<\/p>\n                        <\/div>\r\n\t\t\t\t\t<\/div>\r\n\t\t\t\t\t\t\t\t\t\t\t\t\t\t\t    <div class=\"accordion-item faq-item\">\r\n                        <div class=\"accordion-opener\">\r\n                            Q: Vai BAS-IP domofonu sist\u0113ma ir sader\u012bga ar cit\u0101m sakaru ier\u012bc\u0113m un sist\u0113m\u0101m?                            <i class=\"fa-solid fa-chevron-down\"><\/i>\r\n                        <\/div>\r\n                        <div class=\"accordion-slide\">\r\n\t\t\t\t\t\t    <p>J\u0101, BAS-IP interfonu sist\u0113ma ir izstr\u0101d\u0101ta, lai bez piep\u016bles str\u0101d\u0101tu ar da\u017e\u0101diem komunik\u0101cijas iek\u0101rt\u0101m un sist\u0113m\u0101m, nodro\u0161inot visaptvero\u0161u un elast\u012bgu risin\u0101jumu j\u016bsu skolas komunik\u0101cijas vajadz\u012bb\u0101m.<\/p>\n                        <\/div>\r\n\t\t\t\t\t<\/div>\r\n\t\t\t\t\t\t\t\t\t\t\t\t\t\t\t    <div class=\"accordion-item faq-item\">\r\n                        <div class=\"accordion-opener\">\r\n                            Q: Cik uzticamas ir vadu IP domofonu sist\u0113mas sal\u012bdzin\u0101jum\u0101 ar bezvadu domofonu sist\u0113m\u0101m?                            <i class=\"fa-solid fa-chevron-down\"><\/i>\r\n                        <\/div>\r\n                        <div class=\"accordion-slide\">\r\n\t\t\t\t\t\t    <p>Vadu IP interfonu sist\u0113mas, piem\u0113ram, BAS-IP interfonu sist\u0113ma skol\u0101m, pied\u0101v\u0101 augst\u0101ku uzticam\u012bbas, dro\u0161\u012bbas un veiktsp\u0113jas l\u012bmeni sal\u012bdzin\u0101jum\u0101 ar bezvadu interfonu sist\u0113m\u0101m. T\u0101s nodro\u0161ina stabilu, nep\u0101rtrauktu komunik\u0101ciju un kontroli, padarot t\u0101s par ide\u0101lu izv\u0113li izgl\u012bt\u012bbas iest\u0101d\u0113m.<\/p>\n                        <\/div>\r\n\t\t\t\t\t<\/div>\r\n\t\t\t\t\t\t\t\t\t\t\t\t\t\t\t    <div class=\"accordion-item faq-item\">\r\n                        <div class=\"accordion-opener\">\r\n                            Q: Vai m\u0113s varam piel\u0101got BAS-IP domofonu sist\u0113mu, lai t\u0101 atbilstu m\u016bsu skolas \u012bpa\u0161aj\u0101m vajadz\u012bb\u0101m?                            <i class=\"fa-solid fa-chevron-down\"><\/i>\r\n                        <\/div>\r\n                        <div class=\"accordion-slide\">\r\n\t\t\t\t\t\t    <p>J\u0101, BAS-IP interfonu sist\u0113ma ir \u013coti piel\u0101gojama un var tikt piel\u0101gota, lai atbilstu j\u016bsu skolas unik\u0101laj\u0101m pras\u012bb\u0101m. T\u0101 modulis dizains \u013cauj pievienot da\u017e\u0101dus komponentus, piem\u0113ram, temperat\u016bras modeli, lai uzlabotu dro\u0161\u012bbu un funkcionalit\u0101ti.<\/p>\n                        <\/div>\r\n\t\t\t\t\t<\/div>\r\n\t\t\t\t\t\t\t\t\t<\/div>\r\n\t<\/section>\r\n<!-- END Block FAQ -->\n\n\n<p>Ieguld\u012bjums uzticam\u0101, daudzfunkcion\u0101l\u0101 un dro\u0161\u0101 interfonu sist\u0113m\u0101 ir \u013coti svar\u012bgs jebkuras izgl\u012bt\u012bbas iest\u0101des dro\u0161\u012bbai un efektivit\u0101tei. BAS-IP interfonu sist\u0113ma skol\u0101m pied\u0101v\u0101 nep\u0101rsp\u0113jamu veiktsp\u0113ju, inovat\u012bvas funkcijas un bez piep\u016bles integr\u0113jas ar eso\u0161ajiem IP t\u012bkliem. Izv\u0113loties BAS-IP, j\u016bs ieguld\u0101t j\u016bsu skolas komunik\u0101cijas un dro\u0161\u012bbas infrastrukt\u016bras n\u0101kotn\u0113. Pieredziet komunik\u0101cijas revol\u016bciju ar lab\u0101ko skolas interfonu sist\u0113mu \u2013 BAS-IP. Uzlabojiet savas izgl\u012bt\u012bbas iest\u0101des dro\u0161\u012bbu, komunik\u0101ciju un kop\u0113jo vidi, nodro\u0161inot labkl\u0101j\u012bbu gan skol\u0113niem, gan person\u0101lam, gan apmekl\u0113t\u0101jiem. Nekad nek\u0101d\u0101 gad\u012bjum\u0101 nekompromit\u0113jiet kvalit\u0101ti; uzticieties BAS-IP, lai nodro\u0161in\u0101tu izcilu veiktsp\u0113ju un uzticam\u012bbu j\u016bsu skolai.<\/p>","protected":false},"excerpt":{"rendered":"<p>Skolu domofonu sist\u0113mas skol\u0101m M\u016bsdienu pasaul\u0113 bezvadu komunik\u0101cija un dro\u0161\u012bba ir b\u016btiski jebkuras izgl\u012bt\u012bbas iest\u0101des elementi. Efekt\u012bvs skolas interfonu sist\u0113ma ne tikai nodro\u0161ina \u0101tru komunik\u0101ciju, bet ar\u012b uzlabo studentu, m\u0101c\u012bbsp\u0113ku un darbinieku dro\u0161\u012bbu. Ieviesiet BAS-IP interfonu sist\u0113mu skol\u0101m \u2013 gal\u012bgo risin\u0101jumu, kas apvieno sp\u0113c\u012bgu tehnolo\u0123iju, inovat\u012bvas funkcijas un nep\u0101rsp\u0113jamu veiktsp\u0113ju. \u0160aj\u0101 rakst\u0101 tiek izskat\u012btas galven\u0101s [&hellip;]<\/p>","protected":false},"author":1,"featured_media":0,"parent":0,"menu_order":0,"comment_status":"closed","ping_status":"closed","template":"","meta":{"inline_featured_image":false,"footnotes":""},"class_list":["post-133492","page","type-page","status-publish","hentry"],"acf":[],"_links":{"self":[{"href":"https:\/\/bas-ip.com\/lv\/wp-json\/wp\/v2\/pages\/133492","targetHints":{"allow":["GET"]}}],"collection":[{"href":"https:\/\/bas-ip.com\/lv\/wp-json\/wp\/v2\/pages"}],"about":[{"href":"https:\/\/bas-ip.com\/lv\/wp-json\/wp\/v2\/types\/page"}],"author":[{"embeddable":true,"href":"https:\/\/bas-ip.com\/lv\/wp-json\/wp\/v2\/users\/1"}],"replies":[{"embeddable":true,"href":"https:\/\/bas-ip.com\/lv\/wp-json\/wp\/v2\/comments?post=133492"}],"version-history":[{"count":3,"href":"https:\/\/bas-ip.com\/lv\/wp-json\/wp\/v2\/pages\/133492\/revisions"}],"predecessor-version":[{"id":133570,"href":"https:\/\/bas-ip.com\/lv\/wp-json\/wp\/v2\/pages\/133492\/revisions\/133570"}],"wp:attachment":[{"href":"https:\/\/bas-ip.com\/lv\/wp-json\/wp\/v2\/media?parent=133492"}],"curies":[{"name":"wp","href":"https:\/\/api.w.org\/{rel}","templated":true}]}}