{"id":133243,"date":"2023-03-27T09:04:54","date_gmt":"2023-03-27T09:04:54","guid":{"rendered":"https:\/\/bas-ip.com\/%d1%82%d1%8a%d1%80%d0%b3%d0%be%d0%b2%d1%81%d0%ba%d0%b8-%d0%bf%d1%80%d0%be%d0%bc%d0%b8%d1%88%d0%bb%d0%b5%d0%bd%d0%b8\/"},"modified":"2025-03-11T08:14:12","modified_gmt":"2025-03-11T08:14:12","slug":"commercial","status":"publish","type":"page","link":"https:\/\/bas-ip.com\/lv\/komercials-rupnieciskais\/","title":{"rendered":"Komerci\u0101ls \/ R\u016bpnieciskais"},"content":{"rendered":"<h1 class=\"wp-block-heading\"><strong>Revolucioniz\u0113jiet savu darbavietu ar biznesa domofonu sist\u0113m\u0101m<\/strong><\/h1>\n\n\n\n<p>T\u0101 k\u0101 tehnolo\u0123ijas turpina att\u012bst\u012bties, uz\u0146\u0113mumiem ir b\u016btiski sekot l\u012bdzi jaun\u0101kajiem sasniegumiem. Viens no \u0161\u0101diem jaunin\u0101jumiem ir biznesa domofonu sist\u0113mu integr\u0101cija, kas nodro\u0161ina pastiprin\u0101tu dro\u0161\u012bbu un efekt\u012bvu sazi\u0146u birojos un komerci\u0101laj\u0101s telp\u0101s. <strong>BAS-IP<\/strong> IP domofoni pied\u0101v\u0101 visaptvero\u0161u risin\u0101jumu ar daudz\u0101m unik\u0101l\u0101m funkcij\u0101m, kas piel\u0101gotas m\u016bsdien\u012bgai darbavietai. Apskat\u012bsim biznesa domofonu sist\u0113mu priek\u0161roc\u012bbas un iedzi\u013cin\u0101simies <strong>BAS-IP<\/strong> augst\u0101k\u0101s klases produktu specifik\u0101.<\/p>\n\n\n\n<h2 class=\"wp-block-heading\"><strong>K\u0101p\u0113c izv\u0113l\u0113ties <strong>BAS-IP<\/strong> sava biznesa domofonu sist\u0113mai?<\/strong><\/h2>\n\n\n\n<p><strong>BAS-IP<\/strong> ir bijis pionieris modernu domofonu sist\u0113mu izstr\u0101d\u0113 uz\u0146\u0113mumiem, pied\u0101v\u0101jot inovat\u012bvus produktus, kas atbilst m\u016bsdienu darbavietu pras\u012bb\u0101m. Integr\u0113jot progres\u012bvas funkcijas un uzticamu aparat\u016bru, <strong>BAS-IP<\/strong> komerci\u0101l\u0101s domofonu sist\u0113mas nodro\u0161ina efekt\u012bvu sazi\u0146u un paaugstin\u0101tu dro\u0161\u012bbu gan birojiem, gan r\u016bpnieciskaj\u0101m telp\u0101m.<\/p>\n\n\n<!-- START Block Features --><section id=\"block_642edd596eeb4\" class=\"features-section\">\r\n\t\r\n    <div class=\"features-list\">\r\n                    <div class=\"features-item\" data-aos=\"fade-up\">\r\n    <div class=\"features-box\">\r\n                    <div class=\"image-holder\">\r\n                <img loading=\"lazy\" decoding=\"async\" width=\"350\" height=\"320\" src=\"https:\/\/bas-ip.com\/wp-content\/uploads\/2023\/04\/1-350x320.jpg\" class=\"attachment-thumbnail_350x320 size-thumbnail_350x320\" alt=\"\" \/>            <\/div>\r\n        \r\n        <div class=\"text-holder\">\r\n                        <h3 class=\"title-block\">IP domofonu sp\u0113ks darbaviet\u0101<\/h3>\r\n          \r\n                        <div class=\"text-block\">\r\n                <p>BAS-IP IP domofonu sist\u0113mas pied\u0101v\u0101 pla\u0161u priek\u0161roc\u012bbu kl\u0101stu, tostarp vienk\u0101r\u0161u integr\u0101ciju eso\u0161ajos IP viet\u0113jos t\u012bklos.<\/p>\n<p>Tas \u013cauj darbiniekiem \u0113rti piek\u013c\u016bt domofonu sist\u0113mai un atv\u0113rt durvis no saviem datoriem, padarot sazi\u0146u un dro\u0161\u012bbu biroj\u0101 efekt\u012bv\u0101ku.<\/p>\n<p>Turkl\u0101t IP b\u0101z\u0113t\u0101 infrastrukt\u016bra nodro\u0161ina m\u0113rogojam\u012bbu un piel\u0101gojam\u012bbu, garant\u0113jot, ka j\u016bsu biznesa domofonu sist\u0113ma var att\u012bst\u012bties un augt kop\u0101 ar j\u016bsu uz\u0146\u0113mumu.<\/p>\n              <\/div>\r\n                  <\/div>\r\n    <\/div>\r\n<\/div>\r\n                    <div class=\"features-item\" data-aos=\"fade-up\">\r\n    <div class=\"features-box\">\r\n                    <div class=\"image-holder\">\r\n                <img loading=\"lazy\" decoding=\"async\" width=\"350\" height=\"320\" src=\"https:\/\/bas-ip.com\/wp-content\/uploads\/2023\/04\/2-350x320.jpg\" class=\"attachment-thumbnail_350x320 size-thumbnail_350x320\" alt=\"Business intercom systems\" \/>            <\/div>\r\n        \r\n        <div class=\"text-holder\">\r\n                        <h3 class=\"title-block\">Augst\u0101k\u0101s klases aparat\u016bras komponentes<\/h3>\r\n          \r\n                        <div class=\"text-block\">\r\n                <p>Lab\u0101k\u0101 BAS-IP biznesa domofonu sist\u0113ma sast\u0101v no AV-08FBL, AT-10 un BR-AT10. \u0160\u012bs komponentes darbojas kop\u0101, nodro\u0161inot izcilu veiktsp\u0113ju un lieto\u0161anas \u0113rtumu, padarot t\u0101s ide\u0101li piem\u0113rotas birojiem un komerci\u0101laj\u0101m telp\u0101m.<\/p>\n<p>AV-08FBL \u2013 \u0161is \u0101ra panelis izce\u013cas ar elegantu dizainu, ieb\u016bv\u0113tu kameru un RFID las\u012bt\u0101ju, garant\u0113jot dro\u0161u piek\u013cuves kontroli un vizu\u0101lu apmekl\u0113t\u0101ju identifik\u0101ciju.<\/p>\n<p>AT-10 \u2013 stil\u012bgs iek\u0161telpu sk\u0101rienjut\u012bgs panelis ar augstas iz\u0161\u0137irtsp\u0113jas ekr\u0101nu, intuit\u012bvu lietot\u0101ja interfeisu un sader\u012bbu ar da\u017e\u0101d\u0101m vied\u0101s m\u0101jas un dro\u0161\u012bbas ier\u012bc\u0113m.<\/p>\n<p>BR-AT10 \u2013 daudzfunkcion\u0101ls galda stiprin\u0101jums, kas nodro\u0161ina vienk\u0101r\u0161u AT-10 pane\u013ca uzst\u0101d\u012b\u0161anu uz darba virsmas.<\/p>\n              <\/div>\r\n                  <\/div>\r\n    <\/div>\r\n<\/div>\r\n                    <div class=\"features-item\" data-aos=\"fade-up\">\r\n    <div class=\"features-box\">\r\n                    <div class=\"image-holder\">\r\n                <img loading=\"lazy\" decoding=\"async\" width=\"350\" height=\"320\" src=\"https:\/\/bas-ip.com\/wp-content\/uploads\/2023\/04\/3-350x320.jpg\" class=\"attachment-thumbnail_350x320 size-thumbnail_350x320\" alt=\"\" \/>            <\/div>\r\n        \r\n        <div class=\"text-holder\">\r\n                        <h3 class=\"title-block\">Uzticama klientu atbalsta un apkalpo\u0161anas sist\u0113ma<\/h3>\r\n          \r\n                        <div class=\"text-block\">\r\n                <p>BAS-IP ir ap\u0146\u0113mies nodro\u0161in\u0101t izcilu klientu apkalpo\u0161anu, pied\u0101v\u0101jot profesion\u0101lu pal\u012bdz\u012bbu un atbalstu visu uzst\u0101d\u012b\u0161anas procesu laik\u0101 un ar\u012b p\u0113c t\u0101.<\/p>\n<p>M\u016bsu zino\u0161\u0101 atbalsta komanda var pal\u012bdz\u0113t nov\u0113rst jebk\u0101das probl\u0113mas, kas var rasties, nodro\u0161inot, ka j\u016bsu biznesa domofonu sist\u0113ma paliek funkcion\u0101la un efekt\u012bva.<\/p>\n<p>Turkl\u0101t m\u016bsu ap\u0146em\u0161an\u0101s nep\u0101rtraukt\u0101 izp\u0113t\u0113 un att\u012bst\u012bb\u0101 noz\u012bm\u0113, ka BAS-IP produkti turpin\u0101s uzlaboties, nodro\u0161inot j\u016bsu uz\u0146\u0113mumam domofonu risin\u0101jumu, kas saglab\u0101 priek\u0161roc\u012bbas tehnolo\u0123iju un veiktsp\u0113jas zi\u0146\u0101.<\/p>\n              <\/div>\r\n                  <\/div>\r\n    <\/div>\r\n<\/div>\r\n            <\/div>\r\n<\/section>\r\n<!-- END Block Features -->\n\n\n<h2 class=\"wp-block-heading\"><strong>Galven\u0101s BAS-IP biznesa domofonu sist\u0113mu \u012bpa\u0161\u012bbas<\/strong><\/h2>\n\n\n\n<p><strong>BAS-IP<\/strong> biznesa domofonu sist\u0113mas pied\u0101v\u0101 virkni unik\u0101lu \u012bpa\u0161\u012bbu, kas t\u0101s izce\u013c no konkurentiem. Izmantojot \u0161\u012bs modernas iesp\u0113jas, j\u016bs varat uzlabot darbavietas efektivit\u0101ti, dro\u0161\u012bbu un kop\u0113jo funkcionalit\u0101ti.<\/p>\n\n\n<!-- START Block Features --><section id=\"block_642edfc06eeba\" class=\"features-section\">\r\n\t\r\n    <div class=\"features-list\">\r\n                    <div class=\"features-item\" data-aos=\"fade-up\">\r\n    <div class=\"features-box\">\r\n                    <div class=\"image-holder\">\r\n                <img loading=\"lazy\" decoding=\"async\" width=\"350\" height=\"320\" src=\"https:\/\/bas-ip.com\/wp-content\/uploads\/2023\/04\/4-350x320.jpg\" class=\"attachment-thumbnail_350x320 size-thumbnail_350x320\" alt=\"\" \/>            <\/div>\r\n        \r\n        <div class=\"text-holder\">\r\n                        <h3 class=\"title-block\">Vadu domofonu sist\u0113mas biznesam<\/h3>\r\n          \r\n                        <div class=\"text-block\">\r\n                <p>Kam\u0113r bezvadu tehnolo\u0123ija turpina g\u016bt popularit\u0101ti, vadu domofonu sist\u0113mas biznesam pied\u0101v\u0101 vair\u0101kas priek\u0161roc\u012bbas, tostarp paaugstin\u0101tu uzticam\u012bbu, samazin\u0101tu trauc\u0113jumus un uzlabotu dro\u0161\u012bbu. BAS-IP vadu domofonu sist\u0113mas ir izstr\u0101d\u0101tas, lai nodro\u0161in\u0101tu stabilu veiktsp\u0113ju, garant\u0113jot nevainojamu sazi\u0146u un piek\u013cuves kontroli j\u016bsu biroj\u0101 vai komerci\u0101laj\u0101s telp\u0101s.<\/p>\n              <\/div>\r\n                  <\/div>\r\n    <\/div>\r\n<\/div>\r\n                    <div class=\"features-item\" data-aos=\"fade-up\">\r\n    <div class=\"features-box\">\r\n                    <div class=\"image-holder\">\r\n                <img loading=\"lazy\" decoding=\"async\" width=\"350\" height=\"320\" src=\"https:\/\/bas-ip.com\/wp-content\/uploads\/2023\/04\/5-1-350x320.jpg\" class=\"attachment-thumbnail_350x320 size-thumbnail_350x320\" alt=\"\" \/>            <\/div>\r\n        \r\n        <div class=\"text-holder\">\r\n                        <h3 class=\"title-block\">Galda domofonu un biroja domofonu integr\u0101cija<\/h3>\r\n          \r\n                        <div class=\"text-block\">\r\n                <p>BAS-IP biznesa domofonu sist\u0113mas viegli integr\u0113jas galda t\u0101lru\u0146os un biroja domofonu sist\u0113m\u0101s, \u013caujot darbiniekiem vienk\u0101r\u0161i sazin\u0101ties darba viet\u0101. Tas veicina sadarb\u012bbas vidi un nodro\u0161ina, ka svar\u012bga inform\u0101cija tiek \u0101tri un prec\u012bzi nodota.<\/p>\n              <\/div>\r\n                  <\/div>\r\n    <\/div>\r\n<\/div>\r\n                    <div class=\"features-item\" data-aos=\"fade-up\">\r\n    <div class=\"features-box\">\r\n                    <div class=\"image-holder\">\r\n                <img loading=\"lazy\" decoding=\"async\" width=\"350\" height=\"320\" src=\"https:\/\/bas-ip.com\/wp-content\/uploads\/2023\/04\/6-350x320.jpg\" class=\"attachment-thumbnail_350x320 size-thumbnail_350x320\" alt=\"\" \/>            <\/div>\r\n        \r\n        <div class=\"text-holder\">\r\n                        <h3 class=\"title-block\">R\u016bpniecisko domofonu sist\u0113mu savietojam\u012bba<\/h3>\r\n          \r\n                        <div class=\"text-block\">\r\n                <p>Uz\u0146\u0113mumiem, kas str\u0101d\u0101 r\u016bpniecisk\u0101s vid\u0113s, BAS-IP domofonu sist\u0113mas pied\u0101v\u0101 iztur\u012bgus sazi\u0146as risin\u0101jumus, kas izstr\u0101d\u0101ti, lai iztur\u0113tu skarbus apst\u0101k\u013cus. Ievie\u0161ot uzticamu r\u016bpniecisko domofonu sist\u0113mu, j\u016bs varat nodro\u0161in\u0101t efekt\u012bvu sazi\u0146u un dro\u0161u piek\u013cuves kontroli pat vispras\u012bg\u0101kaj\u0101s vid\u0113s.<\/p>\n              <\/div>\r\n                  <\/div>\r\n    <\/div>\r\n<\/div>\r\n            <\/div>\r\n<\/section>\r\n<!-- END Block Features -->\n\n<!-- START Block FAQ --><section id=\"block_64215db07ecd6\" class=\"faq-section\">\r\n\t\t    <h2 class=\"title-section\" data-aos=\"fade-right\">Bie\u017e\u0101k uzdotie jaut\u0101jumi par biznesa domofonu sist\u0113m\u0101m<\/h2>\r\n\t\t\t    <div class=\"faq-list js-accordion\" data-aos=\"fade-up\">\r\n\t\t\t\t\t\t\t\t\t\t\t    <div class=\"accordion-item faq-item\">\r\n                        <div class=\"accordion-opener\">\r\n                            Q: K\u0101 biznesa domofonu sist\u0113ma var uzlabot biroja dro\u0161\u012bbu?                            <i class=\"fa-solid fa-chevron-down\"><\/i>\r\n                        <\/div>\r\n                        <div class=\"accordion-slide\">\r\n\t\t\t\t\t\t    <p>Iek\u013caujot t\u0101das funkcijas k\u0101 video uzraudz\u012bba, piek\u013cuves kontrole un apmekl\u0113t\u0101ju identifik\u0101cija, biznesa domofonu sist\u0113mas pal\u012bdz aizsarg\u0101t j\u016bsu biroju vai komerci\u0101lo \u012bpa\u0161umu pret neat\u013cautu piek\u013cuvi un potenci\u0101liem draudiem.<\/p>\n                        <\/div>\r\n\t\t\t\t\t<\/div>\r\n\t\t\t\t\t\t\t\t\t\t\t\t\t\t\t    <div class=\"accordion-item faq-item\">\r\n                        <div class=\"accordion-opener\">\r\n                            Q: Vai es varu integr\u0113t BAS-IP domofonu sist\u0113mu sav\u0101 eso\u0161aj\u0101 IP viet\u0113j\u0101 t\u012bkl\u0101?                            <i class=\"fa-solid fa-chevron-down\"><\/i>\r\n                        <\/div>\r\n                        <div class=\"accordion-slide\">\r\n\t\t\t\t\t\t    <p>J\u0101, BAS-IP domofonu sist\u0113mas var viegli integr\u0113t eso\u0161ajos IP viet\u0113jos t\u012bklos, \u013caujot darbiniekiem piek\u013c\u016bt sist\u0113mai un atv\u0113rt durvis no saviem datoriem un citiem piesl\u0113gtiem ier\u012bc\u0113m. Tas vienk\u0101r\u0161o sazi\u0146u un piek\u013cuves kontroli j\u016bsu darbaviet\u0101.<\/p>\n                        <\/div>\r\n\t\t\t\t\t<\/div>\r\n\t\t\t\t\t\t\t\t\t\t\t\t\t\t\t    <div class=\"accordion-item faq-item\">\r\n                        <div class=\"accordion-opener\">\r\n                            Q: Kas padara BAS-IP vadu domofonu sist\u0113mas par lab\u0101ku izv\u0113li sal\u012bdzin\u0101jum\u0101 ar bezvadu iesp\u0113j\u0101m?                            <i class=\"fa-solid fa-chevron-down\"><\/i>\r\n                        <\/div>\r\n                        <div class=\"accordion-slide\">\r\n\t\t\t\t\t\t    <p>Vadu domofonu sist\u0113mas pied\u0101v\u0101 paaugstin\u0101tu uzticam\u012bbu, samazin\u0101tu trauc\u0113jumus un uzlabotu dro\u0161\u012bbu sal\u012bdzin\u0101jum\u0101 ar bezvadu iesp\u0113j\u0101m. BAS-IP vadu domofonu sist\u0113mas ir izstr\u0101d\u0101tas, lai nodro\u0161in\u0101tu stabilu veiktsp\u0113ju, padarot t\u0101s ide\u0101li piem\u0113rotas uz\u0146\u0113mumiem, kas mekl\u0113 uzticamus sazi\u0146as risin\u0101jumus.<\/p>\n                        <\/div>\r\n\t\t\t\t\t<\/div>\r\n\t\t\t\t\t\t\t\t\t\t\t\t\t\t\t    <div class=\"accordion-item faq-item\">\r\n                        <div class=\"accordion-opener\">\r\n                            Q: Vai BAS-IP domofonu sist\u0113mas ir piem\u0113rotas r\u016bpniecisk\u0101m vid\u0113m?                            <i class=\"fa-solid fa-chevron-down\"><\/i>\r\n                        <\/div>\r\n                        <div class=\"accordion-slide\">\r\n\t\t\t\t\t\t    <p>J\u0101, BAS-IP domofonu sist\u0113mas ir izstr\u0101d\u0101tas, lai b\u016btu savietojamas ar r\u016bpniecisk\u0101m vid\u0113m. \u0160\u012bs iztur\u012bg\u0101s sist\u0113mas var iztur\u0113t skarbus apst\u0101k\u013cus, nodro\u0161inot efekt\u012bvu sazi\u0146u un dro\u0161u piek\u013cuves kontroli da\u017e\u0101d\u0101s nozar\u0113s.<\/p>\n                        <\/div>\r\n\t\t\t\t\t<\/div>\r\n\t\t\t\t\t\t\t\t\t\t\t\t\t\t\t    <div class=\"accordion-item faq-item\">\r\n                        <div class=\"accordion-opener\">\r\n                            Q: Vai es varu izmantot BAS-IP domofonu sist\u0113mu, lai integr\u0113tu to ar man\u0101m viedaj\u0101m biroja ier\u012bc\u0113m?                            <i class=\"fa-solid fa-chevron-down\"><\/i>\r\n                        <\/div>\r\n                        <div class=\"accordion-slide\">\r\n\t\t\t\t\t\t    <p>J\u0101, BAS-IP domofonu sist\u0113mas ir izstr\u0101d\u0101tas, lai b\u016btu savietojamas ar da\u017e\u0101d\u0101m vied\u0101m biroja ier\u012bc\u0113m, piem\u0113ram, apgaismojuma un klimata kontroles sist\u0113m\u0101m. Tas \u013cauj vienk\u0101r\u0161u integr\u0101ciju un uzlabo kop\u0113jo funkcionalit\u0101ti j\u016bsu darbaviet\u0101.<\/p>\n                        <\/div>\r\n\t\t\t\t\t<\/div>\r\n\t\t\t\t\t\t\t\t\t<\/div>\r\n\t<\/section>\r\n<!-- END Block FAQ -->\n\n\n<p>M\u016bsdienu \u0101traj\u0101 biznesa pasaul\u0113 efekt\u012bva sazi\u0146a un uzticami dro\u0161\u012bbas pas\u0101kumi ir b\u016btiski. <strong>BAS-IP<\/strong> biznesa domofonu sist\u0113mas pied\u0101v\u0101 visaptvero\u0161u risin\u0101jumu, apvienojot jaun\u0101k\u0101s funkcijas, uzticamu aparat\u016bru un nevainojamu integr\u0101ciju ar eso\u0161ajiem IP viet\u0113jiem t\u012bkliem. Ievie\u0161ot <strong>BAS-IP<\/strong> domofonu sist\u0113mu sav\u0101 biroj\u0101 vai komerci\u0101laj\u0101 \u012bpa\u0161um\u0101, j\u016bs varat uzlabot sazi\u0146u, dro\u0161\u012bbu un kop\u0113jo darbavietas funkcionalit\u0101ti. Izbaudiet pasaules klases domofonu sist\u0113mas priek\u0161roc\u012bbas un revolucioniz\u0113jiet savu darbavietu ar <strong>BAS-IP<\/strong> inovat\u012bvajiem domofonu risin\u0101jumiem. Iepaz\u012bstiet efekt\u012bvas sazi\u0146as, uzlabotas dro\u0161\u012bbas un nevainojamas integr\u0101cijas iesp\u0113jas, kas var pal\u012bdz\u0113t j\u016bsu uz\u0146\u0113mumam uzplaukt arvien vair\u0101k savienotaj\u0101 pasaul\u0113.<\/p>","protected":false},"excerpt":{"rendered":"<p>Revolucioniz\u0113jiet savu darbavietu ar biznesa domofonu sist\u0113m\u0101m T\u0101 k\u0101 tehnolo\u0123ijas turpina att\u012bst\u012bties, uz\u0146\u0113mumiem ir b\u016btiski sekot l\u012bdzi jaun\u0101kajiem sasniegumiem. Viens no \u0161\u0101diem jaunin\u0101jumiem ir biznesa domofonu sist\u0113mu integr\u0101cija, kas nodro\u0161ina pastiprin\u0101tu dro\u0161\u012bbu un efekt\u012bvu sazi\u0146u birojos un komerci\u0101laj\u0101s telp\u0101s. BAS-IP IP domofoni pied\u0101v\u0101 visaptvero\u0161u risin\u0101jumu ar daudz\u0101m unik\u0101l\u0101m funkcij\u0101m, kas piel\u0101gotas m\u016bsdien\u012bgai darbavietai. Apskat\u012bsim biznesa [&hellip;]<\/p>","protected":false},"author":1,"featured_media":0,"parent":0,"menu_order":0,"comment_status":"closed","ping_status":"closed","template":"","meta":{"inline_featured_image":false,"footnotes":""},"class_list":["post-133243","page","type-page","status-publish","hentry"],"acf":[],"_links":{"self":[{"href":"https:\/\/bas-ip.com\/lv\/wp-json\/wp\/v2\/pages\/133243","targetHints":{"allow":["GET"]}}],"collection":[{"href":"https:\/\/bas-ip.com\/lv\/wp-json\/wp\/v2\/pages"}],"about":[{"href":"https:\/\/bas-ip.com\/lv\/wp-json\/wp\/v2\/types\/page"}],"author":[{"embeddable":true,"href":"https:\/\/bas-ip.com\/lv\/wp-json\/wp\/v2\/users\/1"}],"replies":[{"embeddable":true,"href":"https:\/\/bas-ip.com\/lv\/wp-json\/wp\/v2\/comments?post=133243"}],"version-history":[{"count":4,"href":"https:\/\/bas-ip.com\/lv\/wp-json\/wp\/v2\/pages\/133243\/revisions"}],"predecessor-version":[{"id":133344,"href":"https:\/\/bas-ip.com\/lv\/wp-json\/wp\/v2\/pages\/133243\/revisions\/133344"}],"wp:attachment":[{"href":"https:\/\/bas-ip.com\/lv\/wp-json\/wp\/v2\/media?parent=133243"}],"curies":[{"name":"wp","href":"https:\/\/api.w.org\/{rel}","templated":true}]}}