{"id":133083,"date":"2023-03-28T17:03:55","date_gmt":"2023-03-28T17:03:55","guid":{"rendered":"https:\/\/bas-ip.com\/case-studies\/"},"modified":"2025-03-06T11:52:21","modified_gmt":"2025-03-06T11:52:21","slug":"case-studies","status":"publish","type":"page","link":"https:\/\/bas-ip.com\/lv\/case-studies\/","title":{"rendered":"Risin\u0101jumi"},"content":{"rendered":"<h1 class=\"wp-block-heading\"><strong>Domofonu risin\u0101jumi<\/strong><\/h1>\n\n\n\n<p>BAS-IP ir l\u012bderis, kas nodro\u0161ina modernus domofonu risin\u0101jumus da\u017e\u0101d\u0101m nozar\u0113m, pied\u0101v\u0101jot izcilu dro\u0161\u012bbu un komunik\u0101cijas pieredzi. \u0160aj\u0101 rakst\u0101 m\u0113s apl\u016bkojam se\u0161us p\u0101rliecino\u0161us domofonu lietojumu piem\u0113rus, kas demonstr\u0113 BAS-IP produktu daudzpus\u012bbu un efektivit\u0101ti da\u017e\u0101d\u0101s vid\u0113s. No daudzdz\u012bvok\u013cu \u0113k\u0101m l\u012bdz slimn\u012bcu iest\u0101d\u0113m, \u0161ie lietojumu piem\u0113ri izce\u013c BAS-IP domofonu sist\u0113mu transform\u0113jo\u0161o sp\u0113ku.<\/p>\n\n\n<!-- START Block Info 3 Columns with links --><section id=\"block_6437b6d9794a8\" class=\"info-columns-section\">\r\n   <div class=\"column-list\">\r\n                        <div class=\"column-item\" data-aos=\"fade-up\" data-aos-delay=\"100\">\r\n                  <div class=\"image-block\">\r\n            <a href=\"\/building-intercom-system\/\">\r\n               <img loading=\"lazy\" decoding=\"async\" width=\"320\" height=\"232\" src=\"https:\/\/bas-ip.com\/wp-content\/uploads\/2023\/04\/1-5.jpg\" class=\"attachment-thumbnail_345x250 size-thumbnail_345x250\" alt=\"\" srcset=\"https:\/\/bas-ip.com\/wp-content\/uploads\/2023\/04\/1-5.jpg 320w,  https:\/\/bas-ip.com\/wp-content\/uploads\/2023\/04\/1-5-300x218.jpg 300w\" sizes=\"auto, (max-width: 320px) 100vw, 320px\" \/><\/a>\r\n         <\/div>\r\n         \r\n                  <a href=\"\/building-intercom-system\/\">\r\n            <h3 class=\"title-section\">Daudzdz\u012bvok\u013cu \u0113ka: Nevainojama dz\u012bves pieredze.<\/h3>\r\n         <\/a>\r\n                           <div class=\"text-block\">\r\n            <p>BAS-IP domofonu risin\u0101jumi ir radik\u0101li main\u012bju\u0161i veidu, k\u0101 iedz\u012bvot\u0101ji mijiedarbojas ar savu dz\u012bves vidi. Daudzdz\u012bvok\u013cu \u0113k\u0101, ievie\u0161ot BAS-IP domofonu sist\u0113mu, tika ne tikai uzlabota dro\u0161\u012bba, bet ar\u012b veicin\u0101ta vienm\u0113r\u012bga komunik\u0101cija starp \u012brniekiem, apmekl\u0113t\u0101jiem un \u0113kas p\u0101rvald\u012bbu. Sist\u0113mas lietot\u0101jam draudz\u012bgais interfeiss un integr\u0101cija ar vied\u0101s m\u0101jas tehnolo\u0123ij\u0101m nodro\u0161in\u0101ja iedz\u012bvot\u0101jiem jaunu \u0113rt\u012bbu un pieejam\u012bbas l\u012bmeni, paaugstinot vi\u0146u dz\u012bves pieredzi.<\/p>\n         <\/div>\r\n               <\/div>\r\n                              <div class=\"column-item\" data-aos=\"fade-up\" data-aos-delay=\"200\">\r\n                  <div class=\"image-block\">\r\n            <a href=\"\/business-intercom-systems-for-office\/\">\r\n               <img loading=\"lazy\" decoding=\"async\" width=\"320\" height=\"232\" src=\"https:\/\/bas-ip.com\/wp-content\/uploads\/2023\/04\/2-5.jpg\" class=\"attachment-thumbnail_345x250 size-thumbnail_345x250\" alt=\"\" srcset=\"https:\/\/bas-ip.com\/wp-content\/uploads\/2023\/04\/2-5.jpg 320w,  https:\/\/bas-ip.com\/wp-content\/uploads\/2023\/04\/2-5-300x218.jpg 300w\" sizes=\"auto, (max-width: 320px) 100vw, 320px\" \/><\/a>\r\n         <\/div>\r\n         \r\n                  <a href=\"\/business-intercom-systems-for-office\/\">\r\n            <h3 class=\"title-section\">Komercija: darb\u012bbu un dro\u0161\u012bbas optimiz\u0101cija<\/h3>\r\n         <\/a>\r\n                           <div class=\"text-block\">\r\n            <p>Komerci\u0101l\u0101 vai r\u016bpniecisk\u0101 vid\u0113 efekt\u012bva komunik\u0101cija un dro\u0161\u012bba ir kritiski svar\u012bgas vienm\u0113r\u012bgai darb\u012bbai. BAS-IP domofonu risin\u0101jumiem bija b\u016btiska loma darba pl\u016bsmas un dro\u0161\u012bbas pas\u0101kumu uzlabo\u0161an\u0101 liel\u0101 ra\u017eo\u0161anas uz\u0146\u0113mum\u0101. Integr\u0113jot domofonu sist\u0113mu ar piek\u013cuves kontroli, videonov\u0113ro\u0161anu un \u0101rk\u0101rtas rea\u0123\u0113\u0161anas funkcij\u0101m, uz\u0146\u0113mums iev\u0113rojami uzlaboja komunik\u0101ciju un visp\u0101r\u0113jo dro\u0161\u012bbu.<\/p>\n         <\/div>\r\n               <\/div>\r\n                              <div class=\"column-item\" data-aos=\"fade-up\" data-aos-delay=\"300\">\r\n                  <div class=\"image-block\">\r\n            <a href=\"\/intercom-systems-for-home-and-house\/\">\r\n               <img loading=\"lazy\" decoding=\"async\" width=\"320\" height=\"232\" src=\"https:\/\/bas-ip.com\/wp-content\/uploads\/2023\/04\/3-5.jpg\" class=\"attachment-thumbnail_345x250 size-thumbnail_345x250\" alt=\"\" srcset=\"https:\/\/bas-ip.com\/wp-content\/uploads\/2023\/04\/3-5.jpg 320w,  https:\/\/bas-ip.com\/wp-content\/uploads\/2023\/04\/3-5-300x218.jpg 300w\" sizes=\"auto, (max-width: 320px) 100vw, 320px\" \/><\/a>\r\n         <\/div>\r\n         \r\n                  <a href=\"\/intercom-systems-for-home-and-house\/\">\r\n            <h3 class=\"title-section\">Home: Enhancing Safety and Connectivity<\/h3>\r\n         <\/a>\r\n                           <div class=\"text-block\">\r\n            <p>T\u0101 k\u0101 m\u0101ju \u012bpa\u0161nieki arvien vair\u0101k piev\u0113r\u0161 uzman\u012bbu dro\u0161\u012bbai un vied\u0101s m\u0101jas tehnolo\u0123ij\u0101m, BAS-IP domofonu risin\u0101jumi ir k\u013cuvu\u0161i par popul\u0101ru izv\u0113li. K\u0101das piepils\u0113tas m\u0101jas gad\u012bjum\u0101 BAS-IP domofona sist\u0113mas uzst\u0101d\u012b\u0161ana ne tikai paaugstin\u0101ja dro\u0161\u012bbas l\u012bmeni, bet ar\u012b uzlaboja sazi\u0146u ar \u0123imenes locek\u013ciem un viesiem. Intuit\u012bvais interfeiss un sader\u012bba ar viedt\u0101lru\u0146iem \u013c\u0101va m\u0101jas \u012bpa\u0161niekiem \u0113rti uzraudz\u012bt savu \u012bpa\u0161umu un sazin\u0101ties, radot dro\u0161u un savienotu dz\u012bves vidi.<\/p>\n         <\/div>\r\n               <\/div>\r\n                              <div class=\"column-item\" data-aos=\"fade-up\" data-aos-delay=\"400\">\r\n                  <div class=\"image-block\">\r\n            <a href=\"\/medical-hospital-intercom-system\/\">\r\n               <img loading=\"lazy\" decoding=\"async\" width=\"320\" height=\"232\" src=\"https:\/\/bas-ip.com\/wp-content\/uploads\/2023\/04\/4-5.jpg\" class=\"attachment-thumbnail_345x250 size-thumbnail_345x250\" alt=\"\" srcset=\"https:\/\/bas-ip.com\/wp-content\/uploads\/2023\/04\/4-5.jpg 320w,  https:\/\/bas-ip.com\/wp-content\/uploads\/2023\/04\/4-5-300x218.jpg 300w\" sizes=\"auto, (max-width: 320px) 100vw, 320px\" \/><\/a>\r\n         <\/div>\r\n         \r\n                  <a href=\"\/medical-hospital-intercom-system\/\">\r\n            <h3 class=\"title-section\">Slimn\u012bca: pacientu apr\u016bpes un dro\u0161\u012bbas stiprin\u0101\u0161ana<\/h3>\r\n         <\/a>\r\n                           <div class=\"text-block\">\r\n            <p>Slimn\u012bc\u0101m un medic\u012bnas iest\u0101d\u0113m ir nepiecie\u0161amas modernas komunik\u0101cijas sist\u0113mas, lai nodro\u0161in\u0101tu efekt\u012bvu pacientu apr\u016bpi un dro\u0161\u012bbu. M\u016bsdien\u012bg\u0101 slimn\u012bc\u0101 tika ieviesti BAS-IP domofonu risin\u0101jumi, kas uzlaboja sazi\u0146u starp medic\u012bnas person\u0101lu, pacientiem un apmekl\u0113t\u0101jiem. Sist\u0113ma nodro\u0161in\u0101ja \u0101tru rea\u0123\u0113\u0161anu \u0101rk\u0101rtas situ\u0101cij\u0101s, veicin\u0101ja pacientu priv\u0101tumu un uzlaboja kop\u0113jo slimn\u012bcas dro\u0161\u012bbu. BAS-IP domofonu sist\u0113mas integr\u0101cija k\u013cuva par b\u016btisku risin\u0101jumu izcilas pacientu apr\u016bpes nodro\u0161in\u0101\u0161an\u0101.<\/p>\n         <\/div>\r\n               <\/div>\r\n                              <div class=\"column-item\" data-aos=\"fade-up\" data-aos-delay=\"500\">\r\n                  <div class=\"image-block\">\r\n            <a href=\"\/intercom-systems-for-schools\/\">\r\n               <img loading=\"lazy\" decoding=\"async\" width=\"320\" height=\"232\" src=\"https:\/\/bas-ip.com\/wp-content\/uploads\/2023\/04\/5-5.jpg\" class=\"attachment-thumbnail_345x250 size-thumbnail_345x250\" alt=\"\" srcset=\"https:\/\/bas-ip.com\/wp-content\/uploads\/2023\/04\/5-5.jpg 320w,  https:\/\/bas-ip.com\/wp-content\/uploads\/2023\/04\/5-5-300x218.jpg 300w\" sizes=\"auto, (max-width: 320px) 100vw, 320px\" \/><\/a>\r\n         <\/div>\r\n         \r\n                  <a href=\"\/intercom-systems-for-schools\/\">\r\n            <h3 class=\"title-section\">Skola: dro\u0161as m\u0101c\u012bbu vides veicin\u0101\u0161ana<\/h3>\r\n         <\/a>\r\n                           <div class=\"text-block\">\r\n            <p>Izgl\u012bt\u012bbas iest\u0101d\u0113m ir nepiecie\u0161amas uzticamas dro\u0161\u012bbas un komunik\u0101cijas sist\u0113mas, lai aizsarg\u0101tu skol\u0113nus un person\u0101lu. M\u016bsdien\u012bg\u0101 skol\u0101 BAS-IP domofonu risin\u0101jumi bija b\u016btiski dro\u0161as m\u0101c\u012bbu vides nodro\u0161in\u0101\u0161an\u0101. Sist\u0113ma \u013c\u0101va nodro\u0161in\u0101t nevainojamu sazi\u0146u starp klas\u0113m, administr\u0101cijas birojiem un \u0101r\u0113jiem apmekl\u0113t\u0101jiem, veicinot skol\u0113nu un person\u0101la dro\u0161\u012bbu. Turkl\u0101t domofona sist\u0113mas integr\u0101cija ar piek\u013cuves kontroli un videonov\u0113ro\u0161anas funkcij\u0101m iev\u0113rojami uzlaboja skolas visp\u0101r\u0113jo dro\u0161\u012bbu.<\/p>\n         <\/div>\r\n               <\/div>\r\n                              <div class=\"column-item\" data-aos=\"fade-up\" data-aos-delay=\"600\">\r\n                  <div class=\"image-block\">\r\n            <a href=\"\/gate-intercom-system\/\">\r\n               <img loading=\"lazy\" decoding=\"async\" width=\"320\" height=\"232\" src=\"https:\/\/bas-ip.com\/wp-content\/uploads\/2023\/04\/6-4.jpg\" class=\"attachment-thumbnail_345x250 size-thumbnail_345x250\" alt=\"\" srcset=\"https:\/\/bas-ip.com\/wp-content\/uploads\/2023\/04\/6-4.jpg 320w,  https:\/\/bas-ip.com\/wp-content\/uploads\/2023\/04\/6-4-300x218.jpg 300w\" sizes=\"auto, (max-width: 320px) 100vw, 320px\" \/><\/a>\r\n         <\/div>\r\n         \r\n                  <a href=\"\/gate-intercom-system\/\">\r\n            <h3 class=\"title-section\">V\u0101rti: perimetra dro\u0161\u012bbas stiprin\u0101\u0161ana<\/h3>\r\n         <\/a>\r\n                           <div class=\"text-block\">\r\n            <p>V\u0101rtu dro\u0161\u012bba ir b\u016btiska \u012bpa\u0161uma aizsardz\u012bbai un priv\u0101tuma saglab\u0101\u0161anai. Augstas klases dz\u012bvojam\u0101 kopien\u0101 perimetra dro\u0161\u012bbas stiprin\u0101\u0161anai tika ieviesti BAS-IP domofonu risin\u0101jumi. Sist\u0113ma \u013c\u0101va iedz\u012bvot\u0101jiem att\u0101lin\u0101ti pie\u0161\u0137irt vai liegt piek\u013cuvi apmekl\u0113t\u0101jiem, savuk\u0101rt integr\u0101cija ar videonov\u0113ro\u0161anu nodro\u0161in\u0101ja \u0113rtu kopienas ieeju un izeju uzraudz\u012bbu. \u0160is modernais domofonu risin\u0101jums iev\u0113rojami uzlaboja dro\u0161\u012bbas saj\u016btu un sniedza iedz\u012bvot\u0101jiem liel\u0101ku sirdsmieru.<\/p>\n         <\/div>\r\n               <\/div>\r\n                     <\/div>\r\n<\/section>\r\n<!-- END Block Info 3 Columns with links -->\n\n\n<p>\u0160ie domofonu lieto\u0161anas piem\u0113ri atspogu\u013co BAS-IP domofonu risin\u0101jumu iev\u0113rojamo daudzpus\u012bbu un efektivit\u0101ti da\u017e\u0101dos sektoros. No dz\u012bvojam\u0101m kopien\u0101m l\u012bdz slimn\u012bc\u0101m \u2013 BAS-IP domofonu sist\u0113mu ievie\u0161ana ir b\u016btiski uzlabojusi sazi\u0146u, dro\u0161\u012bbu un kop\u0113jo lietot\u0101ju pieredzi. Tehnolo\u0123ij\u0101m nep\u0101rtraukti att\u012bstoties, BAS-IP joproj\u0101m ir ap\u0146\u0113mies nodro\u0161in\u0101t inovat\u012bvus un augst\u0101k\u0101s kvalit\u0101tes domofonu risin\u0101jumus, kas atbilst da\u017e\u0101du nozaru main\u012bgaj\u0101m vajadz\u012bb\u0101m.<\/p>\n\n\n<!-- START Block FAQ --><section id=\"block_64231e53deae2\" class=\"faq-section\">\r\n\t\t    <h2 class=\"title-section\" data-aos=\"fade-right\">Bie\u017e\u0101k uzdotie jaut\u0101jumi<\/h2>\r\n\t\t\t    <div class=\"faq-list js-accordion\" data-aos=\"fade-up\">\r\n\t\t\t\t\t\t\t\t\t\t\t    <div class=\"accordion-item faq-item\">\r\n                        <div class=\"accordion-opener\">\r\n                            Q: K\u0101 BAS-IP nodro\u0161ina savu domofonu risin\u0101jumu dro\u0161\u012bbu un uzticam\u012bbu?                            <i class=\"fa-solid fa-chevron-down\"><\/i>\r\n                        <\/div>\r\n                        <div class=\"accordion-slide\">\r\n\t\t\t\t\t\t    <p>BAS-IP izmanto progres\u012bvus \u0161ifr\u0113\u0161anas protokolus un iztur\u012bgu aparat\u016bru, lai nodro\u0161in\u0101tu savu domofonu sist\u0113mu dro\u0161\u012bbu un uzticam\u012bbu. \u0160\u012b ap\u0146em\u0161an\u0101s pied\u0101v\u0101t modern\u0101k\u0101s tehnolo\u0123ijas ir padar\u012bjusi BAS-IP par uzticamu izv\u0113li da\u017e\u0101d\u0101m nozar\u0113m vis\u0101 pasaul\u0113.<\/p>\n                        <\/div>\r\n\t\t\t\t\t<\/div>\r\n\t\t\t\t\t\t\t\t\t\t\t\t\t\t\t    <div class=\"accordion-item faq-item\">\r\n                        <div class=\"accordion-opener\">\r\n                            Q: K\u0101 BAS-IP domofonu risin\u0101jumi veicina energoefektivit\u0101ti?                            <i class=\"fa-solid fa-chevron-down\"><\/i>\r\n                        <\/div>\r\n                        <div class=\"accordion-slide\">\r\n\t\t\t\t\t\t    <p>BAS-IP domofonu sist\u0113mas ir izstr\u0101d\u0101tas, \u0146emot v\u0113r\u0101 energoefektivit\u0101ti. Iek\u013caujot t\u0101das funkcijas k\u0101 kust\u012bbas aktiviz\u0113ts apgaismojums, vied\u0101 klimata kontrole un ener\u0123ijas taup\u012b\u0161anas gaid\u012b\u0161anas re\u017e\u012bmi, BAS-IP domofonu risin\u0101jumi veicina videi draudz\u012bg\u0101ku un ilgtsp\u0113j\u012bg\u0101ku vidi.<\/p>\n                        <\/div>\r\n\t\t\t\t\t<\/div>\r\n\t\t\t\t\t\t\t\t\t\t\t\t\t\t\t    <div class=\"accordion-item faq-item\">\r\n                        <div class=\"accordion-opener\">\r\n                            Q: K\u0101du atbalstu BAS-IP pied\u0101v\u0101 saviem domofonu risin\u0101jumiem?                            <i class=\"fa-solid fa-chevron-down\"><\/i>\r\n                        <\/div>\r\n                        <div class=\"accordion-slide\">\r\n\t\t\t\t\t\t    <p>BAS-IP ir ap\u0146\u0113mies nodro\u0161in\u0101t izcilu klientu atbalstu, pied\u0101v\u0101jot visaptvero\u0161u tehnisko pal\u012bdz\u012bbu un resursus, lai garant\u0113tu savu domofonu sist\u0113mu vienm\u0113r\u012bgu ievie\u0161anu un darb\u012bbu. \u0160\u012b uztic\u012bba klientu apmierin\u0101t\u012bbai ir pal\u012bdz\u0113jusi BAS-IP ieg\u016bt izcilu reput\u0101ciju nozar\u0113.<\/p>\n                        <\/div>\r\n\t\t\t\t\t<\/div>\r\n\t\t\t\t\t\t\t\t\t<\/div>\r\n\t<\/section>\r\n<!-- END Block FAQ -->","protected":false},"excerpt":{"rendered":"<p>Domofonu risin\u0101jumi BAS-IP ir l\u012bderis, kas nodro\u0161ina modernus domofonu risin\u0101jumus da\u017e\u0101d\u0101m nozar\u0113m, pied\u0101v\u0101jot izcilu dro\u0161\u012bbu un komunik\u0101cijas pieredzi. \u0160aj\u0101 rakst\u0101 m\u0113s apl\u016bkojam se\u0161us p\u0101rliecino\u0161us domofonu lietojumu piem\u0113rus, kas demonstr\u0113 BAS-IP produktu daudzpus\u012bbu un efektivit\u0101ti da\u017e\u0101d\u0101s vid\u0113s. No daudzdz\u012bvok\u013cu \u0113k\u0101m l\u012bdz slimn\u012bcu iest\u0101d\u0113m, \u0161ie lietojumu piem\u0113ri izce\u013c BAS-IP domofonu sist\u0113mu transform\u0113jo\u0161o sp\u0113ku. \u0160ie domofonu lieto\u0161anas piem\u0113ri [&hellip;]<\/p>","protected":false},"author":1,"featured_media":0,"parent":0,"menu_order":0,"comment_status":"closed","ping_status":"closed","template":"","meta":{"inline_featured_image":false,"footnotes":""},"class_list":["post-133083","page","type-page","status-publish","hentry"],"acf":[],"_links":{"self":[{"href":"https:\/\/bas-ip.com\/lv\/wp-json\/wp\/v2\/pages\/133083","targetHints":{"allow":["GET"]}}],"collection":[{"href":"https:\/\/bas-ip.com\/lv\/wp-json\/wp\/v2\/pages"}],"about":[{"href":"https:\/\/bas-ip.com\/lv\/wp-json\/wp\/v2\/types\/page"}],"author":[{"embeddable":true,"href":"https:\/\/bas-ip.com\/lv\/wp-json\/wp\/v2\/users\/1"}],"replies":[{"embeddable":true,"href":"https:\/\/bas-ip.com\/lv\/wp-json\/wp\/v2\/comments?post=133083"}],"version-history":[{"count":12,"href":"https:\/\/bas-ip.com\/lv\/wp-json\/wp\/v2\/pages\/133083\/revisions"}],"predecessor-version":[{"id":133177,"href":"https:\/\/bas-ip.com\/lv\/wp-json\/wp\/v2\/pages\/133083\/revisions\/133177"}],"wp:attachment":[{"href":"https:\/\/bas-ip.com\/lv\/wp-json\/wp\/v2\/media?parent=133083"}],"curies":[{"name":"wp","href":"https:\/\/api.w.org\/{rel}","templated":true}]}}