{"id":131229,"date":"2025-02-19T15:47:09","date_gmt":"2025-02-19T15:47:09","guid":{"rendered":"https:\/\/bas-ip.com\/intercom-migration-to-link\/"},"modified":"2025-02-25T10:54:10","modified_gmt":"2025-02-25T10:54:10","slug":"intercom-migration-to-link","status":"publish","type":"page","link":"https:\/\/bas-ip.com\/lv\/intercom-migration-to-link\/","title":{"rendered":"Intercom migr\u0101cija uz Link"},"content":{"rendered":"<h2 data-sourcepos=\"1:1-1:47\">Intercom p\u0101riet uz Link: Ko tas noz\u012bm\u0113 jums?<\/h2>\n<p data-sourcepos=\"3:1-3:296\">S\u0101kot ar 2025. gada 4. martu, Intercom lietotne Android ier\u012bc\u0113m vairs neb\u016bs pieejama Google Play veikal\u0101. Tom\u0113r t\u012bmek\u013ca versija un iOS lietotne turpin\u0101s darboties bez izmai\u0146\u0101m, un Intercom serveri paliks akt\u012bvi, lai nodro\u0161in\u0101tu stabilit\u0101ti un piek\u013cuvi j\u016bsu datiem, l\u012bdz servera atbalsts beigsies.<\/p>\n<p data-sourcepos=\"5:1-5:211\">Aicin\u0101m j\u016bs p\u0101riet uz Link \u2014 jaud\u012bgu risin\u0101jumu, kas izstr\u0101d\u0101ts j\u016bsu \u0113rt\u012bb\u0101m. Platforma pied\u0101v\u0101 uzlabotas p\u0101rvald\u012bbas iesp\u0113jas, augstu stabilit\u0101tes l\u012bmeni un dro\u0161\u012bbu, kas atbilst jaun\u0101kajiem nozares standartiem.<\/p>\n<p data-sourcepos=\"7:1-7:184\">M\u0113s saprotam, ka \u0161\u012bs izmai\u0146as var rad\u012bt jaut\u0101jumus, t\u0101p\u0113c esam sagatavoju\u0161i detaliz\u0113tas instrukcijas un visaptvero\u0161u atbalstu, lai p\u0101reja b\u016btu p\u0113c iesp\u0113jas vienm\u0113r\u012bg\u0101ka un vienk\u0101r\u0161\u0101ka.<\/p>\n<h2 data-sourcepos=\"9:1-9:33\">K\u0101p\u0113c m\u0113s veicam \u0161\u012bs izmai\u0146as?<\/h2>\n<p data-sourcepos=\"11:1-11:383\">M\u016bsu l\u0113mums p\u0101riet uz Link ir pamatots ar nepiecie\u0161am\u012bbu nodro\u0161in\u0101t jums lab\u0101ku pakalpojumu kvalit\u0101ti un modernus r\u012bkus ier\u012b\u010du p\u0101rvald\u012bbai. Intercom lietotne Android ier\u012bc\u0113m ir novecojusi un vairs neatbilst pa\u0161reiz\u0113j\u0101m pras\u012bb\u0101m. Vec\u0101s platformas atjaunin\u0101\u0161anas viet\u0101 m\u0113s izv\u0113l\u0113j\u0101mies izstr\u0101d\u0101t jaud\u012bg\u0101ku un lietot\u0101jam draudz\u012bg\u0101ku risin\u0101jumu, kas noteiks jaunu standartu j\u016bsu \u0113rt\u012bb\u0101m.<\/p>\n<h2 data-sourcepos=\"13:1-13:15\">Kas ir Link?<\/h2>\n<p data-sourcepos=\"15:1-15:200\">Link ir platforma, kas izstr\u0101d\u0101ta tiem, kuri nov\u0113rt\u0113 \u0113rt\u012bbas un uzticam\u012bbu. T\u0101 aizst\u0101j Intercom un pied\u0101v\u0101 vair\u0101k funkciju, uzlabotu dizainu un ilgtermi\u0146a atbalstu. L\u016bk, ko j\u016bs varat sagaid\u012bt no Link:<\/p>\n<ul data-sourcepos=\"17:1-21:0\">\n<li data-sourcepos=\"17:1-17:107\"><strong>P\u0101rveidots interfeiss:<\/strong> Vienk\u0101r\u0161s un intuit\u012bvs dizains, kas izveidots netrauc\u0113tai lietot\u0101ja pieredzei.<\/li>\n<li data-sourcepos=\"18:1-18:118\"><strong>Atbalsts modern\u0101m ier\u012bc\u0113m:<\/strong> Link ir sader\u012bgs ar jaun\u0101kaj\u0101m oper\u0113t\u0101jsist\u0113m\u0101m un integr\u0113jas ar jaun\u0101m tehnolo\u0123ij\u0101m.<\/li>\n<li data-sourcepos=\"19:1-19:124\"><strong>Uzlabotas funkcijas:<\/strong> Piek\u013cuves p\u0101rvald\u012bba, dro\u0161\u012bba un elast\u012bga ier\u012b\u010du konfigur\u0101cija \u2014 viss pieejams jaunaj\u0101 platform\u0101.<\/li>\n<li data-sourcepos=\"20:1-21:0\"><strong>Stabilit\u0101te un uzticam\u012bba:<\/strong> Izstr\u0101d\u0101ts, lai apstr\u0101d\u0101tu lielas slodzes, nodro\u0161inot nep\u0101rtrauktu veiktsp\u0113ju.<\/li>\n<\/ul>\n<h2 data-sourcepos=\"22:1-22:20\">K\u0101 notiks p\u0101reja?<\/h2>\n<p data-sourcepos=\"24:1-24:346\">Esam padar\u012bju\u0161i p\u0101rejas procesu p\u0113c iesp\u0113jas vienm\u0113r\u012bg\u0101ku. Akt\u012bvie Intercom konti tiks autom\u0101tiski migr\u0113ti uz Link platformu, un lietot\u0101ji sa\u0146ems Basic versijas licences, kas vien\u0101das ar SIP numuru skaitu vi\u0146u kont\u0101. Process ir izstr\u0101d\u0101ts, lai samazin\u0101tu iesp\u0113jam\u0101s gr\u016bt\u012bbas, vienlaikus nodro\u0161inot piek\u013cuvi vis\u0101m pieejamaj\u0101m platformas funkcij\u0101m.<\/p>\n<p data-sourcepos=\"26:1-26:41\">\u012apa\u0161uma \u012bpa\u0161niekiem p\u0101reja b\u016bs vienk\u0101r\u0161a:<\/p>\n<ol data-sourcepos=\"28:1-30:0\">\n<li data-sourcepos=\"28:1-28:66\">Iestatiet savu kontu un pievienojiet domofona ier\u012bces serverim.<\/li>\n<li data-sourcepos=\"29:1-30:0\">Aizpildiet tabulu ar iedz\u012bvot\u0101ju inform\u0101ciju un aug\u0161upiel\u0101d\u0113jiet to sist\u0113m\u0101.<\/li>\n<\/ol>\n<p data-sourcepos=\"31:1-31:131\">Sist\u0113ma veiks p\u0101r\u0113jo: t\u0101 izveidos lietot\u0101ju kontus, nos\u016bt\u012bs iel\u016bgumus, konfigur\u0113s domofona ier\u012bces un pie\u0161\u0137irs piek\u013cuvi platformai.<\/p>\n<p data-sourcepos=\"33:1-33:122\">Iedz\u012bvot\u0101jiem b\u016bs tikai j\u0101pabeidz re\u0123istr\u0101cija, izmantojot iel\u016bgumu, un vi\u0146i var\u0113s nekav\u0113joties s\u0101kt lietot jauno sist\u0113mu.<\/p>\n<h2 data-sourcepos=\"35:1-35:22\">Ko dar\u012bs platforma:<\/h2>\n<ul data-sourcepos=\"37:1-40:0\">\n<li data-sourcepos=\"37:1-37:91\">Autom\u0101tiski saist\u012bs lietot\u0101ju kontus ar vi\u0146u ier\u012bc\u0113m un nodro\u0161in\u0101s piek\u013cuvi pakalpojumam.<\/li>\n<li data-sourcepos=\"38:1-38:92\">Konfigur\u0113s domofona integr\u0101ciju, tostarp t\u0101lru\u0146u gr\u0101matas sinhroniz\u0101ciju, ja nepiecie\u0161ams.<\/li>\n<li data-sourcepos=\"39:1-40:0\">Apstr\u0101d\u0101s datus un izsniegs Basic versijas licences Link.<\/li>\n<\/ul>\n<p data-sourcepos=\"41:1-41:161\">Sare\u017e\u0123\u012bt\u0101kiem gad\u012bjumiem, piem\u0113ram, str\u0101d\u0101jot ar vec\u0101k\u0101m ier\u012bc\u0113m vai manu\u0101li p\u0101rs\u016btot datus, esam izstr\u0101d\u0101ju\u0161i r\u012bkus, kas pal\u012bdz partneriem racionaliz\u0113t procesu.<\/p>\n<h2 data-sourcepos=\"43:1-43:31\">K\u0101das ir priek\u0161roc\u012bbas jums?<\/h2>\n<p data-sourcepos=\"45:1-45:92\">Lai p\u0101reja b\u016btu p\u0113c iesp\u0113jas izdev\u012bg\u0101ka, Link platforma pied\u0101v\u0101 pla\u0161u jaunu funkciju kl\u0101stu:<\/p>\n<p data-sourcepos=\"47:1-47:25\"><strong>Piek\u013cuves p\u0101rvald\u012bba:<\/strong><\/p>\n<ul data-sourcepos=\"49:1-50:0\">\n<li data-sourcepos=\"49:1-50:0\">Piln\u012bga kontrole p\u0101r \u0113kas piek\u013cuvi, izmantojot mobilo lietotni, tostarp durvju att\u0101l\u0101 atsl\u0113g\u0161ana un viesu piek\u013cuves p\u0101rvald\u012bba.<\/li>\n<\/ul>\n<p data-sourcepos=\"51:1-51:37\"><strong>Uzlabotas mijiedarb\u012bbas iesp\u0113jas:<\/strong><\/p>\n<ul data-sourcepos=\"53:1-54:0\">\n<li data-sourcepos=\"53:1-54:0\">Integr\u0101cija ar modern\u0101m ier\u012bc\u0113m, piem\u0113ram, Apple Watch un Siri, \u0123imenes pas\u0101kumu p\u0101rvald\u012bba un telpu rezerv\u0113\u0161ana, izmantojot platformu.<\/li>\n<\/ul>\n<p data-sourcepos=\"55:1-55:31\"><strong>Re\u0123istr\u0113\u0161ana un uzraudz\u012bba:<\/strong><\/p>\n<ul data-sourcepos=\"57:1-58:0\">\n<li data-sourcepos=\"57:1-58:0\">Zvanu v\u0113stures un piek\u013cuves \u017eurn\u0101lu skat\u012b\u0161ana, k\u0101 ar\u012b grafiku un ierobe\u017eojumu p\u0101rvald\u012bba.<\/li>\n<\/ul>\n<p data-sourcepos=\"59:1-59:32\"><strong>Modularit\u0101te un piel\u0101go\u0161ana:<\/strong><\/p>\n<ul data-sourcepos=\"61:1-62:0\">\n<li data-sourcepos=\"61:1-62:0\">Telpu izveide dz\u012bvojam\u0101m un komerci\u0101l\u0101m \u0113k\u0101m, elast\u012bgu zvanu p\u0101radres\u0101cijas noteikumu konfigur\u0113\u0161ana un t\u0101lru\u0146u direktoriju p\u0101rvald\u012bba.<\/li>\n<\/ul>\n<p data-sourcepos=\"63:1-63:36\"><strong>Uzlabotas telefonijas funkcijas:<\/strong><\/p>\n<ul data-sourcepos=\"65:1-66:0\">\n<li data-sourcepos=\"65:1-66:0\">Atbalsts SIP ma\u0123istr\u0101lajiem t\u012bkliem, virtu\u0101lajiem numuriem un softphone funkcionalit\u0101tei netrauc\u0113tai sazi\u0146ai.<\/li>\n<\/ul>\n<p data-sourcepos=\"67:1-67:18\"><strong>Dro\u0161\u012bbas r\u012bki:<\/strong><\/p>\n<ul data-sourcepos=\"69:1-70:0\">\n<li data-sourcepos=\"69:1-70:0\">Integr\u0101cija ar av\u0101rijas zvanu ier\u012bc\u0113m, liftu piek\u013cuves p\u0101rvald\u012bba un kontrole p\u0101r ierobe\u017eot\u0101m zon\u0101m.<\/li>\n<\/ul>\n<h2 data-sourcepos=\"71:1-71:32\">K\u0101 m\u0113s inform\u0113sim lietot\u0101jus?<\/h2>\n<p data-sourcepos=\"73:1-73:76\">Esam sagatavoju\u0161i virkni pazi\u0146ojumu, lai pal\u012bdz\u0113tu jums katr\u0101 p\u0101rejas posm\u0101:<\/p>\n<ul data-sourcepos=\"75:1-79:0\">\n<li data-sourcepos=\"75:1-75:176\"><strong>Informat\u012bvi e-pasti:<\/strong> J\u016bs sa\u0146emsiet e-pastus ar detaliz\u0113tu inform\u0101ciju par izmai\u0146\u0101m, p\u0101rejas grafiku, Link priek\u0161roc\u012bb\u0101m un soli pa solim sniegt\u0101m migr\u0101cijas instrukcij\u0101m.<\/li>\n<li data-sourcepos=\"76:1-76:112\"><strong>Re\u0123istr\u0101cijas iel\u016bgumi:<\/strong> P\u0113c datu migr\u0101cijas j\u016bs sa\u0146emsiet iel\u016bgumu pabeigt re\u0123istr\u0101ciju jaunaj\u0101 platform\u0101.<\/li>\n<li data-sourcepos=\"77:1-77:147\"><strong>Atg\u0101din\u0101jumi:<\/strong> Ja nepiecie\u0161ams, m\u0113s nos\u016bt\u012bsim atg\u0101din\u0101jumus, lai nodro\u0161in\u0101tu, ka j\u016bs pabeidzat iestat\u012b\u0161anu un s\u0101kat lietot Link bez kav\u0113\u0161an\u0101s.<\/li>\n<li data-sourcepos=\"78:1-79:0\"><strong>Lietot\u0101ju atbalsts:<\/strong> M\u016bsu komanda b\u016bs pieejama, lai atbild\u0113tu uz j\u016bsu jaut\u0101jumiem, izmantojot e-pastu un citus atbalsta kan\u0101lus.<\/li>\n<\/ul>\n<h2 data-sourcepos=\"80:1-80:68\">Migr\u0113\u0161ana no Intercom uz Link: Soli pa solim sniegta rokasgr\u0101mata<\/h2>\n<p data-sourcepos=\"82:1-82:283\">Lai nodro\u0161in\u0101tu vienm\u0113r\u012bgu p\u0101reju, j\u016bs sa\u0146emsiet iel\u016bgumu pievienoties jaunajam Link serverim laik\u0101 no 20. l\u012bdz 25. febru\u0101rim. \u0160is iel\u016bgums tiks nos\u016bt\u012bts uz e-pasta adresi, kuru izmantoj\u0101t, lai re\u0123istr\u0113tos Intercom. L\u016bdzu, p\u0101rbaudiet savu ies\u016btni (un surog\u0101tpasta mapi) \u0161aj\u0101 period\u0101.<\/p>\n<h2 data-sourcepos=\"84:1-84:24\">Darba s\u0101k\u0161ana ar Link<\/h2>\n<ol data-sourcepos=\"86:1-90:0\">\n<li data-sourcepos=\"86:1-86:96\"><strong>Pie\u0146emiet iel\u016bgumu:<\/strong> Noklik\u0161\u0137iniet uz saites iel\u016bguma e-past\u0101, lai piek\u013c\u016btu Link serverim.<\/li>\n<li data-sourcepos=\"87:1-87:87\"><strong>Izveidojiet paroli:<\/strong> Jums tiks pied\u0101v\u0101ts izveidot jaunu paroli savam Link kontam.<\/li>\n<li data-sourcepos=\"88:1-88:140\"><strong>Piesakieties:<\/strong> Kad esat izveidojis paroli, varat piesl\u0113gties Link serverim, izmantojot savu re\u0123istr\u0113to e-pasta adresi un jauno paroli.<\/li>\n<li data-sourcepos=\"89:1-90:0\"><strong>Izpildiet iestat\u012b\u0161anas nor\u0101d\u012bjumus:<\/strong> P\u0113c pieteik\u0161an\u0101s j\u016bs tiksiet vad\u012bts cauri iestat\u012b\u0161anas procesam. Nor\u0101d\u012bjumi at\u0161\u0137irsies atkar\u012bb\u0101 no j\u016bsu lietot\u0101ja veida un iek\u0101rtas.<\/li>\n<\/ol>\n<h2 data-sourcepos=\"91:1-91:37\">Lietot\u0101ja specifiskas instrukcijas<\/h2>\n<p data-sourcepos=\"93:1-93:127\">Lai padar\u012btu migr\u0101cijas procesu p\u0113c iesp\u0113jas vienk\u0101r\u0161\u0101ku, esam nodro\u0161in\u0101ju\u0161i detaliz\u0113tas instrukcijas da\u017e\u0101d\u0101m lietot\u0101ju grup\u0101m:<\/p>\n<p data-sourcepos=\"95:1-95:13\"><strong>Partneri<\/strong><strong style=\"font-size: revert; color: initial;\">:<\/strong><\/p>\n<div id=\"model-response-message-contentr_7cc64dd4d44cdcb4\" class=\"markdown markdown-main-panel\" dir=\"ltr\">\n<ul>\n<li><a href=\"https:\/\/basip.atlassian.net\/wiki\/spaces\/migrationtothelink\/pages\/354812908\" target=\"_blank\" rel=\"noopener\">Jaunu iek\u0101rtu \u012bpa\u0161nieki vai tie, kas atbild par t\u0101s uzst\u0101d\u012b\u0161anu<\/a><\/li>\n<li><a href=\"https:\/\/basip.atlassian.net\/wiki\/spaces\/migrationtothelink\/pages\/354713882\" target=\"_blank\" rel=\"noopener\">Vecu iek\u0101rtu \u012bpa\u0161nieki (vai tie, kas atbild par t\u0101s uzst\u0101d\u012b\u0161anu), kuras <em>nav<\/em> iesp\u0113jams savienot ar jauno Link serveri<\/a><\/li>\n<li><a style=\"font-size: revert;\" href=\"https:\/\/basip.atlassian.net\/wiki\/spaces\/migrationtothelink\/pages\/354877460\" target=\"_blank\" rel=\"noopener\">Vecu iek\u0101rtu \u012bpa\u0161nieki (vai tie, kas atbild par t\u0101s uzst\u0101d\u012b\u0161anu), kas <em>atbalsta<\/em> savienojumu ar jauno Link serverir<\/a><\/li>\n<\/ul>\n<p><strong>Dz\u012bvojamo kompleksu iedz\u012bvot\u0101ji vai priv\u0101tie klienti:<\/strong><\/p>\n<ul>\n<li><a href=\"https:\/\/basip.atlassian.net\/wiki\/spaces\/migrationtothelink\/pages\/354713902\" target=\"_blank\" rel=\"noopener\">Intercom lietot\u0101ji, kuriem nav domofona, bet ir mobil\u0101 lietotne<\/a><\/li>\n<li><a href=\"https:\/\/basip.atlassian.net\/wiki\/spaces\/migrationtothelink\/pages\/354713892\" target=\"_blank\" rel=\"noopener\">Intercom lietot\u0101ji, kuriem ir gan domofons, gan mobil\u0101 lietotne<\/a><\/li>\n<\/ul>\n<p data-sourcepos=\"1:1-1:229\">Aicin\u0101m j\u016bs iepaz\u012bties ar instrukcij\u0101m, kas attiecas uz j\u016bsu lietot\u0101ja veidu un apr\u012bkojumu. Ja jums ir k\u0101di jaut\u0101jumi vai nepiecie\u0161ama pal\u012bdz\u012bba migr\u0101cijas procesa laik\u0101, l\u016bdzu, nevilcinieties sazin\u0101ties ar m\u016bsu atbalsta komandu.<\/p>\n<p data-sourcepos=\"3:1-3:124\">M\u0113s esam p\u0101rliecin\u0101ti, ka j\u016bs izbaud\u012bsiet uzlaboto sazi\u0146as pieredzi, ko Link nodro\u0161ina. Paldies par j\u016bsu past\u0101v\u012bgo atbalstu!<\/p>\n<p data-sourcepos=\"5:1-5:19\">Laipni l\u016bdzam Link!<\/p>\n<\/div>\n\n<!-- START Block Sign Up --><section id=\"block_629678229e935\" class=\"sign-up-section\">\r\n\r\n    <div class=\"form-holder js-form\" data-aos=\"fade-right\">\r\n                    <div class=\"title-block h3\">Sign up for connection<\/div>\r\n        \r\n                    <div class=\"text-block\">\r\n                Filling out all the information needed to answer you as quickly as possible            <\/div>\r\n        \r\n                    \n<div class=\"wpcf7 no-js\" id=\"wpcf7-f102-o1\" lang=\"en-US\" dir=\"ltr\">\n<div class=\"screen-reader-response\"><p role=\"status\" aria-live=\"polite\" aria-atomic=\"true\"><\/p> <ul><\/ul><\/div>\n<form action=\"\/lv\/wp-json\/wp\/v2\/pages\/131229#wpcf7-f102-o1\" method=\"post\" class=\"wpcf7-form init\" aria-label=\"Contact form\" enctype=\"multipart\/form-data\" novalidate=\"novalidate\" data-status=\"init\">\n<div style=\"display: none;\">\n<input type=\"hidden\" name=\"_wpcf7\" value=\"102\" \/>\n<input type=\"hidden\" name=\"_wpcf7_version\" value=\"5.8.3\" \/>\n<input type=\"hidden\" name=\"_wpcf7_locale\" value=\"en_US\" \/>\n<input type=\"hidden\" name=\"_wpcf7_unit_tag\" value=\"wpcf7-f102-o1\" \/>\n<input type=\"hidden\" name=\"_wpcf7_container_post\" value=\"0\" \/>\n<input type=\"hidden\" name=\"_wpcf7_posted_data_hash\" value=\"\" \/>\n<input type=\"hidden\" name=\"_wpcf7_recaptcha_response\" value=\"\" \/>\n<\/div>\n<div class=\"row\"> \n <label><span class=\"label-text\">Name<\/span> \n  <span class=\"wpcf7-form-control-wrap\" data-name=\"text-full-name\"><input size=\"40\" class=\"wpcf7-form-control wpcf7-text wpcf7-validates-as-required\" aria-required=\"true\" aria-invalid=\"false\" placeholder=\"Name\" value=\"\" type=\"text\" name=\"text-full-name\" \/><\/span><\/label> \n<\/div> \n<div class=\"row\"> \n <label><span class=\"label-text\">Phone*<\/span> \n<span class=\"wpcf7-form-control-wrap\" data-name=\"phonetext-270\"><input size=\"40\" class=\"wpcf7-form-control wpcf7-phonetext wpcf7-validates-as-required wpcf7-text wpcf7-validates-as-phonetext\" aria-required=\"true\" aria-invalid=\"false\" placeholder=\"Phone*\" value=\"\" type=\"text\" name=\"phonetext-270\" \/><input type=\"hidden\" name=\"phonetext-270-country-code\" class=\"wpcf7-phonetext-country-code\" \/><\/span><\/label> \n<\/div> \n<div class=\"row\"> \n <label><span class=\"label-text\">E-mail<\/span> \n  <span class=\"wpcf7-form-control-wrap\" data-name=\"email-e-mail\"><input size=\"40\" class=\"wpcf7-form-control wpcf7-email wpcf7-validates-as-required wpcf7-text wpcf7-validates-as-email\" aria-required=\"true\" aria-invalid=\"false\" placeholder=\"E-mail\" value=\"\" type=\"email\" name=\"email-e-mail\" \/><\/span><\/label> \n<\/div> \n<div class=\"row\"><span>Your country<\/span> \n <label><span class=\"wpcf7-form-control-wrap\" data-name=\"countrytext-126\"><input size=\"40\" class=\"wpcf7-form-control wpcf7-countrytext wpcf7-text wpcf7-validates-as-countrytext\" aria-invalid=\"false\" value=\"\" type=\"text\" name=\"countrytext-126\" \/><\/span> <\/label>\n<\/div> \n<div class=\"row\"> \n <button type=\"submit\" class=\"btn\">Send<\/button> \n<\/div> \n<div class=\"row\"> \n <span class=\"wpcf7-form-control-wrap\" data-name=\"checkbox-931\"><span class=\"wpcf7-form-control wpcf7-checkbox\"><span class=\"wpcf7-list-item first\"><label><input type=\"checkbox\" name=\"checkbox-931[]\" value=\"Integrator\" \/><span class=\"wpcf7-list-item-label\">Integrator<\/span><\/label><\/span><span class=\"wpcf7-list-item\"><label><input type=\"checkbox\" name=\"checkbox-931[]\" value=\"Builder\" \/><span class=\"wpcf7-list-item-label\">Builder<\/span><\/label><\/span><span class=\"wpcf7-list-item last\"><label><input type=\"checkbox\" name=\"checkbox-931[]\" value=\"End-User\" \/><span class=\"wpcf7-list-item-label\">End-User<\/span><\/label><\/span><\/span><\/span> \n<\/div> \n<div class=\"row row-upload-file\"> \n <label class=\"upload-file-block js-upload-file\">Attach file \n  <span class=\"wpcf7-form-control-wrap\" data-name=\"file-466\"><input size=\"40\" class=\"wpcf7-form-control wpcf7-file\" accept=\"audio\/*,video\/*,image\/*\" aria-invalid=\"false\" type=\"file\" name=\"file-466\" \/><\/span><\/label> \n<\/div><input type='hidden' class='wpcf7-pum' value='{\"closepopup\":false,\"closedelay\":0,\"openpopup\":false,\"openpopup_id\":0}' \/><div class=\"wpcf7-response-output\" aria-hidden=\"true\"><\/div>\n<\/form>\n<\/div>\n            <\/div>\r\n\r\n\t\t    <div class=\"text-holder\" data-aos=\"fade-left\">\r\n\t\t\t\t\t\t    <h3 class=\"title-block\">How Can We Help?<\/h3>\r\n\t\t\t\r\n\t\t\t                <div class=\"text-block\">\r\n                    Please select a topic below related to your inquiry. If you don&#8217;t find what you need, fill out our contact form.                <\/div>\r\n\t\t\t\r\n\t\t\t\t\t\t    <ul class=\"link-list\">\r\n\t\t\t\t\t\t\t\t\t\t\t\t\t\t\t\t\t\t<li>\r\n\t\t\t\t\t\t\t\t\t\t\t\t\t\t\t\t    <strong>Get Inspired<\/strong>\r\n\t\t\t\t\t\t\t\t\t\t\t\t\t\t\t\t\t\t\t\t\t\t\t\t    <a href=\"\/features\/\">\r\n\t\t\t\t\t\t\t\t        Discover what&#8217;s beneath our intercom\t\t\t\t\t\t\t\t    <\/a>\r\n\t\t\t\t\t\t\t\t\t\t\t\t\t\t\t<\/li>\r\n\t\t\t\t\t\t\t\t\t\t\t\t\t\t\t\t\t\t\t\t\t\t\t\t<li>\r\n\t\t\t\t\t\t\t\t\t\t\t\t\t\t\t\t    <strong>Become a Partner<\/strong>\r\n\t\t\t\t\t\t\t\t\t\t\t\t\t\t\t\t\t\t\t\t\t\t\t\t    <a href=\"\/distributors\/\">\r\n\t\t\t\t\t\t\t\t        Expand your business with BAS-IP intercom\t\t\t\t\t\t\t\t    <\/a>\r\n\t\t\t\t\t\t\t\t\t\t\t\t\t\t\t<\/li>\r\n\t\t\t\t\t\t\t\t\t\t\t\t\t\t\t\t\t\t\t\t\t\t\t\t<li>\r\n\t\t\t\t\t\t\t\t\t\t\t\t\t\t\t\t    <strong>Check the Guides<\/strong>\r\n\t\t\t\t\t\t\t\t\t\t\t\t\t\t\t\t\t\t\t\t\t\t\t\t    <a href=\"\/support\/\">\r\n\t\t\t\t\t\t\t\t        Download detailed manuals and schemes\t\t\t\t\t\t\t\t    <\/a>\r\n\t\t\t\t\t\t\t\t\t\t\t\t\t\t\t<\/li>\r\n\t\t\t\t\t\t\t\t\t\t\t\t\t\t\t<\/ul>\r\n\t\t\t\r\n\t\t\t\t\t\t    <h3 class=\"title-block\">Our contacts<\/h3>\r\n\t\t\t\r\n\t\t\t\t\t\t\t<ul class=\"contact-list\">\r\n\t\t\t\t\t\t\t\t\t\t\t\t\t\t\t\t\t\t<li>\r\n\t\t\t\t\t\t\t\t\t\t\t\t\t\t\t\t\t<strong>Sales:<\/strong>\r\n\t\t\t\t\t\t\t\t\t\t\t\t\t\t\t\t\t\t\t\t\t\t\t\t    <a href=\"mailto:&#115;&#97;l&#101;&#115;&#64;&#98;a&#115;&#45;&#105;&#112;.co&#109;\">sales&#64;&#98;as-&#105;p&#46;c&#111;m<\/a>\r\n\t\t\t\t\t\t\t\t\t\t\t\t\t\t\t<\/li>\r\n\t\t\t\t\t\t\t\t\t\t\t\t\t\t\t\t\t\t\t\t\t\t\t\t<li>\r\n\t\t\t\t\t\t\t\t\t\t\t\t\t\t\t\t\t<strong>Technical support:<\/strong>\r\n\t\t\t\t\t\t\t\t\t\t\t\t\t\t\t\t\t\t\t\t\t\t\t\t    <a href=\"mailto:su&#112;&#112;&#111;&#114;&#116;&#64;bas&#45;&#105;&#112;&#46;com\">s&#117;pp&#111;rt&#64;bas-&#105;&#112;&#46;co&#109;<\/a>\r\n\t\t\t\t\t\t\t\t\t\t\t\t\t\t\t<\/li>\r\n\t\t\t\t\t\t\t\t\t\t\t\t\t\t\t<\/ul>\r\n\t\t\t\t\t<\/div>\r\n\t<\/section>\r\n\r\n\r\n\r\n<!-- END Block Sign Up -->","protected":false},"excerpt":{"rendered":"<p>Intercom p\u0101riet uz Link: Ko tas noz\u012bm\u0113 jums? S\u0101kot ar 2025. gada 4. martu, Intercom lietotne Android ier\u012bc\u0113m vairs neb\u016bs pieejama Google Play veikal\u0101. Tom\u0113r t\u012bmek\u013ca versija un iOS lietotne turpin\u0101s darboties bez izmai\u0146\u0101m, un Intercom serveri paliks akt\u012bvi, lai nodro\u0161in\u0101tu stabilit\u0101ti un piek\u013cuvi j\u016bsu datiem, l\u012bdz servera atbalsts beigsies. Aicin\u0101m j\u016bs p\u0101riet uz Link [&hellip;]<\/p>","protected":false},"author":1,"featured_media":0,"parent":0,"menu_order":0,"comment_status":"closed","ping_status":"closed","template":"","meta":{"inline_featured_image":false,"footnotes":""},"class_list":["post-131229","page","type-page","status-publish","hentry"],"acf":[],"_links":{"self":[{"href":"https:\/\/bas-ip.com\/lv\/wp-json\/wp\/v2\/pages\/131229","targetHints":{"allow":["GET"]}}],"collection":[{"href":"https:\/\/bas-ip.com\/lv\/wp-json\/wp\/v2\/pages"}],"about":[{"href":"https:\/\/bas-ip.com\/lv\/wp-json\/wp\/v2\/types\/page"}],"author":[{"embeddable":true,"href":"https:\/\/bas-ip.com\/lv\/wp-json\/wp\/v2\/users\/1"}],"replies":[{"embeddable":true,"href":"https:\/\/bas-ip.com\/lv\/wp-json\/wp\/v2\/comments?post=131229"}],"version-history":[{"count":2,"href":"https:\/\/bas-ip.com\/lv\/wp-json\/wp\/v2\/pages\/131229\/revisions"}],"predecessor-version":[{"id":131524,"href":"https:\/\/bas-ip.com\/lv\/wp-json\/wp\/v2\/pages\/131229\/revisions\/131524"}],"wp:attachment":[{"href":"https:\/\/bas-ip.com\/lv\/wp-json\/wp\/v2\/media?parent=131229"}],"curies":[{"name":"wp","href":"https:\/\/api.w.org\/{rel}","templated":true}]}}